{"id":1033,"date":"2018-04-24T15:07:24","date_gmt":"2018-04-24T13:07:24","guid":{"rendered":"https:\/\/www.bvbs.de\/?page_id=1033"},"modified":"2025-09-25T16:13:12","modified_gmt":"2025-09-25T14:13:12","slug":"12build","status":"publish","type":"page","link":"https:\/\/www.bvbs.de\/en\/12build\/","title":{"rendered":"12Build"},"content":{"rendered":"<p>[et_pb_section fb_built=&#8220;1&#8243; fullwidth=&#8220;on&#8220; _builder_version=&#8220;4.16&#8243; global_colors_info=&#8220;{}&#8220;][et_pb_fullwidth_slider _builder_version=&#8220;4.27.3&#8243; header_font=&#8220;Roboto||||||||&#8220; body_font=&#8220;Roboto||||||||&#8220; background_image=&#8220;https:\/\/www.bvbs.de\/wp-content\/uploads\/2021\/02\/mitglieder-bg.jpg&#8220; global_colors_info=&#8220;{}&#8220; button_text_size__hover_enabled=&#8220;off&#8220; button_one_text_size__hover_enabled=&#8220;off&#8220; button_two_text_size__hover_enabled=&#8220;off&#8220; button_text_color__hover_enabled=&#8220;off&#8220; button_one_text_color__hover_enabled=&#8220;off&#8220; button_two_text_color__hover_enabled=&#8220;off&#8220; button_border_width__hover_enabled=&#8220;off&#8220; button_one_border_width__hover_enabled=&#8220;off&#8220; button_two_border_width__hover_enabled=&#8220;off&#8220; button_border_color__hover_enabled=&#8220;off&#8220; button_one_border_color__hover_enabled=&#8220;off&#8220; button_two_border_color__hover_enabled=&#8220;off&#8220; button_border_radius__hover_enabled=&#8220;off&#8220; button_one_border_radius__hover_enabled=&#8220;off&#8220; button_two_border_radius__hover_enabled=&#8220;off&#8220; button_letter_spacing__hover_enabled=&#8220;off&#8220; button_one_letter_spacing__hover_enabled=&#8220;off&#8220; button_two_letter_spacing__hover_enabled=&#8220;off&#8220; button_bg_color__hover_enabled=&#8220;off&#8220; button_one_bg_color__hover_enabled=&#8220;off&#8220; button_two_bg_color__hover_enabled=&#8220;off&#8220;][et_pb_slide heading=&#8220;12Build&#8220; use_bg_overlay=&#8220;off&#8220; use_text_overlay=&#8220;off&#8220; _builder_version=&#8220;4.27.3&#8243; header_level=&#8220;h1&#8243; header_font=&#8220;|700|||||||&#8220; header_font_size=&#8220;55px&#8220; background_color=&#8220;#ffffff&#8220; button_on_hover=&#8220;on&#8220; header_font_size_tablet=&#8220;55px&#8220; header_font_size_phone=&#8220;55px&#8220; global_colors_info=&#8220;{}&#8220; button_text_size__hover_enabled=&#8220;off&#8220; button_one_text_size__hover_enabled=&#8220;off&#8220; button_two_text_size__hover_enabled=&#8220;off&#8220; button_text_color__hover_enabled=&#8220;off&#8220; button_one_text_color__hover_enabled=&#8220;off&#8220; button_two_text_color__hover_enabled=&#8220;off&#8220; button_border_width__hover_enabled=&#8220;off&#8220; button_one_border_width__hover_enabled=&#8220;off&#8220; button_two_border_width__hover_enabled=&#8220;off&#8220; button_border_color__hover_enabled=&#8220;off&#8220; button_one_border_color__hover_enabled=&#8220;off&#8220; button_two_border_color__hover_enabled=&#8220;off&#8220; button_border_radius__hover_enabled=&#8220;off&#8220; button_one_border_radius__hover_enabled=&#8220;off&#8220; button_two_border_radius__hover_enabled=&#8220;off&#8220; button_letter_spacing__hover_enabled=&#8220;off&#8220; button_one_letter_spacing__hover_enabled=&#8220;off&#8220; button_two_letter_spacing__hover_enabled=&#8220;off&#8220; button_bg_color__hover_enabled=&#8220;off&#8220; button_one_bg_color__hover_enabled=&#8220;off&#8220; button_two_bg_color__hover_enabled=&#8220;off&#8220; sticky_transition=&#8220;on&#8220;]<\/p>\n<p>BVBS Mitgliedsunternehmen<\/p>\n<p>[\/et_pb_slide][\/et_pb_fullwidth_slider][\/et_pb_section][et_pb_section fb_built=&#8220;1&#8243; _builder_version=&#8220;4.16&#8243; global_colors_info=&#8220;{}&#8220;][et_pb_row column_structure=&#8220;1_3,2_3&#8243; disabled_on=&#8220;off|off|off&#8220; _builder_version=&#8220;4.16&#8243; custom_padding=&#8220;27px|0px|50px|0px&#8220; border_width_bottom=&#8220;1px&#8220; border_color_bottom=&#8220;rgba(51,51,51,0.18)&#8220; global_colors_info=&#8220;{}&#8220;][et_pb_column type=&#8220;1_3&#8243; _builder_version=&#8220;4.16&#8243; custom_padding=&#8220;|||&#8220; global_colors_info=&#8220;{}&#8220; custom_padding__hover=&#8220;|||&#8220;][et_pb_text _builder_version=&#8220;4.27.3&#8243; text_font=&#8220;Roboto|700|||||||&#8220; text_text_color=&#8220;#696666&#8243; text_font_size=&#8220;40px&#8220; global_colors_info=&#8220;{}&#8220;]<\/p>\n<p>Allgemeines<\/p>\n<p>[\/et_pb_text][\/et_pb_column][et_pb_column type=&#8220;2_3&#8243; _builder_version=&#8220;4.16&#8243; custom_padding=&#8220;|||&#8220; global_colors_info=&#8220;{}&#8220; custom_padding__hover=&#8220;|||&#8220;][et_pb_text _builder_version=&#8220;4.27.3&#8243; hover_enabled=&#8220;0&#8243; global_colors_info=&#8220;{}&#8220; sticky_enabled=&#8220;0&#8243;]<\/p>\n<p>12Build ist eine der f\u00fchrenden Beschaffungsplattformen f\u00fcr die Baubranche in Europa. Sie bringt Generalunternehmer mit Subunternehmern und Lieferanten zusammen, um nachhaltige Kooperationen zu f\u00f6rdern und Projektergebnisse zu verbessern.<\/p>\n<p>Neben der Suche nach den richtigen Partnern vereinfacht 12Build den Ausschreibungs- und Angebotsprozess durch eine optimierte Dokumentenverwaltung, standardisierte Anfragen und Echtzeitkommunikation.<\/p>\n<p>Durch die Vereinfachung der Zusammenarbeit erm\u00f6glicht 12Build eine schnellere Projektabwicklung. Dies f\u00fchrt zu qualitativ hochwertigen Ergebnissen und effizientem Projektmanagement. Die Plattform wird von f\u00fchrenden Bauunternehmen in ganz Europa eingesetzt und unterst\u00fctzt Bauunternehmen dabei, Projekte p\u00fcnktlich und innerhalb des Budgets abzuschlie\u00dfen. 12Build treibt seit 2007 Innovationen im Bauwesen voran.<\/p>\n<p>[\/et_pb_text][\/et_pb_column][\/et_pb_row][et_pb_row column_structure=&#8220;1_3,2_3&#8243; disabled_on=&#8220;off|off|off&#8220; _builder_version=&#8220;4.16&#8243; custom_padding=&#8220;50px|0px|50px|0px&#8220; border_width_bottom=&#8220;1px&#8220; border_color_bottom=&#8220;rgba(51,51,51,0.18)&#8220; global_colors_info=&#8220;{}&#8220;][et_pb_column type=&#8220;1_3&#8243; _builder_version=&#8220;4.16&#8243; custom_padding=&#8220;|||&#8220; global_colors_info=&#8220;{}&#8220; custom_padding__hover=&#8220;|||&#8220;][et_pb_text _builder_version=&#8220;4.27.3&#8243; text_font=&#8220;Roboto|700|||||||&#8220; text_text_color=&#8220;#696666&#8243; text_font_size=&#8220;40px&#8220; global_colors_info=&#8220;{}&#8220;]<\/p>\n<p>Produkte<\/p>\n<p>[\/et_pb_text][\/et_pb_column][et_pb_column type=&#8220;2_3&#8243; _builder_version=&#8220;4.16&#8243; custom_padding=&#8220;|||&#8220; global_colors_info=&#8220;{}&#8220; custom_padding__hover=&#8220;|||&#8220;][et_pb_text _builder_version=&#8220;4.27.3&#8243; global_colors_info=&#8220;{}&#8220;]<\/p>\n<p>Neben der Verwaltung der Projektdokumentation und der Kommunikation bietet 12Build folgende wichtige Funktionen.<\/p>\n<p>&nbsp;<\/p>\n<p><strong>12Build Marketplace<\/strong><\/p>\n<p>Generalunternehmer finden auf dem 12Build Marketplace passende Subunternehmer, k\u00f6nnen diese vergleichen und so Zeit und Aufwand sparen.<\/p>\n<p>Subunternehmer erh\u00f6hen ihre Sichtbarkeit mit einem vollst\u00e4ndigen Firmenprofil, in dem sie Zertifikate und Referenzprojekte hinterlegen k\u00f6nnen.<\/p>\n<p><strong><\/strong><\/p>\n<p><strong>Angebotsmanagement f\u00fcr Nachunternehmer <\/strong><br \/>Zentrale Nachverfolgung von Angebotsanfragen und Angeboten, um einen strukturierten und effizienten Prozess sowohl f\u00fcr Auftragnehmer als auch Nachunternehmer zu gew\u00e4hrleisten<\/p>\n<p><strong><\/strong><\/p>\n<p><strong>GAEB-Dateiformate (mit BVBS GAEB-Zertifikaten)<\/strong><br \/>Preisvergleich und optimierter Angebotsprozess durch Import von GAEB-Dateien, Bepreisung in 12Build sowie Exportieren und Importieren von Angeboten<\/p>\n<p><strong><\/strong><\/p>\n<p><strong>DMS-Integrationen<\/strong><br \/>Nahtlose Synchronisation mit SharePoint, Catenda &amp; Dalux, um Projektdateien ohne manuelle Uploads auf dem neuesten Stand zu halten<\/p>\n<p>[\/et_pb_text][\/et_pb_column][\/et_pb_row][et_pb_row column_structure=&#8220;1_3,1_3,1_3&#8243; _builder_version=&#8220;4.16&#8243; custom_padding=&#8220;50px|0px|27px|0px&#8220; global_colors_info=&#8220;{}&#8220;][et_pb_column type=&#8220;1_3&#8243; _builder_version=&#8220;4.16&#8243; custom_padding=&#8220;|||&#8220; global_colors_info=&#8220;{}&#8220; custom_padding__hover=&#8220;|||&#8220;][et_pb_text _builder_version=&#8220;4.27.3&#8243; text_font=&#8220;Roboto|700|||||||&#8220; text_text_color=&#8220;#696666&#8243; text_font_size=&#8220;40px&#8220; global_colors_info=&#8220;{}&#8220;]<\/p>\n<p>Kontakt<\/p>\n<p>[\/et_pb_text][\/et_pb_column][et_pb_column type=&#8220;1_3&#8243; _builder_version=&#8220;4.16&#8243; custom_padding=&#8220;|||&#8220; global_colors_info=&#8220;{}&#8220; custom_padding__hover=&#8220;|||&#8220;][et_pb_text disabled_on=&#8220;on|on|on&#8220; _builder_version=&#8220;4.27.3&#8243; text_font=&#8220;Roboto||||||||&#8220; custom_margin=&#8220;|||-35px&#8220; custom_padding=&#8220;|||&#8220; disabled=&#8220;on&#8220; global_colors_info=&#8220;{}&#8220;]<\/p>\n<div><strong>12Build<br \/><\/strong>Vertretungsb\u00fcro M\u00fcnchen<br \/>Leopoldstra\u00dfe 23<br \/>80802 M\u00fcnchen, Deutschland<\/div>\n<div><strong>\u00a0<\/strong><\/div>\n<p>Telefon:\u00a0+49 (0)89\u00a0210 949 57<\/p>\n<p>Unterst\u00fctzung:\u00a0<a href=\"mailto:support@12build.com\">support@12build.com<\/a><br \/>Generalunternehmen:\u00a0<a href=\"mailto:verkoop@12build.com\">verkoop@12build.com<\/a><\/p>\n<p>Internet:\u00a0<a href=\"https:\/\/www.12build.com\/de_DE\/\" target=\"_blank\" rel=\"noopener noreferrer\">https:\/\/www.12build.com<\/a><\/p>\n<p>[\/et_pb_text][et_pb_text _builder_version=&#8220;4.27.3&#8243; custom_margin=&#8220;||||false|false&#8220; custom_padding=&#8220;|||&#8220; global_colors_info=&#8220;{}&#8220;]<\/p>\n<div><strong>12Build<br \/><\/strong>Ernst Machstraat 10<br \/>7442 DL Nijverdal<br \/>Niederlande<\/div>\n<div><strong>\u00a0<\/strong><\/div>\n<p>Telefon: +31 88-0228400<br \/>E-Mail: <a href=\"mailto:inf&#111;&#064;1&#050;&#098;u&#105;&#108;d&#046;&#099;&#111;m\">in&#102;&#111;&#64;12&#98;u&#105;l&#100;.&#99;o&#109;<\/a><br \/>Internet: <a href=\"https:\/\/www.12build.com\/de_DE\/\" target=\"_blank\" rel=\"noopener noreferrer\">https:\/\/www.12build.com<\/a><\/p>\n<p>[\/et_pb_text][\/et_pb_column][et_pb_column type=&#8220;1_3&#8243; _builder_version=&#8220;4.16&#8243; custom_padding=&#8220;|||&#8220; global_colors_info=&#8220;{}&#8220; custom_padding__hover=&#8220;|||&#8220;][et_pb_image src=&#8220;https:\/\/www.bvbs.de\/wp-content\/uploads\/2018\/04\/12-build.png&#8220; align_tablet=&#8220;left&#8220; align_phone=&#8220;left&#8220; align_last_edited=&#8220;on|tablet&#8220; _builder_version=&#8220;4.27.3&#8243; hover_enabled=&#8220;0&#8243; global_colors_info=&#8220;{}&#8220; sticky_enabled=&#8220;0&#8243;]&nbsp;<br \/>\n[\/et_pb_image][\/et_pb_column][\/et_pb_row][\/et_pb_section]<\/p>\n","protected":false},"excerpt":{"rendered":"<p>BVBS MitgliedsunternehmenAllgemeines12Build ist eine der f\u00fchrenden Beschaffungsplattformen f\u00fcr die Baubranche in Europa. Sie bringt Generalunternehmer mit Subunternehmern und Lieferanten zusammen, um nachhaltige Kooperationen zu f\u00f6rdern und Projektergebnisse zu verbessern. Neben der Suche nach den richtigen Partnern vereinfacht 12Build den Ausschreibungs- und Angebotsprozess durch eine optimierte Dokumentenverwaltung, standardisierte Anfragen und Echtzeitkommunikation. Durch die Vereinfachung der Zusammenarbeit [&hellip;]<\/p>\n","protected":false},"author":760,"featured_media":0,"parent":0,"menu_order":0,"comment_status":"closed","ping_status":"closed","template":"","meta":{"_et_pb_use_builder":"on","_et_pb_old_content":"","_et_gb_content_width":"","wp_typography_post_enhancements_disabled":false,"footnotes":""},"class_list":["post-1033","page","type-page","status-publish","hentry"],"yoast_head":"<!-- This site is optimized with the Yoast SEO plugin v26.1.1 - https:\/\/yoast.com\/wordpress\/plugins\/seo\/ -->\r\n<title>12Build - BVBS Bundesverband Software und Digitalisierung im Bauwesen e.V.<\/title>\r\n<meta name=\"robots\" content=\"index, follow, max-snippet:-1, max-image-preview:large, max-video-preview:-1\" \/>\r\n<link rel=\"canonical\" href=\"https:\/\/www.bvbs.de\/en\/12build\/\" \/>\r\n<meta property=\"og:locale\" content=\"en_GB\" \/>\r\n<meta property=\"og:type\" content=\"article\" \/>\r\n<meta property=\"og:title\" content=\"12Build - BVBS Bundesverband Software und Digitalisierung im Bauwesen e.V.\" \/>\r\n<meta property=\"og:description\" content=\"BVBS MitgliedsunternehmenAllgemeines12Build ist eine der f\u00fchrenden Beschaffungsplattformen f\u00fcr die Baubranche in Europa. Sie bringt Generalunternehmer mit Subunternehmern und Lieferanten zusammen, um nachhaltige Kooperationen zu f\u00f6rdern und Projektergebnisse zu verbessern. Neben der Suche nach den richtigen Partnern vereinfacht 12Build den Ausschreibungs- und Angebotsprozess durch eine optimierte Dokumentenverwaltung, standardisierte Anfragen und Echtzeitkommunikation. Durch die Vereinfachung der Zusammenarbeit [&hellip;]\" \/>\r\n<meta property=\"og:url\" content=\"https:\/\/www.bvbs.de\/en\/12build\/\" \/>\r\n<meta property=\"og:site_name\" content=\"BVBS Bundesverband Software und Digitalisierung im Bauwesen e.V.\" \/>\r\n<meta property=\"article:modified_time\" content=\"2025-09-25T14:13:12+00:00\" \/>\r\n<meta name=\"twitter:card\" content=\"summary_large_image\" \/>\r\n<meta name=\"twitter:label1\" content=\"Estimated reading time\" \/>\n\t<meta name=\"twitter:data1\" content=\"1 minute\" \/>\r\n<script type=\"application\/ld+json\" class=\"yoast-schema-graph\">{\"@context\":\"https:\/\/schema.org\",\"@graph\":[{\"@type\":\"WebPage\",\"@id\":\"https:\/\/www.bvbs.de\/12build\/\",\"url\":\"https:\/\/www.bvbs.de\/12build\/\",\"name\":\"12Build - BVBS Bundesverband Software und Digitalisierung im Bauwesen e.V.\",\"isPartOf\":{\"@id\":\"https:\/\/www.bvbs.de\/#website\"},\"datePublished\":\"2018-04-24T13:07:24+00:00\",\"dateModified\":\"2025-09-25T14:13:12+00:00\",\"breadcrumb\":{\"@id\":\"https:\/\/www.bvbs.de\/12build\/#breadcrumb\"},\"inLanguage\":\"en-GB\",\"potentialAction\":[{\"@type\":\"ReadAction\",\"target\":[\"https:\/\/www.bvbs.de\/12build\/\"]}]},{\"@type\":\"BreadcrumbList\",\"@id\":\"https:\/\/www.bvbs.de\/12build\/#breadcrumb\",\"itemListElement\":[{\"@type\":\"ListItem\",\"position\":1,\"name\":\"Startseite\",\"item\":\"https:\/\/www.bvbs.de\/\"},{\"@type\":\"ListItem\",\"position\":2,\"name\":\"12Build\"}]},{\"@type\":\"WebSite\",\"@id\":\"https:\/\/www.bvbs.de\/#website\",\"url\":\"https:\/\/www.bvbs.de\/\",\"name\":\"BVBS Bundesverband Software und Digitalisierung im Bauwesen e.V.\",\"description\":\"\",\"publisher\":{\"@id\":\"https:\/\/www.bvbs.de\/#organization\"},\"potentialAction\":[{\"@type\":\"SearchAction\",\"target\":{\"@type\":\"EntryPoint\",\"urlTemplate\":\"https:\/\/www.bvbs.de\/?s={search_term_string}\"},\"query-input\":{\"@type\":\"PropertyValueSpecification\",\"valueRequired\":true,\"valueName\":\"search_term_string\"}}],\"inLanguage\":\"en-GB\"},{\"@type\":\"Organization\",\"@id\":\"https:\/\/www.bvbs.de\/#organization\",\"name\":\"BVBS Bundesverband Software und Digitalisierung im Bauwesen\",\"url\":\"https:\/\/www.bvbs.de\/\",\"logo\":{\"@type\":\"ImageObject\",\"inLanguage\":\"en-GB\",\"@id\":\"https:\/\/www.bvbs.de\/#\/schema\/logo\/image\/\",\"url\":\"https:\/\/www.bvbs.de\/wp-content\/uploads\/2024\/01\/cropped-favicon-bvbs.png\",\"contentUrl\":\"https:\/\/www.bvbs.de\/wp-content\/uploads\/2024\/01\/cropped-favicon-bvbs.png\",\"width\":512,\"height\":512,\"caption\":\"BVBS Bundesverband Software und Digitalisierung im Bauwesen\"},\"image\":{\"@id\":\"https:\/\/www.bvbs.de\/#\/schema\/logo\/image\/\"}}]}<\/script>\r\n<!-- \/ Yoast SEO plugin. -->","yoast_head_json":{"title":"12Build \u2014 BVBS Bun\u00addes\u00adver\u00adband Soft\u00adware und Digi\u00adta\u00adli\u00adsie\u00adrung im Bau\u00adwe\u00adsen e.V.","robots":{"index":"index","follow":"follow","max-snippet":"max-snippet:-1","max-image-preview":"max-image-preview:large","max-video-preview":"max-video-preview:-1"},"canonical":"https:\/\/www.bvbs.de\/en\/12build\/","og_locale":"en_GB","og_type":"article","og_title":"12Build - BVBS Bundesverband Software und Digitalisierung im Bauwesen e.V.","og_description":"BVBS MitgliedsunternehmenAllgemeines12Build ist eine der f\u00fchrenden Beschaffungsplattformen f\u00fcr die Baubranche in Europa. Sie bringt Generalunternehmer mit Subunternehmern und Lieferanten zusammen, um nachhaltige Kooperationen zu f\u00f6rdern und Projektergebnisse zu verbessern. Neben der Suche nach den richtigen Partnern vereinfacht 12Build den Ausschreibungs- und Angebotsprozess durch eine optimierte Dokumentenverwaltung, standardisierte Anfragen und Echtzeitkommunikation. Durch die Vereinfachung der Zusammenarbeit [&hellip;]","og_url":"https:\/\/www.bvbs.de\/en\/12build\/","og_site_name":"BVBS Bundesverband Software und Digitalisierung im Bauwesen e.V.","article_modified_time":"2025-09-25T14:13:12+00:00","twitter_card":"summary_large_image","twitter_misc":{"Estimated reading time":"1 minute"},"schema":{"@context":"https:\/\/schema.org","@graph":[{"@type":"WebPage","@id":"https:\/\/www.bvbs.de\/12build\/","url":"https:\/\/www.bvbs.de\/12build\/","name":"12Build \u2014 BVBS Bun\u00addes\u00adver\u00adband Soft\u00adware und Digi\u00adta\u00adli\u00adsie\u00adrung im Bau\u00adwe\u00adsen e.V.","isPartOf":{"@id":"https:\/\/www.bvbs.de\/#website"},"datePublished":"2018-04-24T13:07:24+00:00","dateModified":"2025-09-25T14:13:12+00:00","breadcrumb":{"@id":"https:\/\/www.bvbs.de\/12build\/#breadcrumb"},"inLanguage":"en-GB","potentialAction":[{"@type":"ReadAction","target":["https:\/\/www.bvbs.de\/12build\/"]}]},{"@type":"BreadcrumbList","@id":"https:\/\/www.bvbs.de\/12build\/#breadcrumb","itemListElement":[{"@type":"ListItem","position":1,"name":"Startseite","item":"https:\/\/www.bvbs.de\/"},{"@type":"ListItem","position":2,"name":"12Build"}]},{"@type":"WebSite","@id":"https:\/\/www.bvbs.de\/#website","url":"https:\/\/www.bvbs.de\/","name":"BVBS Bun\u00addes\u00adver\u00adband Soft\u00adware und Digi\u00adta\u00adli\u00adsie\u00adrung im Bau\u00adwe\u00adsen e.V.","description":"","publisher":{"@id":"https:\/\/www.bvbs.de\/#organization"},"potentialAction":[{"@type":"SearchAction","target":{"@type":"EntryPoint","urlTemplate":"https:\/\/www.bvbs.de\/?s={search_term_string}"},"query-input":{"@type":"PropertyValueSpecification","valueRequired":true,"valueName":"search_term_string"}}],"inLanguage":"en-GB"},{"@type":"Organization","@id":"https:\/\/www.bvbs.de\/#organization","name":"BVBS Bun\u00addes\u00adver\u00adband Soft\u00adware und Digi\u00adta\u00adli\u00adsie\u00adrung im Bauwesen","url":"https:\/\/www.bvbs.de\/","logo":{"@type":"ImageObject","inLanguage":"en-GB","@id":"https:\/\/www.bvbs.de\/#\/schema\/logo\/image\/","url":"https:\/\/www.bvbs.de\/wp-content\/uploads\/2024\/01\/cropped-favicon-bvbs.png","contentUrl":"https:\/\/www.bvbs.de\/wp-content\/uploads\/2024\/01\/cropped-favicon-bvbs.png","width":512,"height":512,"caption":"BVBS Bundesverband Software und Digitalisierung im Bauwesen"},"image":{"@id":"https:\/\/www.bvbs.de\/#\/schema\/logo\/image\/"}}]}},"_links":{"self":[{"href":"https:\/\/www.bvbs.de\/en\/wp-json\/wp\/v2\/pages\/1033","targetHints":{"allow":["GET"]}}],"collection":[{"href":"https:\/\/www.bvbs.de\/en\/wp-json\/wp\/v2\/pages"}],"about":[{"href":"https:\/\/www.bvbs.de\/en\/wp-json\/wp\/v2\/types\/page"}],"author":[{"embeddable":true,"href":"https:\/\/www.bvbs.de\/en\/wp-json\/wp\/v2\/users\/760"}],"replies":[{"embeddable":true,"href":"https:\/\/www.bvbs.de\/en\/wp-json\/wp\/v2\/comments?post=1033"}],"version-history":[{"count":0,"href":"https:\/\/www.bvbs.de\/en\/wp-json\/wp\/v2\/pages\/1033\/revisions"}],"wp:attachment":[{"href":"https:\/\/www.bvbs.de\/en\/wp-json\/wp\/v2\/media?parent=1033"}],"curies":[{"name":"wp","href":"https:\/\/api.w.org\/{rel}","templated":true}]}}