{"id":1046,"date":"2018-04-24T15:22:50","date_gmt":"2018-04-24T13:22:50","guid":{"rendered":"https:\/\/www.bvbs.de\/?page_id=1046"},"modified":"2025-07-10T20:06:10","modified_gmt":"2025-07-10T18:06:10","slug":"angerland-data-gesellschaft-fuer-baudatentechnik","status":"publish","type":"page","link":"https:\/\/www.bvbs.de\/en\/angerland-data-gesellschaft-fuer-baudatentechnik\/","title":{"rendered":"Anger\u00adland-Data Gesell\u00adschaft f\u00fcr Baudatentechnik"},"content":{"rendered":"<p>[et_pb_section fb_built=&#8220;1&#8243; fullwidth=&#8220;on&#8220; _builder_version=&#8220;4.16&#8243; global_colors_info=&#8220;{}&#8220;][et_pb_fullwidth_slider _builder_version=&#8220;4.16&#8243; header_font=&#8220;Roboto||||||||&#8220; body_font=&#8220;Roboto||||||||&#8220; background_image=&#8220;https:\/\/www.bvbs.de\/wp-content\/uploads\/2021\/02\/mitglieder-bg.jpg&#8220; global_colors_info=&#8220;{}&#8220; button_text_size__hover_enabled=&#8220;off&#8220; button_one_text_size__hover_enabled=&#8220;off&#8220; button_two_text_size__hover_enabled=&#8220;off&#8220; button_text_color__hover_enabled=&#8220;off&#8220; button_one_text_color__hover_enabled=&#8220;off&#8220; button_two_text_color__hover_enabled=&#8220;off&#8220; button_border_width__hover_enabled=&#8220;off&#8220; button_one_border_width__hover_enabled=&#8220;off&#8220; button_two_border_width__hover_enabled=&#8220;off&#8220; button_border_color__hover_enabled=&#8220;off&#8220; button_one_border_color__hover_enabled=&#8220;off&#8220; button_two_border_color__hover_enabled=&#8220;off&#8220; button_border_radius__hover_enabled=&#8220;off&#8220; button_one_border_radius__hover_enabled=&#8220;off&#8220; button_two_border_radius__hover_enabled=&#8220;off&#8220; button_letter_spacing__hover_enabled=&#8220;off&#8220; button_one_letter_spacing__hover_enabled=&#8220;off&#8220; button_two_letter_spacing__hover_enabled=&#8220;off&#8220; button_bg_color__hover_enabled=&#8220;off&#8220; button_one_bg_color__hover_enabled=&#8220;off&#8220; button_two_bg_color__hover_enabled=&#8220;off&#8220;][et_pb_slide heading=&#8220;Angerland-Data Gesellschaft f\u00fcr Baudatentechnik mbH&#8220; use_bg_overlay=&#8220;off&#8220; use_text_overlay=&#8220;off&#8220; _builder_version=&#8220;4.16&#8243; header_level=&#8220;h1&#8243; header_font=&#8220;Roboto|700|||||||&#8220; header_font_size=&#8220;55px&#8220; background_color=&#8220;#ffffff&#8220; button_on_hover=&#8220;on&#8220; header_font_size_tablet=&#8220;55px&#8220; header_font_size_phone=&#8220;55px&#8220; global_colors_info=&#8220;{}&#8220; sticky_transition=&#8220;on&#8220; button_text_size__hover_enabled=&#8220;off&#8220; button_one_text_size__hover_enabled=&#8220;off&#8220; button_two_text_size__hover_enabled=&#8220;off&#8220; button_text_color__hover_enabled=&#8220;off&#8220; button_one_text_color__hover_enabled=&#8220;off&#8220; button_two_text_color__hover_enabled=&#8220;off&#8220; button_border_width__hover_enabled=&#8220;off&#8220; button_one_border_width__hover_enabled=&#8220;off&#8220; button_two_border_width__hover_enabled=&#8220;off&#8220; button_border_color__hover_enabled=&#8220;off&#8220; button_one_border_color__hover_enabled=&#8220;off&#8220; button_two_border_color__hover_enabled=&#8220;off&#8220; button_border_radius__hover_enabled=&#8220;off&#8220; button_one_border_radius__hover_enabled=&#8220;off&#8220; button_two_border_radius__hover_enabled=&#8220;off&#8220; button_letter_spacing__hover_enabled=&#8220;off&#8220; button_one_letter_spacing__hover_enabled=&#8220;off&#8220; button_two_letter_spacing__hover_enabled=&#8220;off&#8220; button_bg_color__hover_enabled=&#8220;off&#8220; button_one_bg_color__hover_enabled=&#8220;off&#8220; button_two_bg_color__hover_enabled=&#8220;off&#8220;]BVBS Mitgliedsunternehmen<br \/>\n[\/et_pb_slide][\/et_pb_fullwidth_slider][\/et_pb_section][et_pb_section fb_built=&#8220;1&#8243; _builder_version=&#8220;4.16&#8243; global_colors_info=&#8220;{}&#8220;][et_pb_row _builder_version=&#8220;4.16&#8243; background_size=&#8220;initial&#8220; background_position=&#8220;top_left&#8220; background_repeat=&#8220;repeat&#8220; global_colors_info=&#8220;{}&#8220; column_structure=&#8220;1_3,1_3,1_3&#8243;][et_pb_column type=&#8220;1_3&#8243; _builder_version=&#8220;4.16&#8243; custom_padding=&#8220;|||&#8220; global_colors_info=&#8220;{}&#8220; custom_padding__hover=&#8220;|||&#8220;][et_pb_text _builder_version=&#8220;4.16&#8243; text_font=&#8220;Roboto|700|||||||&#8220; text_font_size=&#8220;40px&#8220; global_colors_info=&#8220;{}&#8220;]Kontakt<br \/>\n[\/et_pb_text][\/et_pb_column][et_pb_column type=&#8220;1_3&#8243; _builder_version=&#8220;4.16&#8243; custom_padding=&#8220;|||&#8220; global_colors_info=&#8220;{}&#8220; custom_padding__hover=&#8220;|||&#8220;][et_pb_text _builder_version=&#8220;4.27.3&#8243; hover_enabled=&#8220;0&#8243; global_colors_info=&#8220;{}&#8220; sticky_enabled=&#8220;0&#8243;]<\/p>\n<div class=\"et_pb_text et_pb_module et_pb_bg_layout_light et_pb_text_align_left et_pb_text_1\">\n<div class=\"et_pb_text_inner\">\n<div><b>Angerland-Data<br \/>Gesellschaft f\u00fcr Baudatentechnik mbH<\/b><\/div>\n<div>Am Gierath 28<br \/>40885 Ratingen<\/div>\n<div><strong>\u00a0<\/strong><\/div>\n<p>E-Mail:\u00a0 \u00a0 \u00a0<a href=\"mailto:info@angerland-data.de\">info@angerland-data.de<\/a><br \/>Internet:<a href=\"http:\/\/www.angerland-data.de\/\">\u00a0\u00a0\u00a0<\/a><a href=\"http:\/\/www.angerland-data.de\/\" target=\"_blank\" rel=\"noopener noreferrer\">www.angerland-data.de<\/a><\/p>\n<\/div>\n<\/div>\n<p>[\/et_pb_text][\/et_pb_column][et_pb_column type=&#8220;1_3&#8243; _builder_version=&#8220;4.16&#8243; custom_padding=&#8220;|||&#8220; global_colors_info=&#8220;{}&#8220; custom_padding__hover=&#8220;|||&#8220;][et_pb_image src=&#8220;https:\/\/www.bvbs.de\/wp-content\/uploads\/2024\/11\/Angerland_Data-e1732110677195.jpg&#8220; align_tablet=&#8220;center&#8220; align_last_edited=&#8220;on|desktop&#8220; _builder_version=&#8220;4.16&#8243; global_colors_info=&#8220;{}&#8220; align_phone=&#8220;center&#8220;]\u00a0<br \/>\n[\/et_pb_image][\/et_pb_column][\/et_pb_row][\/et_pb_section]<\/p>\n","protected":false},"excerpt":{"rendered":"<p>BVBS Mit\u00adglieds\u00adun\u00adter\u00adneh\u00admen Kon\u00adtakt Anger\u00adland-Data\u00adGe\u00adsell\u00adschaft f\u00fcr Bau\u00adda\u00adten\u00adtech\u00adnik mbH Am Gie\u00adrath 2840885 Ratin\u00adgen &nbsp; E\u2011Mail:&nbsp; &nbsp; &nbsp;info@angerland-data.deInternet:&nbsp;&nbsp;&nbsp;www.angerland-data.de &nbsp;<\/p>","protected":false},"author":760,"featured_media":0,"parent":0,"menu_order":0,"comment_status":"closed","ping_status":"closed","template":"","meta":{"_et_pb_use_builder":"on","_et_pb_old_content":"<p>[et_pb_section bb_built=\"1\" fullwidth=\"on\" _builder_version=\"3.0.106\" next_background_color=\"#000000\"][et_pb_fullwidth_header title=\"RIB Software SE\" subhead=\"Lorem ipsum dolor sit amet, consetetur sadipscing elitr, sed diam nonumy eirmod tempor invidunt ut labore et dolore magna aliquyam erat, sed diam voluptua. At vero eos et accusam et justo duo dolores et ea rebum. Stet clita kasd gubergren, no sea takimata sanctus est Lorem ipsum dolor sit amet. Lorem ipsum dolor sit amet, consetetur sadipscing elitr.\" background_layout=\"dark\" header_fullscreen=\"on\" header_scroll_down=\"on\" scroll_down_icon=\"%%1%%\" background_overlay_color=\"rgba(0,0,0,0.6)\" content_orientation=\"bottom\" content_max_width=\"70%\" _builder_version=\"3.0.106\" title_font=\"Roboto|700|||||||\" title_font_size=\"55px\" subhead_font=\"||||||||\" subhead_font_size=\"16px\" background_image=\"https:\/\/www.bvbs.de\/wp-content\/uploads\/2018\/04\/mitglieder-seite.jpg\" \/][\/et_pb_section][et_pb_section bb_built=\"1\" _builder_version=\"3.0.47\" prev_background_color=\"#000000\" next_background_color=\"#000000\"][et_pb_row custom_padding=\"27px|0px|50px|0px\" _builder_version=\"3.0.106\" border_width_bottom=\"1px\" border_color_bottom=\"rgba(51,51,51,0.18)\"][et_pb_column type=\"1_3\"][et_pb_text _builder_version=\"3.0.106\" text_font=\"Roboto|700|||||||\" text_font_size=\"40px\" text_text_color=\"#323232\"]<\/p><p>Allgemeines<\/p><p>[\/et_pb_text][\/et_pb_column][et_pb_column type=\"2_3\"][et_pb_text _builder_version=\"3.0.106\" text_font=\"||||||||\" text_font_size=\"15px\"]<\/p><div id=\"mitglied-unternehmensdarstellung-225\" class=\"mod_article zweispaltig bottomLineOn block\"><div class=\"ce_text block\"><p>Die RIB Software SE ist ein Vorreiter im Bauwesen. Das Unternehmen konzipiert, entwickelt und vertreibt iTWO\u00b3 - neue Denkweise, neue Arbeitsmethoden und neue Technologie - f\u00fcr Bauprojekte unterschiedlichster Industrien in aller Welt. iTWO ist heute die weltweit erste Lizenz-\/cloudbasierte Big Data BIM 5D Unternehmensl\u00f6sung f\u00fcr Unternehmen im Bauwesen wie zum Beispiel Projektentwickler, Bauunternehmen, Industrieunternehmen, Auftraggeber und Investoren. Seit ihrer Gr\u00fcndung 1961 ist die RIB Software SE Vorreiter f\u00fcr Innovationen im Baubereich, f\u00fcr die Erforschung und Bereitstellung neuer Technologien sowie f\u00fcr neue Denk- und Arbeitsweisen zur Steigerung der Produktivit\u00e4t im Bausektor und tr\u00e4gt damit dazu bei, das Bauwesen zu einer der fortschrittlichsten Industrien im 21. Jahrhundert zu gestalten. Die RIB hat ihren Hauptsitz in Stuttgart und wird seit 2011 im Prime Standard der Frankfurter Wertpapierb\u00f6rse gef\u00fchrt. Mit \u00fcber 700 qualifizierten Mitarbeitern in mehr als 30 Niederlassungen weltweit betreut RIB 100.000 Kunden, darunter Bauunternehmen, Projektentwickler, Eigent\u00fcmer, Investoren und Regierungen, unter anderem in den Bereichen Bauwirtschaft, Infrastruktur und EPC.<\/p><\/div><\/div><p>[\/et_pb_text][\/et_pb_column][\/et_pb_row][et_pb_row custom_padding=\"50px|0px|50px|0px\" _builder_version=\"3.0.106\" border_width_bottom=\"1px\" border_color_bottom=\"rgba(51,51,51,0.18)\"][et_pb_column type=\"1_3\"][et_pb_text _builder_version=\"3.0.106\" text_font=\"Roboto|700|||||||\" text_font_size=\"40px\" text_text_color=\"#323232\"]<\/p><p>Produkte<\/p><p>[\/et_pb_text][\/et_pb_column][et_pb_column type=\"2_3\"][et_pb_text _builder_version=\"3.0.106\" text_font=\"||||||||\" text_font_size=\"15px\"]<\/p><p><strong>RIB iTWO\u00ae<\/strong>\u00a0Die neue Softwaregeneration RIB iTWO\u00ae erweitert das klassische Aufgabenspektrum von Planung, AVA, Kalkulation, Bauablaufsteuerung bis Bauleistungskontrolle um durchg\u00e4ngig visuelle, modellbasierte Verfahren.<\/p><ul><li><strong>iTWO<\/strong>\u00a0\u2013\u00a0Architektur, Planung, Projektmanagement<\/li><li><strong>iTWO<\/strong>\u00a0-\u00a0Unternehmensl\u00f6sung f\u00fcr Bauwirtschaft und Anlagenbau<\/li><li><strong>iTWO Finance<\/strong>\u00a0-\u00a0Kaufm\u00e4nnische Unternehmensl\u00f6sung, Finanz- und Rechnungswesen<\/li><li><strong>iTWO civil<\/strong>\u00a0-\u00a0Stra\u00dfenbau, Tiefbau, Infrastrukturmanagement<\/li><li><strong>iTWO e-Vergabe public<\/strong>\u00a0-\u00a0e-Vergabe - elektronisches Ausschreibungs- und Vergabemanagement<\/li><li><strong>iTWO tx<\/strong>\u00a0-\u00a0Nachunternehmer-Einkauf f\u00fcr die Bauwirtschaft<\/li><li><strong>RIBTEC<\/strong>\u00a0-\u00a0Tragwerksplanung<\/li><\/ul><p>[\/et_pb_text][\/et_pb_column][\/et_pb_row][et_pb_row custom_padding=\"50px|0px|27px|0px\" _builder_version=\"3.0.106\"][et_pb_column type=\"1_3\"][et_pb_text _builder_version=\"3.0.106\" text_font=\"Roboto|700|||||||\" text_font_size=\"40px\" text_text_color=\"#323232\"]<\/p><p>Kontakt<\/p><p>[\/et_pb_text][\/et_pb_column][et_pb_column type=\"1_3\"][et_pb_text _builder_version=\"3.0.106\" text_font=\"||||||||\" text_font_size=\"15px\" custom_margin=\"|||-35px\" custom_padding=\"|||\"]<\/p><div><strong>RIB Software SE<br \/> <\/strong>Vaihinger Stra\u00dfe 151<br \/> 70567 Stuttgart<\/div><div><strong>\u00a0<\/strong><\/div><p>Telefon: +49 (711) 7873-0<br \/> Telefax: +49 (711) 7873-88204<\/p><p>E-Mail:\u00a0<a href=\"mailto:%20info@rib-software.com\">info@rib-software.com<\/a><br \/> Internet:\u00a0<a href=\"http:\/\/www.rib-software.com\/\">www.rib-software.com<\/a><\/p><p>[\/et_pb_text][\/et_pb_column][et_pb_column type=\"1_3\"][et_pb_image src=\"https:\/\/www.bvbs.de\/wp-content\/uploads\/2018\/01\/riblogo.png\" _builder_version=\"3.0.106\" \/][\/et_pb_column][\/et_pb_row][\/et_pb_section][et_pb_section bb_built=\"1\" _builder_version=\"3.0.95\" custom_padding=\"0px|0px|0px|0px\" box_shadow_style=\"preset2\" prev_background_color=\"#000000\" global_module=\"78\"][et_pb_row global_parent=\"78\" make_fullwidth=\"on\" _builder_version=\"3.0.95\" background_size=\"initial\" background_position=\"top_left\" background_repeat=\"repeat\"][et_pb_column type=\"1_4\"][et_pb_image global_parent=\"78\" src=\"https:\/\/www.bvbs.de\/wp-content\/uploads\/2018\/01\/bvbs-logo.png\" _builder_version=\"3.0.95\"]<\/p><p>\u00a0<\/p><p>[\/et_pb_image][\/et_pb_column][et_pb_column type=\"1_4\"][et_pb_text global_parent=\"78\" _builder_version=\"3.0.106\" text_font=\"||||||||\" text_font_size=\"18px\" text_text_color=\"#273583\" custom_margin=\"||5px|\"]<\/p><p><strong>\u00dcber den BVBS<\/strong><\/p><p>[\/et_pb_text][et_pb_text global_parent=\"78\" _builder_version=\"3.0.95\"]<\/p><p><a href=\"ueber-den-bvbs\/\">\u00dcber den BVBS<\/a><br \/><a href=\"geschaeftsfuehrung\/\">Vorstand \/ Gesch\u00e4ftsf\u00fchrung<\/a><br \/><a href=\"gremien\/\">Gremien<\/a><br \/><a href=\"arbeitskreise\/\">Arbeitskreise<\/a><br \/><a href=\"zertifizierungen\/\">Zertifizierungen<\/a><br \/><a href=\"partner\/\">Partner<\/a><\/p><p>[\/et_pb_text][\/et_pb_column][et_pb_column type=\"1_4\"][et_pb_text global_parent=\"78\" _builder_version=\"3.0.106\" text_font=\"||||||||\" text_font_size=\"18px\" text_text_color=\"#273583\" custom_margin=\"||5px|\"]<\/p><p><strong>Mitglieder<\/strong><\/p><p>[\/et_pb_text][et_pb_text global_parent=\"78\" _builder_version=\"3.0.106\" custom_margin=\"||20px|\"]<\/p><p><a href=\"mitglieder\/\">Alle Mitglieder<\/a><br \/> <a href=\"acht-gruende-fuer-den-bvbs\/\">8 Gr\u00fcnde f\u00fcr den BVBS<\/a><br \/> <a href=\"login\/\">Mitglieder-Login<\/a><br \/> <a href=\"mitgliederbereich\/\">Mitgliederbereich<\/a><\/p><p>[\/et_pb_text][et_pb_text global_parent=\"78\" _builder_version=\"3.0.106\" text_font=\"||||||||\" text_font_size=\"18px\" text_text_color=\"#273583\" custom_margin=\"||5px|\"]<\/p><p><strong>Termin<\/strong><\/p><p>[\/et_pb_text][et_pb_text global_parent=\"78\" _builder_version=\"3.0.95\"]<\/p><p><a href=\"https:\/\/www.bvbs.de\/termine\/\">Termin\u00fcbersicht<\/a><\/p><p>[\/et_pb_text][\/et_pb_column][et_pb_column type=\"1_4\"][et_pb_text global_parent=\"78\" _builder_version=\"3.0.106\" text_font=\"||||||||\" text_font_size=\"18px\" text_text_color=\"#273583\" custom_margin=\"||5px|\"]<\/p><p><strong>Rechtliches<\/strong><\/p><p>[\/et_pb_text][et_pb_text global_parent=\"78\" _builder_version=\"3.0.95\"]<\/p><p><a href=\"impressum\/\">Impressum<\/a><br \/><a href=\"datenschutzrichtlinien\/\">Datenschutzerkl\u00e4rung<\/a><\/p><p>[\/et_pb_text][\/et_pb_column][\/et_pb_row][\/et_pb_section]<\/p>","_et_gb_content_width":"","wp_typography_post_enhancements_disabled":false,"footnotes":""},"class_list":["post-1046","page","type-page","status-publish","hentry"],"yoast_head":"<!-- This site is optimized with the Yoast SEO plugin v26.1.1 - https:\/\/yoast.com\/wordpress\/plugins\/seo\/ -->\r\n<title>Angerland-Data Gesellschaft f\u00fcr Baudatentechnik - BVBS Bundesverband Software und Digitalisierung im Bauwesen e.V.<\/title>\r\n<meta name=\"robots\" content=\"index, follow, max-snippet:-1, max-image-preview:large, max-video-preview:-1\" \/>\r\n<link rel=\"canonical\" href=\"https:\/\/www.bvbs.de\/en\/angerland-data-gesellschaft-fuer-baudatentechnik\/\" \/>\r\n<meta property=\"og:locale\" content=\"en_GB\" \/>\r\n<meta property=\"og:type\" content=\"article\" \/>\r\n<meta property=\"og:title\" content=\"Angerland-Data Gesellschaft f\u00fcr Baudatentechnik - BVBS Bundesverband Software und Digitalisierung im Bauwesen e.V.\" \/>\r\n<meta property=\"og:description\" content=\"BVBS Mitgliedsunternehmen Kontakt Angerland-DataGesellschaft f\u00fcr Baudatentechnik mbH Am Gierath 2840885 Ratingen \u00a0 E-Mail:\u00a0 \u00a0 \u00a0info@angerland-data.deInternet:\u00a0\u00a0\u00a0www.angerland-data.de \u00a0\" \/>\r\n<meta property=\"og:url\" content=\"https:\/\/www.bvbs.de\/en\/angerland-data-gesellschaft-fuer-baudatentechnik\/\" \/>\r\n<meta property=\"og:site_name\" content=\"BVBS Bundesverband Software und Digitalisierung im Bauwesen e.V.\" \/>\r\n<meta property=\"article:modified_time\" content=\"2025-07-10T18:06:10+00:00\" \/>\r\n<meta name=\"twitter:card\" content=\"summary_large_image\" \/>\r\n<meta name=\"twitter:label1\" content=\"Estimated reading time\" \/>\n\t<meta name=\"twitter:data1\" content=\"3 minutes\" \/>\r\n<script type=\"application\/ld+json\" class=\"yoast-schema-graph\">{\"@context\":\"https:\/\/schema.org\",\"@graph\":[{\"@type\":\"WebPage\",\"@id\":\"https:\/\/www.bvbs.de\/angerland-data-gesellschaft-fuer-baudatentechnik\/\",\"url\":\"https:\/\/www.bvbs.de\/angerland-data-gesellschaft-fuer-baudatentechnik\/\",\"name\":\"Angerland-Data Gesellschaft f\u00fcr Baudatentechnik - BVBS Bundesverband Software und Digitalisierung im Bauwesen e.V.\",\"isPartOf\":{\"@id\":\"https:\/\/www.bvbs.de\/#website\"},\"datePublished\":\"2018-04-24T13:22:50+00:00\",\"dateModified\":\"2025-07-10T18:06:10+00:00\",\"breadcrumb\":{\"@id\":\"https:\/\/www.bvbs.de\/angerland-data-gesellschaft-fuer-baudatentechnik\/#breadcrumb\"},\"inLanguage\":\"en-GB\",\"potentialAction\":[{\"@type\":\"ReadAction\",\"target\":[\"https:\/\/www.bvbs.de\/angerland-data-gesellschaft-fuer-baudatentechnik\/\"]}]},{\"@type\":\"BreadcrumbList\",\"@id\":\"https:\/\/www.bvbs.de\/angerland-data-gesellschaft-fuer-baudatentechnik\/#breadcrumb\",\"itemListElement\":[{\"@type\":\"ListItem\",\"position\":1,\"name\":\"Startseite\",\"item\":\"https:\/\/www.bvbs.de\/\"},{\"@type\":\"ListItem\",\"position\":2,\"name\":\"Angerland-Data Gesellschaft f\u00fcr Baudatentechnik\"}]},{\"@type\":\"WebSite\",\"@id\":\"https:\/\/www.bvbs.de\/#website\",\"url\":\"https:\/\/www.bvbs.de\/\",\"name\":\"BVBS Bundesverband Software und Digitalisierung im Bauwesen e.V.\",\"description\":\"\",\"publisher\":{\"@id\":\"https:\/\/www.bvbs.de\/#organization\"},\"potentialAction\":[{\"@type\":\"SearchAction\",\"target\":{\"@type\":\"EntryPoint\",\"urlTemplate\":\"https:\/\/www.bvbs.de\/?s={search_term_string}\"},\"query-input\":{\"@type\":\"PropertyValueSpecification\",\"valueRequired\":true,\"valueName\":\"search_term_string\"}}],\"inLanguage\":\"en-GB\"},{\"@type\":\"Organization\",\"@id\":\"https:\/\/www.bvbs.de\/#organization\",\"name\":\"BVBS Bundesverband Software und Digitalisierung im Bauwesen\",\"url\":\"https:\/\/www.bvbs.de\/\",\"logo\":{\"@type\":\"ImageObject\",\"inLanguage\":\"en-GB\",\"@id\":\"https:\/\/www.bvbs.de\/#\/schema\/logo\/image\/\",\"url\":\"https:\/\/www.bvbs.de\/wp-content\/uploads\/2024\/01\/cropped-favicon-bvbs.png\",\"contentUrl\":\"https:\/\/www.bvbs.de\/wp-content\/uploads\/2024\/01\/cropped-favicon-bvbs.png\",\"width\":512,\"height\":512,\"caption\":\"BVBS Bundesverband Software und Digitalisierung im Bauwesen\"},\"image\":{\"@id\":\"https:\/\/www.bvbs.de\/#\/schema\/logo\/image\/\"}}]}<\/script>\r\n<!-- \/ Yoast SEO plugin. -->","yoast_head_json":{"title":"Anger\u00adland-Data Gesell\u00adschaft f\u00fcr Bau\u00adda\u00adten\u00adtech\u00adnik \u2014 BVBS Bun\u00addes\u00adver\u00adband Soft\u00adware und Digi\u00adta\u00adli\u00adsie\u00adrung im Bau\u00adwe\u00adsen e.V.","robots":{"index":"index","follow":"follow","max-snippet":"max-snippet:-1","max-image-preview":"max-image-preview:large","max-video-preview":"max-video-preview:-1"},"canonical":"https:\/\/www.bvbs.de\/en\/angerland-data-gesellschaft-fuer-baudatentechnik\/","og_locale":"en_GB","og_type":"article","og_title":"Angerland-Data Gesellschaft f\u00fcr Baudatentechnik - BVBS Bundesverband Software und Digitalisierung im Bauwesen e.V.","og_description":"BVBS Mitgliedsunternehmen Kontakt Angerland-DataGesellschaft f\u00fcr Baudatentechnik mbH Am Gierath 2840885 Ratingen \u00a0 E-Mail:\u00a0 \u00a0 \u00a0info@angerland-data.deInternet:\u00a0\u00a0\u00a0www.angerland-data.de \u00a0","og_url":"https:\/\/www.bvbs.de\/en\/angerland-data-gesellschaft-fuer-baudatentechnik\/","og_site_name":"BVBS Bundesverband Software und Digitalisierung im Bauwesen e.V.","article_modified_time":"2025-07-10T18:06:10+00:00","twitter_card":"summary_large_image","twitter_misc":{"Estimated reading time":"3 minutes"},"schema":{"@context":"https:\/\/schema.org","@graph":[{"@type":"WebPage","@id":"https:\/\/www.bvbs.de\/angerland-data-gesellschaft-fuer-baudatentechnik\/","url":"https:\/\/www.bvbs.de\/angerland-data-gesellschaft-fuer-baudatentechnik\/","name":"Anger\u00adland-Data Gesell\u00adschaft f\u00fcr Bau\u00adda\u00adten\u00adtech\u00adnik \u2014 BVBS Bun\u00addes\u00adver\u00adband Soft\u00adware und Digi\u00adta\u00adli\u00adsie\u00adrung im Bau\u00adwe\u00adsen e.V.","isPartOf":{"@id":"https:\/\/www.bvbs.de\/#website"},"datePublished":"2018-04-24T13:22:50+00:00","dateModified":"2025-07-10T18:06:10+00:00","breadcrumb":{"@id":"https:\/\/www.bvbs.de\/angerland-data-gesellschaft-fuer-baudatentechnik\/#breadcrumb"},"inLanguage":"en-GB","potentialAction":[{"@type":"ReadAction","target":["https:\/\/www.bvbs.de\/angerland-data-gesellschaft-fuer-baudatentechnik\/"]}]},{"@type":"BreadcrumbList","@id":"https:\/\/www.bvbs.de\/angerland-data-gesellschaft-fuer-baudatentechnik\/#breadcrumb","itemListElement":[{"@type":"ListItem","position":1,"name":"Startseite","item":"https:\/\/www.bvbs.de\/"},{"@type":"ListItem","position":2,"name":"Angerland-Data Gesellschaft f\u00fcr Baudatentechnik"}]},{"@type":"WebSite","@id":"https:\/\/www.bvbs.de\/#website","url":"https:\/\/www.bvbs.de\/","name":"BVBS Bun\u00addes\u00adver\u00adband Soft\u00adware und Digi\u00adta\u00adli\u00adsie\u00adrung im Bau\u00adwe\u00adsen e.V.","description":"","publisher":{"@id":"https:\/\/www.bvbs.de\/#organization"},"potentialAction":[{"@type":"SearchAction","target":{"@type":"EntryPoint","urlTemplate":"https:\/\/www.bvbs.de\/?s={search_term_string}"},"query-input":{"@type":"PropertyValueSpecification","valueRequired":true,"valueName":"search_term_string"}}],"inLanguage":"en-GB"},{"@type":"Organization","@id":"https:\/\/www.bvbs.de\/#organization","name":"BVBS Bun\u00addes\u00adver\u00adband Soft\u00adware und Digi\u00adta\u00adli\u00adsie\u00adrung im Bauwesen","url":"https:\/\/www.bvbs.de\/","logo":{"@type":"ImageObject","inLanguage":"en-GB","@id":"https:\/\/www.bvbs.de\/#\/schema\/logo\/image\/","url":"https:\/\/www.bvbs.de\/wp-content\/uploads\/2024\/01\/cropped-favicon-bvbs.png","contentUrl":"https:\/\/www.bvbs.de\/wp-content\/uploads\/2024\/01\/cropped-favicon-bvbs.png","width":512,"height":512,"caption":"BVBS Bundesverband Software und Digitalisierung im Bauwesen"},"image":{"@id":"https:\/\/www.bvbs.de\/#\/schema\/logo\/image\/"}}]}},"_links":{"self":[{"href":"https:\/\/www.bvbs.de\/en\/wp-json\/wp\/v2\/pages\/1046","targetHints":{"allow":["GET"]}}],"collection":[{"href":"https:\/\/www.bvbs.de\/en\/wp-json\/wp\/v2\/pages"}],"about":[{"href":"https:\/\/www.bvbs.de\/en\/wp-json\/wp\/v2\/types\/page"}],"author":[{"embeddable":true,"href":"https:\/\/www.bvbs.de\/en\/wp-json\/wp\/v2\/users\/760"}],"replies":[{"embeddable":true,"href":"https:\/\/www.bvbs.de\/en\/wp-json\/wp\/v2\/comments?post=1046"}],"version-history":[{"count":0,"href":"https:\/\/www.bvbs.de\/en\/wp-json\/wp\/v2\/pages\/1046\/revisions"}],"wp:attachment":[{"href":"https:\/\/www.bvbs.de\/en\/wp-json\/wp\/v2\/media?parent=1046"}],"curies":[{"name":"wp","href":"https:\/\/api.w.org\/{rel}","templated":true}]}}