{"id":1110,"date":"2018-04-24T16:03:58","date_gmt":"2018-04-24T14:03:58","guid":{"rendered":"https:\/\/www.bvbs.de\/?page_id=1110"},"modified":"2026-05-04T09:19:59","modified_gmt":"2026-05-04T07:19:59","slug":"computerworks-gmbh","status":"publish","type":"page","link":"https:\/\/www.bvbs.de\/en\/computerworks-gmbh\/","title":{"rendered":"Com\u00adpu\u00adter\u00adWorks&nbsp;GmbH"},"content":{"rendered":"<p>[et_pb_section fb_built=&#8220;1&#8243; fullwidth=&#8220;on&#8220; _builder_version=&#8220;4.16&#8243; global_colors_info=&#8220;{}&#8220;][et_pb_fullwidth_slider _builder_version=&#8220;4.27.3&#8243; body_font=&#8220;||||||||&#8220; background_image=&#8220;https:\/\/www.bvbs.de\/wp-content\/uploads\/2021\/02\/mitglieder-bg.jpg&#8220; global_colors_info=&#8220;{}&#8220; button_text_size__hover_enabled=&#8220;off&#8220; button_one_text_size__hover_enabled=&#8220;off&#8220; button_two_text_size__hover_enabled=&#8220;off&#8220; button_text_color__hover_enabled=&#8220;off&#8220; button_one_text_color__hover_enabled=&#8220;off&#8220; button_two_text_color__hover_enabled=&#8220;off&#8220; button_border_width__hover_enabled=&#8220;off&#8220; button_one_border_width__hover_enabled=&#8220;off&#8220; button_two_border_width__hover_enabled=&#8220;off&#8220; button_border_color__hover_enabled=&#8220;off&#8220; button_one_border_color__hover_enabled=&#8220;off&#8220; button_two_border_color__hover_enabled=&#8220;off&#8220; button_border_radius__hover_enabled=&#8220;off&#8220; button_one_border_radius__hover_enabled=&#8220;off&#8220; button_two_border_radius__hover_enabled=&#8220;off&#8220; button_letter_spacing__hover_enabled=&#8220;off&#8220; button_one_letter_spacing__hover_enabled=&#8220;off&#8220; button_two_letter_spacing__hover_enabled=&#8220;off&#8220; button_bg_color__hover_enabled=&#8220;off&#8220; button_one_bg_color__hover_enabled=&#8220;off&#8220; button_two_bg_color__hover_enabled=&#8220;off&#8220;][et_pb_slide heading=&#8220;Vectorworks Germany GmbH&#8220; _builder_version=&#8220;4.27.3&#8243; header_font=&#8220;Roboto|700|||||||&#8220; body_font=&#8220;Roboto||||||||&#8220; background_color=&#8220;#ffffff&#8220; global_colors_info=&#8220;{}&#8220; button_text_size__hover_enabled=&#8220;off&#8220; button_one_text_size__hover_enabled=&#8220;off&#8220; button_two_text_size__hover_enabled=&#8220;off&#8220; button_text_color__hover_enabled=&#8220;off&#8220; button_one_text_color__hover_enabled=&#8220;off&#8220; button_two_text_color__hover_enabled=&#8220;off&#8220; button_border_width__hover_enabled=&#8220;off&#8220; button_one_border_width__hover_enabled=&#8220;off&#8220; button_two_border_width__hover_enabled=&#8220;off&#8220; button_border_color__hover_enabled=&#8220;off&#8220; button_one_border_color__hover_enabled=&#8220;off&#8220; button_two_border_color__hover_enabled=&#8220;off&#8220; button_border_radius__hover_enabled=&#8220;off&#8220; button_one_border_radius__hover_enabled=&#8220;off&#8220; button_two_border_radius__hover_enabled=&#8220;off&#8220; button_letter_spacing__hover_enabled=&#8220;off&#8220; button_one_letter_spacing__hover_enabled=&#8220;off&#8220; button_two_letter_spacing__hover_enabled=&#8220;off&#8220; button_bg_color__hover_enabled=&#8220;off&#8220; button_one_bg_color__hover_enabled=&#8220;off&#8220; button_two_bg_color__hover_enabled=&#8220;off&#8220; sticky_transition=&#8220;on&#8220;]<\/p>\n<p>BVBS Mitgliedsunternehmen<\/p>\n<p>[\/et_pb_slide][\/et_pb_fullwidth_slider][\/et_pb_section][et_pb_section fb_built=&#8220;1&#8243; _builder_version=&#8220;4.16&#8243; global_colors_info=&#8220;{}&#8220;][et_pb_row column_structure=&#8220;1_3,2_3&#8243; _builder_version=&#8220;4.16&#8243; custom_padding=&#8220;27px|0px|50px|0px&#8220; border_width_bottom=&#8220;1px&#8220; border_color_bottom=&#8220;rgba(51,51,51,0.18)&#8220; global_colors_info=&#8220;{}&#8220;][et_pb_column type=&#8220;1_3&#8243; _builder_version=&#8220;4.16&#8243; custom_padding=&#8220;|||&#8220; global_colors_info=&#8220;{}&#8220; custom_padding__hover=&#8220;|||&#8220;][et_pb_text _builder_version=&#8220;4.16&#8243; text_font=&#8220;Roboto|700|||||||&#8220; text_text_color=&#8220;#696666&#8243; text_font_size=&#8220;40px&#8220; global_colors_info=&#8220;{}&#8220;]Allgemeines<br \/>\n[\/et_pb_text][\/et_pb_column][et_pb_column type=&#8220;2_3&#8243; _builder_version=&#8220;4.16&#8243; custom_padding=&#8220;|||&#8220; global_colors_info=&#8220;{}&#8220; custom_padding__hover=&#8220;|||&#8220;][et_pb_text disabled_on=&#8220;on|on|on&#8220; _builder_version=&#8220;4.27.3&#8243; disabled=&#8220;on&#8220; global_colors_info=&#8220;{}&#8220;]<\/p>\n<p><a href=\"https:\/\/www.computerworks.de\/\" target=\"_blank\" rel=\"noopener\">ComputerWorks<\/a>\u00a0ist ein f\u00fchrender Spezialist f\u00fcr innovative Softwarel\u00f6sungen in den Bereichen Architektur, Innenarchitektur, Landschaftsplanung, Veranstaltungstechnik und Design im gesamten deutschsprachigen Raum.<\/p>\n<p>&nbsp;<\/p>\n<p><strong>Spezialist f\u00fcr Vectorworks und Bluebeam Revu<\/strong><\/p>\n<p>Als autorisierter Distributor von Vectorworks, einer der weltweit f\u00fchrenden CAD- und BIM-L\u00f6sungen, sowie Bluebeam Revu verfolgt das Unternehmen das Ziel, kreative Prozesse in Planung und Gestaltung durch leistungsstarke digitale Werkzeuge zu unterst\u00fctzen.<\/p>\n<p>ComputerWorks steht f\u00fcr Innovation, Qualit\u00e4t und Verl\u00e4sslichkeit. Das Unternehmen versteht sich als Partner f\u00fcr kreative Branchen, der Kunden dabei unterst\u00fctzt, ihre Visionen in hochwertige Planungen und Designl\u00f6sungen zu verwandeln. Mit Fokus auf nachhaltige Prozesse, ein starkes Netzwerk und enge Zusammenarbeit mit Architekturb\u00fcros, Designstudios, Kommunen und Bildungseinrichtungen.<\/p>\n<p>[\/et_pb_text][et_pb_text _builder_version=&#8220;4.27.3&#8243; global_colors_info=&#8220;{}&#8220;]<\/p>\n<p>Vectorworks ist ein f\u00fchrender Spezialist f\u00fcr innovative Softwarel\u00f6sungen in den Bereichen Architektur, Innenarchitektur, Landschaftsplanung, Veranstaltungstechnik und Design im gesamten deutschsprachigen Raum.<\/p>\n<p>\u00a0Vectorworks Germany verfolgt das Ziel, kreative Prozesse in Planung und Gestaltung durch leistungsstarke digitale Werkzeuge zu unterst\u00fctzen.<\/p>\n<p>Das Unternehmen steht f\u00fcr Innovation, Qualit\u00e4t und Verl\u00e4sslichkeit und versteht sich als Partner f\u00fcr kreative Branchen, der Kunden dabei unterst\u00fctzt, ihre Visionen in hochwertige Planungen und Designl\u00f6sungen zu verwandeln. Mit Fokus auf nachhaltige Prozesse, ein starkes Netzwerk und enge Zusammenarbeit mit Architekturb\u00fcros, Designstudios, Kommunen und Bildungseinrichtungen.<\/p>\n<p>[\/et_pb_text][\/et_pb_column][\/et_pb_row][et_pb_row column_structure=&#8220;1_3,2_3&#8243; _builder_version=&#8220;4.16&#8243; custom_padding=&#8220;50px|0px|49px|0px&#8220; border_width_bottom=&#8220;1px&#8220; border_color_bottom=&#8220;rgba(51,51,51,0.18)&#8220; global_colors_info=&#8220;{}&#8220;][et_pb_column type=&#8220;1_3&#8243; _builder_version=&#8220;4.16&#8243; custom_padding=&#8220;|||&#8220; global_colors_info=&#8220;{}&#8220; custom_padding__hover=&#8220;|||&#8220;][et_pb_text _builder_version=&#8220;4.16&#8243; text_font=&#8220;Roboto|700|||||||&#8220; text_text_color=&#8220;#696666&#8243; text_font_size=&#8220;40px&#8220; global_colors_info=&#8220;{}&#8220;]Produkte<br \/>\n[\/et_pb_text][\/et_pb_column][et_pb_column type=&#8220;2_3&#8243; _builder_version=&#8220;4.16&#8243; custom_padding=&#8220;|||&#8220; global_colors_info=&#8220;{}&#8220; custom_padding__hover=&#8220;|||&#8220;][et_pb_text _builder_version=&#8220;4.27.3&#8243; global_colors_info=&#8220;{}&#8220;]<\/p>\n<p><strong><a href=\"https:\/\/www.computerworks.de\/vectorworks\" target=\"_blank\" rel=\"noopener\">Vectorworks<\/a><br \/><\/strong>Vectorworks ist Teil der Nemetschek Group und z\u00e4hlt zu den weltweit f\u00fchrenden CAD- und BIM-L\u00f6sungen f\u00fcr Architektur, Landschaftsplanung und die Entertainmentbranche. Seit 1985 wird die Software von Vectorworks, Inc. in den USA entwickelt und \u00fcberzeugt heute mehr als eine halbe Million Planer und Designer rund um den Globus.<\/p>\n<p><strong><a href=\"https:\/\/www.computerworks.de\/bluebeam\" target=\"_blank\" rel=\"noopener\">Bluebeam Revu<\/a><br \/><\/strong>Bluebeam Revu ist eine weltweit genutzte L\u00f6sung zur Digitalisierung und Vereinfachung von Bauprozessen. Mit intelligenten Werkzeugen, Cloud-Dokumentenverwaltung und Echtzeit-Zusammenarbeit \u00fcber Studio erm\u00f6glicht Bluebeam effiziente Teamarbeit \u2013 jederzeit, \u00fcberall und projekt\u00fcbergreifend.<\/p>\n<p>[\/et_pb_text][\/et_pb_column][\/et_pb_row][et_pb_row column_structure=&#8220;1_3,1_3,1_3&#8243; _builder_version=&#8220;4.16&#8243; custom_padding=&#8220;50px|0px|27px|0px&#8220; global_colors_info=&#8220;{}&#8220;][et_pb_column type=&#8220;1_3&#8243; _builder_version=&#8220;4.16&#8243; custom_padding=&#8220;|||&#8220; global_colors_info=&#8220;{}&#8220; custom_padding__hover=&#8220;|||&#8220;][et_pb_text _builder_version=&#8220;4.16&#8243; text_font=&#8220;Roboto|700|||||||&#8220; text_text_color=&#8220;#696666&#8243; text_font_size=&#8220;40px&#8220; global_colors_info=&#8220;{}&#8220;]Kontakt<br \/>\n[\/et_pb_text][\/et_pb_column][et_pb_column type=&#8220;1_3&#8243; _builder_version=&#8220;4.16&#8243; custom_padding=&#8220;|||&#8220; global_colors_info=&#8220;{}&#8220; custom_padding__hover=&#8220;|||&#8220;][et_pb_text disabled_on=&#8220;on|on|on&#8220; _builder_version=&#8220;4.16&#8243; custom_margin=&#8220;|||&#8220; custom_padding=&#8220;|||&#8220; disabled=&#8220;on&#8220; global_colors_info=&#8220;{}&#8220;]<strong>ComputerWorks GmbH<\/strong><br \/>\nSchwarzwaldstra\u00dfe 67<br \/>\n79539 L\u00f6rrach<\/p>\n<p>Telefon: +49 7621 4018-0<br \/>\nTelefax: +49 7621 4018-18<\/p>\n<div>eMail:\u00a0<a href=\"mailto:&#105;n&#102;o&#064;&#099;o&#109;&#112;ute&#114;work&#115;.d&#101;\">i&#110;fo&#64;&#99;o&#109;&#112;ut&#101;r&#119;or&#107;s&#46;&#100;&#101;<\/a><\/div>\n<div>Internet:\u00a0<a href=\"http:\/\/www.computerworks.de\/\" target=\"_blank\" rel=\"noopener noreferrer\">www.computerworks.de<\/a><\/div>\n<p>[\/et_pb_text][et_pb_text _builder_version=&#8220;4.27.3&#8243; _module_preset=&#8220;default&#8220; global_colors_info=&#8220;{}&#8220;]<\/p>\n<p><strong>Vectorworks Germany GmbH<\/strong><br \/>Schwarzwaldstra\u00dfe 67<br \/>79539 L\u00f6rrach<\/p>\n<p>Telefon: +49 7621 4018-0<br \/>Telefax: +49 7621 4018-18<\/p>\n<p>E-Mail: <a href=\"mailto:&#105;nfo&#064;&#118;e&#099;t&#111;r&#119;orks.de\">i&#110;f&#111;&#64;&#118;&#101;ct&#111;rw&#111;rk&#115;&#46;de<\/a><br \/>Internet:\u00a0<a href=\"http:\/\/www.vectorworks.de\" target=\"_blank\" rel=\"noopener\">www.vectorworks.de<\/a><\/p>\n<p>[\/et_pb_text][\/et_pb_column][et_pb_column type=&#8220;1_3&#8243; _builder_version=&#8220;4.16&#8243; custom_padding=&#8220;|||&#8220; global_colors_info=&#8220;{}&#8220; custom_padding__hover=&#8220;|||&#8220;][et_pb_image src=&#8220;https:\/\/www.bvbs.de\/wp-content\/uploads\/2024\/11\/logo_computerworks.jpg&#8220; align_tablet=&#8220;left&#8220; align_phone=&#8220;left&#8220; align_last_edited=&#8220;on|desktop&#8220; disabled_on=&#8220;on|on|on&#8220; _builder_version=&#8220;4.27.3&#8243; max_width_tablet=&#8220;45%&#8220; max_width_phone=&#8220;72%&#8220; max_width_last_edited=&#8220;on|phone&#8220; module_alignment_tablet=&#8220;&#8220; module_alignment_phone=&#8220;&#8220; module_alignment_last_edited=&#8220;on|tablet&#8220; disabled=&#8220;on&#8220; global_colors_info=&#8220;{}&#8220;]\u00a0<br \/>\n[\/et_pb_image][\/et_pb_column][\/et_pb_row][\/et_pb_section]<\/p>\n","protected":false},"excerpt":{"rendered":"<p>BVBS MitgliedsunternehmenAllgemeines ComputerWorks\u00a0ist ein f\u00fchrender Spezialist f\u00fcr innovative Softwarel\u00f6sungen in den Bereichen Architektur, Innenarchitektur, Landschaftsplanung, Veranstaltungstechnik und Design im gesamten deutschsprachigen Raum. &nbsp; Spezialist f\u00fcr Vectorworks und Bluebeam Revu Als autorisierter Distributor von Vectorworks, einer der weltweit f\u00fchrenden CAD- und BIM-L\u00f6sungen, sowie Bluebeam Revu verfolgt das Unternehmen das Ziel, kreative Prozesse in Planung und Gestaltung [&hellip;]<\/p>\n","protected":false},"author":760,"featured_media":0,"parent":0,"menu_order":0,"comment_status":"closed","ping_status":"closed","template":"","meta":{"_et_pb_use_builder":"on","_et_pb_old_content":"","_et_gb_content_width":"","wp_typography_post_enhancements_disabled":false,"footnotes":""},"class_list":["post-1110","page","type-page","status-publish","hentry"],"yoast_head":"<!-- This site is optimized with the Yoast SEO plugin v26.1.1 - https:\/\/yoast.com\/wordpress\/plugins\/seo\/ -->\r\n<title>ComputerWorks GmbH - BVBS Bundesverband Software und Digitalisierung im Bauwesen e.V.<\/title>\r\n<meta name=\"description\" content=\"Die ComputerWorks GmbH entwickelt und vertreibt Softwarel\u00f6sungen f\u00fcr Bauwesen, Design und Projektmanagement.\" \/>\r\n<meta name=\"robots\" content=\"index, follow, max-snippet:-1, max-image-preview:large, max-video-preview:-1\" \/>\r\n<link rel=\"canonical\" href=\"https:\/\/www.bvbs.de\/en\/computerworks-gmbh\/\" \/>\r\n<meta property=\"og:locale\" content=\"en_GB\" \/>\r\n<meta property=\"og:type\" content=\"article\" \/>\r\n<meta property=\"og:title\" content=\"ComputerWorks GmbH - BVBS Bundesverband Software und Digitalisierung im Bauwesen e.V.\" \/>\r\n<meta property=\"og:description\" content=\"Die ComputerWorks GmbH entwickelt und vertreibt Softwarel\u00f6sungen f\u00fcr Bauwesen, Design und Projektmanagement.\" \/>\r\n<meta property=\"og:url\" content=\"https:\/\/www.bvbs.de\/en\/computerworks-gmbh\/\" \/>\r\n<meta property=\"og:site_name\" content=\"BVBS Bundesverband Software und Digitalisierung im Bauwesen e.V.\" \/>\r\n<meta property=\"article:modified_time\" content=\"2026-05-04T07:19:59+00:00\" \/>\r\n<meta name=\"twitter:card\" content=\"summary_large_image\" \/>\r\n<meta name=\"twitter:label1\" content=\"Estimated reading time\" \/>\n\t<meta name=\"twitter:data1\" content=\"2 minutes\" \/>\r\n<script type=\"application\/ld+json\" class=\"yoast-schema-graph\">{\"@context\":\"https:\/\/schema.org\",\"@graph\":[{\"@type\":\"WebPage\",\"@id\":\"https:\/\/www.bvbs.de\/computerworks-gmbh\/\",\"url\":\"https:\/\/www.bvbs.de\/computerworks-gmbh\/\",\"name\":\"ComputerWorks GmbH - BVBS Bundesverband Software und Digitalisierung im Bauwesen e.V.\",\"isPartOf\":{\"@id\":\"https:\/\/www.bvbs.de\/#website\"},\"datePublished\":\"2018-04-24T14:03:58+00:00\",\"dateModified\":\"2026-05-04T07:19:59+00:00\",\"description\":\"Die ComputerWorks GmbH entwickelt und vertreibt Softwarel\u00f6sungen f\u00fcr Bauwesen, Design und Projektmanagement.\",\"breadcrumb\":{\"@id\":\"https:\/\/www.bvbs.de\/computerworks-gmbh\/#breadcrumb\"},\"inLanguage\":\"en-GB\",\"potentialAction\":[{\"@type\":\"ReadAction\",\"target\":[\"https:\/\/www.bvbs.de\/computerworks-gmbh\/\"]}]},{\"@type\":\"BreadcrumbList\",\"@id\":\"https:\/\/www.bvbs.de\/computerworks-gmbh\/#breadcrumb\",\"itemListElement\":[{\"@type\":\"ListItem\",\"position\":1,\"name\":\"Startseite\",\"item\":\"https:\/\/www.bvbs.de\/\"},{\"@type\":\"ListItem\",\"position\":2,\"name\":\"ComputerWorks GmbH\"}]},{\"@type\":\"WebSite\",\"@id\":\"https:\/\/www.bvbs.de\/#website\",\"url\":\"https:\/\/www.bvbs.de\/\",\"name\":\"BVBS Bundesverband Software und Digitalisierung im Bauwesen e.V.\",\"description\":\"\",\"publisher\":{\"@id\":\"https:\/\/www.bvbs.de\/#organization\"},\"potentialAction\":[{\"@type\":\"SearchAction\",\"target\":{\"@type\":\"EntryPoint\",\"urlTemplate\":\"https:\/\/www.bvbs.de\/?s={search_term_string}\"},\"query-input\":{\"@type\":\"PropertyValueSpecification\",\"valueRequired\":true,\"valueName\":\"search_term_string\"}}],\"inLanguage\":\"en-GB\"},{\"@type\":\"Organization\",\"@id\":\"https:\/\/www.bvbs.de\/#organization\",\"name\":\"BVBS Bundesverband Software und Digitalisierung im Bauwesen\",\"url\":\"https:\/\/www.bvbs.de\/\",\"logo\":{\"@type\":\"ImageObject\",\"inLanguage\":\"en-GB\",\"@id\":\"https:\/\/www.bvbs.de\/#\/schema\/logo\/image\/\",\"url\":\"https:\/\/www.bvbs.de\/wp-content\/uploads\/2024\/01\/cropped-favicon-bvbs.png\",\"contentUrl\":\"https:\/\/www.bvbs.de\/wp-content\/uploads\/2024\/01\/cropped-favicon-bvbs.png\",\"width\":512,\"height\":512,\"caption\":\"BVBS Bundesverband Software und Digitalisierung im Bauwesen\"},\"image\":{\"@id\":\"https:\/\/www.bvbs.de\/#\/schema\/logo\/image\/\"}}]}<\/script>\r\n<!-- \/ Yoast SEO plugin. -->","yoast_head_json":{"title":"Com\u00adpu\u00adter\u00adWorks GmbH \u2014 BVBS Bun\u00addes\u00adver\u00adband Soft\u00adware und Digi\u00adta\u00adli\u00adsie\u00adrung im Bau\u00adwe\u00adsen e.V.","description":"Die Com\u00adpu\u00adter\u00adWorks GmbH ent\u00adwi\u00adckelt und ver\u00adtreibt Soft\u00adware\u00adl\u00f6\u00adsun\u00adgen f\u00fcr Bau\u00adwe\u00adsen, Design und Projektmanagement.","robots":{"index":"index","follow":"follow","max-snippet":"max-snippet:-1","max-image-preview":"max-image-preview:large","max-video-preview":"max-video-preview:-1"},"canonical":"https:\/\/www.bvbs.de\/en\/computerworks-gmbh\/","og_locale":"en_GB","og_type":"article","og_title":"ComputerWorks GmbH - BVBS Bundesverband Software und Digitalisierung im Bauwesen e.V.","og_description":"Die ComputerWorks GmbH entwickelt und vertreibt Softwarel\u00f6sungen f\u00fcr Bauwesen, Design und Projektmanagement.","og_url":"https:\/\/www.bvbs.de\/en\/computerworks-gmbh\/","og_site_name":"BVBS Bundesverband Software und Digitalisierung im Bauwesen e.V.","article_modified_time":"2026-05-04T07:19:59+00:00","twitter_card":"summary_large_image","twitter_misc":{"Estimated reading time":"2 minutes"},"schema":{"@context":"https:\/\/schema.org","@graph":[{"@type":"WebPage","@id":"https:\/\/www.bvbs.de\/computerworks-gmbh\/","url":"https:\/\/www.bvbs.de\/computerworks-gmbh\/","name":"Com\u00adpu\u00adter\u00adWorks GmbH \u2014 BVBS Bun\u00addes\u00adver\u00adband Soft\u00adware und Digi\u00adta\u00adli\u00adsie\u00adrung im Bau\u00adwe\u00adsen e.V.","isPartOf":{"@id":"https:\/\/www.bvbs.de\/#website"},"datePublished":"2018-04-24T14:03:58+00:00","dateModified":"2026-05-04T07:19:59+00:00","description":"Die Com\u00adpu\u00adter\u00adWorks GmbH ent\u00adwi\u00adckelt und ver\u00adtreibt Soft\u00adware\u00adl\u00f6\u00adsun\u00adgen f\u00fcr Bau\u00adwe\u00adsen, Design und Projektmanagement.","breadcrumb":{"@id":"https:\/\/www.bvbs.de\/computerworks-gmbh\/#breadcrumb"},"inLanguage":"en-GB","potentialAction":[{"@type":"ReadAction","target":["https:\/\/www.bvbs.de\/computerworks-gmbh\/"]}]},{"@type":"BreadcrumbList","@id":"https:\/\/www.bvbs.de\/computerworks-gmbh\/#breadcrumb","itemListElement":[{"@type":"ListItem","position":1,"name":"Startseite","item":"https:\/\/www.bvbs.de\/"},{"@type":"ListItem","position":2,"name":"ComputerWorks GmbH"}]},{"@type":"WebSite","@id":"https:\/\/www.bvbs.de\/#website","url":"https:\/\/www.bvbs.de\/","name":"BVBS Bun\u00addes\u00adver\u00adband Soft\u00adware und Digi\u00adta\u00adli\u00adsie\u00adrung im Bau\u00adwe\u00adsen e.V.","description":"","publisher":{"@id":"https:\/\/www.bvbs.de\/#organization"},"potentialAction":[{"@type":"SearchAction","target":{"@type":"EntryPoint","urlTemplate":"https:\/\/www.bvbs.de\/?s={search_term_string}"},"query-input":{"@type":"PropertyValueSpecification","valueRequired":true,"valueName":"search_term_string"}}],"inLanguage":"en-GB"},{"@type":"Organization","@id":"https:\/\/www.bvbs.de\/#organization","name":"BVBS Bun\u00addes\u00adver\u00adband Soft\u00adware und Digi\u00adta\u00adli\u00adsie\u00adrung im Bauwesen","url":"https:\/\/www.bvbs.de\/","logo":{"@type":"ImageObject","inLanguage":"en-GB","@id":"https:\/\/www.bvbs.de\/#\/schema\/logo\/image\/","url":"https:\/\/www.bvbs.de\/wp-content\/uploads\/2024\/01\/cropped-favicon-bvbs.png","contentUrl":"https:\/\/www.bvbs.de\/wp-content\/uploads\/2024\/01\/cropped-favicon-bvbs.png","width":512,"height":512,"caption":"BVBS Bundesverband Software und Digitalisierung im Bauwesen"},"image":{"@id":"https:\/\/www.bvbs.de\/#\/schema\/logo\/image\/"}}]}},"_links":{"self":[{"href":"https:\/\/www.bvbs.de\/en\/wp-json\/wp\/v2\/pages\/1110","targetHints":{"allow":["GET"]}}],"collection":[{"href":"https:\/\/www.bvbs.de\/en\/wp-json\/wp\/v2\/pages"}],"about":[{"href":"https:\/\/www.bvbs.de\/en\/wp-json\/wp\/v2\/types\/page"}],"author":[{"embeddable":true,"href":"https:\/\/www.bvbs.de\/en\/wp-json\/wp\/v2\/users\/760"}],"replies":[{"embeddable":true,"href":"https:\/\/www.bvbs.de\/en\/wp-json\/wp\/v2\/comments?post=1110"}],"version-history":[{"count":2,"href":"https:\/\/www.bvbs.de\/en\/wp-json\/wp\/v2\/pages\/1110\/revisions"}],"predecessor-version":[{"id":29177,"href":"https:\/\/www.bvbs.de\/en\/wp-json\/wp\/v2\/pages\/1110\/revisions\/29177"}],"wp:attachment":[{"href":"https:\/\/www.bvbs.de\/en\/wp-json\/wp\/v2\/media?parent=1110"}],"curies":[{"name":"wp","href":"https:\/\/api.w.org\/{rel}","templated":true}]}}