{"id":1134,"date":"2018-04-25T11:24:37","date_gmt":"2018-04-25T09:24:37","guid":{"rendered":"https:\/\/www.bvbs.de\/?page_id=1134"},"modified":"2025-07-10T20:21:46","modified_gmt":"2025-07-10T18:21:46","slug":"dr-schiller-partner-gmbh","status":"publish","type":"page","link":"https:\/\/www.bvbs.de\/en\/dr-schiller-partner-gmbh\/","title":{"rendered":"Dr. Schil\u00adler &amp; Part\u00adner&nbsp;GmbH"},"content":{"rendered":"<p>[et_pb_section fb_built=&#8220;1&#8243; fullwidth=&#8220;on&#8220; _builder_version=&#8220;4.16&#8243; global_colors_info=&#8220;{}&#8220;][et_pb_fullwidth_slider _builder_version=&#8220;4.16&#8243; body_font=&#8220;||||||||&#8220; background_image=&#8220;https:\/\/www.bvbs.de\/wp-content\/uploads\/2021\/02\/mitglieder-bg.jpg&#8220; global_colors_info=&#8220;{}&#8220; button_text_size__hover_enabled=&#8220;off&#8220; button_one_text_size__hover_enabled=&#8220;off&#8220; button_two_text_size__hover_enabled=&#8220;off&#8220; button_text_color__hover_enabled=&#8220;off&#8220; button_one_text_color__hover_enabled=&#8220;off&#8220; button_two_text_color__hover_enabled=&#8220;off&#8220; button_border_width__hover_enabled=&#8220;off&#8220; button_one_border_width__hover_enabled=&#8220;off&#8220; button_two_border_width__hover_enabled=&#8220;off&#8220; button_border_color__hover_enabled=&#8220;off&#8220; button_one_border_color__hover_enabled=&#8220;off&#8220; button_two_border_color__hover_enabled=&#8220;off&#8220; button_border_radius__hover_enabled=&#8220;off&#8220; button_one_border_radius__hover_enabled=&#8220;off&#8220; button_two_border_radius__hover_enabled=&#8220;off&#8220; button_letter_spacing__hover_enabled=&#8220;off&#8220; button_one_letter_spacing__hover_enabled=&#8220;off&#8220; button_two_letter_spacing__hover_enabled=&#8220;off&#8220; button_bg_color__hover_enabled=&#8220;off&#8220; button_one_bg_color__hover_enabled=&#8220;off&#8220; button_two_bg_color__hover_enabled=&#8220;off&#8220;][et_pb_slide heading=&#8220;Dr. Schiller &#038; Partner GmbH &#8220; _builder_version=&#8220;4.16&#8243; header_font=&#8220;Roboto|700|||||||&#8220; body_font=&#8220;Roboto||||||||&#8220; background_color=&#8220;#ffffff&#8220; global_colors_info=&#8220;{}&#8220; button_text_size__hover_enabled=&#8220;off&#8220; button_one_text_size__hover_enabled=&#8220;off&#8220; button_two_text_size__hover_enabled=&#8220;off&#8220; button_text_color__hover_enabled=&#8220;off&#8220; button_one_text_color__hover_enabled=&#8220;off&#8220; button_two_text_color__hover_enabled=&#8220;off&#8220; button_border_width__hover_enabled=&#8220;off&#8220; button_one_border_width__hover_enabled=&#8220;off&#8220; button_two_border_width__hover_enabled=&#8220;off&#8220; button_border_color__hover_enabled=&#8220;off&#8220; button_one_border_color__hover_enabled=&#8220;off&#8220; button_two_border_color__hover_enabled=&#8220;off&#8220; button_border_radius__hover_enabled=&#8220;off&#8220; button_one_border_radius__hover_enabled=&#8220;off&#8220; button_two_border_radius__hover_enabled=&#8220;off&#8220; button_letter_spacing__hover_enabled=&#8220;off&#8220; button_one_letter_spacing__hover_enabled=&#8220;off&#8220; button_two_letter_spacing__hover_enabled=&#8220;off&#8220; button_bg_color__hover_enabled=&#8220;off&#8220; button_one_bg_color__hover_enabled=&#8220;off&#8220; button_two_bg_color__hover_enabled=&#8220;off&#8220; sticky_transition=&#8220;on&#8220;]BVBS Mitgliedsunternehmen<br \/>\n[\/et_pb_slide][\/et_pb_fullwidth_slider][\/et_pb_section][et_pb_section fb_built=&#8220;1&#8243; _builder_version=&#8220;4.16&#8243; global_colors_info=&#8220;{}&#8220;][et_pb_row column_structure=&#8220;1_3,2_3&#8243; _builder_version=&#8220;4.16&#8243; custom_padding=&#8220;27px|0px|50px|0px&#8220; border_width_bottom=&#8220;1px&#8220; border_color_bottom=&#8220;rgba(51,51,51,0.18)&#8220; global_colors_info=&#8220;{}&#8220;][et_pb_column type=&#8220;1_3&#8243; _builder_version=&#8220;4.16&#8243; custom_padding=&#8220;|||&#8220; global_colors_info=&#8220;{}&#8220; custom_padding__hover=&#8220;|||&#8220;][et_pb_text _builder_version=&#8220;4.16&#8243; text_font=&#8220;Roboto|700|||||||&#8220; text_text_color=&#8220;#696666&#8243; text_font_size=&#8220;40px&#8220; global_colors_info=&#8220;{}&#8220;]Allgemeines<br \/>\n[\/et_pb_text][\/et_pb_column][et_pb_column type=&#8220;2_3&#8243; _builder_version=&#8220;4.16&#8243; custom_padding=&#8220;|||&#8220; global_colors_info=&#8220;{}&#8220; custom_padding__hover=&#8220;|||&#8220;][et_pb_text _builder_version=&#8220;4.27.3&#8243; text_font=&#8220;||||||||&#8220; global_colors_info=&#8220;{}&#8220;]<\/p>\n<div id=\"mitglied-unternehmensdarstellung-225\" class=\"mod_article zweispaltig bottomLineOn block\">\n<div class=\"ce_text block\">\n<p>Seit \u00fcber 30 Jahren ist Dr. Schiller &amp; Partner \u2013 Dynamische BauDaten \u2013 Lieferant von Baudaten und Bausoftware f\u00fcr Architekten, Planende, Bauunternehmer und Bauherren. Mit seinen intelligenten L\u00f6sungen f\u00fcr effiziente und zielgerichtete Ausschreibung, Kostenplanung und Kalkulation unterst\u00fctzt Dr. Schiller &amp; Partner die Digitalisierung des Bauwesens und macht den Einsatz von BIM einfach und praxisnah.<\/p>\n<p>Die DBD-Datenprodukte nutzen Anwender softwareintegriert in ihrer CAD-, AVA- oder Kalkulationssoftware und greifen dabei nahtlos auf zuverl\u00e4ssige Baukosten, Leistungsbeschreibungen und Kalkulationsdaten zu. Dynamische, VOB-gerechte Ausschreibungstexte von STLB-Bau sorgen f\u00fcr Sicherheit beim Ausschreiben. STLB-Bau wird von den Arbeitskreisen des GAEB aufgestellt, von Dr. Schiller &amp; Partner GmbH datentechnisch umgesetzt und von DIN herausgegeben.<\/p>\n<p>Smarte Softwarel\u00f6sungen von Dr. Schiller &amp; Partner sind speziell f\u00fcr die effiziente Verkn\u00fcpfung von Baudaten und Bauwerksmodellen konzipiert. Mit Baupl\u00e4nen, IFC-Modellen oder CAD-Plug-ins arbeiten Anwender modellbasiert in der Baukostenplanung oder bei der Vorbereitung von Angebotskalkulationen.<\/p>\n<\/div>\n<\/div>\n<p>[\/et_pb_text][\/et_pb_column][\/et_pb_row][et_pb_row column_structure=&#8220;1_3,2_3&#8243; _builder_version=&#8220;4.16&#8243; custom_padding=&#8220;50px|0px|50px|0px&#8220; border_width_bottom=&#8220;1px&#8220; border_color_bottom=&#8220;rgba(51,51,51,0.18)&#8220; global_colors_info=&#8220;{}&#8220;][et_pb_column type=&#8220;1_3&#8243; _builder_version=&#8220;4.16&#8243; custom_padding=&#8220;|||&#8220; global_colors_info=&#8220;{}&#8220; custom_padding__hover=&#8220;|||&#8220;][et_pb_text _builder_version=&#8220;4.16&#8243; text_font=&#8220;Roboto|700|||||||&#8220; text_text_color=&#8220;#696666&#8243; text_font_size=&#8220;40px&#8220; global_colors_info=&#8220;{}&#8220;]Produkte<br \/>\n[\/et_pb_text][\/et_pb_column][et_pb_column type=&#8220;2_3&#8243; _builder_version=&#8220;4.16&#8243; custom_padding=&#8220;|||&#8220; global_colors_info=&#8220;{}&#8220; custom_padding__hover=&#8220;|||&#8220;][et_pb_text _builder_version=&#8220;4.27.3&#8243; global_colors_info=&#8220;{}&#8220;]<\/p>\n<p><strong>Baudaten:<\/strong><\/p>\n<p><a href=\"http:\/\/www.dbd.de\/dbd-bim\" target=\"_blank\" rel=\"noopener\"><strong>DBD-BIM<\/strong><\/a><br \/>BIM-Daten f\u00fcr Bauteile mit Baukosten, Bauleistungen &amp; standardisierten Attributen<\/p>\n<p><a href=\"http:\/\/www.dbd.de\/dbd-baupreise\" target=\"_blank\" rel=\"noopener\"><strong>DBD-BauPreise<\/strong><\/a>\u00a0<br \/>Aktuelle, regionale Orientierungspreise f\u00fcr bepreiste Leistungsverzeichnisse<\/p>\n<p><a href=\"http:\/\/www.dbd.de\/dbd-kostenansaetze\" target=\"_blank\" rel=\"noopener\"><strong>DBD-KostenAns\u00e4tze<\/strong><\/a>\u00a0<br \/>Umfangreiche und aktuelle Kalkulationsdaten auf Basis von Einzelkosten der Teilleistungen<\/p>\n<p><a href=\"http:\/\/www.dbd.de\/stlb-bau\" target=\"_blank\" rel=\"noopener\"><strong>STLB-Bau\u00a0<\/strong><\/a><br \/>VOB-gerechte Ausschreibungstexte<\/p>\n<p>&nbsp;<\/p>\n<p><strong>Bausoftware:<\/strong><\/p>\n<p><a href=\"http:\/\/www.dbd.de\/dbd-connect\" target=\"_blank\" rel=\"noopener\"><strong>DBD-Connect<\/strong><\/a><br \/>Kostenplanung und Angebotskalkulation mit IFC-Modellen.<\/p>\n<p><a href=\"http:\/\/www.dbd.de\/dbd-kostenkalkuel\" target=\"_blank\" rel=\"noopener\"><strong>DBD-KostenKalk\u00fcl<\/strong><\/a>\u00a0<br \/>Grafische Mengenermittlung aus Baupl\u00e4nen f\u00fcr Kalkulation.<\/p>\n<p><a href=\"http:\/\/www.dbd.de\/dbd-bim-plugin-fuer-revit\/\" target=\"_blank\" rel=\"noopener\"><strong>DBD-BIM Plug-in f\u00fcr Autodesk Revit<\/strong><\/a>\u00a0<br \/>BIM-Daten von DBD-BIM direkt in Revit nutzen.<\/p>\n<p><a href=\"http:\/\/www.dbd.de\/dbd-bim-plugin-fuer-archicad\/\" target=\"_blank\" rel=\"noopener\"><strong>DBD-BIM Plug-in f\u00fcr ARCHICAD<\/strong><\/a>\u00a0<br \/>BIM-Daten von DBD-BIM direkt in ARCHICAD nutzen.<\/p>\n<p>[\/et_pb_text][\/et_pb_column][\/et_pb_row][et_pb_row column_structure=&#8220;1_3,1_3,1_3&#8243; _builder_version=&#8220;4.16&#8243; custom_padding=&#8220;50px|0px|27px|0px&#8220; global_colors_info=&#8220;{}&#8220;][et_pb_column type=&#8220;1_3&#8243; _builder_version=&#8220;4.16&#8243; custom_padding=&#8220;|||&#8220; global_colors_info=&#8220;{}&#8220; custom_padding__hover=&#8220;|||&#8220;][et_pb_text _builder_version=&#8220;4.16&#8243; text_font=&#8220;Roboto|700|||||||&#8220; text_text_color=&#8220;#696666&#8243; text_font_size=&#8220;40px&#8220; global_colors_info=&#8220;{}&#8220;]Kontakt<br \/>\n[\/et_pb_text][\/et_pb_column][et_pb_column type=&#8220;1_3&#8243; _builder_version=&#8220;4.16&#8243; custom_padding=&#8220;|||&#8220; global_colors_info=&#8220;{}&#8220; custom_padding__hover=&#8220;|||&#8220;][et_pb_text _builder_version=&#8220;4.27.3&#8243; custom_margin=&#8220;||||false|false&#8220; custom_padding=&#8220;|||&#8220; global_colors_info=&#8220;{}&#8220;]<\/p>\n<p><strong>Dr. Schiller &amp; Partner GmbH<br \/><\/strong>Liebigstra\u00dfe 3<br \/>D-01069 Dresden<\/p>\n<p>Telefon: +49 351 436 59 60<br \/>Telefax: +49 351 436 59 61<\/p>\n<p>E-Mail:\u00a0<a href=\"mailto:&#105;n&#102;&#111;&#064;dbd&#046;d&#101;\">&#105;n&#102;&#111;&#64;&#100;&#98;&#100;&#46;&#100;e<\/a><br \/>Internet:\u00a0<a href=\"http:\/\/www.dbd.de\/\" target=\"_blank\" rel=\"noopener noreferrer\">www.dbd.de<\/a><\/p>\n<p>[\/et_pb_text][\/et_pb_column][et_pb_column type=&#8220;1_3&#8243; _builder_version=&#8220;4.16&#8243; custom_padding=&#8220;|||&#8220; global_colors_info=&#8220;{}&#8220; custom_padding__hover=&#8220;|||&#8220;][et_pb_image src=&#8220;https:\/\/www.bvbs.de\/wp-content\/uploads\/2018\/04\/dbd.png&#8220; align_tablet=&#8220;center&#8220; align_phone=&#8220;center&#8220; align_last_edited=&#8220;on|desktop&#8220; _builder_version=&#8220;4.16&#8243; global_colors_info=&#8220;{}&#8220;]&nbsp;<br \/>\n[\/et_pb_image][\/et_pb_column][\/et_pb_row][\/et_pb_section]<\/p>\n","protected":false},"excerpt":{"rendered":"<p>BVBS Mitgliedsunternehmen Allgemeines Seit \u00fcber 30 Jahren ist Dr. Schiller &amp; Partner \u2013 Dynamische BauDaten \u2013 Lieferant von Baudaten und Bausoftware f\u00fcr Architekten, Planende, Bauunternehmer und Bauherren. Mit seinen intelligenten L\u00f6sungen f\u00fcr effiziente und zielgerichtete Ausschreibung, Kostenplanung und Kalkulation unterst\u00fctzt Dr. Schiller &amp; Partner die Digitalisierung des Bauwesens und macht den Einsatz von BIM einfach [&hellip;]<\/p>\n","protected":false},"author":760,"featured_media":0,"parent":0,"menu_order":0,"comment_status":"closed","ping_status":"closed","template":"","meta":{"_et_pb_use_builder":"on","_et_pb_old_content":"","_et_gb_content_width":"","wp_typography_post_enhancements_disabled":false,"footnotes":""},"class_list":["post-1134","page","type-page","status-publish","hentry"],"yoast_head":"<!-- This site is optimized with the Yoast SEO plugin v26.1.1 - https:\/\/yoast.com\/wordpress\/plugins\/seo\/ -->\r\n<title>Dr. Schiller &amp; Partner GmbH - BVBS Bundesverband Software und Digitalisierung im Bauwesen e.V.<\/title>\r\n<meta name=\"robots\" content=\"index, follow, max-snippet:-1, max-image-preview:large, max-video-preview:-1\" \/>\r\n<link rel=\"canonical\" href=\"https:\/\/www.bvbs.de\/en\/dr-schiller-partner-gmbh\/\" \/>\r\n<meta property=\"og:locale\" content=\"en_GB\" \/>\r\n<meta property=\"og:type\" content=\"article\" \/>\r\n<meta property=\"og:title\" content=\"Dr. Schiller &amp; Partner GmbH - BVBS Bundesverband Software und Digitalisierung im Bauwesen e.V.\" \/>\r\n<meta property=\"og:description\" content=\"BVBS Mitgliedsunternehmen Allgemeines Seit \u00fcber 30 Jahren ist Dr. Schiller &amp; Partner \u2013 Dynamische BauDaten \u2013 Lieferant von Baudaten und Bausoftware f\u00fcr Architekten, Planende, Bauunternehmer und Bauherren. Mit seinen intelligenten L\u00f6sungen f\u00fcr effiziente und zielgerichtete Ausschreibung, Kostenplanung und Kalkulation unterst\u00fctzt Dr. Schiller &amp; Partner die Digitalisierung des Bauwesens und macht den Einsatz von BIM einfach [&hellip;]\" \/>\r\n<meta property=\"og:url\" content=\"https:\/\/www.bvbs.de\/en\/dr-schiller-partner-gmbh\/\" \/>\r\n<meta property=\"og:site_name\" content=\"BVBS Bundesverband Software und Digitalisierung im Bauwesen e.V.\" \/>\r\n<meta property=\"article:modified_time\" content=\"2025-07-10T18:21:46+00:00\" \/>\r\n<meta name=\"twitter:card\" content=\"summary_large_image\" \/>\r\n<meta name=\"twitter:label1\" content=\"Estimated reading time\" \/>\n\t<meta name=\"twitter:data1\" content=\"2 minutes\" \/>\r\n<script type=\"application\/ld+json\" class=\"yoast-schema-graph\">{\"@context\":\"https:\/\/schema.org\",\"@graph\":[{\"@type\":\"WebPage\",\"@id\":\"https:\/\/www.bvbs.de\/dr-schiller-partner-gmbh\/\",\"url\":\"https:\/\/www.bvbs.de\/dr-schiller-partner-gmbh\/\",\"name\":\"Dr. Schiller & Partner GmbH - BVBS Bundesverband Software und Digitalisierung im Bauwesen e.V.\",\"isPartOf\":{\"@id\":\"https:\/\/www.bvbs.de\/#website\"},\"datePublished\":\"2018-04-25T09:24:37+00:00\",\"dateModified\":\"2025-07-10T18:21:46+00:00\",\"breadcrumb\":{\"@id\":\"https:\/\/www.bvbs.de\/dr-schiller-partner-gmbh\/#breadcrumb\"},\"inLanguage\":\"en-GB\",\"potentialAction\":[{\"@type\":\"ReadAction\",\"target\":[\"https:\/\/www.bvbs.de\/dr-schiller-partner-gmbh\/\"]}]},{\"@type\":\"BreadcrumbList\",\"@id\":\"https:\/\/www.bvbs.de\/dr-schiller-partner-gmbh\/#breadcrumb\",\"itemListElement\":[{\"@type\":\"ListItem\",\"position\":1,\"name\":\"Startseite\",\"item\":\"https:\/\/www.bvbs.de\/\"},{\"@type\":\"ListItem\",\"position\":2,\"name\":\"Dr. Schiller &#038; Partner GmbH\"}]},{\"@type\":\"WebSite\",\"@id\":\"https:\/\/www.bvbs.de\/#website\",\"url\":\"https:\/\/www.bvbs.de\/\",\"name\":\"BVBS Bundesverband Software und Digitalisierung im Bauwesen e.V.\",\"description\":\"\",\"publisher\":{\"@id\":\"https:\/\/www.bvbs.de\/#organization\"},\"potentialAction\":[{\"@type\":\"SearchAction\",\"target\":{\"@type\":\"EntryPoint\",\"urlTemplate\":\"https:\/\/www.bvbs.de\/?s={search_term_string}\"},\"query-input\":{\"@type\":\"PropertyValueSpecification\",\"valueRequired\":true,\"valueName\":\"search_term_string\"}}],\"inLanguage\":\"en-GB\"},{\"@type\":\"Organization\",\"@id\":\"https:\/\/www.bvbs.de\/#organization\",\"name\":\"BVBS Bundesverband Software und Digitalisierung im Bauwesen\",\"url\":\"https:\/\/www.bvbs.de\/\",\"logo\":{\"@type\":\"ImageObject\",\"inLanguage\":\"en-GB\",\"@id\":\"https:\/\/www.bvbs.de\/#\/schema\/logo\/image\/\",\"url\":\"https:\/\/www.bvbs.de\/wp-content\/uploads\/2024\/01\/cropped-favicon-bvbs.png\",\"contentUrl\":\"https:\/\/www.bvbs.de\/wp-content\/uploads\/2024\/01\/cropped-favicon-bvbs.png\",\"width\":512,\"height\":512,\"caption\":\"BVBS Bundesverband Software und Digitalisierung im Bauwesen\"},\"image\":{\"@id\":\"https:\/\/www.bvbs.de\/#\/schema\/logo\/image\/\"}}]}<\/script>\r\n<!-- \/ Yoast SEO plugin. -->","yoast_head_json":{"title":"Dr. Schil\u00adler &amp; Part\u00adner GmbH \u2014 BVBS Bun\u00addes\u00adver\u00adband Soft\u00adware und Digi\u00adta\u00adli\u00adsie\u00adrung im Bau\u00adwe\u00adsen e.V.","robots":{"index":"index","follow":"follow","max-snippet":"max-snippet:-1","max-image-preview":"max-image-preview:large","max-video-preview":"max-video-preview:-1"},"canonical":"https:\/\/www.bvbs.de\/en\/dr-schiller-partner-gmbh\/","og_locale":"en_GB","og_type":"article","og_title":"Dr. Schiller & Partner GmbH - BVBS Bundesverband Software und Digitalisierung im Bauwesen e.V.","og_description":"BVBS Mitgliedsunternehmen Allgemeines Seit \u00fcber 30 Jahren ist Dr. Schiller &amp; Partner \u2013 Dynamische BauDaten \u2013 Lieferant von Baudaten und Bausoftware f\u00fcr Architekten, Planende, Bauunternehmer und Bauherren. Mit seinen intelligenten L\u00f6sungen f\u00fcr effiziente und zielgerichtete Ausschreibung, Kostenplanung und Kalkulation unterst\u00fctzt Dr. Schiller &amp; Partner die Digitalisierung des Bauwesens und macht den Einsatz von BIM einfach [&hellip;]","og_url":"https:\/\/www.bvbs.de\/en\/dr-schiller-partner-gmbh\/","og_site_name":"BVBS Bundesverband Software und Digitalisierung im Bauwesen e.V.","article_modified_time":"2025-07-10T18:21:46+00:00","twitter_card":"summary_large_image","twitter_misc":{"Estimated reading time":"2 minutes"},"schema":{"@context":"https:\/\/schema.org","@graph":[{"@type":"WebPage","@id":"https:\/\/www.bvbs.de\/dr-schiller-partner-gmbh\/","url":"https:\/\/www.bvbs.de\/dr-schiller-partner-gmbh\/","name":"Dr. Schil\u00adler &amp; Part\u00adner GmbH \u2014 BVBS Bun\u00addes\u00adver\u00adband Soft\u00adware und Digi\u00adta\u00adli\u00adsie\u00adrung im Bau\u00adwe\u00adsen e.V.","isPartOf":{"@id":"https:\/\/www.bvbs.de\/#website"},"datePublished":"2018-04-25T09:24:37+00:00","dateModified":"2025-07-10T18:21:46+00:00","breadcrumb":{"@id":"https:\/\/www.bvbs.de\/dr-schiller-partner-gmbh\/#breadcrumb"},"inLanguage":"en-GB","potentialAction":[{"@type":"ReadAction","target":["https:\/\/www.bvbs.de\/dr-schiller-partner-gmbh\/"]}]},{"@type":"BreadcrumbList","@id":"https:\/\/www.bvbs.de\/dr-schiller-partner-gmbh\/#breadcrumb","itemListElement":[{"@type":"ListItem","position":1,"name":"Startseite","item":"https:\/\/www.bvbs.de\/"},{"@type":"ListItem","position":2,"name":"Dr. Schiller &#038; Partner GmbH"}]},{"@type":"WebSite","@id":"https:\/\/www.bvbs.de\/#website","url":"https:\/\/www.bvbs.de\/","name":"BVBS Bun\u00addes\u00adver\u00adband Soft\u00adware und Digi\u00adta\u00adli\u00adsie\u00adrung im Bau\u00adwe\u00adsen e.V.","description":"","publisher":{"@id":"https:\/\/www.bvbs.de\/#organization"},"potentialAction":[{"@type":"SearchAction","target":{"@type":"EntryPoint","urlTemplate":"https:\/\/www.bvbs.de\/?s={search_term_string}"},"query-input":{"@type":"PropertyValueSpecification","valueRequired":true,"valueName":"search_term_string"}}],"inLanguage":"en-GB"},{"@type":"Organization","@id":"https:\/\/www.bvbs.de\/#organization","name":"BVBS Bun\u00addes\u00adver\u00adband Soft\u00adware und Digi\u00adta\u00adli\u00adsie\u00adrung im Bauwesen","url":"https:\/\/www.bvbs.de\/","logo":{"@type":"ImageObject","inLanguage":"en-GB","@id":"https:\/\/www.bvbs.de\/#\/schema\/logo\/image\/","url":"https:\/\/www.bvbs.de\/wp-content\/uploads\/2024\/01\/cropped-favicon-bvbs.png","contentUrl":"https:\/\/www.bvbs.de\/wp-content\/uploads\/2024\/01\/cropped-favicon-bvbs.png","width":512,"height":512,"caption":"BVBS Bundesverband Software und Digitalisierung im Bauwesen"},"image":{"@id":"https:\/\/www.bvbs.de\/#\/schema\/logo\/image\/"}}]}},"_links":{"self":[{"href":"https:\/\/www.bvbs.de\/en\/wp-json\/wp\/v2\/pages\/1134","targetHints":{"allow":["GET"]}}],"collection":[{"href":"https:\/\/www.bvbs.de\/en\/wp-json\/wp\/v2\/pages"}],"about":[{"href":"https:\/\/www.bvbs.de\/en\/wp-json\/wp\/v2\/types\/page"}],"author":[{"embeddable":true,"href":"https:\/\/www.bvbs.de\/en\/wp-json\/wp\/v2\/users\/760"}],"replies":[{"embeddable":true,"href":"https:\/\/www.bvbs.de\/en\/wp-json\/wp\/v2\/comments?post=1134"}],"version-history":[{"count":0,"href":"https:\/\/www.bvbs.de\/en\/wp-json\/wp\/v2\/pages\/1134\/revisions"}],"wp:attachment":[{"href":"https:\/\/www.bvbs.de\/en\/wp-json\/wp\/v2\/media?parent=1134"}],"curies":[{"name":"wp","href":"https:\/\/api.w.org\/{rel}","templated":true}]}}