{"id":1186,"date":"2018-04-25T14:39:34","date_gmt":"2018-04-25T12:39:34","guid":{"rendered":"https:\/\/www.bvbs.de\/?page_id=1186"},"modified":"2025-09-25T12:24:23","modified_gmt":"2025-09-25T10:24:23","slug":"gw-software-ag","status":"publish","type":"page","link":"https:\/\/www.bvbs.de\/en\/gw-software-ag\/","title":{"rendered":"G&amp;W Soft\u00adware&nbsp;AG"},"content":{"rendered":"<p>[et_pb_section fb_built=&#8220;1&#8243; fullwidth=&#8220;on&#8220; _builder_version=&#8220;4.16&#8243; global_colors_info=&#8220;{}&#8220;][et_pb_fullwidth_slider _builder_version=&#8220;4.16&#8243; global_colors_info=&#8220;{}&#8220; button_text_size__hover_enabled=&#8220;off&#8220; button_one_text_size__hover_enabled=&#8220;off&#8220; button_two_text_size__hover_enabled=&#8220;off&#8220; button_text_color__hover_enabled=&#8220;off&#8220; button_one_text_color__hover_enabled=&#8220;off&#8220; button_two_text_color__hover_enabled=&#8220;off&#8220; button_border_width__hover_enabled=&#8220;off&#8220; button_one_border_width__hover_enabled=&#8220;off&#8220; button_two_border_width__hover_enabled=&#8220;off&#8220; button_border_color__hover_enabled=&#8220;off&#8220; button_one_border_color__hover_enabled=&#8220;off&#8220; button_two_border_color__hover_enabled=&#8220;off&#8220; button_border_radius__hover_enabled=&#8220;off&#8220; button_one_border_radius__hover_enabled=&#8220;off&#8220; button_two_border_radius__hover_enabled=&#8220;off&#8220; button_letter_spacing__hover_enabled=&#8220;off&#8220; button_one_letter_spacing__hover_enabled=&#8220;off&#8220; button_two_letter_spacing__hover_enabled=&#8220;off&#8220; button_bg_color__hover_enabled=&#8220;off&#8220; button_one_bg_color__hover_enabled=&#8220;off&#8220; button_two_bg_color__hover_enabled=&#8220;off&#8220;][et_pb_slide heading=&#8220;G&#038;W Software AG&#8220; use_bg_overlay=&#8220;off&#8220; use_text_overlay=&#8220;off&#8220; _builder_version=&#8220;4.16&#8243; header_font=&#8220;Roboto|700|||||||&#8220; body_font=&#8220;Roboto||||||||&#8220; background_color=&#8220;#ffffff&#8220; background_image=&#8220;https:\/\/www.bvbs.de\/wp-content\/uploads\/2021\/02\/mitglieder-bg.jpg&#8220; button_on_hover=&#8220;on&#8220; global_colors_info=&#8220;{}&#8220; button_text_size__hover_enabled=&#8220;off&#8220; button_one_text_size__hover_enabled=&#8220;off&#8220; button_two_text_size__hover_enabled=&#8220;off&#8220; button_text_color__hover_enabled=&#8220;off&#8220; button_one_text_color__hover_enabled=&#8220;off&#8220; button_two_text_color__hover_enabled=&#8220;off&#8220; button_border_width__hover_enabled=&#8220;off&#8220; button_one_border_width__hover_enabled=&#8220;off&#8220; button_two_border_width__hover_enabled=&#8220;off&#8220; button_border_color__hover_enabled=&#8220;off&#8220; button_one_border_color__hover_enabled=&#8220;off&#8220; button_two_border_color__hover_enabled=&#8220;off&#8220; button_border_radius__hover_enabled=&#8220;off&#8220; button_one_border_radius__hover_enabled=&#8220;off&#8220; button_two_border_radius__hover_enabled=&#8220;off&#8220; button_letter_spacing__hover_enabled=&#8220;off&#8220; button_one_letter_spacing__hover_enabled=&#8220;off&#8220; button_two_letter_spacing__hover_enabled=&#8220;off&#8220; button_bg_color__hover_enabled=&#8220;off&#8220; button_one_bg_color__hover_enabled=&#8220;off&#8220; button_two_bg_color__hover_enabled=&#8220;off&#8220; sticky_transition=&#8220;on&#8220;]BVBS Mitgliedsunternehmen<br \/>\n[\/et_pb_slide][\/et_pb_fullwidth_slider][\/et_pb_section][et_pb_section fb_built=&#8220;1&#8243; _builder_version=&#8220;4.16&#8243; global_colors_info=&#8220;{}&#8220;][et_pb_row column_structure=&#8220;1_3,2_3&#8243; _builder_version=&#8220;4.16&#8243; custom_padding=&#8220;27px|0px|50px|0px&#8220; border_width_bottom=&#8220;1px&#8220; border_color_bottom=&#8220;rgba(51,51,51,0.18)&#8220; global_colors_info=&#8220;{}&#8220;][et_pb_column type=&#8220;1_3&#8243; _builder_version=&#8220;4.16&#8243; custom_padding=&#8220;|||&#8220; global_colors_info=&#8220;{}&#8220; custom_padding__hover=&#8220;|||&#8220;][et_pb_text _builder_version=&#8220;4.16&#8243; text_font=&#8220;Roboto|700|||||||&#8220; text_text_color=&#8220;#696666&#8243; text_font_size=&#8220;40px&#8220; global_colors_info=&#8220;{}&#8220;]Allgemeines<br \/>\n[\/et_pb_text][\/et_pb_column][et_pb_column type=&#8220;2_3&#8243; _builder_version=&#8220;4.16&#8243; custom_padding=&#8220;|||&#8220; global_colors_info=&#8220;{}&#8220; custom_padding__hover=&#8220;|||&#8220;][et_pb_text _builder_version=&#8220;4.16&#8243; global_colors_info=&#8220;{}&#8220;]<\/p>\n<div id=\"mitglied-unternehmensdarstellung-225\" class=\"mod_article zweispaltig bottomLineOn block\">\n<div class=\"ce_text block\">\n<p>Die G&amp;W Software AG aus M\u00fcnchen ist seit 1983 spezialisiert auf durchg\u00e4ngige Softwarel\u00f6sungen f\u00fcr den Bereich Kostenplanung, AVA und Baucontrolling. Nutznie\u00dfer sind alle, die Kosten planen, kontrollieren, steuern und alle, die Leistungen ausschreiben, vergeben und abrechnen.<\/p>\n<p>Im Stammhaus in M\u00fcnchen sind Entwicklung, Vertrieb und Support gemeinsam angesiedelt. F\u00fcr eine fl\u00e4chendeckende Betreuung der Kunden sorgen eigene Niederlassungen in Berlin und Essen sowie ein bundesweites Netz von kompetenten Vertriebs- und Servicepartnern. Viele tausend Unternehmen, vom Einzelb\u00fcro bis zum Gro\u00dfunternehmen, vertrauen auf L\u00f6sungen von G&amp;W. Der Kundenkreis umfasst Planungsb\u00fcros aller Disziplinen, Versorgungs- und Entsorgungsunternehmen, Kommunen und kommunale Eigenbetriebe und Bauabteilungen unterschiedlichster Unternehmen.<\/p>\n<\/div>\n<\/div>\n<p>[\/et_pb_text][\/et_pb_column][\/et_pb_row][et_pb_row column_structure=&#8220;1_3,2_3&#8243; _builder_version=&#8220;4.16&#8243; custom_padding=&#8220;50px|0px|50px|0px&#8220; border_width_bottom=&#8220;1px&#8220; border_color_bottom=&#8220;rgba(51,51,51,0.18)&#8220; global_colors_info=&#8220;{}&#8220;][et_pb_column type=&#8220;1_3&#8243; _builder_version=&#8220;4.16&#8243; custom_padding=&#8220;|||&#8220; global_colors_info=&#8220;{}&#8220; custom_padding__hover=&#8220;|||&#8220;][et_pb_text _builder_version=&#8220;4.16&#8243; text_font=&#8220;Roboto|700|||||||&#8220; text_text_color=&#8220;#696666&#8243; text_font_size=&#8220;40px&#8220; global_colors_info=&#8220;{}&#8220;]Produkte<br \/>\n[\/et_pb_text][\/et_pb_column][et_pb_column type=&#8220;2_3&#8243; _builder_version=&#8220;4.16&#8243; custom_padding=&#8220;|||&#8220; global_colors_info=&#8220;{}&#8220; custom_padding__hover=&#8220;|||&#8220;][et_pb_text _builder_version=&#8220;4.16&#8243; global_colors_info=&#8220;{}&#8220;]<\/p>\n<p><strong><a href=\"https:\/\/gw-software.de\/california\" target=\"_blank\" rel=\"noopener\">CaliforniaX<\/a><br \/> <\/strong>Kostenplanung, Ausschreibung, Vergabe, Abrechnung, Baucontrolling,\u00a0Kostendokumentation, Kosten- und Mengensplitting, Zeitvertragsarbeiten, Nachtragsmanagement<\/p>\n<p><strong><a href=\"https:\/\/gw-software.de\/california\/bim2ava\" target=\"_blank\" rel=\"noopener\">BIM2AVA<\/a><br \/> <\/strong>Grafische Mengen- und Kostenermittlung aus IFC-Dateien im BIM-Prozess als Erweiterung von CaliforniaX<\/p>\n<p><strong><a href=\"https:\/\/gw-software.de\/california\/ava4cloud\" target=\"_blank\" rel=\"noopener\">AVA4CLOUD<\/a><br \/> <\/strong>Mit CaliforniaX plattform\u00fcbergreifend auf allen aktuellen Browsern und allen Endger\u00e4ten in der Cloud arbeiten.<\/p>\n<p>[\/et_pb_text][\/et_pb_column][\/et_pb_row][et_pb_row column_structure=&#8220;1_3,1_3,1_3&#8243; _builder_version=&#8220;4.16&#8243; custom_padding=&#8220;50px|0px|27px|0px&#8220; global_colors_info=&#8220;{}&#8220;][et_pb_column type=&#8220;1_3&#8243; _builder_version=&#8220;4.16&#8243; custom_padding=&#8220;|||&#8220; global_colors_info=&#8220;{}&#8220; custom_padding__hover=&#8220;|||&#8220;][et_pb_text _builder_version=&#8220;4.16&#8243; text_font=&#8220;Roboto|700|||||||&#8220; text_text_color=&#8220;#696666&#8243; text_font_size=&#8220;40px&#8220; global_colors_info=&#8220;{}&#8220;]Kontakt<br \/>\n[\/et_pb_text][\/et_pb_column][et_pb_column type=&#8220;1_3&#8243; _builder_version=&#8220;4.16&#8243; custom_padding=&#8220;|||&#8220; global_colors_info=&#8220;{}&#8220; custom_padding__hover=&#8220;|||&#8220;][et_pb_text _builder_version=&#8220;4.27.3&#8243; custom_padding=&#8220;|||&#8220; hover_enabled=&#8220;0&#8243; global_colors_info=&#8220;{}&#8220; sticky_enabled=&#8220;0&#8243;]<\/p>\n<p><strong>G&amp;W Software AG<\/strong><br \/>Stammhaus M\u00fcnchen<br \/>Rosenheimer Stra\u00dfe 141 h<br \/>81671 M\u00fcnchen<\/p>\n<p>Telefon: +49 89 51506-4<br \/>Telefax: +49 89 51506-999<\/p>\n<p>E-Mail: <a href=\"mailto:info@gw-software.de\">info@gw-software.de<\/a><br \/>Internet:\u00a0<a title=\"Website des G&amp;W\" href=\"http:\/\/www.gw-software.de\/\" target=\"_blank\" rel=\"noopener noreferrer\">www.gw-software.de<\/a><\/p>\n<p>[\/et_pb_text][\/et_pb_column][et_pb_column type=&#8220;1_3&#8243; _builder_version=&#8220;4.16&#8243; custom_padding=&#8220;|||&#8220; global_colors_info=&#8220;{}&#8220; custom_padding__hover=&#8220;|||&#8220;][et_pb_image src=&#8220;https:\/\/www.bvbs.de\/wp-content\/uploads\/2018\/05\/gwsoftware-logo.png&#8220; align_tablet=&#8220;left&#8220; align_phone=&#8220;left&#8220; align_last_edited=&#8220;on|phone&#8220; _builder_version=&#8220;4.27.3&#8243; hover_enabled=&#8220;0&#8243; global_colors_info=&#8220;{}&#8220; max_width_last_edited=&#8220;on|tablet&#8220; sticky_enabled=&#8220;0&#8243;][\/et_pb_image][\/et_pb_column][\/et_pb_row][\/et_pb_section]<\/p>\n","protected":false},"excerpt":{"rendered":"<p>BVBS Mitgliedsunternehmen Allgemeines Die G&amp;W Software AG aus M\u00fcnchen ist seit 1983 spezialisiert auf durchg\u00e4ngige Softwarel\u00f6sungen f\u00fcr den Bereich Kostenplanung, AVA und Baucontrolling. Nutznie\u00dfer sind alle, die Kosten planen, kontrollieren, steuern und alle, die Leistungen ausschreiben, vergeben und abrechnen. Im Stammhaus in M\u00fcnchen sind Entwicklung, Vertrieb und Support gemeinsam angesiedelt. F\u00fcr eine fl\u00e4chendeckende Betreuung der [&hellip;]<\/p>\n","protected":false},"author":760,"featured_media":0,"parent":0,"menu_order":0,"comment_status":"closed","ping_status":"closed","template":"","meta":{"_et_pb_use_builder":"on","_et_pb_old_content":"","_et_gb_content_width":"","wp_typography_post_enhancements_disabled":false,"footnotes":""},"class_list":["post-1186","page","type-page","status-publish","hentry"],"yoast_head":"<!-- This site is optimized with the Yoast SEO plugin v26.1.1 - https:\/\/yoast.com\/wordpress\/plugins\/seo\/ -->\r\n<title>G&amp;W Software AG - BVBS Bundesverband Software und Digitalisierung im Bauwesen e.V.<\/title>\r\n<meta name=\"robots\" content=\"index, follow, max-snippet:-1, max-image-preview:large, max-video-preview:-1\" \/>\r\n<link rel=\"canonical\" href=\"https:\/\/www.bvbs.de\/en\/gw-software-ag\/\" \/>\r\n<meta property=\"og:locale\" content=\"en_GB\" \/>\r\n<meta property=\"og:type\" content=\"article\" \/>\r\n<meta property=\"og:title\" content=\"G&amp;W Software AG - BVBS Bundesverband Software und Digitalisierung im Bauwesen e.V.\" \/>\r\n<meta property=\"og:description\" content=\"BVBS Mitgliedsunternehmen Allgemeines Die G&amp;W Software AG aus M\u00fcnchen ist seit 1983 spezialisiert auf durchg\u00e4ngige Softwarel\u00f6sungen f\u00fcr den Bereich Kostenplanung, AVA und Baucontrolling. Nutznie\u00dfer sind alle, die Kosten planen, kontrollieren, steuern und alle, die Leistungen ausschreiben, vergeben und abrechnen. Im Stammhaus in M\u00fcnchen sind Entwicklung, Vertrieb und Support gemeinsam angesiedelt. F\u00fcr eine fl\u00e4chendeckende Betreuung der [&hellip;]\" \/>\r\n<meta property=\"og:url\" content=\"https:\/\/www.bvbs.de\/en\/gw-software-ag\/\" \/>\r\n<meta property=\"og:site_name\" content=\"BVBS Bundesverband Software und Digitalisierung im Bauwesen e.V.\" \/>\r\n<meta property=\"article:modified_time\" content=\"2025-09-25T10:24:23+00:00\" \/>\r\n<meta name=\"twitter:card\" content=\"summary_large_image\" \/>\r\n<meta name=\"twitter:label1\" content=\"Estimated reading time\" \/>\n\t<meta name=\"twitter:data1\" content=\"2 minutes\" \/>\r\n<script type=\"application\/ld+json\" class=\"yoast-schema-graph\">{\"@context\":\"https:\/\/schema.org\",\"@graph\":[{\"@type\":\"WebPage\",\"@id\":\"https:\/\/www.bvbs.de\/gw-software-ag\/\",\"url\":\"https:\/\/www.bvbs.de\/gw-software-ag\/\",\"name\":\"G&W Software AG - BVBS Bundesverband Software und Digitalisierung im Bauwesen e.V.\",\"isPartOf\":{\"@id\":\"https:\/\/www.bvbs.de\/#website\"},\"datePublished\":\"2018-04-25T12:39:34+00:00\",\"dateModified\":\"2025-09-25T10:24:23+00:00\",\"breadcrumb\":{\"@id\":\"https:\/\/www.bvbs.de\/gw-software-ag\/#breadcrumb\"},\"inLanguage\":\"en-GB\",\"potentialAction\":[{\"@type\":\"ReadAction\",\"target\":[\"https:\/\/www.bvbs.de\/gw-software-ag\/\"]}]},{\"@type\":\"BreadcrumbList\",\"@id\":\"https:\/\/www.bvbs.de\/gw-software-ag\/#breadcrumb\",\"itemListElement\":[{\"@type\":\"ListItem\",\"position\":1,\"name\":\"Startseite\",\"item\":\"https:\/\/www.bvbs.de\/\"},{\"@type\":\"ListItem\",\"position\":2,\"name\":\"G&#038;W Software AG\"}]},{\"@type\":\"WebSite\",\"@id\":\"https:\/\/www.bvbs.de\/#website\",\"url\":\"https:\/\/www.bvbs.de\/\",\"name\":\"BVBS Bundesverband Software und Digitalisierung im Bauwesen e.V.\",\"description\":\"\",\"publisher\":{\"@id\":\"https:\/\/www.bvbs.de\/#organization\"},\"potentialAction\":[{\"@type\":\"SearchAction\",\"target\":{\"@type\":\"EntryPoint\",\"urlTemplate\":\"https:\/\/www.bvbs.de\/?s={search_term_string}\"},\"query-input\":{\"@type\":\"PropertyValueSpecification\",\"valueRequired\":true,\"valueName\":\"search_term_string\"}}],\"inLanguage\":\"en-GB\"},{\"@type\":\"Organization\",\"@id\":\"https:\/\/www.bvbs.de\/#organization\",\"name\":\"BVBS Bundesverband Software und Digitalisierung im Bauwesen\",\"url\":\"https:\/\/www.bvbs.de\/\",\"logo\":{\"@type\":\"ImageObject\",\"inLanguage\":\"en-GB\",\"@id\":\"https:\/\/www.bvbs.de\/#\/schema\/logo\/image\/\",\"url\":\"https:\/\/www.bvbs.de\/wp-content\/uploads\/2024\/01\/cropped-favicon-bvbs.png\",\"contentUrl\":\"https:\/\/www.bvbs.de\/wp-content\/uploads\/2024\/01\/cropped-favicon-bvbs.png\",\"width\":512,\"height\":512,\"caption\":\"BVBS Bundesverband Software und Digitalisierung im Bauwesen\"},\"image\":{\"@id\":\"https:\/\/www.bvbs.de\/#\/schema\/logo\/image\/\"}}]}<\/script>\r\n<!-- \/ Yoast SEO plugin. -->","yoast_head_json":{"title":"G&amp;W Soft\u00adware AG \u2014 BVBS Bun\u00addes\u00adver\u00adband Soft\u00adware und Digi\u00adta\u00adli\u00adsie\u00adrung im Bau\u00adwe\u00adsen e.V.","robots":{"index":"index","follow":"follow","max-snippet":"max-snippet:-1","max-image-preview":"max-image-preview:large","max-video-preview":"max-video-preview:-1"},"canonical":"https:\/\/www.bvbs.de\/en\/gw-software-ag\/","og_locale":"en_GB","og_type":"article","og_title":"G&W Software AG - BVBS Bundesverband Software und Digitalisierung im Bauwesen e.V.","og_description":"BVBS Mitgliedsunternehmen Allgemeines Die G&amp;W Software AG aus M\u00fcnchen ist seit 1983 spezialisiert auf durchg\u00e4ngige Softwarel\u00f6sungen f\u00fcr den Bereich Kostenplanung, AVA und Baucontrolling. Nutznie\u00dfer sind alle, die Kosten planen, kontrollieren, steuern und alle, die Leistungen ausschreiben, vergeben und abrechnen. Im Stammhaus in M\u00fcnchen sind Entwicklung, Vertrieb und Support gemeinsam angesiedelt. F\u00fcr eine fl\u00e4chendeckende Betreuung der [&hellip;]","og_url":"https:\/\/www.bvbs.de\/en\/gw-software-ag\/","og_site_name":"BVBS Bundesverband Software und Digitalisierung im Bauwesen e.V.","article_modified_time":"2025-09-25T10:24:23+00:00","twitter_card":"summary_large_image","twitter_misc":{"Estimated reading time":"2 minutes"},"schema":{"@context":"https:\/\/schema.org","@graph":[{"@type":"WebPage","@id":"https:\/\/www.bvbs.de\/gw-software-ag\/","url":"https:\/\/www.bvbs.de\/gw-software-ag\/","name":"G&amp;W Soft\u00adware AG \u2014 BVBS Bun\u00addes\u00adver\u00adband Soft\u00adware und Digi\u00adta\u00adli\u00adsie\u00adrung im Bau\u00adwe\u00adsen e.V.","isPartOf":{"@id":"https:\/\/www.bvbs.de\/#website"},"datePublished":"2018-04-25T12:39:34+00:00","dateModified":"2025-09-25T10:24:23+00:00","breadcrumb":{"@id":"https:\/\/www.bvbs.de\/gw-software-ag\/#breadcrumb"},"inLanguage":"en-GB","potentialAction":[{"@type":"ReadAction","target":["https:\/\/www.bvbs.de\/gw-software-ag\/"]}]},{"@type":"BreadcrumbList","@id":"https:\/\/www.bvbs.de\/gw-software-ag\/#breadcrumb","itemListElement":[{"@type":"ListItem","position":1,"name":"Startseite","item":"https:\/\/www.bvbs.de\/"},{"@type":"ListItem","position":2,"name":"G&#038;W Software AG"}]},{"@type":"WebSite","@id":"https:\/\/www.bvbs.de\/#website","url":"https:\/\/www.bvbs.de\/","name":"BVBS Bun\u00addes\u00adver\u00adband Soft\u00adware und Digi\u00adta\u00adli\u00adsie\u00adrung im Bau\u00adwe\u00adsen e.V.","description":"","publisher":{"@id":"https:\/\/www.bvbs.de\/#organization"},"potentialAction":[{"@type":"SearchAction","target":{"@type":"EntryPoint","urlTemplate":"https:\/\/www.bvbs.de\/?s={search_term_string}"},"query-input":{"@type":"PropertyValueSpecification","valueRequired":true,"valueName":"search_term_string"}}],"inLanguage":"en-GB"},{"@type":"Organization","@id":"https:\/\/www.bvbs.de\/#organization","name":"BVBS Bun\u00addes\u00adver\u00adband Soft\u00adware und Digi\u00adta\u00adli\u00adsie\u00adrung im Bauwesen","url":"https:\/\/www.bvbs.de\/","logo":{"@type":"ImageObject","inLanguage":"en-GB","@id":"https:\/\/www.bvbs.de\/#\/schema\/logo\/image\/","url":"https:\/\/www.bvbs.de\/wp-content\/uploads\/2024\/01\/cropped-favicon-bvbs.png","contentUrl":"https:\/\/www.bvbs.de\/wp-content\/uploads\/2024\/01\/cropped-favicon-bvbs.png","width":512,"height":512,"caption":"BVBS Bundesverband Software und Digitalisierung im Bauwesen"},"image":{"@id":"https:\/\/www.bvbs.de\/#\/schema\/logo\/image\/"}}]}},"_links":{"self":[{"href":"https:\/\/www.bvbs.de\/en\/wp-json\/wp\/v2\/pages\/1186","targetHints":{"allow":["GET"]}}],"collection":[{"href":"https:\/\/www.bvbs.de\/en\/wp-json\/wp\/v2\/pages"}],"about":[{"href":"https:\/\/www.bvbs.de\/en\/wp-json\/wp\/v2\/types\/page"}],"author":[{"embeddable":true,"href":"https:\/\/www.bvbs.de\/en\/wp-json\/wp\/v2\/users\/760"}],"replies":[{"embeddable":true,"href":"https:\/\/www.bvbs.de\/en\/wp-json\/wp\/v2\/comments?post=1186"}],"version-history":[{"count":0,"href":"https:\/\/www.bvbs.de\/en\/wp-json\/wp\/v2\/pages\/1186\/revisions"}],"wp:attachment":[{"href":"https:\/\/www.bvbs.de\/en\/wp-json\/wp\/v2\/media?parent=1186"}],"curies":[{"name":"wp","href":"https:\/\/api.w.org\/{rel}","templated":true}]}}