{"id":1200,"date":"2018-04-25T14:46:09","date_gmt":"2018-04-25T12:46:09","guid":{"rendered":"https:\/\/www.bvbs.de\/?page_id=1200"},"modified":"2025-09-23T15:41:39","modified_gmt":"2025-09-23T13:41:39","slug":"ibt-software","status":"publish","type":"page","link":"https:\/\/www.bvbs.de\/en\/ibt-software\/","title":{"rendered":"IB&amp;T Soft\u00adware&nbsp;GmbH"},"content":{"rendered":"<p>[et_pb_section fb_built=&#8220;1&#8243; fullwidth=&#8220;on&#8220; _builder_version=&#8220;4.16&#8243; global_colors_info=&#8220;{}&#8220;][et_pb_fullwidth_slider _builder_version=&#8220;4.16&#8243; global_colors_info=&#8220;{}&#8220; button_text_size__hover_enabled=&#8220;off&#8220; button_one_text_size__hover_enabled=&#8220;off&#8220; button_two_text_size__hover_enabled=&#8220;off&#8220; button_text_color__hover_enabled=&#8220;off&#8220; button_one_text_color__hover_enabled=&#8220;off&#8220; button_two_text_color__hover_enabled=&#8220;off&#8220; button_border_width__hover_enabled=&#8220;off&#8220; button_one_border_width__hover_enabled=&#8220;off&#8220; button_two_border_width__hover_enabled=&#8220;off&#8220; button_border_color__hover_enabled=&#8220;off&#8220; button_one_border_color__hover_enabled=&#8220;off&#8220; button_two_border_color__hover_enabled=&#8220;off&#8220; button_border_radius__hover_enabled=&#8220;off&#8220; button_one_border_radius__hover_enabled=&#8220;off&#8220; button_two_border_radius__hover_enabled=&#8220;off&#8220; button_letter_spacing__hover_enabled=&#8220;off&#8220; button_one_letter_spacing__hover_enabled=&#8220;off&#8220; button_two_letter_spacing__hover_enabled=&#8220;off&#8220; button_bg_color__hover_enabled=&#8220;off&#8220; button_one_bg_color__hover_enabled=&#8220;off&#8220; button_two_bg_color__hover_enabled=&#8220;off&#8220;][et_pb_slide heading=&#8220;IB&#038;T Software GmbH&#8220; use_bg_overlay=&#8220;off&#8220; use_text_overlay=&#8220;off&#8220; _builder_version=&#8220;4.16&#8243; header_font=&#8220;Roboto|700|||||||&#8220; body_font=&#8220;Roboto||||||||&#8220; background_color=&#8220;#ffffff&#8220; background_image=&#8220;https:\/\/www.bvbs.de\/wp-content\/uploads\/2021\/02\/mitglieder-bg.jpg&#8220; button_on_hover=&#8220;on&#8220; global_colors_info=&#8220;{}&#8220; button_text_size__hover_enabled=&#8220;off&#8220; button_one_text_size__hover_enabled=&#8220;off&#8220; button_two_text_size__hover_enabled=&#8220;off&#8220; button_text_color__hover_enabled=&#8220;off&#8220; button_one_text_color__hover_enabled=&#8220;off&#8220; button_two_text_color__hover_enabled=&#8220;off&#8220; button_border_width__hover_enabled=&#8220;off&#8220; button_one_border_width__hover_enabled=&#8220;off&#8220; button_two_border_width__hover_enabled=&#8220;off&#8220; button_border_color__hover_enabled=&#8220;off&#8220; button_one_border_color__hover_enabled=&#8220;off&#8220; button_two_border_color__hover_enabled=&#8220;off&#8220; button_border_radius__hover_enabled=&#8220;off&#8220; button_one_border_radius__hover_enabled=&#8220;off&#8220; button_two_border_radius__hover_enabled=&#8220;off&#8220; button_letter_spacing__hover_enabled=&#8220;off&#8220; button_one_letter_spacing__hover_enabled=&#8220;off&#8220; button_two_letter_spacing__hover_enabled=&#8220;off&#8220; button_bg_color__hover_enabled=&#8220;off&#8220; button_one_bg_color__hover_enabled=&#8220;off&#8220; button_two_bg_color__hover_enabled=&#8220;off&#8220; sticky_transition=&#8220;on&#8220;]BVBS Mitgliedsunternehmen<br \/>\n[\/et_pb_slide][\/et_pb_fullwidth_slider][\/et_pb_section][et_pb_section fb_built=&#8220;1&#8243; _builder_version=&#8220;4.16&#8243; global_colors_info=&#8220;{}&#8220;][et_pb_row column_structure=&#8220;1_3,2_3&#8243; _builder_version=&#8220;4.16&#8243; custom_padding=&#8220;27px|0px|50px|0px&#8220; border_width_bottom=&#8220;1px&#8220; border_color_bottom=&#8220;rgba(51,51,51,0.18)&#8220; global_colors_info=&#8220;{}&#8220;][et_pb_column type=&#8220;1_3&#8243; _builder_version=&#8220;4.16&#8243; custom_padding=&#8220;|||&#8220; global_colors_info=&#8220;{}&#8220; custom_padding__hover=&#8220;|||&#8220;][et_pb_text _builder_version=&#8220;4.16&#8243; text_font=&#8220;Roboto|700|||||||&#8220; text_text_color=&#8220;#696666&#8243; text_font_size=&#8220;40px&#8220; global_colors_info=&#8220;{}&#8220;]Allgemeines<br \/>\n[\/et_pb_text][\/et_pb_column][et_pb_column type=&#8220;2_3&#8243; _builder_version=&#8220;4.16&#8243; custom_padding=&#8220;|||&#8220; global_colors_info=&#8220;{}&#8220; custom_padding__hover=&#8220;|||&#8220;][et_pb_text _builder_version=&#8220;4.16&#8243; text_font=&#8220;||||||||&#8220; global_colors_info=&#8220;{}&#8220;]<\/p>\n<div id=\"mitglied-unternehmensdarstellung-225\" class=\"mod_article zweispaltig bottomLineOn block\">\n<div class=\"ce_text block\">\n<p>IB&amp;T entwickelt seit 1985 die CAD-Software card_1, eine innovative Gesamtl\u00f6sung f\u00fcr Vermesser und Planer im Ingenieurtiefbau mit besonderen Schwerpunkten in den Bereichen Stra\u00dfen\u2011, Bahn\u2011, Kanalplanung, Bauabrechnung und GIS. Das Zusammenspiel der Schwerpunkte gew\u00e4hrleistet den BIM-orientierten Methodenansatz. Die Software wird eingesetzt zur Planung aller Stra\u00dfen- und Schienenverkehrswege, zur Bew\u00e4ltigung aller Vermessungsaufgaben inkl. Punktwolkenverarbeitung, zur Entw\u00e4sserung komplexer Projekte und zur Visualisierung. Deutsche Regelwerke und Richtlinien sind in der Software integriert. IB&amp;T engagiert sich als Mitglied der Forschungsgesellschaft f\u00fcr Stra\u00dfen- und Verkehrswesen e. V.\u00a0(FGSV) f\u00fcr die Grundsatzfragen der Datenverarbeitung und arbeitet mit an den Zielsetzungen des Vereins buildingSMART e.V. und ist Mitinitiator der Fachgruppe BIM-Verkehrswege.<\/p>\n<p>Niederlassungen und Partner im In- und Ausland vermarkten die L\u00f6sungen weltweit und bieten ein breites Spektrum an Dienstleistungen an. Aus der IB&amp;T Zentrale in Norderstedt bei Hamburg werden alle \u00fcbergreifenden Ma\u00dfnahmen des Unternehmens geleitet. Gemeinsam mit den Standorten in Potsdam, D\u00fcsseldorf, Stuttgart, M\u00fcnchen und den regionalen Vertriebspartnern bietet das Unternehmen eine regelm\u00e4\u00dfige Programmpflege und zuverl\u00e4ssigen Kunden-Support, umfassende Trainingsangebote und ein projektunterst\u00fctzendes Consulting.<\/p>\n<p>Die Tochtergesellschaften GEO DIGITAL GmbH und RZI Software GmbH liefern zus\u00e4tzliches branchenspezifisches Know-how und runden die Palette mit den L\u00f6sungen GEOPAC und RZI Tiefbau ab. Gemeinsam bilden die drei Softwareh\u00e4user die IB&amp;T Gruppe.<\/p>\n<p>Partner unterst\u00fctzen die internationale Ausrichtung. Insgesamt sind 75 Mitarbeiter und Partner damit besch\u00e4ftigt, die Software kontinuierlich auszubauen und erfolgreich zu vertreiben.<\/p>\n<p>IB&amp;T ist offizieller Reseller der Thinkproject-L\u00f6sung VDC Manager (ehemals DESITE BIM). Mit dem BIM Kompetenz-Center unterst\u00fctzt IB&amp;T seine Anwender bei allen Anliegen zur BIM-Methode, wie der Grundlagenvermittlung, der Modellierung in card_1, der BIM Koordination oder einer Projektbegleitung.<\/p>\n<\/div>\n<\/div>\n<p>[\/et_pb_text][\/et_pb_column][\/et_pb_row][et_pb_row column_structure=&#8220;1_3,2_3&#8243; _builder_version=&#8220;4.16&#8243; custom_padding=&#8220;50px|0px|50px|0px&#8220; border_width_bottom=&#8220;1px&#8220; border_color_bottom=&#8220;rgba(51,51,51,0.18)&#8220; global_colors_info=&#8220;{}&#8220;][et_pb_column type=&#8220;1_3&#8243; _builder_version=&#8220;4.16&#8243; custom_padding=&#8220;|||&#8220; global_colors_info=&#8220;{}&#8220; custom_padding__hover=&#8220;|||&#8220;][et_pb_text _builder_version=&#8220;4.16&#8243; text_font=&#8220;Roboto|700|||||||&#8220; text_text_color=&#8220;#696666&#8243; text_font_size=&#8220;40px&#8220; global_colors_info=&#8220;{}&#8220;]Produkte<br \/>\n[\/et_pb_text][\/et_pb_column][et_pb_column type=&#8220;2_3&#8243; _builder_version=&#8220;4.16&#8243; custom_padding=&#8220;|||&#8220; global_colors_info=&#8220;{}&#8220; custom_padding__hover=&#8220;|||&#8220;][et_pb_text _builder_version=&#8220;4.16&#8243; global_colors_info=&#8220;{}&#8220;]<\/p>\n<p><strong>card_1 Tiefbausoftware f\u00fcr Vermessung, Stra\u00dfenplanung, Bahnplanung und Kanalplanung<br \/><\/strong><span style=\"font-size: 15px;\">card_1 ist auf viele Anwendungsgebiete spezialisiert und deshalb in Planungs- und Ingenieurb\u00fcros, in der Verwaltung und Kommunen und bei der Bahn verbreitet. Vermesser, Stra\u00dfenplaner, Bahnplaner und Kanalplaner finden in card_1 die optimale L\u00f6sung f\u00fcr ihre Projektbearbeitung. Auch Baufirmen, Landschaftsplaner, Bauabrechner, Architekturb\u00fcros im Umfeld Regionalplanung und Stadtplaner setzen auf card_1.<\/span><strong><br \/><\/strong><\/p>\n<p>Die Software wurde f\u00fcr den deutschsprachigen Raum entwickelt. Viele in Deutschland g\u00fcltigen Richtlinien, Merkbl\u00e4tter, Normen und Zeichenvorschriften sind hinterlegt. Die Software ist aber auch f\u00fcr den internationalen Einsatz bestens geeignet. Die Kompatibilit\u00e4t zu allen g\u00e4ngigen Schnittstellen und zu weit verbreiteten CAD-Programmen, wie AutoCAD und BricsCAD, ist selbstverst\u00e4ndlich.<\/p>\n<p><strong>card_1 Kosten\u00a0AKVS\/elKe<br \/><\/strong><span style=\"font-size: 15px;\">Der Auftraggeber fordert den Nachweis der Kosten f\u00fcr die Umsetzung der Planung nach AKVS? Mit card_1 lassen sich alle Kostenermittlungen und Honorarabrechnungen durchf\u00fchren und s\u00e4mtliche Formbl\u00e4tter direkt ausdrucken. Die verbauten Massen und Mengen k\u00f6nnen jederzeit sachgerecht mit den einschl\u00e4gigen Verfahren nachgewiesen werden. Schnittstellen zu KOSTRA, OKSTRA und GAEB sind integriert.<\/span><strong><br \/><\/strong><\/p>\n<p><strong>card_1 eView<br \/><\/strong><span style=\"font-size: 15px;\">eView dient zur Pr\u00e4sentation, Dokumentation, Vervielf\u00e4ltigung und Archivierung von Projekt\u00adinformationen. Alle Informationen zu einem Projekt, die in der Regel an vielen verschiedenen Stellen in digitaler und analoger Form abgelegt sind, werden unter einer Oberfl\u00e4che zusammen\u00adgef\u00fchrt. So k\u00f6nnen alle Beteiligten die Projektinformationen bequem vom eigenen Arbeitsplatz aus einsehen.<\/span><strong><br \/><\/strong><\/p>\n<p><strong>VDC Manager<br \/><\/strong>Der VDC Manager ist die Weiterentwicklung der bisher bekannten DESITE BIM Produktreihe. Die Softwarel\u00f6sung dient der Koordinierung im BIM-Prozess und erm\u00f6glicht eine interaktive Visualisierung, die Analyse von Modellen, 4D-Terminplanung, 5D-Mengenermittlung, das Erfassen von Dokumenten und Notizen, das Erweitern von Modellen und eine individuelle Programmierung der Anwendung. Auch das Thema Qualit\u00e4tsmanagement wird durch die integrierte Kollisionspr\u00fcfung und Attributpr\u00fcfung unterst\u00fctzt.<\/p>\n<div><\/div>\n<p>[\/et_pb_text][\/et_pb_column][\/et_pb_row][et_pb_row column_structure=&#8220;1_3,1_3,1_3&#8243; _builder_version=&#8220;4.16&#8243; custom_padding=&#8220;50px|0px|27px|0px&#8220; global_colors_info=&#8220;{}&#8220;][et_pb_column type=&#8220;1_3&#8243; _builder_version=&#8220;4.16&#8243; custom_padding=&#8220;|||&#8220; global_colors_info=&#8220;{}&#8220; custom_padding__hover=&#8220;|||&#8220;][et_pb_text _builder_version=&#8220;4.16&#8243; text_font=&#8220;Roboto|700|||||||&#8220; text_text_color=&#8220;#696666&#8243; text_font_size=&#8220;40px&#8220; global_colors_info=&#8220;{}&#8220;]Kontakt<br \/>\n[\/et_pb_text][\/et_pb_column][et_pb_column type=&#8220;1_3&#8243; _builder_version=&#8220;4.16&#8243; custom_padding=&#8220;|||&#8220; global_colors_info=&#8220;{}&#8220; custom_padding__hover=&#8220;|||&#8220;][et_pb_text _builder_version=&#8220;4.27.3&#8243; custom_padding=&#8220;|||&#8220; global_colors_info=&#8220;{}&#8220;]<\/p>\n<p><strong>IB&amp;T Software GmbH<\/strong><br \/>An&#8217;n Slagboom 51<br \/>22848 Norderstedt<br \/>Telefon +49 40 53412\u20130<\/p>\n<p>E-Mail:\u00a0<a href=\"mailto:v&#101;r&#116;ri&#101;b&#064;&#099;&#097;rd&#045;1.&#099;om\">&#118;&#101;r&#116;&#114;&#105;&#101;b&#64;c&#97;r&#100;&#45;1.c&#111;m<\/a><br \/>Internet: <a href=\"http:\/\/www.card-1.com\/\" target=\"_blank\" rel=\"noopener noreferrer\">www.card-1.com<\/a><\/p>\n<p>[\/et_pb_text][\/et_pb_column][et_pb_column type=&#8220;1_3&#8243; _builder_version=&#8220;4.16&#8243; custom_padding=&#8220;|||&#8220; global_colors_info=&#8220;{}&#8220; custom_padding__hover=&#8220;|||&#8220;][et_pb_image src=&#8220;https:\/\/www.bvbs.de\/wp-content\/uploads\/2018\/11\/ibt_RGB_online.png&#8220; align_tablet=&#8220;left&#8220; align_phone=&#8220;left&#8220; align_last_edited=&#8220;on|tablet&#8220; _builder_version=&#8220;4.27.3&#8243; hover_enabled=&#8220;0&#8243; global_colors_info=&#8220;{}&#8220; src_last_edited=&#8220;on|desktop&#8220; sticky_enabled=&#8220;0&#8243; width_last_edited=&#8220;on|phone&#8220; max_width_last_edited=&#8220;on|tablet&#8220; max_width_tablet=&#8220;50%&#8220; src_tablet=&#8220;https:\/\/www.bvbs.de\/wp-content\/uploads\/2018\/11\/ibt_RGB_online.png&#8220; src_phone=&#8220;https:\/\/www.bvbs.de\/wp-content\/uploads\/2018\/11\/ibt_RGB_online.png&#8220; max_width_phone=&#8220;50%&#8220;][\/et_pb_image][\/et_pb_column][\/et_pb_row][\/et_pb_section]<\/p>\n","protected":false},"excerpt":{"rendered":"<p>BVBS Mitgliedsunternehmen Allgemeines IB&amp;T entwickelt seit 1985 die CAD-Software card_1, eine innovative Gesamtl\u00f6sung f\u00fcr Vermesser und Planer im Ingenieurtiefbau mit besonderen Schwerpunkten in den Bereichen Stra\u00dfen\u2011, Bahn\u2011, Kanalplanung, Bauabrechnung und GIS. Das Zusammenspiel der Schwerpunkte gew\u00e4hrleistet den BIM-orientierten Methodenansatz. Die Software wird eingesetzt zur Planung aller Stra\u00dfen- und Schienenverkehrswege, zur Bew\u00e4ltigung aller Vermessungsaufgaben inkl. Punktwolkenverarbeitung, [&hellip;]<\/p>\n","protected":false},"author":760,"featured_media":0,"parent":0,"menu_order":0,"comment_status":"closed","ping_status":"closed","template":"","meta":{"_et_pb_use_builder":"on","_et_pb_old_content":"","_et_gb_content_width":"","wp_typography_post_enhancements_disabled":false,"footnotes":""},"class_list":["post-1200","page","type-page","status-publish","hentry"],"yoast_head":"<!-- This site is optimized with the Yoast SEO plugin v26.1.1 - https:\/\/yoast.com\/wordpress\/plugins\/seo\/ -->\r\n<title>IB&amp;T Software GmbH - BVBS Bundesverband Software und Digitalisierung im Bauwesen e.V.<\/title>\r\n<meta name=\"description\" content=\"IB&amp;T entwickelt seit 1985 die CAD-Software card_1, eine innovative Gesamtl\u00f6sung f\u00fcr Vermesser und Planer im Ingenieurtiefbau.\" \/>\r\n<meta name=\"robots\" content=\"index, follow, max-snippet:-1, max-image-preview:large, max-video-preview:-1\" \/>\r\n<link rel=\"canonical\" href=\"https:\/\/www.bvbs.de\/en\/ibt-software\/\" \/>\r\n<meta property=\"og:locale\" content=\"en_GB\" \/>\r\n<meta property=\"og:type\" content=\"article\" \/>\r\n<meta property=\"og:title\" content=\"IB&amp;T Software GmbH - BVBS Bundesverband Software und Digitalisierung im Bauwesen e.V.\" \/>\r\n<meta property=\"og:description\" content=\"IB&amp;T entwickelt seit 1985 die CAD-Software card_1, eine innovative Gesamtl\u00f6sung f\u00fcr Vermesser und Planer im Ingenieurtiefbau.\" \/>\r\n<meta property=\"og:url\" content=\"https:\/\/www.bvbs.de\/en\/ibt-software\/\" \/>\r\n<meta property=\"og:site_name\" content=\"BVBS Bundesverband Software und Digitalisierung im Bauwesen e.V.\" \/>\r\n<meta property=\"article:modified_time\" content=\"2025-09-23T13:41:39+00:00\" \/>\r\n<meta name=\"twitter:card\" content=\"summary_large_image\" \/>\r\n<meta name=\"twitter:label1\" content=\"Estimated reading time\" \/>\n\t<meta name=\"twitter:data1\" content=\"3 minutes\" \/>\r\n<script type=\"application\/ld+json\" class=\"yoast-schema-graph\">{\"@context\":\"https:\/\/schema.org\",\"@graph\":[{\"@type\":\"WebPage\",\"@id\":\"https:\/\/www.bvbs.de\/ibt-software\/\",\"url\":\"https:\/\/www.bvbs.de\/ibt-software\/\",\"name\":\"IB&T Software GmbH - BVBS Bundesverband Software und Digitalisierung im Bauwesen e.V.\",\"isPartOf\":{\"@id\":\"https:\/\/www.bvbs.de\/#website\"},\"datePublished\":\"2018-04-25T12:46:09+00:00\",\"dateModified\":\"2025-09-23T13:41:39+00:00\",\"description\":\"IB&T entwickelt seit 1985 die CAD-Software card_1, eine innovative Gesamtl\u00f6sung f\u00fcr Vermesser und Planer im Ingenieurtiefbau.\",\"breadcrumb\":{\"@id\":\"https:\/\/www.bvbs.de\/ibt-software\/#breadcrumb\"},\"inLanguage\":\"en-GB\",\"potentialAction\":[{\"@type\":\"ReadAction\",\"target\":[\"https:\/\/www.bvbs.de\/ibt-software\/\"]}]},{\"@type\":\"BreadcrumbList\",\"@id\":\"https:\/\/www.bvbs.de\/ibt-software\/#breadcrumb\",\"itemListElement\":[{\"@type\":\"ListItem\",\"position\":1,\"name\":\"Startseite\",\"item\":\"https:\/\/www.bvbs.de\/\"},{\"@type\":\"ListItem\",\"position\":2,\"name\":\"IB&#038;T Software GmbH\"}]},{\"@type\":\"WebSite\",\"@id\":\"https:\/\/www.bvbs.de\/#website\",\"url\":\"https:\/\/www.bvbs.de\/\",\"name\":\"BVBS Bundesverband Software und Digitalisierung im Bauwesen e.V.\",\"description\":\"\",\"publisher\":{\"@id\":\"https:\/\/www.bvbs.de\/#organization\"},\"potentialAction\":[{\"@type\":\"SearchAction\",\"target\":{\"@type\":\"EntryPoint\",\"urlTemplate\":\"https:\/\/www.bvbs.de\/?s={search_term_string}\"},\"query-input\":{\"@type\":\"PropertyValueSpecification\",\"valueRequired\":true,\"valueName\":\"search_term_string\"}}],\"inLanguage\":\"en-GB\"},{\"@type\":\"Organization\",\"@id\":\"https:\/\/www.bvbs.de\/#organization\",\"name\":\"BVBS Bundesverband Software und Digitalisierung im Bauwesen\",\"url\":\"https:\/\/www.bvbs.de\/\",\"logo\":{\"@type\":\"ImageObject\",\"inLanguage\":\"en-GB\",\"@id\":\"https:\/\/www.bvbs.de\/#\/schema\/logo\/image\/\",\"url\":\"https:\/\/www.bvbs.de\/wp-content\/uploads\/2024\/01\/cropped-favicon-bvbs.png\",\"contentUrl\":\"https:\/\/www.bvbs.de\/wp-content\/uploads\/2024\/01\/cropped-favicon-bvbs.png\",\"width\":512,\"height\":512,\"caption\":\"BVBS Bundesverband Software und Digitalisierung im Bauwesen\"},\"image\":{\"@id\":\"https:\/\/www.bvbs.de\/#\/schema\/logo\/image\/\"}}]}<\/script>\r\n<!-- \/ Yoast SEO plugin. -->","yoast_head_json":{"title":"IB&amp;T Soft\u00adware GmbH \u2014 BVBS Bun\u00addes\u00adver\u00adband Soft\u00adware und Digi\u00adta\u00adli\u00adsie\u00adrung im Bau\u00adwe\u00adsen e.V.","description":"IB&amp;T ent\u00adwi\u00adckelt seit 1985 die CAD-Soft\u00adware card_1, eine inno\u00adva\u00adti\u00adve Gesamt\u00adl\u00f6\u00adsung f\u00fcr Ver\u00admes\u00adser und Pla\u00adner im Ingenieurtiefbau.","robots":{"index":"index","follow":"follow","max-snippet":"max-snippet:-1","max-image-preview":"max-image-preview:large","max-video-preview":"max-video-preview:-1"},"canonical":"https:\/\/www.bvbs.de\/en\/ibt-software\/","og_locale":"en_GB","og_type":"article","og_title":"IB&T Software GmbH - BVBS Bundesverband Software und Digitalisierung im Bauwesen e.V.","og_description":"IB&T entwickelt seit 1985 die CAD-Software card_1, eine innovative Gesamtl\u00f6sung f\u00fcr Vermesser und Planer im Ingenieurtiefbau.","og_url":"https:\/\/www.bvbs.de\/en\/ibt-software\/","og_site_name":"BVBS Bundesverband Software und Digitalisierung im Bauwesen e.V.","article_modified_time":"2025-09-23T13:41:39+00:00","twitter_card":"summary_large_image","twitter_misc":{"Estimated reading time":"3 minutes"},"schema":{"@context":"https:\/\/schema.org","@graph":[{"@type":"WebPage","@id":"https:\/\/www.bvbs.de\/ibt-software\/","url":"https:\/\/www.bvbs.de\/ibt-software\/","name":"IB&amp;T Soft\u00adware GmbH \u2014 BVBS Bun\u00addes\u00adver\u00adband Soft\u00adware und Digi\u00adta\u00adli\u00adsie\u00adrung im Bau\u00adwe\u00adsen e.V.","isPartOf":{"@id":"https:\/\/www.bvbs.de\/#website"},"datePublished":"2018-04-25T12:46:09+00:00","dateModified":"2025-09-23T13:41:39+00:00","description":"IB&amp;T ent\u00adwi\u00adckelt seit 1985 die CAD-Soft\u00adware card_1, eine inno\u00adva\u00adti\u00adve Gesamt\u00adl\u00f6\u00adsung f\u00fcr Ver\u00admes\u00adser und Pla\u00adner im Ingenieurtiefbau.","breadcrumb":{"@id":"https:\/\/www.bvbs.de\/ibt-software\/#breadcrumb"},"inLanguage":"en-GB","potentialAction":[{"@type":"ReadAction","target":["https:\/\/www.bvbs.de\/ibt-software\/"]}]},{"@type":"BreadcrumbList","@id":"https:\/\/www.bvbs.de\/ibt-software\/#breadcrumb","itemListElement":[{"@type":"ListItem","position":1,"name":"Startseite","item":"https:\/\/www.bvbs.de\/"},{"@type":"ListItem","position":2,"name":"IB&#038;T Software GmbH"}]},{"@type":"WebSite","@id":"https:\/\/www.bvbs.de\/#website","url":"https:\/\/www.bvbs.de\/","name":"BVBS Bun\u00addes\u00adver\u00adband Soft\u00adware und Digi\u00adta\u00adli\u00adsie\u00adrung im Bau\u00adwe\u00adsen e.V.","description":"","publisher":{"@id":"https:\/\/www.bvbs.de\/#organization"},"potentialAction":[{"@type":"SearchAction","target":{"@type":"EntryPoint","urlTemplate":"https:\/\/www.bvbs.de\/?s={search_term_string}"},"query-input":{"@type":"PropertyValueSpecification","valueRequired":true,"valueName":"search_term_string"}}],"inLanguage":"en-GB"},{"@type":"Organization","@id":"https:\/\/www.bvbs.de\/#organization","name":"BVBS Bun\u00addes\u00adver\u00adband Soft\u00adware und Digi\u00adta\u00adli\u00adsie\u00adrung im Bauwesen","url":"https:\/\/www.bvbs.de\/","logo":{"@type":"ImageObject","inLanguage":"en-GB","@id":"https:\/\/www.bvbs.de\/#\/schema\/logo\/image\/","url":"https:\/\/www.bvbs.de\/wp-content\/uploads\/2024\/01\/cropped-favicon-bvbs.png","contentUrl":"https:\/\/www.bvbs.de\/wp-content\/uploads\/2024\/01\/cropped-favicon-bvbs.png","width":512,"height":512,"caption":"BVBS Bundesverband Software und Digitalisierung im Bauwesen"},"image":{"@id":"https:\/\/www.bvbs.de\/#\/schema\/logo\/image\/"}}]}},"_links":{"self":[{"href":"https:\/\/www.bvbs.de\/en\/wp-json\/wp\/v2\/pages\/1200","targetHints":{"allow":["GET"]}}],"collection":[{"href":"https:\/\/www.bvbs.de\/en\/wp-json\/wp\/v2\/pages"}],"about":[{"href":"https:\/\/www.bvbs.de\/en\/wp-json\/wp\/v2\/types\/page"}],"author":[{"embeddable":true,"href":"https:\/\/www.bvbs.de\/en\/wp-json\/wp\/v2\/users\/760"}],"replies":[{"embeddable":true,"href":"https:\/\/www.bvbs.de\/en\/wp-json\/wp\/v2\/comments?post=1200"}],"version-history":[{"count":0,"href":"https:\/\/www.bvbs.de\/en\/wp-json\/wp\/v2\/pages\/1200\/revisions"}],"wp:attachment":[{"href":"https:\/\/www.bvbs.de\/en\/wp-json\/wp\/v2\/media?parent=1200"}],"curies":[{"name":"wp","href":"https:\/\/api.w.org\/{rel}","templated":true}]}}