{"id":1234,"date":"2018-04-25T15:03:31","date_gmt":"2018-04-25T13:03:31","guid":{"rendered":"https:\/\/www.bvbs.de\/?page_id=1234"},"modified":"2025-09-26T10:28:59","modified_gmt":"2025-09-26T08:28:59","slug":"m-soft-organisationsberatung-gmbh","status":"publish","type":"page","link":"https:\/\/www.bvbs.de\/en\/m-soft-organisationsberatung-gmbh\/","title":{"rendered":"M\u2011SOFT Orga\u00adni\u00adsa\u00adti\u00adons\u00adbe\u00adra\u00adtung&nbsp;GmbH"},"content":{"rendered":"<p>[et_pb_section fb_built=&#8220;1&#8243; fullwidth=&#8220;on&#8220; _builder_version=&#8220;4.16&#8243; global_colors_info=&#8220;{}&#8220;][et_pb_fullwidth_slider _builder_version=&#8220;4.16&#8243; header_font=&#8220;Roboto|700|||||||&#8220; body_font=&#8220;Roboto||||||||&#8220; global_colors_info=&#8220;{}&#8220; button_text_size__hover_enabled=&#8220;off&#8220; button_one_text_size__hover_enabled=&#8220;off&#8220; button_two_text_size__hover_enabled=&#8220;off&#8220; button_text_color__hover_enabled=&#8220;off&#8220; button_one_text_color__hover_enabled=&#8220;off&#8220; button_two_text_color__hover_enabled=&#8220;off&#8220; button_border_width__hover_enabled=&#8220;off&#8220; button_one_border_width__hover_enabled=&#8220;off&#8220; button_two_border_width__hover_enabled=&#8220;off&#8220; button_border_color__hover_enabled=&#8220;off&#8220; button_one_border_color__hover_enabled=&#8220;off&#8220; button_two_border_color__hover_enabled=&#8220;off&#8220; button_border_radius__hover_enabled=&#8220;off&#8220; button_one_border_radius__hover_enabled=&#8220;off&#8220; button_two_border_radius__hover_enabled=&#8220;off&#8220; button_letter_spacing__hover_enabled=&#8220;off&#8220; button_one_letter_spacing__hover_enabled=&#8220;off&#8220; button_two_letter_spacing__hover_enabled=&#8220;off&#8220; button_bg_color__hover_enabled=&#8220;off&#8220; button_one_bg_color__hover_enabled=&#8220;off&#8220; button_two_bg_color__hover_enabled=&#8220;off&#8220;][et_pb_slide heading=&#8220;M-SOFT Organisationsberatung GmbH&#8220; use_bg_overlay=&#8220;off&#8220; use_text_overlay=&#8220;off&#8220; _builder_version=&#8220;4.16&#8243; background_color=&#8220;#ffffff&#8220; background_image=&#8220;https:\/\/www.bvbs.de\/wp-content\/uploads\/2021\/02\/mitglieder-bg.jpg&#8220; button_on_hover=&#8220;on&#8220; global_colors_info=&#8220;{}&#8220; button_text_size__hover_enabled=&#8220;off&#8220; button_one_text_size__hover_enabled=&#8220;off&#8220; button_two_text_size__hover_enabled=&#8220;off&#8220; button_text_color__hover_enabled=&#8220;off&#8220; button_one_text_color__hover_enabled=&#8220;off&#8220; button_two_text_color__hover_enabled=&#8220;off&#8220; button_border_width__hover_enabled=&#8220;off&#8220; button_one_border_width__hover_enabled=&#8220;off&#8220; button_two_border_width__hover_enabled=&#8220;off&#8220; button_border_color__hover_enabled=&#8220;off&#8220; button_one_border_color__hover_enabled=&#8220;off&#8220; button_two_border_color__hover_enabled=&#8220;off&#8220; button_border_radius__hover_enabled=&#8220;off&#8220; button_one_border_radius__hover_enabled=&#8220;off&#8220; button_two_border_radius__hover_enabled=&#8220;off&#8220; button_letter_spacing__hover_enabled=&#8220;off&#8220; button_one_letter_spacing__hover_enabled=&#8220;off&#8220; button_two_letter_spacing__hover_enabled=&#8220;off&#8220; button_bg_color__hover_enabled=&#8220;off&#8220; button_one_bg_color__hover_enabled=&#8220;off&#8220; button_two_bg_color__hover_enabled=&#8220;off&#8220; sticky_transition=&#8220;on&#8220;]BVBS Mitgliedsunternehmen<br \/>\n[\/et_pb_slide][\/et_pb_fullwidth_slider][\/et_pb_section][et_pb_section fb_built=&#8220;1&#8243; _builder_version=&#8220;4.16&#8243; global_colors_info=&#8220;{}&#8220;][et_pb_row column_structure=&#8220;1_3,2_3&#8243; _builder_version=&#8220;4.16&#8243; custom_padding=&#8220;27px|0px|50px|0px&#8220; border_width_bottom=&#8220;1px&#8220; border_color_bottom=&#8220;rgba(51,51,51,0.18)&#8220; global_colors_info=&#8220;{}&#8220;][et_pb_column type=&#8220;1_3&#8243; _builder_version=&#8220;4.16&#8243; custom_padding=&#8220;|||&#8220; global_colors_info=&#8220;{}&#8220; custom_padding__hover=&#8220;|||&#8220;][et_pb_text admin_label=&#8220;\u00dcberschrift %22Allgemein%22&#8243; _builder_version=&#8220;4.16&#8243; text_font=&#8220;Roboto|700|||||||&#8220; text_text_color=&#8220;#696666&#8243; text_font_size=&#8220;40px&#8220; global_colors_info=&#8220;{}&#8220;]Allgemeines<br \/>\n[\/et_pb_text][\/et_pb_column][et_pb_column type=&#8220;2_3&#8243; _builder_version=&#8220;4.16&#8243; custom_padding=&#8220;|||&#8220; global_colors_info=&#8220;{}&#8220; custom_padding__hover=&#8220;|||&#8220;][et_pb_text admin_label=&#8220;Allgemeiner Text &#8220; _builder_version=&#8220;4.16&#8243; global_colors_info=&#8220;{}&#8220;]<\/p>\n<div id=\"mitglied-unternehmensdarstellung-225\" class=\"mod_article zweispaltig bottomLineOn block\">\n<div class=\"ce_text block\">\n<p>Seit 1985 entwickelt und implementiert M\u2219SOFT hochwertige System- und Softwarel\u00f6sungen f\u00fcr das Handwerk, Handel und Industrie. Unterst\u00fctzt von zahlreichen Vertriebspartnern im gesamten Bundesgebiet, in \u00d6sterreich und der Schweiz vertreibt das Unternehmen ein gesamthaftes Portfolio zur Digitalisierung von Prozessen.<\/p>\n<p>Das Angebot umfasst kaufm\u00e4nnisch-betriebswirtschaftliche Basisprogramme (Auftragsbearbeitung, Finanzbuchhaltung, Lohn, Zeitwirtschaft) sowie zahlreiche Zusatzkomponenten (DMS, CRM, mobile L\u00f6sungen, Leistungskataloge) und Schnittstellen. Alle Komponenten sind modular aufgebaut, so dass h\u00f6chst individuelle L\u00f6sungskonzepte ebenso einfach und schnell realisierbar sind wie sp\u00e4tere Erweiterungen.\u00a0Mittlerweile betreuen \u00fcber 100 Mitarbeiter in der Firmenzentrale Dissen bei Osnabr\u00fcck sowie an den Standorten Berlin, Hamburg, Koblenz und bei Stuttgart \u00fcber 5.500 Kunden.<\/p>\n<\/div>\n<\/div>\n<p>[\/et_pb_text][\/et_pb_column][\/et_pb_row][et_pb_row column_structure=&#8220;1_3,2_3&#8243; _builder_version=&#8220;4.16&#8243; custom_padding=&#8220;50px|0px|50px|0px&#8220; border_width_bottom=&#8220;1px&#8220; border_color_bottom=&#8220;rgba(51,51,51,0.18)&#8220; global_colors_info=&#8220;{}&#8220;][et_pb_column type=&#8220;1_3&#8243; _builder_version=&#8220;4.16&#8243; custom_padding=&#8220;|||&#8220; global_colors_info=&#8220;{}&#8220; custom_padding__hover=&#8220;|||&#8220;][et_pb_text admin_label=&#8220;\u00dcberschrift %22Produkte%22&#8243; _builder_version=&#8220;4.16&#8243; text_font=&#8220;Roboto|700|||||||&#8220; text_text_color=&#8220;#696666&#8243; text_font_size=&#8220;40px&#8220; global_colors_info=&#8220;{}&#8220;]Produkte<br \/>\n[\/et_pb_text][\/et_pb_column][et_pb_column type=&#8220;2_3&#8243; _builder_version=&#8220;4.16&#8243; custom_padding=&#8220;|||&#8220; global_colors_info=&#8220;{}&#8220; custom_padding__hover=&#8220;|||&#8220;][et_pb_text admin_label=&#8220;Text Produkte&#8220; _builder_version=&#8220;4.27.3&#8243; global_colors_info=&#8220;{}&#8220;]<\/p>\n<p><strong>PASST.prime<\/strong><br \/>die kaufm\u00e4nnische Komplettl\u00f6sung f\u00fcr B\u00fcro und Baustelle<\/p>\n<p><strong>KIS-App<\/strong><br \/>das mobile Kundeninformationssystem mit allen relevanten Kunden- und Auftragsinformationen<\/p>\n<p><strong>TIME4<\/strong><br \/>die digitale Zeiterfassung mit weiteren Features wie Fotodokumentation f\u00fcr ein Bautagebuch<\/p>\n<p><strong>TIME4 Service<\/strong><br \/>den Kundendienst mobilisieren und Monteurberichte unterwegs erfassen, Checklisten immer griffbereit etc.<\/p>\n<p><strong>meritum Lohn &amp; Gehalt<\/strong><br \/>Lohn- und Gehaltsabrechnung selbst erledigen oder outsourcen<\/p>\n<p><strong>M-Fibu<\/strong><br \/>professionelle Finanzbuchhaltung<\/p>\n<p><strong>ELO<\/strong><br \/>Dokumentenmanagement\u00a0<\/p>\n<p>&nbsp;<\/p>\n<p>[\/et_pb_text][\/et_pb_column][\/et_pb_row][et_pb_row column_structure=&#8220;1_3,1_3,1_3&#8243; _builder_version=&#8220;4.16&#8243; custom_padding=&#8220;50px|0px|27px|0px&#8220; global_colors_info=&#8220;{}&#8220;][et_pb_column type=&#8220;1_3&#8243; _builder_version=&#8220;4.16&#8243; custom_padding=&#8220;|||&#8220; global_colors_info=&#8220;{}&#8220; custom_padding__hover=&#8220;|||&#8220;][et_pb_text _builder_version=&#8220;4.16&#8243; text_font=&#8220;Roboto|700|||||||&#8220; text_text_color=&#8220;#696666&#8243; text_font_size=&#8220;40px&#8220; global_colors_info=&#8220;{}&#8220;]Kontakt<br \/>\n[\/et_pb_text][\/et_pb_column][et_pb_column type=&#8220;1_3&#8243; _builder_version=&#8220;4.16&#8243; custom_padding=&#8220;|||&#8220; global_colors_info=&#8220;{}&#8220; custom_padding__hover=&#8220;|||&#8220;][et_pb_text admin_label=&#8220;Adresse&#8220; _builder_version=&#8220;4.27.3&#8243; hover_enabled=&#8220;0&#8243; global_colors_info=&#8220;{}&#8220; sticky_enabled=&#8220;0&#8243;]<\/p>\n<p><strong>M-SOFT Organisationsberatung GmbH<\/strong><br \/>Gro\u00dfe Stra\u00dfe 10<br \/>49201 Dissen<\/p>\n<p>Telefon: +49 5421 959-0<br \/>Telefax: +49 5421 959-500<\/p>\n<p>E-Mail:\u00a0<a href=\"mailto:&#118;er&#116;&#114;ie&#098;&#064;m&#115;o&#102;t.&#100;e\">v&#101;r&#116;r&#105;&#101;b&#64;&#109;so&#102;&#116;.de<\/a><br \/>Internet:\u00a0www.msoft.de<\/p>\n<p>[\/et_pb_text][\/et_pb_column][et_pb_column type=&#8220;1_3&#8243; _builder_version=&#8220;4.16&#8243; custom_padding=&#8220;|||&#8220; global_colors_info=&#8220;{}&#8220; custom_padding__hover=&#8220;|||&#8220;][et_pb_image src=&#8220;https:\/\/www.bvbs.de\/wp-content\/uploads\/2024\/08\/M-SOFT_Logo_202408.png&#8220; align_tablet=&#8220;left&#8220; align_phone=&#8220;left&#8220; align_last_edited=&#8220;on|phone&#8220; admin_label=&#8220;Logo&#8220; _builder_version=&#8220;4.27.3&#8243; max_width=&#8220;77%&#8220; max_width_tablet=&#8220;46%&#8220; max_width_phone=&#8220;66%&#8220; max_width_last_edited=&#8220;on|desktop&#8220; hover_enabled=&#8220;0&#8243; global_colors_info=&#8220;{}&#8220; sticky_enabled=&#8220;0&#8243;]\u00a0<br \/>\n[\/et_pb_image][\/et_pb_column][\/et_pb_row][\/et_pb_section]<\/p>\n","protected":false},"excerpt":{"rendered":"<p>BVBS Mitgliedsunternehmen Allgemeines Seit 1985 entwickelt und implementiert M\u2219SOFT hochwertige System- und Softwarel\u00f6sungen f\u00fcr das Handwerk, Handel und Industrie. Unterst\u00fctzt von zahlreichen Vertriebspartnern im gesamten Bundesgebiet, in \u00d6sterreich und der Schweiz vertreibt das Unternehmen ein gesamthaftes Portfolio zur Digitalisierung von Prozessen. Das Angebot umfasst kaufm\u00e4nnisch-betriebswirtschaftliche Basisprogramme (Auftragsbearbeitung, Finanzbuchhaltung, Lohn, Zeitwirtschaft) sowie zahlreiche Zusatzkomponenten (DMS, CRM, [&hellip;]<\/p>\n","protected":false},"author":760,"featured_media":0,"parent":0,"menu_order":0,"comment_status":"closed","ping_status":"closed","template":"","meta":{"_et_pb_use_builder":"on","_et_pb_old_content":"","_et_gb_content_width":"","wp_typography_post_enhancements_disabled":false,"footnotes":""},"class_list":["post-1234","page","type-page","status-publish","hentry"],"yoast_head":"<!-- This site is optimized with the Yoast SEO plugin v26.1.1 - https:\/\/yoast.com\/wordpress\/plugins\/seo\/ -->\r\n<title>M-SOFT Organisationsberatung GmbH - BVBS Bundesverband Software und Digitalisierung im Bauwesen e.V.<\/title>\r\n<meta name=\"robots\" content=\"index, follow, max-snippet:-1, max-image-preview:large, max-video-preview:-1\" \/>\r\n<link rel=\"canonical\" href=\"https:\/\/www.bvbs.de\/en\/m-soft-organisationsberatung-gmbh\/\" \/>\r\n<meta property=\"og:locale\" content=\"en_GB\" \/>\r\n<meta property=\"og:type\" content=\"article\" \/>\r\n<meta property=\"og:title\" content=\"M-SOFT Organisationsberatung GmbH - BVBS Bundesverband Software und Digitalisierung im Bauwesen e.V.\" \/>\r\n<meta property=\"og:description\" content=\"BVBS Mitgliedsunternehmen Allgemeines Seit 1985 entwickelt und implementiert M\u2219SOFT hochwertige System- und Softwarel\u00f6sungen f\u00fcr das Handwerk, Handel und Industrie. Unterst\u00fctzt von zahlreichen Vertriebspartnern im gesamten Bundesgebiet, in \u00d6sterreich und der Schweiz vertreibt das Unternehmen ein gesamthaftes Portfolio zur Digitalisierung von Prozessen. Das Angebot umfasst kaufm\u00e4nnisch-betriebswirtschaftliche Basisprogramme (Auftragsbearbeitung, Finanzbuchhaltung, Lohn, Zeitwirtschaft) sowie zahlreiche Zusatzkomponenten (DMS, CRM, [&hellip;]\" \/>\r\n<meta property=\"og:url\" content=\"https:\/\/www.bvbs.de\/en\/m-soft-organisationsberatung-gmbh\/\" \/>\r\n<meta property=\"og:site_name\" content=\"BVBS Bundesverband Software und Digitalisierung im Bauwesen e.V.\" \/>\r\n<meta property=\"article:modified_time\" content=\"2025-09-26T08:28:59+00:00\" \/>\r\n<meta name=\"twitter:card\" content=\"summary_large_image\" \/>\r\n<meta name=\"twitter:label1\" content=\"Estimated reading time\" \/>\n\t<meta name=\"twitter:data1\" content=\"2 minutes\" \/>\r\n<script type=\"application\/ld+json\" class=\"yoast-schema-graph\">{\"@context\":\"https:\/\/schema.org\",\"@graph\":[{\"@type\":\"WebPage\",\"@id\":\"https:\/\/www.bvbs.de\/m-soft-organisationsberatung-gmbh\/\",\"url\":\"https:\/\/www.bvbs.de\/m-soft-organisationsberatung-gmbh\/\",\"name\":\"M-SOFT Organisationsberatung GmbH - BVBS Bundesverband Software und Digitalisierung im Bauwesen e.V.\",\"isPartOf\":{\"@id\":\"https:\/\/www.bvbs.de\/#website\"},\"datePublished\":\"2018-04-25T13:03:31+00:00\",\"dateModified\":\"2025-09-26T08:28:59+00:00\",\"breadcrumb\":{\"@id\":\"https:\/\/www.bvbs.de\/m-soft-organisationsberatung-gmbh\/#breadcrumb\"},\"inLanguage\":\"en-GB\",\"potentialAction\":[{\"@type\":\"ReadAction\",\"target\":[\"https:\/\/www.bvbs.de\/m-soft-organisationsberatung-gmbh\/\"]}]},{\"@type\":\"BreadcrumbList\",\"@id\":\"https:\/\/www.bvbs.de\/m-soft-organisationsberatung-gmbh\/#breadcrumb\",\"itemListElement\":[{\"@type\":\"ListItem\",\"position\":1,\"name\":\"Startseite\",\"item\":\"https:\/\/www.bvbs.de\/\"},{\"@type\":\"ListItem\",\"position\":2,\"name\":\"M-SOFT Organisationsberatung GmbH\"}]},{\"@type\":\"WebSite\",\"@id\":\"https:\/\/www.bvbs.de\/#website\",\"url\":\"https:\/\/www.bvbs.de\/\",\"name\":\"BVBS Bundesverband Software und Digitalisierung im Bauwesen e.V.\",\"description\":\"\",\"publisher\":{\"@id\":\"https:\/\/www.bvbs.de\/#organization\"},\"potentialAction\":[{\"@type\":\"SearchAction\",\"target\":{\"@type\":\"EntryPoint\",\"urlTemplate\":\"https:\/\/www.bvbs.de\/?s={search_term_string}\"},\"query-input\":{\"@type\":\"PropertyValueSpecification\",\"valueRequired\":true,\"valueName\":\"search_term_string\"}}],\"inLanguage\":\"en-GB\"},{\"@type\":\"Organization\",\"@id\":\"https:\/\/www.bvbs.de\/#organization\",\"name\":\"BVBS Bundesverband Software und Digitalisierung im Bauwesen\",\"url\":\"https:\/\/www.bvbs.de\/\",\"logo\":{\"@type\":\"ImageObject\",\"inLanguage\":\"en-GB\",\"@id\":\"https:\/\/www.bvbs.de\/#\/schema\/logo\/image\/\",\"url\":\"https:\/\/www.bvbs.de\/wp-content\/uploads\/2024\/01\/cropped-favicon-bvbs.png\",\"contentUrl\":\"https:\/\/www.bvbs.de\/wp-content\/uploads\/2024\/01\/cropped-favicon-bvbs.png\",\"width\":512,\"height\":512,\"caption\":\"BVBS Bundesverband Software und Digitalisierung im Bauwesen\"},\"image\":{\"@id\":\"https:\/\/www.bvbs.de\/#\/schema\/logo\/image\/\"}}]}<\/script>\r\n<!-- \/ Yoast SEO plugin. -->","yoast_head_json":{"title":"M\u2011SOFT Orga\u00adni\u00adsa\u00adti\u00adons\u00adbe\u00adra\u00adtung GmbH \u2014 BVBS Bun\u00addes\u00adver\u00adband Soft\u00adware und Digi\u00adta\u00adli\u00adsie\u00adrung im Bau\u00adwe\u00adsen e.V.","robots":{"index":"index","follow":"follow","max-snippet":"max-snippet:-1","max-image-preview":"max-image-preview:large","max-video-preview":"max-video-preview:-1"},"canonical":"https:\/\/www.bvbs.de\/en\/m-soft-organisationsberatung-gmbh\/","og_locale":"en_GB","og_type":"article","og_title":"M-SOFT Organisationsberatung GmbH - BVBS Bundesverband Software und Digitalisierung im Bauwesen e.V.","og_description":"BVBS Mitgliedsunternehmen Allgemeines Seit 1985 entwickelt und implementiert M\u2219SOFT hochwertige System- und Softwarel\u00f6sungen f\u00fcr das Handwerk, Handel und Industrie. Unterst\u00fctzt von zahlreichen Vertriebspartnern im gesamten Bundesgebiet, in \u00d6sterreich und der Schweiz vertreibt das Unternehmen ein gesamthaftes Portfolio zur Digitalisierung von Prozessen. Das Angebot umfasst kaufm\u00e4nnisch-betriebswirtschaftliche Basisprogramme (Auftragsbearbeitung, Finanzbuchhaltung, Lohn, Zeitwirtschaft) sowie zahlreiche Zusatzkomponenten (DMS, CRM, [&hellip;]","og_url":"https:\/\/www.bvbs.de\/en\/m-soft-organisationsberatung-gmbh\/","og_site_name":"BVBS Bundesverband Software und Digitalisierung im Bauwesen e.V.","article_modified_time":"2025-09-26T08:28:59+00:00","twitter_card":"summary_large_image","twitter_misc":{"Estimated reading time":"2 minutes"},"schema":{"@context":"https:\/\/schema.org","@graph":[{"@type":"WebPage","@id":"https:\/\/www.bvbs.de\/m-soft-organisationsberatung-gmbh\/","url":"https:\/\/www.bvbs.de\/m-soft-organisationsberatung-gmbh\/","name":"M\u2011SOFT Orga\u00adni\u00adsa\u00adti\u00adons\u00adbe\u00adra\u00adtung GmbH \u2014 BVBS Bun\u00addes\u00adver\u00adband Soft\u00adware und Digi\u00adta\u00adli\u00adsie\u00adrung im Bau\u00adwe\u00adsen e.V.","isPartOf":{"@id":"https:\/\/www.bvbs.de\/#website"},"datePublished":"2018-04-25T13:03:31+00:00","dateModified":"2025-09-26T08:28:59+00:00","breadcrumb":{"@id":"https:\/\/www.bvbs.de\/m-soft-organisationsberatung-gmbh\/#breadcrumb"},"inLanguage":"en-GB","potentialAction":[{"@type":"ReadAction","target":["https:\/\/www.bvbs.de\/m-soft-organisationsberatung-gmbh\/"]}]},{"@type":"BreadcrumbList","@id":"https:\/\/www.bvbs.de\/m-soft-organisationsberatung-gmbh\/#breadcrumb","itemListElement":[{"@type":"ListItem","position":1,"name":"Startseite","item":"https:\/\/www.bvbs.de\/"},{"@type":"ListItem","position":2,"name":"M-SOFT Organisationsberatung GmbH"}]},{"@type":"WebSite","@id":"https:\/\/www.bvbs.de\/#website","url":"https:\/\/www.bvbs.de\/","name":"BVBS Bun\u00addes\u00adver\u00adband Soft\u00adware und Digi\u00adta\u00adli\u00adsie\u00adrung im Bau\u00adwe\u00adsen e.V.","description":"","publisher":{"@id":"https:\/\/www.bvbs.de\/#organization"},"potentialAction":[{"@type":"SearchAction","target":{"@type":"EntryPoint","urlTemplate":"https:\/\/www.bvbs.de\/?s={search_term_string}"},"query-input":{"@type":"PropertyValueSpecification","valueRequired":true,"valueName":"search_term_string"}}],"inLanguage":"en-GB"},{"@type":"Organization","@id":"https:\/\/www.bvbs.de\/#organization","name":"BVBS Bun\u00addes\u00adver\u00adband Soft\u00adware und Digi\u00adta\u00adli\u00adsie\u00adrung im Bauwesen","url":"https:\/\/www.bvbs.de\/","logo":{"@type":"ImageObject","inLanguage":"en-GB","@id":"https:\/\/www.bvbs.de\/#\/schema\/logo\/image\/","url":"https:\/\/www.bvbs.de\/wp-content\/uploads\/2024\/01\/cropped-favicon-bvbs.png","contentUrl":"https:\/\/www.bvbs.de\/wp-content\/uploads\/2024\/01\/cropped-favicon-bvbs.png","width":512,"height":512,"caption":"BVBS Bundesverband Software und Digitalisierung im Bauwesen"},"image":{"@id":"https:\/\/www.bvbs.de\/#\/schema\/logo\/image\/"}}]}},"_links":{"self":[{"href":"https:\/\/www.bvbs.de\/en\/wp-json\/wp\/v2\/pages\/1234","targetHints":{"allow":["GET"]}}],"collection":[{"href":"https:\/\/www.bvbs.de\/en\/wp-json\/wp\/v2\/pages"}],"about":[{"href":"https:\/\/www.bvbs.de\/en\/wp-json\/wp\/v2\/types\/page"}],"author":[{"embeddable":true,"href":"https:\/\/www.bvbs.de\/en\/wp-json\/wp\/v2\/users\/760"}],"replies":[{"embeddable":true,"href":"https:\/\/www.bvbs.de\/en\/wp-json\/wp\/v2\/comments?post=1234"}],"version-history":[{"count":0,"href":"https:\/\/www.bvbs.de\/en\/wp-json\/wp\/v2\/pages\/1234\/revisions"}],"wp:attachment":[{"href":"https:\/\/www.bvbs.de\/en\/wp-json\/wp\/v2\/media?parent=1234"}],"curies":[{"name":"wp","href":"https:\/\/api.w.org\/{rel}","templated":true}]}}