{"id":1243,"date":"2018-04-25T15:07:59","date_gmt":"2018-04-25T13:07:59","guid":{"rendered":"https:\/\/www.bvbs.de\/?page_id=1243"},"modified":"2025-07-10T20:39:13","modified_gmt":"2025-07-10T18:39:13","slug":"nemetschek-se","status":"publish","type":"page","link":"https:\/\/www.bvbs.de\/en\/nemetschek-se\/","title":{"rendered":"NEMETSCHEK SE"},"content":{"rendered":"<p>[et_pb_section fb_built=&#8220;1&#8243; fullwidth=&#8220;on&#8220; _builder_version=&#8220;4.16&#8243; global_colors_info=&#8220;{}&#8220;][et_pb_fullwidth_slider _builder_version=&#8220;4.16&#8243; header_font=&#8220;Roboto|700|||||||&#8220; body_font=&#8220;Roboto||||||||&#8220; global_colors_info=&#8220;{}&#8220; button_text_size__hover_enabled=&#8220;off&#8220; button_one_text_size__hover_enabled=&#8220;off&#8220; button_two_text_size__hover_enabled=&#8220;off&#8220; button_text_color__hover_enabled=&#8220;off&#8220; button_one_text_color__hover_enabled=&#8220;off&#8220; button_two_text_color__hover_enabled=&#8220;off&#8220; button_border_width__hover_enabled=&#8220;off&#8220; button_one_border_width__hover_enabled=&#8220;off&#8220; button_two_border_width__hover_enabled=&#8220;off&#8220; button_border_color__hover_enabled=&#8220;off&#8220; button_one_border_color__hover_enabled=&#8220;off&#8220; button_two_border_color__hover_enabled=&#8220;off&#8220; button_border_radius__hover_enabled=&#8220;off&#8220; button_one_border_radius__hover_enabled=&#8220;off&#8220; button_two_border_radius__hover_enabled=&#8220;off&#8220; button_letter_spacing__hover_enabled=&#8220;off&#8220; button_one_letter_spacing__hover_enabled=&#8220;off&#8220; button_two_letter_spacing__hover_enabled=&#8220;off&#8220; button_bg_color__hover_enabled=&#8220;off&#8220; button_one_bg_color__hover_enabled=&#8220;off&#8220; button_two_bg_color__hover_enabled=&#8220;off&#8220;][et_pb_slide heading=&#8220;Nemetschek SE&#8220; use_bg_overlay=&#8220;off&#8220; use_text_overlay=&#8220;off&#8220; _builder_version=&#8220;4.16&#8243; background_color=&#8220;#ffffff&#8220; background_image=&#8220;https:\/\/www.bvbs.de\/wp-content\/uploads\/2021\/02\/mitglieder-bg.jpg&#8220; button_on_hover=&#8220;on&#8220; global_colors_info=&#8220;{}&#8220; sticky_transition=&#8220;on&#8220; button_text_size__hover_enabled=&#8220;off&#8220; button_one_text_size__hover_enabled=&#8220;off&#8220; button_two_text_size__hover_enabled=&#8220;off&#8220; button_text_color__hover_enabled=&#8220;off&#8220; button_one_text_color__hover_enabled=&#8220;off&#8220; button_two_text_color__hover_enabled=&#8220;off&#8220; button_border_width__hover_enabled=&#8220;off&#8220; button_one_border_width__hover_enabled=&#8220;off&#8220; button_two_border_width__hover_enabled=&#8220;off&#8220; button_border_color__hover_enabled=&#8220;off&#8220; button_one_border_color__hover_enabled=&#8220;off&#8220; button_two_border_color__hover_enabled=&#8220;off&#8220; button_border_radius__hover_enabled=&#8220;off&#8220; button_one_border_radius__hover_enabled=&#8220;off&#8220; button_two_border_radius__hover_enabled=&#8220;off&#8220; button_letter_spacing__hover_enabled=&#8220;off&#8220; button_one_letter_spacing__hover_enabled=&#8220;off&#8220; button_two_letter_spacing__hover_enabled=&#8220;off&#8220; button_bg_color__hover_enabled=&#8220;off&#8220; button_one_bg_color__hover_enabled=&#8220;off&#8220; button_two_bg_color__hover_enabled=&#8220;off&#8220;]BVBS Mitgliedsunternehmen<br \/>\n[\/et_pb_slide][\/et_pb_fullwidth_slider][\/et_pb_section][et_pb_section fb_built=&#8220;1&#8243; _builder_version=&#8220;4.16&#8243; global_colors_info=&#8220;{}&#8220;][et_pb_row _builder_version=&#8220;4.16&#8243; custom_padding=&#8220;27px|0px|50px|0px&#8220; border_width_bottom=&#8220;1px&#8220; border_color_bottom=&#8220;rgba(51,51,51,0.18)&#8220; global_colors_info=&#8220;{}&#8220; column_structure=&#8220;1_3,2_3&#8243;][et_pb_column type=&#8220;1_3&#8243; _builder_version=&#8220;4.16&#8243; custom_padding=&#8220;|||&#8220; global_colors_info=&#8220;{}&#8220; custom_padding__hover=&#8220;|||&#8220;][et_pb_text _builder_version=&#8220;4.16&#8243; text_font=&#8220;Roboto|700|||||||&#8220; text_text_color=&#8220;#696666&#8243; text_font_size=&#8220;40px&#8220; global_colors_info=&#8220;{}&#8220;]Allgemeines<br \/>\n[\/et_pb_text][\/et_pb_column][et_pb_column type=&#8220;2_3&#8243; _builder_version=&#8220;4.16&#8243; custom_padding=&#8220;|||&#8220; global_colors_info=&#8220;{}&#8220; custom_padding__hover=&#8220;|||&#8220;][et_pb_text _builder_version=&#8220;4.16&#8243; global_colors_info=&#8220;{}&#8220;]<\/p>\n<div id=\"mitglied-unternehmensdarstellung-225\" class=\"mod_article zweispaltig bottomLineOn block\">\n<div class=\"ce_text block\">\n<p>Nemetschek, M\u00fcnchen, ist ein weltweit f\u00fchrender Softwarehersteller f\u00fcr die AEC-Industrie (Architecture, Engineering, Construction). Mit weltweit mehr als 40 Standorten bedient die Nemetschek Group heute mit ihren 13 Marken \u00fcber 1,8 Mio. Nutzer in 142 L\u00e4ndern. 1963 von Prof. Georg Nemetschek gegr\u00fcndet, setzt das Unternehmen seit jeher auf innovative Konzepte wie z. B. Open Building Information Modeling (Open BIM) f\u00fcr den AEC-Markt von morgen. Das seit 1999 b\u00f6rsengelistete und im TecDAX notierte Unternehmen erzielte 2013 einen Umsatz von 185,9 Millionen Euro bei einem EBITDA von 46,3 Mio. Euro.<\/p>\n<\/div>\n<\/div>\n<p>[\/et_pb_text][\/et_pb_column][\/et_pb_row][et_pb_row _builder_version=&#8220;4.16&#8243; custom_padding=&#8220;50px|0px|27px|0px&#8220; global_colors_info=&#8220;{}&#8220; column_structure=&#8220;1_3,1_3,1_3&#8243;][et_pb_column type=&#8220;1_3&#8243; _builder_version=&#8220;4.16&#8243; custom_padding=&#8220;|||&#8220; global_colors_info=&#8220;{}&#8220; custom_padding__hover=&#8220;|||&#8220;][et_pb_text _builder_version=&#8220;4.16&#8243; text_font=&#8220;Roboto|700|||||||&#8220; text_text_color=&#8220;#696666&#8243; text_font_size=&#8220;40px&#8220; global_colors_info=&#8220;{}&#8220;]Kontakt<br \/>\n[\/et_pb_text][\/et_pb_column][et_pb_column type=&#8220;1_3&#8243; _builder_version=&#8220;4.16&#8243; custom_padding=&#8220;|||&#8220; global_colors_info=&#8220;{}&#8220; custom_padding__hover=&#8220;|||&#8220;][et_pb_text _builder_version=&#8220;4.16&#8243; custom_margin=&#8220;|||&#8220; custom_padding=&#8220;|||&#8220; global_colors_info=&#8220;{}&#8220;]<strong>Nemetschek SE<\/strong><br \/>\nKonrad-Zuse-Platz 1<br \/>\n81829 M\u00fcnchen<\/p>\n<p>Telefon: +49 89 92793-0<br \/>\nTelefax: +49 89 92793-5200<\/p>\n<p>E-Mail:\u00a0<a href=\"mailto:&#107;onta&#107;t&#064;&#110;&#101;m&#101;t&#115;ch&#101;&#107;&#046;co&#109;\">kontakt&#64;ne&#109;&#101;ts&#99;hek&#46;&#99;&#111;&#109;<\/a><br \/>\nInternet:\u00a0<a href=\"http:\/\/www.nemetschek.com\/\" target=\"_blank\" rel=\"noopener noreferrer\">www.nemetschek.com<\/a><br \/>\n[\/et_pb_text][\/et_pb_column][et_pb_column type=&#8220;1_3&#8243; _builder_version=&#8220;4.16&#8243; custom_padding=&#8220;|||&#8220; global_colors_info=&#8220;{}&#8220; custom_padding__hover=&#8220;|||&#8220;][et_pb_image src=&#8220;https:\/\/www.bvbs.de\/wp-content\/uploads\/2018\/03\/NemetschekGroup_BlackGrey_72dpi_oRand-gr.jpg&#8220; align_tablet=&#8220;center&#8220; align_last_edited=&#8220;on|desktop&#8220; _builder_version=&#8220;4.16&#8243; global_colors_info=&#8220;{}&#8220; align_phone=&#8220;center&#8220;]\u00a0<br \/>\n[\/et_pb_image][\/et_pb_column][\/et_pb_row][\/et_pb_section]<\/p>\n","protected":false},"excerpt":{"rendered":"<p>BVBS Mitgliedsunternehmen Allgemeines Nemetschek, M\u00fcnchen, ist ein weltweit f\u00fchrender Softwarehersteller f\u00fcr die AEC-Industrie (Architecture, Engineering, Construction). Mit weltweit mehr als 40 Standorten bedient die Nemetschek Group heute mit ihren 13 Marken \u00fcber 1,8 Mio. Nutzer in 142 L\u00e4ndern. 1963 von Prof. Georg Nemetschek gegr\u00fcndet, setzt das Unternehmen seit jeher auf innovative Konzepte wie z. B. [&hellip;]<\/p>\n","protected":false},"author":760,"featured_media":0,"parent":0,"menu_order":0,"comment_status":"closed","ping_status":"closed","template":"","meta":{"_et_pb_use_builder":"on","_et_pb_old_content":"","_et_gb_content_width":"","wp_typography_post_enhancements_disabled":false,"footnotes":""},"class_list":["post-1243","page","type-page","status-publish","hentry"],"yoast_head":"<!-- This site is optimized with the Yoast SEO plugin v26.1.1 - https:\/\/yoast.com\/wordpress\/plugins\/seo\/ -->\r\n<title>NEMETSCHEK SE - BVBS Bundesverband Software und Digitalisierung im Bauwesen e.V.<\/title>\r\n<meta name=\"robots\" content=\"index, follow, max-snippet:-1, max-image-preview:large, max-video-preview:-1\" \/>\r\n<link rel=\"canonical\" href=\"https:\/\/www.bvbs.de\/en\/nemetschek-se\/\" \/>\r\n<meta property=\"og:locale\" content=\"en_GB\" \/>\r\n<meta property=\"og:type\" content=\"article\" \/>\r\n<meta property=\"og:title\" content=\"NEMETSCHEK SE - BVBS Bundesverband Software und Digitalisierung im Bauwesen e.V.\" \/>\r\n<meta property=\"og:description\" content=\"BVBS Mitgliedsunternehmen Allgemeines Nemetschek, M\u00fcnchen, ist ein weltweit f\u00fchrender Softwarehersteller f\u00fcr die AEC-Industrie (Architecture, Engineering, Construction). Mit weltweit mehr als 40 Standorten bedient die Nemetschek Group heute mit ihren 13 Marken \u00fcber 1,8 Mio. Nutzer in 142 L\u00e4ndern. 1963 von Prof. Georg Nemetschek gegr\u00fcndet, setzt das Unternehmen seit jeher auf innovative Konzepte wie z. B. [&hellip;]\" \/>\r\n<meta property=\"og:url\" content=\"https:\/\/www.bvbs.de\/en\/nemetschek-se\/\" \/>\r\n<meta property=\"og:site_name\" content=\"BVBS Bundesverband Software und Digitalisierung im Bauwesen e.V.\" \/>\r\n<meta property=\"article:modified_time\" content=\"2025-07-10T18:39:13+00:00\" \/>\r\n<meta name=\"twitter:card\" content=\"summary_large_image\" \/>\r\n<meta name=\"twitter:label1\" content=\"Estimated reading time\" \/>\n\t<meta name=\"twitter:data1\" content=\"4 minutes\" \/>\r\n<script type=\"application\/ld+json\" class=\"yoast-schema-graph\">{\"@context\":\"https:\/\/schema.org\",\"@graph\":[{\"@type\":\"WebPage\",\"@id\":\"https:\/\/www.bvbs.de\/nemetschek-se\/\",\"url\":\"https:\/\/www.bvbs.de\/nemetschek-se\/\",\"name\":\"NEMETSCHEK SE - BVBS Bundesverband Software und Digitalisierung im Bauwesen e.V.\",\"isPartOf\":{\"@id\":\"https:\/\/www.bvbs.de\/#website\"},\"datePublished\":\"2018-04-25T13:07:59+00:00\",\"dateModified\":\"2025-07-10T18:39:13+00:00\",\"breadcrumb\":{\"@id\":\"https:\/\/www.bvbs.de\/nemetschek-se\/#breadcrumb\"},\"inLanguage\":\"en-GB\",\"potentialAction\":[{\"@type\":\"ReadAction\",\"target\":[\"https:\/\/www.bvbs.de\/nemetschek-se\/\"]}]},{\"@type\":\"BreadcrumbList\",\"@id\":\"https:\/\/www.bvbs.de\/nemetschek-se\/#breadcrumb\",\"itemListElement\":[{\"@type\":\"ListItem\",\"position\":1,\"name\":\"Startseite\",\"item\":\"https:\/\/www.bvbs.de\/\"},{\"@type\":\"ListItem\",\"position\":2,\"name\":\"NEMETSCHEK SE\"}]},{\"@type\":\"WebSite\",\"@id\":\"https:\/\/www.bvbs.de\/#website\",\"url\":\"https:\/\/www.bvbs.de\/\",\"name\":\"BVBS Bundesverband Software und Digitalisierung im Bauwesen e.V.\",\"description\":\"\",\"publisher\":{\"@id\":\"https:\/\/www.bvbs.de\/#organization\"},\"potentialAction\":[{\"@type\":\"SearchAction\",\"target\":{\"@type\":\"EntryPoint\",\"urlTemplate\":\"https:\/\/www.bvbs.de\/?s={search_term_string}\"},\"query-input\":{\"@type\":\"PropertyValueSpecification\",\"valueRequired\":true,\"valueName\":\"search_term_string\"}}],\"inLanguage\":\"en-GB\"},{\"@type\":\"Organization\",\"@id\":\"https:\/\/www.bvbs.de\/#organization\",\"name\":\"BVBS Bundesverband Software und Digitalisierung im Bauwesen\",\"url\":\"https:\/\/www.bvbs.de\/\",\"logo\":{\"@type\":\"ImageObject\",\"inLanguage\":\"en-GB\",\"@id\":\"https:\/\/www.bvbs.de\/#\/schema\/logo\/image\/\",\"url\":\"https:\/\/www.bvbs.de\/wp-content\/uploads\/2024\/01\/cropped-favicon-bvbs.png\",\"contentUrl\":\"https:\/\/www.bvbs.de\/wp-content\/uploads\/2024\/01\/cropped-favicon-bvbs.png\",\"width\":512,\"height\":512,\"caption\":\"BVBS Bundesverband Software und Digitalisierung im Bauwesen\"},\"image\":{\"@id\":\"https:\/\/www.bvbs.de\/#\/schema\/logo\/image\/\"}}]}<\/script>\r\n<!-- \/ Yoast SEO plugin. -->","yoast_head_json":{"title":"NEMETSCHEK SE \u2014 BVBS Bun\u00addes\u00adver\u00adband Soft\u00adware und Digi\u00adta\u00adli\u00adsie\u00adrung im Bau\u00adwe\u00adsen e.V.","robots":{"index":"index","follow":"follow","max-snippet":"max-snippet:-1","max-image-preview":"max-image-preview:large","max-video-preview":"max-video-preview:-1"},"canonical":"https:\/\/www.bvbs.de\/en\/nemetschek-se\/","og_locale":"en_GB","og_type":"article","og_title":"NEMETSCHEK SE - BVBS Bundesverband Software und Digitalisierung im Bauwesen e.V.","og_description":"BVBS Mitgliedsunternehmen Allgemeines Nemetschek, M\u00fcnchen, ist ein weltweit f\u00fchrender Softwarehersteller f\u00fcr die AEC-Industrie (Architecture, Engineering, Construction). Mit weltweit mehr als 40 Standorten bedient die Nemetschek Group heute mit ihren 13 Marken \u00fcber 1,8 Mio. Nutzer in 142 L\u00e4ndern. 1963 von Prof. Georg Nemetschek gegr\u00fcndet, setzt das Unternehmen seit jeher auf innovative Konzepte wie z. B. [&hellip;]","og_url":"https:\/\/www.bvbs.de\/en\/nemetschek-se\/","og_site_name":"BVBS Bundesverband Software und Digitalisierung im Bauwesen e.V.","article_modified_time":"2025-07-10T18:39:13+00:00","twitter_card":"summary_large_image","twitter_misc":{"Estimated reading time":"4 minutes"},"schema":{"@context":"https:\/\/schema.org","@graph":[{"@type":"WebPage","@id":"https:\/\/www.bvbs.de\/nemetschek-se\/","url":"https:\/\/www.bvbs.de\/nemetschek-se\/","name":"NEMETSCHEK SE \u2014 BVBS Bun\u00addes\u00adver\u00adband Soft\u00adware und Digi\u00adta\u00adli\u00adsie\u00adrung im Bau\u00adwe\u00adsen e.V.","isPartOf":{"@id":"https:\/\/www.bvbs.de\/#website"},"datePublished":"2018-04-25T13:07:59+00:00","dateModified":"2025-07-10T18:39:13+00:00","breadcrumb":{"@id":"https:\/\/www.bvbs.de\/nemetschek-se\/#breadcrumb"},"inLanguage":"en-GB","potentialAction":[{"@type":"ReadAction","target":["https:\/\/www.bvbs.de\/nemetschek-se\/"]}]},{"@type":"BreadcrumbList","@id":"https:\/\/www.bvbs.de\/nemetschek-se\/#breadcrumb","itemListElement":[{"@type":"ListItem","position":1,"name":"Startseite","item":"https:\/\/www.bvbs.de\/"},{"@type":"ListItem","position":2,"name":"NEMETSCHEK SE"}]},{"@type":"WebSite","@id":"https:\/\/www.bvbs.de\/#website","url":"https:\/\/www.bvbs.de\/","name":"BVBS Bun\u00addes\u00adver\u00adband Soft\u00adware und Digi\u00adta\u00adli\u00adsie\u00adrung im Bau\u00adwe\u00adsen e.V.","description":"","publisher":{"@id":"https:\/\/www.bvbs.de\/#organization"},"potentialAction":[{"@type":"SearchAction","target":{"@type":"EntryPoint","urlTemplate":"https:\/\/www.bvbs.de\/?s={search_term_string}"},"query-input":{"@type":"PropertyValueSpecification","valueRequired":true,"valueName":"search_term_string"}}],"inLanguage":"en-GB"},{"@type":"Organization","@id":"https:\/\/www.bvbs.de\/#organization","name":"BVBS Bun\u00addes\u00adver\u00adband Soft\u00adware und Digi\u00adta\u00adli\u00adsie\u00adrung im Bauwesen","url":"https:\/\/www.bvbs.de\/","logo":{"@type":"ImageObject","inLanguage":"en-GB","@id":"https:\/\/www.bvbs.de\/#\/schema\/logo\/image\/","url":"https:\/\/www.bvbs.de\/wp-content\/uploads\/2024\/01\/cropped-favicon-bvbs.png","contentUrl":"https:\/\/www.bvbs.de\/wp-content\/uploads\/2024\/01\/cropped-favicon-bvbs.png","width":512,"height":512,"caption":"BVBS Bundesverband Software und Digitalisierung im Bauwesen"},"image":{"@id":"https:\/\/www.bvbs.de\/#\/schema\/logo\/image\/"}}]}},"_links":{"self":[{"href":"https:\/\/www.bvbs.de\/en\/wp-json\/wp\/v2\/pages\/1243","targetHints":{"allow":["GET"]}}],"collection":[{"href":"https:\/\/www.bvbs.de\/en\/wp-json\/wp\/v2\/pages"}],"about":[{"href":"https:\/\/www.bvbs.de\/en\/wp-json\/wp\/v2\/types\/page"}],"author":[{"embeddable":true,"href":"https:\/\/www.bvbs.de\/en\/wp-json\/wp\/v2\/users\/760"}],"replies":[{"embeddable":true,"href":"https:\/\/www.bvbs.de\/en\/wp-json\/wp\/v2\/comments?post=1243"}],"version-history":[{"count":0,"href":"https:\/\/www.bvbs.de\/en\/wp-json\/wp\/v2\/pages\/1243\/revisions"}],"wp:attachment":[{"href":"https:\/\/www.bvbs.de\/en\/wp-json\/wp\/v2\/media?parent=1243"}],"curies":[{"name":"wp","href":"https:\/\/api.w.org\/{rel}","templated":true}]}}