{"id":1248,"date":"2018-04-25T15:11:19","date_gmt":"2018-04-25T13:11:19","guid":{"rendered":"https:\/\/www.bvbs.de\/?page_id=1248"},"modified":"2025-09-25T13:06:21","modified_gmt":"2025-09-25T11:06:21","slug":"nevaris-bausoftware-gmbh","status":"publish","type":"page","link":"https:\/\/www.bvbs.de\/en\/nevaris-bausoftware-gmbh\/","title":{"rendered":"NEVARIS Bau\u00adsoft\u00adware&nbsp;GmbH"},"content":{"rendered":"<p>[et_pb_section fb_built=&#8220;1&#8243; fullwidth=&#8220;on&#8220; _builder_version=&#8220;4.16&#8243; global_colors_info=&#8220;{}&#8220;][et_pb_fullwidth_slider _builder_version=&#8220;4.16&#8243; header_font=&#8220;Roboto|700|||||||&#8220; body_font=&#8220;Roboto||||||||&#8220; global_colors_info=&#8220;{}&#8220; button_text_size__hover_enabled=&#8220;off&#8220; button_one_text_size__hover_enabled=&#8220;off&#8220; button_two_text_size__hover_enabled=&#8220;off&#8220; button_text_color__hover_enabled=&#8220;off&#8220; button_one_text_color__hover_enabled=&#8220;off&#8220; button_two_text_color__hover_enabled=&#8220;off&#8220; button_border_width__hover_enabled=&#8220;off&#8220; button_one_border_width__hover_enabled=&#8220;off&#8220; button_two_border_width__hover_enabled=&#8220;off&#8220; button_border_color__hover_enabled=&#8220;off&#8220; button_one_border_color__hover_enabled=&#8220;off&#8220; button_two_border_color__hover_enabled=&#8220;off&#8220; button_border_radius__hover_enabled=&#8220;off&#8220; button_one_border_radius__hover_enabled=&#8220;off&#8220; button_two_border_radius__hover_enabled=&#8220;off&#8220; button_letter_spacing__hover_enabled=&#8220;off&#8220; button_one_letter_spacing__hover_enabled=&#8220;off&#8220; button_two_letter_spacing__hover_enabled=&#8220;off&#8220; button_bg_color__hover_enabled=&#8220;off&#8220; button_one_bg_color__hover_enabled=&#8220;off&#8220; button_two_bg_color__hover_enabled=&#8220;off&#8220;][et_pb_slide heading=&#8220;NEVARIS Bausoftware GmbH&#8220; use_bg_overlay=&#8220;off&#8220; use_text_overlay=&#8220;off&#8220; _builder_version=&#8220;4.16&#8243; background_color=&#8220;#ffffff&#8220; background_image=&#8220;https:\/\/www.bvbs.de\/wp-content\/uploads\/2021\/02\/mitglieder-bg.jpg&#8220; button_on_hover=&#8220;on&#8220; global_colors_info=&#8220;{}&#8220; button_text_size__hover_enabled=&#8220;off&#8220; button_one_text_size__hover_enabled=&#8220;off&#8220; button_two_text_size__hover_enabled=&#8220;off&#8220; button_text_color__hover_enabled=&#8220;off&#8220; button_one_text_color__hover_enabled=&#8220;off&#8220; button_two_text_color__hover_enabled=&#8220;off&#8220; button_border_width__hover_enabled=&#8220;off&#8220; button_one_border_width__hover_enabled=&#8220;off&#8220; button_two_border_width__hover_enabled=&#8220;off&#8220; button_border_color__hover_enabled=&#8220;off&#8220; button_one_border_color__hover_enabled=&#8220;off&#8220; button_two_border_color__hover_enabled=&#8220;off&#8220; button_border_radius__hover_enabled=&#8220;off&#8220; button_one_border_radius__hover_enabled=&#8220;off&#8220; button_two_border_radius__hover_enabled=&#8220;off&#8220; button_letter_spacing__hover_enabled=&#8220;off&#8220; button_one_letter_spacing__hover_enabled=&#8220;off&#8220; button_two_letter_spacing__hover_enabled=&#8220;off&#8220; button_bg_color__hover_enabled=&#8220;off&#8220; button_one_bg_color__hover_enabled=&#8220;off&#8220; button_two_bg_color__hover_enabled=&#8220;off&#8220; sticky_transition=&#8220;on&#8220;] BVBS Mitgliedsunternehmen [\/et_pb_slide][\/et_pb_fullwidth_slider][\/et_pb_section][et_pb_section fb_built=&#8220;1&#8243; _builder_version=&#8220;4.16&#8243; global_colors_info=&#8220;{}&#8220;][et_pb_row column_structure=&#8220;1_3,2_3&#8243; _builder_version=&#8220;4.16&#8243; custom_padding=&#8220;27px|0px|50px|0px&#8220; border_width_bottom=&#8220;1px&#8220; border_color_bottom=&#8220;rgba(51,51,51,0.18)&#8220; global_colors_info=&#8220;{}&#8220;][et_pb_column type=&#8220;1_3&#8243; _builder_version=&#8220;4.16&#8243; custom_padding=&#8220;|||&#8220; global_colors_info=&#8220;{}&#8220; custom_padding__hover=&#8220;|||&#8220;][et_pb_text _builder_version=&#8220;4.16&#8243; text_font=&#8220;Roboto|700|||||||&#8220; text_text_color=&#8220;#696666&#8243; text_font_size=&#8220;40px&#8220; global_colors_info=&#8220;{}&#8220;]Allgemeines<br \/>\n[\/et_pb_text][\/et_pb_column][et_pb_column type=&#8220;2_3&#8243; _builder_version=&#8220;4.16&#8243; custom_padding=&#8220;|||&#8220; global_colors_info=&#8220;{}&#8220; custom_padding__hover=&#8220;|||&#8220;][et_pb_text _builder_version=&#8220;4.16&#8243; global_colors_info=&#8220;{}&#8220;]<\/p>\n<p>Als Technologief\u00fchrer von Softwarel\u00f6sungen f\u00fcr das Bauwesen tr\u00e4gt die NEVARIS Bausoftware GmbH seit \u00fcber 30 Jahren zu Brancheninnovationen bei \u2013 mit dem Ziel, die Erwartungen der Kunden immer wieder zu \u00fcbertreffen. An insgesamt acht Standorten entwickelt und vertreibt NEVARIS, seit den 1990er Jahren als Teil der weltweit agierenden Nemetschek Group, mit \u00fcber 250 Mitarbeitenden seine integrierte Bausoftware in der gesamten DACH-Region.<\/p>\n<p>NEVARIS entwickelt ganzheitliche Softwarel\u00f6sungen f\u00fcr alle kaufm\u00e4nnischen Anforderungen und Prozesse im Bauwesen. Mit seinen modularen Produkten deckt das Unternehmen die gesamte Bandbreite im Projekt \u2013 von der Kostensch\u00e4tzung, der Kalkulation \u00fcber die Bauausf\u00fchrung bis zum Controlling ab. NEVARIS ist damit ein zuverl\u00e4ssiger Partner f\u00fcr Bauunternehmen und Handwerksfirmen, die ihre Prozesse umfassend digitalisieren, effizienter abwickeln und Bauwerksnachhaltigkeit sowie Kreislaufwirtschaft in ihren Projekten verankern m\u00f6chten. Dar\u00fcber hinaus unterst\u00fctzt NEVARIS die Unternehmen mit umfassendem Know-how und innovativen Technologien, die ihre Wettbewerbsf\u00e4higkeit steigern und sie fit f\u00fcr die Zukunft machen.<\/p>\n<p>Mit seinen Produkten Build, Finance und 123erfasst bietet NEVARIS marktf\u00fchrende Software f\u00fcr den Einsatz im Bauprojekt, die sich durch Anwenderfreundlichkeit und hohe Spezialisierung auszeichnet. NEVARIS Bausoftware digitalisiert und optimiert zuvor analoge Prozesse im Arbeitsalltag und sorgt f\u00fcr Transparenz bei allen Planungs- und Baubeteiligten. Als kompetenter Ansprechpartner begleitet NEVARIS mit seinen Softwarel\u00f6sungen \u00fcber den gesamten Projektverlauf und legt das Fundament f\u00fcr effiziente sowie ressourcenschonende Bauwerke.<\/p>\n<p><strong>Wof\u00fcr steht NEVARIS:<\/strong><\/p>\n<ul>\n<li><strong>Umfassend und vernetzt<\/strong>: Alle kaufm\u00e4nnischen Prozesse sind in der Software vereint.<\/li>\n<li><strong>Modular<\/strong>: NEVARIS Bausoftware ist anpassbar an die individuellen Bed\u00fcrfnisse jedes Unternehmens.<\/li>\n<li><strong>Effizient<\/strong>: Automatisierung von Routineaufgaben, analogen Prozessen sowie eine verbesserte Datenqualit\u00e4t.<\/li>\n<li><strong>Integriert<\/strong>: NEVARIS schafft die nahtlose Verkn\u00fcpfung von Planung, Bautechnik und Bauwirtschaft.<\/li>\n<li><strong>Zukunftsorientiert<\/strong>: NEVARIS Bausoftware integriert neue Technologien wie BIM, IoT oder Cloud Computing.<\/li>\n<\/ul>\n<p>[\/et_pb_text][\/et_pb_column][\/et_pb_row][et_pb_row column_structure=&#8220;1_3,2_3&#8243; _builder_version=&#8220;4.16&#8243; custom_padding=&#8220;27px|0px|50px|0px&#8220; border_width_bottom=&#8220;1px&#8220; border_color_bottom=&#8220;rgba(51,51,51,0.18)&#8220; global_colors_info=&#8220;{}&#8220;][et_pb_column type=&#8220;1_3&#8243; _builder_version=&#8220;4.16&#8243; custom_padding=&#8220;|||&#8220; global_colors_info=&#8220;{}&#8220; custom_padding__hover=&#8220;|||&#8220;][et_pb_text _builder_version=&#8220;4.16&#8243; text_font=&#8220;Roboto|700|||||||&#8220; text_text_color=&#8220;#696666&#8243; text_font_size=&#8220;40px&#8220; global_colors_info=&#8220;{}&#8220;]Produkte<br \/>\n[\/et_pb_text][\/et_pb_column][et_pb_column type=&#8220;2_3&#8243; _builder_version=&#8220;4.16&#8243; custom_padding=&#8220;|||&#8220; global_colors_info=&#8220;{}&#8220; custom_padding__hover=&#8220;|||&#8220;][et_pb_text _builder_version=&#8220;4.16&#8243; global_colors_info=&#8220;{}&#8220;]<\/p>\n<p><strong>Die NEVARIS-Softwarel\u00f6sungen:<\/strong><\/p>\n<ul>\n<li><a href=\"https:\/\/www.nevaris.com\/produkte\/nevaris-build\" target=\"_blank\" rel=\"noopener\"><strong>NEVARIS Build<\/strong><\/a><strong>:<\/strong> Projektmanagement-Software f\u00fcr die Planungs- und Bauphase.<\/li>\n<li><a href=\"https:\/\/www.nevaris.com\/produkte\/nevaris-finance\" target=\"_blank\" rel=\"noopener\"><strong>NEVARIS Finance<\/strong><\/a><strong>:<\/strong> Leistungsstarkes ERP-System f\u00fcr die kaufm\u00e4nnische Projektabwicklung.<\/li>\n<li><a href=\"https:\/\/www.nevaris.com\/produkte\/123erfasst\" target=\"_blank\" rel=\"noopener\"><strong>123erfasst<\/strong><\/a><strong>:<\/strong> Baustellenmanagement-App als Rundum-L\u00f6sung f\u00fcr eine effiziente Baustellenkommunikation mit Zeiterfassung, Bautagebuch, Disposition, M\u00e4ngel- und Flottenmanagement.<\/li>\n<\/ul>\n<p><strong>Die wichtigsten Vorteile von NEVARIS f\u00fcr Bauunternehmen und das Fachhandwerk:<\/strong><\/p>\n<ul>\n<li><strong>Zeitersparnis:<\/strong> Automatisierung von Prozessen und Reduzierung von Fehlerquellen.<\/li>\n<li><strong>Kostensenkung:<\/strong> Optimierte Material- und Ressourcenplanung sowie exakte Kalkulationen.<\/li>\n<li><strong>Transparenz:<\/strong> Durchg\u00e4ngig hohe Datenqualit\u00e4t und umfangreiche Auswertungsm\u00f6glichkeiten.<\/li>\n<li><strong>Flexibilit\u00e4t:<\/strong> Anpassung an individuelle Anforderungen und ver\u00e4nderliche Unternehmensparameter.<\/li>\n<\/ul>\n<p>[\/et_pb_text][\/et_pb_column][\/et_pb_row][et_pb_row column_structure=&#8220;1_3,1_3,1_3&#8243; _builder_version=&#8220;4.16&#8243; custom_padding=&#8220;50px|0px|27px|0px&#8220; global_colors_info=&#8220;{}&#8220;][et_pb_column type=&#8220;1_3&#8243; _builder_version=&#8220;4.16&#8243; custom_padding=&#8220;|||&#8220; global_colors_info=&#8220;{}&#8220; custom_padding__hover=&#8220;|||&#8220;][et_pb_text _builder_version=&#8220;4.16&#8243; text_font=&#8220;Roboto|700|||||||&#8220; text_text_color=&#8220;#696666&#8243; text_font_size=&#8220;40px&#8220; global_colors_info=&#8220;{}&#8220;]Kontakt<br \/>\n[\/et_pb_text][\/et_pb_column][et_pb_column type=&#8220;1_3&#8243; _builder_version=&#8220;4.16&#8243; custom_padding=&#8220;|||&#8220; global_colors_info=&#8220;{}&#8220; custom_padding__hover=&#8220;|||&#8220;][et_pb_text _builder_version=&#8220;4.16&#8243; global_colors_info=&#8220;{}&#8220;]<strong>NEVARIS Bausoftware GmbH<\/strong><br \/>\n<span style=\"font-size: 15px;\">Hanna-Kunathstra\u00dfe 3<br \/>\n<\/span><span style=\"font-size: 15px;\">28199 Bremen<\/span><span style=\"font-size: 15px;\">\u00a0<\/span><\/p>\n<p>Telefon: +49 421 5966-0<br \/>\n<span style=\"font-size: 15px;\">Telefax: +49 421 5966-111<\/span><\/p>\n<p>E-Mail: <a href=\"mailto:in&#102;o&#064;&#110;ev&#097;r&#105;&#115;&#046;&#099;&#111;&#109;\">i&#110;&#102;o&#64;&#110;&#101;&#118;&#97;&#114;is&#46;&#99;&#111;&#109;<\/a><br \/>\n<span style=\"font-size: 15px;\">Internet:<\/span><span style=\"font-size: 15px;\">\u00a0<\/span><a style=\"font-size: 15px;\" href=\"https:\/\/www.nevaris.com\/\" target=\"_blank\" rel=\"noopener noreferrer\">www.nevaris.com<\/a><span style=\"font-size: 15px;\">\u00a0<\/span><br \/>\n[\/et_pb_text][\/et_pb_column][et_pb_column type=&#8220;1_3&#8243; _builder_version=&#8220;4.16&#8243; custom_padding=&#8220;|||&#8220; global_colors_info=&#8220;{}&#8220; custom_padding__hover=&#8220;|||&#8220;][et_pb_image src=&#8220;https:\/\/www.bvbs.de\/wp-content\/uploads\/2019\/05\/Nevaris_Logo_positiv_250x120_PantoneBrightRed.jpg&#8220; align_tablet=&#8220;left&#8220; align_phone=&#8220;left&#8220; align_last_edited=&#8220;on|phone&#8220; _builder_version=&#8220;4.27.3&#8243; hover_enabled=&#8220;0&#8243; global_colors_info=&#8220;{}&#8220; sticky_enabled=&#8220;0&#8243; max_width_last_edited=&#8220;on|desktop&#8220; max_width_phone=&#8220;78%&#8220; max_width_tablet=&#8220;38%&#8220; max_width=&#8220;73%&#8220;][\/et_pb_image][\/et_pb_column][\/et_pb_row][\/et_pb_section]<\/p>\n","protected":false},"excerpt":{"rendered":"<p>BVBS Mitgliedsunternehmen Allgemeines Als Technologief\u00fchrer von Softwarel\u00f6sungen f\u00fcr das Bauwesen tr\u00e4gt die NEVARIS Bausoftware GmbH seit \u00fcber 30 Jahren zu Brancheninnovationen bei \u2013 mit dem Ziel, die Erwartungen der Kunden immer wieder zu \u00fcbertreffen. An insgesamt acht Standorten entwickelt und vertreibt NEVARIS, seit den 1990er Jahren als Teil der weltweit agierenden Nemetschek Group, mit \u00fcber [&hellip;]<\/p>\n","protected":false},"author":760,"featured_media":0,"parent":0,"menu_order":0,"comment_status":"closed","ping_status":"closed","template":"","meta":{"_et_pb_use_builder":"on","_et_pb_old_content":"","_et_gb_content_width":"","wp_typography_post_enhancements_disabled":false,"footnotes":""},"class_list":["post-1248","page","type-page","status-publish","hentry"],"yoast_head":"<!-- This site is optimized with the Yoast SEO plugin v26.1.1 - https:\/\/yoast.com\/wordpress\/plugins\/seo\/ -->\r\n<title>NEVARIS Bausoftware GmbH - BVBS Bundesverband Software und Digitalisierung im Bauwesen e.V.<\/title>\r\n<meta name=\"robots\" content=\"index, follow, max-snippet:-1, max-image-preview:large, max-video-preview:-1\" \/>\r\n<link rel=\"canonical\" href=\"https:\/\/www.bvbs.de\/en\/nevaris-bausoftware-gmbh\/\" \/>\r\n<meta property=\"og:locale\" content=\"en_GB\" \/>\r\n<meta property=\"og:type\" content=\"article\" \/>\r\n<meta property=\"og:title\" content=\"NEVARIS Bausoftware GmbH - BVBS Bundesverband Software und Digitalisierung im Bauwesen e.V.\" \/>\r\n<meta property=\"og:description\" content=\"BVBS Mitgliedsunternehmen Allgemeines Als Technologief\u00fchrer von Softwarel\u00f6sungen f\u00fcr das Bauwesen tr\u00e4gt die NEVARIS Bausoftware GmbH seit \u00fcber 30 Jahren zu Brancheninnovationen bei \u2013 mit dem Ziel, die Erwartungen der Kunden immer wieder zu \u00fcbertreffen. An insgesamt acht Standorten entwickelt und vertreibt NEVARIS, seit den 1990er Jahren als Teil der weltweit agierenden Nemetschek Group, mit \u00fcber [&hellip;]\" \/>\r\n<meta property=\"og:url\" content=\"https:\/\/www.bvbs.de\/en\/nevaris-bausoftware-gmbh\/\" \/>\r\n<meta property=\"og:site_name\" content=\"BVBS Bundesverband Software und Digitalisierung im Bauwesen e.V.\" \/>\r\n<meta property=\"article:modified_time\" content=\"2025-09-25T11:06:21+00:00\" \/>\r\n<meta name=\"twitter:card\" content=\"summary_large_image\" \/>\r\n<meta name=\"twitter:label1\" content=\"Estimated reading time\" \/>\n\t<meta name=\"twitter:data1\" content=\"5 minutes\" \/>\r\n<script type=\"application\/ld+json\" class=\"yoast-schema-graph\">{\"@context\":\"https:\/\/schema.org\",\"@graph\":[{\"@type\":\"WebPage\",\"@id\":\"https:\/\/www.bvbs.de\/nevaris-bausoftware-gmbh\/\",\"url\":\"https:\/\/www.bvbs.de\/nevaris-bausoftware-gmbh\/\",\"name\":\"NEVARIS Bausoftware GmbH - BVBS Bundesverband Software und Digitalisierung im Bauwesen e.V.\",\"isPartOf\":{\"@id\":\"https:\/\/www.bvbs.de\/#website\"},\"datePublished\":\"2018-04-25T13:11:19+00:00\",\"dateModified\":\"2025-09-25T11:06:21+00:00\",\"breadcrumb\":{\"@id\":\"https:\/\/www.bvbs.de\/nevaris-bausoftware-gmbh\/#breadcrumb\"},\"inLanguage\":\"en-GB\",\"potentialAction\":[{\"@type\":\"ReadAction\",\"target\":[\"https:\/\/www.bvbs.de\/nevaris-bausoftware-gmbh\/\"]}]},{\"@type\":\"BreadcrumbList\",\"@id\":\"https:\/\/www.bvbs.de\/nevaris-bausoftware-gmbh\/#breadcrumb\",\"itemListElement\":[{\"@type\":\"ListItem\",\"position\":1,\"name\":\"Startseite\",\"item\":\"https:\/\/www.bvbs.de\/\"},{\"@type\":\"ListItem\",\"position\":2,\"name\":\"NEVARIS Bausoftware GmbH\"}]},{\"@type\":\"WebSite\",\"@id\":\"https:\/\/www.bvbs.de\/#website\",\"url\":\"https:\/\/www.bvbs.de\/\",\"name\":\"BVBS Bundesverband Software und Digitalisierung im Bauwesen e.V.\",\"description\":\"\",\"publisher\":{\"@id\":\"https:\/\/www.bvbs.de\/#organization\"},\"potentialAction\":[{\"@type\":\"SearchAction\",\"target\":{\"@type\":\"EntryPoint\",\"urlTemplate\":\"https:\/\/www.bvbs.de\/?s={search_term_string}\"},\"query-input\":{\"@type\":\"PropertyValueSpecification\",\"valueRequired\":true,\"valueName\":\"search_term_string\"}}],\"inLanguage\":\"en-GB\"},{\"@type\":\"Organization\",\"@id\":\"https:\/\/www.bvbs.de\/#organization\",\"name\":\"BVBS Bundesverband Software und Digitalisierung im Bauwesen\",\"url\":\"https:\/\/www.bvbs.de\/\",\"logo\":{\"@type\":\"ImageObject\",\"inLanguage\":\"en-GB\",\"@id\":\"https:\/\/www.bvbs.de\/#\/schema\/logo\/image\/\",\"url\":\"https:\/\/www.bvbs.de\/wp-content\/uploads\/2024\/01\/cropped-favicon-bvbs.png\",\"contentUrl\":\"https:\/\/www.bvbs.de\/wp-content\/uploads\/2024\/01\/cropped-favicon-bvbs.png\",\"width\":512,\"height\":512,\"caption\":\"BVBS Bundesverband Software und Digitalisierung im Bauwesen\"},\"image\":{\"@id\":\"https:\/\/www.bvbs.de\/#\/schema\/logo\/image\/\"}}]}<\/script>\r\n<!-- \/ Yoast SEO plugin. -->","yoast_head_json":{"title":"NEVARIS Bau\u00adsoft\u00adware GmbH \u2014 BVBS Bun\u00addes\u00adver\u00adband Soft\u00adware und Digi\u00adta\u00adli\u00adsie\u00adrung im Bau\u00adwe\u00adsen e.V.","robots":{"index":"index","follow":"follow","max-snippet":"max-snippet:-1","max-image-preview":"max-image-preview:large","max-video-preview":"max-video-preview:-1"},"canonical":"https:\/\/www.bvbs.de\/en\/nevaris-bausoftware-gmbh\/","og_locale":"en_GB","og_type":"article","og_title":"NEVARIS Bausoftware GmbH - BVBS Bundesverband Software und Digitalisierung im Bauwesen e.V.","og_description":"BVBS Mitgliedsunternehmen Allgemeines Als Technologief\u00fchrer von Softwarel\u00f6sungen f\u00fcr das Bauwesen tr\u00e4gt die NEVARIS Bausoftware GmbH seit \u00fcber 30 Jahren zu Brancheninnovationen bei \u2013 mit dem Ziel, die Erwartungen der Kunden immer wieder zu \u00fcbertreffen. An insgesamt acht Standorten entwickelt und vertreibt NEVARIS, seit den 1990er Jahren als Teil der weltweit agierenden Nemetschek Group, mit \u00fcber [&hellip;]","og_url":"https:\/\/www.bvbs.de\/en\/nevaris-bausoftware-gmbh\/","og_site_name":"BVBS Bundesverband Software und Digitalisierung im Bauwesen e.V.","article_modified_time":"2025-09-25T11:06:21+00:00","twitter_card":"summary_large_image","twitter_misc":{"Estimated reading time":"5 minutes"},"schema":{"@context":"https:\/\/schema.org","@graph":[{"@type":"WebPage","@id":"https:\/\/www.bvbs.de\/nevaris-bausoftware-gmbh\/","url":"https:\/\/www.bvbs.de\/nevaris-bausoftware-gmbh\/","name":"NEVARIS Bau\u00adsoft\u00adware GmbH \u2014 BVBS Bun\u00addes\u00adver\u00adband Soft\u00adware und Digi\u00adta\u00adli\u00adsie\u00adrung im Bau\u00adwe\u00adsen e.V.","isPartOf":{"@id":"https:\/\/www.bvbs.de\/#website"},"datePublished":"2018-04-25T13:11:19+00:00","dateModified":"2025-09-25T11:06:21+00:00","breadcrumb":{"@id":"https:\/\/www.bvbs.de\/nevaris-bausoftware-gmbh\/#breadcrumb"},"inLanguage":"en-GB","potentialAction":[{"@type":"ReadAction","target":["https:\/\/www.bvbs.de\/nevaris-bausoftware-gmbh\/"]}]},{"@type":"BreadcrumbList","@id":"https:\/\/www.bvbs.de\/nevaris-bausoftware-gmbh\/#breadcrumb","itemListElement":[{"@type":"ListItem","position":1,"name":"Startseite","item":"https:\/\/www.bvbs.de\/"},{"@type":"ListItem","position":2,"name":"NEVARIS Bausoftware GmbH"}]},{"@type":"WebSite","@id":"https:\/\/www.bvbs.de\/#website","url":"https:\/\/www.bvbs.de\/","name":"BVBS Bun\u00addes\u00adver\u00adband Soft\u00adware und Digi\u00adta\u00adli\u00adsie\u00adrung im Bau\u00adwe\u00adsen e.V.","description":"","publisher":{"@id":"https:\/\/www.bvbs.de\/#organization"},"potentialAction":[{"@type":"SearchAction","target":{"@type":"EntryPoint","urlTemplate":"https:\/\/www.bvbs.de\/?s={search_term_string}"},"query-input":{"@type":"PropertyValueSpecification","valueRequired":true,"valueName":"search_term_string"}}],"inLanguage":"en-GB"},{"@type":"Organization","@id":"https:\/\/www.bvbs.de\/#organization","name":"BVBS Bun\u00addes\u00adver\u00adband Soft\u00adware und Digi\u00adta\u00adli\u00adsie\u00adrung im Bauwesen","url":"https:\/\/www.bvbs.de\/","logo":{"@type":"ImageObject","inLanguage":"en-GB","@id":"https:\/\/www.bvbs.de\/#\/schema\/logo\/image\/","url":"https:\/\/www.bvbs.de\/wp-content\/uploads\/2024\/01\/cropped-favicon-bvbs.png","contentUrl":"https:\/\/www.bvbs.de\/wp-content\/uploads\/2024\/01\/cropped-favicon-bvbs.png","width":512,"height":512,"caption":"BVBS Bundesverband Software und Digitalisierung im Bauwesen"},"image":{"@id":"https:\/\/www.bvbs.de\/#\/schema\/logo\/image\/"}}]}},"_links":{"self":[{"href":"https:\/\/www.bvbs.de\/en\/wp-json\/wp\/v2\/pages\/1248","targetHints":{"allow":["GET"]}}],"collection":[{"href":"https:\/\/www.bvbs.de\/en\/wp-json\/wp\/v2\/pages"}],"about":[{"href":"https:\/\/www.bvbs.de\/en\/wp-json\/wp\/v2\/types\/page"}],"author":[{"embeddable":true,"href":"https:\/\/www.bvbs.de\/en\/wp-json\/wp\/v2\/users\/760"}],"replies":[{"embeddable":true,"href":"https:\/\/www.bvbs.de\/en\/wp-json\/wp\/v2\/comments?post=1248"}],"version-history":[{"count":0,"href":"https:\/\/www.bvbs.de\/en\/wp-json\/wp\/v2\/pages\/1248\/revisions"}],"wp:attachment":[{"href":"https:\/\/www.bvbs.de\/en\/wp-json\/wp\/v2\/media?parent=1248"}],"curies":[{"name":"wp","href":"https:\/\/api.w.org\/{rel}","templated":true}]}}