{"id":12491,"date":"2024-03-20T14:55:59","date_gmt":"2024-03-20T13:55:59","guid":{"rendered":"https:\/\/www.bvbs.de\/ibt-software-copy\/"},"modified":"2026-03-02T15:42:10","modified_gmt":"2026-03-02T14:42:10","slug":"idea-statica","status":"publish","type":"page","link":"https:\/\/www.bvbs.de\/en\/idea-statica\/","title":{"rendered":"IDEA Sta\u00adti\u00adCa Deutsch\u00adland&nbsp;GmbH"},"content":{"rendered":"<p>[et_pb_section fb_built=&#8220;1&#8243; fullwidth=&#8220;on&#8220; _builder_version=&#8220;4.16&#8243; global_colors_info=&#8220;{}&#8220;][et_pb_fullwidth_slider _builder_version=&#8220;4.16&#8243; global_colors_info=&#8220;{}&#8220; button_text_size__hover_enabled=&#8220;off&#8220; button_one_text_size__hover_enabled=&#8220;off&#8220; button_two_text_size__hover_enabled=&#8220;off&#8220; button_text_color__hover_enabled=&#8220;off&#8220; button_one_text_color__hover_enabled=&#8220;off&#8220; button_two_text_color__hover_enabled=&#8220;off&#8220; button_border_width__hover_enabled=&#8220;off&#8220; button_one_border_width__hover_enabled=&#8220;off&#8220; button_two_border_width__hover_enabled=&#8220;off&#8220; button_border_color__hover_enabled=&#8220;off&#8220; button_one_border_color__hover_enabled=&#8220;off&#8220; button_two_border_color__hover_enabled=&#8220;off&#8220; button_border_radius__hover_enabled=&#8220;off&#8220; button_one_border_radius__hover_enabled=&#8220;off&#8220; button_two_border_radius__hover_enabled=&#8220;off&#8220; button_letter_spacing__hover_enabled=&#8220;off&#8220; button_one_letter_spacing__hover_enabled=&#8220;off&#8220; button_two_letter_spacing__hover_enabled=&#8220;off&#8220; button_bg_color__hover_enabled=&#8220;off&#8220; button_one_bg_color__hover_enabled=&#8220;off&#8220; button_two_bg_color__hover_enabled=&#8220;off&#8220;][et_pb_slide heading=&#8220;IDEA StatiCa Deutschland GmbH&#8220; use_bg_overlay=&#8220;off&#8220; use_text_overlay=&#8220;off&#8220; _builder_version=&#8220;4.16&#8243; header_font=&#8220;Roboto|700|||||||&#8220; body_font=&#8220;Roboto||||||||&#8220; background_color=&#8220;#ffffff&#8220; background_image=&#8220;https:\/\/www.bvbs.de\/wp-content\/uploads\/2021\/02\/mitglieder-bg.jpg&#8220; button_on_hover=&#8220;on&#8220; global_colors_info=&#8220;{}&#8220; button_text_size__hover_enabled=&#8220;off&#8220; button_one_text_size__hover_enabled=&#8220;off&#8220; button_two_text_size__hover_enabled=&#8220;off&#8220; button_text_color__hover_enabled=&#8220;off&#8220; button_one_text_color__hover_enabled=&#8220;off&#8220; button_two_text_color__hover_enabled=&#8220;off&#8220; button_border_width__hover_enabled=&#8220;off&#8220; button_one_border_width__hover_enabled=&#8220;off&#8220; button_two_border_width__hover_enabled=&#8220;off&#8220; button_border_color__hover_enabled=&#8220;off&#8220; button_one_border_color__hover_enabled=&#8220;off&#8220; button_two_border_color__hover_enabled=&#8220;off&#8220; button_border_radius__hover_enabled=&#8220;off&#8220; button_one_border_radius__hover_enabled=&#8220;off&#8220; button_two_border_radius__hover_enabled=&#8220;off&#8220; button_letter_spacing__hover_enabled=&#8220;off&#8220; button_one_letter_spacing__hover_enabled=&#8220;off&#8220; button_two_letter_spacing__hover_enabled=&#8220;off&#8220; button_bg_color__hover_enabled=&#8220;off&#8220; button_one_bg_color__hover_enabled=&#8220;off&#8220; button_two_bg_color__hover_enabled=&#8220;off&#8220; sticky_transition=&#8220;on&#8220;]BVBS Mitgliedsunternehmen<br \/>\n[\/et_pb_slide][\/et_pb_fullwidth_slider][\/et_pb_section][et_pb_section fb_built=&#8220;1&#8243; _builder_version=&#8220;4.16&#8243; global_colors_info=&#8220;{}&#8220;][et_pb_row column_structure=&#8220;1_3,2_3&#8243; _builder_version=&#8220;4.16&#8243; custom_padding=&#8220;27px|0px|50px|0px&#8220; border_width_bottom=&#8220;1px&#8220; border_color_bottom=&#8220;rgba(51,51,51,0.18)&#8220; global_colors_info=&#8220;{}&#8220;][et_pb_column type=&#8220;1_3&#8243; _builder_version=&#8220;4.16&#8243; custom_padding=&#8220;|||&#8220; global_colors_info=&#8220;{}&#8220; custom_padding__hover=&#8220;|||&#8220;][et_pb_text _builder_version=&#8220;4.16&#8243; text_font=&#8220;Roboto|700|||||||&#8220; text_text_color=&#8220;#696666&#8243; text_font_size=&#8220;40px&#8220; global_colors_info=&#8220;{}&#8220;]Allgemeines<br \/>\n[\/et_pb_text][\/et_pb_column][et_pb_column type=&#8220;2_3&#8243; _builder_version=&#8220;4.16&#8243; custom_padding=&#8220;|||&#8220; global_colors_info=&#8220;{}&#8220; custom_padding__hover=&#8220;|||&#8220;][et_pb_text _builder_version=&#8220;4.16&#8243; global_colors_info=&#8220;{}&#8220;]<\/p>\n<div id=\"mitglied-unternehmensdarstellung-225\" class=\"mod_article zweispaltig bottomLineOn block\">\n<div class=\"ce_text block\">\n<p>IDEA StatiCa entwickelt Software f\u00fcr Statiker und Bauingenieure. Das Entwicklungsteam erforscht, testet und verwendet neue Methoden zur Analyse des Verhaltens von Tragwerken und ihren Bauteilen. Auf dieser Grundlage erstellt IDEA StatiCa eine Software, die es Ingenieuren erm\u00f6glicht, schneller zu arbeiten, die Normanforderungen zu erf\u00fcllen und die Materialmenge zu optimieren. Ziel ist es, dazu beizutragen, Design und Konstruktion auf der ganzen Welt sicherer, kosteng\u00fcnstiger und nachhaltiger zu machen.<\/p>\n<p>Bei der Bemessung und dem Nachweis von Stahlverbindungen, Ankern und Stahlbauteilen setzt IDEA StatiCa auf die Komponentenbasierte Finite-Elemente-Methode (CBFEM), bei Betondetails, Diskontinuit\u00e4tsbereichen und W\u00e4nden auf die Kompatible Spannungsfeldmethode (CSFM). Die Software mit ihren Methoden ist durch verschiedene Universit\u00e4ten gepr\u00fcft und verifiziert worden.<\/p>\n<p>Die BIM-basierte Zusammenarbeit zwischen den Tools der Ingenieure ist einer der wichtigsten Trends in der Branche, weshalb die Software BIM-Links enth\u00e4lt, die IDEA StatiCa mit \u00fcber 20 FEA\/CAD-L\u00f6sungen verbindet.<\/p>\n<p> IDEA StatiCa arbeitet eng mit wichtigen Branchenvertretern wie Autodesk, Trimble, HILTI und NEMETSCHEK zusammen, um die besten Arbeitsabl\u00e4ufe f\u00fcr Bauingenieure zu entwickeln und anzubieten. Zu den weltweit \u00fcber 8.000 Kunden z\u00e4hlen Bauingenieure, Bauunternehmen, Pr\u00fcfingenieure, Stahlbauer und Betonfertigteil-Hersteller.<\/p>\n<\/div>\n<\/div>\n<p>[\/et_pb_text][\/et_pb_column][\/et_pb_row][et_pb_row column_structure=&#8220;1_3,2_3&#8243; _builder_version=&#8220;4.16&#8243; custom_padding=&#8220;50px|0px|50px|0px&#8220; border_width_bottom=&#8220;1px&#8220; border_color_bottom=&#8220;rgba(51,51,51,0.18)&#8220; global_colors_info=&#8220;{}&#8220;][et_pb_column type=&#8220;1_3&#8243; _builder_version=&#8220;4.16&#8243; custom_padding=&#8220;|||&#8220; global_colors_info=&#8220;{}&#8220; custom_padding__hover=&#8220;|||&#8220;][et_pb_text _builder_version=&#8220;4.16&#8243; text_font=&#8220;Roboto|700|||||||&#8220; text_text_color=&#8220;#696666&#8243; text_font_size=&#8220;40px&#8220; global_colors_info=&#8220;{}&#8220;]Produkte<br \/>\n[\/et_pb_text][\/et_pb_column][et_pb_column type=&#8220;2_3&#8243; _builder_version=&#8220;4.16&#8243; custom_padding=&#8220;|||&#8220; global_colors_info=&#8220;{}&#8220; custom_padding__hover=&#8220;|||&#8220;][et_pb_text _builder_version=&#8220;4.27.3&#8243; hover_enabled=&#8220;0&#8243; global_colors_info=&#8220;{}&#8220; sticky_enabled=&#8220;0&#8243;]<\/p>\n<p><a href=\"https:\/\/www.ideastatica.com\/de\/Statiksoftware-fur-Stahlverbindungen\" target=\"_blank\" rel=\"noopener\"><strong>IDEA StatiCa Steel<\/strong><\/a><br \/>Berechnung von Stahlverbindungen, zusammen mit einer Beulanalyse in einem Softwarepaket. Die Steel Edition umfasst die Komponenten Connection, Member, Checkbot und den Viewer.<\/p>\n<p><a href=\"https:\/\/www.ideastatica.com\/de\/Beton\" target=\"_blank\" rel=\"noopener\" style=\"font-size: 15px;\"><strong>IDEA StatiCa Concrete<\/strong><\/a><br \/>Diese Edition deckt die Bereiche der Berechnung von Stahlbeton-W\u00e4nden, Tr\u00e4gern und Diskontinuit\u00e4tsbereiche ab und umfasst die Anwendungen Member, Detail, Beam, RCS und den Checkbot.<\/p>\n<p><a href=\"http:\/\/www.ideastatica.com\/de\/pricing\" target=\"_blank\" rel=\"noopener\"><strong>IDEA StatiCa Complete<\/strong><\/a><br \/>Die Complete Edition umfasst alle von IDEA StatiCa verf\u00fcgbaren Softwareanwendungen und ist das Komplettpaket f\u00fcr alle Bereiche der Tragwerksplanung.<\/p>\n<p><a href=\"http:\/\/www.ideastatica.com\/de\/training\" target=\"_blank\" rel=\"noopener\"><strong>Training<\/strong><\/a><br \/>IDEA StatiCa bietet pers\u00f6nliche Online-Schulungen, bei denen ein Zertifikat mit Fortbildungspunkten von der Ingenieurkammer-Bau NRW erteilt werden kann, und kostenlose Webinare an.<\/p>\n<p><a href=\"http:\/\/www.ideastatica.com\/de\/support-center\" target=\"_blank\" rel=\"noopener\"><strong>Projektsupport<\/strong><\/a><br \/>Es stehen Tutorials, Videos, Beispielprojekte und eine gro\u00dfe Datenbank an Artikeln mit Hintergrundwissen und Blogeintr\u00e4gen von aktuellen Themen zur Verf\u00fcgung. Auch pers\u00f6nlicher Support steht Kunden zur Verf\u00fcgung.<\/p>\n<p>[\/et_pb_text][\/et_pb_column][\/et_pb_row][et_pb_row column_structure=&#8220;1_3,1_3,1_3&#8243; _builder_version=&#8220;4.16&#8243; custom_padding=&#8220;50px|0px|27px|0px&#8220; global_colors_info=&#8220;{}&#8220;][et_pb_column type=&#8220;1_3&#8243; _builder_version=&#8220;4.16&#8243; custom_padding=&#8220;|||&#8220; global_colors_info=&#8220;{}&#8220; custom_padding__hover=&#8220;|||&#8220;][et_pb_text _builder_version=&#8220;4.16&#8243; text_font=&#8220;Roboto|700|||||||&#8220; text_text_color=&#8220;#696666&#8243; text_font_size=&#8220;40px&#8220; global_colors_info=&#8220;{}&#8220;]Kontakt<br \/>\n[\/et_pb_text][\/et_pb_column][et_pb_column type=&#8220;1_3&#8243; _builder_version=&#8220;4.16&#8243; custom_padding=&#8220;|||&#8220; global_colors_info=&#8220;{}&#8220; custom_padding__hover=&#8220;|||&#8220;][et_pb_text _builder_version=&#8220;4.16&#8243; custom_margin=&#8220;|||-35px&#8220; custom_padding=&#8220;|||&#8220; global_colors_info=&#8220;{}&#8220;]<\/p>\n<p><strong>IDEA StatiCa Deutschland GmbH<\/strong><br \/> Joseph-von-Fraunhofer-Str. 13<br \/> 44227 Dortmund<\/p>\n<p> Telefon: +49 (0)231 99994880<\/p>\n<p>E\u2011Mail: <a href=\"mailto:info@ideastatica.de\" target=\"_blank\" rel=\"noopener\">info@ideastatica.de<\/a><br \/> Internet: <a href=\"https:\/\/www.ideastatica.com\/de\" target=\"_blank\" rel=\"noopener\">https:\/\/www.ideastatica.com\/de<\/a><\/p>\n<p>[\/et_pb_text][\/et_pb_column][et_pb_column type=&#8220;1_3&#8243; _builder_version=&#8220;4.16&#8243; custom_padding=&#8220;|||&#8220; global_colors_info=&#8220;{}&#8220; custom_padding__hover=&#8220;|||&#8220;][et_pb_image src=&#8220;https:\/\/www.bvbs.de\/wp-content\/uploads\/2024\/03\/IDEA_StatiCA_RGB.png&#8220; align_tablet=&#8220;center&#8220; align_phone=&#8220;center&#8220; align_last_edited=&#8220;on|desktop&#8220; _builder_version=&#8220;4.16&#8243; global_colors_info=&#8220;{}&#8220;][\/et_pb_image][\/et_pb_column][\/et_pb_row][\/et_pb_section]<\/p>\n","protected":false},"excerpt":{"rendered":"<p>BVBS Mitgliedsunternehmen Allgemeines IDEA StatiCa entwickelt Software f\u00fcr Statiker und Bauingenieure. Das Entwicklungsteam erforscht, testet und verwendet neue Methoden zur Analyse des Verhaltens von Tragwerken und ihren Bauteilen. Auf dieser Grundlage erstellt IDEA StatiCa eine Software, die es Ingenieuren erm\u00f6glicht, schneller zu arbeiten, die Normanforderungen zu erf\u00fcllen und die Materialmenge zu optimieren. Ziel ist es, [&hellip;]<\/p>\n","protected":false},"author":760,"featured_media":0,"parent":0,"menu_order":0,"comment_status":"closed","ping_status":"closed","template":"","meta":{"_et_pb_use_builder":"on","_et_pb_old_content":"","_et_gb_content_width":"","wp_typography_post_enhancements_disabled":false,"footnotes":""},"class_list":["post-12491","page","type-page","status-publish","hentry"],"yoast_head":"<!-- This site is optimized with the Yoast SEO plugin v26.1.1 - https:\/\/yoast.com\/wordpress\/plugins\/seo\/ -->\r\n<title>IDEA StatiCa Deutschland GmbH - BVBS Bundesverband Software und Digitalisierung im Bauwesen e.V.<\/title>\r\n<meta name=\"robots\" content=\"index, follow, max-snippet:-1, max-image-preview:large, max-video-preview:-1\" \/>\r\n<link rel=\"canonical\" href=\"https:\/\/www.bvbs.de\/en\/idea-statica\/\" \/>\r\n<meta property=\"og:locale\" content=\"en_GB\" \/>\r\n<meta property=\"og:type\" content=\"article\" \/>\r\n<meta property=\"og:title\" content=\"IDEA StatiCa Deutschland GmbH - BVBS Bundesverband Software und Digitalisierung im Bauwesen e.V.\" \/>\r\n<meta property=\"og:description\" content=\"BVBS Mitgliedsunternehmen Allgemeines IDEA StatiCa entwickelt Software f\u00fcr Statiker und Bauingenieure. Das Entwicklungsteam erforscht, testet und verwendet neue Methoden zur Analyse des Verhaltens von Tragwerken und ihren Bauteilen. Auf dieser Grundlage erstellt IDEA StatiCa eine Software, die es Ingenieuren erm\u00f6glicht, schneller zu arbeiten, die Normanforderungen zu erf\u00fcllen und die Materialmenge zu optimieren. Ziel ist es, [&hellip;]\" \/>\r\n<meta property=\"og:url\" content=\"https:\/\/www.bvbs.de\/en\/idea-statica\/\" \/>\r\n<meta property=\"og:site_name\" content=\"BVBS Bundesverband Software und Digitalisierung im Bauwesen e.V.\" \/>\r\n<meta property=\"article:modified_time\" content=\"2026-03-02T14:42:10+00:00\" \/>\r\n<meta name=\"twitter:card\" content=\"summary_large_image\" \/>\r\n<meta name=\"twitter:label1\" content=\"Estimated reading time\" \/>\n\t<meta name=\"twitter:data1\" content=\"3 minutes\" \/>\r\n<script type=\"application\/ld+json\" class=\"yoast-schema-graph\">{\"@context\":\"https:\/\/schema.org\",\"@graph\":[{\"@type\":\"WebPage\",\"@id\":\"https:\/\/www.bvbs.de\/idea-statica\/\",\"url\":\"https:\/\/www.bvbs.de\/idea-statica\/\",\"name\":\"IDEA StatiCa Deutschland GmbH - BVBS Bundesverband Software und Digitalisierung im Bauwesen e.V.\",\"isPartOf\":{\"@id\":\"https:\/\/www.bvbs.de\/#website\"},\"datePublished\":\"2024-03-20T13:55:59+00:00\",\"dateModified\":\"2026-03-02T14:42:10+00:00\",\"breadcrumb\":{\"@id\":\"https:\/\/www.bvbs.de\/idea-statica\/#breadcrumb\"},\"inLanguage\":\"en-GB\",\"potentialAction\":[{\"@type\":\"ReadAction\",\"target\":[\"https:\/\/www.bvbs.de\/idea-statica\/\"]}]},{\"@type\":\"BreadcrumbList\",\"@id\":\"https:\/\/www.bvbs.de\/idea-statica\/#breadcrumb\",\"itemListElement\":[{\"@type\":\"ListItem\",\"position\":1,\"name\":\"Startseite\",\"item\":\"https:\/\/www.bvbs.de\/\"},{\"@type\":\"ListItem\",\"position\":2,\"name\":\"IDEA StatiCa Deutschland GmbH\"}]},{\"@type\":\"WebSite\",\"@id\":\"https:\/\/www.bvbs.de\/#website\",\"url\":\"https:\/\/www.bvbs.de\/\",\"name\":\"BVBS Bundesverband Software und Digitalisierung im Bauwesen e.V.\",\"description\":\"\",\"publisher\":{\"@id\":\"https:\/\/www.bvbs.de\/#organization\"},\"potentialAction\":[{\"@type\":\"SearchAction\",\"target\":{\"@type\":\"EntryPoint\",\"urlTemplate\":\"https:\/\/www.bvbs.de\/?s={search_term_string}\"},\"query-input\":{\"@type\":\"PropertyValueSpecification\",\"valueRequired\":true,\"valueName\":\"search_term_string\"}}],\"inLanguage\":\"en-GB\"},{\"@type\":\"Organization\",\"@id\":\"https:\/\/www.bvbs.de\/#organization\",\"name\":\"BVBS Bundesverband Software und Digitalisierung im Bauwesen\",\"url\":\"https:\/\/www.bvbs.de\/\",\"logo\":{\"@type\":\"ImageObject\",\"inLanguage\":\"en-GB\",\"@id\":\"https:\/\/www.bvbs.de\/#\/schema\/logo\/image\/\",\"url\":\"https:\/\/www.bvbs.de\/wp-content\/uploads\/2024\/01\/cropped-favicon-bvbs.png\",\"contentUrl\":\"https:\/\/www.bvbs.de\/wp-content\/uploads\/2024\/01\/cropped-favicon-bvbs.png\",\"width\":512,\"height\":512,\"caption\":\"BVBS Bundesverband Software und Digitalisierung im Bauwesen\"},\"image\":{\"@id\":\"https:\/\/www.bvbs.de\/#\/schema\/logo\/image\/\"}}]}<\/script>\r\n<!-- \/ Yoast SEO plugin. -->","yoast_head_json":{"title":"IDEA Sta\u00adti\u00adCa Deutsch\u00adland GmbH \u2014 BVBS Bun\u00addes\u00adver\u00adband Soft\u00adware und Digi\u00adta\u00adli\u00adsie\u00adrung im Bau\u00adwe\u00adsen e.V.","robots":{"index":"index","follow":"follow","max-snippet":"max-snippet:-1","max-image-preview":"max-image-preview:large","max-video-preview":"max-video-preview:-1"},"canonical":"https:\/\/www.bvbs.de\/en\/idea-statica\/","og_locale":"en_GB","og_type":"article","og_title":"IDEA StatiCa Deutschland GmbH - BVBS Bundesverband Software und Digitalisierung im Bauwesen e.V.","og_description":"BVBS Mitgliedsunternehmen Allgemeines IDEA StatiCa entwickelt Software f\u00fcr Statiker und Bauingenieure. Das Entwicklungsteam erforscht, testet und verwendet neue Methoden zur Analyse des Verhaltens von Tragwerken und ihren Bauteilen. Auf dieser Grundlage erstellt IDEA StatiCa eine Software, die es Ingenieuren erm\u00f6glicht, schneller zu arbeiten, die Normanforderungen zu erf\u00fcllen und die Materialmenge zu optimieren. Ziel ist es, [&hellip;]","og_url":"https:\/\/www.bvbs.de\/en\/idea-statica\/","og_site_name":"BVBS Bundesverband Software und Digitalisierung im Bauwesen e.V.","article_modified_time":"2026-03-02T14:42:10+00:00","twitter_card":"summary_large_image","twitter_misc":{"Estimated reading time":"3 minutes"},"schema":{"@context":"https:\/\/schema.org","@graph":[{"@type":"WebPage","@id":"https:\/\/www.bvbs.de\/idea-statica\/","url":"https:\/\/www.bvbs.de\/idea-statica\/","name":"IDEA Sta\u00adti\u00adCa Deutsch\u00adland GmbH \u2014 BVBS Bun\u00addes\u00adver\u00adband Soft\u00adware und Digi\u00adta\u00adli\u00adsie\u00adrung im Bau\u00adwe\u00adsen e.V.","isPartOf":{"@id":"https:\/\/www.bvbs.de\/#website"},"datePublished":"2024-03-20T13:55:59+00:00","dateModified":"2026-03-02T14:42:10+00:00","breadcrumb":{"@id":"https:\/\/www.bvbs.de\/idea-statica\/#breadcrumb"},"inLanguage":"en-GB","potentialAction":[{"@type":"ReadAction","target":["https:\/\/www.bvbs.de\/idea-statica\/"]}]},{"@type":"BreadcrumbList","@id":"https:\/\/www.bvbs.de\/idea-statica\/#breadcrumb","itemListElement":[{"@type":"ListItem","position":1,"name":"Startseite","item":"https:\/\/www.bvbs.de\/"},{"@type":"ListItem","position":2,"name":"IDEA StatiCa Deutschland GmbH"}]},{"@type":"WebSite","@id":"https:\/\/www.bvbs.de\/#website","url":"https:\/\/www.bvbs.de\/","name":"BVBS Bun\u00addes\u00adver\u00adband Soft\u00adware und Digi\u00adta\u00adli\u00adsie\u00adrung im Bau\u00adwe\u00adsen e.V.","description":"","publisher":{"@id":"https:\/\/www.bvbs.de\/#organization"},"potentialAction":[{"@type":"SearchAction","target":{"@type":"EntryPoint","urlTemplate":"https:\/\/www.bvbs.de\/?s={search_term_string}"},"query-input":{"@type":"PropertyValueSpecification","valueRequired":true,"valueName":"search_term_string"}}],"inLanguage":"en-GB"},{"@type":"Organization","@id":"https:\/\/www.bvbs.de\/#organization","name":"BVBS Bun\u00addes\u00adver\u00adband Soft\u00adware und Digi\u00adta\u00adli\u00adsie\u00adrung im Bauwesen","url":"https:\/\/www.bvbs.de\/","logo":{"@type":"ImageObject","inLanguage":"en-GB","@id":"https:\/\/www.bvbs.de\/#\/schema\/logo\/image\/","url":"https:\/\/www.bvbs.de\/wp-content\/uploads\/2024\/01\/cropped-favicon-bvbs.png","contentUrl":"https:\/\/www.bvbs.de\/wp-content\/uploads\/2024\/01\/cropped-favicon-bvbs.png","width":512,"height":512,"caption":"BVBS Bundesverband Software und Digitalisierung im Bauwesen"},"image":{"@id":"https:\/\/www.bvbs.de\/#\/schema\/logo\/image\/"}}]}},"_links":{"self":[{"href":"https:\/\/www.bvbs.de\/en\/wp-json\/wp\/v2\/pages\/12491","targetHints":{"allow":["GET"]}}],"collection":[{"href":"https:\/\/www.bvbs.de\/en\/wp-json\/wp\/v2\/pages"}],"about":[{"href":"https:\/\/www.bvbs.de\/en\/wp-json\/wp\/v2\/types\/page"}],"author":[{"embeddable":true,"href":"https:\/\/www.bvbs.de\/en\/wp-json\/wp\/v2\/users\/760"}],"replies":[{"embeddable":true,"href":"https:\/\/www.bvbs.de\/en\/wp-json\/wp\/v2\/comments?post=12491"}],"version-history":[{"count":1,"href":"https:\/\/www.bvbs.de\/en\/wp-json\/wp\/v2\/pages\/12491\/revisions"}],"predecessor-version":[{"id":28676,"href":"https:\/\/www.bvbs.de\/en\/wp-json\/wp\/v2\/pages\/12491\/revisions\/28676"}],"wp:attachment":[{"href":"https:\/\/www.bvbs.de\/en\/wp-json\/wp\/v2\/media?parent=12491"}],"curies":[{"name":"wp","href":"https:\/\/api.w.org\/{rel}","templated":true}]}}