{"id":1282,"date":"2018-04-25T15:29:14","date_gmt":"2018-04-25T13:29:14","guid":{"rendered":"https:\/\/www.bvbs.de\/?page_id=1282"},"modified":"2026-04-07T13:06:33","modified_gmt":"2026-04-07T11:06:33","slug":"sidoun-international-gmbh","status":"publish","type":"page","link":"https:\/\/www.bvbs.de\/en\/sidoun-international-gmbh\/","title":{"rendered":"SIDOUN Inter\u00adna\u00adtio\u00adnal&nbsp;GmbH"},"content":{"rendered":"<p>[et_pb_section fb_built=&#8220;1&#8243; fullwidth=&#8220;on&#8220; _builder_version=&#8220;4.16&#8243; global_colors_info=&#8220;{}&#8220;][et_pb_fullwidth_slider _builder_version=&#8220;4.27.3&#8243; header_font=&#8220;Roboto|700|||||||&#8220; body_font=&#8220;Roboto||||||||&#8220; global_colors_info=&#8220;{}&#8220; button_text_size__hover_enabled=&#8220;off&#8220; button_one_text_size__hover_enabled=&#8220;off&#8220; button_two_text_size__hover_enabled=&#8220;off&#8220; button_text_color__hover_enabled=&#8220;off&#8220; button_one_text_color__hover_enabled=&#8220;off&#8220; button_two_text_color__hover_enabled=&#8220;off&#8220; button_border_width__hover_enabled=&#8220;off&#8220; button_one_border_width__hover_enabled=&#8220;off&#8220; button_two_border_width__hover_enabled=&#8220;off&#8220; button_border_color__hover_enabled=&#8220;off&#8220; button_one_border_color__hover_enabled=&#8220;off&#8220; button_two_border_color__hover_enabled=&#8220;off&#8220; button_border_radius__hover_enabled=&#8220;off&#8220; button_one_border_radius__hover_enabled=&#8220;off&#8220; button_two_border_radius__hover_enabled=&#8220;off&#8220; button_letter_spacing__hover_enabled=&#8220;off&#8220; button_one_letter_spacing__hover_enabled=&#8220;off&#8220; button_two_letter_spacing__hover_enabled=&#8220;off&#8220; button_bg_color__hover_enabled=&#8220;off&#8220; button_one_bg_color__hover_enabled=&#8220;off&#8220; button_two_bg_color__hover_enabled=&#8220;off&#8220;][et_pb_slide heading=&#8220;SIDOUN International GmbH&#8220; use_bg_overlay=&#8220;off&#8220; use_text_overlay=&#8220;off&#8220; _builder_version=&#8220;4.16&#8243; background_color=&#8220;#ffffff&#8220; background_image=&#8220;https:\/\/www.bvbs.de\/wp-content\/uploads\/2021\/02\/mitglieder-bg.jpg&#8220; button_on_hover=&#8220;on&#8220; global_colors_info=&#8220;{}&#8220; button_text_size__hover_enabled=&#8220;off&#8220; button_one_text_size__hover_enabled=&#8220;off&#8220; button_two_text_size__hover_enabled=&#8220;off&#8220; button_text_color__hover_enabled=&#8220;off&#8220; button_one_text_color__hover_enabled=&#8220;off&#8220; button_two_text_color__hover_enabled=&#8220;off&#8220; button_border_width__hover_enabled=&#8220;off&#8220; button_one_border_width__hover_enabled=&#8220;off&#8220; button_two_border_width__hover_enabled=&#8220;off&#8220; button_border_color__hover_enabled=&#8220;off&#8220; button_one_border_color__hover_enabled=&#8220;off&#8220; button_two_border_color__hover_enabled=&#8220;off&#8220; button_border_radius__hover_enabled=&#8220;off&#8220; button_one_border_radius__hover_enabled=&#8220;off&#8220; button_two_border_radius__hover_enabled=&#8220;off&#8220; button_letter_spacing__hover_enabled=&#8220;off&#8220; button_one_letter_spacing__hover_enabled=&#8220;off&#8220; button_two_letter_spacing__hover_enabled=&#8220;off&#8220; button_bg_color__hover_enabled=&#8220;off&#8220; button_one_bg_color__hover_enabled=&#8220;off&#8220; button_two_bg_color__hover_enabled=&#8220;off&#8220; sticky_transition=&#8220;on&#8220;]BVBS Mitgliedsunternehmen<br \/>\n[\/et_pb_slide][\/et_pb_fullwidth_slider][\/et_pb_section][et_pb_section fb_built=&#8220;1&#8243; _builder_version=&#8220;4.16&#8243; global_colors_info=&#8220;{}&#8220;][et_pb_row column_structure=&#8220;1_3,2_3&#8243; _builder_version=&#8220;4.16&#8243; custom_padding=&#8220;27px|0px|50px|0px&#8220; border_width_bottom=&#8220;1px&#8220; border_color_bottom=&#8220;rgba(51,51,51,0.18)&#8220; global_colors_info=&#8220;{}&#8220;][et_pb_column type=&#8220;1_3&#8243; _builder_version=&#8220;4.16&#8243; custom_padding=&#8220;|||&#8220; global_colors_info=&#8220;{}&#8220; custom_padding__hover=&#8220;|||&#8220;][et_pb_text _builder_version=&#8220;4.16&#8243; text_font=&#8220;Roboto|700|||||||&#8220; text_text_color=&#8220;#696666&#8243; text_font_size=&#8220;40px&#8220; global_colors_info=&#8220;{}&#8220;]Allgemeines<br \/>\n[\/et_pb_text][\/et_pb_column][et_pb_column type=&#8220;2_3&#8243; _builder_version=&#8220;4.16&#8243; custom_padding=&#8220;|||&#8220; global_colors_info=&#8220;{}&#8220; custom_padding__hover=&#8220;|||&#8220;][et_pb_text _builder_version=&#8220;4.27.3&#8243; text_font=&#8220;||||||||&#8220; hover_enabled=&#8220;0&#8243; global_colors_info=&#8220;{}&#8220; sticky_enabled=&#8220;0&#8243;]<\/p>\n<div id=\"mitglied-unternehmensdarstellung-225\">\n<p>SIDOUN International GmbH \u2013 Flexibilit\u00e4t und Leistung f\u00fcr AVA, Vergabe, Abrechnung und Baukalkulation<\/p>\n<p>Die SIDOUN International GmbH entwickelt seit 50 Jahren innovative Softwarel\u00f6sungen f\u00fcr Aus\u00adschrei\u00adbung, Vergabe, Abrechnung und Baukalkulation. Das eigent\u00fcmergef\u00fchrte Unternehmen mit Sitz in Freiburg im Breisgau z\u00e4hlt zu den technologischen Wegbereitern der AVA-Softwareentwicklung. SIDOUN hat zahlreiche Entwicklungsschritte der Branche gepr\u00e4gt \u2013 von AVA-Software auf Heim\u00adcomputern \u00fcber DOS- und Windows-AVA bis hin zu webbasierten Anwendungen und mobilen L\u00f6sungen.<\/p>\n<p>Mit KIAVA\u00ae setzt die SIDOUN International GmbH erneut einen technologischen Meilenstein: KIAVA\u00ae ist die erste Generation der AVA-Software mit integrierter KI.<br \/>Die Software integriert intelligente Assistenz direkt in den AVA-Arbeitsprozess. KI unterst\u00fctzt Anwender beispielsweise bei der Erstellung von Leistungsbeschreibungen, bei der Analyse von Projekt\u00adinfor\u00adma\u00adtionen, bei der Recherche in Datenbest\u00e4nden oder bei der Auswertung von Projektdaten.<\/p>\n<p>Damit erweitert KIAVA\u00ae klassische AVA-Funktionen um intelligente Unterst\u00fctzung im t\u00e4glichen Arbeiten und schafft neue M\u00f6glichkeiten f\u00fcr Effizienz, Auswertung und Entscheidungsgrundlagen im Projekt.<\/p>\n<p>&nbsp;<\/p>\n<p><strong>Flexibilit\u00e4t und Leistung im Bauprozess<\/strong><\/p>\n<p>Die L\u00f6sungen der SIDOUN International GmbH unterst\u00fctzen Architekten, Ingenieure, Bauunternehmen, Planungsb\u00fcros, \u00f6ffentliche Auftraggeber sowie Industrie- und Infrastrukturprojekte.<\/p>\n<p>Die Software verbindet Flexibilit\u00e4t, Leistung und integrierte KI in einer durchg\u00e4ngigen Arbeitsumgebung f\u00fcr Bauprojekte \u2013 von der Kostenermittlung \u00fcber die Ausschreibung bis zur Abrechnung sowie zur Integration in BIM-basierte Planungsprozesse.<\/p>\n<p>Standards und Schnittstellen wie DIN 276, GAEB und openBIM werden unterst\u00fctzt und erm\u00f6glichen den Einsatz in unterschiedlichen Projektstrukturen und Organisationen.<\/p>\n<\/div>\n<p>[\/et_pb_text][\/et_pb_column][\/et_pb_row][et_pb_row column_structure=&#8220;1_3,2_3&#8243; _builder_version=&#8220;4.16&#8243; custom_padding=&#8220;50px|0px|50px|0px&#8220; border_width_bottom=&#8220;1px&#8220; border_color_bottom=&#8220;rgba(51,51,51,0.18)&#8220; global_colors_info=&#8220;{}&#8220;][et_pb_column type=&#8220;1_3&#8243; _builder_version=&#8220;4.16&#8243; custom_padding=&#8220;|||&#8220; global_colors_info=&#8220;{}&#8220; custom_padding__hover=&#8220;|||&#8220;][et_pb_text _builder_version=&#8220;4.16&#8243; text_font=&#8220;Roboto|700|||||||&#8220; text_text_color=&#8220;#696666&#8243; text_font_size=&#8220;40px&#8220; global_colors_info=&#8220;{}&#8220;]Produkte<br \/>\n[\/et_pb_text][\/et_pb_column][et_pb_column type=&#8220;2_3&#8243; _builder_version=&#8220;4.16&#8243; custom_padding=&#8220;|||&#8220; global_colors_info=&#8220;{}&#8220; custom_padding__hover=&#8220;|||&#8220;][et_pb_text _builder_version=&#8220;4.27.3&#8243; hover_enabled=&#8220;0&#8243; custom_css_free_form=&#8220;.custom-list li {||  text-indent: -15px;           \/* H\u00e4ngender Einzug *\/||  padding-left: 15px;           \/* Abstand f\u00fcr Text nach erstem Zeichen *\/||}&#8220; global_colors_info=&#8220;{}&#8220; sticky_enabled=&#8220;0&#8243;]<\/p>\n<h3><a href=\"https:\/\/sidoun.de\/produkte\/sidoun-globe\/\" target=\"_blank\" rel=\"noopener\"><\/a><\/h3>\n<p><strong>SIDOUN KIAVA\u00ae<\/strong><\/p>\n<p>AVA-Software mit integrierter KI<\/p>\n<p><a href=\"https:\/\/sidoun.de\/loesungen\/kiava\/\">SIDOUN KIAVA<\/a>\u00ae verbindet AVA-Prozesse mit intelligenter Assistenz direkt im Arbeitsprozess. KI-Funktionen unterst\u00fctzen Anwender kontextbezogen w\u00e4hrend der Arbeit im Projekt und erweitern klassische AVA-Funktionen um intelligente Recherche, Texterstellung und Auswertung.<\/p>\n<p>Funktionen wie BauTextKI, die KI-gest\u00fctzte Projektsuche oder die kontextbezogene KI-Onlinehilfe unterst\u00fctzten Anwender unmittelbar bei der Erstellung von Leistungsbeschreibungen, bei der Analyse von Projektdaten sowie bei der Navigation durch komplexe Projektinformationen.<\/p>\n<p>KIAVA<a href=\"https:\/\/sidoun.de\/loesungen\/kiava\/\"><\/a>\u00ae unterst\u00fctzt Planungs- und Bauprozesse von der Kostenermittlung \u00fcber die Ausschreibung bis zur Abrechnung und erweitert Analyse- und Auswertungsm\u00f6glichkeiten direkt in der Projektumgebung.<\/p>\n<p><strong><\/strong><\/p>\n<p><strong>Funktionen der SIDOUN-Software<\/strong><\/p>\n<ul>\n<li>KI-Onlinehilfe \u2013 kontextbezogene Unterst\u00fctzung w\u00e4hrend der Arbeit im Programm<\/li>\n<li>BauTextKI \u2013 KI-gest\u00fctzte Erstellung von Leistungsbeschreibungen direkt in der Software<\/li>\n<li>DAss-Suche \u2013 intelligente Datenbanksuche f\u00fcr Texte, Positionen und Adressen<\/li>\n<li>Excel-inside \u2013 Integration eigener Excel-Formulare f\u00fcr Mengenermittlung, Kalkulation und Auswertungen<\/li>\n<li>Intelligente R\u00fcckg\u00e4ngig-Funktion zur gezielten Nachverfolgung von Arbeitsschritten<\/li>\n<li>Word-Integration \u2013 flexible Erstellung und Anpassung von Langtexten und Drucklayouts<\/li>\n<li>Teamboard \u2013 paralleles Arbeiten im Projekt mit Synchronisation zwischen Anwendern<\/li>\n<li>Mehrfenstertechnik \u2013 komfortables Vergleichen, Kopieren und Bearbeiten per Drag-and-Drop<\/li>\n<li>Cloud- oder Inhouse-Serverbetrieb f\u00fcr flexible Systemarchitekturen<\/li>\n<li>BIM-Integration \u2013 Verkn\u00fcpfung von Modell- und AVA-Daten (z. B. Revit, DESITE BIM, Plant3D) inklusive automatischer Mengenermittlung sowie Kostenermittlung und Zuordnung nach DIN 276<\/li>\n<\/ul>\n<p><strong><\/strong><\/p>\n<p><strong>Zentrale Funktionen<\/strong><\/p>\n<p><strong>AVA-Prozess<\/strong><\/p>\n<ul>\n<li>Erstellung und Bearbeitung von Leistungsverzeichnissen<\/li>\n<li>Positionstexte mit freien Texten oder Standardtexten (z. B. STLB-Bau, Sirados)<\/li>\n<li>Ausschreibung (LPH 6), Vergabe (LPH 7) und Abrechnung (LPH 8)<\/li>\n<li>Aufma\u00df und Mengenermittlung, auch aus CAD-Daten<\/li>\n<li>Kostenplanung und Kostenkontrolle nach DIN 276<\/li>\n<li>Preisspiegel und Angebotsvergleich f\u00fcr Vergabeentscheidungen<\/li>\n<li>Verwaltung von Bietern und Angeboten<\/li>\n<\/ul>\n<p>&nbsp;<\/p>\n<p><strong>Baukalkulation f\u00fcr Bauunternehmen und Konzerne<\/strong><\/p>\n<ul>\n<li>Angebotskalkulation mit Umlagen und Zuschl\u00e4gen<\/li>\n<li>Arbeitskalkulation f\u00fcr ressourcen- und kostenorientierte Projektsteuerung<\/li>\n<li>Parametrisierte Kalkulation zur automatisierten Preisermittlung<\/li>\n<\/ul>\n<p>&nbsp;<\/p>\n<p><strong>SIDOUN Globe\u00ae<\/strong><\/p>\n<p><a href=\"https:\/\/sidoun.de\/loesungen\/globe\/\">SIDOUN Globe<\/a>\u00ae ist die klassische AVA-Software der SIDOUN International GmbH und wird in zahlreichen Planungs- und Bauprojekten eingesetzt. Sie bietet leistungsstarke Funktionen f\u00fcr Ausschreibung, Vergabe und Abrechnung sowie umfangreiche M\u00f6glichkeiten zur individuellen Anpassung von Arbeitsprozessen.<\/p>\n<p>&nbsp;<\/p>\n<p><strong>SIDOUN Globe4all\u00ae<\/strong><\/p>\n<p>Mit <a href=\"https:\/\/sidoun.de\/loesungen\/globe\/#globe4all\">SIDOUN Globe4all<\/a><a href=\"https:\/\/sidoun.de\/loesungen\/kiava\/\"><\/a><a href=\"https:\/\/sidoun.de\/loesungen\/globe\/#globe4all\">\u00ae <\/a>stellt die SIDOUN International GmbH eine kostenfreie Einstiegsversion bereit, die einen einfachen Zugang zur AVA-Software erm\u00f6glicht und eine praxisnahe Einf\u00fchrung in die Arbeitsweise der SIDOUN-L\u00f6sungen bietet.<\/p>\n<p>[\/et_pb_text][\/et_pb_column][\/et_pb_row][et_pb_row column_structure=&#8220;1_3,1_3,1_3&#8243; _builder_version=&#8220;4.16&#8243; custom_padding=&#8220;50px|0px|27px|0px&#8220; global_colors_info=&#8220;{}&#8220;][et_pb_column type=&#8220;1_3&#8243; _builder_version=&#8220;4.16&#8243; custom_padding=&#8220;|||&#8220; global_colors_info=&#8220;{}&#8220; custom_padding__hover=&#8220;|||&#8220;][et_pb_text _builder_version=&#8220;4.16&#8243; text_font=&#8220;Roboto|700|||||||&#8220; text_text_color=&#8220;#696666&#8243; text_font_size=&#8220;40px&#8220; global_colors_info=&#8220;{}&#8220;]Kontakt<br \/>\n[\/et_pb_text][\/et_pb_column][et_pb_column type=&#8220;1_3&#8243; _builder_version=&#8220;4.16&#8243; custom_padding=&#8220;|||&#8220; global_colors_info=&#8220;{}&#8220; custom_padding__hover=&#8220;|||&#8220;][et_pb_text _builder_version=&#8220;4.16&#8243; custom_margin=&#8220;|||&#8220; custom_padding=&#8220;|||&#8220; global_colors_info=&#8220;{}&#8220;]<\/p>\n<p><strong>SIDOUN International GmbH<br \/><\/strong>Wei\u00dferlenstra\u00dfe 3<br \/>D-79108 Freiburg im Breisgau<strong><br \/><\/strong><\/p>\n<p>Telefon: +49 761 38506-0<br \/>Telefax: +49 761 38506-38<\/p>\n<p>E-Mail: <a href=\"mailto:info&#064;s&#105;d&#111;&#117;&#110;&#046;&#100;&#101;\">in&#102;o&#64;s&#105;dou&#110;&#46;d&#101;<\/a><br \/>Internet:\u00a0<a href=\"http:\/\/www.sidoun.eu\/\" target=\"_blank\" rel=\"noopener noreferrer\">www.sidoun.de<\/a><\/p>\n<p>[\/et_pb_text][\/et_pb_column][et_pb_column type=&#8220;1_3&#8243; _builder_version=&#8220;4.16&#8243; custom_padding=&#8220;|||&#8220; global_colors_info=&#8220;{}&#8220; custom_padding__hover=&#8220;|||&#8220;][et_pb_image src=&#8220;https:\/\/www.bvbs.de\/wp-content\/uploads\/2026\/04\/Logo_SIDOUN_positiv_RGB_202603.png&#8220; align_tablet=&#8220;left&#8220; align_phone=&#8220;left&#8220; align_last_edited=&#8220;on|desktop&#8220; _builder_version=&#8220;4.27.3&#8243; max_width=&#8220;80%&#8220; hover_enabled=&#8220;0&#8243; global_colors_info=&#8220;{}&#8220; sticky_enabled=&#8220;0&#8243; alt=&#8220;Logo des BVBS-Mitglieds Sidoun mit schwarzer Schrift und rotem Dreieck vor gelbem Kreis&#8220; title_text=&#8220;Logo_SIDOUN_positiv_RGB_202603&#8243; max_width_last_edited=&#8220;on|phone&#8220; max_width_phone=&#8220;70%&#8220; max_width_tablet=&#8220;50%&#8220;][\/et_pb_image][\/et_pb_column][\/et_pb_row][\/et_pb_section]<\/p>\n","protected":false},"excerpt":{"rendered":"<p>BVBS Mitgliedsunternehmen Allgemeines SIDOUN International GmbH \u2013 Flexibilit\u00e4t und Leistung f\u00fcr AVA, Vergabe, Abrechnung und Baukalkulation Die SIDOUN International GmbH entwickelt seit 50 Jahren innovative Softwarel\u00f6sungen f\u00fcr Aus\u00adschrei\u00adbung, Vergabe, Abrechnung und Baukalkulation. Das eigent\u00fcmergef\u00fchrte Unternehmen mit Sitz in Freiburg im Breisgau z\u00e4hlt zu den technologischen Wegbereitern der AVA-Softwareentwicklung. SIDOUN hat zahlreiche Entwicklungsschritte der Branche gepr\u00e4gt [&hellip;]<\/p>\n","protected":false},"author":760,"featured_media":0,"parent":0,"menu_order":0,"comment_status":"closed","ping_status":"closed","template":"","meta":{"_et_pb_use_builder":"on","_et_pb_old_content":"","_et_gb_content_width":"","wp_typography_post_enhancements_disabled":false,"footnotes":""},"class_list":["post-1282","page","type-page","status-publish","hentry"],"yoast_head":"<!-- This site is optimized with the Yoast SEO plugin v26.1.1 - https:\/\/yoast.com\/wordpress\/plugins\/seo\/ -->\r\n<title>SIDOUN International GmbH - BVBS Bundesverband Software und Digitalisierung im Bauwesen e.V.<\/title>\r\n<meta name=\"robots\" content=\"index, follow, max-snippet:-1, max-image-preview:large, max-video-preview:-1\" \/>\r\n<link rel=\"canonical\" href=\"https:\/\/www.bvbs.de\/en\/sidoun-international-gmbh\/\" \/>\r\n<meta property=\"og:locale\" content=\"en_GB\" \/>\r\n<meta property=\"og:type\" content=\"article\" \/>\r\n<meta property=\"og:title\" content=\"SIDOUN International GmbH - BVBS Bundesverband Software und Digitalisierung im Bauwesen e.V.\" \/>\r\n<meta property=\"og:description\" content=\"BVBS Mitgliedsunternehmen Allgemeines SIDOUN International GmbH \u2013 Flexibilit\u00e4t und Leistung f\u00fcr AVA, Vergabe, Abrechnung und Baukalkulation Die SIDOUN International GmbH entwickelt seit 50 Jahren innovative Softwarel\u00f6sungen f\u00fcr Aus\u00adschrei\u00adbung, Vergabe, Abrechnung und Baukalkulation. Das eigent\u00fcmergef\u00fchrte Unternehmen mit Sitz in Freiburg im Breisgau z\u00e4hlt zu den technologischen Wegbereitern der AVA-Softwareentwicklung. SIDOUN hat zahlreiche Entwicklungsschritte der Branche gepr\u00e4gt [&hellip;]\" \/>\r\n<meta property=\"og:url\" content=\"https:\/\/www.bvbs.de\/en\/sidoun-international-gmbh\/\" \/>\r\n<meta property=\"og:site_name\" content=\"BVBS Bundesverband Software und Digitalisierung im Bauwesen e.V.\" \/>\r\n<meta property=\"article:modified_time\" content=\"2026-04-07T11:06:33+00:00\" \/>\r\n<meta name=\"twitter:card\" content=\"summary_large_image\" \/>\r\n<meta name=\"twitter:label1\" content=\"Estimated reading time\" \/>\n\t<meta name=\"twitter:data1\" content=\"3 minutes\" \/>\r\n<script type=\"application\/ld+json\" class=\"yoast-schema-graph\">{\"@context\":\"https:\/\/schema.org\",\"@graph\":[{\"@type\":\"WebPage\",\"@id\":\"https:\/\/www.bvbs.de\/sidoun-international-gmbh\/\",\"url\":\"https:\/\/www.bvbs.de\/sidoun-international-gmbh\/\",\"name\":\"SIDOUN International GmbH - BVBS Bundesverband Software und Digitalisierung im Bauwesen e.V.\",\"isPartOf\":{\"@id\":\"https:\/\/www.bvbs.de\/#website\"},\"datePublished\":\"2018-04-25T13:29:14+00:00\",\"dateModified\":\"2026-04-07T11:06:33+00:00\",\"breadcrumb\":{\"@id\":\"https:\/\/www.bvbs.de\/sidoun-international-gmbh\/#breadcrumb\"},\"inLanguage\":\"en-GB\",\"potentialAction\":[{\"@type\":\"ReadAction\",\"target\":[\"https:\/\/www.bvbs.de\/sidoun-international-gmbh\/\"]}]},{\"@type\":\"BreadcrumbList\",\"@id\":\"https:\/\/www.bvbs.de\/sidoun-international-gmbh\/#breadcrumb\",\"itemListElement\":[{\"@type\":\"ListItem\",\"position\":1,\"name\":\"Startseite\",\"item\":\"https:\/\/www.bvbs.de\/\"},{\"@type\":\"ListItem\",\"position\":2,\"name\":\"SIDOUN International GmbH\"}]},{\"@type\":\"WebSite\",\"@id\":\"https:\/\/www.bvbs.de\/#website\",\"url\":\"https:\/\/www.bvbs.de\/\",\"name\":\"BVBS Bundesverband Software und Digitalisierung im Bauwesen e.V.\",\"description\":\"\",\"publisher\":{\"@id\":\"https:\/\/www.bvbs.de\/#organization\"},\"potentialAction\":[{\"@type\":\"SearchAction\",\"target\":{\"@type\":\"EntryPoint\",\"urlTemplate\":\"https:\/\/www.bvbs.de\/?s={search_term_string}\"},\"query-input\":{\"@type\":\"PropertyValueSpecification\",\"valueRequired\":true,\"valueName\":\"search_term_string\"}}],\"inLanguage\":\"en-GB\"},{\"@type\":\"Organization\",\"@id\":\"https:\/\/www.bvbs.de\/#organization\",\"name\":\"BVBS Bundesverband Software und Digitalisierung im Bauwesen\",\"url\":\"https:\/\/www.bvbs.de\/\",\"logo\":{\"@type\":\"ImageObject\",\"inLanguage\":\"en-GB\",\"@id\":\"https:\/\/www.bvbs.de\/#\/schema\/logo\/image\/\",\"url\":\"https:\/\/www.bvbs.de\/wp-content\/uploads\/2024\/01\/cropped-favicon-bvbs.png\",\"contentUrl\":\"https:\/\/www.bvbs.de\/wp-content\/uploads\/2024\/01\/cropped-favicon-bvbs.png\",\"width\":512,\"height\":512,\"caption\":\"BVBS Bundesverband Software und Digitalisierung im Bauwesen\"},\"image\":{\"@id\":\"https:\/\/www.bvbs.de\/#\/schema\/logo\/image\/\"}}]}<\/script>\r\n<!-- \/ Yoast SEO plugin. -->","yoast_head_json":{"title":"SIDOUN Inter\u00adna\u00adtio\u00adnal GmbH \u2014 BVBS Bun\u00addes\u00adver\u00adband Soft\u00adware und Digi\u00adta\u00adli\u00adsie\u00adrung im Bau\u00adwe\u00adsen e.V.","robots":{"index":"index","follow":"follow","max-snippet":"max-snippet:-1","max-image-preview":"max-image-preview:large","max-video-preview":"max-video-preview:-1"},"canonical":"https:\/\/www.bvbs.de\/en\/sidoun-international-gmbh\/","og_locale":"en_GB","og_type":"article","og_title":"SIDOUN International GmbH - BVBS Bundesverband Software und Digitalisierung im Bauwesen e.V.","og_description":"BVBS Mitgliedsunternehmen Allgemeines SIDOUN International GmbH \u2013 Flexibilit\u00e4t und Leistung f\u00fcr AVA, Vergabe, Abrechnung und Baukalkulation Die SIDOUN International GmbH entwickelt seit 50 Jahren innovative Softwarel\u00f6sungen f\u00fcr Aus\u00adschrei\u00adbung, Vergabe, Abrechnung und Baukalkulation. Das eigent\u00fcmergef\u00fchrte Unternehmen mit Sitz in Freiburg im Breisgau z\u00e4hlt zu den technologischen Wegbereitern der AVA-Softwareentwicklung. SIDOUN hat zahlreiche Entwicklungsschritte der Branche gepr\u00e4gt [&hellip;]","og_url":"https:\/\/www.bvbs.de\/en\/sidoun-international-gmbh\/","og_site_name":"BVBS Bundesverband Software und Digitalisierung im Bauwesen e.V.","article_modified_time":"2026-04-07T11:06:33+00:00","twitter_card":"summary_large_image","twitter_misc":{"Estimated reading time":"3 minutes"},"schema":{"@context":"https:\/\/schema.org","@graph":[{"@type":"WebPage","@id":"https:\/\/www.bvbs.de\/sidoun-international-gmbh\/","url":"https:\/\/www.bvbs.de\/sidoun-international-gmbh\/","name":"SIDOUN Inter\u00adna\u00adtio\u00adnal GmbH \u2014 BVBS Bun\u00addes\u00adver\u00adband Soft\u00adware und Digi\u00adta\u00adli\u00adsie\u00adrung im Bau\u00adwe\u00adsen e.V.","isPartOf":{"@id":"https:\/\/www.bvbs.de\/#website"},"datePublished":"2018-04-25T13:29:14+00:00","dateModified":"2026-04-07T11:06:33+00:00","breadcrumb":{"@id":"https:\/\/www.bvbs.de\/sidoun-international-gmbh\/#breadcrumb"},"inLanguage":"en-GB","potentialAction":[{"@type":"ReadAction","target":["https:\/\/www.bvbs.de\/sidoun-international-gmbh\/"]}]},{"@type":"BreadcrumbList","@id":"https:\/\/www.bvbs.de\/sidoun-international-gmbh\/#breadcrumb","itemListElement":[{"@type":"ListItem","position":1,"name":"Startseite","item":"https:\/\/www.bvbs.de\/"},{"@type":"ListItem","position":2,"name":"SIDOUN International GmbH"}]},{"@type":"WebSite","@id":"https:\/\/www.bvbs.de\/#website","url":"https:\/\/www.bvbs.de\/","name":"BVBS Bun\u00addes\u00adver\u00adband Soft\u00adware und Digi\u00adta\u00adli\u00adsie\u00adrung im Bau\u00adwe\u00adsen e.V.","description":"","publisher":{"@id":"https:\/\/www.bvbs.de\/#organization"},"potentialAction":[{"@type":"SearchAction","target":{"@type":"EntryPoint","urlTemplate":"https:\/\/www.bvbs.de\/?s={search_term_string}"},"query-input":{"@type":"PropertyValueSpecification","valueRequired":true,"valueName":"search_term_string"}}],"inLanguage":"en-GB"},{"@type":"Organization","@id":"https:\/\/www.bvbs.de\/#organization","name":"BVBS Bun\u00addes\u00adver\u00adband Soft\u00adware und Digi\u00adta\u00adli\u00adsie\u00adrung im Bauwesen","url":"https:\/\/www.bvbs.de\/","logo":{"@type":"ImageObject","inLanguage":"en-GB","@id":"https:\/\/www.bvbs.de\/#\/schema\/logo\/image\/","url":"https:\/\/www.bvbs.de\/wp-content\/uploads\/2024\/01\/cropped-favicon-bvbs.png","contentUrl":"https:\/\/www.bvbs.de\/wp-content\/uploads\/2024\/01\/cropped-favicon-bvbs.png","width":512,"height":512,"caption":"BVBS Bundesverband Software und Digitalisierung im Bauwesen"},"image":{"@id":"https:\/\/www.bvbs.de\/#\/schema\/logo\/image\/"}}]}},"_links":{"self":[{"href":"https:\/\/www.bvbs.de\/en\/wp-json\/wp\/v2\/pages\/1282","targetHints":{"allow":["GET"]}}],"collection":[{"href":"https:\/\/www.bvbs.de\/en\/wp-json\/wp\/v2\/pages"}],"about":[{"href":"https:\/\/www.bvbs.de\/en\/wp-json\/wp\/v2\/types\/page"}],"author":[{"embeddable":true,"href":"https:\/\/www.bvbs.de\/en\/wp-json\/wp\/v2\/users\/760"}],"replies":[{"embeddable":true,"href":"https:\/\/www.bvbs.de\/en\/wp-json\/wp\/v2\/comments?post=1282"}],"version-history":[{"count":7,"href":"https:\/\/www.bvbs.de\/en\/wp-json\/wp\/v2\/pages\/1282\/revisions"}],"predecessor-version":[{"id":28846,"href":"https:\/\/www.bvbs.de\/en\/wp-json\/wp\/v2\/pages\/1282\/revisions\/28846"}],"wp:attachment":[{"href":"https:\/\/www.bvbs.de\/en\/wp-json\/wp\/v2\/media?parent=1282"}],"curies":[{"name":"wp","href":"https:\/\/api.w.org\/{rel}","templated":true}]}}