{"id":150,"date":"2018-02-28T21:40:06","date_gmt":"2018-02-28T20:40:06","guid":{"rendered":"https:\/\/www.bvbs.de\/?page_id=150"},"modified":"2026-02-27T13:53:25","modified_gmt":"2026-02-27T12:53:25","slug":"impressum","status":"publish","type":"page","link":"https:\/\/www.bvbs.de\/en\/impressum\/","title":{"rendered":"Legal noti\u00adce"},"content":{"rendered":"<p>[et_pb_section fb_built=&#8220;1&#8243; fullwidth=&#8220;on&#8220; _builder_version=&#8220;4.16&#8243; custom_padding=&#8220;0px|0px|0px|0px&#8220; global_colors_info=&#8220;{}&#8220;][et_pb_fullwidth_slider show_arrows=&#8220;off&#8220; show_pagination=&#8220;off&#8220; _builder_version=&#8220;4.16&#8243; header_font=&#8220;|700|||||||&#8220; header_font_size=&#8220;60px&#8220; body_font=&#8220;||||||||&#8220; box_shadow_style=&#8220;preset6&#8243; box_shadow_blur=&#8220;10px&#8220; box_shadow_color=&#8220;rgba(0,0,0,0.1)&#8220; global_colors_info=&#8220;{}&#8220; button_text_size__hover_enabled=&#8220;off&#8220; button_one_text_size__hover_enabled=&#8220;off&#8220; button_two_text_size__hover_enabled=&#8220;off&#8220; button_text_color__hover_enabled=&#8220;off&#8220; button_one_text_color__hover_enabled=&#8220;off&#8220; button_two_text_color__hover_enabled=&#8220;off&#8220; button_border_width__hover_enabled=&#8220;off&#8220; button_one_border_width__hover_enabled=&#8220;off&#8220; button_two_border_width__hover_enabled=&#8220;off&#8220; button_border_color__hover_enabled=&#8220;off&#8220; button_one_border_color__hover_enabled=&#8220;off&#8220; button_two_border_color__hover_enabled=&#8220;off&#8220; button_border_radius__hover_enabled=&#8220;off&#8220; button_one_border_radius__hover_enabled=&#8220;off&#8220; button_two_border_radius__hover_enabled=&#8220;off&#8220; button_letter_spacing__hover_enabled=&#8220;off&#8220; button_one_letter_spacing__hover_enabled=&#8220;off&#8220; button_two_letter_spacing__hover_enabled=&#8220;off&#8220; button_bg_color__hover_enabled=&#8220;off&#8220; button_one_bg_color__hover_enabled=&#8220;off&#8220; button_two_bg_color__hover_enabled=&#8220;off&#8220;][et_pb_slide heading=&#8220;Impressum&#8220; use_bg_overlay=&#8220;on&#8220; use_text_overlay=&#8220;off&#8220; _builder_version=&#8220;4.16&#8243; header_font=&#8220;Roboto|700|||||||&#8220; header_font_size=&#8220;55px&#8220; body_font=&#8220;||||||||&#8220; body_text_align=&#8220;center&#8220; background_color=&#8220;#ffffff&#8220; background_image=&#8220;https:\/\/www.bvbs.de\/wp-content\/uploads\/2018\/04\/Impressum_AGB.jpg&#8220; header_font_size_tablet=&#8220;40px&#8220; header_font_size_phone=&#8220;30px&#8220; header_font_size_last_edited=&#8220;on|phone&#8220; global_colors_info=&#8220;{}&#8220; button_text_size__hover_enabled=&#8220;off&#8220; button_one_text_size__hover_enabled=&#8220;off&#8220; button_two_text_size__hover_enabled=&#8220;off&#8220; button_text_color__hover_enabled=&#8220;off&#8220; button_one_text_color__hover_enabled=&#8220;off&#8220; button_two_text_color__hover_enabled=&#8220;off&#8220; button_border_width__hover_enabled=&#8220;off&#8220; button_one_border_width__hover_enabled=&#8220;off&#8220; button_two_border_width__hover_enabled=&#8220;off&#8220; button_border_color__hover_enabled=&#8220;off&#8220; button_one_border_color__hover_enabled=&#8220;off&#8220; button_two_border_color__hover_enabled=&#8220;off&#8220; button_border_radius__hover_enabled=&#8220;off&#8220; button_one_border_radius__hover_enabled=&#8220;off&#8220; button_two_border_radius__hover_enabled=&#8220;off&#8220; button_letter_spacing__hover_enabled=&#8220;off&#8220; button_one_letter_spacing__hover_enabled=&#8220;off&#8220; button_two_letter_spacing__hover_enabled=&#8220;off&#8220; button_bg_color__hover_enabled=&#8220;off&#8220; button_one_bg_color__hover_enabled=&#8220;off&#8220; button_two_bg_color__hover_enabled=&#8220;off&#8220; sticky_transition=&#8220;on&#8220;][\/et_pb_slide][\/et_pb_fullwidth_slider][\/et_pb_section][et_pb_section fb_built=&#8220;1&#8243; _builder_version=&#8220;4.16&#8243; global_colors_info=&#8220;{}&#8220;][et_pb_row _builder_version=&#8220;4.16&#8243; custom_padding=&#8220;27px|0px|0px|0px&#8220; global_colors_info=&#8220;{}&#8220;][et_pb_column type=&#8220;4_4&#8243; _builder_version=&#8220;4.16&#8243; custom_padding=&#8220;|||&#8220; global_colors_info=&#8220;{}&#8220; custom_padding__hover=&#8220;|||&#8220;][et_pb_text _builder_version=&#8220;4.27.3&#8243; header_font=&#8220;Roboto|700|||||||&#8220; header_font_size=&#8220;45px&#8220; global_colors_info=&#8220;{}&#8220;]<\/p>\n<h4><strong>Angaben gem\u00e4\u00df \u00a7 5 TMG:<\/strong><\/h4>\n<p>BVBS<br \/>Bundesverband Software und<br \/>Digitalisierung im Bauwesen e.V.<br \/>Budapester Stra\u00dfe 31<br \/>10787\u00a0Berlin<\/p>\n<h5><strong>Vertreten durch:<\/strong><\/h5>\n<p>Vertreten durch den Vorstand gem\u00e4\u00df \u00a7 26 BGB<\/p>\n<p>Vorstandsvorsitzender: Prof. Dr.-Ing. Joaquin Diaz<br \/>Stellvertretender Vorsitzender: Dietmar Bernert<\/p>\n<h5><strong>Kontakt:<\/strong><\/h5>\n<p>BVBS-Gesch\u00e4ftsstelle<br \/>Tel. :\u00a0\u00a0 +49 30 25757750<br \/>E-Mail: <a href=\"mailto:service@bvbs.de\" target=\"_blank\" rel=\"noopener\">service@bvbs.de<\/a><\/p>\n<h5><strong>Registereintrag:<\/strong><\/h5>\n<p>Eintragung im Vereinsregister.<br \/>Registergericht: Vereinsregister Berlin-Charlottenburg<br \/>Registernummer: VR 19903 B<\/p>\n<h5><strong>Eintrag im\u00a0<\/strong><strong>Lobbyregister des Deutschen Bundestags<\/strong><strong>:<\/strong><\/h5>\n<p>Registernummer: R000205<\/p>\n<h5><strong>Umsatzsteuer:<\/strong><\/h5>\n<p>Umsatzsteuer-Identifikationsnummer gem\u00e4\u00df \u00a727 a Umsatzsteuergesetz: DE 162 946 263<\/p>\n<h5><strong>Streitschlichtung<\/strong><\/h5>\n<p>Wir sind nicht bereit oder verpflichtet, an Streitbeilegungsverfahren vor einer Verbraucherschlichtungsstelle teilzunehmen.<\/p>\n<h5><strong>Redaktionelle und technische Umsetzung<\/strong><\/h5>\n<p>BVBS Bundesverband Software und Digitalisierung im Bauwesen e.V.<\/p>\n<h5><strong>Haftung f\u00fcr Inhalte<\/strong><\/h5>\n<p>Als Diensteanbieter sind wir gem\u00e4\u00df \u00a7 7 Abs.1 TMG f\u00fcr eigene Inhalte auf diesen Seiten nach den allgemeinen Gesetzen verantwortlich. Nach \u00a7\u00a7 8 bis 10 TMG sind wir als Diensteanbieter jedoch nicht verpflichtet, \u00fcbermittelte oder gespeicherte fremde Informationen zu \u00fcberwachen oder nach Umst\u00e4nden zu forschen, die auf eine rechtswidrige T\u00e4tigkeit hinweisen.<\/p>\n<p>Verpflichtungen zur Entfernung oder Sperrung der Nutzung von Informationen nach den allgemeinen Gesetzen bleiben hiervon unber\u00fchrt. Eine diesbez\u00fcgliche Haftung ist jedoch erst ab dem Zeitpunkt der Kenntnis einer konkreten Rechtsverletzung m\u00f6glich. Bei Bekanntwerden von entsprechenden Rechtsverletzungen werden wir diese Inhalte umgehend entfernen.<\/p>\n<h5><strong>Haftung f\u00fcr Links<\/strong><\/h5>\n<p>Unser Angebot enth\u00e4lt Links zu externen Websites Dritter, auf deren Inhalte wir keinen Einfluss haben. Deshalb k\u00f6nnen wir f\u00fcr diese fremden Inhalte auch keine Gew\u00e4hr \u00fcbernehmen. F\u00fcr die Inhalte der verlinkten Seiten ist stets der jeweilige Anbieter oder Betreiber der Seiten verantwortlich. Die verlinkten Seiten wurden zum Zeitpunkt der Verlinkung auf m\u00f6gliche Rechtsverst\u00f6\u00dfe \u00fcberpr\u00fcft. Rechtswidrige Inhalte waren zum Zeitpunkt der Verlinkung nicht erkennbar.<\/p>\n<p>Eine permanente inhaltliche Kontrolle der verlinkten Seiten ist jedoch ohne konkrete Anhaltspunkte einer Rechtsverletzung nicht zumutbar. Bei Bekanntwerden von Rechtsverletzungen werden wir derartige Links umgehend entfernen.<\/p>\n<h5><strong>Urheberrecht<\/strong><\/h5>\n<p>Die durch die Seitenbetreiber erstellten Inhalte und Werke auf diesen Seiten unterliegen dem deutschen Urheberrecht. Die Vervielf\u00e4ltigung, Bearbeitung, Verbreitung und jede Art der Verwertung au\u00dferhalb der Grenzen des Urheberrechtes bed\u00fcrfen der schriftlichen Zustimmung des jeweiligen Autors bzw. Erstellers. Downloads und Kopien dieser Seite sind nur f\u00fcr den privaten, nicht kommerziellen Gebrauch gestattet.<\/p>\n<p>Soweit die Inhalte auf dieser Seite nicht vom Betreiber erstellt wurden, werden die Urheberrechte Dritter beachtet. Insbesondere werden Inhalte Dritter als solche gekennzeichnet. Sollten Sie trotzdem auf eine Urheberrechtsverletzung aufmerksam werden, bitten wir um einen entsprechenden Hinweis. Bei Bekanntwerden von Rechtsverletzungen werden wir derartige Inhalte umgehend entfernen.<\/p>\n<p>Quelle: <a href=\"https:\/\/www.e-recht24.de\">e-recht24.de<\/a><\/p>\n<h5>\u00a0<\/h5>\n<h5><strong>Bildnachweise<\/strong><\/h5>\n<p>Andreas Schulz\/Event Images Berlin<br \/>BVBS<br \/>canva.com (ggf. mit Hilfe von KI erstellt)<br \/>charliepix\/Canva<br \/>Dylan Gillis\/Unsplash<br \/>Eric Rothermel\/Unsplash<br \/>Franck-Boston\/istock<br \/>Hivan Arvizu Soyhivan\/Unsplash<br \/>hoch3media\/Unsplash<br \/>ihor lishchyshyn\/istock<br \/>John Kakuk\/Unsplash<br \/>Maksim Borzdov\/Canva<br \/>Markus Spiske\/Unsplash<br \/>Messe M\u00fcnchen GmbH<br \/>mihailomilovanovic\/istock<br \/>ollo\/istock<br \/>photovs\/istock<br \/>Zamora-Design\/Canva<\/p>\n<p>[\/et_pb_text][et_pb_code admin_label=&#8220;Code englische Sprachversion&#8220; _builder_version=&#8220;4.16&#8243; global_colors_info=&#8220;{}&#8220;]<\/p>\n<style><!-- [et_pb_line_break_holder] --><!-- [et_pb_line_break_holder] -->#et_mobile_nav_menu:lang(en) {<!-- [et_pb_line_break_holder] --> visibility:hidden;<!-- [et_pb_line_break_holder] --> }<!-- [et_pb_line_break_holder] --><!-- [et_pb_line_break_holder] -->#menu-item-42:lang(en) {<!-- [et_pb_line_break_holder] --> display:none;<!-- [et_pb_line_break_holder] --> }<!-- [et_pb_line_break_holder] --><!-- [et_pb_line_break_holder] -->#menu-item-41:lang(en) {<!-- [et_pb_line_break_holder] --> visibility:hidden;<!-- [et_pb_line_break_holder] --> }<!-- [et_pb_line_break_holder] --><!-- [et_pb_line_break_holder] -->#menu-item-45:lang(en) {<!-- [et_pb_line_break_holder] --> display:none;<!-- [et_pb_line_break_holder] --> }<!-- [et_pb_line_break_holder] --><!-- [et_pb_line_break_holder] -->#menu-item-3259:lang(en) {<!-- [et_pb_line_break_holder] --> display:none;<!-- [et_pb_line_break_holder] --> }<!-- [et_pb_line_break_holder] --><!-- [et_pb_line_break_holder] -->#menu-item-2951:lang(en) {<!-- [et_pb_line_break_holder] --> display:none;<!-- [et_pb_line_break_holder] --> }<!-- [et_pb_line_break_holder] --><!-- [et_pb_line_break_holder] -->#menu-item-46:lang(en) {<!-- [et_pb_line_break_holder] --> display:none;<!-- [et_pb_line_break_holder] --> }<!-- [et_pb_line_break_holder] --><!-- [et_pb_line_break_holder] -->#menu-item-1338:lang(en) {<!-- [et_pb_line_break_holder] --> display:none;<!-- [et_pb_line_break_holder] --> }<!-- [et_pb_line_break_holder] --><!-- [et_pb_line_break_holder] -->#post-47 > div > div.et_pb_section.et_pb_section_1.et_section_regular > div > div.et_pb_column.et_pb_column_1_4.et_pb_column_1.et_pb_css_mix_blend_mode_passthrough.et-last-child:lang(en) {<!-- [et_pb_line_break_holder] -->display:none;<!-- [et_pb_line_break_holder] -->}<!-- [et_pb_line_break_holder] --><!-- [et_pb_line_break_holder] -->#post-47 > div > div.et_pb_section.et_pb_section_1.et_section_regular > div > div.et_pb_column.et_pb_column_3_4.et_pb_column_0.et_pb_css_mix_blend_mode_passthrough > div.et_pb_button_module_wrapper.et_pb_module.et_pb_button_alignment_left > a:lang(en) {<!-- [et_pb_line_break_holder] -->display:none;<!-- [et_pb_line_break_holder] -->}<!-- [et_pb_line_break_holder] --><!-- [et_pb_line_break_holder] -->#post-47 > div > div.et_pb_section.et_pb_section_2.et_pb_with_background.et_section_regular.section_has_divider.et_pb_bottom_divider.et_pb_top_divider > div.et_pb_row.et_pb_row_1 > div.et_pb_column.et_pb_column_1_2.et_pb_column_3.et_pb_css_mix_blend_mode_passthrough.et-last-child > div.et_pb_button_module_wrapper.et_pb_module.et_pb_button_alignment_left > a:lang(en) {<!-- [et_pb_line_break_holder] -->display:none;<!-- [et_pb_line_break_holder] -->}<!-- [et_pb_line_break_holder] --><!-- [et_pb_line_break_holder] -->#post-47 > div > div.et_pb_section.et_pb_section_4.et_section_regular > div > div > div.et_pb_button_module_wrapper.et_pb_module.et_pb_button_alignment_left > a:lang(en) {<!-- [et_pb_line_break_holder] -->display:none;<!-- [et_pb_line_break_holder] -->}<!-- [et_pb_line_break_holder] --><!-- [et_pb_line_break_holder] -->#post-47 > div > div.et_pb_section.et_pb_section_6.et_section_regular {<!-- [et_pb_line_break_holder] -->display:none;<!-- [et_pb_line_break_holder] -->}<!-- [et_pb_line_break_holder] --><!-- [et_pb_line_break_holder] -->#post-150 > div > div.et_pb_section.et_pb_section_3.et_pb_with_background.et_section_regular > div.et_pb_row.et_pb_row_1.et_pb_row_4col > div.et_pb_column.et_pb_column_1_4.et_pb_column_4.et_pb_css_mix_blend_mode_passthrough.et-last-child:lang(en) {<!-- [et_pb_line_break_holder] -->display:none;<!-- [et_pb_line_break_holder] -->}<!-- [et_pb_line_break_holder] --><!-- [et_pb_line_break_holder] -->#post-150 > div > div.et_pb_section.et_pb_section_3.et_pb_with_background.et_section_regular > div.et_pb_row.et_pb_row_1.et_pb_row_4col > div.et_pb_column.et_pb_column_1_4.et_pb_column_3.et_pb_css_mix_blend_mode_passthrough:lang(en) {<!-- [et_pb_line_break_holder] -->display:none;<!-- [et_pb_line_break_holder] -->}<!-- [et_pb_line_break_holder] --><!-- [et_pb_line_break_holder] -->#post-150 > div > div.et_pb_section.et_pb_section_3.et_pb_with_background.et_section_regular > div.et_pb_row.et_pb_row_1.et_pb_row_4col > div.et_pb_column.et_pb_column_1_4.et_pb_column_2.et_pb_css_mix_blend_mode_passthrough:lang(en) {<!-- [et_pb_line_break_holder] -->display:none;<!-- [et_pb_line_break_holder] -->}<!-- [et_pb_line_break_holder] --><!-- [et_pb_line_break_holder] --><!-- [et_pb_line_break_holder] --><!-- [et_pb_line_break_holder] --><!-- [et_pb_line_break_holder] --><!-- [et_pb_line_break_holder] --><\/style>\n<p>[\/et_pb_code][\/et_pb_column][\/et_pb_row][\/et_pb_section]<\/p>\n","protected":false},"excerpt":{"rendered":"<p>Angaben gem\u00e4\u00df \u00a7 5 TMG: BVBSBundesverband Software undDigitalisierung im Bauwesen e.V.Budapester Stra\u00dfe 3110787\u00a0Berlin Vertreten durch: Vertreten durch den Vorstand gem\u00e4\u00df \u00a7 26 BGB Vorstandsvorsitzender: Prof. Dr.-Ing. Joaquin DiazStellvertretender Vorsitzender: Dietmar Bernert Kontakt: BVBS-Gesch\u00e4ftsstelleTel. :\u00a0\u00a0 +49 30 25757750E-Mail: service@bvbs.de Registereintrag: Eintragung im Vereinsregister.Registergericht: Vereinsregister Berlin-CharlottenburgRegisternummer: VR 19903 B Eintrag im\u00a0Lobbyregister des Deutschen Bundestags: Registernummer: R000205 Umsatzsteuer: [&hellip;]<\/p>\n","protected":false},"author":760,"featured_media":0,"parent":0,"menu_order":0,"comment_status":"closed","ping_status":"closed","template":"","meta":{"_et_pb_use_builder":"on","_et_pb_old_content":"","_et_gb_content_width":"","wp_typography_post_enhancements_disabled":false,"footnotes":""},"class_list":["post-150","page","type-page","status-publish","hentry"],"yoast_head":"<!-- This site is optimized with the Yoast SEO plugin v26.1.1 - https:\/\/yoast.com\/wordpress\/plugins\/seo\/ -->\r\n<title>Impressum - BVBS Bundesverband Software und Digitalisierung im Bauwesen e.V.<\/title>\r\n<meta name=\"robots\" content=\"noindex, nofollow\" \/>\r\n<meta property=\"og:locale\" content=\"en_GB\" \/>\r\n<meta property=\"og:type\" content=\"article\" \/>\r\n<meta property=\"og:title\" content=\"Impressum - BVBS Bundesverband Software und Digitalisierung im Bauwesen e.V.\" \/>\r\n<meta property=\"og:description\" content=\"Angaben gem\u00e4\u00df \u00a7 5 TMG: BVBSBundesverband Software undDigitalisierung im Bauwesen e.V.Budapester Stra\u00dfe 3110787\u00a0Berlin Vertreten durch: Vertreten durch den Vorstand gem\u00e4\u00df \u00a7 26 BGB Vorstandsvorsitzender: Prof. Dr.-Ing. Joaquin DiazStellvertretender Vorsitzender: Dietmar Bernert Kontakt: BVBS-Gesch\u00e4ftsstelleTel. :\u00a0\u00a0 +49 30 25757750E-Mail: service@bvbs.de Registereintrag: Eintragung im Vereinsregister.Registergericht: Vereinsregister Berlin-CharlottenburgRegisternummer: VR 19903 B Eintrag im\u00a0Lobbyregister des Deutschen Bundestags: Registernummer: R000205 Umsatzsteuer: [&hellip;]\" \/>\r\n<meta property=\"og:url\" content=\"https:\/\/www.bvbs.de\/en\/impressum\/\" \/>\r\n<meta property=\"og:site_name\" content=\"BVBS Bundesverband Software und Digitalisierung im Bauwesen e.V.\" \/>\r\n<meta property=\"article:modified_time\" content=\"2026-02-27T12:53:25+00:00\" \/>\r\n<meta name=\"twitter:card\" content=\"summary_large_image\" \/>\r\n<meta name=\"twitter:label1\" content=\"Estimated reading time\" \/>\n\t<meta name=\"twitter:data1\" content=\"3 minutes\" \/>\r\n<script type=\"application\/ld+json\" class=\"yoast-schema-graph\">{\"@context\":\"https:\/\/schema.org\",\"@graph\":[{\"@type\":\"WebPage\",\"@id\":\"https:\/\/www.bvbs.de\/impressum\/\",\"url\":\"https:\/\/www.bvbs.de\/impressum\/\",\"name\":\"Impressum - BVBS Bundesverband Software und Digitalisierung im Bauwesen e.V.\",\"isPartOf\":{\"@id\":\"https:\/\/www.bvbs.de\/#website\"},\"datePublished\":\"2018-02-28T20:40:06+00:00\",\"dateModified\":\"2026-02-27T12:53:25+00:00\",\"breadcrumb\":{\"@id\":\"https:\/\/www.bvbs.de\/impressum\/#breadcrumb\"},\"inLanguage\":\"en-GB\",\"potentialAction\":[{\"@type\":\"ReadAction\",\"target\":[\"https:\/\/www.bvbs.de\/impressum\/\"]}]},{\"@type\":\"BreadcrumbList\",\"@id\":\"https:\/\/www.bvbs.de\/impressum\/#breadcrumb\",\"itemListElement\":[{\"@type\":\"ListItem\",\"position\":1,\"name\":\"Startseite\",\"item\":\"https:\/\/www.bvbs.de\/\"},{\"@type\":\"ListItem\",\"position\":2,\"name\":\"Impressum\"}]},{\"@type\":\"WebSite\",\"@id\":\"https:\/\/www.bvbs.de\/#website\",\"url\":\"https:\/\/www.bvbs.de\/\",\"name\":\"BVBS Bundesverband Software und Digitalisierung im Bauwesen e.V.\",\"description\":\"\",\"publisher\":{\"@id\":\"https:\/\/www.bvbs.de\/#organization\"},\"potentialAction\":[{\"@type\":\"SearchAction\",\"target\":{\"@type\":\"EntryPoint\",\"urlTemplate\":\"https:\/\/www.bvbs.de\/?s={search_term_string}\"},\"query-input\":{\"@type\":\"PropertyValueSpecification\",\"valueRequired\":true,\"valueName\":\"search_term_string\"}}],\"inLanguage\":\"en-GB\"},{\"@type\":\"Organization\",\"@id\":\"https:\/\/www.bvbs.de\/#organization\",\"name\":\"BVBS Bundesverband Software und Digitalisierung im Bauwesen\",\"url\":\"https:\/\/www.bvbs.de\/\",\"logo\":{\"@type\":\"ImageObject\",\"inLanguage\":\"en-GB\",\"@id\":\"https:\/\/www.bvbs.de\/#\/schema\/logo\/image\/\",\"url\":\"https:\/\/www.bvbs.de\/wp-content\/uploads\/2024\/01\/cropped-favicon-bvbs.png\",\"contentUrl\":\"https:\/\/www.bvbs.de\/wp-content\/uploads\/2024\/01\/cropped-favicon-bvbs.png\",\"width\":512,\"height\":512,\"caption\":\"BVBS Bundesverband Software und Digitalisierung im Bauwesen\"},\"image\":{\"@id\":\"https:\/\/www.bvbs.de\/#\/schema\/logo\/image\/\"}}]}<\/script>\r\n<!-- \/ Yoast SEO plugin. -->","yoast_head_json":{"title":"Impres\u00adsum \u2014 BVBS Bun\u00addes\u00adver\u00adband Soft\u00adware und Digi\u00adta\u00adli\u00adsie\u00adrung im Bau\u00adwe\u00adsen e.V.","robots":{"index":"noindex","follow":"nofollow"},"og_locale":"en_GB","og_type":"article","og_title":"Impressum - BVBS Bundesverband Software und Digitalisierung im Bauwesen e.V.","og_description":"Angaben gem\u00e4\u00df \u00a7 5 TMG: BVBSBundesverband Software undDigitalisierung im Bauwesen e.V.Budapester Stra\u00dfe 3110787\u00a0Berlin Vertreten durch: Vertreten durch den Vorstand gem\u00e4\u00df \u00a7 26 BGB Vorstandsvorsitzender: Prof. Dr.-Ing. Joaquin DiazStellvertretender Vorsitzender: Dietmar Bernert Kontakt: BVBS-Gesch\u00e4ftsstelleTel. :\u00a0\u00a0 +49 30 25757750E-Mail: service@bvbs.de Registereintrag: Eintragung im Vereinsregister.Registergericht: Vereinsregister Berlin-CharlottenburgRegisternummer: VR 19903 B Eintrag im\u00a0Lobbyregister des Deutschen Bundestags: Registernummer: R000205 Umsatzsteuer: [&hellip;]","og_url":"https:\/\/www.bvbs.de\/en\/impressum\/","og_site_name":"BVBS Bundesverband Software und Digitalisierung im Bauwesen e.V.","article_modified_time":"2026-02-27T12:53:25+00:00","twitter_card":"summary_large_image","twitter_misc":{"Estimated reading time":"3 minutes"},"schema":{"@context":"https:\/\/schema.org","@graph":[{"@type":"WebPage","@id":"https:\/\/www.bvbs.de\/impressum\/","url":"https:\/\/www.bvbs.de\/impressum\/","name":"Impres\u00adsum \u2014 BVBS Bun\u00addes\u00adver\u00adband Soft\u00adware und Digi\u00adta\u00adli\u00adsie\u00adrung im Bau\u00adwe\u00adsen e.V.","isPartOf":{"@id":"https:\/\/www.bvbs.de\/#website"},"datePublished":"2018-02-28T20:40:06+00:00","dateModified":"2026-02-27T12:53:25+00:00","breadcrumb":{"@id":"https:\/\/www.bvbs.de\/impressum\/#breadcrumb"},"inLanguage":"en-GB","potentialAction":[{"@type":"ReadAction","target":["https:\/\/www.bvbs.de\/impressum\/"]}]},{"@type":"BreadcrumbList","@id":"https:\/\/www.bvbs.de\/impressum\/#breadcrumb","itemListElement":[{"@type":"ListItem","position":1,"name":"Startseite","item":"https:\/\/www.bvbs.de\/"},{"@type":"ListItem","position":2,"name":"Impressum"}]},{"@type":"WebSite","@id":"https:\/\/www.bvbs.de\/#website","url":"https:\/\/www.bvbs.de\/","name":"BVBS Bun\u00addes\u00adver\u00adband Soft\u00adware und Digi\u00adta\u00adli\u00adsie\u00adrung im Bau\u00adwe\u00adsen e.V.","description":"","publisher":{"@id":"https:\/\/www.bvbs.de\/#organization"},"potentialAction":[{"@type":"SearchAction","target":{"@type":"EntryPoint","urlTemplate":"https:\/\/www.bvbs.de\/?s={search_term_string}"},"query-input":{"@type":"PropertyValueSpecification","valueRequired":true,"valueName":"search_term_string"}}],"inLanguage":"en-GB"},{"@type":"Organization","@id":"https:\/\/www.bvbs.de\/#organization","name":"BVBS Bun\u00addes\u00adver\u00adband Soft\u00adware und Digi\u00adta\u00adli\u00adsie\u00adrung im Bauwesen","url":"https:\/\/www.bvbs.de\/","logo":{"@type":"ImageObject","inLanguage":"en-GB","@id":"https:\/\/www.bvbs.de\/#\/schema\/logo\/image\/","url":"https:\/\/www.bvbs.de\/wp-content\/uploads\/2024\/01\/cropped-favicon-bvbs.png","contentUrl":"https:\/\/www.bvbs.de\/wp-content\/uploads\/2024\/01\/cropped-favicon-bvbs.png","width":512,"height":512,"caption":"BVBS Bundesverband Software und Digitalisierung im Bauwesen"},"image":{"@id":"https:\/\/www.bvbs.de\/#\/schema\/logo\/image\/"}}]}},"_links":{"self":[{"href":"https:\/\/www.bvbs.de\/en\/wp-json\/wp\/v2\/pages\/150","targetHints":{"allow":["GET"]}}],"collection":[{"href":"https:\/\/www.bvbs.de\/en\/wp-json\/wp\/v2\/pages"}],"about":[{"href":"https:\/\/www.bvbs.de\/en\/wp-json\/wp\/v2\/types\/page"}],"author":[{"embeddable":true,"href":"https:\/\/www.bvbs.de\/en\/wp-json\/wp\/v2\/users\/760"}],"replies":[{"embeddable":true,"href":"https:\/\/www.bvbs.de\/en\/wp-json\/wp\/v2\/comments?post=150"}],"version-history":[{"count":1,"href":"https:\/\/www.bvbs.de\/en\/wp-json\/wp\/v2\/pages\/150\/revisions"}],"predecessor-version":[{"id":28635,"href":"https:\/\/www.bvbs.de\/en\/wp-json\/wp\/v2\/pages\/150\/revisions\/28635"}],"wp:attachment":[{"href":"https:\/\/www.bvbs.de\/en\/wp-json\/wp\/v2\/media?parent=150"}],"curies":[{"name":"wp","href":"https:\/\/api.w.org\/{rel}","templated":true}]}}