{"id":17812,"date":"2024-10-28T16:22:41","date_gmt":"2024-10-28T15:22:41","guid":{"rendered":"https:\/\/www.bvbs.de\/label-software-gerald-bax-gmbh-copy\/"},"modified":"2025-07-10T20:32:41","modified_gmt":"2025-07-10T18:32:41","slug":"landrix-software","status":"publish","type":"page","link":"https:\/\/www.bvbs.de\/en\/landrix-software\/","title":{"rendered":"Landrix Soft\u00adware GmbH &amp; Co.&nbsp;KG"},"content":{"rendered":"<p>[et_pb_section fb_built=&#8220;1&#8243; fullwidth=&#8220;on&#8220; _builder_version=&#8220;4.16&#8243; global_colors_info=&#8220;{}&#8220;][et_pb_fullwidth_slider _builder_version=&#8220;4.16&#8243; header_font=&#8220;Roboto|700|||||||&#8220; body_font=&#8220;Roboto||||||||&#8220; global_colors_info=&#8220;{}&#8220; button_text_size__hover_enabled=&#8220;off&#8220; button_one_text_size__hover_enabled=&#8220;off&#8220; button_two_text_size__hover_enabled=&#8220;off&#8220; button_text_color__hover_enabled=&#8220;off&#8220; button_one_text_color__hover_enabled=&#8220;off&#8220; button_two_text_color__hover_enabled=&#8220;off&#8220; button_border_width__hover_enabled=&#8220;off&#8220; button_one_border_width__hover_enabled=&#8220;off&#8220; button_two_border_width__hover_enabled=&#8220;off&#8220; button_border_color__hover_enabled=&#8220;off&#8220; button_one_border_color__hover_enabled=&#8220;off&#8220; button_two_border_color__hover_enabled=&#8220;off&#8220; button_border_radius__hover_enabled=&#8220;off&#8220; button_one_border_radius__hover_enabled=&#8220;off&#8220; button_two_border_radius__hover_enabled=&#8220;off&#8220; button_letter_spacing__hover_enabled=&#8220;off&#8220; button_one_letter_spacing__hover_enabled=&#8220;off&#8220; button_two_letter_spacing__hover_enabled=&#8220;off&#8220; button_bg_color__hover_enabled=&#8220;off&#8220; button_one_bg_color__hover_enabled=&#8220;off&#8220; button_two_bg_color__hover_enabled=&#8220;off&#8220;][et_pb_slide heading=&#8220;Landrix Software GmbH &#038; Co. KG&#8220; use_bg_overlay=&#8220;off&#8220; use_text_overlay=&#8220;off&#8220; _builder_version=&#8220;4.16&#8243; background_color=&#8220;#ffffff&#8220; background_image=&#8220;https:\/\/www.bvbs.de\/wp-content\/uploads\/2021\/02\/mitglieder-bg.jpg&#8220; button_on_hover=&#8220;on&#8220; global_colors_info=&#8220;{}&#8220; sticky_transition=&#8220;on&#8220; button_text_size__hover_enabled=&#8220;off&#8220; button_one_text_size__hover_enabled=&#8220;off&#8220; button_two_text_size__hover_enabled=&#8220;off&#8220; button_text_color__hover_enabled=&#8220;off&#8220; button_one_text_color__hover_enabled=&#8220;off&#8220; button_two_text_color__hover_enabled=&#8220;off&#8220; button_border_width__hover_enabled=&#8220;off&#8220; button_one_border_width__hover_enabled=&#8220;off&#8220; button_two_border_width__hover_enabled=&#8220;off&#8220; button_border_color__hover_enabled=&#8220;off&#8220; button_one_border_color__hover_enabled=&#8220;off&#8220; button_two_border_color__hover_enabled=&#8220;off&#8220; button_border_radius__hover_enabled=&#8220;off&#8220; button_one_border_radius__hover_enabled=&#8220;off&#8220; button_two_border_radius__hover_enabled=&#8220;off&#8220; button_letter_spacing__hover_enabled=&#8220;off&#8220; button_one_letter_spacing__hover_enabled=&#8220;off&#8220; button_two_letter_spacing__hover_enabled=&#8220;off&#8220; button_bg_color__hover_enabled=&#8220;off&#8220; button_one_bg_color__hover_enabled=&#8220;off&#8220; button_two_bg_color__hover_enabled=&#8220;off&#8220;]BVBS Mitgliedsunternehmen<br \/>\n[\/et_pb_slide][\/et_pb_fullwidth_slider][\/et_pb_section][et_pb_section fb_built=&#8220;1&#8243; _builder_version=&#8220;4.16&#8243; global_colors_info=&#8220;{}&#8220;][et_pb_row disabled_on=&#8220;off|off|off&#8220; _builder_version=&#8220;4.16&#8243; custom_padding=&#8220;27px|0px|50px|0px&#8220; border_width_bottom=&#8220;1px&#8220; border_color_bottom=&#8220;rgba(51,51,51,0.18)&#8220; global_colors_info=&#8220;{}&#8220; column_structure=&#8220;1_3,2_3&#8243;][et_pb_column type=&#8220;1_3&#8243; _builder_version=&#8220;4.16&#8243; custom_padding=&#8220;|||&#8220; global_colors_info=&#8220;{}&#8220; custom_padding__hover=&#8220;|||&#8220;][et_pb_text _builder_version=&#8220;4.16&#8243; text_font=&#8220;Roboto|700|||||||&#8220; text_text_color=&#8220;#696666&#8243; text_font_size=&#8220;40px&#8220; global_colors_info=&#8220;{}&#8220;]Allgemeines<br \/>\n[\/et_pb_text][\/et_pb_column][et_pb_column type=&#8220;2_3&#8243; _builder_version=&#8220;4.16&#8243; custom_padding=&#8220;|||&#8220; global_colors_info=&#8220;{}&#8220; custom_padding__hover=&#8220;|||&#8220;][et_pb_text _builder_version=&#8220;4.16&#8243; global_colors_info=&#8220;{}&#8220;]<\/p>\n<div id=\"mitglied-unternehmensdarstellung-225\" class=\"mod_article zweispaltig bottomLineOn block\">\n<div class=\"ce_text block\">\n<p>Die Landrix Software GmbH &amp; Co. KG mit Sitz in Radebeul entwickelt seit 1985 Softwarel\u00f6sungen, die speziell auf die Bed\u00fcrfnisse von Handwerksbetrieben zugeschnitten sind. Der Schwerpunkt liegt auf der Unterst\u00fctzung kleiner und mittelst\u00e4ndischer Unternehmen im Baunebengewerbe, insbesondere aus den Bereichen Sanit\u00e4r, Heizung, Klima (SHK) und Elektro.<\/p>\n<p>Die Software deckt eine Vielzahl von Arbeitsbereichen ab, darunter Buchhaltung, Auftragsabwicklung, Stundenerfassung und Baustellendokumentation. Durch eine benutzerfreundliche Gestaltung und praxisorientierte Funktionen unterst\u00fctzt sie Betriebe bei der Digitalisierung und Optimierung ihrer Arbeitsabl\u00e4ufe. Dank zahlreicher Schnittstellen erf\u00fcllt die Software aktuelle gesetzliche Anforderungen und bleibt zukunftssicher. Ziel ist es, Handwerksbetrieben eine zuverl\u00e4ssige digitale Basis f\u00fcr ihren Arbeitsalltag zu bieten.<\/p>\n<\/div>\n<\/div>\n<p>[\/et_pb_text][\/et_pb_column][\/et_pb_row][et_pb_row disabled_on=&#8220;on|on|on&#8220; _builder_version=&#8220;4.16&#8243; custom_padding=&#8220;50px|0px|50px|0px&#8220; border_width_bottom=&#8220;1px&#8220; border_color_bottom=&#8220;rgba(51,51,51,0.18)&#8220; disabled=&#8220;on&#8220; global_colors_info=&#8220;{}&#8220; column_structure=&#8220;1_3,2_3&#8243;][et_pb_column type=&#8220;1_3&#8243; _builder_version=&#8220;4.16&#8243; custom_padding=&#8220;|||&#8220; global_colors_info=&#8220;{}&#8220; custom_padding__hover=&#8220;|||&#8220;][et_pb_text _builder_version=&#8220;4.16&#8243; text_font=&#8220;Roboto|700|||||||&#8220; text_text_color=&#8220;#696666&#8243; text_font_size=&#8220;40px&#8220; global_colors_info=&#8220;{}&#8220;]Produkte<br \/>\n[\/et_pb_text][\/et_pb_column][et_pb_column type=&#8220;2_3&#8243; _builder_version=&#8220;4.16&#8243; custom_padding=&#8220;|||&#8220; global_colors_info=&#8220;{}&#8220; custom_padding__hover=&#8220;|||&#8220;][et_pb_text _builder_version=&#8220;4.16&#8243; global_colors_info=&#8220;{}&#8220;]Mit den L\u00f6sungen Labelwin und Label Mobile gibt Ihnen das Unternehmen verzahnte Werkzeuge als Komplettl\u00f6sung an die Hand. Egal, ob Sie Aufgaben im B\u00fcro am Rechner oder unterwegs am Smartphone erledigen \u2013 alle Daten werden in Echtzeit ausgetauscht und sind stets aktuell. Mit Labelwin und Label Mobile gewinnen Sie Zeit f\u00fcr Ihre eigentlichen Aufgaben. Label Software hilft Ihnen, die Organisation Ihres Betriebes positiv zu gestalten und alle Vorg\u00e4nge \u00fcbersichtlich und nachvollziehbar darzustellen.<\/p>\n<p><strong>Ein Auszug der Anwendungsbereiche:<\/strong><\/p>\n<ul>\n<li>Kundeninformationsmanagement (CRM)<\/li>\n<li>Aufgabenverwaltung\/Ticketsystem<\/li>\n<li>Projektverwaltung<\/li>\n<li>Kundendienst<\/li>\n<li>Digitale Buchhaltung wie ZUGFeRD &amp; XRechung<\/li>\n<li>Dokumentenverwaltung<\/li>\n<li>Controlling\/Auswertung<\/li>\n<li>Zeiterfassung\/Lohn<\/li>\n<li>Lager\/Bestellwesen<\/li>\n<li>Technisches Geb\u00e4udemanagement (TGM)<\/li>\n<li>Ladenkasse mit TSE<\/li>\n<li>Zahlreiche Schnittstellen wie z. B. OMD, IDS 2.5, GAEB, Datanorm, FiBu,\u00a0Abhol-Ident<\/li>\n<li>Pr\u00fcfmodule (Rechnungseingang, Rechnungsausgang, Zeitpr\u00fcfung)<\/li>\n<\/ul>\n<p>[\/et_pb_text][\/et_pb_column][\/et_pb_row][et_pb_row _builder_version=&#8220;4.16&#8243; custom_padding=&#8220;50px|0px|27px|0px&#8220; global_colors_info=&#8220;{}&#8220; column_structure=&#8220;1_3,1_3,1_3&#8243;][et_pb_column type=&#8220;1_3&#8243; _builder_version=&#8220;4.16&#8243; custom_padding=&#8220;|||&#8220; global_colors_info=&#8220;{}&#8220; custom_padding__hover=&#8220;|||&#8220;][et_pb_text _builder_version=&#8220;4.16&#8243; text_font=&#8220;Roboto|700|||||||&#8220; text_text_color=&#8220;#696666&#8243; text_font_size=&#8220;40px&#8220; global_colors_info=&#8220;{}&#8220;]Kontakt<br \/>\n[\/et_pb_text][\/et_pb_column][et_pb_column type=&#8220;1_3&#8243; _builder_version=&#8220;4.16&#8243; custom_padding=&#8220;|||&#8220; global_colors_info=&#8220;{}&#8220; custom_padding__hover=&#8220;|||&#8220;][et_pb_text _builder_version=&#8220;4.16&#8243; custom_padding=&#8220;|||&#8220; global_colors_info=&#8220;{}&#8220;]<\/p>\n<p><strong>Landrix Software GmbH &amp; Co. KG<\/strong><br \/> Eigenheimstra\u00dfe 12<br \/> D-01445 Radebeul<\/p>\n<p>Telefon: +49 (0) 3518338916<\/p>\n<p>E-Mail: <a href=\"mailto:info@landrix.de\">info@landrix.de<\/a> <br \/> Internet:\u00a0<a href=\"http:\/\/www.landrix.de\/\" target=\"_blank\" rel=\"noopener noreferrer\">www.landrix.de<\/a><\/p>\n<p>[\/et_pb_text][\/et_pb_column][et_pb_column type=&#8220;1_3&#8243; _builder_version=&#8220;4.16&#8243; custom_padding=&#8220;|||&#8220; global_colors_info=&#8220;{}&#8220; custom_padding__hover=&#8220;|||&#8220;][et_pb_image src=&#8220;https:\/\/www.bvbs.de\/wp-content\/uploads\/2024\/11\/Landrix_Logo_202411.jpg&#8220; align_tablet=&#8220;center&#8220; align_last_edited=&#8220;on|desktop&#8220; _builder_version=&#8220;4.16&#8243; max_width=&#8220;59%&#8220; global_colors_info=&#8220;{}&#8220; align_phone=&#8220;center&#8220;]\u00a0<br \/>\n[\/et_pb_image][\/et_pb_column][\/et_pb_row][\/et_pb_section]<\/p>\n","protected":false},"excerpt":{"rendered":"<p>BVBS Mitgliedsunternehmen Allgemeines Die Landrix Software GmbH &amp; Co. KG mit Sitz in Radebeul entwickelt seit 1985 Softwarel\u00f6sungen, die speziell auf die Bed\u00fcrfnisse von Handwerksbetrieben zugeschnitten sind. Der Schwerpunkt liegt auf der Unterst\u00fctzung kleiner und mittelst\u00e4ndischer Unternehmen im Baunebengewerbe, insbesondere aus den Bereichen Sanit\u00e4r, Heizung, Klima (SHK) und Elektro. Die Software deckt eine Vielzahl von [&hellip;]<\/p>\n","protected":false},"author":760,"featured_media":0,"parent":0,"menu_order":0,"comment_status":"closed","ping_status":"closed","template":"","meta":{"_et_pb_use_builder":"on","_et_pb_old_content":"","_et_gb_content_width":"","wp_typography_post_enhancements_disabled":false,"footnotes":""},"class_list":["post-17812","page","type-page","status-publish","hentry"],"yoast_head":"<!-- This site is optimized with the Yoast SEO plugin v26.1.1 - https:\/\/yoast.com\/wordpress\/plugins\/seo\/ -->\r\n<title>Landrix Software GmbH &amp; Co. KG - BVBS Bundesverband Software und Digitalisierung im Bauwesen e.V.<\/title>\r\n<meta name=\"description\" content=\"Landrix Software entwickelt seit 1985 Softwarel\u00f6sungen, die speziell auf die Bed\u00fcrfnisse von Handwerksbetrieben zugeschnitten sind.\" \/>\r\n<meta name=\"robots\" content=\"index, follow, max-snippet:-1, max-image-preview:large, max-video-preview:-1\" \/>\r\n<link rel=\"canonical\" href=\"https:\/\/www.bvbs.de\/en\/landrix-software\/\" \/>\r\n<meta property=\"og:locale\" content=\"en_GB\" \/>\r\n<meta property=\"og:type\" content=\"article\" \/>\r\n<meta property=\"og:title\" content=\"Landrix Software GmbH &amp; Co. KG - BVBS Bundesverband Software und Digitalisierung im Bauwesen e.V.\" \/>\r\n<meta property=\"og:description\" content=\"Landrix Software entwickelt seit 1985 Softwarel\u00f6sungen, die speziell auf die Bed\u00fcrfnisse von Handwerksbetrieben zugeschnitten sind.\" \/>\r\n<meta property=\"og:url\" content=\"https:\/\/www.bvbs.de\/en\/landrix-software\/\" \/>\r\n<meta property=\"og:site_name\" content=\"BVBS Bundesverband Software und Digitalisierung im Bauwesen e.V.\" \/>\r\n<meta property=\"article:modified_time\" content=\"2025-07-10T18:32:41+00:00\" \/>\r\n<meta name=\"twitter:card\" content=\"summary_large_image\" \/>\r\n<meta name=\"twitter:label1\" content=\"Estimated reading time\" \/>\n\t<meta name=\"twitter:data1\" content=\"2 minutes\" \/>\r\n<script type=\"application\/ld+json\" class=\"yoast-schema-graph\">{\"@context\":\"https:\/\/schema.org\",\"@graph\":[{\"@type\":\"WebPage\",\"@id\":\"https:\/\/www.bvbs.de\/landrix-software\/\",\"url\":\"https:\/\/www.bvbs.de\/landrix-software\/\",\"name\":\"Landrix Software GmbH & Co. KG - BVBS Bundesverband Software und Digitalisierung im Bauwesen e.V.\",\"isPartOf\":{\"@id\":\"https:\/\/www.bvbs.de\/#website\"},\"datePublished\":\"2024-10-28T15:22:41+00:00\",\"dateModified\":\"2025-07-10T18:32:41+00:00\",\"description\":\"Landrix Software entwickelt seit 1985 Softwarel\u00f6sungen, die speziell auf die Bed\u00fcrfnisse von Handwerksbetrieben zugeschnitten sind.\",\"breadcrumb\":{\"@id\":\"https:\/\/www.bvbs.de\/landrix-software\/#breadcrumb\"},\"inLanguage\":\"en-GB\",\"potentialAction\":[{\"@type\":\"ReadAction\",\"target\":[\"https:\/\/www.bvbs.de\/landrix-software\/\"]}]},{\"@type\":\"BreadcrumbList\",\"@id\":\"https:\/\/www.bvbs.de\/landrix-software\/#breadcrumb\",\"itemListElement\":[{\"@type\":\"ListItem\",\"position\":1,\"name\":\"Startseite\",\"item\":\"https:\/\/www.bvbs.de\/\"},{\"@type\":\"ListItem\",\"position\":2,\"name\":\"Landrix Software GmbH &#038; Co. KG\"}]},{\"@type\":\"WebSite\",\"@id\":\"https:\/\/www.bvbs.de\/#website\",\"url\":\"https:\/\/www.bvbs.de\/\",\"name\":\"BVBS Bundesverband Software und Digitalisierung im Bauwesen e.V.\",\"description\":\"\",\"publisher\":{\"@id\":\"https:\/\/www.bvbs.de\/#organization\"},\"potentialAction\":[{\"@type\":\"SearchAction\",\"target\":{\"@type\":\"EntryPoint\",\"urlTemplate\":\"https:\/\/www.bvbs.de\/?s={search_term_string}\"},\"query-input\":{\"@type\":\"PropertyValueSpecification\",\"valueRequired\":true,\"valueName\":\"search_term_string\"}}],\"inLanguage\":\"en-GB\"},{\"@type\":\"Organization\",\"@id\":\"https:\/\/www.bvbs.de\/#organization\",\"name\":\"BVBS Bundesverband Software und Digitalisierung im Bauwesen\",\"url\":\"https:\/\/www.bvbs.de\/\",\"logo\":{\"@type\":\"ImageObject\",\"inLanguage\":\"en-GB\",\"@id\":\"https:\/\/www.bvbs.de\/#\/schema\/logo\/image\/\",\"url\":\"https:\/\/www.bvbs.de\/wp-content\/uploads\/2024\/01\/cropped-favicon-bvbs.png\",\"contentUrl\":\"https:\/\/www.bvbs.de\/wp-content\/uploads\/2024\/01\/cropped-favicon-bvbs.png\",\"width\":512,\"height\":512,\"caption\":\"BVBS Bundesverband Software und Digitalisierung im Bauwesen\"},\"image\":{\"@id\":\"https:\/\/www.bvbs.de\/#\/schema\/logo\/image\/\"}}]}<\/script>\r\n<!-- \/ Yoast SEO plugin. -->","yoast_head_json":{"title":"Landrix Soft\u00adware GmbH &amp; Co. KG \u2014 BVBS Bun\u00addes\u00adver\u00adband Soft\u00adware und Digi\u00adta\u00adli\u00adsie\u00adrung im Bau\u00adwe\u00adsen e.V.","description":"Landrix Soft\u00adware ent\u00adwi\u00adckelt seit 1985 Soft\u00adware\u00adl\u00f6\u00adsun\u00adgen, die spe\u00adzi\u00adell auf die Bed\u00fcrf\u00adnis\u00adse von Hand\u00adwerks\u00adbe\u00adtrie\u00adben zuge\u00adschnit\u00adten&nbsp;sind.","robots":{"index":"index","follow":"follow","max-snippet":"max-snippet:-1","max-image-preview":"max-image-preview:large","max-video-preview":"max-video-preview:-1"},"canonical":"https:\/\/www.bvbs.de\/en\/landrix-software\/","og_locale":"en_GB","og_type":"article","og_title":"Landrix Software GmbH & Co. KG - BVBS Bundesverband Software und Digitalisierung im Bauwesen e.V.","og_description":"Landrix Software entwickelt seit 1985 Softwarel\u00f6sungen, die speziell auf die Bed\u00fcrfnisse von Handwerksbetrieben zugeschnitten sind.","og_url":"https:\/\/www.bvbs.de\/en\/landrix-software\/","og_site_name":"BVBS Bundesverband Software und Digitalisierung im Bauwesen e.V.","article_modified_time":"2025-07-10T18:32:41+00:00","twitter_card":"summary_large_image","twitter_misc":{"Estimated reading time":"2 minutes"},"schema":{"@context":"https:\/\/schema.org","@graph":[{"@type":"WebPage","@id":"https:\/\/www.bvbs.de\/landrix-software\/","url":"https:\/\/www.bvbs.de\/landrix-software\/","name":"Landrix Soft\u00adware GmbH &amp; Co. KG \u2014 BVBS Bun\u00addes\u00adver\u00adband Soft\u00adware und Digi\u00adta\u00adli\u00adsie\u00adrung im Bau\u00adwe\u00adsen e.V.","isPartOf":{"@id":"https:\/\/www.bvbs.de\/#website"},"datePublished":"2024-10-28T15:22:41+00:00","dateModified":"2025-07-10T18:32:41+00:00","description":"Landrix Soft\u00adware ent\u00adwi\u00adckelt seit 1985 Soft\u00adware\u00adl\u00f6\u00adsun\u00adgen, die spe\u00adzi\u00adell auf die Bed\u00fcrf\u00adnis\u00adse von Hand\u00adwerks\u00adbe\u00adtrie\u00adben zuge\u00adschnit\u00adten&nbsp;sind.","breadcrumb":{"@id":"https:\/\/www.bvbs.de\/landrix-software\/#breadcrumb"},"inLanguage":"en-GB","potentialAction":[{"@type":"ReadAction","target":["https:\/\/www.bvbs.de\/landrix-software\/"]}]},{"@type":"BreadcrumbList","@id":"https:\/\/www.bvbs.de\/landrix-software\/#breadcrumb","itemListElement":[{"@type":"ListItem","position":1,"name":"Startseite","item":"https:\/\/www.bvbs.de\/"},{"@type":"ListItem","position":2,"name":"Landrix Software GmbH &#038; Co. KG"}]},{"@type":"WebSite","@id":"https:\/\/www.bvbs.de\/#website","url":"https:\/\/www.bvbs.de\/","name":"BVBS Bun\u00addes\u00adver\u00adband Soft\u00adware und Digi\u00adta\u00adli\u00adsie\u00adrung im Bau\u00adwe\u00adsen e.V.","description":"","publisher":{"@id":"https:\/\/www.bvbs.de\/#organization"},"potentialAction":[{"@type":"SearchAction","target":{"@type":"EntryPoint","urlTemplate":"https:\/\/www.bvbs.de\/?s={search_term_string}"},"query-input":{"@type":"PropertyValueSpecification","valueRequired":true,"valueName":"search_term_string"}}],"inLanguage":"en-GB"},{"@type":"Organization","@id":"https:\/\/www.bvbs.de\/#organization","name":"BVBS Bun\u00addes\u00adver\u00adband Soft\u00adware und Digi\u00adta\u00adli\u00adsie\u00adrung im Bauwesen","url":"https:\/\/www.bvbs.de\/","logo":{"@type":"ImageObject","inLanguage":"en-GB","@id":"https:\/\/www.bvbs.de\/#\/schema\/logo\/image\/","url":"https:\/\/www.bvbs.de\/wp-content\/uploads\/2024\/01\/cropped-favicon-bvbs.png","contentUrl":"https:\/\/www.bvbs.de\/wp-content\/uploads\/2024\/01\/cropped-favicon-bvbs.png","width":512,"height":512,"caption":"BVBS Bundesverband Software und Digitalisierung im Bauwesen"},"image":{"@id":"https:\/\/www.bvbs.de\/#\/schema\/logo\/image\/"}}]}},"_links":{"self":[{"href":"https:\/\/www.bvbs.de\/en\/wp-json\/wp\/v2\/pages\/17812","targetHints":{"allow":["GET"]}}],"collection":[{"href":"https:\/\/www.bvbs.de\/en\/wp-json\/wp\/v2\/pages"}],"about":[{"href":"https:\/\/www.bvbs.de\/en\/wp-json\/wp\/v2\/types\/page"}],"author":[{"embeddable":true,"href":"https:\/\/www.bvbs.de\/en\/wp-json\/wp\/v2\/users\/760"}],"replies":[{"embeddable":true,"href":"https:\/\/www.bvbs.de\/en\/wp-json\/wp\/v2\/comments?post=17812"}],"version-history":[{"count":0,"href":"https:\/\/www.bvbs.de\/en\/wp-json\/wp\/v2\/pages\/17812\/revisions"}],"wp:attachment":[{"href":"https:\/\/www.bvbs.de\/en\/wp-json\/wp\/v2\/media?parent=17812"}],"curies":[{"name":"wp","href":"https:\/\/api.w.org\/{rel}","templated":true}]}}