{"id":22202,"date":"2025-04-07T11:11:19","date_gmt":"2025-04-07T09:11:19","guid":{"rendered":"https:\/\/www.bvbs.de\/?page_id=22202"},"modified":"2025-09-25T10:14:25","modified_gmt":"2025-09-25T08:14:25","slug":"optitime","status":"publish","type":"page","link":"https:\/\/www.bvbs.de\/en\/optitime\/","title":{"rendered":"Opti\u00adTi\u00adme GmbH &amp; Co&nbsp;KG"},"content":{"rendered":"<p>[et_pb_section fb_built=&#8220;1&#8243; fullwidth=&#8220;on&#8220; _builder_version=&#8220;4.16&#8243; global_colors_info=&#8220;{}&#8220;][et_pb_fullwidth_slider _builder_version=&#8220;4.27.3&#8243; header_font=&#8220;Roboto||||||||&#8220; body_font=&#8220;Roboto||||||||&#8220; background_image=&#8220;https:\/\/www.bvbs.de\/wp-content\/uploads\/2021\/02\/mitglieder-bg.jpg&#8220; global_colors_info=&#8220;{}&#8220; button_text_size__hover_enabled=&#8220;off&#8220; button_one_text_size__hover_enabled=&#8220;off&#8220; button_two_text_size__hover_enabled=&#8220;off&#8220; button_text_color__hover_enabled=&#8220;off&#8220; button_one_text_color__hover_enabled=&#8220;off&#8220; button_two_text_color__hover_enabled=&#8220;off&#8220; button_border_width__hover_enabled=&#8220;off&#8220; button_one_border_width__hover_enabled=&#8220;off&#8220; button_two_border_width__hover_enabled=&#8220;off&#8220; button_border_color__hover_enabled=&#8220;off&#8220; button_one_border_color__hover_enabled=&#8220;off&#8220; button_two_border_color__hover_enabled=&#8220;off&#8220; button_border_radius__hover_enabled=&#8220;off&#8220; button_one_border_radius__hover_enabled=&#8220;off&#8220; button_two_border_radius__hover_enabled=&#8220;off&#8220; button_letter_spacing__hover_enabled=&#8220;off&#8220; button_one_letter_spacing__hover_enabled=&#8220;off&#8220; button_two_letter_spacing__hover_enabled=&#8220;off&#8220; button_bg_color__hover_enabled=&#8220;off&#8220; button_one_bg_color__hover_enabled=&#8220;off&#8220; button_two_bg_color__hover_enabled=&#8220;off&#8220;][et_pb_slide heading=&#8220;OptiTime GmbH &#038; Co KG&#8220; use_bg_overlay=&#8220;off&#8220; use_text_overlay=&#8220;off&#8220; _builder_version=&#8220;4.27.3&#8243; header_level=&#8220;h1&#8243; header_font=&#8220;Roboto|700|||||||&#8220; header_font_size=&#8220;55px&#8220; body_font=&#8220;||||||||&#8220; background_color=&#8220;#ffffff&#8220; button_on_hover=&#8220;on&#8220; header_font_size_tablet=&#8220;55px&#8220; header_font_size_phone=&#8220;55px&#8220; global_colors_info=&#8220;{}&#8220; button_text_size__hover_enabled=&#8220;off&#8220; button_one_text_size__hover_enabled=&#8220;off&#8220; button_two_text_size__hover_enabled=&#8220;off&#8220; button_text_color__hover_enabled=&#8220;off&#8220; button_one_text_color__hover_enabled=&#8220;off&#8220; button_two_text_color__hover_enabled=&#8220;off&#8220; button_border_width__hover_enabled=&#8220;off&#8220; button_one_border_width__hover_enabled=&#8220;off&#8220; button_two_border_width__hover_enabled=&#8220;off&#8220; button_border_color__hover_enabled=&#8220;off&#8220; button_one_border_color__hover_enabled=&#8220;off&#8220; button_two_border_color__hover_enabled=&#8220;off&#8220; button_border_radius__hover_enabled=&#8220;off&#8220; button_one_border_radius__hover_enabled=&#8220;off&#8220; button_two_border_radius__hover_enabled=&#8220;off&#8220; button_letter_spacing__hover_enabled=&#8220;off&#8220; button_one_letter_spacing__hover_enabled=&#8220;off&#8220; button_two_letter_spacing__hover_enabled=&#8220;off&#8220; button_bg_color__hover_enabled=&#8220;off&#8220; button_one_bg_color__hover_enabled=&#8220;off&#8220; button_two_bg_color__hover_enabled=&#8220;off&#8220; sticky_transition=&#8220;on&#8220;]<\/p>\n<p>BVBS Mitgliedsunternehmen<\/p>\n<p>[\/et_pb_slide][\/et_pb_fullwidth_slider][\/et_pb_section][et_pb_section fb_built=&#8220;1&#8243; _builder_version=&#8220;4.16&#8243; global_colors_info=&#8220;{}&#8220;][et_pb_row column_structure=&#8220;1_3,2_3&#8243; disabled_on=&#8220;off|off|off&#8220; _builder_version=&#8220;4.16&#8243; border_width_bottom=&#8220;1px&#8220; border_color_bottom=&#8220;rgba(105,102,102,0.36)&#8220; global_colors_info=&#8220;{}&#8220;][et_pb_column type=&#8220;1_3&#8243; _builder_version=&#8220;4.16&#8243; custom_padding=&#8220;|||&#8220; global_colors_info=&#8220;{}&#8220; custom_padding__hover=&#8220;|||&#8220;][et_pb_text _builder_version=&#8220;4.16&#8243; text_font=&#8220;Roboto|700|||||||&#8220; text_text_color=&#8220;#696666&#8243; text_font_size=&#8220;40px&#8220; global_colors_info=&#8220;{}&#8220;]Allgemeines<br \/>\n[\/et_pb_text][\/et_pb_column][et_pb_column type=&#8220;2_3&#8243; _builder_version=&#8220;4.16&#8243; custom_padding=&#8220;|||&#8220; global_colors_info=&#8220;{}&#8220; custom_padding__hover=&#8220;|||&#8220;][et_pb_text _builder_version=&#8220;4.27.3&#8243; global_colors_info=&#8220;{}&#8220;]<\/p>\n<p>Viele Unternehmen der Baubranche haben zu tun mit aufw\u00e4ndigen Prozessen, mangelnder Transparenz und m\u00fchseliger Kleinarbeit in zahlreichen planenden und verwaltenden Bereichen. OptiTime erm\u00f6glicht mit ma\u00dfgeschneiderten Software-L\u00f6sungen Unternehmen das intelligente Planen (Personal, Ger\u00e4te und Artikel), saubere Erfassen (per App oder digitalem Formular) und das nachhaltige Optimieren relevanter T\u00e4tigkeiten in Bauunternehmen. Das Unternehmen aus dem M\u00fcnsterland sorgt mit individuellen Softwarel\u00f6sungen seit fast 30 Jahren f\u00fcr effizienteres Arbeiten.<\/p>\n<p>Mit ca. 40 Besch\u00e4ftigten, einer Niederlassung in Memmingen und einem B\u00fcro in Nordhorn betreut OptiTime seine Kunden bundesweit. Seit \u00fcber zwei Jahren ist das Unternehmen in vier crossfunktionale Teams eingeteilt. Das agile Arbeiten wird gemeinsam im Team gesteuert mit viel Engagement und Verantwortlichkeit jedes einzelnen. So geht OptiTime in den professionellen Austausch mit seinen Kunden.<\/p>\n<p>[\/et_pb_text][\/et_pb_column][\/et_pb_row][et_pb_row column_structure=&#8220;1_3,2_3&#8243; disabled_on=&#8220;off|off|off&#8220; _builder_version=&#8220;4.16&#8243; border_width_bottom=&#8220;1px&#8220; border_color_bottom=&#8220;rgba(105,102,102,0.36)&#8220; global_colors_info=&#8220;{}&#8220;][et_pb_column type=&#8220;1_3&#8243; _builder_version=&#8220;4.16&#8243; custom_padding=&#8220;|||&#8220; global_colors_info=&#8220;{}&#8220; custom_padding__hover=&#8220;|||&#8220;][et_pb_text _builder_version=&#8220;4.16&#8243; text_font=&#8220;Roboto|700|||||||&#8220; text_text_color=&#8220;#696666&#8243; text_font_size=&#8220;40px&#8220; global_colors_info=&#8220;{}&#8220;]Produkte<br \/>\n[\/et_pb_text][\/et_pb_column][et_pb_column type=&#8220;2_3&#8243; _builder_version=&#8220;4.16&#8243; custom_padding=&#8220;|||&#8220; global_colors_info=&#8220;{}&#8220; custom_padding__hover=&#8220;|||&#8220;][et_pb_text _builder_version=&#8220;4.27.3&#8243; global_colors_info=&#8220;{}&#8220;]<\/p>\n<p><strong>Planen \u2013 Erfassen \u2013 Optimieren<\/strong><\/p>\n<p>Unternehmen erfassen mit OptiTime mobile Daten per App oder Formular auf Baustellen und leiten diese Informationen per Schnittstelle an alle g\u00e4ngigen Softwarel\u00f6sungen (wie z. B. ERP, Wawi, DMS etc.) zur Weiterverarbeitung weiter.<\/p>\n<p><strong><br \/>Planung<\/strong><\/p>\n<ul>\n<li>Ressourcenplanung<\/li>\n<li>Personaleinsatzplanung<\/li>\n<li>Ger\u00e4teplanung<\/li>\n<li>Artikelplanung<\/li>\n<li>Tourenplanung<\/li>\n<li>Urlaubsplanung<\/li>\n<\/ul>\n<p><strong><br \/>Erfassung<\/strong><\/p>\n<ul>\n<li>Am Smartphone per App<\/li>\n<li>Am Notebook\/Tablet per digitalem Formular<\/li>\n<li>Am Terminal per Chip oder Barcode (auch im Fahrzeug)<\/li>\n<li>Per Barcode-Scanner<\/li>\n<\/ul>\n<p><strong><br \/>Optimieren<\/strong><\/p>\n<ul>\n<li>Mobile einfache Datenaufnahme<\/li>\n<li>Bearbeitung\/Auswertung wahlweise in OptiControl oder in einem vorhandenen ERP-System<\/li>\n<\/ul>\n<p>&nbsp;<\/p>\n<p>[\/et_pb_text][\/et_pb_column][\/et_pb_row][et_pb_row column_structure=&#8220;1_3,1_3,1_3&#8243; _builder_version=&#8220;4.16&#8243; custom_padding=&#8220;50px|0px|27px|0px&#8220; global_colors_info=&#8220;{}&#8220;][et_pb_column type=&#8220;1_3&#8243; _builder_version=&#8220;4.16&#8243; custom_padding=&#8220;|||&#8220; global_colors_info=&#8220;{}&#8220; custom_padding__hover=&#8220;|||&#8220;][et_pb_text _builder_version=&#8220;4.16&#8243; text_font=&#8220;Roboto|700|||||||&#8220; text_text_color=&#8220;#323232&#8243; text_font_size=&#8220;40px&#8220; inline_fonts=&#8220;Roboto&#8220; global_colors_info=&#8220;{}&#8220;]<span style=\"color: #696666;font-family: Roboto\">Kontakt<\/span><br \/>\n[\/et_pb_text][\/et_pb_column][et_pb_column type=&#8220;1_3&#8243; _builder_version=&#8220;4.16&#8243; custom_padding=&#8220;|||&#8220; global_colors_info=&#8220;{}&#8220; custom_padding__hover=&#8220;|||&#8220;][et_pb_text _builder_version=&#8220;4.27.3&#8243; custom_margin=&#8220;|||&#8220; custom_padding=&#8220;|||&#8220; inline_fonts=&#8220;Roboto&#8220; global_colors_info=&#8220;{}&#8220;]<\/p>\n<p><strong>OptiTime GmbH &amp; Co KG<br \/><\/strong>Schulten Sundern 14<br \/>48432 Rheine<\/p>\n<p>Tel: +49 (0) 5975 9282 200<\/p>\n<p>E-Mail: <a href=\"mailto:&#112;ro&#106;&#101;k&#116;&#097;&#098;&#119;i&#099;&#107;lun&#103;&#064;&#111;&#112;&#116;&#105;tim&#101;&#046;de\">pr&#111;&#106;ek&#116;&#97;&#98;w&#105;&#99;k&#108;un&#103;&#64;&#111;p&#116;iti&#109;&#101;.d&#101;<\/a><br \/>Internet: <a href=\"http:\/\/www.optitime.de\" target=\"_blank\" rel=\"noopener noreferrer\">www.optitime.de<\/a><\/p>\n<p>[\/et_pb_text][\/et_pb_column][et_pb_column type=&#8220;1_3&#8243; _builder_version=&#8220;4.16&#8243; custom_padding=&#8220;|||&#8220; global_colors_info=&#8220;{}&#8220; custom_padding__hover=&#8220;|||&#8220;][et_pb_image src=&#8220;https:\/\/www.bvbs.de\/wp-content\/uploads\/2025\/04\/optitime_logo_profil.jpg&#8220; title_text=&#8220;optitime_logo_profil&#8220; align_tablet=&#8220;left&#8220; align_phone=&#8220;left&#8220; align_last_edited=&#8220;on|phone&#8220; _builder_version=&#8220;4.27.3&#8243; width=&#8220;80%&#8220; hover_enabled=&#8220;0&#8243; global_colors_info=&#8220;{}&#8220; sticky_enabled=&#8220;0&#8243; max_width=&#8220;74%&#8220; max_width_last_edited=&#8220;on|desktop&#8220; max_width_tablet=&#8220;47%&#8220; max_width_phone=&#8220;47%&#8220;]&nbsp;<br \/>\n[\/et_pb_image][\/et_pb_column][\/et_pb_row][\/et_pb_section]<\/p>\n","protected":false},"excerpt":{"rendered":"<p>BVBS MitgliedsunternehmenAllgemeines Viele Unternehmen der Baubranche haben zu tun mit aufw\u00e4ndigen Prozessen, mangelnder Transparenz und m\u00fchseliger Kleinarbeit in zahlreichen planenden und verwaltenden Bereichen. OptiTime erm\u00f6glicht mit ma\u00dfgeschneiderten Software-L\u00f6sungen Unternehmen das intelligente Planen (Personal, Ger\u00e4te und Artikel), saubere Erfassen (per App oder digitalem Formular) und das nachhaltige Optimieren relevanter T\u00e4tigkeiten in Bauunternehmen. Das Unternehmen aus dem [&hellip;]<\/p>\n","protected":false},"author":760,"featured_media":0,"parent":0,"menu_order":0,"comment_status":"closed","ping_status":"closed","template":"","meta":{"_et_pb_use_builder":"on","_et_pb_old_content":"","_et_gb_content_width":"","wp_typography_post_enhancements_disabled":false,"footnotes":""},"class_list":["post-22202","page","type-page","status-publish","hentry"],"yoast_head":"<!-- This site is optimized with the Yoast SEO plugin v26.1.1 - https:\/\/yoast.com\/wordpress\/plugins\/seo\/ -->\r\n<title>OptiTime GmbH &amp; Co KG - BVBS Bundesverband Software und Digitalisierung im Bauwesen e.V.<\/title>\r\n<meta name=\"robots\" content=\"index, follow, max-snippet:-1, max-image-preview:large, max-video-preview:-1\" \/>\r\n<link rel=\"canonical\" href=\"https:\/\/www.bvbs.de\/en\/optitime\/\" \/>\r\n<meta property=\"og:locale\" content=\"en_GB\" \/>\r\n<meta property=\"og:type\" content=\"article\" \/>\r\n<meta property=\"og:title\" content=\"OptiTime GmbH &amp; Co KG - BVBS Bundesverband Software und Digitalisierung im Bauwesen e.V.\" \/>\r\n<meta property=\"og:description\" content=\"BVBS MitgliedsunternehmenAllgemeines Viele Unternehmen der Baubranche haben zu tun mit aufw\u00e4ndigen Prozessen, mangelnder Transparenz und m\u00fchseliger Kleinarbeit in zahlreichen planenden und verwaltenden Bereichen. OptiTime erm\u00f6glicht mit ma\u00dfgeschneiderten Software-L\u00f6sungen Unternehmen das intelligente Planen (Personal, Ger\u00e4te und Artikel), saubere Erfassen (per App oder digitalem Formular) und das nachhaltige Optimieren relevanter T\u00e4tigkeiten in Bauunternehmen. Das Unternehmen aus dem [&hellip;]\" \/>\r\n<meta property=\"og:url\" content=\"https:\/\/www.bvbs.de\/en\/optitime\/\" \/>\r\n<meta property=\"og:site_name\" content=\"BVBS Bundesverband Software und Digitalisierung im Bauwesen e.V.\" \/>\r\n<meta property=\"article:modified_time\" content=\"2025-09-25T08:14:25+00:00\" \/>\r\n<meta name=\"twitter:card\" content=\"summary_large_image\" \/>\r\n<meta name=\"twitter:label1\" content=\"Estimated reading time\" \/>\n\t<meta name=\"twitter:data1\" content=\"1 minute\" \/>\r\n<script type=\"application\/ld+json\" class=\"yoast-schema-graph\">{\"@context\":\"https:\/\/schema.org\",\"@graph\":[{\"@type\":\"WebPage\",\"@id\":\"https:\/\/www.bvbs.de\/optitime\/\",\"url\":\"https:\/\/www.bvbs.de\/optitime\/\",\"name\":\"OptiTime GmbH & Co KG - BVBS Bundesverband Software und Digitalisierung im Bauwesen e.V.\",\"isPartOf\":{\"@id\":\"https:\/\/www.bvbs.de\/#website\"},\"datePublished\":\"2025-04-07T09:11:19+00:00\",\"dateModified\":\"2025-09-25T08:14:25+00:00\",\"breadcrumb\":{\"@id\":\"https:\/\/www.bvbs.de\/optitime\/#breadcrumb\"},\"inLanguage\":\"en-GB\",\"potentialAction\":[{\"@type\":\"ReadAction\",\"target\":[\"https:\/\/www.bvbs.de\/optitime\/\"]}]},{\"@type\":\"BreadcrumbList\",\"@id\":\"https:\/\/www.bvbs.de\/optitime\/#breadcrumb\",\"itemListElement\":[{\"@type\":\"ListItem\",\"position\":1,\"name\":\"Startseite\",\"item\":\"https:\/\/www.bvbs.de\/\"},{\"@type\":\"ListItem\",\"position\":2,\"name\":\"OptiTime GmbH &#038; Co KG\"}]},{\"@type\":\"WebSite\",\"@id\":\"https:\/\/www.bvbs.de\/#website\",\"url\":\"https:\/\/www.bvbs.de\/\",\"name\":\"BVBS Bundesverband Software und Digitalisierung im Bauwesen e.V.\",\"description\":\"\",\"publisher\":{\"@id\":\"https:\/\/www.bvbs.de\/#organization\"},\"potentialAction\":[{\"@type\":\"SearchAction\",\"target\":{\"@type\":\"EntryPoint\",\"urlTemplate\":\"https:\/\/www.bvbs.de\/?s={search_term_string}\"},\"query-input\":{\"@type\":\"PropertyValueSpecification\",\"valueRequired\":true,\"valueName\":\"search_term_string\"}}],\"inLanguage\":\"en-GB\"},{\"@type\":\"Organization\",\"@id\":\"https:\/\/www.bvbs.de\/#organization\",\"name\":\"BVBS Bundesverband Software und Digitalisierung im Bauwesen\",\"url\":\"https:\/\/www.bvbs.de\/\",\"logo\":{\"@type\":\"ImageObject\",\"inLanguage\":\"en-GB\",\"@id\":\"https:\/\/www.bvbs.de\/#\/schema\/logo\/image\/\",\"url\":\"https:\/\/www.bvbs.de\/wp-content\/uploads\/2024\/01\/cropped-favicon-bvbs.png\",\"contentUrl\":\"https:\/\/www.bvbs.de\/wp-content\/uploads\/2024\/01\/cropped-favicon-bvbs.png\",\"width\":512,\"height\":512,\"caption\":\"BVBS Bundesverband Software und Digitalisierung im Bauwesen\"},\"image\":{\"@id\":\"https:\/\/www.bvbs.de\/#\/schema\/logo\/image\/\"}}]}<\/script>\r\n<!-- \/ Yoast SEO plugin. -->","yoast_head_json":{"title":"Opti\u00adTi\u00adme GmbH &amp; Co KG \u2014 BVBS Bun\u00addes\u00adver\u00adband Soft\u00adware und Digi\u00adta\u00adli\u00adsie\u00adrung im Bau\u00adwe\u00adsen e.V.","robots":{"index":"index","follow":"follow","max-snippet":"max-snippet:-1","max-image-preview":"max-image-preview:large","max-video-preview":"max-video-preview:-1"},"canonical":"https:\/\/www.bvbs.de\/en\/optitime\/","og_locale":"en_GB","og_type":"article","og_title":"OptiTime GmbH & Co KG - BVBS Bundesverband Software und Digitalisierung im Bauwesen e.V.","og_description":"BVBS MitgliedsunternehmenAllgemeines Viele Unternehmen der Baubranche haben zu tun mit aufw\u00e4ndigen Prozessen, mangelnder Transparenz und m\u00fchseliger Kleinarbeit in zahlreichen planenden und verwaltenden Bereichen. OptiTime erm\u00f6glicht mit ma\u00dfgeschneiderten Software-L\u00f6sungen Unternehmen das intelligente Planen (Personal, Ger\u00e4te und Artikel), saubere Erfassen (per App oder digitalem Formular) und das nachhaltige Optimieren relevanter T\u00e4tigkeiten in Bauunternehmen. Das Unternehmen aus dem [&hellip;]","og_url":"https:\/\/www.bvbs.de\/en\/optitime\/","og_site_name":"BVBS Bundesverband Software und Digitalisierung im Bauwesen e.V.","article_modified_time":"2025-09-25T08:14:25+00:00","twitter_card":"summary_large_image","twitter_misc":{"Estimated reading time":"1 minute"},"schema":{"@context":"https:\/\/schema.org","@graph":[{"@type":"WebPage","@id":"https:\/\/www.bvbs.de\/optitime\/","url":"https:\/\/www.bvbs.de\/optitime\/","name":"Opti\u00adTi\u00adme GmbH &amp; Co KG \u2014 BVBS Bun\u00addes\u00adver\u00adband Soft\u00adware und Digi\u00adta\u00adli\u00adsie\u00adrung im Bau\u00adwe\u00adsen e.V.","isPartOf":{"@id":"https:\/\/www.bvbs.de\/#website"},"datePublished":"2025-04-07T09:11:19+00:00","dateModified":"2025-09-25T08:14:25+00:00","breadcrumb":{"@id":"https:\/\/www.bvbs.de\/optitime\/#breadcrumb"},"inLanguage":"en-GB","potentialAction":[{"@type":"ReadAction","target":["https:\/\/www.bvbs.de\/optitime\/"]}]},{"@type":"BreadcrumbList","@id":"https:\/\/www.bvbs.de\/optitime\/#breadcrumb","itemListElement":[{"@type":"ListItem","position":1,"name":"Startseite","item":"https:\/\/www.bvbs.de\/"},{"@type":"ListItem","position":2,"name":"OptiTime GmbH &#038; Co KG"}]},{"@type":"WebSite","@id":"https:\/\/www.bvbs.de\/#website","url":"https:\/\/www.bvbs.de\/","name":"BVBS Bun\u00addes\u00adver\u00adband Soft\u00adware und Digi\u00adta\u00adli\u00adsie\u00adrung im Bau\u00adwe\u00adsen e.V.","description":"","publisher":{"@id":"https:\/\/www.bvbs.de\/#organization"},"potentialAction":[{"@type":"SearchAction","target":{"@type":"EntryPoint","urlTemplate":"https:\/\/www.bvbs.de\/?s={search_term_string}"},"query-input":{"@type":"PropertyValueSpecification","valueRequired":true,"valueName":"search_term_string"}}],"inLanguage":"en-GB"},{"@type":"Organization","@id":"https:\/\/www.bvbs.de\/#organization","name":"BVBS Bun\u00addes\u00adver\u00adband Soft\u00adware und Digi\u00adta\u00adli\u00adsie\u00adrung im Bauwesen","url":"https:\/\/www.bvbs.de\/","logo":{"@type":"ImageObject","inLanguage":"en-GB","@id":"https:\/\/www.bvbs.de\/#\/schema\/logo\/image\/","url":"https:\/\/www.bvbs.de\/wp-content\/uploads\/2024\/01\/cropped-favicon-bvbs.png","contentUrl":"https:\/\/www.bvbs.de\/wp-content\/uploads\/2024\/01\/cropped-favicon-bvbs.png","width":512,"height":512,"caption":"BVBS Bundesverband Software und Digitalisierung im Bauwesen"},"image":{"@id":"https:\/\/www.bvbs.de\/#\/schema\/logo\/image\/"}}]}},"_links":{"self":[{"href":"https:\/\/www.bvbs.de\/en\/wp-json\/wp\/v2\/pages\/22202","targetHints":{"allow":["GET"]}}],"collection":[{"href":"https:\/\/www.bvbs.de\/en\/wp-json\/wp\/v2\/pages"}],"about":[{"href":"https:\/\/www.bvbs.de\/en\/wp-json\/wp\/v2\/types\/page"}],"author":[{"embeddable":true,"href":"https:\/\/www.bvbs.de\/en\/wp-json\/wp\/v2\/users\/760"}],"replies":[{"embeddable":true,"href":"https:\/\/www.bvbs.de\/en\/wp-json\/wp\/v2\/comments?post=22202"}],"version-history":[{"count":0,"href":"https:\/\/www.bvbs.de\/en\/wp-json\/wp\/v2\/pages\/22202\/revisions"}],"wp:attachment":[{"href":"https:\/\/www.bvbs.de\/en\/wp-json\/wp\/v2\/media?parent=22202"}],"curies":[{"name":"wp","href":"https:\/\/api.w.org\/{rel}","templated":true}]}}