{"id":2342,"date":"2018-07-13T11:58:31","date_gmt":"2018-07-13T09:58:31","guid":{"rendered":"https:\/\/www.bvbs.de\/?page_id=2342"},"modified":"2025-07-10T20:28:35","modified_gmt":"2025-07-10T18:28:35","slug":"hottgenroth-software","status":"publish","type":"page","link":"https:\/\/www.bvbs.de\/en\/hottgenroth-software\/","title":{"rendered":"Hott\u00adgen\u00adroth Soft\u00adware&nbsp;AG"},"content":{"rendered":"<p>[et_pb_section fb_built=&#8220;1&#8243; fullwidth=&#8220;on&#8220; _builder_version=&#8220;4.16&#8243; global_colors_info=&#8220;{}&#8220;][et_pb_fullwidth_slider _builder_version=&#8220;4.16&#8243; body_font=&#8220;||||||||&#8220; background_image=&#8220;https:\/\/www.bvbs.de\/wp-content\/uploads\/2021\/02\/mitglieder-bg.jpg&#8220; global_colors_info=&#8220;{}&#8220; button_text_size__hover_enabled=&#8220;off&#8220; button_one_text_size__hover_enabled=&#8220;off&#8220; button_two_text_size__hover_enabled=&#8220;off&#8220; button_text_color__hover_enabled=&#8220;off&#8220; button_one_text_color__hover_enabled=&#8220;off&#8220; button_two_text_color__hover_enabled=&#8220;off&#8220; button_border_width__hover_enabled=&#8220;off&#8220; button_one_border_width__hover_enabled=&#8220;off&#8220; button_two_border_width__hover_enabled=&#8220;off&#8220; button_border_color__hover_enabled=&#8220;off&#8220; button_one_border_color__hover_enabled=&#8220;off&#8220; button_two_border_color__hover_enabled=&#8220;off&#8220; button_border_radius__hover_enabled=&#8220;off&#8220; button_one_border_radius__hover_enabled=&#8220;off&#8220; button_two_border_radius__hover_enabled=&#8220;off&#8220; button_letter_spacing__hover_enabled=&#8220;off&#8220; button_one_letter_spacing__hover_enabled=&#8220;off&#8220; button_two_letter_spacing__hover_enabled=&#8220;off&#8220; button_bg_color__hover_enabled=&#8220;off&#8220; button_one_bg_color__hover_enabled=&#8220;off&#8220; button_two_bg_color__hover_enabled=&#8220;off&#8220;][et_pb_slide heading=&#8220;Hottgenroth Software AG&#8220; _builder_version=&#8220;4.16&#8243; header_font=&#8220;Roboto|700|||||||&#8220; body_font=&#8220;Roboto||||||||&#8220; background_color=&#8220;#ffffff&#8220; global_colors_info=&#8220;{}&#8220; button_text_size__hover_enabled=&#8220;off&#8220; button_one_text_size__hover_enabled=&#8220;off&#8220; button_two_text_size__hover_enabled=&#8220;off&#8220; button_text_color__hover_enabled=&#8220;off&#8220; button_one_text_color__hover_enabled=&#8220;off&#8220; button_two_text_color__hover_enabled=&#8220;off&#8220; button_border_width__hover_enabled=&#8220;off&#8220; button_one_border_width__hover_enabled=&#8220;off&#8220; button_two_border_width__hover_enabled=&#8220;off&#8220; button_border_color__hover_enabled=&#8220;off&#8220; button_one_border_color__hover_enabled=&#8220;off&#8220; button_two_border_color__hover_enabled=&#8220;off&#8220; button_border_radius__hover_enabled=&#8220;off&#8220; button_one_border_radius__hover_enabled=&#8220;off&#8220; button_two_border_radius__hover_enabled=&#8220;off&#8220; button_letter_spacing__hover_enabled=&#8220;off&#8220; button_one_letter_spacing__hover_enabled=&#8220;off&#8220; button_two_letter_spacing__hover_enabled=&#8220;off&#8220; button_bg_color__hover_enabled=&#8220;off&#8220; button_one_bg_color__hover_enabled=&#8220;off&#8220; button_two_bg_color__hover_enabled=&#8220;off&#8220; sticky_transition=&#8220;on&#8220;]BVBS Mitgliedsunternehmen<br \/>\n[\/et_pb_slide][\/et_pb_fullwidth_slider][\/et_pb_section][et_pb_section fb_built=&#8220;1&#8243; _builder_version=&#8220;4.16&#8243; global_colors_info=&#8220;{}&#8220;][et_pb_row column_structure=&#8220;1_3,2_3&#8243; _builder_version=&#8220;4.16&#8243; custom_padding=&#8220;27px|0px|50px|0px&#8220; border_width_bottom=&#8220;1px&#8220; border_color_bottom=&#8220;rgba(51,51,51,0.18)&#8220; global_colors_info=&#8220;{}&#8220;][et_pb_column type=&#8220;1_3&#8243; _builder_version=&#8220;4.16&#8243; custom_padding=&#8220;|||&#8220; global_colors_info=&#8220;{}&#8220; custom_padding__hover=&#8220;|||&#8220;][et_pb_text _builder_version=&#8220;4.16&#8243; text_font=&#8220;Roboto|700|||||||&#8220; text_text_color=&#8220;#696666&#8243; text_font_size=&#8220;40px&#8220; global_colors_info=&#8220;{}&#8220;]Allgemeines<br \/>\n[\/et_pb_text][\/et_pb_column][et_pb_column type=&#8220;2_3&#8243; _builder_version=&#8220;4.16&#8243; custom_padding=&#8220;|||&#8220; global_colors_info=&#8220;{}&#8220; custom_padding__hover=&#8220;|||&#8220;][et_pb_text _builder_version=&#8220;4.16&#8243; global_colors_info=&#8220;{}&#8220;]<\/p>\n<div id=\"mitglied-unternehmensdarstellung-225\" class=\"mod_article zweispaltig bottomLineOn block\">\n<div class=\"ce_text block\">\n<p>Die Hottgenroth Gruppe entwickelt kaufm\u00e4nnische, technische und CAD-Software sowie Internetanwendungen f\u00fcr die Bereiche Energieeffizienz, Bauhaupt- und Nebengewerbe sowie haustechnische Planung und Auslegung. Die Programme richten sich an Planer, Architekten, Handwerker und Handelsunternehmen. Wenn es um die energetische Geb\u00e4udeplanung geht, ist das Programm \u201eEnergieberater\u201c zu einem wichtigen Hilfsmittel f\u00fcr Planer, Bauherren und Handwerksbetriebe geworden. Viele Entwicklungen und Softwareaktualisierungen des Unternehmens zielen darauf ab, Arbeitszeit effektiver nutzbar zu machen.<\/p>\n<p>Intelligenter Datenaustausch zwischen Programmen: die Grundlage hierf\u00fcr bildet das einheitliche Datenmodell mit CAD als Kern der Programme. Im CAD erfasste Daten k\u00f6nnen somit f\u00fcr jede Software mit Datenaustauschm\u00f6glichkeit verwendet werden. Vorteil: einmal erfassen \u2013 mehrmals nutzen. F\u00fcr die Zukunft sieht die Hottgenroth Gruppe die Entwicklung und Aktualisierung von Produkten in Hinblick auf aktuelle Technologie-Trends als die entscheidende Aufgabe. Abgestimmt auf die individuellen Bed\u00fcrfnisse der Kunden soll diesen geholfen werden, ihre Arbeitszeit effizienter zu nutzen und damit Wettbewerbsf\u00e4higkeit und wirtschaftlichen Erfolg zu steigern.<\/p>\n<\/div>\n<\/div>\n<p>[\/et_pb_text][\/et_pb_column][\/et_pb_row][et_pb_row column_structure=&#8220;1_3,2_3&#8243; _builder_version=&#8220;4.16&#8243; custom_padding=&#8220;50px|0px|50px|1px&#8220; border_width_bottom=&#8220;1px&#8220; border_color_bottom=&#8220;rgba(51,51,51,0.18)&#8220; global_colors_info=&#8220;{}&#8220;][et_pb_column type=&#8220;1_3&#8243; _builder_version=&#8220;4.16&#8243; custom_padding=&#8220;|||&#8220; global_colors_info=&#8220;{}&#8220; custom_padding__hover=&#8220;|||&#8220;][et_pb_text _builder_version=&#8220;4.16&#8243; text_font=&#8220;Roboto|700|||||||&#8220; text_text_color=&#8220;#696666&#8243; text_font_size=&#8220;40px&#8220; global_colors_info=&#8220;{}&#8220;]Produkte<br \/>\n[\/et_pb_text][\/et_pb_column][et_pb_column type=&#8220;2_3&#8243; _builder_version=&#8220;4.16&#8243; custom_padding=&#8220;|||&#8220; global_colors_info=&#8220;{}&#8220; custom_padding__hover=&#8220;|||&#8220;][et_pb_text _builder_version=&#8220;4.27.3&#8243; global_colors_info=&#8220;{}&#8220;]<\/p>\n<p><a href=\"https:\/\/www.hottgenroth.de\/M\/SOFTWARE\/PVEnergieNachweise\/Energieberater\/Versionsuebersicht\/Seite.html,211988,171861?utm_source=bvbs-firmeneintrag&amp;utm_medium=eb-wohnen-u-ebwohnen-gewerbe-von-bvbs&amp;utm_campaign=produktwerbung\" target=\"_blank\" rel=\"noopener noreferrer\"><strong>Energieberater Wohnen und Energieberater Wohnen und Gewerbe<\/strong><\/a><br \/>Energetische Planung und Bewertung von Wohn- und Nichtwohngeb\u00e4uden bis hin zur unkomplizierten Energieausweiserstellung<\/p>\n<p><a href=\"https:\/\/www.hottgenroth.de\/M\/SOFTWARE\/HKLS-Planungssoftware\/Heizung\/TGA-Heizung\/Seite.html,209992,80399?utm_source=bvbs-firmeneintrag&amp;utm_medium=tga-heizung-von-bvbs&amp;utm_campaign=produktwerbung\" target=\"_blank\" rel=\"noopener noreferrer\"><strong>TGA Heizung\u00a0<\/strong><\/a><br \/>CAD-Software zur Berechnung der Heizlast nach der DIN\/TS 12831-1:2020-04 inkl. Auslegung von Heizk\u00f6rpern und Fu\u00dfbodenheizung. <strong>NEU<\/strong>: Inkl. Wand- und Deckenheizungsmodul!<\/p>\n<p><a href=\"https:\/\/www.hottgenroth.de\/landing-page\/Hott-KI\/hott-cad-mit-ki-unterstuetzung.html?utm_source=bvbs-firmeneintrag&amp;utm_medium=hottcad-mit-ki-unterstuetzung-von-bvbs&amp;utm_campaign=produktwerbung\" target=\"_blank\" rel=\"noopener noreferrer\"><strong>HottCAD \u2013 Ihre CAD mit KI-Unterst\u00fctzung<\/strong><\/a><br \/>Hott-KI ist speziell entwickelt worden, um aus 2D-Grundrisspl\u00e4nen, sei es durch Fotos oder Scans, pr\u00e4zise 3D-Etagenmodelle zu generieren.<\/p>\n<p><a href=\"https:\/\/www.hottgenroth.de\/landing-page\/Software-Oekobilanzierung\/ECO-CAD.html?utm_source=bvbs-firmeneintrag&amp;utm_medium=ecocad-von-bvbs&amp;utm_campaign=produktwerbung\" target=\"_blank\" rel=\"noopener noreferrer\"><strong>ECO-CAD<\/strong><\/a><br \/>Das Tool f\u00fcr die \u00d6kobilanzierung: Bilanzierungen zur Beantragung des Qualit\u00e4tssiegels Nachhaltiges Geb\u00e4ude (QNG) und den damit verbundenen F\u00f6rderungen, wie z. B. die NH-Klasse<\/p>\n<p><a href=\"https:\/\/www.hottgenroth.de\/landing-page\/PV-Pakete\/PV.html?utm_source=bvbs-firmeneintrag&amp;utm_medium=photovoltaik-von-bvbs&amp;utm_campaign=produktwerbung\" target=\"_blank\" rel=\"noopener noreferrer\"><strong>Photovoltaik \u2013 Unabh\u00e4ngig planen und auslegen<\/strong><\/a><br \/>3D-Modell-basierte Software zur Planung, Beratung und Auslegung von Photovoltaik-Anlagen<\/p>\n<p><a href=\"https:\/\/www.hottgenroth.de\/landing-page\/3D-Projektviewer\/HottConnect.html?utm_source=bvbs-firmeneintrag&amp;utm_medium=hottconnect-von-bvbs&amp;utm_campaign=produktwerbung\" target=\"_blank\" rel=\"noopener noreferrer\"><strong>HottConnect<\/strong><\/a><br \/>Die perfekte L\u00f6sung f\u00fcr Beratung, Baubegleitung, Handwerk und ausf\u00fchrende Gewerke. Jederzeit ist der Zugriff mittels mobiler Endger\u00e4te auf geladene Projektdaten m\u00f6glich.<\/p>\n<p><a href=\"https:\/\/www.hottgenroth.de\/landing-page\/Elektro\/HottCAD-E.html?utm_source=bvbs-firmeneintrag&amp;utm_medium=hottcad-e-von-bvbs&amp;utm_campaign=produktwerbung\" target=\"_blank\" rel=\"noopener noreferrer\"><strong>HottCAD E<\/strong><\/a><br \/>Einfache 3D-Grundrisserstellung, schnelle Planung von Elektrobauteilen oder Photovoltaik, normgerechte Umsetzung der B\u00fcroorganisation<\/p>\n<p><a href=\"https:\/\/www.hottgenroth.de\/landing-page\/Software_Beratung_Planung_Ausfuehrung\/ETU-Planer_RUKON.html?utm_source=bvbs-firmeneintrag&amp;utm_medium=etu-planer-von-bvbs&amp;utm_campaign=produktwerbung\" target=\"_blank\" rel=\"noopener noreferrer\"><strong>ETU-Planer<\/strong><\/a><br \/>Beratung bei Bauvorhaben und Sanierungen, normsichere Planung und Berechnung von HKLS-Systemen sowie PV-Anlagen von der Vorplanung \u00fcber die Ausf\u00fchrungsplanung bis zur Bestandsanalyse, Ausf\u00fchrung mithilfe von Kollisionspr\u00fcfungen und detaillierten Darstellungen<\/p>\n<p><a href=\"https:\/\/www.hottgenroth.de\/landing-page\/Hottgenroth%20Apps\/hottgenroth%20apps.html?utm_source=bvbs-firmeneintrag&amp;utm_medium=hottgenroth-app-highlights-von-bvbs&amp;utm_campaign=produktwerbung\" target=\"_blank\" rel=\"noopener noreferrer\"><strong>Unsere Apps<\/strong><\/a><br \/>HottConnect: Der mobile 3D-Viewer, Optimus App: Erfassung f\u00fcr den hydraulischen Abgleich, Simple Measure: Aufma\u00dfe direkt per Smartphone\/Tablet erstellen, Kaufmann-App: Mobile Zeiterfassung<\/p>\n<p><a href=\"https:\/\/www.youtube.com\/watch?v=Um-ecTzaJCQ\" target=\"_blank\" rel=\"noopener\"><strong>Neu: Optimus-App mit LiDAR-Scan-Funktion<\/strong><\/a><br \/>F\u00fcr eine schnelle und pr\u00e4zise Raumvermessung: Mit einem Apple Pro-Ger\u00e4t lassen sich R\u00e4ume in Echtzeit erfassen und als exaktes 3D-Modell direkt in die App integrieren. Dies schafft eine digitale Grundlage f\u00fcr die Heizungsplanung und erleichtert sowohl die Heizlastberechnung als auch den hydraulischen Abgleich. Die Optimus-App sorgt f\u00fcr eine nahtlose Daten\u00fcbertragung in die dazugeh\u00f6rige Software, was die Arbeit effizienter und zeitsparender macht.<\/p>\n<p>[\/et_pb_text][\/et_pb_column][\/et_pb_row][et_pb_row column_structure=&#8220;1_3,1_3,1_3&#8243; _builder_version=&#8220;4.16&#8243; custom_padding=&#8220;50px|0px|27px|0px&#8220; global_colors_info=&#8220;{}&#8220;][et_pb_column type=&#8220;1_3&#8243; _builder_version=&#8220;4.16&#8243; custom_padding=&#8220;|||&#8220; global_colors_info=&#8220;{}&#8220; custom_padding__hover=&#8220;|||&#8220;][et_pb_text _builder_version=&#8220;4.16&#8243; text_font=&#8220;Roboto|700|||||||&#8220; text_text_color=&#8220;#696666&#8243; text_font_size=&#8220;40px&#8220; global_colors_info=&#8220;{}&#8220;]Kontakt<br \/>\n[\/et_pb_text][\/et_pb_column][et_pb_column type=&#8220;1_3&#8243; _builder_version=&#8220;4.16&#8243; custom_padding=&#8220;|||&#8220; global_colors_info=&#8220;{}&#8220; custom_padding__hover=&#8220;|||&#8220;][et_pb_text _builder_version=&#8220;4.16&#8243; custom_margin=&#8220;|||&#8220; custom_padding=&#8220;|||&#8220; global_colors_info=&#8220;{}&#8220;]<\/p>\n<div>\n<p><strong>Hottgenroth Software AG<\/strong><br \/>\nVon-H\u00fcnefeld-Stra\u00dfe 3<br \/>\nD-50829 K\u00f6ln<\/p>\n<p>Telefon: +49\u00a0221-70993300<\/p>\n<p>E-Mail:\u00a0 <a href=\"mailto:info@hottgenroth.de\">info@hottgenroth.de<\/a><br \/>\nInternet: <a href=\"http:\/\/www.hottgenroth.de\/\" target=\"_blank\" rel=\"noopener noreferrer\">www.hottgenroth.de<\/a><\/p>\n<\/div>\n<p>[\/et_pb_text][\/et_pb_column][et_pb_column type=&#8220;1_3&#8243; _builder_version=&#8220;4.16&#8243; custom_padding=&#8220;|||&#8220; global_colors_info=&#8220;{}&#8220; custom_padding__hover=&#8220;|||&#8220;][et_pb_image src=&#8220;https:\/\/www.bvbs.de\/wp-content\/uploads\/2024\/09\/Logo_Hottgenroth_202410.png&#8220; align_tablet=&#8220;center&#8220; align_phone=&#8220;center&#8220; align_last_edited=&#8220;on|desktop&#8220; _builder_version=&#8220;4.16&#8243; max_width=&#8220;80%&#8220; max_width_tablet=&#8220;80px&#8220; max_width_phone=&#8220;80px&#8220; max_width_last_edited=&#8220;on|tablet&#8220; global_colors_info=&#8220;{}&#8220;]\u00a0<br \/>\n[\/et_pb_image][\/et_pb_column][\/et_pb_row][\/et_pb_section]<\/p>\n","protected":false},"excerpt":{"rendered":"<p>BVBS Mitgliedsunternehmen Allgemeines Die Hottgenroth Gruppe entwickelt kaufm\u00e4nnische, technische und CAD-Software sowie Internetanwendungen f\u00fcr die Bereiche Energieeffizienz, Bauhaupt- und Nebengewerbe sowie haustechnische Planung und Auslegung. Die Programme richten sich an Planer, Architekten, Handwerker und Handelsunternehmen. Wenn es um die energetische Geb\u00e4udeplanung geht, ist das Programm \u201eEnergieberater\u201c zu einem wichtigen Hilfsmittel f\u00fcr Planer, Bauherren und Handwerksbetriebe [&hellip;]<\/p>\n","protected":false},"author":760,"featured_media":0,"parent":0,"menu_order":0,"comment_status":"closed","ping_status":"closed","template":"","meta":{"_et_pb_use_builder":"on","_et_pb_old_content":"","_et_gb_content_width":"","wp_typography_post_enhancements_disabled":false,"footnotes":""},"class_list":["post-2342","page","type-page","status-publish","hentry"],"yoast_head":"<!-- This site is optimized with the Yoast SEO plugin v26.1.1 - https:\/\/yoast.com\/wordpress\/plugins\/seo\/ -->\r\n<title>Hottgenroth Software AG - BVBS Bundesverband Software und Digitalisierung im Bauwesen e.V.<\/title>\r\n<meta name=\"robots\" content=\"index, follow, max-snippet:-1, max-image-preview:large, max-video-preview:-1\" \/>\r\n<link rel=\"canonical\" href=\"https:\/\/www.bvbs.de\/en\/hottgenroth-software\/\" \/>\r\n<meta property=\"og:locale\" content=\"en_GB\" \/>\r\n<meta property=\"og:type\" content=\"article\" \/>\r\n<meta property=\"og:title\" content=\"Hottgenroth Software AG - BVBS Bundesverband Software und Digitalisierung im Bauwesen e.V.\" \/>\r\n<meta property=\"og:description\" content=\"BVBS Mitgliedsunternehmen Allgemeines Die Hottgenroth Gruppe entwickelt kaufm\u00e4nnische, technische und CAD-Software sowie Internetanwendungen f\u00fcr die Bereiche Energieeffizienz, Bauhaupt- und Nebengewerbe sowie haustechnische Planung und Auslegung. Die Programme richten sich an Planer, Architekten, Handwerker und Handelsunternehmen. Wenn es um die energetische Geb\u00e4udeplanung geht, ist das Programm \u201eEnergieberater\u201c zu einem wichtigen Hilfsmittel f\u00fcr Planer, Bauherren und Handwerksbetriebe [&hellip;]\" \/>\r\n<meta property=\"og:url\" content=\"https:\/\/www.bvbs.de\/en\/hottgenroth-software\/\" \/>\r\n<meta property=\"og:site_name\" content=\"BVBS Bundesverband Software und Digitalisierung im Bauwesen e.V.\" \/>\r\n<meta property=\"article:modified_time\" content=\"2025-07-10T18:28:35+00:00\" \/>\r\n<meta name=\"twitter:card\" content=\"summary_large_image\" \/>\r\n<meta name=\"twitter:label1\" content=\"Estimated reading time\" \/>\n\t<meta name=\"twitter:data1\" content=\"6 minutes\" \/>\r\n<script type=\"application\/ld+json\" class=\"yoast-schema-graph\">{\"@context\":\"https:\/\/schema.org\",\"@graph\":[{\"@type\":\"WebPage\",\"@id\":\"https:\/\/www.bvbs.de\/hottgenroth-software\/\",\"url\":\"https:\/\/www.bvbs.de\/hottgenroth-software\/\",\"name\":\"Hottgenroth Software AG - BVBS Bundesverband Software und Digitalisierung im Bauwesen e.V.\",\"isPartOf\":{\"@id\":\"https:\/\/www.bvbs.de\/#website\"},\"datePublished\":\"2018-07-13T09:58:31+00:00\",\"dateModified\":\"2025-07-10T18:28:35+00:00\",\"breadcrumb\":{\"@id\":\"https:\/\/www.bvbs.de\/hottgenroth-software\/#breadcrumb\"},\"inLanguage\":\"en-GB\",\"potentialAction\":[{\"@type\":\"ReadAction\",\"target\":[\"https:\/\/www.bvbs.de\/hottgenroth-software\/\"]}]},{\"@type\":\"BreadcrumbList\",\"@id\":\"https:\/\/www.bvbs.de\/hottgenroth-software\/#breadcrumb\",\"itemListElement\":[{\"@type\":\"ListItem\",\"position\":1,\"name\":\"Startseite\",\"item\":\"https:\/\/www.bvbs.de\/\"},{\"@type\":\"ListItem\",\"position\":2,\"name\":\"Hottgenroth Software AG\"}]},{\"@type\":\"WebSite\",\"@id\":\"https:\/\/www.bvbs.de\/#website\",\"url\":\"https:\/\/www.bvbs.de\/\",\"name\":\"BVBS Bundesverband Software und Digitalisierung im Bauwesen e.V.\",\"description\":\"\",\"publisher\":{\"@id\":\"https:\/\/www.bvbs.de\/#organization\"},\"potentialAction\":[{\"@type\":\"SearchAction\",\"target\":{\"@type\":\"EntryPoint\",\"urlTemplate\":\"https:\/\/www.bvbs.de\/?s={search_term_string}\"},\"query-input\":{\"@type\":\"PropertyValueSpecification\",\"valueRequired\":true,\"valueName\":\"search_term_string\"}}],\"inLanguage\":\"en-GB\"},{\"@type\":\"Organization\",\"@id\":\"https:\/\/www.bvbs.de\/#organization\",\"name\":\"BVBS Bundesverband Software und Digitalisierung im Bauwesen\",\"url\":\"https:\/\/www.bvbs.de\/\",\"logo\":{\"@type\":\"ImageObject\",\"inLanguage\":\"en-GB\",\"@id\":\"https:\/\/www.bvbs.de\/#\/schema\/logo\/image\/\",\"url\":\"https:\/\/www.bvbs.de\/wp-content\/uploads\/2024\/01\/cropped-favicon-bvbs.png\",\"contentUrl\":\"https:\/\/www.bvbs.de\/wp-content\/uploads\/2024\/01\/cropped-favicon-bvbs.png\",\"width\":512,\"height\":512,\"caption\":\"BVBS Bundesverband Software und Digitalisierung im Bauwesen\"},\"image\":{\"@id\":\"https:\/\/www.bvbs.de\/#\/schema\/logo\/image\/\"}}]}<\/script>\r\n<!-- \/ Yoast SEO plugin. -->","yoast_head_json":{"title":"Hott\u00adgen\u00adroth Soft\u00adware AG \u2014 BVBS Bun\u00addes\u00adver\u00adband Soft\u00adware und Digi\u00adta\u00adli\u00adsie\u00adrung im Bau\u00adwe\u00adsen e.V.","robots":{"index":"index","follow":"follow","max-snippet":"max-snippet:-1","max-image-preview":"max-image-preview:large","max-video-preview":"max-video-preview:-1"},"canonical":"https:\/\/www.bvbs.de\/en\/hottgenroth-software\/","og_locale":"en_GB","og_type":"article","og_title":"Hottgenroth Software AG - BVBS Bundesverband Software und Digitalisierung im Bauwesen e.V.","og_description":"BVBS Mitgliedsunternehmen Allgemeines Die Hottgenroth Gruppe entwickelt kaufm\u00e4nnische, technische und CAD-Software sowie Internetanwendungen f\u00fcr die Bereiche Energieeffizienz, Bauhaupt- und Nebengewerbe sowie haustechnische Planung und Auslegung. Die Programme richten sich an Planer, Architekten, Handwerker und Handelsunternehmen. Wenn es um die energetische Geb\u00e4udeplanung geht, ist das Programm \u201eEnergieberater\u201c zu einem wichtigen Hilfsmittel f\u00fcr Planer, Bauherren und Handwerksbetriebe [&hellip;]","og_url":"https:\/\/www.bvbs.de\/en\/hottgenroth-software\/","og_site_name":"BVBS Bundesverband Software und Digitalisierung im Bauwesen e.V.","article_modified_time":"2025-07-10T18:28:35+00:00","twitter_card":"summary_large_image","twitter_misc":{"Estimated reading time":"6 minutes"},"schema":{"@context":"https:\/\/schema.org","@graph":[{"@type":"WebPage","@id":"https:\/\/www.bvbs.de\/hottgenroth-software\/","url":"https:\/\/www.bvbs.de\/hottgenroth-software\/","name":"Hott\u00adgen\u00adroth Soft\u00adware AG \u2014 BVBS Bun\u00addes\u00adver\u00adband Soft\u00adware und Digi\u00adta\u00adli\u00adsie\u00adrung im Bau\u00adwe\u00adsen e.V.","isPartOf":{"@id":"https:\/\/www.bvbs.de\/#website"},"datePublished":"2018-07-13T09:58:31+00:00","dateModified":"2025-07-10T18:28:35+00:00","breadcrumb":{"@id":"https:\/\/www.bvbs.de\/hottgenroth-software\/#breadcrumb"},"inLanguage":"en-GB","potentialAction":[{"@type":"ReadAction","target":["https:\/\/www.bvbs.de\/hottgenroth-software\/"]}]},{"@type":"BreadcrumbList","@id":"https:\/\/www.bvbs.de\/hottgenroth-software\/#breadcrumb","itemListElement":[{"@type":"ListItem","position":1,"name":"Startseite","item":"https:\/\/www.bvbs.de\/"},{"@type":"ListItem","position":2,"name":"Hottgenroth Software AG"}]},{"@type":"WebSite","@id":"https:\/\/www.bvbs.de\/#website","url":"https:\/\/www.bvbs.de\/","name":"BVBS Bun\u00addes\u00adver\u00adband Soft\u00adware und Digi\u00adta\u00adli\u00adsie\u00adrung im Bau\u00adwe\u00adsen e.V.","description":"","publisher":{"@id":"https:\/\/www.bvbs.de\/#organization"},"potentialAction":[{"@type":"SearchAction","target":{"@type":"EntryPoint","urlTemplate":"https:\/\/www.bvbs.de\/?s={search_term_string}"},"query-input":{"@type":"PropertyValueSpecification","valueRequired":true,"valueName":"search_term_string"}}],"inLanguage":"en-GB"},{"@type":"Organization","@id":"https:\/\/www.bvbs.de\/#organization","name":"BVBS Bun\u00addes\u00adver\u00adband Soft\u00adware und Digi\u00adta\u00adli\u00adsie\u00adrung im Bauwesen","url":"https:\/\/www.bvbs.de\/","logo":{"@type":"ImageObject","inLanguage":"en-GB","@id":"https:\/\/www.bvbs.de\/#\/schema\/logo\/image\/","url":"https:\/\/www.bvbs.de\/wp-content\/uploads\/2024\/01\/cropped-favicon-bvbs.png","contentUrl":"https:\/\/www.bvbs.de\/wp-content\/uploads\/2024\/01\/cropped-favicon-bvbs.png","width":512,"height":512,"caption":"BVBS Bundesverband Software und Digitalisierung im Bauwesen"},"image":{"@id":"https:\/\/www.bvbs.de\/#\/schema\/logo\/image\/"}}]}},"_links":{"self":[{"href":"https:\/\/www.bvbs.de\/en\/wp-json\/wp\/v2\/pages\/2342","targetHints":{"allow":["GET"]}}],"collection":[{"href":"https:\/\/www.bvbs.de\/en\/wp-json\/wp\/v2\/pages"}],"about":[{"href":"https:\/\/www.bvbs.de\/en\/wp-json\/wp\/v2\/types\/page"}],"author":[{"embeddable":true,"href":"https:\/\/www.bvbs.de\/en\/wp-json\/wp\/v2\/users\/760"}],"replies":[{"embeddable":true,"href":"https:\/\/www.bvbs.de\/en\/wp-json\/wp\/v2\/comments?post=2342"}],"version-history":[{"count":0,"href":"https:\/\/www.bvbs.de\/en\/wp-json\/wp\/v2\/pages\/2342\/revisions"}],"wp:attachment":[{"href":"https:\/\/www.bvbs.de\/en\/wp-json\/wp\/v2\/media?parent=2342"}],"curies":[{"name":"wp","href":"https:\/\/api.w.org\/{rel}","templated":true}]}}