{"id":2362,"date":"2018-07-15T19:55:14","date_gmt":"2018-07-15T17:55:14","guid":{"rendered":"https:\/\/www.bvbs.de\/?page_id=2362"},"modified":"2025-07-10T20:58:20","modified_gmt":"2025-07-10T18:58:20","slug":"weka-media","status":"publish","type":"page","link":"https:\/\/www.bvbs.de\/en\/weka-media\/","title":{"rendered":"WEKA MEDIA GmbH &amp; Co.&nbsp;KG"},"content":{"rendered":"<p>[et_pb_section fb_built=&#8220;1&#8243; fullwidth=&#8220;on&#8220; _builder_version=&#8220;4.16&#8243; global_colors_info=&#8220;{}&#8220;][et_pb_fullwidth_slider _builder_version=&#8220;4.16&#8243; header_font=&#8220;Roboto|700|||||||&#8220; body_font=&#8220;Roboto||||||||&#8220; global_colors_info=&#8220;{}&#8220; button_text_size__hover_enabled=&#8220;off&#8220; button_one_text_size__hover_enabled=&#8220;off&#8220; button_two_text_size__hover_enabled=&#8220;off&#8220; button_text_color__hover_enabled=&#8220;off&#8220; button_one_text_color__hover_enabled=&#8220;off&#8220; button_two_text_color__hover_enabled=&#8220;off&#8220; button_border_width__hover_enabled=&#8220;off&#8220; button_one_border_width__hover_enabled=&#8220;off&#8220; button_two_border_width__hover_enabled=&#8220;off&#8220; button_border_color__hover_enabled=&#8220;off&#8220; button_one_border_color__hover_enabled=&#8220;off&#8220; button_two_border_color__hover_enabled=&#8220;off&#8220; button_border_radius__hover_enabled=&#8220;off&#8220; button_one_border_radius__hover_enabled=&#8220;off&#8220; button_two_border_radius__hover_enabled=&#8220;off&#8220; button_letter_spacing__hover_enabled=&#8220;off&#8220; button_one_letter_spacing__hover_enabled=&#8220;off&#8220; button_two_letter_spacing__hover_enabled=&#8220;off&#8220; button_bg_color__hover_enabled=&#8220;off&#8220; button_one_bg_color__hover_enabled=&#8220;off&#8220; button_two_bg_color__hover_enabled=&#8220;off&#8220;][et_pb_slide heading=&#8220;WEKA MEDIA GmbH &#038; Co. KG&#8220; use_bg_overlay=&#8220;off&#8220; use_text_overlay=&#8220;off&#8220; _builder_version=&#8220;4.16&#8243; background_color=&#8220;#ffffff&#8220; background_image=&#8220;https:\/\/www.bvbs.de\/wp-content\/uploads\/2021\/02\/mitglieder-bg.jpg&#8220; button_on_hover=&#8220;on&#8220; global_colors_info=&#8220;{}&#8220; sticky_transition=&#8220;on&#8220; button_text_size__hover_enabled=&#8220;off&#8220; button_one_text_size__hover_enabled=&#8220;off&#8220; button_two_text_size__hover_enabled=&#8220;off&#8220; button_text_color__hover_enabled=&#8220;off&#8220; button_one_text_color__hover_enabled=&#8220;off&#8220; button_two_text_color__hover_enabled=&#8220;off&#8220; button_border_width__hover_enabled=&#8220;off&#8220; button_one_border_width__hover_enabled=&#8220;off&#8220; button_two_border_width__hover_enabled=&#8220;off&#8220; button_border_color__hover_enabled=&#8220;off&#8220; button_one_border_color__hover_enabled=&#8220;off&#8220; button_two_border_color__hover_enabled=&#8220;off&#8220; button_border_radius__hover_enabled=&#8220;off&#8220; button_one_border_radius__hover_enabled=&#8220;off&#8220; button_two_border_radius__hover_enabled=&#8220;off&#8220; button_letter_spacing__hover_enabled=&#8220;off&#8220; button_one_letter_spacing__hover_enabled=&#8220;off&#8220; button_two_letter_spacing__hover_enabled=&#8220;off&#8220; button_bg_color__hover_enabled=&#8220;off&#8220; button_one_bg_color__hover_enabled=&#8220;off&#8220; button_two_bg_color__hover_enabled=&#8220;off&#8220;]BVBS Mitgliedsunternehmen<br \/>\n[\/et_pb_slide][\/et_pb_fullwidth_slider][\/et_pb_section][et_pb_section fb_built=&#8220;1&#8243; _builder_version=&#8220;4.16&#8243; global_colors_info=&#8220;{}&#8220;][et_pb_row _builder_version=&#8220;4.16&#8243; custom_padding=&#8220;27px|0px|50px|0&#8243; border_width_bottom=&#8220;1px&#8220; border_color_bottom=&#8220;rgba(51,51,51,0.18)&#8220; global_colors_info=&#8220;{}&#8220; column_structure=&#8220;1_3,2_3&#8243;][et_pb_column type=&#8220;1_3&#8243; _builder_version=&#8220;4.16&#8243; custom_padding=&#8220;|||&#8220; global_colors_info=&#8220;{}&#8220; custom_padding__hover=&#8220;|||&#8220;][et_pb_text _builder_version=&#8220;4.16&#8243; text_font=&#8220;Roboto|700|||||||&#8220; text_text_color=&#8220;#696666&#8243; text_font_size=&#8220;40px&#8220; global_colors_info=&#8220;{}&#8220;]Allgemeines<br \/>\n[\/et_pb_text][\/et_pb_column][et_pb_column type=&#8220;2_3&#8243; _builder_version=&#8220;4.16&#8243; custom_padding=&#8220;|||&#8220; global_colors_info=&#8220;{}&#8220; custom_padding__hover=&#8220;|||&#8220;][et_pb_text _builder_version=&#8220;4.16&#8243; text_font=&#8220;||||||||&#8220; global_colors_info=&#8220;{}&#8220;]<\/p>\n<p>Die WEKA MEDIA GmbH &#038; Co. KG ist einer der f\u00fchrenden Anbieter von Fachinformations- und Softwarel\u00f6sungen. Wir bieten thematisch breit gef\u00e4cherte, praxisorientierte L\u00f6sungen f\u00fcr die t\u00e4gliche Arbeit im Business-to-Business- und Business-to-Government-Bereich an. Im Bereich Handwerk &#038; Bauunternehmen ist WEKA mit der B\u00fcrokomplettl\u00f6sung Handwerksb\u00fcro einer der f\u00fchrenden Anbieter am Markt. F\u00fcr Architekten und Ingenieure werden L\u00f6sungen im Bereich der Ausschreibung, Honorarberechnung oder Baudokumentation angeboten.<\/p>\n<p>Mit SIRADOS widmet sich WEKA seit 1984 der Dokumentation von Baupreisen in Deutschland Neben der Preisdokumentation werden Ausschreibungstexte, Bauelemente und technische Vertragsbedingungen erarbeitet und in gedruckter und digitaler Form publiziert. SIRADOS Produkte vereinen die Vorteile von aktuellen Marktpreisen mit VOB-konformen Leistungsbeschreibungen und DIN-konformen Bauelementen. Damit unterst\u00fctzt SIRADOS alle am Bau Beteiligten mit hochwertigen Baudaten f\u00fcr jede Planungs- und Realisierungsphase. Einsatz finden SIRADOS-Baudaten v.a. in Software f\u00fcr Kostenplanung, Ausschreibung, Kalkulation und anderen bauspezifischen Anwendungen. Dabei werden sie im Wesentlichen zur Kostensch\u00e4tzung, Ausschreibung und Kalkulation in Architektur-\/Planungsb\u00fcros und Bauunternehmen genutzt. Alle Softwareh\u00e4user, die in Deutschland Architektur- oder Unternehmer\/Handwerker-Software entwickeln, verf\u00fcgen \u00fcber Schnittstellen zu SIRADOS und gew\u00e4hrleisten eine unkomplizierte Einbindung als Stammdatenbank.\u00a0<\/p>\n<p>\u00a0<\/p>\n<p>[\/et_pb_text][\/et_pb_column][\/et_pb_row][et_pb_row _builder_version=&#8220;4.16&#8243; custom_padding=&#8220;50px|0px|50px|0px&#8220; border_width_bottom=&#8220;1px&#8220; border_color_bottom=&#8220;rgba(51,51,51,0.18)&#8220; global_colors_info=&#8220;{}&#8220; column_structure=&#8220;1_3,2_3&#8243;][et_pb_column type=&#8220;1_3&#8243; _builder_version=&#8220;4.16&#8243; custom_padding=&#8220;|||&#8220; global_colors_info=&#8220;{}&#8220; custom_padding__hover=&#8220;|||&#8220;][et_pb_text _builder_version=&#8220;4.16&#8243; text_font=&#8220;Roboto|700|||||||&#8220; text_text_color=&#8220;#696666&#8243; text_font_size=&#8220;40px&#8220; global_colors_info=&#8220;{}&#8220;]Produkte<br \/>\n[\/et_pb_text][\/et_pb_column][et_pb_column type=&#8220;2_3&#8243; _builder_version=&#8220;4.16&#8243; custom_padding=&#8220;|||&#8220; global_colors_info=&#8220;{}&#8220; custom_padding__hover=&#8220;|||&#8220;][et_pb_text _builder_version=&#8220;4.16&#8243; global_colors_info=&#8220;{}&#8220;]<b><img loading=\"lazy\" decoding=\"async\" class=\"alignnone size-medium wp-image-2327\" src=\"https:\/\/www.bvbs.de\/wp-content\/uploads\/2018\/07\/sirados_logo-300x96.png\" alt=\"\" width=\"300\" height=\"96\" \/><\/b><\/p>\n<p><b>Sirados Baudaten &amp; Software<br \/>\n<\/b>Daten &amp; Software f\u00fcr Kostenplanung, Ausschreibung und Kalkulation<span class=\"Apple-converted-space\">\u00a0<\/span><\/p>\n<p><b>Handwerksb\u00fcro PS<br \/>\n<\/b>Die B\u00fcrokomplettl\u00f6sung f\u00fcr Handwerksbetriebe inkl. Leistungspositionen mit Lohn-, Material- und Maschinenkosten.<span class=\"Apple-converted-space\">\u00a0<\/span><\/p>\n<p><b>Baudokumentation smart &amp; easy<br \/>\n<\/b>Das starke Duo f\u00fcr Baustelle &amp; B\u00fcro &#8211; Mobil erfassen, genial verkn\u00fcpfen, digital wiederfinden!<span class=\"Apple-converted-space\">\u00a0<\/span><\/p>\n<p><b>Ausschreiben leicht gemacht<br \/>\n<\/b>AVA-Software inkl. 8.000 SIRADOS Positionen f\u00fcr Ausschreibung und Vergabe<span class=\"Apple-converted-space\">\u00a0<\/span><\/p>\n<p><b>Honorarabrechnung leicht gemacht<br \/>\n<\/b>Honoraranspr\u00fcche nach HOAI, freie Leistungen und Zeithonorare ermitteln<span class=\"Apple-converted-space\">\u00a0<\/span><\/p>\n<p><b>Bauantrag smart&amp; easy<br \/>\n<\/b>Formulare und Vordrucke f\u00fcr die Baugenehmigung schnell zusammenstellen &#8211; sicher ausf\u00fcllen &#8211; komfortabel verwalten.<span class=\"Apple-converted-space\">\u00a0<\/span><\/p>\n<p><b>Bauzeitenplan smart &amp; easy<br \/>\n<\/b>Software zur Bauablaufplanung<span class=\"Apple-converted-space\">\u00a0<\/span><\/p>\n<p><b>CAD-Details Hochbau<br \/>\n<\/b>Digitale Musterdetail-Bibliothek als DWG\/DXF\/PDF<span class=\"Apple-converted-space\">\u00a0<\/span><\/p>\n<p><b>Vereinfachter hydraulischer Abgleich smart &amp; easy<br \/>\n<\/b>Hydraulischen Abgleich direkt bei Kunden durchf\u00fchren und Ventile einstellen<span class=\"Apple-converted-space\">\u00a0<\/span><\/p>\n<p><b>LEGEP &#8211; Planen, Berechnen, Betreiben<br \/>\n<\/b>Softwarel\u00f6sung zur zuverl\u00e4ssigen Planung nachhaltiger Geb\u00e4ude. Bewertung von Herstellungs- und Lebenszykluskosten, Energiebedarf und \u00d6kobilanz<span class=\"Apple-converted-space\">\u00a0<\/span><br \/>\n[\/et_pb_text][\/et_pb_column][\/et_pb_row][et_pb_row _builder_version=&#8220;4.16&#8243; custom_padding=&#8220;50px|0px|27px|0px&#8220; global_colors_info=&#8220;{}&#8220; column_structure=&#8220;1_3,1_3,1_3&#8243;][et_pb_column type=&#8220;1_3&#8243; _builder_version=&#8220;4.16&#8243; custom_padding=&#8220;|||&#8220; global_colors_info=&#8220;{}&#8220; custom_padding__hover=&#8220;|||&#8220;][et_pb_text _builder_version=&#8220;4.16&#8243; text_font=&#8220;Roboto|700|||||||&#8220; text_text_color=&#8220;#696666&#8243; text_font_size=&#8220;40px&#8220; global_colors_info=&#8220;{}&#8220;]Kontakt<br \/>\n[\/et_pb_text][\/et_pb_column][et_pb_column type=&#8220;1_3&#8243; _builder_version=&#8220;4.16&#8243; custom_padding=&#8220;|||&#8220; global_colors_info=&#8220;{}&#8220; custom_padding__hover=&#8220;|||&#8220;][et_pb_text _builder_version=&#8220;4.16&#8243; custom_margin=&#8220;|||&#8220; custom_padding=&#8220;|||&#8220; global_colors_info=&#8220;{}&#8220;]<\/p>\n<div>WEKA MEDIA GmbH &amp; Co. KG<br \/>\nR\u00f6merstra\u00dfe 4<br \/>\nD-86438 Kissing<\/div>\n<div><\/div>\n<p><\/p>\n<div>Tel.: (08233) 23-0<\/div>\n<div>Internet:<br \/>\n<a href=\"http:\/\/www.weka-bausoftware.de\" target=\"_blank\" rel=\"noopener noreferrer\">www.weka-bausoftware.de<br \/>\n<\/a><a href=\"http:\/\/www.sirados.de\" target=\"_blank\" rel=\"noopener noreferrer\">www.sirados.de<br \/>\n<\/a><a href=\"http:\/\/www.weka.de\" target=\"_blank\" rel=\"noopener noreferrer\">www.weka.de<\/a><\/div>\n<p>[\/et_pb_text][\/et_pb_column][et_pb_column type=&#8220;1_3&#8243; _builder_version=&#8220;4.16&#8243; custom_padding=&#8220;|||&#8220; global_colors_info=&#8220;{}&#8220; custom_padding__hover=&#8220;|||&#8220;][et_pb_image src=&#8220;https:\/\/www.bvbs.de\/wp-content\/uploads\/2018\/07\/WEKA-Logo.png&#8220; align_tablet=&#8220;center&#8220; align_last_edited=&#8220;on|desktop&#8220; _builder_version=&#8220;4.16&#8243; global_colors_info=&#8220;{}&#8220; align_phone=&#8220;center&#8220;]\u00a0<br \/>\n[\/et_pb_image][\/et_pb_column][\/et_pb_row][\/et_pb_section]<\/p>\n","protected":false},"excerpt":{"rendered":"<p>BVBS Mitgliedsunternehmen Allgemeines Die WEKA MEDIA GmbH &#038; Co. KG ist einer der f\u00fchrenden Anbieter von Fachinformations- und Softwarel\u00f6sungen. Wir bieten thematisch breit gef\u00e4cherte, praxisorientierte L\u00f6sungen f\u00fcr die t\u00e4gliche Arbeit im Business-to-Business- und Business-to-Government-Bereich an. Im Bereich Handwerk &#038; Bauunternehmen ist WEKA mit der B\u00fcrokomplettl\u00f6sung Handwerksb\u00fcro einer der f\u00fchrenden Anbieter am Markt. F\u00fcr Architekten und [&hellip;]<\/p>\n","protected":false},"author":3,"featured_media":0,"parent":0,"menu_order":0,"comment_status":"closed","ping_status":"closed","template":"","meta":{"_et_pb_use_builder":"on","_et_pb_old_content":"","_et_gb_content_width":"","wp_typography_post_enhancements_disabled":false,"footnotes":""},"class_list":["post-2362","page","type-page","status-publish","hentry"],"yoast_head":"<!-- This site is optimized with the Yoast SEO plugin v26.1.1 - https:\/\/yoast.com\/wordpress\/plugins\/seo\/ -->\r\n<title>WEKA MEDIA GmbH &amp; Co. KG - BVBS Bundesverband Software und Digitalisierung im Bauwesen e.V.<\/title>\r\n<meta name=\"robots\" content=\"index, follow, max-snippet:-1, max-image-preview:large, max-video-preview:-1\" \/>\r\n<link rel=\"canonical\" href=\"https:\/\/www.bvbs.de\/en\/weka-media\/\" \/>\r\n<meta property=\"og:locale\" content=\"en_GB\" \/>\r\n<meta property=\"og:type\" content=\"article\" \/>\r\n<meta property=\"og:title\" content=\"WEKA MEDIA GmbH &amp; Co. KG - BVBS Bundesverband Software und Digitalisierung im Bauwesen e.V.\" \/>\r\n<meta property=\"og:description\" content=\"BVBS Mitgliedsunternehmen Allgemeines Die WEKA MEDIA GmbH &amp; Co. KG ist einer der f\u00fchrenden Anbieter von Fachinformations- und Softwarel\u00f6sungen. Wir bieten thematisch breit gef\u00e4cherte, praxisorientierte L\u00f6sungen f\u00fcr die t\u00e4gliche Arbeit im Business-to-Business- und Business-to-Government-Bereich an. Im Bereich Handwerk &amp; Bauunternehmen ist WEKA mit der B\u00fcrokomplettl\u00f6sung Handwerksb\u00fcro einer der f\u00fchrenden Anbieter am Markt. F\u00fcr Architekten und [&hellip;]\" \/>\r\n<meta property=\"og:url\" content=\"https:\/\/www.bvbs.de\/en\/weka-media\/\" \/>\r\n<meta property=\"og:site_name\" content=\"BVBS Bundesverband Software und Digitalisierung im Bauwesen e.V.\" \/>\r\n<meta property=\"article:modified_time\" content=\"2025-07-10T18:58:20+00:00\" \/>\r\n<meta property=\"og:image\" content=\"https:\/\/www.bvbs.de\/wp-content\/uploads\/2018\/07\/sirados_logo-e1615462406242.png\" \/>\r\n\t<meta property=\"og:image:width\" content=\"300\" \/>\r\n\t<meta property=\"og:image:height\" content=\"96\" \/>\r\n\t<meta property=\"og:image:type\" content=\"image\/png\" \/>\r\n<meta name=\"twitter:card\" content=\"summary_large_image\" \/>\r\n<meta name=\"twitter:label1\" content=\"Estimated reading time\" \/>\n\t<meta name=\"twitter:data1\" content=\"5 minutes\" \/>\r\n<script type=\"application\/ld+json\" class=\"yoast-schema-graph\">{\"@context\":\"https:\/\/schema.org\",\"@graph\":[{\"@type\":\"WebPage\",\"@id\":\"https:\/\/www.bvbs.de\/weka-media\/\",\"url\":\"https:\/\/www.bvbs.de\/weka-media\/\",\"name\":\"WEKA MEDIA GmbH & Co. KG - BVBS Bundesverband Software und Digitalisierung im Bauwesen e.V.\",\"isPartOf\":{\"@id\":\"https:\/\/www.bvbs.de\/#website\"},\"primaryImageOfPage\":{\"@id\":\"https:\/\/www.bvbs.de\/weka-media\/#primaryimage\"},\"image\":{\"@id\":\"https:\/\/www.bvbs.de\/weka-media\/#primaryimage\"},\"thumbnailUrl\":\"https:\/\/www.bvbs.de\/wp-content\/uploads\/2018\/07\/sirados_logo-300x96.png\",\"datePublished\":\"2018-07-15T17:55:14+00:00\",\"dateModified\":\"2025-07-10T18:58:20+00:00\",\"breadcrumb\":{\"@id\":\"https:\/\/www.bvbs.de\/weka-media\/#breadcrumb\"},\"inLanguage\":\"en-GB\",\"potentialAction\":[{\"@type\":\"ReadAction\",\"target\":[\"https:\/\/www.bvbs.de\/weka-media\/\"]}]},{\"@type\":\"ImageObject\",\"inLanguage\":\"en-GB\",\"@id\":\"https:\/\/www.bvbs.de\/weka-media\/#primaryimage\",\"url\":\"https:\/\/www.bvbs.de\/wp-content\/uploads\/2018\/07\/sirados_logo-300x96.png\",\"contentUrl\":\"https:\/\/www.bvbs.de\/wp-content\/uploads\/2018\/07\/sirados_logo-300x96.png\"},{\"@type\":\"BreadcrumbList\",\"@id\":\"https:\/\/www.bvbs.de\/weka-media\/#breadcrumb\",\"itemListElement\":[{\"@type\":\"ListItem\",\"position\":1,\"name\":\"Startseite\",\"item\":\"https:\/\/www.bvbs.de\/\"},{\"@type\":\"ListItem\",\"position\":2,\"name\":\"WEKA MEDIA GmbH &#038; Co. KG\"}]},{\"@type\":\"WebSite\",\"@id\":\"https:\/\/www.bvbs.de\/#website\",\"url\":\"https:\/\/www.bvbs.de\/\",\"name\":\"BVBS Bundesverband Software und Digitalisierung im Bauwesen e.V.\",\"description\":\"\",\"publisher\":{\"@id\":\"https:\/\/www.bvbs.de\/#organization\"},\"potentialAction\":[{\"@type\":\"SearchAction\",\"target\":{\"@type\":\"EntryPoint\",\"urlTemplate\":\"https:\/\/www.bvbs.de\/?s={search_term_string}\"},\"query-input\":{\"@type\":\"PropertyValueSpecification\",\"valueRequired\":true,\"valueName\":\"search_term_string\"}}],\"inLanguage\":\"en-GB\"},{\"@type\":\"Organization\",\"@id\":\"https:\/\/www.bvbs.de\/#organization\",\"name\":\"BVBS Bundesverband Software und Digitalisierung im Bauwesen\",\"url\":\"https:\/\/www.bvbs.de\/\",\"logo\":{\"@type\":\"ImageObject\",\"inLanguage\":\"en-GB\",\"@id\":\"https:\/\/www.bvbs.de\/#\/schema\/logo\/image\/\",\"url\":\"https:\/\/www.bvbs.de\/wp-content\/uploads\/2024\/01\/cropped-favicon-bvbs.png\",\"contentUrl\":\"https:\/\/www.bvbs.de\/wp-content\/uploads\/2024\/01\/cropped-favicon-bvbs.png\",\"width\":512,\"height\":512,\"caption\":\"BVBS Bundesverband Software und Digitalisierung im Bauwesen\"},\"image\":{\"@id\":\"https:\/\/www.bvbs.de\/#\/schema\/logo\/image\/\"}}]}<\/script>\r\n<!-- \/ Yoast SEO plugin. -->","yoast_head_json":{"title":"WEKA MEDIA GmbH &amp; Co. KG \u2014 BVBS Bun\u00addes\u00adver\u00adband Soft\u00adware und Digi\u00adta\u00adli\u00adsie\u00adrung im Bau\u00adwe\u00adsen e.V.","robots":{"index":"index","follow":"follow","max-snippet":"max-snippet:-1","max-image-preview":"max-image-preview:large","max-video-preview":"max-video-preview:-1"},"canonical":"https:\/\/www.bvbs.de\/en\/weka-media\/","og_locale":"en_GB","og_type":"article","og_title":"WEKA MEDIA GmbH & Co. KG - BVBS Bundesverband Software und Digitalisierung im Bauwesen e.V.","og_description":"BVBS Mitgliedsunternehmen Allgemeines Die WEKA MEDIA GmbH & Co. KG ist einer der f\u00fchrenden Anbieter von Fachinformations- und Softwarel\u00f6sungen. Wir bieten thematisch breit gef\u00e4cherte, praxisorientierte L\u00f6sungen f\u00fcr die t\u00e4gliche Arbeit im Business-to-Business- und Business-to-Government-Bereich an. Im Bereich Handwerk & Bauunternehmen ist WEKA mit der B\u00fcrokomplettl\u00f6sung Handwerksb\u00fcro einer der f\u00fchrenden Anbieter am Markt. F\u00fcr Architekten und [&hellip;]","og_url":"https:\/\/www.bvbs.de\/en\/weka-media\/","og_site_name":"BVBS Bundesverband Software und Digitalisierung im Bauwesen e.V.","article_modified_time":"2025-07-10T18:58:20+00:00","og_image":[{"width":300,"height":96,"url":"https:\/\/www.bvbs.de\/wp-content\/uploads\/2018\/07\/sirados_logo-e1615462406242.png","type":"image\/png"}],"twitter_card":"summary_large_image","twitter_misc":{"Estimated reading time":"5 minutes"},"schema":{"@context":"https:\/\/schema.org","@graph":[{"@type":"WebPage","@id":"https:\/\/www.bvbs.de\/weka-media\/","url":"https:\/\/www.bvbs.de\/weka-media\/","name":"WEKA MEDIA GmbH &amp; Co. KG \u2014 BVBS Bun\u00addes\u00adver\u00adband Soft\u00adware und Digi\u00adta\u00adli\u00adsie\u00adrung im Bau\u00adwe\u00adsen e.V.","isPartOf":{"@id":"https:\/\/www.bvbs.de\/#website"},"primaryImageOfPage":{"@id":"https:\/\/www.bvbs.de\/weka-media\/#primaryimage"},"image":{"@id":"https:\/\/www.bvbs.de\/weka-media\/#primaryimage"},"thumbnailUrl":"https:\/\/www.bvbs.de\/wp-content\/uploads\/2018\/07\/sirados_logo-300x96.png","datePublished":"2018-07-15T17:55:14+00:00","dateModified":"2025-07-10T18:58:20+00:00","breadcrumb":{"@id":"https:\/\/www.bvbs.de\/weka-media\/#breadcrumb"},"inLanguage":"en-GB","potentialAction":[{"@type":"ReadAction","target":["https:\/\/www.bvbs.de\/weka-media\/"]}]},{"@type":"ImageObject","inLanguage":"en-GB","@id":"https:\/\/www.bvbs.de\/weka-media\/#primaryimage","url":"https:\/\/www.bvbs.de\/wp-content\/uploads\/2018\/07\/sirados_logo-300x96.png","contentUrl":"https:\/\/www.bvbs.de\/wp-content\/uploads\/2018\/07\/sirados_logo-300x96.png"},{"@type":"BreadcrumbList","@id":"https:\/\/www.bvbs.de\/weka-media\/#breadcrumb","itemListElement":[{"@type":"ListItem","position":1,"name":"Startseite","item":"https:\/\/www.bvbs.de\/"},{"@type":"ListItem","position":2,"name":"WEKA MEDIA GmbH &#038; Co. KG"}]},{"@type":"WebSite","@id":"https:\/\/www.bvbs.de\/#website","url":"https:\/\/www.bvbs.de\/","name":"BVBS Bun\u00addes\u00adver\u00adband Soft\u00adware und Digi\u00adta\u00adli\u00adsie\u00adrung im Bau\u00adwe\u00adsen e.V.","description":"","publisher":{"@id":"https:\/\/www.bvbs.de\/#organization"},"potentialAction":[{"@type":"SearchAction","target":{"@type":"EntryPoint","urlTemplate":"https:\/\/www.bvbs.de\/?s={search_term_string}"},"query-input":{"@type":"PropertyValueSpecification","valueRequired":true,"valueName":"search_term_string"}}],"inLanguage":"en-GB"},{"@type":"Organization","@id":"https:\/\/www.bvbs.de\/#organization","name":"BVBS Bun\u00addes\u00adver\u00adband Soft\u00adware und Digi\u00adta\u00adli\u00adsie\u00adrung im Bauwesen","url":"https:\/\/www.bvbs.de\/","logo":{"@type":"ImageObject","inLanguage":"en-GB","@id":"https:\/\/www.bvbs.de\/#\/schema\/logo\/image\/","url":"https:\/\/www.bvbs.de\/wp-content\/uploads\/2024\/01\/cropped-favicon-bvbs.png","contentUrl":"https:\/\/www.bvbs.de\/wp-content\/uploads\/2024\/01\/cropped-favicon-bvbs.png","width":512,"height":512,"caption":"BVBS Bundesverband Software und Digitalisierung im Bauwesen"},"image":{"@id":"https:\/\/www.bvbs.de\/#\/schema\/logo\/image\/"}}]}},"_links":{"self":[{"href":"https:\/\/www.bvbs.de\/en\/wp-json\/wp\/v2\/pages\/2362","targetHints":{"allow":["GET"]}}],"collection":[{"href":"https:\/\/www.bvbs.de\/en\/wp-json\/wp\/v2\/pages"}],"about":[{"href":"https:\/\/www.bvbs.de\/en\/wp-json\/wp\/v2\/types\/page"}],"author":[{"embeddable":true,"href":"https:\/\/www.bvbs.de\/en\/wp-json\/wp\/v2\/users\/3"}],"replies":[{"embeddable":true,"href":"https:\/\/www.bvbs.de\/en\/wp-json\/wp\/v2\/comments?post=2362"}],"version-history":[{"count":0,"href":"https:\/\/www.bvbs.de\/en\/wp-json\/wp\/v2\/pages\/2362\/revisions"}],"wp:attachment":[{"href":"https:\/\/www.bvbs.de\/en\/wp-json\/wp\/v2\/media?parent=2362"}],"curies":[{"name":"wp","href":"https:\/\/api.w.org\/{rel}","templated":true}]}}