{"id":23707,"date":"2025-06-10T09:41:12","date_gmt":"2025-06-10T07:41:12","guid":{"rendered":"https:\/\/www.bvbs.de\/?page_id=23707"},"modified":"2025-11-25T13:55:23","modified_gmt":"2025-11-25T12:55:23","slug":"newvision","status":"publish","type":"page","link":"https:\/\/www.bvbs.de\/en\/newvision\/","title":{"rendered":"New\u00advi\u00adsi\u00adon Ger\u00adma\u00adny&nbsp;GmbH"},"content":{"rendered":"<p>[et_pb_section fb_built=&#8220;1&#8243; fullwidth=&#8220;on&#8220; _builder_version=&#8220;4.16&#8243; global_colors_info=&#8220;{}&#8220;][et_pb_fullwidth_slider _builder_version=&#8220;4.27.3&#8243; header_font=&#8220;Roboto|700|||||||&#8220; body_font=&#8220;Roboto||||||||&#8220; global_colors_info=&#8220;{}&#8220; button_text_size__hover_enabled=&#8220;off&#8220; button_one_text_size__hover_enabled=&#8220;off&#8220; button_two_text_size__hover_enabled=&#8220;off&#8220; button_text_color__hover_enabled=&#8220;off&#8220; button_one_text_color__hover_enabled=&#8220;off&#8220; button_two_text_color__hover_enabled=&#8220;off&#8220; button_border_width__hover_enabled=&#8220;off&#8220; button_one_border_width__hover_enabled=&#8220;off&#8220; button_two_border_width__hover_enabled=&#8220;off&#8220; button_border_color__hover_enabled=&#8220;off&#8220; button_one_border_color__hover_enabled=&#8220;off&#8220; button_two_border_color__hover_enabled=&#8220;off&#8220; button_border_radius__hover_enabled=&#8220;off&#8220; button_one_border_radius__hover_enabled=&#8220;off&#8220; button_two_border_radius__hover_enabled=&#8220;off&#8220; button_letter_spacing__hover_enabled=&#8220;off&#8220; button_one_letter_spacing__hover_enabled=&#8220;off&#8220; button_two_letter_spacing__hover_enabled=&#8220;off&#8220; button_bg_color__hover_enabled=&#8220;off&#8220; button_one_bg_color__hover_enabled=&#8220;off&#8220; button_two_bg_color__hover_enabled=&#8220;off&#8220;][et_pb_slide heading=&#8220;newvision &#8211; software with a smile&#8220; use_bg_overlay=&#8220;off&#8220; use_text_overlay=&#8220;off&#8220; _builder_version=&#8220;4.27.3&#8243; background_color=&#8220;#ffffff&#8220; background_image=&#8220;https:\/\/www.bvbs.de\/wp-content\/uploads\/2021\/02\/mitglieder-bg.jpg&#8220; button_on_hover=&#8220;on&#8220; global_colors_info=&#8220;{}&#8220; button_text_size__hover_enabled=&#8220;off&#8220; button_one_text_size__hover_enabled=&#8220;off&#8220; button_two_text_size__hover_enabled=&#8220;off&#8220; button_text_color__hover_enabled=&#8220;off&#8220; button_one_text_color__hover_enabled=&#8220;off&#8220; button_two_text_color__hover_enabled=&#8220;off&#8220; button_border_width__hover_enabled=&#8220;off&#8220; button_one_border_width__hover_enabled=&#8220;off&#8220; button_two_border_width__hover_enabled=&#8220;off&#8220; button_border_color__hover_enabled=&#8220;off&#8220; button_one_border_color__hover_enabled=&#8220;off&#8220; button_two_border_color__hover_enabled=&#8220;off&#8220; button_border_radius__hover_enabled=&#8220;off&#8220; button_one_border_radius__hover_enabled=&#8220;off&#8220; button_two_border_radius__hover_enabled=&#8220;off&#8220; button_letter_spacing__hover_enabled=&#8220;off&#8220; button_one_letter_spacing__hover_enabled=&#8220;off&#8220; button_two_letter_spacing__hover_enabled=&#8220;off&#8220; button_bg_color__hover_enabled=&#8220;off&#8220; button_one_bg_color__hover_enabled=&#8220;off&#8220; button_two_bg_color__hover_enabled=&#8220;off&#8220; sticky_transition=&#8220;on&#8220;]<\/p>\n<p>BVBS Mitgliedsunternehmen<\/p>\n<p>[\/et_pb_slide][\/et_pb_fullwidth_slider][\/et_pb_section][et_pb_section fb_built=&#8220;1&#8243; _builder_version=&#8220;4.16&#8243; global_colors_info=&#8220;{}&#8220;][et_pb_row column_structure=&#8220;1_3,2_3&#8243; disabled_on=&#8220;off|off|off&#8220; _builder_version=&#8220;4.27.3&#8243; custom_padding=&#8220;27px|0px|50px|0px&#8220; border_width_bottom=&#8220;1px&#8220; border_color_bottom=&#8220;rgba(51,51,51,0.18)&#8220; global_colors_info=&#8220;{}&#8220;][et_pb_column type=&#8220;1_3&#8243; _builder_version=&#8220;4.16&#8243; custom_padding=&#8220;|||&#8220; global_colors_info=&#8220;{}&#8220; custom_padding__hover=&#8220;|||&#8220;][et_pb_text _builder_version=&#8220;4.16&#8243; text_font=&#8220;Roboto|700|||||||&#8220; text_text_color=&#8220;#696666&#8243; text_font_size=&#8220;40px&#8220; global_colors_info=&#8220;{}&#8220;]Allgemeines<br \/>\n[\/et_pb_text][\/et_pb_column][et_pb_column type=&#8220;2_3&#8243; _builder_version=&#8220;4.16&#8243; custom_padding=&#8220;|||&#8220; global_colors_info=&#8220;{}&#8220; custom_padding__hover=&#8220;|||&#8220;][et_pb_text _builder_version=&#8220;4.27.3&#8243; global_colors_info=&#8220;{}&#8220;]<\/p>\n<p><strong>20+ Jahre Branchenerfahrung<br \/><\/strong>Seit \u00fcber zwei Jahrzehnten begleitet newvision Ingenieur- und Architekturb\u00fcros im DACH-Raum bei der digitalen Transformation. Die L\u00f6sung ingo365 \u2013 entwickelt von Ingenieuren f\u00fcr Ingenieure \u2013 ist praxisnah, effizient und zukunftssicher.<\/p>\n<p><strong>50+ kompetente K\u00f6pfe<br \/><\/strong>An den Standorten Wels, Wien und Stuttgart realisiert das rund 50-k\u00f6pfige #teamnewvision Microsoft-basierte Business-L\u00f6sungen \u2013 exakt abgestimmt auf die Anforderungen projektorientierter Planungsb\u00fcros.<\/p>\n<p><strong>300+ zufriedene Kunden<br \/><\/strong>Mehr als 300 Unternehmen profitieren bereits von schlanken Prozessen, minimiertem Verwaltungsaufwand und sp\u00fcrbaren Einsparungen bei Zeit und Kosten. Die intuitive Software sorgt f\u00fcr Transparenz \u2013 von der Projektplanung bis zur Abrechnung.<\/p>\n<p><strong>1 starker Partner<br \/><\/strong>newvision steht f\u00fcr gelebte Partnerschaft mit echter Branchenkenntnis, kurzen Wegen und einem Team, das versteht, wie Planungsb\u00fcros arbeiten. Auch nach dem GoLive sorgt der kompetente Support f\u00fcr nachhaltigen Erfolg.<\/p>\n<p>[\/et_pb_text][\/et_pb_column][\/et_pb_row][et_pb_row column_structure=&#8220;1_3,2_3&#8243; disabled_on=&#8220;off|off|off&#8220; _builder_version=&#8220;4.27.3&#8243; custom_padding=&#8220;27px|0px|50px|0px&#8220; border_width_bottom=&#8220;1px&#8220; border_color_bottom=&#8220;rgba(51,51,51,0.18)&#8220; global_colors_info=&#8220;{}&#8220;][et_pb_column type=&#8220;1_3&#8243; _builder_version=&#8220;4.16&#8243; custom_padding=&#8220;|||&#8220; global_colors_info=&#8220;{}&#8220; custom_padding__hover=&#8220;|||&#8220;][et_pb_text _builder_version=&#8220;4.27.3&#8243; text_font=&#8220;Roboto|700|||||||&#8220; text_text_color=&#8220;#696666&#8243; text_font_size=&#8220;40px&#8220; global_colors_info=&#8220;{}&#8220;]<\/p>\n<p>Produkte<\/p>\n<p>[\/et_pb_text][\/et_pb_column][et_pb_column type=&#8220;2_3&#8243; _builder_version=&#8220;4.16&#8243; custom_padding=&#8220;|||&#8220; global_colors_info=&#8220;{}&#8220; custom_padding__hover=&#8220;|||&#8220;][et_pb_text _builder_version=&#8220;4.27.3&#8243; hover_enabled=&#8220;0&#8243; global_colors_info=&#8220;{}&#8220; sticky_enabled=&#8220;0&#8243;]<\/p>\n<p><strong>ingo365: Business-Software \u2013 100\u202f% f\u00fcr Ingenieure &amp; Architekten<br \/><\/strong>Mit ingo365 stellt newvision eine cloud- und Microsoft-365-basierte Plattform bereit, die alle Daten eines Planungsb\u00fcros an einem zentralen Ort vereint. Die L\u00f6sung sorgt f\u00fcr effizientere Prozesse und bietet jederzeit einen aktuellen \u00dcberblick \u00fcber Projekte und Unternehmenskennzahlen.<\/p>\n<p>Planungsb\u00fcros profitieren u. a. von<\/p>\n<ul>\n<li>einer intuitiven Bedienung,<\/li>\n<li>mobilem Zugriff,<\/li>\n<li>automatischen Updates,<\/li>\n<li>hoher Datensicherheit<\/li>\n<li>sowie von BI- &amp; KI-M\u00f6glichkeiten.<\/li>\n<\/ul>\n<p>Entwickelt von Ingenieuren f\u00fcr Ingenieure\u00a0bildet ingo365 die branchentypischen Anforderungen moderner Planungsb\u00fcros\u00a0pr\u00e4zise ab. Die Plattform besteht aus drei Modulen, die sich nahtlos erg\u00e4nzen und in Live-Demos entdeckt werden k\u00f6nnen:<\/p>\n<p><a href=\"http:\/\/www.newvision.eu\/business-software\/ingo365\" target=\"_blank\" rel=\"noopener\"><strong>ingo365 ERP \u2013 Alle kaufm\u00e4nnischen Prozesse im Griff!<\/strong><\/a><br \/>Mit ingo365 ERP steuern Planungsb\u00fcros ihre Projekte einfach, effizient und transparent \u2013 von der HOAI-Angebotskalkulation \u00fcber ein strukturiertes CRM mit 360\u00b0-Kundenblick bis zur vollst\u00e4ndig integrierten Finanzbuchhaltung.<\/p>\n<p><a href=\"https:\/\/www.newvision.eu\/business-software\/ingo365-hr\" target=\"_blank\" rel=\"noopener\"><strong>ingo365 HR \u2013 Alle Personalprozesse im Griff!<\/strong><\/a><br \/>Das Modul reduziert manuelle Abl\u00e4ufe und ersetzt Excel-Listen durch durchg\u00e4ngige digitale HR-Prozesse: Zeit- und Leistungserfassung, digitale Personalakte, Gehaltsabrechnung und weitere zentrale Aufgaben.<\/p>\n<p><a href=\"https:\/\/www.newvision.eu\/business-software\/ingo365-dms\" target=\"_blank\" rel=\"noopener\"><strong>ingo365 DMS \u2013 Alle Dokumente &amp; E-Mails im Griff!<\/strong><\/a><br \/>W\u00e4hrend klassische DMS vor allem Dateien verwalten, liegen viele projektkritische Informationen in E-Mails. ingo365 DMS f\u00fchrt beides in einer durchg\u00e4ngigen digitalen Akte zusammen \u2013 inklusive Volltextsuche, Versionierung und einem klaren Rechtekonzept.<\/p>\n<p>[\/et_pb_text][\/et_pb_column][\/et_pb_row][et_pb_row column_structure=&#8220;1_3,1_3,1_3&#8243; _builder_version=&#8220;4.16&#8243; custom_padding=&#8220;50px|0px|27px|0px&#8220; global_colors_info=&#8220;{}&#8220;][et_pb_column type=&#8220;1_3&#8243; _builder_version=&#8220;4.16&#8243; custom_padding=&#8220;|||&#8220; global_colors_info=&#8220;{}&#8220; custom_padding__hover=&#8220;|||&#8220;][et_pb_text _builder_version=&#8220;4.16&#8243; text_font=&#8220;Roboto|700|||||||&#8220; text_text_color=&#8220;#696666&#8243; text_font_size=&#8220;40px&#8220; global_colors_info=&#8220;{}&#8220;]Kontakt<br \/>\n[\/et_pb_text][\/et_pb_column][et_pb_column type=&#8220;1_3&#8243; _builder_version=&#8220;4.16&#8243; custom_padding=&#8220;|||&#8220; global_colors_info=&#8220;{}&#8220; custom_padding__hover=&#8220;|||&#8220;][et_pb_text _builder_version=&#8220;4.27.3&#8243; custom_margin=&#8220;|||&#8220; custom_padding=&#8220;|||&#8220; global_colors_info=&#8220;{}&#8220;]<\/p>\n<p><strong>newvision Germany GmbH<\/strong><br \/><span style=\"font-size: 15px;\">Meitnerstra\u00dfe 6<br \/><\/span><span style=\"font-size: 15px;\">70563 Stuttgart<\/span><span style=\"font-size: 15px;\">\u00a0<\/span><\/p>\n<p>Telefon: +49 711 49065910<\/p>\n<p>E-Mail: <a href=\"mailto:off&#105;&#099;&#101;&#064;&#110;&#101;w&#118;is&#105;&#111;&#110;&#046;&#101;&#117;\">&#111;ff&#105;c&#101;&#64;ne&#119;vis&#105;o&#110;.&#101;u<\/a><br \/><span style=\"font-size: 15px;\">Internet:<\/span><span style=\"font-size: 15px;\">\u00a0<\/span><a style=\"font-size: 15px;\" href=\"https:\/\/www.newvision.eu\/\" target=\"_blank\" rel=\"noopener noreferrer\">www.newvision.eu<\/a><span style=\"font-size: 15px;\">\u00a0<\/span><\/p>\n<p>[\/et_pb_text][\/et_pb_column][et_pb_column type=&#8220;1_3&#8243; _builder_version=&#8220;4.16&#8243; custom_padding=&#8220;|||&#8220; global_colors_info=&#8220;{}&#8220; custom_padding__hover=&#8220;|||&#8220;][et_pb_image src=&#8220;https:\/\/www.bvbs.de\/wp-content\/uploads\/2025\/06\/newvision_logo_Bilder-Unternehmensprofil.jpg&#8220; title_text=&#8220;newvision_logo_Bilder Unternehmensprofil&#8220; align_tablet=&#8220;left&#8220; align_phone=&#8220;left&#8220; align_last_edited=&#8220;on|phone&#8220; _builder_version=&#8220;4.27.3&#8243; max_width=&#8220;80%&#8220; max_width_tablet=&#8220;41%&#8220; max_width_phone=&#8220;65%&#8220; max_width_last_edited=&#8220;on|desktop&#8220; global_colors_info=&#8220;{}&#8220;][\/et_pb_image][\/et_pb_column][\/et_pb_row][\/et_pb_section]<\/p>\n","protected":false},"excerpt":{"rendered":"<p>BVBS MitgliedsunternehmenAllgemeines 20+ Jahre BranchenerfahrungSeit \u00fcber zwei Jahrzehnten begleitet newvision Ingenieur- und Architekturb\u00fcros im DACH-Raum bei der digitalen Transformation. Die L\u00f6sung ingo365 \u2013 entwickelt von Ingenieuren f\u00fcr Ingenieure \u2013 ist praxisnah, effizient und zukunftssicher. 50+ kompetente K\u00f6pfeAn den Standorten Wels, Wien und Stuttgart realisiert das rund 50-k\u00f6pfige #teamnewvision Microsoft-basierte Business-L\u00f6sungen \u2013 exakt abgestimmt auf die [&hellip;]<\/p>\n","protected":false},"author":760,"featured_media":0,"parent":0,"menu_order":0,"comment_status":"closed","ping_status":"closed","template":"","meta":{"_et_pb_use_builder":"on","_et_pb_old_content":"","_et_gb_content_width":"","wp_typography_post_enhancements_disabled":false,"footnotes":""},"class_list":["post-23707","page","type-page","status-publish","hentry"],"yoast_head":"<!-- This site is optimized with the Yoast SEO plugin v26.1.1 - https:\/\/yoast.com\/wordpress\/plugins\/seo\/ -->\r\n<title>Newvision Germany GmbH - BVBS Bundesverband Software und Digitalisierung im Bauwesen e.V.<\/title>\r\n<meta name=\"robots\" content=\"index, follow, max-snippet:-1, max-image-preview:large, max-video-preview:-1\" \/>\r\n<link rel=\"canonical\" href=\"https:\/\/www.bvbs.de\/en\/newvision\/\" \/>\r\n<meta property=\"og:locale\" content=\"en_GB\" \/>\r\n<meta property=\"og:type\" content=\"article\" \/>\r\n<meta property=\"og:title\" content=\"Newvision Germany GmbH - BVBS Bundesverband Software und Digitalisierung im Bauwesen e.V.\" \/>\r\n<meta property=\"og:description\" content=\"BVBS MitgliedsunternehmenAllgemeines 20+ Jahre BranchenerfahrungSeit \u00fcber zwei Jahrzehnten begleitet newvision Ingenieur- und Architekturb\u00fcros im DACH-Raum bei der digitalen Transformation. Die L\u00f6sung ingo365 \u2013 entwickelt von Ingenieuren f\u00fcr Ingenieure \u2013 ist praxisnah, effizient und zukunftssicher. 50+ kompetente K\u00f6pfeAn den Standorten Wels, Wien und Stuttgart realisiert das rund 50-k\u00f6pfige #teamnewvision Microsoft-basierte Business-L\u00f6sungen \u2013 exakt abgestimmt auf die [&hellip;]\" \/>\r\n<meta property=\"og:url\" content=\"https:\/\/www.bvbs.de\/en\/newvision\/\" \/>\r\n<meta property=\"og:site_name\" content=\"BVBS Bundesverband Software und Digitalisierung im Bauwesen e.V.\" \/>\r\n<meta property=\"article:modified_time\" content=\"2025-11-25T12:55:23+00:00\" \/>\r\n<meta name=\"twitter:card\" content=\"summary_large_image\" \/>\r\n<meta name=\"twitter:label1\" content=\"Estimated reading time\" \/>\n\t<meta name=\"twitter:data1\" content=\"2 minutes\" \/>\r\n<script type=\"application\/ld+json\" class=\"yoast-schema-graph\">{\"@context\":\"https:\/\/schema.org\",\"@graph\":[{\"@type\":\"WebPage\",\"@id\":\"https:\/\/www.bvbs.de\/newvision\/\",\"url\":\"https:\/\/www.bvbs.de\/newvision\/\",\"name\":\"Newvision Germany GmbH - BVBS Bundesverband Software und Digitalisierung im Bauwesen e.V.\",\"isPartOf\":{\"@id\":\"https:\/\/www.bvbs.de\/#website\"},\"datePublished\":\"2025-06-10T07:41:12+00:00\",\"dateModified\":\"2025-11-25T12:55:23+00:00\",\"breadcrumb\":{\"@id\":\"https:\/\/www.bvbs.de\/newvision\/#breadcrumb\"},\"inLanguage\":\"en-GB\",\"potentialAction\":[{\"@type\":\"ReadAction\",\"target\":[\"https:\/\/www.bvbs.de\/newvision\/\"]}]},{\"@type\":\"BreadcrumbList\",\"@id\":\"https:\/\/www.bvbs.de\/newvision\/#breadcrumb\",\"itemListElement\":[{\"@type\":\"ListItem\",\"position\":1,\"name\":\"Startseite\",\"item\":\"https:\/\/www.bvbs.de\/\"},{\"@type\":\"ListItem\",\"position\":2,\"name\":\"Newvision Germany GmbH\"}]},{\"@type\":\"WebSite\",\"@id\":\"https:\/\/www.bvbs.de\/#website\",\"url\":\"https:\/\/www.bvbs.de\/\",\"name\":\"BVBS Bundesverband Software und Digitalisierung im Bauwesen e.V.\",\"description\":\"\",\"publisher\":{\"@id\":\"https:\/\/www.bvbs.de\/#organization\"},\"potentialAction\":[{\"@type\":\"SearchAction\",\"target\":{\"@type\":\"EntryPoint\",\"urlTemplate\":\"https:\/\/www.bvbs.de\/?s={search_term_string}\"},\"query-input\":{\"@type\":\"PropertyValueSpecification\",\"valueRequired\":true,\"valueName\":\"search_term_string\"}}],\"inLanguage\":\"en-GB\"},{\"@type\":\"Organization\",\"@id\":\"https:\/\/www.bvbs.de\/#organization\",\"name\":\"BVBS Bundesverband Software und Digitalisierung im Bauwesen\",\"url\":\"https:\/\/www.bvbs.de\/\",\"logo\":{\"@type\":\"ImageObject\",\"inLanguage\":\"en-GB\",\"@id\":\"https:\/\/www.bvbs.de\/#\/schema\/logo\/image\/\",\"url\":\"https:\/\/www.bvbs.de\/wp-content\/uploads\/2024\/01\/cropped-favicon-bvbs.png\",\"contentUrl\":\"https:\/\/www.bvbs.de\/wp-content\/uploads\/2024\/01\/cropped-favicon-bvbs.png\",\"width\":512,\"height\":512,\"caption\":\"BVBS Bundesverband Software und Digitalisierung im Bauwesen\"},\"image\":{\"@id\":\"https:\/\/www.bvbs.de\/#\/schema\/logo\/image\/\"}}]}<\/script>\r\n<!-- \/ Yoast SEO plugin. -->","yoast_head_json":{"title":"New\u00advi\u00adsi\u00adon Ger\u00adma\u00adny GmbH \u2014 BVBS Bun\u00addes\u00adver\u00adband Soft\u00adware und Digi\u00adta\u00adli\u00adsie\u00adrung im Bau\u00adwe\u00adsen e.V.","robots":{"index":"index","follow":"follow","max-snippet":"max-snippet:-1","max-image-preview":"max-image-preview:large","max-video-preview":"max-video-preview:-1"},"canonical":"https:\/\/www.bvbs.de\/en\/newvision\/","og_locale":"en_GB","og_type":"article","og_title":"Newvision Germany GmbH - BVBS Bundesverband Software und Digitalisierung im Bauwesen e.V.","og_description":"BVBS MitgliedsunternehmenAllgemeines 20+ Jahre BranchenerfahrungSeit \u00fcber zwei Jahrzehnten begleitet newvision Ingenieur- und Architekturb\u00fcros im DACH-Raum bei der digitalen Transformation. Die L\u00f6sung ingo365 \u2013 entwickelt von Ingenieuren f\u00fcr Ingenieure \u2013 ist praxisnah, effizient und zukunftssicher. 50+ kompetente K\u00f6pfeAn den Standorten Wels, Wien und Stuttgart realisiert das rund 50-k\u00f6pfige #teamnewvision Microsoft-basierte Business-L\u00f6sungen \u2013 exakt abgestimmt auf die [&hellip;]","og_url":"https:\/\/www.bvbs.de\/en\/newvision\/","og_site_name":"BVBS Bundesverband Software und Digitalisierung im Bauwesen e.V.","article_modified_time":"2025-11-25T12:55:23+00:00","twitter_card":"summary_large_image","twitter_misc":{"Estimated reading time":"2 minutes"},"schema":{"@context":"https:\/\/schema.org","@graph":[{"@type":"WebPage","@id":"https:\/\/www.bvbs.de\/newvision\/","url":"https:\/\/www.bvbs.de\/newvision\/","name":"New\u00advi\u00adsi\u00adon Ger\u00adma\u00adny GmbH \u2014 BVBS Bun\u00addes\u00adver\u00adband Soft\u00adware und Digi\u00adta\u00adli\u00adsie\u00adrung im Bau\u00adwe\u00adsen e.V.","isPartOf":{"@id":"https:\/\/www.bvbs.de\/#website"},"datePublished":"2025-06-10T07:41:12+00:00","dateModified":"2025-11-25T12:55:23+00:00","breadcrumb":{"@id":"https:\/\/www.bvbs.de\/newvision\/#breadcrumb"},"inLanguage":"en-GB","potentialAction":[{"@type":"ReadAction","target":["https:\/\/www.bvbs.de\/newvision\/"]}]},{"@type":"BreadcrumbList","@id":"https:\/\/www.bvbs.de\/newvision\/#breadcrumb","itemListElement":[{"@type":"ListItem","position":1,"name":"Startseite","item":"https:\/\/www.bvbs.de\/"},{"@type":"ListItem","position":2,"name":"Newvision Germany GmbH"}]},{"@type":"WebSite","@id":"https:\/\/www.bvbs.de\/#website","url":"https:\/\/www.bvbs.de\/","name":"BVBS Bun\u00addes\u00adver\u00adband Soft\u00adware und Digi\u00adta\u00adli\u00adsie\u00adrung im Bau\u00adwe\u00adsen e.V.","description":"","publisher":{"@id":"https:\/\/www.bvbs.de\/#organization"},"potentialAction":[{"@type":"SearchAction","target":{"@type":"EntryPoint","urlTemplate":"https:\/\/www.bvbs.de\/?s={search_term_string}"},"query-input":{"@type":"PropertyValueSpecification","valueRequired":true,"valueName":"search_term_string"}}],"inLanguage":"en-GB"},{"@type":"Organization","@id":"https:\/\/www.bvbs.de\/#organization","name":"BVBS Bun\u00addes\u00adver\u00adband Soft\u00adware und Digi\u00adta\u00adli\u00adsie\u00adrung im Bauwesen","url":"https:\/\/www.bvbs.de\/","logo":{"@type":"ImageObject","inLanguage":"en-GB","@id":"https:\/\/www.bvbs.de\/#\/schema\/logo\/image\/","url":"https:\/\/www.bvbs.de\/wp-content\/uploads\/2024\/01\/cropped-favicon-bvbs.png","contentUrl":"https:\/\/www.bvbs.de\/wp-content\/uploads\/2024\/01\/cropped-favicon-bvbs.png","width":512,"height":512,"caption":"BVBS Bundesverband Software und Digitalisierung im Bauwesen"},"image":{"@id":"https:\/\/www.bvbs.de\/#\/schema\/logo\/image\/"}}]}},"_links":{"self":[{"href":"https:\/\/www.bvbs.de\/en\/wp-json\/wp\/v2\/pages\/23707","targetHints":{"allow":["GET"]}}],"collection":[{"href":"https:\/\/www.bvbs.de\/en\/wp-json\/wp\/v2\/pages"}],"about":[{"href":"https:\/\/www.bvbs.de\/en\/wp-json\/wp\/v2\/types\/page"}],"author":[{"embeddable":true,"href":"https:\/\/www.bvbs.de\/en\/wp-json\/wp\/v2\/users\/760"}],"replies":[{"embeddable":true,"href":"https:\/\/www.bvbs.de\/en\/wp-json\/wp\/v2\/comments?post=23707"}],"version-history":[{"count":0,"href":"https:\/\/www.bvbs.de\/en\/wp-json\/wp\/v2\/pages\/23707\/revisions"}],"wp:attachment":[{"href":"https:\/\/www.bvbs.de\/en\/wp-json\/wp\/v2\/media?parent=23707"}],"curies":[{"name":"wp","href":"https:\/\/api.w.org\/{rel}","templated":true}]}}