{"id":26663,"date":"2025-09-17T10:02:50","date_gmt":"2025-09-17T08:02:50","guid":{"rendered":"https:\/\/www.bvbs.de\/?page_id=26663"},"modified":"2025-10-02T14:37:34","modified_gmt":"2025-10-02T12:37:34","slug":"tendos","status":"publish","type":"page","link":"https:\/\/www.bvbs.de\/en\/tendos\/","title":{"rendered":"Ten\u00addos&nbsp;GmbH"},"content":{"rendered":"<p>[et_pb_section fb_built=&#8220;1&#8243; fullwidth=&#8220;on&#8220; _builder_version=&#8220;4.16&#8243; global_colors_info=&#8220;{}&#8220;][et_pb_fullwidth_slider _builder_version=&#8220;4.27.3&#8243; header_font=&#8220;Roboto|700|||||||&#8220; body_font=&#8220;Roboto||||||||&#8220; hover_enabled=&#8220;0&#8243; global_colors_info=&#8220;{}&#8220; button_text_size__hover_enabled=&#8220;off&#8220; button_one_text_size__hover_enabled=&#8220;off&#8220; button_two_text_size__hover_enabled=&#8220;off&#8220; button_text_color__hover_enabled=&#8220;off&#8220; button_one_text_color__hover_enabled=&#8220;off&#8220; button_two_text_color__hover_enabled=&#8220;off&#8220; button_border_width__hover_enabled=&#8220;off&#8220; button_one_border_width__hover_enabled=&#8220;off&#8220; button_two_border_width__hover_enabled=&#8220;off&#8220; button_border_color__hover_enabled=&#8220;off&#8220; button_one_border_color__hover_enabled=&#8220;off&#8220; button_two_border_color__hover_enabled=&#8220;off&#8220; button_border_radius__hover_enabled=&#8220;off&#8220; button_one_border_radius__hover_enabled=&#8220;off&#8220; button_two_border_radius__hover_enabled=&#8220;off&#8220; button_letter_spacing__hover_enabled=&#8220;off&#8220; button_one_letter_spacing__hover_enabled=&#8220;off&#8220; button_two_letter_spacing__hover_enabled=&#8220;off&#8220; button_bg_color__hover_enabled=&#8220;off&#8220; button_one_bg_color__hover_enabled=&#8220;off&#8220; button_two_bg_color__hover_enabled=&#8220;off&#8220; sticky_enabled=&#8220;0&#8243;][et_pb_slide heading=&#8220;Tendos GmbH&#8220; use_bg_overlay=&#8220;off&#8220; use_text_overlay=&#8220;off&#8220; _builder_version=&#8220;4.27.3&#8243; background_color=&#8220;#ffffff&#8220; background_image=&#8220;https:\/\/www.bvbs.de\/wp-content\/uploads\/2021\/02\/mitglieder-bg.jpg&#8220; button_on_hover=&#8220;on&#8220; hover_enabled=&#8220;0&#8243; global_colors_info=&#8220;{}&#8220; button_text_size__hover_enabled=&#8220;off&#8220; button_one_text_size__hover_enabled=&#8220;off&#8220; button_two_text_size__hover_enabled=&#8220;off&#8220; button_text_color__hover_enabled=&#8220;off&#8220; button_one_text_color__hover_enabled=&#8220;off&#8220; button_two_text_color__hover_enabled=&#8220;off&#8220; button_border_width__hover_enabled=&#8220;off&#8220; button_one_border_width__hover_enabled=&#8220;off&#8220; button_two_border_width__hover_enabled=&#8220;off&#8220; button_border_color__hover_enabled=&#8220;off&#8220; button_one_border_color__hover_enabled=&#8220;off&#8220; button_two_border_color__hover_enabled=&#8220;off&#8220; button_border_radius__hover_enabled=&#8220;off&#8220; button_one_border_radius__hover_enabled=&#8220;off&#8220; button_two_border_radius__hover_enabled=&#8220;off&#8220; button_letter_spacing__hover_enabled=&#8220;off&#8220; button_one_letter_spacing__hover_enabled=&#8220;off&#8220; button_two_letter_spacing__hover_enabled=&#8220;off&#8220; button_bg_color__hover_enabled=&#8220;off&#8220; button_one_bg_color__hover_enabled=&#8220;off&#8220; button_two_bg_color__hover_enabled=&#8220;off&#8220; sticky_transition=&#8220;on&#8220; sticky_enabled=&#8220;0&#8243;]<\/p>\n<p>BVBS-Mitgliedsunternehmen<\/p>\n<p>[\/et_pb_slide][\/et_pb_fullwidth_slider][\/et_pb_section][et_pb_section fb_built=&#8220;1&#8243; _builder_version=&#8220;4.16&#8243; global_colors_info=&#8220;{}&#8220;][et_pb_row column_structure=&#8220;1_3,2_3&#8243; disabled_on=&#8220;off|off|off&#8220; _builder_version=&#8220;4.16&#8243; border_width_bottom=&#8220;1px&#8220; border_color_bottom=&#8220;rgba(105,102,102,0.36)&#8220; global_colors_info=&#8220;{}&#8220;][et_pb_column type=&#8220;1_3&#8243; _builder_version=&#8220;4.16&#8243; custom_padding=&#8220;|||&#8220; global_colors_info=&#8220;{}&#8220; custom_padding__hover=&#8220;|||&#8220;][et_pb_text _builder_version=&#8220;4.16&#8243; text_font=&#8220;Roboto|700|||||||&#8220; text_text_color=&#8220;#696666&#8243; text_font_size=&#8220;40px&#8220; global_colors_info=&#8220;{}&#8220;]Allgemeines<br \/>\n[\/et_pb_text][\/et_pb_column][et_pb_column type=&#8220;2_3&#8243; _builder_version=&#8220;4.16&#8243; custom_padding=&#8220;|||&#8220; global_colors_info=&#8220;{}&#8220; custom_padding__hover=&#8220;|||&#8220;][et_pb_text _builder_version=&#8220;4.27.3&#8243; global_colors_info=&#8220;{}&#8220; hover_enabled=&#8220;0&#8243; sticky_enabled=&#8220;0&#8243;]<span>Tendos entwickelt die gleichnamige KI-Softwarel\u00f6sung, die Unternehmen bei der automatisierten Bearbeitung von Vertriebsanfragen unterst\u00fctzt. Die Plattform verarbeitet eingehende Dokumente jedweder Art wie Ausschreibungen, St\u00fccklisten, Leistungsverzeichnisse, Werksanfragen, Preisanfragen oder Bestellformulare und erstellt daraus innerhalb von Sekunden standardisierte Angebote. Die L\u00f6sung l\u00e4sst sich in bestehende Systeme integrieren und reduziert den manuellen Aufwand im Vertriebs&shy;innen&shy;dienst, sodass sich dieser auf die Betreuung von Kunden und die Bearbeitung komplexer technischer Auslegungen konzentrieren kann.<\/span>[\/et_pb_text][\/et_pb_column][\/et_pb_row][et_pb_row column_structure=&#8220;1_3,2_3&#8243; disabled_on=&#8220;off|off|off&#8220; _builder_version=&#8220;4.16&#8243; border_width_bottom=&#8220;1px&#8220; border_color_bottom=&#8220;rgba(105,102,102,0.36)&#8220; global_colors_info=&#8220;{}&#8220;][et_pb_column type=&#8220;1_3&#8243; _builder_version=&#8220;4.16&#8243; custom_padding=&#8220;|||&#8220; global_colors_info=&#8220;{}&#8220; custom_padding__hover=&#8220;|||&#8220;][et_pb_text _builder_version=&#8220;4.16&#8243; text_font=&#8220;Roboto|700|||||||&#8220; text_text_color=&#8220;#696666&#8243; text_font_size=&#8220;40px&#8220; global_colors_info=&#8220;{}&#8220;]Produkte<br \/>\n[\/et_pb_text][\/et_pb_column][et_pb_column type=&#8220;2_3&#8243; _builder_version=&#8220;4.16&#8243; custom_padding=&#8220;|||&#8220; global_colors_info=&#8220;{}&#8220; custom_padding__hover=&#8220;|||&#8220;][et_pb_text _builder_version=&#8220;4.27.3&#8243; global_colors_info=&#8220;{}&#8220; custom_padding=&#8220;1px|||||&#8220; hover_enabled=&#8220;0&#8243; sticky_enabled=&#8220;0&#8243;]Tendos verarbeitet eingehende Vertriebsanfragen automatisiert, unabh\u00e4ngig vom Format, darunter GAEB-, PDF-, Excel- und Word-Dateien sowie E-Mails. Die KI-Software erkennt relevante Positionen, gleicht diese mit dem spezifischen Produktkatalog ab und erstellt daraus Angebote, die direkt versandfertig oder in bestehende CRM- bzw. ERP-Systeme integrierbar sind. Die L\u00f6sung unterst\u00fctzt Eigenausschreibungen, Fremdausschreibungen und neutrale Ausschreibungen gleicherma\u00dfen. Durch die Automatisierung wieder\u00adkehrender Arbeitsschritte wird der manuelle Aufwand reduziert, w\u00e4hrend alle Anfragen nachvoll&shy;ziehbar bearbeitet werden k\u00f6nnen.[\/et_pb_text][\/et_pb_column][\/et_pb_row][et_pb_row column_structure=&#8220;1_3,1_3,1_3&#8243; disabled_on=&#8220;off|off|off&#8220; _builder_version=&#8220;4.16&#8243; custom_padding=&#8220;50px|0px|27px|0px&#8220; global_colors_info=&#8220;{}&#8220;][et_pb_column type=&#8220;1_3&#8243; _builder_version=&#8220;4.16&#8243; custom_padding=&#8220;|||&#8220; global_colors_info=&#8220;{}&#8220; custom_padding__hover=&#8220;|||&#8220;][et_pb_text _builder_version=&#8220;4.16&#8243; text_font=&#8220;Roboto|700|||||||&#8220; text_text_color=&#8220;#696666&#8243; text_font_size=&#8220;40px&#8220; global_colors_info=&#8220;{}&#8220;]Kontakt<br \/>\n[\/et_pb_text][\/et_pb_column][et_pb_column type=&#8220;1_3&#8243; _builder_version=&#8220;4.16&#8243; custom_padding=&#8220;|||&#8220; global_colors_info=&#8220;{}&#8220; custom_padding__hover=&#8220;|||&#8220;][et_pb_text _builder_version=&#8220;4.27.3&#8243; locked=&#8220;off&#8220; global_colors_info=&#8220;{}&#8220; hover_enabled=&#8220;0&#8243; sticky_enabled=&#8220;0&#8243;]<\/p>\n<p><strong>Tendos GmbH<br \/><\/strong>Faberstr. 8d<br \/><span style=\"font-size: 15px;\">81373 M\u00fcnchen<\/span><\/p>\n<p><span style=\"font-size: 15px;\">Telefon: +49 171 5310967<\/span><\/p>\n<p><span style=\"font-size: 15px;\">E-Mail: <a href=\"mailto:inf&#111;&#064;t&#101;&#110;&#100;&#111;s&#046;&#097;i\">info&#64;&#116;&#101;&#110;do&#115;&#46;&#97;i<\/a><br \/><\/span><span style=\"font-size: 15px;\">Internet: <a href=\"http:\/\/tendos.ai\" target=\"_blank\" rel=\"noopener noreferrer\">https:\/\/tendos.ai<\/a><\/span><\/p>\n<p>[\/et_pb_text][\/et_pb_column][et_pb_column type=&#8220;1_3&#8243; _builder_version=&#8220;4.16&#8243; custom_padding=&#8220;|||&#8220; global_colors_info=&#8220;{}&#8220; custom_padding__hover=&#8220;|||&#8220;][et_pb_image src=&#8220;https:\/\/www.bvbs.de\/wp-content\/uploads\/2025\/09\/Logo_Tendos_Unternehmensprofil.jpg&#8220; alt=&#8220;Logo Tendos GmbH Unternehmensprofil&#8220; title_text=&#8220;Logo_Tendos_Unternehmensprofil&#8220; align_tablet=&#8220;left&#8220; align_phone=&#8220;left&#8220; align_last_edited=&#8220;on|tablet&#8220; _builder_version=&#8220;4.27.3&#8243; max_width=&#8220;76%&#8220; hover_enabled=&#8220;0&#8243; global_colors_info=&#8220;{}&#8220; sticky_enabled=&#8220;0&#8243; max_width_last_edited=&#8220;on|desktop&#8220; max_width_tablet=&#8220;39%&#8220; max_width_phone=&#8220;69%&#8220;]\u00a0<br \/>\n[\/et_pb_image][\/et_pb_column][\/et_pb_row][\/et_pb_section]<\/p>\n","protected":false},"excerpt":{"rendered":"<p>BVBS-MitgliedsunternehmenAllgemeines Tendos entwickelt die gleichnamige KI-Softwarel\u00f6sung, die Unternehmen bei der automatisierten Bearbeitung von Vertriebsanfragen unterst\u00fctzt. Die Plattform verarbeitet eingehende Dokumente jedweder Art wie Ausschreibungen, St\u00fccklisten, Leistungsverzeichnisse, Werksanfragen, Preisanfragen oder Bestellformulare und erstellt daraus innerhalb von Sekunden standardisierte Angebote. Die L\u00f6sung l\u00e4sst sich in bestehende Systeme integrieren und reduziert den manuellen Aufwand im Vertriebs&shy;innen&shy;dienst, sodass sich [&hellip;]<\/p>\n","protected":false},"author":760,"featured_media":26679,"parent":0,"menu_order":0,"comment_status":"closed","ping_status":"closed","template":"","meta":{"_et_pb_use_builder":"on","_et_pb_old_content":"","_et_gb_content_width":"","wp_typography_post_enhancements_disabled":false,"footnotes":""},"class_list":["post-26663","page","type-page","status-publish","has-post-thumbnail","hentry"],"yoast_head":"<!-- This site is optimized with the Yoast SEO plugin v26.1.1 - https:\/\/yoast.com\/wordpress\/plugins\/seo\/ -->\r\n<title>Tendos GmbH - BVBS Bundesverband Software und Digitalisierung im Bauwesen e.V.<\/title>\r\n<meta name=\"robots\" content=\"index, follow, max-snippet:-1, max-image-preview:large, max-video-preview:-1\" \/>\r\n<link rel=\"canonical\" href=\"https:\/\/www.bvbs.de\/en\/tendos\/\" \/>\r\n<meta property=\"og:locale\" content=\"en_GB\" \/>\r\n<meta property=\"og:type\" content=\"article\" \/>\r\n<meta property=\"og:title\" content=\"Tendos GmbH - BVBS Bundesverband Software und Digitalisierung im Bauwesen e.V.\" \/>\r\n<meta property=\"og:description\" content=\"BVBS-MitgliedsunternehmenAllgemeines Tendos entwickelt die gleichnamige KI-Softwarel\u00f6sung, die Unternehmen bei der automatisierten Bearbeitung von Vertriebsanfragen unterst\u00fctzt. Die Plattform verarbeitet eingehende Dokumente jedweder Art wie Ausschreibungen, St\u00fccklisten, Leistungsverzeichnisse, Werksanfragen, Preisanfragen oder Bestellformulare und erstellt daraus innerhalb von Sekunden standardisierte Angebote. Die L\u00f6sung l\u00e4sst sich in bestehende Systeme integrieren und reduziert den manuellen Aufwand im Vertriebs&shy;innen&shy;dienst, sodass sich [&hellip;]\" \/>\r\n<meta property=\"og:url\" content=\"https:\/\/www.bvbs.de\/en\/tendos\/\" \/>\r\n<meta property=\"og:site_name\" content=\"BVBS Bundesverband Software und Digitalisierung im Bauwesen e.V.\" \/>\r\n<meta property=\"article:modified_time\" content=\"2025-10-02T12:37:34+00:00\" \/>\r\n<meta property=\"og:image\" content=\"https:\/\/www.bvbs.de\/wp-content\/uploads\/2025\/09\/Logo_Tendos_Startseite.jpg\" \/>\r\n\t<meta property=\"og:image:width\" content=\"400\" \/>\r\n\t<meta property=\"og:image:height\" content=\"284\" \/>\r\n\t<meta property=\"og:image:type\" content=\"image\/jpeg\" \/>\r\n<meta name=\"twitter:card\" content=\"summary_large_image\" \/>\r\n<meta name=\"twitter:label1\" content=\"Estimated reading time\" \/>\n\t<meta name=\"twitter:data1\" content=\"1 minute\" \/>\r\n<script type=\"application\/ld+json\" class=\"yoast-schema-graph\">{\"@context\":\"https:\/\/schema.org\",\"@graph\":[{\"@type\":\"WebPage\",\"@id\":\"https:\/\/www.bvbs.de\/tendos\/\",\"url\":\"https:\/\/www.bvbs.de\/tendos\/\",\"name\":\"Tendos GmbH - BVBS Bundesverband Software und Digitalisierung im Bauwesen e.V.\",\"isPartOf\":{\"@id\":\"https:\/\/www.bvbs.de\/#website\"},\"primaryImageOfPage\":{\"@id\":\"https:\/\/www.bvbs.de\/tendos\/#primaryimage\"},\"image\":{\"@id\":\"https:\/\/www.bvbs.de\/tendos\/#primaryimage\"},\"thumbnailUrl\":\"https:\/\/www.bvbs.de\/wp-content\/uploads\/2025\/09\/Logo_Tendos_Startseite.jpg\",\"datePublished\":\"2025-09-17T08:02:50+00:00\",\"dateModified\":\"2025-10-02T12:37:34+00:00\",\"breadcrumb\":{\"@id\":\"https:\/\/www.bvbs.de\/tendos\/#breadcrumb\"},\"inLanguage\":\"en-GB\",\"potentialAction\":[{\"@type\":\"ReadAction\",\"target\":[\"https:\/\/www.bvbs.de\/tendos\/\"]}]},{\"@type\":\"ImageObject\",\"inLanguage\":\"en-GB\",\"@id\":\"https:\/\/www.bvbs.de\/tendos\/#primaryimage\",\"url\":\"https:\/\/www.bvbs.de\/wp-content\/uploads\/2025\/09\/Logo_Tendos_Startseite.jpg\",\"contentUrl\":\"https:\/\/www.bvbs.de\/wp-content\/uploads\/2025\/09\/Logo_Tendos_Startseite.jpg\",\"width\":400,\"height\":284,\"caption\":\"Logo Tendos GmbH Startseite\"},{\"@type\":\"BreadcrumbList\",\"@id\":\"https:\/\/www.bvbs.de\/tendos\/#breadcrumb\",\"itemListElement\":[{\"@type\":\"ListItem\",\"position\":1,\"name\":\"Startseite\",\"item\":\"https:\/\/www.bvbs.de\/\"},{\"@type\":\"ListItem\",\"position\":2,\"name\":\"Tendos GmbH\"}]},{\"@type\":\"WebSite\",\"@id\":\"https:\/\/www.bvbs.de\/#website\",\"url\":\"https:\/\/www.bvbs.de\/\",\"name\":\"BVBS Bundesverband Software und Digitalisierung im Bauwesen e.V.\",\"description\":\"\",\"publisher\":{\"@id\":\"https:\/\/www.bvbs.de\/#organization\"},\"potentialAction\":[{\"@type\":\"SearchAction\",\"target\":{\"@type\":\"EntryPoint\",\"urlTemplate\":\"https:\/\/www.bvbs.de\/?s={search_term_string}\"},\"query-input\":{\"@type\":\"PropertyValueSpecification\",\"valueRequired\":true,\"valueName\":\"search_term_string\"}}],\"inLanguage\":\"en-GB\"},{\"@type\":\"Organization\",\"@id\":\"https:\/\/www.bvbs.de\/#organization\",\"name\":\"BVBS Bundesverband Software und Digitalisierung im Bauwesen\",\"url\":\"https:\/\/www.bvbs.de\/\",\"logo\":{\"@type\":\"ImageObject\",\"inLanguage\":\"en-GB\",\"@id\":\"https:\/\/www.bvbs.de\/#\/schema\/logo\/image\/\",\"url\":\"https:\/\/www.bvbs.de\/wp-content\/uploads\/2024\/01\/cropped-favicon-bvbs.png\",\"contentUrl\":\"https:\/\/www.bvbs.de\/wp-content\/uploads\/2024\/01\/cropped-favicon-bvbs.png\",\"width\":512,\"height\":512,\"caption\":\"BVBS Bundesverband Software und Digitalisierung im Bauwesen\"},\"image\":{\"@id\":\"https:\/\/www.bvbs.de\/#\/schema\/logo\/image\/\"}}]}<\/script>\r\n<!-- \/ Yoast SEO plugin. -->","yoast_head_json":{"title":"Ten\u00addos GmbH \u2014 BVBS Bun\u00addes\u00adver\u00adband Soft\u00adware und Digi\u00adta\u00adli\u00adsie\u00adrung im Bau\u00adwe\u00adsen e.V.","robots":{"index":"index","follow":"follow","max-snippet":"max-snippet:-1","max-image-preview":"max-image-preview:large","max-video-preview":"max-video-preview:-1"},"canonical":"https:\/\/www.bvbs.de\/en\/tendos\/","og_locale":"en_GB","og_type":"article","og_title":"Tendos GmbH - BVBS Bundesverband Software und Digitalisierung im Bauwesen e.V.","og_description":"BVBS-MitgliedsunternehmenAllgemeines Tendos entwickelt die gleichnamige KI-Softwarel\u00f6sung, die Unternehmen bei der automatisierten Bearbeitung von Vertriebsanfragen unterst\u00fctzt. Die Plattform verarbeitet eingehende Dokumente jedweder Art wie Ausschreibungen, St\u00fccklisten, Leistungsverzeichnisse, Werksanfragen, Preisanfragen oder Bestellformulare und erstellt daraus innerhalb von Sekunden standardisierte Angebote. Die L\u00f6sung l\u00e4sst sich in bestehende Systeme integrieren und reduziert den manuellen Aufwand im Vertriebs&shy;innen&shy;dienst, sodass sich [&hellip;]","og_url":"https:\/\/www.bvbs.de\/en\/tendos\/","og_site_name":"BVBS Bundesverband Software und Digitalisierung im Bauwesen e.V.","article_modified_time":"2025-10-02T12:37:34+00:00","og_image":[{"width":400,"height":284,"url":"https:\/\/www.bvbs.de\/wp-content\/uploads\/2025\/09\/Logo_Tendos_Startseite.jpg","type":"image\/jpeg"}],"twitter_card":"summary_large_image","twitter_misc":{"Estimated reading time":"1 minute"},"schema":{"@context":"https:\/\/schema.org","@graph":[{"@type":"WebPage","@id":"https:\/\/www.bvbs.de\/tendos\/","url":"https:\/\/www.bvbs.de\/tendos\/","name":"Ten\u00addos GmbH \u2014 BVBS Bun\u00addes\u00adver\u00adband Soft\u00adware und Digi\u00adta\u00adli\u00adsie\u00adrung im Bau\u00adwe\u00adsen e.V.","isPartOf":{"@id":"https:\/\/www.bvbs.de\/#website"},"primaryImageOfPage":{"@id":"https:\/\/www.bvbs.de\/tendos\/#primaryimage"},"image":{"@id":"https:\/\/www.bvbs.de\/tendos\/#primaryimage"},"thumbnailUrl":"https:\/\/www.bvbs.de\/wp-content\/uploads\/2025\/09\/Logo_Tendos_Startseite.jpg","datePublished":"2025-09-17T08:02:50+00:00","dateModified":"2025-10-02T12:37:34+00:00","breadcrumb":{"@id":"https:\/\/www.bvbs.de\/tendos\/#breadcrumb"},"inLanguage":"en-GB","potentialAction":[{"@type":"ReadAction","target":["https:\/\/www.bvbs.de\/tendos\/"]}]},{"@type":"ImageObject","inLanguage":"en-GB","@id":"https:\/\/www.bvbs.de\/tendos\/#primaryimage","url":"https:\/\/www.bvbs.de\/wp-content\/uploads\/2025\/09\/Logo_Tendos_Startseite.jpg","contentUrl":"https:\/\/www.bvbs.de\/wp-content\/uploads\/2025\/09\/Logo_Tendos_Startseite.jpg","width":400,"height":284,"caption":"Logo Tendos GmbH Startseite"},{"@type":"BreadcrumbList","@id":"https:\/\/www.bvbs.de\/tendos\/#breadcrumb","itemListElement":[{"@type":"ListItem","position":1,"name":"Startseite","item":"https:\/\/www.bvbs.de\/"},{"@type":"ListItem","position":2,"name":"Tendos GmbH"}]},{"@type":"WebSite","@id":"https:\/\/www.bvbs.de\/#website","url":"https:\/\/www.bvbs.de\/","name":"BVBS Bun\u00addes\u00adver\u00adband Soft\u00adware und Digi\u00adta\u00adli\u00adsie\u00adrung im Bau\u00adwe\u00adsen e.V.","description":"","publisher":{"@id":"https:\/\/www.bvbs.de\/#organization"},"potentialAction":[{"@type":"SearchAction","target":{"@type":"EntryPoint","urlTemplate":"https:\/\/www.bvbs.de\/?s={search_term_string}"},"query-input":{"@type":"PropertyValueSpecification","valueRequired":true,"valueName":"search_term_string"}}],"inLanguage":"en-GB"},{"@type":"Organization","@id":"https:\/\/www.bvbs.de\/#organization","name":"BVBS Bun\u00addes\u00adver\u00adband Soft\u00adware und Digi\u00adta\u00adli\u00adsie\u00adrung im Bauwesen","url":"https:\/\/www.bvbs.de\/","logo":{"@type":"ImageObject","inLanguage":"en-GB","@id":"https:\/\/www.bvbs.de\/#\/schema\/logo\/image\/","url":"https:\/\/www.bvbs.de\/wp-content\/uploads\/2024\/01\/cropped-favicon-bvbs.png","contentUrl":"https:\/\/www.bvbs.de\/wp-content\/uploads\/2024\/01\/cropped-favicon-bvbs.png","width":512,"height":512,"caption":"BVBS Bundesverband Software und Digitalisierung im Bauwesen"},"image":{"@id":"https:\/\/www.bvbs.de\/#\/schema\/logo\/image\/"}}]}},"_links":{"self":[{"href":"https:\/\/www.bvbs.de\/en\/wp-json\/wp\/v2\/pages\/26663","targetHints":{"allow":["GET"]}}],"collection":[{"href":"https:\/\/www.bvbs.de\/en\/wp-json\/wp\/v2\/pages"}],"about":[{"href":"https:\/\/www.bvbs.de\/en\/wp-json\/wp\/v2\/types\/page"}],"author":[{"embeddable":true,"href":"https:\/\/www.bvbs.de\/en\/wp-json\/wp\/v2\/users\/760"}],"replies":[{"embeddable":true,"href":"https:\/\/www.bvbs.de\/en\/wp-json\/wp\/v2\/comments?post=26663"}],"version-history":[{"count":0,"href":"https:\/\/www.bvbs.de\/en\/wp-json\/wp\/v2\/pages\/26663\/revisions"}],"wp:featuredmedia":[{"embeddable":true,"href":"https:\/\/www.bvbs.de\/en\/wp-json\/wp\/v2\/media\/26679"}],"wp:attachment":[{"href":"https:\/\/www.bvbs.de\/en\/wp-json\/wp\/v2\/media?parent=26663"}],"curies":[{"name":"wp","href":"https:\/\/api.w.org\/{rel}","templated":true}]}}