{"id":27440,"date":"2025-10-30T08:56:38","date_gmt":"2025-10-30T07:56:38","guid":{"rendered":"https:\/\/www.bvbs.de\/?page_id=27440"},"modified":"2026-02-24T15:40:30","modified_gmt":"2026-02-24T14:40:30","slug":"bobbie","status":"publish","type":"page","link":"https:\/\/www.bvbs.de\/en\/bobbie\/","title":{"rendered":"bob\u00adbie Deutsch\u00adland&nbsp;GmbH"},"content":{"rendered":"<p>[et_pb_section fb_built=&#8220;1&#8243; fullwidth=&#8220;on&#8220; _builder_version=&#8220;4.16&#8243; global_colors_info=&#8220;{}&#8220;][et_pb_fullwidth_slider _builder_version=&#8220;4.27.3&#8243; body_font=&#8220;||||||||&#8220; background_image=&#8220;https:\/\/www.bvbs.de\/wp-content\/uploads\/2021\/02\/mitglieder-bg.jpg&#8220; global_colors_info=&#8220;{}&#8220; button_text_size__hover_enabled=&#8220;off&#8220; button_one_text_size__hover_enabled=&#8220;off&#8220; button_two_text_size__hover_enabled=&#8220;off&#8220; button_text_color__hover_enabled=&#8220;off&#8220; button_one_text_color__hover_enabled=&#8220;off&#8220; button_two_text_color__hover_enabled=&#8220;off&#8220; button_border_width__hover_enabled=&#8220;off&#8220; button_one_border_width__hover_enabled=&#8220;off&#8220; button_two_border_width__hover_enabled=&#8220;off&#8220; button_border_color__hover_enabled=&#8220;off&#8220; button_one_border_color__hover_enabled=&#8220;off&#8220; button_two_border_color__hover_enabled=&#8220;off&#8220; button_border_radius__hover_enabled=&#8220;off&#8220; button_one_border_radius__hover_enabled=&#8220;off&#8220; button_two_border_radius__hover_enabled=&#8220;off&#8220; button_letter_spacing__hover_enabled=&#8220;off&#8220; button_one_letter_spacing__hover_enabled=&#8220;off&#8220; button_two_letter_spacing__hover_enabled=&#8220;off&#8220; button_bg_color__hover_enabled=&#8220;off&#8220; button_one_bg_color__hover_enabled=&#8220;off&#8220; button_two_bg_color__hover_enabled=&#8220;off&#8220;][et_pb_slide heading=&#8220;bobbie Deutschland GmbH&#8220; _builder_version=&#8220;4.27.3&#8243; header_font=&#8220;Roboto|700|||||||&#8220; header_font_size=&#8220;46px&#8220; body_font=&#8220;Roboto||||||||&#8220; background_color=&#8220;#ffffff&#8220; global_colors_info=&#8220;{}&#8220; button_text_size__hover_enabled=&#8220;off&#8220; button_one_text_size__hover_enabled=&#8220;off&#8220; button_two_text_size__hover_enabled=&#8220;off&#8220; button_text_color__hover_enabled=&#8220;off&#8220; button_one_text_color__hover_enabled=&#8220;off&#8220; button_two_text_color__hover_enabled=&#8220;off&#8220; button_border_width__hover_enabled=&#8220;off&#8220; button_one_border_width__hover_enabled=&#8220;off&#8220; button_two_border_width__hover_enabled=&#8220;off&#8220; button_border_color__hover_enabled=&#8220;off&#8220; button_one_border_color__hover_enabled=&#8220;off&#8220; button_two_border_color__hover_enabled=&#8220;off&#8220; button_border_radius__hover_enabled=&#8220;off&#8220; button_one_border_radius__hover_enabled=&#8220;off&#8220; button_two_border_radius__hover_enabled=&#8220;off&#8220; button_letter_spacing__hover_enabled=&#8220;off&#8220; button_one_letter_spacing__hover_enabled=&#8220;off&#8220; button_two_letter_spacing__hover_enabled=&#8220;off&#8220; button_bg_color__hover_enabled=&#8220;off&#8220; button_one_bg_color__hover_enabled=&#8220;off&#8220; button_two_bg_color__hover_enabled=&#8220;off&#8220; sticky_transition=&#8220;on&#8220;]<\/p>\n<p>BVBS Mitgliedsunternehmen<\/p>\n<p>[\/et_pb_slide][\/et_pb_fullwidth_slider][\/et_pb_section][et_pb_section fb_built=&#8220;1&#8243; _builder_version=&#8220;4.16&#8243; global_colors_info=&#8220;{}&#8220;][et_pb_row column_structure=&#8220;1_3,2_3&#8243; disabled_on=&#8220;on|on|on&#8220; _builder_version=&#8220;4.16&#8243; custom_padding=&#8220;27px|0px|50px|0px&#8220; border_width_bottom=&#8220;1px&#8220; border_color_bottom=&#8220;rgba(51,51,51,0.18)&#8220; disabled=&#8220;on&#8220; global_colors_info=&#8220;{}&#8220;][et_pb_column type=&#8220;1_3&#8243; _builder_version=&#8220;4.16&#8243; custom_padding=&#8220;|||&#8220; global_colors_info=&#8220;{}&#8220; custom_padding__hover=&#8220;|||&#8220;][et_pb_text _builder_version=&#8220;4.16&#8243; text_font=&#8220;Roboto|700|||||||&#8220; text_text_color=&#8220;#696666&#8243; text_font_size=&#8220;40px&#8220; global_colors_info=&#8220;{}&#8220;]Allgemeines<br \/>\n[\/et_pb_text][\/et_pb_column][et_pb_column type=&#8220;2_3&#8243; _builder_version=&#8220;4.16&#8243; custom_padding=&#8220;|||&#8220; global_colors_info=&#8220;{}&#8220; custom_padding__hover=&#8220;|||&#8220;][et_pb_text _builder_version=&#8220;4.16&#8243; global_colors_info=&#8220;{}&#8220;]<\/p>\n<p>Einfach und intuitiv bedienbar, so muss eine Software sein, wenn sie Zeitersparnis f\u00fcr Unternehmen bringen soll. Eine Pr\u00e4misse, die die blue:solution software GmbH in jedem ihrer Softwareprogramme verfolgt. Seit 2001 ist das Softwarehaus spezialisiert auf die Entwicklung kaufm\u00e4nnischer Software f\u00fcr Handwerk, Handel und Dienstleister. In der Entwicklung greift das Team auf Erfahrungen aus der Handwerkerbranche und das Know-how erfahrener Software-Spezialisten zur\u00fcck \u2013 aus der Praxis f\u00fcr die Praxis. \u00dcber 25.000 Unternehmen in Deutschland verlassen sich t\u00e4glichen bei der Arbeit auf die Software aus dem Rheinenser Unternehmen.<\/p>\n<p>[\/et_pb_text][\/et_pb_column][\/et_pb_row][et_pb_row column_structure=&#8220;1_3,2_3&#8243; disabled_on=&#8220;on|on|on&#8220; _builder_version=&#8220;4.16&#8243; custom_padding=&#8220;50px|0px|50px|0px&#8220; border_width_bottom=&#8220;1px&#8220; border_color_bottom=&#8220;rgba(51,51,51,0.18)&#8220; disabled=&#8220;on&#8220; global_colors_info=&#8220;{}&#8220;][et_pb_column type=&#8220;1_3&#8243; _builder_version=&#8220;4.16&#8243; custom_padding=&#8220;|||&#8220; global_colors_info=&#8220;{}&#8220; custom_padding__hover=&#8220;|||&#8220;][et_pb_text _builder_version=&#8220;4.16&#8243; text_font=&#8220;Roboto|700|||||||&#8220; text_text_color=&#8220;#696666&#8243; text_font_size=&#8220;40px&#8220; global_colors_info=&#8220;{}&#8220;]Produkte<br \/>\n[\/et_pb_text][\/et_pb_column][et_pb_column type=&#8220;2_3&#8243; _builder_version=&#8220;4.16&#8243; custom_padding=&#8220;|||&#8220; global_colors_info=&#8220;{}&#8220; custom_padding__hover=&#8220;|||&#8220;][et_pb_text _builder_version=&#8220;4.27.3&#8243; global_colors_info=&#8220;{}&#8220;]<\/p>\n<p><strong>blue:solution &#8211; smarthandwerk <\/strong><br \/>Die wichtigsten Funktionen einer Handwerkersoftware f\u00fcr kleine bis mittelst\u00e4ndische Unternehmen. Das praktisches Mietmodell und ein modularer Aufbau bietet Ihnen maximale Flexibilit\u00e4t.<\/p>\n<p><strong>blue:solution &#8211; tophandwerk<\/strong><br \/>Unsere Software f\u00fcr mittelst\u00e4ndische Unternehmen zum einmaligen Kaufpreis und flexiblen Service- und Wartungsm\u00f6glichkeiten, mit einer Betreuung durch regionale Fachhandelspartner in ganz Deutschland und \u00d6sterreich.<\/p>\n<p><strong>blue:solution &#8211; topzeit<\/strong><br \/>Die B\u00fcrosoftware f\u00fcr optimale Zeiterfassung in mittelst\u00e4ndischen Unternehmen. Eine ideale All-in-One L\u00f6sung f\u00fcr Projekt-, Personalzeiterfassung und Zutrittskontrolle<\/p>\n<p><strong>blue:solution &#8211; work CE<br \/><\/strong>Mit der kostenlosen Cloudsoftware blue:solution &#8211; work CE die Prozesse zum Kunden und Gro\u00dfh\u00e4ndler von Anfang an digital abbilden. Rechts- und datenschutzkonform.<\/p>\n<p><strong>Mobile Zeiterfassung<\/strong><br \/>Bequem von Unterwegs Arbeits-, Projektzeiten und Urlaubsantr\u00e4ge verwalten und direkt an Ihre lokal installierte blue:solution &#8211; topzeit \u00fcbermitteln.<\/p>\n<p><strong>my blue:app hand:werk und my blue:app bau:doku<\/strong><br \/>Nutzen Sie die Flexibilit\u00e4t und Freiheiten, die Ihnen die my blue:app\u00b4s bieten und digitalisieren Sie Ihre t\u00e4glichen Arbeitsabl\u00e4ufe.<\/p>\n<p>[\/et_pb_text][\/et_pb_column][\/et_pb_row][et_pb_row column_structure=&#8220;1_3,1_3,1_3&#8243; _builder_version=&#8220;4.16&#8243; custom_padding=&#8220;50px|0px|27px|0px&#8220; global_colors_info=&#8220;{}&#8220;][et_pb_column type=&#8220;1_3&#8243; _builder_version=&#8220;4.16&#8243; custom_padding=&#8220;|||&#8220; global_colors_info=&#8220;{}&#8220; custom_padding__hover=&#8220;|||&#8220;][et_pb_text _builder_version=&#8220;4.16&#8243; text_font=&#8220;Roboto|700|||||||&#8220; text_text_color=&#8220;#696666&#8243; text_font_size=&#8220;40px&#8220; global_colors_info=&#8220;{}&#8220;]Kontakt<br \/>\n[\/et_pb_text][\/et_pb_column][et_pb_column type=&#8220;1_3&#8243; _builder_version=&#8220;4.16&#8243; custom_padding=&#8220;|||&#8220; global_colors_info=&#8220;{}&#8220; custom_padding__hover=&#8220;|||&#8220;][et_pb_text _builder_version=&#8220;4.27.3&#8243; custom_margin=&#8220;|||&#8220; custom_padding=&#8220;|||&#8220; global_colors_info=&#8220;{}&#8220;]<\/p>\n<p><strong>bobbie Deutschland GmbH<\/strong><\/p>\n<p>Frankfurter Ring 211<br \/>80807 M\u00fcnchen<\/p>\n<p>Telefon: +49 89 2154015-0<\/p>\n<p>E-Mail: <a href=\"mailto:s&#117;pp&#111;r&#116;&#064;bobbie.&#100;e\">s&#117;p&#112;o&#114;&#116;&#64;bob&#98;&#105;e&#46;&#100;&#101;<\/a><br \/>Internet: <a href=\"http:\/\/www.bobbie.de\" target=\"_blank\" rel=\"noopener noreferrer\">www.bobbie.de<\/a><\/p>\n<p>[\/et_pb_text][\/et_pb_column][et_pb_column type=&#8220;1_3&#8243; _builder_version=&#8220;4.16&#8243; custom_padding=&#8220;|||&#8220; global_colors_info=&#8220;{}&#8220; custom_padding__hover=&#8220;|||&#8220;][et_pb_image src=&#8220;https:\/\/www.bvbs.de\/wp-content\/uploads\/2026\/02\/Bobbie_Logo_202602.png&#8220; alt=&#8220;Blaues Logo der bobbie Deutschland Vertriebs GmbH&#8220; title_text=&#8220;Bobbie_Logo_202602&#8243; align_tablet=&#8220;left&#8220; align_phone=&#8220;left&#8220; align_last_edited=&#8220;on|phone&#8220; _builder_version=&#8220;4.27.3&#8243; max_width=&#8220;81%&#8220; max_width_tablet=&#8220;40%&#8220; max_width_phone=&#8220;65%&#8220; max_width_last_edited=&#8220;on|phone&#8220; hover_enabled=&#8220;0&#8243; global_colors_info=&#8220;{}&#8220; sticky_enabled=&#8220;0&#8243;]\u00a0<br \/>\n[\/et_pb_image][\/et_pb_column][\/et_pb_row][\/et_pb_section]<\/p>\n","protected":false},"excerpt":{"rendered":"<p>BVBS MitgliedsunternehmenAllgemeines Einfach und intuitiv bedienbar, so muss eine Software sein, wenn sie Zeitersparnis f\u00fcr Unternehmen bringen soll. Eine Pr\u00e4misse, die die blue:solution software GmbH in jedem ihrer Softwareprogramme verfolgt. Seit 2001 ist das Softwarehaus spezialisiert auf die Entwicklung kaufm\u00e4nnischer Software f\u00fcr Handwerk, Handel und Dienstleister. In der Entwicklung greift das Team auf Erfahrungen aus [&hellip;]<\/p>\n","protected":false},"author":760,"featured_media":0,"parent":0,"menu_order":0,"comment_status":"closed","ping_status":"closed","template":"","meta":{"_et_pb_use_builder":"on","_et_pb_old_content":"","_et_gb_content_width":"","wp_typography_post_enhancements_disabled":false,"footnotes":""},"class_list":["post-27440","page","type-page","status-publish","hentry"],"yoast_head":"<!-- This site is optimized with the Yoast SEO plugin v26.1.1 - https:\/\/yoast.com\/wordpress\/plugins\/seo\/ -->\r\n<title>bobbie Deutschland GmbH - BVBS Bundesverband Software und Digitalisierung im Bauwesen e.V.<\/title>\r\n<meta name=\"description\" content=\"bobbie bietet deutschlandweit und international die Lieferung von Baustoffen an \u2013 von kleinen Mengen und Einzelpaletten bis hin zu kompletten LKW-Ladungen.\" \/>\r\n<meta name=\"robots\" content=\"index, follow, max-snippet:-1, max-image-preview:large, max-video-preview:-1\" \/>\r\n<link rel=\"canonical\" href=\"https:\/\/www.bvbs.de\/en\/bobbie\/\" \/>\r\n<meta property=\"og:locale\" content=\"en_GB\" \/>\r\n<meta property=\"og:type\" content=\"article\" \/>\r\n<meta property=\"og:title\" content=\"bobbie Deutschland GmbH - BVBS Bundesverband Software und Digitalisierung im Bauwesen e.V.\" \/>\r\n<meta property=\"og:description\" content=\"bobbie bietet deutschlandweit und international die Lieferung von Baustoffen an \u2013 von kleinen Mengen und Einzelpaletten bis hin zu kompletten LKW-Ladungen.\" \/>\r\n<meta property=\"og:url\" content=\"https:\/\/www.bvbs.de\/en\/bobbie\/\" \/>\r\n<meta property=\"og:site_name\" content=\"BVBS Bundesverband Software und Digitalisierung im Bauwesen e.V.\" \/>\r\n<meta property=\"article:modified_time\" content=\"2026-02-24T14:40:30+00:00\" \/>\r\n<meta name=\"twitter:card\" content=\"summary_large_image\" \/>\r\n<meta name=\"twitter:label1\" content=\"Estimated reading time\" \/>\n\t<meta name=\"twitter:data1\" content=\"1 minute\" \/>\r\n<script type=\"application\/ld+json\" class=\"yoast-schema-graph\">{\"@context\":\"https:\/\/schema.org\",\"@graph\":[{\"@type\":\"WebPage\",\"@id\":\"https:\/\/www.bvbs.de\/bobbie\/\",\"url\":\"https:\/\/www.bvbs.de\/bobbie\/\",\"name\":\"bobbie Deutschland GmbH - BVBS Bundesverband Software und Digitalisierung im Bauwesen e.V.\",\"isPartOf\":{\"@id\":\"https:\/\/www.bvbs.de\/#website\"},\"datePublished\":\"2025-10-30T07:56:38+00:00\",\"dateModified\":\"2026-02-24T14:40:30+00:00\",\"description\":\"bobbie bietet deutschlandweit und international die Lieferung von Baustoffen an \u2013 von kleinen Mengen und Einzelpaletten bis hin zu kompletten LKW-Ladungen.\",\"breadcrumb\":{\"@id\":\"https:\/\/www.bvbs.de\/bobbie\/#breadcrumb\"},\"inLanguage\":\"en-GB\",\"potentialAction\":[{\"@type\":\"ReadAction\",\"target\":[\"https:\/\/www.bvbs.de\/bobbie\/\"]}]},{\"@type\":\"BreadcrumbList\",\"@id\":\"https:\/\/www.bvbs.de\/bobbie\/#breadcrumb\",\"itemListElement\":[{\"@type\":\"ListItem\",\"position\":1,\"name\":\"Startseite\",\"item\":\"https:\/\/www.bvbs.de\/\"},{\"@type\":\"ListItem\",\"position\":2,\"name\":\"bobbie Deutschland GmbH\"}]},{\"@type\":\"WebSite\",\"@id\":\"https:\/\/www.bvbs.de\/#website\",\"url\":\"https:\/\/www.bvbs.de\/\",\"name\":\"BVBS Bundesverband Software und Digitalisierung im Bauwesen e.V.\",\"description\":\"\",\"publisher\":{\"@id\":\"https:\/\/www.bvbs.de\/#organization\"},\"potentialAction\":[{\"@type\":\"SearchAction\",\"target\":{\"@type\":\"EntryPoint\",\"urlTemplate\":\"https:\/\/www.bvbs.de\/?s={search_term_string}\"},\"query-input\":{\"@type\":\"PropertyValueSpecification\",\"valueRequired\":true,\"valueName\":\"search_term_string\"}}],\"inLanguage\":\"en-GB\"},{\"@type\":\"Organization\",\"@id\":\"https:\/\/www.bvbs.de\/#organization\",\"name\":\"BVBS Bundesverband Software und Digitalisierung im Bauwesen\",\"url\":\"https:\/\/www.bvbs.de\/\",\"logo\":{\"@type\":\"ImageObject\",\"inLanguage\":\"en-GB\",\"@id\":\"https:\/\/www.bvbs.de\/#\/schema\/logo\/image\/\",\"url\":\"https:\/\/www.bvbs.de\/wp-content\/uploads\/2024\/01\/cropped-favicon-bvbs.png\",\"contentUrl\":\"https:\/\/www.bvbs.de\/wp-content\/uploads\/2024\/01\/cropped-favicon-bvbs.png\",\"width\":512,\"height\":512,\"caption\":\"BVBS Bundesverband Software und Digitalisierung im Bauwesen\"},\"image\":{\"@id\":\"https:\/\/www.bvbs.de\/#\/schema\/logo\/image\/\"}}]}<\/script>\r\n<!-- \/ Yoast SEO plugin. -->","yoast_head_json":{"title":"bob\u00adbie Deutsch\u00adland GmbH \u2014 BVBS Bun\u00addes\u00adver\u00adband Soft\u00adware und Digi\u00adta\u00adli\u00adsie\u00adrung im Bau\u00adwe\u00adsen e.V.","description":"bob\u00adbie bie\u00adtet deutsch\u00adland\u00adweit und inter\u00adna\u00adtio\u00adnal die Lie\u00adfe\u00adrung von Bau\u00adstof\u00adfen an \u2013 von klei\u00adnen Men\u00adgen und Ein\u00adzel\u00adpa\u00adlet\u00adten bis hin zu kom\u00adplet\u00adten LKW-Ladungen.","robots":{"index":"index","follow":"follow","max-snippet":"max-snippet:-1","max-image-preview":"max-image-preview:large","max-video-preview":"max-video-preview:-1"},"canonical":"https:\/\/www.bvbs.de\/en\/bobbie\/","og_locale":"en_GB","og_type":"article","og_title":"bobbie Deutschland GmbH - BVBS Bundesverband Software und Digitalisierung im Bauwesen e.V.","og_description":"bobbie bietet deutschlandweit und international die Lieferung von Baustoffen an \u2013 von kleinen Mengen und Einzelpaletten bis hin zu kompletten LKW-Ladungen.","og_url":"https:\/\/www.bvbs.de\/en\/bobbie\/","og_site_name":"BVBS Bundesverband Software und Digitalisierung im Bauwesen e.V.","article_modified_time":"2026-02-24T14:40:30+00:00","twitter_card":"summary_large_image","twitter_misc":{"Estimated reading time":"1 minute"},"schema":{"@context":"https:\/\/schema.org","@graph":[{"@type":"WebPage","@id":"https:\/\/www.bvbs.de\/bobbie\/","url":"https:\/\/www.bvbs.de\/bobbie\/","name":"bob\u00adbie Deutsch\u00adland GmbH \u2014 BVBS Bun\u00addes\u00adver\u00adband Soft\u00adware und Digi\u00adta\u00adli\u00adsie\u00adrung im Bau\u00adwe\u00adsen e.V.","isPartOf":{"@id":"https:\/\/www.bvbs.de\/#website"},"datePublished":"2025-10-30T07:56:38+00:00","dateModified":"2026-02-24T14:40:30+00:00","description":"bob\u00adbie bie\u00adtet deutsch\u00adland\u00adweit und inter\u00adna\u00adtio\u00adnal die Lie\u00adfe\u00adrung von Bau\u00adstof\u00adfen an \u2013 von klei\u00adnen Men\u00adgen und Ein\u00adzel\u00adpa\u00adlet\u00adten bis hin zu kom\u00adplet\u00adten LKW-Ladungen.","breadcrumb":{"@id":"https:\/\/www.bvbs.de\/bobbie\/#breadcrumb"},"inLanguage":"en-GB","potentialAction":[{"@type":"ReadAction","target":["https:\/\/www.bvbs.de\/bobbie\/"]}]},{"@type":"BreadcrumbList","@id":"https:\/\/www.bvbs.de\/bobbie\/#breadcrumb","itemListElement":[{"@type":"ListItem","position":1,"name":"Startseite","item":"https:\/\/www.bvbs.de\/"},{"@type":"ListItem","position":2,"name":"bobbie Deutschland GmbH"}]},{"@type":"WebSite","@id":"https:\/\/www.bvbs.de\/#website","url":"https:\/\/www.bvbs.de\/","name":"BVBS Bun\u00addes\u00adver\u00adband Soft\u00adware und Digi\u00adta\u00adli\u00adsie\u00adrung im Bau\u00adwe\u00adsen e.V.","description":"","publisher":{"@id":"https:\/\/www.bvbs.de\/#organization"},"potentialAction":[{"@type":"SearchAction","target":{"@type":"EntryPoint","urlTemplate":"https:\/\/www.bvbs.de\/?s={search_term_string}"},"query-input":{"@type":"PropertyValueSpecification","valueRequired":true,"valueName":"search_term_string"}}],"inLanguage":"en-GB"},{"@type":"Organization","@id":"https:\/\/www.bvbs.de\/#organization","name":"BVBS Bun\u00addes\u00adver\u00adband Soft\u00adware und Digi\u00adta\u00adli\u00adsie\u00adrung im Bauwesen","url":"https:\/\/www.bvbs.de\/","logo":{"@type":"ImageObject","inLanguage":"en-GB","@id":"https:\/\/www.bvbs.de\/#\/schema\/logo\/image\/","url":"https:\/\/www.bvbs.de\/wp-content\/uploads\/2024\/01\/cropped-favicon-bvbs.png","contentUrl":"https:\/\/www.bvbs.de\/wp-content\/uploads\/2024\/01\/cropped-favicon-bvbs.png","width":512,"height":512,"caption":"BVBS Bundesverband Software und Digitalisierung im Bauwesen"},"image":{"@id":"https:\/\/www.bvbs.de\/#\/schema\/logo\/image\/"}}]}},"_links":{"self":[{"href":"https:\/\/www.bvbs.de\/en\/wp-json\/wp\/v2\/pages\/27440","targetHints":{"allow":["GET"]}}],"collection":[{"href":"https:\/\/www.bvbs.de\/en\/wp-json\/wp\/v2\/pages"}],"about":[{"href":"https:\/\/www.bvbs.de\/en\/wp-json\/wp\/v2\/types\/page"}],"author":[{"embeddable":true,"href":"https:\/\/www.bvbs.de\/en\/wp-json\/wp\/v2\/users\/760"}],"replies":[{"embeddable":true,"href":"https:\/\/www.bvbs.de\/en\/wp-json\/wp\/v2\/comments?post=27440"}],"version-history":[{"count":1,"href":"https:\/\/www.bvbs.de\/en\/wp-json\/wp\/v2\/pages\/27440\/revisions"}],"predecessor-version":[{"id":28599,"href":"https:\/\/www.bvbs.de\/en\/wp-json\/wp\/v2\/pages\/27440\/revisions\/28599"}],"wp:attachment":[{"href":"https:\/\/www.bvbs.de\/en\/wp-json\/wp\/v2\/media?parent=27440"}],"curies":[{"name":"wp","href":"https:\/\/api.w.org\/{rel}","templated":true}]}}