{"id":27963,"date":"2026-01-05T15:39:55","date_gmt":"2026-01-05T14:39:55","guid":{"rendered":"https:\/\/www.bvbs.de\/?page_id=27963"},"modified":"2026-01-12T18:17:44","modified_gmt":"2026-01-12T17:17:44","slug":"geocapture","status":"publish","type":"page","link":"https:\/\/www.bvbs.de\/en\/geocapture\/","title":{"rendered":"geo\u00adCap\u00adtu\u00adre&nbsp;GmbH"},"content":{"rendered":"<p>[et_pb_section fb_built=&#8220;1&#8243; fullwidth=&#8220;on&#8220; _builder_version=&#8220;4.16&#8243; global_colors_info=&#8220;{}&#8220;][et_pb_fullwidth_slider _builder_version=&#8220;4.27.3&#8243; background_image=&#8220;https:\/\/www.bvbs.de\/wp-content\/uploads\/2021\/02\/mitglieder-bg.jpg&#8220; global_colors_info=&#8220;{}&#8220; button_text_size__hover_enabled=&#8220;off&#8220; button_one_text_size__hover_enabled=&#8220;off&#8220; button_two_text_size__hover_enabled=&#8220;off&#8220; button_text_color__hover_enabled=&#8220;off&#8220; button_one_text_color__hover_enabled=&#8220;off&#8220; button_two_text_color__hover_enabled=&#8220;off&#8220; button_border_width__hover_enabled=&#8220;off&#8220; button_one_border_width__hover_enabled=&#8220;off&#8220; button_two_border_width__hover_enabled=&#8220;off&#8220; button_border_color__hover_enabled=&#8220;off&#8220; button_one_border_color__hover_enabled=&#8220;off&#8220; button_two_border_color__hover_enabled=&#8220;off&#8220; button_border_radius__hover_enabled=&#8220;off&#8220; button_one_border_radius__hover_enabled=&#8220;off&#8220; button_two_border_radius__hover_enabled=&#8220;off&#8220; button_letter_spacing__hover_enabled=&#8220;off&#8220; button_one_letter_spacing__hover_enabled=&#8220;off&#8220; button_two_letter_spacing__hover_enabled=&#8220;off&#8220; button_bg_color__hover_enabled=&#8220;off&#8220; button_one_bg_color__hover_enabled=&#8220;off&#8220; button_two_bg_color__hover_enabled=&#8220;off&#8220;][et_pb_slide heading=&#8220;geoCapture GmbH&#8220; use_bg_overlay=&#8220;off&#8220; use_text_overlay=&#8220;off&#8220; _builder_version=&#8220;4.27.3&#8243; header_font=&#8220;Roboto|700|||||||&#8220; body_font=&#8220;Roboto||||||||&#8220; background_color=&#8220;#ffffff&#8220; button_on_hover=&#8220;on&#8220; global_colors_info=&#8220;{}&#8220; button_text_size__hover_enabled=&#8220;off&#8220; button_one_text_size__hover_enabled=&#8220;off&#8220; button_two_text_size__hover_enabled=&#8220;off&#8220; button_text_color__hover_enabled=&#8220;off&#8220; button_one_text_color__hover_enabled=&#8220;off&#8220; button_two_text_color__hover_enabled=&#8220;off&#8220; button_border_width__hover_enabled=&#8220;off&#8220; button_one_border_width__hover_enabled=&#8220;off&#8220; button_two_border_width__hover_enabled=&#8220;off&#8220; button_border_color__hover_enabled=&#8220;off&#8220; button_one_border_color__hover_enabled=&#8220;off&#8220; button_two_border_color__hover_enabled=&#8220;off&#8220; button_border_radius__hover_enabled=&#8220;off&#8220; button_one_border_radius__hover_enabled=&#8220;off&#8220; button_two_border_radius__hover_enabled=&#8220;off&#8220; button_letter_spacing__hover_enabled=&#8220;off&#8220; button_one_letter_spacing__hover_enabled=&#8220;off&#8220; button_two_letter_spacing__hover_enabled=&#8220;off&#8220; button_bg_color__hover_enabled=&#8220;off&#8220; button_one_bg_color__hover_enabled=&#8220;off&#8220; button_two_bg_color__hover_enabled=&#8220;off&#8220; sticky_transition=&#8220;on&#8220;]BVBS Mitgliedsunternehmen<br \/>\n[\/et_pb_slide][\/et_pb_fullwidth_slider][\/et_pb_section][et_pb_section fb_built=&#8220;1&#8243; _builder_version=&#8220;4.16&#8243; global_colors_info=&#8220;{}&#8220;][et_pb_row column_structure=&#8220;1_3,2_3&#8243; disabled_on=&#8220;off|off|off&#8220; _builder_version=&#8220;4.16&#8243; custom_padding=&#8220;27px|0px|50px|0px&#8220; border_width_bottom=&#8220;1px&#8220; border_color_bottom=&#8220;rgba(51,51,51,0.18)&#8220; locked=&#8220;off&#8220; global_colors_info=&#8220;{}&#8220;][et_pb_column type=&#8220;1_3&#8243; _builder_version=&#8220;4.16&#8243; custom_padding=&#8220;|||&#8220; global_colors_info=&#8220;{}&#8220; custom_padding__hover=&#8220;|||&#8220;][et_pb_text _builder_version=&#8220;4.16&#8243; text_font=&#8220;Roboto|700|||||||&#8220; text_text_color=&#8220;#696666&#8243; text_font_size=&#8220;40px&#8220; global_colors_info=&#8220;{}&#8220;]Allgemeines [\/et_pb_text][\/et_pb_column][et_pb_column type=&#8220;2_3&#8243; _builder_version=&#8220;4.16&#8243; custom_padding=&#8220;|||&#8220; global_colors_info=&#8220;{}&#8220; custom_padding__hover=&#8220;|||&#8220;][et_pb_text _builder_version=&#8220;4.27.3&#8243; text_font=&#8220;||||||||&#8220; global_colors_info=&#8220;{}&#8220;]<\/p>\n<div id=\"mitglied-unternehmensdarstellung-225\" class=\"mod_article zweispaltig bottomLineOn block\">\n<div class=\"ce_text block\">\n<div id=\"mitglied-unternehmensdarstellung\" class=\"mod_article zweispaltig bottomLineOn block\">\n<div class=\"ce_text block\">\n<p>geoCapture digitalisiert seit 2011 die Arbeitsprozesse von Bau- und Handwerksunternehmen. Die cloudbasierte Software schafft Transparenz vom B\u00fcro bis zur Baustelle und macht manuelle Verwaltungsaufgaben \u00fcberfl\u00fcssig. Mit integrierten L\u00f6sungen f\u00fcr Fahrzeugortung, Werkzeugortung, Touren- und Einsatzplanung sowie KI-gest\u00fctzter Bau-Dokumentation optimiert geoCapture alle Phasen eines Auftrags \u2013 von der Planung \u00fcber die Ausf\u00fchrung und Dokumentation bis zur Nachbereitung. Die Software ist als Webanwendung und mobile App verf\u00fcgbar, sodass Mitarbeiter alle relevanten Informationen jederzeit und \u00fcberall zur Hand haben. So k\u00f6nnen Unternehmen den steigenden Anforderungen an digitale Prozesse gerecht werden und gleichzeitig Kosten senken.<\/p>\n<p>geoCapture macht Bau- und Handwerksbetriebe fit f\u00fcr die digitale Zukunft \u2013 mit L\u00f6sungen, die sofort sp\u00fcrbare Entlastung im Arbeitsalltag bringen.<\/p>\n<\/div>\n<\/div>\n<\/div>\n<\/div>\n<p>[\/et_pb_text][\/et_pb_column][\/et_pb_row][et_pb_row column_structure=&#8220;1_3,2_3&#8243; disabled_on=&#8220;off|off|off&#8220; _builder_version=&#8220;4.16&#8243; custom_padding=&#8220;50px|0px|50px|0px&#8220; border_width_bottom=&#8220;1px&#8220; border_color_bottom=&#8220;rgba(51,51,51,0.18)&#8220; locked=&#8220;off&#8220; global_colors_info=&#8220;{}&#8220;][et_pb_column type=&#8220;1_3&#8243; _builder_version=&#8220;4.16&#8243; custom_padding=&#8220;|||&#8220; global_colors_info=&#8220;{}&#8220; custom_padding__hover=&#8220;|||&#8220;][et_pb_text _builder_version=&#8220;4.16&#8243; text_font=&#8220;Roboto|700|||||||&#8220; text_text_color=&#8220;#696666&#8243; text_font_size=&#8220;40px&#8220; global_colors_info=&#8220;{}&#8220;]Produkte [\/et_pb_text][\/et_pb_column][et_pb_column type=&#8220;2_3&#8243; _builder_version=&#8220;4.16&#8243; custom_padding=&#8220;|||&#8220; global_colors_info=&#8220;{}&#8220; custom_padding__hover=&#8220;|||&#8220;][et_pb_text _builder_version=&#8220;4.27.3&#8243; text_font=&#8220;||||||||&#8220; hover_enabled=&#8220;0&#8243; global_colors_info=&#8220;{}&#8220; sticky_enabled=&#8220;0&#8243;]<\/p>\n<p><a href=\"https:\/\/www.geocapture.de\/funktionen\/gps-ortung\" target=\"_blank\" rel=\"noopener\"><strong>Fahrzeugortung<\/strong><\/a> \u2013 PKW, LKW und Baumaschinen live orten, Fahrten und Eins\u00e4tze r\u00fcckwirkend nachvollziehen. Unterst\u00fctzer Diebstahlschutz mit Geofencing und automatische Alarmfunktion sch\u00fctzen Investitionen.<\/p>\n<p><a href=\"https:\/\/www.geocapture.de\/funktionen\/werkzeuge-gps-ortung\" target=\"_blank\" rel=\"noopener\"><strong>Werkzeugortung<\/strong><\/a> \u2013 Klein- und Gro\u00dfger\u00e4te lokalisieren und teure Verluste reduzieren. Beladungskontrolle, l\u00e4ngere Lebensdauer der Werkzeuge und weniger Ausf\u00e4lle durch besseren \u00dcberblick.<\/p>\n<p><a href=\"https:\/\/www.geocapture.de\/funktionen\/digitale-arbeitszeiterfassung\" target=\"_blank\" rel=\"noopener\"><strong>Digitale Arbeitszeiterfassung<\/strong><\/a> \u2013 Zeiterfassung f\u00fcr mobile Teams mit verschiedenen Stempelm\u00f6glichkeiten: Digitale Stempeluhr am Firmensitz per RFID-Chip, GPS-gest\u00fctzt im Fahrzeug, per App auf der Baustelle oder \u00fcber den LKW-Tachographen und weitere M\u00f6glichkeiten f\u00fcr jeden Anwendungsfall.<\/p>\n<p><a href=\"https:\/\/www.geocapture.de\/funktionen\/formulare\" target=\"_blank\" rel=\"noopener\"><strong>KI-Dokumentation<\/strong><\/a> \u2013 Dokumentationen wie Bautageb\u00fccher in Sekundenschnelle erstellen mit automatischer \u00dcbersetzung. Fehlerfreie digitale Erfassung ohne Papierkram, damit Mitarbeiter mehr Zeit f\u00fcr das Wesentliche haben.<\/p>\n<p><a href=\"https:\/\/www.geocapture.de\/funktionen\/tourenplanung\/baumaschinentransport\" target=\"_blank\" rel=\"noopener\"><strong>Tourenplanung<\/strong> <\/a>\u2013 Optimierte Touren f\u00fcr mobile Teams erstellen mit automatischer Ber\u00fccksichtigung von Fahrzeiten und notwendige Zeit f\u00fcr einen Einsatz. Weniger Leerfahrten und Umwege, effizientere Routenf\u00fchrung und bessere Kundenbindung durch automatische Fertigmeldungen an Auftraggeber.<\/p>\n<p><a href=\"(https:\/\/www.geocapture.de\/funktionen\/ressourcenplanung)\" target=\"_blank\" rel=\"noopener\"><strong>Ressourcenplanung<\/strong> <\/a>\u2013 Zentrale Planung von Personal, Fahrzeugen und Ger\u00e4ten mit vollst\u00e4ndiger \u00dcbersicht \u00fcber Verf\u00fcgbarkeiten. Automatische Ber\u00fccksichtigung von Urlaub, Krankheit und Wartungsterminen verhindert Doppelbelegungen und sorgt f\u00fcr reibungslose Eins\u00e4tze.<\/p>\n<p>Dar\u00fcber hinaus bietet geoCapture zahlreiche weitere Funktionen wie <a href=\"https:\/\/www.geocapture.de\/stammdatenerfassung-ki-foto-assistent-werkstatt\" target=\"_blank\" rel=\"noopener\">KI-gest\u00fctzte Stammdatenerfassung per Foto<\/a> f\u00fcr schnelle Inventarisierung von Fahrzeugen, Maschinen und Ger\u00e4ten sowie <a href=\"https:\/\/www.geocapture.de\/funktionen\/schnittstellen\" target=\"_blank\" rel=\"noopener\">Schnittstellen<\/a> zu allen g\u00e4ngigen ERP-Systemen.<\/p>\n<p>[\/et_pb_text][\/et_pb_column][\/et_pb_row][et_pb_row column_structure=&#8220;1_3,1_3,1_3&#8243; _builder_version=&#8220;4.16&#8243; custom_padding=&#8220;50px|0px|27px|0px&#8220; global_colors_info=&#8220;{}&#8220;][et_pb_column type=&#8220;1_3&#8243; _builder_version=&#8220;4.16&#8243; custom_padding=&#8220;|||&#8220; global_colors_info=&#8220;{}&#8220; custom_padding__hover=&#8220;|||&#8220;][et_pb_text _builder_version=&#8220;4.16&#8243; text_font=&#8220;Roboto|700|||||||&#8220; text_text_color=&#8220;#696666&#8243; text_font_size=&#8220;40px&#8220; global_colors_info=&#8220;{}&#8220;]Kontakt [\/et_pb_text][\/et_pb_column][et_pb_column type=&#8220;1_3&#8243; _builder_version=&#8220;4.16&#8243; custom_padding=&#8220;|||&#8220; global_colors_info=&#8220;{}&#8220; custom_padding__hover=&#8220;|||&#8220;][et_pb_text _builder_version=&#8220;4.27.3&#8243; custom_padding=&#8220;|||&#8220; global_colors_info=&#8220;{}&#8220;]<\/p>\n<p><b>geoCapture GmbH<\/b><\/p>\n<p><b> <\/b><\/p>\n<p><b><\/b><span style=\"font-size: 15px;\">Rheiner Stra\u00dfe 3 <br \/><\/span><span style=\"font-size: 15px;\">48496 Hopsten\u00a0<\/span><\/p>\n<p>Telefon:\u00a0 \u00a0+49 (0)5458 9366680<br \/>E-Mail:\u00a0 \u00a0 \u00a0<a href=\"mailto:inf&#111;&#064;&#103;&#101;&#111;c&#097;&#112;tur&#101;&#046;d&#101;\">i&#110;f&#111;&#64;g&#101;oc&#97;&#112;&#116;&#117;&#114;&#101;&#46;&#100;e<\/a> <br \/>Internet: \u00a0\u00a0<a href=\"https:\/\/www.geocapture.de\/\" target=\"_blank\" rel=\"noopener noreferrer\">www.geocapture.de<\/a><\/p>\n<p>[\/et_pb_text][\/et_pb_column][et_pb_column type=&#8220;1_3&#8243; _builder_version=&#8220;4.16&#8243; custom_padding=&#8220;|||&#8220; global_colors_info=&#8220;{}&#8220; custom_padding__hover=&#8220;|||&#8220;][et_pb_image src=&#8220;https:\/\/www.bvbs.de\/wp-content\/uploads\/2026\/01\/Logo_geocapture_Profil.jpg&#8220; alt=&#8220;Logo geoCapture GmbH&#8220; title_text=&#8220;Logo_geocapture_Profil&#8220; align_tablet=&#8220;left&#8220; align_phone=&#8220;left&#8220; align_last_edited=&#8220;on|phone&#8220; _builder_version=&#8220;4.27.3&#8243; max_width=&#8220;76%&#8220; max_width_tablet=&#8220;76%&#8220; max_width_phone=&#8220;76%&#8220; max_width_last_edited=&#8220;on|desktop&#8220; global_colors_info=&#8220;{}&#8220;]\u00a0 [\/et_pb_image][\/et_pb_column][\/et_pb_row][\/et_pb_section]<\/p>\n","protected":false},"excerpt":{"rendered":"<p>BVBS Mitgliedsunternehmen Allgemeines geoCapture digitalisiert seit 2011 die Arbeitsprozesse von Bau- und Handwerksunternehmen. Die cloudbasierte Software schafft Transparenz vom B\u00fcro bis zur Baustelle und macht manuelle Verwaltungsaufgaben \u00fcberfl\u00fcssig. Mit integrierten L\u00f6sungen f\u00fcr Fahrzeugortung, Werkzeugortung, Touren- und Einsatzplanung sowie KI-gest\u00fctzter Bau-Dokumentation optimiert geoCapture alle Phasen eines Auftrags \u2013 von der Planung \u00fcber die Ausf\u00fchrung und Dokumentation [&hellip;]<\/p>\n","protected":false},"author":760,"featured_media":0,"parent":0,"menu_order":0,"comment_status":"closed","ping_status":"closed","template":"","meta":{"_et_pb_use_builder":"on","_et_pb_old_content":"","_et_gb_content_width":"","wp_typography_post_enhancements_disabled":false,"footnotes":""},"class_list":["post-27963","page","type-page","status-publish","hentry"],"yoast_head":"<!-- This site is optimized with the Yoast SEO plugin v26.1.1 - https:\/\/yoast.com\/wordpress\/plugins\/seo\/ -->\r\n<title>geoCapture GmbH - BVBS Bundesverband Software und Digitalisierung im Bauwesen e.V.<\/title>\r\n<meta name=\"description\" content=\"Die geoCapture GmbH ist Mitglied im BVBS.\" \/>\r\n<meta name=\"robots\" content=\"index, follow, max-snippet:-1, max-image-preview:large, max-video-preview:-1\" \/>\r\n<link rel=\"canonical\" href=\"https:\/\/www.bvbs.de\/en\/geocapture\/\" \/>\r\n<meta property=\"og:locale\" content=\"en_GB\" \/>\r\n<meta property=\"og:type\" content=\"article\" \/>\r\n<meta property=\"og:title\" content=\"geoCapture GmbH - BVBS Bundesverband Software und Digitalisierung im Bauwesen e.V.\" \/>\r\n<meta property=\"og:description\" content=\"Die geoCapture GmbH ist Mitglied im BVBS.\" \/>\r\n<meta property=\"og:url\" content=\"https:\/\/www.bvbs.de\/en\/geocapture\/\" \/>\r\n<meta property=\"og:site_name\" content=\"BVBS Bundesverband Software und Digitalisierung im Bauwesen e.V.\" \/>\r\n<meta property=\"article:modified_time\" content=\"2026-01-12T17:17:44+00:00\" \/>\r\n<meta name=\"twitter:card\" content=\"summary_large_image\" \/>\r\n<meta name=\"twitter:label1\" content=\"Estimated reading time\" \/>\n\t<meta name=\"twitter:data1\" content=\"1 minute\" \/>\r\n<script type=\"application\/ld+json\" class=\"yoast-schema-graph\">{\"@context\":\"https:\/\/schema.org\",\"@graph\":[{\"@type\":\"WebPage\",\"@id\":\"https:\/\/www.bvbs.de\/geocapture\/\",\"url\":\"https:\/\/www.bvbs.de\/geocapture\/\",\"name\":\"geoCapture GmbH - BVBS Bundesverband Software und Digitalisierung im Bauwesen e.V.\",\"isPartOf\":{\"@id\":\"https:\/\/www.bvbs.de\/#website\"},\"datePublished\":\"2026-01-05T14:39:55+00:00\",\"dateModified\":\"2026-01-12T17:17:44+00:00\",\"description\":\"Die geoCapture GmbH ist Mitglied im BVBS.\",\"breadcrumb\":{\"@id\":\"https:\/\/www.bvbs.de\/geocapture\/#breadcrumb\"},\"inLanguage\":\"en-GB\",\"potentialAction\":[{\"@type\":\"ReadAction\",\"target\":[\"https:\/\/www.bvbs.de\/geocapture\/\"]}]},{\"@type\":\"BreadcrumbList\",\"@id\":\"https:\/\/www.bvbs.de\/geocapture\/#breadcrumb\",\"itemListElement\":[{\"@type\":\"ListItem\",\"position\":1,\"name\":\"Startseite\",\"item\":\"https:\/\/www.bvbs.de\/\"},{\"@type\":\"ListItem\",\"position\":2,\"name\":\"geoCapture GmbH\"}]},{\"@type\":\"WebSite\",\"@id\":\"https:\/\/www.bvbs.de\/#website\",\"url\":\"https:\/\/www.bvbs.de\/\",\"name\":\"BVBS Bundesverband Software und Digitalisierung im Bauwesen e.V.\",\"description\":\"\",\"publisher\":{\"@id\":\"https:\/\/www.bvbs.de\/#organization\"},\"potentialAction\":[{\"@type\":\"SearchAction\",\"target\":{\"@type\":\"EntryPoint\",\"urlTemplate\":\"https:\/\/www.bvbs.de\/?s={search_term_string}\"},\"query-input\":{\"@type\":\"PropertyValueSpecification\",\"valueRequired\":true,\"valueName\":\"search_term_string\"}}],\"inLanguage\":\"en-GB\"},{\"@type\":\"Organization\",\"@id\":\"https:\/\/www.bvbs.de\/#organization\",\"name\":\"BVBS Bundesverband Software und Digitalisierung im Bauwesen\",\"url\":\"https:\/\/www.bvbs.de\/\",\"logo\":{\"@type\":\"ImageObject\",\"inLanguage\":\"en-GB\",\"@id\":\"https:\/\/www.bvbs.de\/#\/schema\/logo\/image\/\",\"url\":\"https:\/\/www.bvbs.de\/wp-content\/uploads\/2024\/01\/cropped-favicon-bvbs.png\",\"contentUrl\":\"https:\/\/www.bvbs.de\/wp-content\/uploads\/2024\/01\/cropped-favicon-bvbs.png\",\"width\":512,\"height\":512,\"caption\":\"BVBS Bundesverband Software und Digitalisierung im Bauwesen\"},\"image\":{\"@id\":\"https:\/\/www.bvbs.de\/#\/schema\/logo\/image\/\"}}]}<\/script>\r\n<!-- \/ Yoast SEO plugin. -->","yoast_head_json":{"title":"geo\u00adCap\u00adtu\u00adre GmbH \u2014 BVBS Bun\u00addes\u00adver\u00adband Soft\u00adware und Digi\u00adta\u00adli\u00adsie\u00adrung im Bau\u00adwe\u00adsen e.V.","description":"Die geo\u00adCap\u00adtu\u00adre GmbH ist Mit\u00adglied im&nbsp;BVBS.","robots":{"index":"index","follow":"follow","max-snippet":"max-snippet:-1","max-image-preview":"max-image-preview:large","max-video-preview":"max-video-preview:-1"},"canonical":"https:\/\/www.bvbs.de\/en\/geocapture\/","og_locale":"en_GB","og_type":"article","og_title":"geoCapture GmbH - BVBS Bundesverband Software und Digitalisierung im Bauwesen e.V.","og_description":"Die geoCapture GmbH ist Mitglied im BVBS.","og_url":"https:\/\/www.bvbs.de\/en\/geocapture\/","og_site_name":"BVBS Bundesverband Software und Digitalisierung im Bauwesen e.V.","article_modified_time":"2026-01-12T17:17:44+00:00","twitter_card":"summary_large_image","twitter_misc":{"Estimated reading time":"1 minute"},"schema":{"@context":"https:\/\/schema.org","@graph":[{"@type":"WebPage","@id":"https:\/\/www.bvbs.de\/geocapture\/","url":"https:\/\/www.bvbs.de\/geocapture\/","name":"geo\u00adCap\u00adtu\u00adre GmbH \u2014 BVBS Bun\u00addes\u00adver\u00adband Soft\u00adware und Digi\u00adta\u00adli\u00adsie\u00adrung im Bau\u00adwe\u00adsen e.V.","isPartOf":{"@id":"https:\/\/www.bvbs.de\/#website"},"datePublished":"2026-01-05T14:39:55+00:00","dateModified":"2026-01-12T17:17:44+00:00","description":"Die geo\u00adCap\u00adtu\u00adre GmbH ist Mit\u00adglied im&nbsp;BVBS.","breadcrumb":{"@id":"https:\/\/www.bvbs.de\/geocapture\/#breadcrumb"},"inLanguage":"en-GB","potentialAction":[{"@type":"ReadAction","target":["https:\/\/www.bvbs.de\/geocapture\/"]}]},{"@type":"BreadcrumbList","@id":"https:\/\/www.bvbs.de\/geocapture\/#breadcrumb","itemListElement":[{"@type":"ListItem","position":1,"name":"Startseite","item":"https:\/\/www.bvbs.de\/"},{"@type":"ListItem","position":2,"name":"geoCapture GmbH"}]},{"@type":"WebSite","@id":"https:\/\/www.bvbs.de\/#website","url":"https:\/\/www.bvbs.de\/","name":"BVBS Bun\u00addes\u00adver\u00adband Soft\u00adware und Digi\u00adta\u00adli\u00adsie\u00adrung im Bau\u00adwe\u00adsen e.V.","description":"","publisher":{"@id":"https:\/\/www.bvbs.de\/#organization"},"potentialAction":[{"@type":"SearchAction","target":{"@type":"EntryPoint","urlTemplate":"https:\/\/www.bvbs.de\/?s={search_term_string}"},"query-input":{"@type":"PropertyValueSpecification","valueRequired":true,"valueName":"search_term_string"}}],"inLanguage":"en-GB"},{"@type":"Organization","@id":"https:\/\/www.bvbs.de\/#organization","name":"BVBS Bun\u00addes\u00adver\u00adband Soft\u00adware und Digi\u00adta\u00adli\u00adsie\u00adrung im Bauwesen","url":"https:\/\/www.bvbs.de\/","logo":{"@type":"ImageObject","inLanguage":"en-GB","@id":"https:\/\/www.bvbs.de\/#\/schema\/logo\/image\/","url":"https:\/\/www.bvbs.de\/wp-content\/uploads\/2024\/01\/cropped-favicon-bvbs.png","contentUrl":"https:\/\/www.bvbs.de\/wp-content\/uploads\/2024\/01\/cropped-favicon-bvbs.png","width":512,"height":512,"caption":"BVBS Bundesverband Software und Digitalisierung im Bauwesen"},"image":{"@id":"https:\/\/www.bvbs.de\/#\/schema\/logo\/image\/"}}]}},"_links":{"self":[{"href":"https:\/\/www.bvbs.de\/en\/wp-json\/wp\/v2\/pages\/27963","targetHints":{"allow":["GET"]}}],"collection":[{"href":"https:\/\/www.bvbs.de\/en\/wp-json\/wp\/v2\/pages"}],"about":[{"href":"https:\/\/www.bvbs.de\/en\/wp-json\/wp\/v2\/types\/page"}],"author":[{"embeddable":true,"href":"https:\/\/www.bvbs.de\/en\/wp-json\/wp\/v2\/users\/760"}],"replies":[{"embeddable":true,"href":"https:\/\/www.bvbs.de\/en\/wp-json\/wp\/v2\/comments?post=27963"}],"version-history":[{"count":0,"href":"https:\/\/www.bvbs.de\/en\/wp-json\/wp\/v2\/pages\/27963\/revisions"}],"wp:attachment":[{"href":"https:\/\/www.bvbs.de\/en\/wp-json\/wp\/v2\/media?parent=27963"}],"curies":[{"name":"wp","href":"https:\/\/api.w.org\/{rel}","templated":true}]}}