{"id":28004,"date":"2026-01-08T17:44:40","date_gmt":"2026-01-08T16:44:40","guid":{"rendered":"https:\/\/www.bvbs.de\/?page_id=28004"},"modified":"2026-01-28T15:51:27","modified_gmt":"2026-01-28T14:51:27","slug":"ribtec-systeme","status":"publish","type":"page","link":"https:\/\/www.bvbs.de\/en\/ribtec-systeme\/","title":{"rendered":"RIBTEC Sys\u00adte\u00adme&nbsp;GmbH"},"content":{"rendered":"<p>[et_pb_section fb_built=&#8220;1&#8243; fullwidth=&#8220;on&#8220; _builder_version=&#8220;4.16&#8243; global_colors_info=&#8220;{}&#8220;][et_pb_fullwidth_slider _builder_version=&#8220;4.27.3&#8243; header_font=&#8220;Roboto||||||||&#8220; body_font=&#8220;Roboto||||||||&#8220; background_image=&#8220;https:\/\/www.bvbs.de\/wp-content\/uploads\/2021\/02\/mitglieder-bg.jpg&#8220; global_colors_info=&#8220;{}&#8220; button_text_size__hover_enabled=&#8220;off&#8220; button_one_text_size__hover_enabled=&#8220;off&#8220; button_two_text_size__hover_enabled=&#8220;off&#8220; button_text_color__hover_enabled=&#8220;off&#8220; button_one_text_color__hover_enabled=&#8220;off&#8220; button_two_text_color__hover_enabled=&#8220;off&#8220; button_border_width__hover_enabled=&#8220;off&#8220; button_one_border_width__hover_enabled=&#8220;off&#8220; button_two_border_width__hover_enabled=&#8220;off&#8220; button_border_color__hover_enabled=&#8220;off&#8220; button_one_border_color__hover_enabled=&#8220;off&#8220; button_two_border_color__hover_enabled=&#8220;off&#8220; button_border_radius__hover_enabled=&#8220;off&#8220; button_one_border_radius__hover_enabled=&#8220;off&#8220; button_two_border_radius__hover_enabled=&#8220;off&#8220; button_letter_spacing__hover_enabled=&#8220;off&#8220; button_one_letter_spacing__hover_enabled=&#8220;off&#8220; button_two_letter_spacing__hover_enabled=&#8220;off&#8220; button_bg_color__hover_enabled=&#8220;off&#8220; button_one_bg_color__hover_enabled=&#8220;off&#8220; button_two_bg_color__hover_enabled=&#8220;off&#8220;][et_pb_slide heading=&#8220;RIBTEC Systeme GmbH&#8220; use_bg_overlay=&#8220;off&#8220; use_text_overlay=&#8220;off&#8220; _builder_version=&#8220;4.27.3&#8243; header_level=&#8220;h1&#8243; header_font=&#8220;|700|||||||&#8220; header_font_size=&#8220;55px&#8220; background_color=&#8220;#ffffff&#8220; button_on_hover=&#8220;on&#8220; header_font_size_tablet=&#8220;55px&#8220; header_font_size_phone=&#8220;55px&#8220; global_colors_info=&#8220;{}&#8220; button_text_size__hover_enabled=&#8220;off&#8220; button_one_text_size__hover_enabled=&#8220;off&#8220; button_two_text_size__hover_enabled=&#8220;off&#8220; button_text_color__hover_enabled=&#8220;off&#8220; button_one_text_color__hover_enabled=&#8220;off&#8220; button_two_text_color__hover_enabled=&#8220;off&#8220; button_border_width__hover_enabled=&#8220;off&#8220; button_one_border_width__hover_enabled=&#8220;off&#8220; button_two_border_width__hover_enabled=&#8220;off&#8220; button_border_color__hover_enabled=&#8220;off&#8220; button_one_border_color__hover_enabled=&#8220;off&#8220; button_two_border_color__hover_enabled=&#8220;off&#8220; button_border_radius__hover_enabled=&#8220;off&#8220; button_one_border_radius__hover_enabled=&#8220;off&#8220; button_two_border_radius__hover_enabled=&#8220;off&#8220; button_letter_spacing__hover_enabled=&#8220;off&#8220; button_one_letter_spacing__hover_enabled=&#8220;off&#8220; button_two_letter_spacing__hover_enabled=&#8220;off&#8220; button_bg_color__hover_enabled=&#8220;off&#8220; button_one_bg_color__hover_enabled=&#8220;off&#8220; button_two_bg_color__hover_enabled=&#8220;off&#8220; sticky_transition=&#8220;on&#8220;]<\/p>\n<p>BVBS Mitgliedsunternehmen<\/p>\n<p>[\/et_pb_slide][\/et_pb_fullwidth_slider][\/et_pb_section][et_pb_section fb_built=&#8220;1&#8243; _builder_version=&#8220;4.16&#8243; global_colors_info=&#8220;{}&#8220;][et_pb_row column_structure=&#8220;1_3,2_3&#8243; disabled_on=&#8220;off|off|off&#8220; _builder_version=&#8220;4.16&#8243; custom_padding=&#8220;27px|0px|50px|0px&#8220; border_width_bottom=&#8220;1px&#8220; border_color_bottom=&#8220;rgba(51,51,51,0.18)&#8220; global_colors_info=&#8220;{}&#8220;][et_pb_column type=&#8220;1_3&#8243; _builder_version=&#8220;4.16&#8243; custom_padding=&#8220;|||&#8220; global_colors_info=&#8220;{}&#8220; custom_padding__hover=&#8220;|||&#8220;][et_pb_text _builder_version=&#8220;4.27.3&#8243; text_font=&#8220;Roboto|700|||||||&#8220; text_text_color=&#8220;#696666&#8243; text_font_size=&#8220;40px&#8220; global_colors_info=&#8220;{}&#8220;]<\/p>\n<p>Allgemeines<\/p>\n<p>[\/et_pb_text][\/et_pb_column][et_pb_column type=&#8220;2_3&#8243; _builder_version=&#8220;4.16&#8243; custom_padding=&#8220;|||&#8220; global_colors_info=&#8220;{}&#8220; custom_padding__hover=&#8220;|||&#8220;][et_pb_text _builder_version=&#8220;4.27.3&#8243; global_colors_info=&#8220;{}&#8220;]<\/p>\n<p>RIBTEC Systeme GmbH f\u00fchrt seit 2024 die jahrzehntelange Tradition von hochwertiger Statik-Software von RIB auf hohem Niveau weiter. Der Fokus liegt dabei auf dem Hochbau und insbesondere auf der wirtschaftlichen Berechnung und Bemessung von Spannbettbindern, Balken, St\u00fctzen sowie Fundamenten. In diesem Segment leisten die Produkte von RIBTEC\u00ae einen wertvollen Beitrag zum kosteng\u00fcnstigen Bauen.<\/p>\n<p>[\/et_pb_text][\/et_pb_column][\/et_pb_row][et_pb_row column_structure=&#8220;1_3,2_3&#8243; disabled_on=&#8220;off|off|off&#8220; _builder_version=&#8220;4.16&#8243; custom_padding=&#8220;50px|0px|50px|0px&#8220; border_width_bottom=&#8220;1px&#8220; border_color_bottom=&#8220;rgba(51,51,51,0.18)&#8220; global_colors_info=&#8220;{}&#8220;][et_pb_column type=&#8220;1_3&#8243; _builder_version=&#8220;4.16&#8243; custom_padding=&#8220;|||&#8220; global_colors_info=&#8220;{}&#8220; custom_padding__hover=&#8220;|||&#8220;][et_pb_text _builder_version=&#8220;4.27.3&#8243; text_font=&#8220;Roboto|700|||||||&#8220; text_text_color=&#8220;#696666&#8243; text_font_size=&#8220;40px&#8220; global_colors_info=&#8220;{}&#8220;]<\/p>\n<p>Produkte<\/p>\n<p>[\/et_pb_text][\/et_pb_column][et_pb_column type=&#8220;2_3&#8243; _builder_version=&#8220;4.16&#8243; custom_padding=&#8220;|||&#8220; global_colors_info=&#8220;{}&#8220; custom_padding__hover=&#8220;|||&#8220;][et_pb_text _builder_version=&#8220;4.27.3&#8243; global_colors_info=&#8220;{}&#8220;]<\/p>\n<p><strong>FERMO \u2013 Fertigteiltr\u00e4ger im Hoch- und Br\u00fcckenbau<\/strong><\/p>\n<p>Mit FERMO werden vorgespannte und nicht vorgespannte Fertigteil- und Verbundfertigteiltr\u00e4ger mit nachtr\u00e4glich aufbetonierter Ortbetonplatte f\u00fcr den Hoch- und Br\u00fcckenbau berechnet und bemessen. Die Berechnung erfolgt f\u00fcr den gesamten Lebenszyklus, wobei die gesamte System-, Querschnitts-, Belastungs- und Spannungsgeschichte ber\u00fccksichtigt wird. Die Kippstabilit\u00e4t wird mit einer nichtlinearen Berechnung f\u00fcr vier Nachweispunkte mit unterschiedlichen Lagerungszust\u00e4nden untersucht, wobei aus den gegebenen Lastf\u00e4llen und Lastfallattributen die Einwirkungskombinationen automatisch gebildet werden.<\/p>\n<p>&nbsp;<\/p>\n<p><strong>BEST \u2013 Stahl- und Stahlbetonst\u00fctze im Hochbau<\/strong><\/p>\n<p>BEST Stahlbetonst\u00fctze ist ein Programm f\u00fcr den Nachweis von ein- oder mehrgeschossigen Stahlbetonst\u00fctzen im Grenzzustand der Tragf\u00e4higkeit infolge Tragwerksverformungen (Knicksicherheitsnachweis und Bemessung) mit grafisch-interaktiver Arbeitsumgebung f\u00fcr die Ein- und Ausgabe. Die Berechnung erfolgt grunds\u00e4tzlich zweiachsig nach der Theorie 1. und 2. Ordnung unter Ber\u00fccksichtigung des gerissenen Zustands. BEST eignet sich besonders dann, wenn es um eine anspruchsvolle nichtlineare Berechnung und wirtschaftliche St\u00fctzenbemessung geht.<\/p>\n<p>&nbsp;<\/p>\n<p><strong>BALKEN \u2013 Durchlauftr\u00e4ger im Hochbau<\/strong><\/p>\n<p>Mit BALKEN lassen sich Durchlauftr\u00e4ger im Hochbau aus Stahl- und Spannbeton, Stahl oder Holz berechnen und bemessen. Es k\u00f6nnen gerade Durchlauftr\u00e4ger einschlie\u00dflich Einfeldtr\u00e4ger sowie Kragtr\u00e4ger mit oder ohne elastische Bettung berechnet werden. Die Bemessung von \u00d6ffnungen und Ausklinkungen, das F\u00fchren von Gebrauchstauglichkeits- und Erm\u00fcdungsnachweisen oder Nachweise f\u00fcr das Bauen im Bestand sind integriert. \u00dcber ein Zusatzmodul kann eine Spannbett- oder nachtr\u00e4gliche Vorspannung definiert werden.<\/p>\n<p>&nbsp;<\/p>\n<p><strong>FUNDA \u2013 Stahlbetonfundament<\/strong><\/p>\n<p>FUNDA f\u00fchrt den Nachweis von Stahlbetonfundamenten als Fundamentstreifen, Rechteckplatte und optional als Kreis- oder polygonal begrenzte Platte. Die unterschiedliche Fundamentgeometrie l\u00e4sst sich auch mit Block- und K\u00f6cheranschl\u00fcssen f\u00fcr die St\u00fctzen kombinieren. Lastkombinationen aus nichtlinearen St\u00fctzenberechnungen k\u00f6nnen direkt \u00fcbernommen werden. Eine automatische Dimensionierung und manuelle Optimierung erlaubt eine wirtschaftliche Fundamentauslegung mit allen geotechnischen Nachweisen.<\/p>\n<p>[\/et_pb_text][\/et_pb_column][\/et_pb_row][et_pb_row column_structure=&#8220;1_3,1_3,1_3&#8243; _builder_version=&#8220;4.16&#8243; custom_padding=&#8220;50px|0px|27px|0px&#8220; global_colors_info=&#8220;{}&#8220;][et_pb_column type=&#8220;1_3&#8243; _builder_version=&#8220;4.16&#8243; custom_padding=&#8220;|||&#8220; global_colors_info=&#8220;{}&#8220; custom_padding__hover=&#8220;|||&#8220;][et_pb_text _builder_version=&#8220;4.27.3&#8243; text_font=&#8220;Roboto|700|||||||&#8220; text_text_color=&#8220;#696666&#8243; text_font_size=&#8220;40px&#8220; global_colors_info=&#8220;{}&#8220;]<\/p>\n<p>Kontakt<\/p>\n<p>[\/et_pb_text][\/et_pb_column][et_pb_column type=&#8220;1_3&#8243; _builder_version=&#8220;4.16&#8243; custom_padding=&#8220;|||&#8220; global_colors_info=&#8220;{}&#8220; custom_padding__hover=&#8220;|||&#8220;][et_pb_text disabled_on=&#8220;on|on|on&#8220; _builder_version=&#8220;4.27.3&#8243; text_font=&#8220;Roboto||||||||&#8220; custom_margin=&#8220;|||-35px&#8220; custom_padding=&#8220;|||&#8220; disabled=&#8220;on&#8220; global_colors_info=&#8220;{}&#8220;]<\/p>\n<div><strong>12Build<br \/><\/strong>Vertretungsb\u00fcro M\u00fcnchen<br \/>Leopoldstra\u00dfe 23<br \/>80802 M\u00fcnchen, Deutschland<\/div>\n<div><strong>\u00a0<\/strong><\/div>\n<p>Telefon:\u00a0+49 (0)89\u00a0210 949 57<\/p>\n<p>Unterst\u00fctzung:\u00a0<a href=\"mailto:support@12build.com\">support@12build.com<\/a><br \/>Generalunternehmen:\u00a0<a href=\"mailto:verkoop@12build.com\">verkoop@12build.com<\/a><\/p>\n<p>Internet:\u00a0<a href=\"https:\/\/www.12build.com\/de_DE\/\" target=\"_blank\" rel=\"noopener noreferrer\">https:\/\/www.12build.com<\/a><\/p>\n<p>[\/et_pb_text][et_pb_text _builder_version=&#8220;4.27.3&#8243; custom_margin=&#8220;||||false|false&#8220; custom_padding=&#8220;|||&#8220; global_colors_info=&#8220;{}&#8220;]<\/p>\n<div><strong>RIBTEC Systeme GmbH<br \/><\/strong>Claudiastra\u00dfe 2b<br \/>51149 K\u00f6ln<\/div>\n<div><strong>\u00a0<\/strong><\/div>\n<p>Telefon: +49 2203 29069 21<br \/>E-Mail: <a href=\"mailto:s&#097;les&#064;&#114;&#105;b&#116;ec.d&#101;\">s&#97;&#108;&#101;s&#64;ri&#98;te&#99;&#46;&#100;&#101;<\/a><br \/>Internet: <a href=\"http:\/\/www.ribtec.de\" target=\"_blank\" rel=\"noopener noreferrer\">www.ribtec.de<\/a><\/p>\n<p>[\/et_pb_text][\/et_pb_column][et_pb_column type=&#8220;1_3&#8243; _builder_version=&#8220;4.16&#8243; custom_padding=&#8220;|||&#8220; global_colors_info=&#8220;{}&#8220; custom_padding__hover=&#8220;|||&#8220;][et_pb_image src=&#8220;https:\/\/www.bvbs.de\/wp-content\/uploads\/2026\/01\/RIBTEC_Systeme_Website.png&#8220; alt=&#8220;Logo RIBTEC Systeme GmbH&#8220; title_text=&#8220;RIBTEC_Systeme_Website&#8220; align_tablet=&#8220;left&#8220; align_phone=&#8220;left&#8220; align_last_edited=&#8220;on|tablet&#8220; _builder_version=&#8220;4.27.3&#8243; global_colors_info=&#8220;{}&#8220;]&nbsp;<br \/>\n[\/et_pb_image][\/et_pb_column][\/et_pb_row][\/et_pb_section]<\/p>\n","protected":false},"excerpt":{"rendered":"<p>BVBS MitgliedsunternehmenAllgemeinesRIBTEC Systeme GmbH f\u00fchrt seit 2024 die jahrzehntelange Tradition von hochwertiger Statik-Software von RIB auf hohem Niveau weiter. Der Fokus liegt dabei auf dem Hochbau und insbesondere auf der wirtschaftlichen Berechnung und Bemessung von Spannbettbindern, Balken, St\u00fctzen sowie Fundamenten. In diesem Segment leisten die Produkte von RIBTEC\u00ae einen wertvollen Beitrag zum kosteng\u00fcnstigen Bauen.ProdukteFERMO \u2013 [&hellip;]<\/p>\n","protected":false},"author":760,"featured_media":0,"parent":0,"menu_order":0,"comment_status":"closed","ping_status":"closed","template":"","meta":{"_et_pb_use_builder":"on","_et_pb_old_content":"","_et_gb_content_width":"","wp_typography_post_enhancements_disabled":false,"footnotes":""},"class_list":["post-28004","page","type-page","status-publish","hentry"],"yoast_head":"<!-- This site is optimized with the Yoast SEO plugin v26.1.1 - https:\/\/yoast.com\/wordpress\/plugins\/seo\/ -->\r\n<title>RIBTEC Systeme GmbH - BVBS Bundesverband Software und Digitalisierung im Bauwesen e.V.<\/title>\r\n<meta name=\"description\" content=\"RIBTEC Systeme GmbH ist Mitglied im BVBS.\" \/>\r\n<meta name=\"robots\" content=\"index, follow, max-snippet:-1, max-image-preview:large, max-video-preview:-1\" \/>\r\n<link rel=\"canonical\" href=\"https:\/\/www.bvbs.de\/en\/ribtec-systeme\/\" \/>\r\n<meta property=\"og:locale\" content=\"en_GB\" \/>\r\n<meta property=\"og:type\" content=\"article\" \/>\r\n<meta property=\"og:title\" content=\"RIBTEC Systeme GmbH - BVBS Bundesverband Software und Digitalisierung im Bauwesen e.V.\" \/>\r\n<meta property=\"og:description\" content=\"RIBTEC Systeme GmbH ist Mitglied im BVBS.\" \/>\r\n<meta property=\"og:url\" content=\"https:\/\/www.bvbs.de\/en\/ribtec-systeme\/\" \/>\r\n<meta property=\"og:site_name\" content=\"BVBS Bundesverband Software und Digitalisierung im Bauwesen e.V.\" \/>\r\n<meta property=\"article:modified_time\" content=\"2026-01-28T14:51:27+00:00\" \/>\r\n<meta name=\"twitter:card\" content=\"summary_large_image\" \/>\r\n<meta name=\"twitter:label1\" content=\"Estimated reading time\" \/>\n\t<meta name=\"twitter:data1\" content=\"1 minute\" \/>\r\n<script type=\"application\/ld+json\" class=\"yoast-schema-graph\">{\"@context\":\"https:\/\/schema.org\",\"@graph\":[{\"@type\":\"WebPage\",\"@id\":\"https:\/\/www.bvbs.de\/ribtec-systeme\/\",\"url\":\"https:\/\/www.bvbs.de\/ribtec-systeme\/\",\"name\":\"RIBTEC Systeme GmbH - BVBS Bundesverband Software und Digitalisierung im Bauwesen e.V.\",\"isPartOf\":{\"@id\":\"https:\/\/www.bvbs.de\/#website\"},\"datePublished\":\"2026-01-08T16:44:40+00:00\",\"dateModified\":\"2026-01-28T14:51:27+00:00\",\"description\":\"RIBTEC Systeme GmbH ist Mitglied im BVBS.\",\"breadcrumb\":{\"@id\":\"https:\/\/www.bvbs.de\/ribtec-systeme\/#breadcrumb\"},\"inLanguage\":\"en-GB\",\"potentialAction\":[{\"@type\":\"ReadAction\",\"target\":[\"https:\/\/www.bvbs.de\/ribtec-systeme\/\"]}]},{\"@type\":\"BreadcrumbList\",\"@id\":\"https:\/\/www.bvbs.de\/ribtec-systeme\/#breadcrumb\",\"itemListElement\":[{\"@type\":\"ListItem\",\"position\":1,\"name\":\"Startseite\",\"item\":\"https:\/\/www.bvbs.de\/\"},{\"@type\":\"ListItem\",\"position\":2,\"name\":\"RIBTEC Systeme GmbH\"}]},{\"@type\":\"WebSite\",\"@id\":\"https:\/\/www.bvbs.de\/#website\",\"url\":\"https:\/\/www.bvbs.de\/\",\"name\":\"BVBS Bundesverband Software und Digitalisierung im Bauwesen e.V.\",\"description\":\"\",\"publisher\":{\"@id\":\"https:\/\/www.bvbs.de\/#organization\"},\"potentialAction\":[{\"@type\":\"SearchAction\",\"target\":{\"@type\":\"EntryPoint\",\"urlTemplate\":\"https:\/\/www.bvbs.de\/?s={search_term_string}\"},\"query-input\":{\"@type\":\"PropertyValueSpecification\",\"valueRequired\":true,\"valueName\":\"search_term_string\"}}],\"inLanguage\":\"en-GB\"},{\"@type\":\"Organization\",\"@id\":\"https:\/\/www.bvbs.de\/#organization\",\"name\":\"BVBS Bundesverband Software und Digitalisierung im Bauwesen\",\"url\":\"https:\/\/www.bvbs.de\/\",\"logo\":{\"@type\":\"ImageObject\",\"inLanguage\":\"en-GB\",\"@id\":\"https:\/\/www.bvbs.de\/#\/schema\/logo\/image\/\",\"url\":\"https:\/\/www.bvbs.de\/wp-content\/uploads\/2024\/01\/cropped-favicon-bvbs.png\",\"contentUrl\":\"https:\/\/www.bvbs.de\/wp-content\/uploads\/2024\/01\/cropped-favicon-bvbs.png\",\"width\":512,\"height\":512,\"caption\":\"BVBS Bundesverband Software und Digitalisierung im Bauwesen\"},\"image\":{\"@id\":\"https:\/\/www.bvbs.de\/#\/schema\/logo\/image\/\"}}]}<\/script>\r\n<!-- \/ Yoast SEO plugin. -->","yoast_head_json":{"title":"RIBTEC Sys\u00adte\u00adme GmbH \u2014 BVBS Bun\u00addes\u00adver\u00adband Soft\u00adware und Digi\u00adta\u00adli\u00adsie\u00adrung im Bau\u00adwe\u00adsen e.V.","description":"RIBTEC Sys\u00adte\u00adme GmbH ist Mit\u00adglied im&nbsp;BVBS.","robots":{"index":"index","follow":"follow","max-snippet":"max-snippet:-1","max-image-preview":"max-image-preview:large","max-video-preview":"max-video-preview:-1"},"canonical":"https:\/\/www.bvbs.de\/en\/ribtec-systeme\/","og_locale":"en_GB","og_type":"article","og_title":"RIBTEC Systeme GmbH - BVBS Bundesverband Software und Digitalisierung im Bauwesen e.V.","og_description":"RIBTEC Systeme GmbH ist Mitglied im BVBS.","og_url":"https:\/\/www.bvbs.de\/en\/ribtec-systeme\/","og_site_name":"BVBS Bundesverband Software und Digitalisierung im Bauwesen e.V.","article_modified_time":"2026-01-28T14:51:27+00:00","twitter_card":"summary_large_image","twitter_misc":{"Estimated reading time":"1 minute"},"schema":{"@context":"https:\/\/schema.org","@graph":[{"@type":"WebPage","@id":"https:\/\/www.bvbs.de\/ribtec-systeme\/","url":"https:\/\/www.bvbs.de\/ribtec-systeme\/","name":"RIBTEC Sys\u00adte\u00adme GmbH \u2014 BVBS Bun\u00addes\u00adver\u00adband Soft\u00adware und Digi\u00adta\u00adli\u00adsie\u00adrung im Bau\u00adwe\u00adsen e.V.","isPartOf":{"@id":"https:\/\/www.bvbs.de\/#website"},"datePublished":"2026-01-08T16:44:40+00:00","dateModified":"2026-01-28T14:51:27+00:00","description":"RIBTEC Sys\u00adte\u00adme GmbH ist Mit\u00adglied im&nbsp;BVBS.","breadcrumb":{"@id":"https:\/\/www.bvbs.de\/ribtec-systeme\/#breadcrumb"},"inLanguage":"en-GB","potentialAction":[{"@type":"ReadAction","target":["https:\/\/www.bvbs.de\/ribtec-systeme\/"]}]},{"@type":"BreadcrumbList","@id":"https:\/\/www.bvbs.de\/ribtec-systeme\/#breadcrumb","itemListElement":[{"@type":"ListItem","position":1,"name":"Startseite","item":"https:\/\/www.bvbs.de\/"},{"@type":"ListItem","position":2,"name":"RIBTEC Systeme GmbH"}]},{"@type":"WebSite","@id":"https:\/\/www.bvbs.de\/#website","url":"https:\/\/www.bvbs.de\/","name":"BVBS Bun\u00addes\u00adver\u00adband Soft\u00adware und Digi\u00adta\u00adli\u00adsie\u00adrung im Bau\u00adwe\u00adsen e.V.","description":"","publisher":{"@id":"https:\/\/www.bvbs.de\/#organization"},"potentialAction":[{"@type":"SearchAction","target":{"@type":"EntryPoint","urlTemplate":"https:\/\/www.bvbs.de\/?s={search_term_string}"},"query-input":{"@type":"PropertyValueSpecification","valueRequired":true,"valueName":"search_term_string"}}],"inLanguage":"en-GB"},{"@type":"Organization","@id":"https:\/\/www.bvbs.de\/#organization","name":"BVBS Bun\u00addes\u00adver\u00adband Soft\u00adware und Digi\u00adta\u00adli\u00adsie\u00adrung im Bauwesen","url":"https:\/\/www.bvbs.de\/","logo":{"@type":"ImageObject","inLanguage":"en-GB","@id":"https:\/\/www.bvbs.de\/#\/schema\/logo\/image\/","url":"https:\/\/www.bvbs.de\/wp-content\/uploads\/2024\/01\/cropped-favicon-bvbs.png","contentUrl":"https:\/\/www.bvbs.de\/wp-content\/uploads\/2024\/01\/cropped-favicon-bvbs.png","width":512,"height":512,"caption":"BVBS Bundesverband Software und Digitalisierung im Bauwesen"},"image":{"@id":"https:\/\/www.bvbs.de\/#\/schema\/logo\/image\/"}}]}},"_links":{"self":[{"href":"https:\/\/www.bvbs.de\/en\/wp-json\/wp\/v2\/pages\/28004","targetHints":{"allow":["GET"]}}],"collection":[{"href":"https:\/\/www.bvbs.de\/en\/wp-json\/wp\/v2\/pages"}],"about":[{"href":"https:\/\/www.bvbs.de\/en\/wp-json\/wp\/v2\/types\/page"}],"author":[{"embeddable":true,"href":"https:\/\/www.bvbs.de\/en\/wp-json\/wp\/v2\/users\/760"}],"replies":[{"embeddable":true,"href":"https:\/\/www.bvbs.de\/en\/wp-json\/wp\/v2\/comments?post=28004"}],"version-history":[{"count":0,"href":"https:\/\/www.bvbs.de\/en\/wp-json\/wp\/v2\/pages\/28004\/revisions"}],"wp:attachment":[{"href":"https:\/\/www.bvbs.de\/en\/wp-json\/wp\/v2\/media?parent=28004"}],"curies":[{"name":"wp","href":"https:\/\/api.w.org\/{rel}","templated":true}]}}