{"id":28680,"date":"2026-03-03T10:55:02","date_gmt":"2026-03-03T09:55:02","guid":{"rendered":"https:\/\/www.bvbs.de\/?page_id=28680"},"modified":"2026-03-13T10:50:08","modified_gmt":"2026-03-13T09:50:08","slug":"building-intelligence","status":"publish","type":"page","link":"https:\/\/www.bvbs.de\/en\/building-intelligence\/","title":{"rendered":"BUILD.ING Intel\u00adli\u00adgence&nbsp;GmbH"},"content":{"rendered":"<p>[et_pb_section fb_built=&#8220;1&#8243; fullwidth=&#8220;on&#8220; _builder_version=&#8220;4.16&#8243; global_colors_info=&#8220;{}&#8220;][et_pb_fullwidth_slider _builder_version=&#8220;4.27.3&#8243; header_font=&#8220;Roboto||||||||&#8220; body_font=&#8220;Roboto||||||||&#8220; background_image=&#8220;https:\/\/www.bvbs.de\/wp-content\/uploads\/2021\/02\/mitglieder-bg.jpg&#8220; global_colors_info=&#8220;{}&#8220; button_text_size__hover_enabled=&#8220;off&#8220; button_one_text_size__hover_enabled=&#8220;off&#8220; button_two_text_size__hover_enabled=&#8220;off&#8220; button_text_color__hover_enabled=&#8220;off&#8220; button_one_text_color__hover_enabled=&#8220;off&#8220; button_two_text_color__hover_enabled=&#8220;off&#8220; button_border_width__hover_enabled=&#8220;off&#8220; button_one_border_width__hover_enabled=&#8220;off&#8220; button_two_border_width__hover_enabled=&#8220;off&#8220; button_border_color__hover_enabled=&#8220;off&#8220; button_one_border_color__hover_enabled=&#8220;off&#8220; button_two_border_color__hover_enabled=&#8220;off&#8220; button_border_radius__hover_enabled=&#8220;off&#8220; button_one_border_radius__hover_enabled=&#8220;off&#8220; button_two_border_radius__hover_enabled=&#8220;off&#8220; button_letter_spacing__hover_enabled=&#8220;off&#8220; button_one_letter_spacing__hover_enabled=&#8220;off&#8220; button_two_letter_spacing__hover_enabled=&#8220;off&#8220; button_bg_color__hover_enabled=&#8220;off&#8220; button_one_bg_color__hover_enabled=&#8220;off&#8220; button_two_bg_color__hover_enabled=&#8220;off&#8220;][et_pb_slide heading=&#8220;BUILD.ING Intelligence GmbH&#8220; use_bg_overlay=&#8220;off&#8220; use_text_overlay=&#8220;off&#8220; _builder_version=&#8220;4.27.3&#8243; header_level=&#8220;h1&#8243; header_font=&#8220;|700|||||||&#8220; header_font_size=&#8220;55px&#8220; background_color=&#8220;#ffffff&#8220; button_on_hover=&#8220;on&#8220; header_font_size_tablet=&#8220;55px&#8220; header_font_size_phone=&#8220;55px&#8220; global_colors_info=&#8220;{}&#8220; button_text_size__hover_enabled=&#8220;off&#8220; button_one_text_size__hover_enabled=&#8220;off&#8220; button_two_text_size__hover_enabled=&#8220;off&#8220; button_text_color__hover_enabled=&#8220;off&#8220; button_one_text_color__hover_enabled=&#8220;off&#8220; button_two_text_color__hover_enabled=&#8220;off&#8220; button_border_width__hover_enabled=&#8220;off&#8220; button_one_border_width__hover_enabled=&#8220;off&#8220; button_two_border_width__hover_enabled=&#8220;off&#8220; button_border_color__hover_enabled=&#8220;off&#8220; button_one_border_color__hover_enabled=&#8220;off&#8220; button_two_border_color__hover_enabled=&#8220;off&#8220; button_border_radius__hover_enabled=&#8220;off&#8220; button_one_border_radius__hover_enabled=&#8220;off&#8220; button_two_border_radius__hover_enabled=&#8220;off&#8220; button_letter_spacing__hover_enabled=&#8220;off&#8220; button_one_letter_spacing__hover_enabled=&#8220;off&#8220; button_two_letter_spacing__hover_enabled=&#8220;off&#8220; button_bg_color__hover_enabled=&#8220;off&#8220; button_one_bg_color__hover_enabled=&#8220;off&#8220; button_two_bg_color__hover_enabled=&#8220;off&#8220; sticky_transition=&#8220;on&#8220;]BVBS Mitgliedsunternehmen<br \/>\n[\/et_pb_slide][\/et_pb_fullwidth_slider][\/et_pb_section][et_pb_section fb_built=&#8220;1&#8243; _builder_version=&#8220;4.16&#8243; global_colors_info=&#8220;{}&#8220;][et_pb_row column_structure=&#8220;1_3,2_3&#8243; disabled_on=&#8220;off|off|off&#8220; _builder_version=&#8220;4.16&#8243; custom_padding=&#8220;27px|0px|50px|0px&#8220; border_width_bottom=&#8220;1px&#8220; border_color_bottom=&#8220;rgba(51,51,51,0.18)&#8220; global_colors_info=&#8220;{}&#8220;][et_pb_column type=&#8220;1_3&#8243; _builder_version=&#8220;4.16&#8243; custom_padding=&#8220;|||&#8220; global_colors_info=&#8220;{}&#8220; custom_padding__hover=&#8220;|||&#8220;][et_pb_text _builder_version=&#8220;4.27.3&#8243; text_font=&#8220;Roboto|700|||||||&#8220; text_text_color=&#8220;#696666&#8243; text_font_size=&#8220;40px&#8220; global_colors_info=&#8220;{}&#8220;]Allgemeines<br \/>\n[\/et_pb_text][\/et_pb_column][et_pb_column type=&#8220;2_3&#8243; _builder_version=&#8220;4.16&#8243; custom_padding=&#8220;|||&#8220; global_colors_info=&#8220;{}&#8220; custom_padding__hover=&#8220;|||&#8220;][et_pb_text _builder_version=&#8220;4.27.3&#8243; global_colors_info=&#8220;{}&#8220;]<\/p>\n<p>Die BUILD.ING Intelligence GmbH ist ein auf nachhaltige Immobilienverwaltung und Energietransformation spezialisiertes Technologieunternehmen mit Sitz in N\u00fcrnberg. Das Unternehmen verbindet jahrelange Ingenieurserfahrung mit moderner IT-Expertise und entwickelt cloudbasierte Softwarel\u00f6sungen f\u00fcr Immobilienverwalter, Asset Manager und Immobilienbesitzer.<\/p>\n<p>&nbsp;<\/p>\n<p>Die Wurzeln des Unternehmens reichen bis ins Jahr 2009 zur\u00fcck, als ein vom Bundesministerium f\u00fcr Wirtschaft und Energie gef\u00f6rdertes Forschungsprojekt zur Analyse von Geb\u00e4uden und Quartieren den Grundstein legte. Aus hunderten von Beratungsprojekten gewachsen, fiel 2017 die Entscheidung zum Aufbau einer vollintegrierten Plattform, die Ingenieurswissen mit IT-Kompetenz vereint. Die Gr\u00fcndung des Unternehmens erfolgte dann 2022.<\/p>\n<p>&nbsp;<\/p>\n<p><strong>Mission &amp; Zielsetzung<\/strong><\/p>\n<p>Die Mission der BUILD.ING Intelligence GmbH ist es, Datenbarrieren in der Immobilienbranche aufzubrechen und ein offenes \u00d6kosystem zu schaffen, das durch die intelligente Einbindung von Softwarel\u00f6sungen eine vollumf\u00e4ngliche Betreuung von Immobilien erm\u00f6glicht.<\/p>\n<p>Das Ziel: Kunden sollen zuk\u00fcnftige Herausforderungen rund um ihre Immobilien selbstst\u00e4ndig und unkompliziert l\u00f6sen k\u00f6nnen \u2013 mit optimalen Ergebnissen bei der Kombination aus maximaler CO2-Reduktion, Wirtschaftlichkeit und Wertsteigerung.<\/p>\n<p>&nbsp;<\/p>\n<p><strong>Expertenteam &amp; Zertifizierungen<\/strong><\/p>\n<p>Hinter dem BUILD.ING HUB steht ein interdisziplin\u00e4res Expertenteam mit jahrelanger Praxiserfahrung. Der Gesellschafter BUILD.ING Consultant + Innovators GmbH bringt als beratendes Ingenieurb\u00fcro tiefes Fachwissen in ressourcenschonende und innovative Energiel\u00f6sungen ein.<\/p>\n<p>&nbsp;<\/p>\n<p><strong>Fachkompetenzen<\/strong><\/p>\n<ul>\n<li>DGNB-Auditoren und Consultants<\/li>\n<li>QNG-, BNB- und NaWoh-Experten<\/li>\n<li>Energieeffizienz-Experten f\u00fcr F\u00f6rderprogramme des Bundes<\/li>\n<li>Experten f\u00fcr TGA-Planung, Konzepte und Strategien<\/li>\n<li>Nachhaltigkeitskoordinatoren und F\u00f6rdermittelexperten<\/li>\n<li>IT-Spezialisten und erfahrene Softwareentwickler<\/li>\n<\/ul>\n<p>&nbsp;<\/p>\n<p><strong>Zertifizierungen<\/strong><\/p>\n<ul>\n<li>ISO 9001:2015 zertifiziert<\/li>\n<li>Unterst\u00fctzer der Initiative Nachhaltigkeit<\/li>\n<\/ul>\n<p>[\/et_pb_text][\/et_pb_column][\/et_pb_row][et_pb_row column_structure=&#8220;1_3,2_3&#8243; disabled_on=&#8220;off|off|off&#8220; _builder_version=&#8220;4.16&#8243; custom_padding=&#8220;50px|0px|50px|0px&#8220; border_width_bottom=&#8220;1px&#8220; border_color_bottom=&#8220;rgba(51,51,51,0.18)&#8220; global_colors_info=&#8220;{}&#8220;][et_pb_column type=&#8220;1_3&#8243; _builder_version=&#8220;4.16&#8243; custom_padding=&#8220;|||&#8220; global_colors_info=&#8220;{}&#8220; custom_padding__hover=&#8220;|||&#8220;][et_pb_text _builder_version=&#8220;4.27.3&#8243; text_font=&#8220;Roboto|700|||||||&#8220; text_text_color=&#8220;#696666&#8243; text_font_size=&#8220;40px&#8220; global_colors_info=&#8220;{}&#8220;]Produkte<br \/>\n[\/et_pb_text][\/et_pb_column][et_pb_column type=&#8220;2_3&#8243; _builder_version=&#8220;4.16&#8243; custom_padding=&#8220;|||&#8220; global_colors_info=&#8220;{}&#8220; custom_padding__hover=&#8220;|||&#8220;][et_pb_text _builder_version=&#8220;4.27.3&#8243; global_colors_info=&#8220;{}&#8220;]<\/p>\n<p><strong>BUILD.ING HUB<\/strong><\/p>\n<p>Der BUILD.ING HUB ist die zentrale Softwareplattform der BUILD.ING Intelligence GmbH \u2013 eine cloudbasierte, modulare 360-Grad-Plattform f\u00fcr Immobilienverwalter und Asset Manager. Er ist eine L\u00f6sung, die CRREM mit Ma\u00dfnahmen- und F\u00f6rdermitteldatenbanken kombiniert.<\/p>\n<p>Die Plattform erm\u00f6glicht es, alle relevanten Kennzahlen und ESG-Daten von Immobilien jederzeit im Blick zu behalten, Reportings zu erstellen und Strategien f\u00fcr eine wirtschaftliche Weiterentwicklung zu planen und kostengerecht umzusetzen.<\/p>\n<p>&nbsp;<\/p>\n<p><strong>Basis-Module<\/strong><\/p>\n<ul>\n<li><strong>Geb\u00e4ude:<\/strong> Zusammenf\u00fchrung aller relevanten Immobilieninformationen aus allen Modulen<\/li>\n<li><strong>Portfolio:<\/strong> Clustering und Zusammenf\u00fchrung einzelner Immobilien unter Nachhaltigkeitsaspekten<\/li>\n<li><strong>Benutzer:<\/strong> Management interner und externer Benutzer und Dienstleister<\/li>\n<li><strong>Beratung:<\/strong> Unterst\u00fctzung bei der Auswahl passender Ma\u00dfnahmen- und F\u00f6rdermittelpakete<\/li>\n<\/ul>\n<p>&nbsp;<\/p>\n<p><strong>Erweiterte Module<\/strong><\/p>\n<ul>\n<li><strong>CO2-Rechner:<\/strong> Basierend auf dem Standard der Deutschen Gesellschaft f\u00fcr Nachhaltiges Bauen (DGNB)<\/li>\n<li><strong>CRREM-Modul:<\/strong> Wissenschaftlich basierter Dekarbonisierungspfad gem\u00e4\u00df Carbon Risk Real Estate Monitor<\/li>\n<li><strong>Ma\u00dfnahmen &amp; F\u00f6rdermittel:<\/strong> Gezielte Auswahl, Szenariovergleich, Planung und Dokumentation<\/li>\n<li><strong>Wirtschaftlichkeitsrechner:<\/strong> Kosten-Nutzen-Rechnung f\u00fcr gew\u00e4hlte Ma\u00dfnahmenpakete<\/li>\n<li><strong>Standortanalytik:<\/strong> Ein umfassendes Modul zur Erkennung und automatisierten Darstellung der meisten Umweltgefahren und sozialen Aspekte<\/li>\n<\/ul>\n<p>&nbsp;<\/p>\n<p><strong>Technische Merkmale<\/strong><\/p>\n<ul>\n<li>Cloudbasiert \u2013 auf Wunsch auch lokale Installation m\u00f6glich<\/li>\n<li>Offenes SaaS-\u00d6kosystem mit individuell w\u00e4hlbaren Modulen<\/li>\n<li>Automatische Datensynchronisation mit Dritt- und Eigenl\u00f6sungen<\/li>\n<li>Schnittstellen zu g\u00e4ngigen Drittsystemen<\/li>\n<li>Immer aktueller Klimaschutzausweis als Download (f\u00fcr Banken, Investoren, Bewertungen)<\/li>\n<\/ul>\n<p>[\/et_pb_text][\/et_pb_column][\/et_pb_row][et_pb_row column_structure=&#8220;1_3,1_3,1_3&#8243; _builder_version=&#8220;4.16&#8243; custom_padding=&#8220;50px|0px|27px|0px&#8220; global_colors_info=&#8220;{}&#8220;][et_pb_column type=&#8220;1_3&#8243; _builder_version=&#8220;4.16&#8243; custom_padding=&#8220;|||&#8220; global_colors_info=&#8220;{}&#8220; custom_padding__hover=&#8220;|||&#8220;][et_pb_text _builder_version=&#8220;4.27.3&#8243; text_font=&#8220;Roboto|700|||||||&#8220; text_text_color=&#8220;#696666&#8243; text_font_size=&#8220;40px&#8220; global_colors_info=&#8220;{}&#8220;]Kontakt<br \/>\n[\/et_pb_text][\/et_pb_column][et_pb_column type=&#8220;1_3&#8243; _builder_version=&#8220;4.16&#8243; custom_padding=&#8220;|||&#8220; global_colors_info=&#8220;{}&#8220; custom_padding__hover=&#8220;|||&#8220;][et_pb_text _builder_version=&#8220;4.27.3&#8243; custom_margin=&#8220;||||false|false&#8220; custom_padding=&#8220;|||&#8220; hover_enabled=&#8220;0&#8243; global_colors_info=&#8220;{}&#8220; sticky_enabled=&#8220;0&#8243;]<\/p>\n<div><strong>BUILD.ING Intelligence GmbH<br \/><\/strong>M\u00f6geldorfer Hauptstr. 49<br \/>90482 N\u00fcrnberg<\/div>\n<div><strong>\u00a0<\/strong><\/div>\n<p>Telefon: +49 151 58266005<br \/>E-Mail: <a href=\"mailto:&#106;ue&#114;&#103;e&#110;&#046;eng&#108;er&#064;&#098;&#117;&#105;l&#100;in&#103;-&#105;&#110;t&#101;&#108;l&#105;g&#101;nce.com\">&#106;&#117;&#101;rg&#101;&#110;.e&#110;&#103;&#108;&#101;&#114;&#64;&#98;u&#105;&#108;d&#105;&#110;&#103;&#45;i&#110;tell&#105;g&#101;n&#99;e&#46;co&#109;<\/a><br \/>Internet: <a href=\"http:\/\/www.building-intelligence.com\" target=\"_blank\" rel=\"noopener noreferrer\">www.building-intelligence.com<\/a><\/p>\n<p>[\/et_pb_text][\/et_pb_column][et_pb_column type=&#8220;1_3&#8243; _builder_version=&#8220;4.16&#8243; custom_padding=&#8220;|||&#8220; global_colors_info=&#8220;{}&#8220; custom_padding__hover=&#8220;|||&#8220;][et_pb_image src=&#8220;https:\/\/www.bvbs.de\/wp-content\/uploads\/2026\/03\/logo-blue_rgb.jpg&#8220; alt=&#8220;Blaues Logo der BUILD.ING Intelligence GmbH &#8220; title_text=&#8220;logo-blue_rgb&#8220; align_tablet=&#8220;left&#8220; align_phone=&#8220;left&#8220; align_last_edited=&#8220;on|tablet&#8220; _builder_version=&#8220;4.27.3&#8243; max_width=&#8220;86%&#8220; max_width_tablet=&#8220;38%&#8220; max_width_phone=&#8220;73%&#8220; max_width_last_edited=&#8220;on|desktop&#8220; global_colors_info=&#8220;{}&#8220;]\u00a0 [\/et_pb_image][\/et_pb_column][\/et_pb_row][\/et_pb_section]<\/p>\n","protected":false},"excerpt":{"rendered":"<p>BVBS Mitgliedsunternehmen Allgemeines Die BUILD.ING Intelligence GmbH ist ein auf nachhaltige Immobilienverwaltung und Energietransformation spezialisiertes Technologieunternehmen mit Sitz in N\u00fcrnberg. Das Unternehmen verbindet jahrelange Ingenieurserfahrung mit moderner IT-Expertise und entwickelt cloudbasierte Softwarel\u00f6sungen f\u00fcr Immobilienverwalter, Asset Manager und Immobilienbesitzer. &nbsp; Die Wurzeln des Unternehmens reichen bis ins Jahr 2009 zur\u00fcck, als ein vom Bundesministerium f\u00fcr Wirtschaft [&hellip;]<\/p>\n","protected":false},"author":760,"featured_media":0,"parent":0,"menu_order":0,"comment_status":"closed","ping_status":"closed","template":"","meta":{"_et_pb_use_builder":"on","_et_pb_old_content":"","_et_gb_content_width":"","wp_typography_post_enhancements_disabled":false,"footnotes":""},"class_list":["post-28680","page","type-page","status-publish","hentry"],"yoast_head":"<!-- This site is optimized with the Yoast SEO plugin v26.1.1 - https:\/\/yoast.com\/wordpress\/plugins\/seo\/ -->\r\n<title>BUILD.ING Intelligence GmbH - BVBS Bundesverband Software und Digitalisierung im Bauwesen e.V.<\/title>\r\n<meta name=\"robots\" content=\"index, follow, max-snippet:-1, max-image-preview:large, max-video-preview:-1\" \/>\r\n<link rel=\"canonical\" href=\"https:\/\/www.bvbs.de\/en\/building-intelligence\/\" \/>\r\n<meta property=\"og:locale\" content=\"en_GB\" \/>\r\n<meta property=\"og:type\" content=\"article\" \/>\r\n<meta property=\"og:title\" content=\"BUILD.ING Intelligence GmbH - BVBS Bundesverband Software und Digitalisierung im Bauwesen e.V.\" \/>\r\n<meta property=\"og:description\" content=\"BVBS Mitgliedsunternehmen Allgemeines Die BUILD.ING Intelligence GmbH ist ein auf nachhaltige Immobilienverwaltung und Energietransformation spezialisiertes Technologieunternehmen mit Sitz in N\u00fcrnberg. Das Unternehmen verbindet jahrelange Ingenieurserfahrung mit moderner IT-Expertise und entwickelt cloudbasierte Softwarel\u00f6sungen f\u00fcr Immobilienverwalter, Asset Manager und Immobilienbesitzer. &nbsp; Die Wurzeln des Unternehmens reichen bis ins Jahr 2009 zur\u00fcck, als ein vom Bundesministerium f\u00fcr Wirtschaft [&hellip;]\" \/>\r\n<meta property=\"og:url\" content=\"https:\/\/www.bvbs.de\/en\/building-intelligence\/\" \/>\r\n<meta property=\"og:site_name\" content=\"BVBS Bundesverband Software und Digitalisierung im Bauwesen e.V.\" \/>\r\n<meta property=\"article:modified_time\" content=\"2026-03-13T09:50:08+00:00\" \/>\r\n<meta name=\"twitter:card\" content=\"summary_large_image\" \/>\r\n<meta name=\"twitter:label1\" content=\"Estimated reading time\" \/>\n\t<meta name=\"twitter:data1\" content=\"3 minutes\" \/>\r\n<script type=\"application\/ld+json\" class=\"yoast-schema-graph\">{\"@context\":\"https:\/\/schema.org\",\"@graph\":[{\"@type\":\"WebPage\",\"@id\":\"https:\/\/www.bvbs.de\/building-intelligence\/\",\"url\":\"https:\/\/www.bvbs.de\/building-intelligence\/\",\"name\":\"BUILD.ING Intelligence GmbH - BVBS Bundesverband Software und Digitalisierung im Bauwesen e.V.\",\"isPartOf\":{\"@id\":\"https:\/\/www.bvbs.de\/#website\"},\"datePublished\":\"2026-03-03T09:55:02+00:00\",\"dateModified\":\"2026-03-13T09:50:08+00:00\",\"breadcrumb\":{\"@id\":\"https:\/\/www.bvbs.de\/building-intelligence\/#breadcrumb\"},\"inLanguage\":\"en-GB\",\"potentialAction\":[{\"@type\":\"ReadAction\",\"target\":[\"https:\/\/www.bvbs.de\/building-intelligence\/\"]}]},{\"@type\":\"BreadcrumbList\",\"@id\":\"https:\/\/www.bvbs.de\/building-intelligence\/#breadcrumb\",\"itemListElement\":[{\"@type\":\"ListItem\",\"position\":1,\"name\":\"Startseite\",\"item\":\"https:\/\/www.bvbs.de\/\"},{\"@type\":\"ListItem\",\"position\":2,\"name\":\"BUILD.ING Intelligence GmbH\"}]},{\"@type\":\"WebSite\",\"@id\":\"https:\/\/www.bvbs.de\/#website\",\"url\":\"https:\/\/www.bvbs.de\/\",\"name\":\"BVBS Bundesverband Software und Digitalisierung im Bauwesen e.V.\",\"description\":\"\",\"publisher\":{\"@id\":\"https:\/\/www.bvbs.de\/#organization\"},\"potentialAction\":[{\"@type\":\"SearchAction\",\"target\":{\"@type\":\"EntryPoint\",\"urlTemplate\":\"https:\/\/www.bvbs.de\/?s={search_term_string}\"},\"query-input\":{\"@type\":\"PropertyValueSpecification\",\"valueRequired\":true,\"valueName\":\"search_term_string\"}}],\"inLanguage\":\"en-GB\"},{\"@type\":\"Organization\",\"@id\":\"https:\/\/www.bvbs.de\/#organization\",\"name\":\"BVBS Bundesverband Software und Digitalisierung im Bauwesen\",\"url\":\"https:\/\/www.bvbs.de\/\",\"logo\":{\"@type\":\"ImageObject\",\"inLanguage\":\"en-GB\",\"@id\":\"https:\/\/www.bvbs.de\/#\/schema\/logo\/image\/\",\"url\":\"https:\/\/www.bvbs.de\/wp-content\/uploads\/2024\/01\/cropped-favicon-bvbs.png\",\"contentUrl\":\"https:\/\/www.bvbs.de\/wp-content\/uploads\/2024\/01\/cropped-favicon-bvbs.png\",\"width\":512,\"height\":512,\"caption\":\"BVBS Bundesverband Software und Digitalisierung im Bauwesen\"},\"image\":{\"@id\":\"https:\/\/www.bvbs.de\/#\/schema\/logo\/image\/\"}}]}<\/script>\r\n<!-- \/ Yoast SEO plugin. -->","yoast_head_json":{"title":"BUILD.ING Intel\u00adli\u00adgence GmbH \u2014 BVBS Bun\u00addes\u00adver\u00adband Soft\u00adware und Digi\u00adta\u00adli\u00adsie\u00adrung im Bau\u00adwe\u00adsen e.V.","robots":{"index":"index","follow":"follow","max-snippet":"max-snippet:-1","max-image-preview":"max-image-preview:large","max-video-preview":"max-video-preview:-1"},"canonical":"https:\/\/www.bvbs.de\/en\/building-intelligence\/","og_locale":"en_GB","og_type":"article","og_title":"BUILD.ING Intelligence GmbH - BVBS Bundesverband Software und Digitalisierung im Bauwesen e.V.","og_description":"BVBS Mitgliedsunternehmen Allgemeines Die BUILD.ING Intelligence GmbH ist ein auf nachhaltige Immobilienverwaltung und Energietransformation spezialisiertes Technologieunternehmen mit Sitz in N\u00fcrnberg. Das Unternehmen verbindet jahrelange Ingenieurserfahrung mit moderner IT-Expertise und entwickelt cloudbasierte Softwarel\u00f6sungen f\u00fcr Immobilienverwalter, Asset Manager und Immobilienbesitzer. &nbsp; Die Wurzeln des Unternehmens reichen bis ins Jahr 2009 zur\u00fcck, als ein vom Bundesministerium f\u00fcr Wirtschaft [&hellip;]","og_url":"https:\/\/www.bvbs.de\/en\/building-intelligence\/","og_site_name":"BVBS Bundesverband Software und Digitalisierung im Bauwesen e.V.","article_modified_time":"2026-03-13T09:50:08+00:00","twitter_card":"summary_large_image","twitter_misc":{"Estimated reading time":"3 minutes"},"schema":{"@context":"https:\/\/schema.org","@graph":[{"@type":"WebPage","@id":"https:\/\/www.bvbs.de\/building-intelligence\/","url":"https:\/\/www.bvbs.de\/building-intelligence\/","name":"BUILD.ING Intel\u00adli\u00adgence GmbH \u2014 BVBS Bun\u00addes\u00adver\u00adband Soft\u00adware und Digi\u00adta\u00adli\u00adsie\u00adrung im Bau\u00adwe\u00adsen e.V.","isPartOf":{"@id":"https:\/\/www.bvbs.de\/#website"},"datePublished":"2026-03-03T09:55:02+00:00","dateModified":"2026-03-13T09:50:08+00:00","breadcrumb":{"@id":"https:\/\/www.bvbs.de\/building-intelligence\/#breadcrumb"},"inLanguage":"en-GB","potentialAction":[{"@type":"ReadAction","target":["https:\/\/www.bvbs.de\/building-intelligence\/"]}]},{"@type":"BreadcrumbList","@id":"https:\/\/www.bvbs.de\/building-intelligence\/#breadcrumb","itemListElement":[{"@type":"ListItem","position":1,"name":"Startseite","item":"https:\/\/www.bvbs.de\/"},{"@type":"ListItem","position":2,"name":"BUILD.ING Intelligence GmbH"}]},{"@type":"WebSite","@id":"https:\/\/www.bvbs.de\/#website","url":"https:\/\/www.bvbs.de\/","name":"BVBS Bun\u00addes\u00adver\u00adband Soft\u00adware und Digi\u00adta\u00adli\u00adsie\u00adrung im Bau\u00adwe\u00adsen e.V.","description":"","publisher":{"@id":"https:\/\/www.bvbs.de\/#organization"},"potentialAction":[{"@type":"SearchAction","target":{"@type":"EntryPoint","urlTemplate":"https:\/\/www.bvbs.de\/?s={search_term_string}"},"query-input":{"@type":"PropertyValueSpecification","valueRequired":true,"valueName":"search_term_string"}}],"inLanguage":"en-GB"},{"@type":"Organization","@id":"https:\/\/www.bvbs.de\/#organization","name":"BVBS Bun\u00addes\u00adver\u00adband Soft\u00adware und Digi\u00adta\u00adli\u00adsie\u00adrung im Bauwesen","url":"https:\/\/www.bvbs.de\/","logo":{"@type":"ImageObject","inLanguage":"en-GB","@id":"https:\/\/www.bvbs.de\/#\/schema\/logo\/image\/","url":"https:\/\/www.bvbs.de\/wp-content\/uploads\/2024\/01\/cropped-favicon-bvbs.png","contentUrl":"https:\/\/www.bvbs.de\/wp-content\/uploads\/2024\/01\/cropped-favicon-bvbs.png","width":512,"height":512,"caption":"BVBS Bundesverband Software und Digitalisierung im Bauwesen"},"image":{"@id":"https:\/\/www.bvbs.de\/#\/schema\/logo\/image\/"}}]}},"_links":{"self":[{"href":"https:\/\/www.bvbs.de\/en\/wp-json\/wp\/v2\/pages\/28680","targetHints":{"allow":["GET"]}}],"collection":[{"href":"https:\/\/www.bvbs.de\/en\/wp-json\/wp\/v2\/pages"}],"about":[{"href":"https:\/\/www.bvbs.de\/en\/wp-json\/wp\/v2\/types\/page"}],"author":[{"embeddable":true,"href":"https:\/\/www.bvbs.de\/en\/wp-json\/wp\/v2\/users\/760"}],"replies":[{"embeddable":true,"href":"https:\/\/www.bvbs.de\/en\/wp-json\/wp\/v2\/comments?post=28680"}],"version-history":[{"count":9,"href":"https:\/\/www.bvbs.de\/en\/wp-json\/wp\/v2\/pages\/28680\/revisions"}],"predecessor-version":[{"id":28761,"href":"https:\/\/www.bvbs.de\/en\/wp-json\/wp\/v2\/pages\/28680\/revisions\/28761"}],"wp:attachment":[{"href":"https:\/\/www.bvbs.de\/en\/wp-json\/wp\/v2\/media?parent=28680"}],"curies":[{"name":"wp","href":"https:\/\/api.w.org\/{rel}","templated":true}]}}