{"id":2880,"date":"2018-12-13T21:17:19","date_gmt":"2018-12-13T20:17:19","guid":{"rendered":"https:\/\/www.bvbs.de\/?page_id=2880"},"modified":"2025-07-10T20:16:58","modified_gmt":"2025-07-10T18:16:58","slug":"bps-software","status":"publish","type":"page","link":"https:\/\/www.bvbs.de\/en\/bps-software\/","title":{"rendered":"BPS Soft\u00adware"},"content":{"rendered":"<p>[et_pb_section fb_built=&#8220;1&#8243; fullwidth=&#8220;on&#8220; _builder_version=&#8220;4.16&#8243; global_colors_info=&#8220;{}&#8220;][et_pb_fullwidth_slider _builder_version=&#8220;4.16&#8243; header_font=&#8220;Roboto|700|||||||&#8220; header_font_size=&#8220;46px&#8220; body_font=&#8220;Roboto||||||||&#8220; background_image=&#8220;https:\/\/www.bvbs.de\/wp-content\/uploads\/2021\/02\/mitglieder-bg.jpg&#8220; global_colors_info=&#8220;{}&#8220; button_text_size__hover_enabled=&#8220;off&#8220; button_one_text_size__hover_enabled=&#8220;off&#8220; button_two_text_size__hover_enabled=&#8220;off&#8220; button_text_color__hover_enabled=&#8220;off&#8220; button_one_text_color__hover_enabled=&#8220;off&#8220; button_two_text_color__hover_enabled=&#8220;off&#8220; button_border_width__hover_enabled=&#8220;off&#8220; button_one_border_width__hover_enabled=&#8220;off&#8220; button_two_border_width__hover_enabled=&#8220;off&#8220; button_border_color__hover_enabled=&#8220;off&#8220; button_one_border_color__hover_enabled=&#8220;off&#8220; button_two_border_color__hover_enabled=&#8220;off&#8220; button_border_radius__hover_enabled=&#8220;off&#8220; button_one_border_radius__hover_enabled=&#8220;off&#8220; button_two_border_radius__hover_enabled=&#8220;off&#8220; button_letter_spacing__hover_enabled=&#8220;off&#8220; button_one_letter_spacing__hover_enabled=&#8220;off&#8220; button_two_letter_spacing__hover_enabled=&#8220;off&#8220; button_bg_color__hover_enabled=&#8220;off&#8220; button_one_bg_color__hover_enabled=&#8220;off&#8220; button_two_bg_color__hover_enabled=&#8220;off&#8220;][et_pb_slide heading=&#8220;bps software GmbH &#038; Co. KG&#8220; _builder_version=&#8220;4.16&#8243; background_color=&#8220;#ffffff&#8220; global_colors_info=&#8220;{}&#8220; sticky_transition=&#8220;on&#8220; button_text_size__hover_enabled=&#8220;off&#8220; button_one_text_size__hover_enabled=&#8220;off&#8220; button_two_text_size__hover_enabled=&#8220;off&#8220; button_text_color__hover_enabled=&#8220;off&#8220; button_one_text_color__hover_enabled=&#8220;off&#8220; button_two_text_color__hover_enabled=&#8220;off&#8220; button_border_width__hover_enabled=&#8220;off&#8220; button_one_border_width__hover_enabled=&#8220;off&#8220; button_two_border_width__hover_enabled=&#8220;off&#8220; button_border_color__hover_enabled=&#8220;off&#8220; button_one_border_color__hover_enabled=&#8220;off&#8220; button_two_border_color__hover_enabled=&#8220;off&#8220; button_border_radius__hover_enabled=&#8220;off&#8220; button_one_border_radius__hover_enabled=&#8220;off&#8220; button_two_border_radius__hover_enabled=&#8220;off&#8220; button_letter_spacing__hover_enabled=&#8220;off&#8220; button_one_letter_spacing__hover_enabled=&#8220;off&#8220; button_two_letter_spacing__hover_enabled=&#8220;off&#8220; button_bg_color__hover_enabled=&#8220;off&#8220; button_one_bg_color__hover_enabled=&#8220;off&#8220; button_two_bg_color__hover_enabled=&#8220;off&#8220;]BVBS Mitgliedsunternehmen<br \/>\n[\/et_pb_slide][\/et_pb_fullwidth_slider][\/et_pb_section][et_pb_section fb_built=&#8220;1&#8243; _builder_version=&#8220;4.16&#8243; global_colors_info=&#8220;{}&#8220;][et_pb_row _builder_version=&#8220;4.16&#8243; custom_padding=&#8220;27px|0px|50px|0px&#8220; border_width_bottom=&#8220;1px&#8220; border_color_bottom=&#8220;rgba(51,51,51,0.18)&#8220; global_colors_info=&#8220;{}&#8220; column_structure=&#8220;1_3,2_3&#8243;][et_pb_column type=&#8220;1_3&#8243; _builder_version=&#8220;4.16&#8243; custom_padding=&#8220;|||&#8220; global_colors_info=&#8220;{}&#8220; custom_padding__hover=&#8220;|||&#8220;][et_pb_text _builder_version=&#8220;4.16&#8243; text_font=&#8220;Roboto|700|||||||&#8220; text_text_color=&#8220;#696666&#8243; text_font_size=&#8220;40px&#8220; global_colors_info=&#8220;{}&#8220;]Allgemeines<br \/>\n[\/et_pb_text][\/et_pb_column][et_pb_column type=&#8220;2_3&#8243; _builder_version=&#8220;4.16&#8243; custom_padding=&#8220;|||&#8220; global_colors_info=&#8220;{}&#8220; custom_padding__hover=&#8220;|||&#8220;][et_pb_text _builder_version=&#8220;4.16&#8243; global_colors_info=&#8220;{}&#8220;]<\/p>\n<p>2.100 Kunden, 13.000 Anwender, 70 Mitarbeiter, 4 Niederlassungen, 1 Familienunternehmen: bps software<\/p>\n<p>Seit \u00fcber 25 Jahren entwickelt das Unternehmen Software-L\u00f6sungen f\u00fcr mittelst\u00e4ndische Bau\u00adunter\u00adnehmen und ist der Baubranche eng verbunden. Sein Antrieb ist, die Branche nach vorne zu bringen.\u00a0In der Digitalisierung sieht bps software insbesondere f\u00fcr mittelst\u00e4ndische Unter\u00adnehmen die Chance, sich zu entlasten, leichter, effektiver und damit handlungsf\u00e4higer zu werden. Dadurch kann die ganze Branche Auftrieb gewinnen und ihr Image aufbessern.\u00a0<\/p>\n<p>Gegr\u00fcndet 1997 in Ibbenb\u00fcren, wird das Softwarehaus mittlerweile in der zweiten Generation gef\u00fchrt. Die branchenspezifische Software findet Anwendung in den Bereichen Hoch-, Tief-, SF-, Stra\u00dfen- und Erdbau sowie in der Abbruchbranche und bei zahlreichen Ingenieurb\u00fcros des Bauhaupt- und Baunebengewerbes. Durch seine langj\u00e4hrige Expertise und den klaren Fokus auf das Baugewerbe z\u00e4hlt bps software heute zu den f\u00fchrenden Anbietern von modernen und benutzer\u00adfreund\u00adlichen Komplettl\u00f6sungen f\u00fcr die Bauindustrie.<\/p>\n<p>[\/et_pb_text][\/et_pb_column][\/et_pb_row][et_pb_row _builder_version=&#8220;4.16&#8243; custom_padding=&#8220;50px|0px|50px|0px&#8220; border_width_bottom=&#8220;1px&#8220; border_color_bottom=&#8220;rgba(51,51,51,0.18)&#8220; global_colors_info=&#8220;{}&#8220; column_structure=&#8220;1_3,2_3&#8243;][et_pb_column type=&#8220;1_3&#8243; _builder_version=&#8220;4.16&#8243; custom_padding=&#8220;|||&#8220; global_colors_info=&#8220;{}&#8220; custom_padding__hover=&#8220;|||&#8220;][et_pb_text _builder_version=&#8220;4.16&#8243; text_font=&#8220;Roboto|700|||||||&#8220; text_text_color=&#8220;#696666&#8243; text_font_size=&#8220;40px&#8220; global_colors_info=&#8220;{}&#8220;]Produkte<br \/>\n[\/et_pb_text][\/et_pb_column][et_pb_column type=&#8220;2_3&#8243; _builder_version=&#8220;4.16&#8243; custom_padding=&#8220;|||&#8220; global_colors_info=&#8220;{}&#8220; custom_padding__hover=&#8220;|||&#8220;][et_pb_text _builder_version=&#8220;4.16&#8243; global_colors_info=&#8220;{}&#8220;]<\/p>\n<p><a href=\"https:\/\/www.bps-software.de\/softwareloesungen\/bps-bau\/\" target=\"_blank\" rel=\"noopener noreferrer\"><span class=\"berschrift2Zchn\">bps bau:<\/span>\u00a0Eine All-in-One-L\u00f6sung, die Anwendern die Wahl l\u00e4sst<\/a><br \/> Jahrzehntelange Branchenerfahrung und vollst\u00e4ndige Konzentration auf das Baugewerbe: Das ist das Fundament von bps bau. Mit dieser Software erhalten Nutzer eine anwenderfreundliche, erweiterbare und zukunftssichere L\u00f6sung f\u00fcr ihr Bauunternehmen.<\/p>\n<p><a href=\"https:\/\/www.bps-software.de\/softwareloesungen\/bps-finance\/\" target=\"_blank\" rel=\"noopener noreferrer\"><span class=\"berschrift2Zchn\">bps finance: Der kaufm\u00e4nnische Sparringpartner<\/span><\/a><br \/> Bauunternehmen m\u00fcssen alle Prozesse nicht nur auf der Seite der Projekte, sondern auch auf der kaufm\u00e4nnischen Seite abbilden k\u00f6nnen. Genau aus diesem Grund setzt bps software auf die Zusammenarbeit von bps bau und bps finance. \u00dcber sichere und clevere Schnittstellen sind beide L\u00f6sungen miteinander verbunden.<\/p>\n<p><a href=\"https:\/\/www.bps-software.de\/softwareloesungen\/dokubit\/\" target=\"_blank\" rel=\"noopener noreferrer\"><span class=\"berschrift2Zchn\">DokuBit: Revisionssicher archivieren, treffsicher wiederfinden<\/span><\/a><br \/> Von bps bau oder bps finance aus direkt ins digitale Archiv: DokuBit ist ein intelligentes DMS und eine nachhaltig sinnvolle Erg\u00e4nzung zur Bausoftware.\u00a0Mit DokuBit lassen sich Dokumente unkompliziert und automatisch strukturieren, garantiert GoBD konform archivieren und jederzeit einsehen sowie zielgerichtet abrufen.<\/p>\n<p><a href=\"https:\/\/www.bps-software.de\/softwareloesungen\/upmesh-baustellenapp\/\" target=\"_blank\" rel=\"noopener noreferrer\"><span class=\"berschrift2Zchn\">upmesh: Die mobile App-Sofort-L\u00f6sung<\/span><\/a><br \/> upmesh ist mehr als eine mobile Baustellen-App, upmesh ist eine cloudbasierte Plattform, die Anwender aktiv in der Kommunikation und Zusammenarbeit mit allen Projektbeteiligten unterst\u00fctzt \u2013 \u00fcber alle Bauphasen und die gesamte Wertsch\u00f6pfungskette hinweg.\u00a0Von der Aufgabensteuerung \u00fcber das Plan- und M\u00e4ngelmanagement bis zur Nachtragserfassung.<\/p>\n<p><a href=\"https:\/\/www.bps-software.de\/softwareloesungen\/123erfasst\/\" target=\"_blank\" rel=\"noopener noreferrer\"><span class=\"berschrift2Zchn\">123erfasst: Zeiten digital erfassen und dokumentieren<\/span><\/a><br \/> Die App tr\u00e4gt ihren Nutzen im Namen: sie ist f\u00fcr die t\u00e4gliche Ist-Erfassung auf der Baustelle entwickelt. 123erfasst digitalisiert Stundenzettel und Projektdokumentationen. Die Zettelwirtschaft geh\u00f6rt damit der Vergangenheit an. Im Ergebnis bringt das eine enorme Zeitersparnis und die beweissichere Dokumentation ist unter Dach und Fach.<\/p>\n<p><span style=\"font-size: 15px;\"><\/span><a href=\"https:\/\/www.bps-software.de\/softwareloesungen\/easi-control-arbeitsschutz\/\" target=\"_blank\" rel=\"noopener noreferrer\">EASI Control: Arbeitsschutz leicht gemacht<\/a><br \/> <span style=\"font-size: 15px;\">Arbeitssicherheit kann ganz einfach sein \u2013 wenn man sie mit EASI Control managt. Alle Arbeits\u00adschutzbelange lassen sich mit der Web- und mobile-App digital abbilden, von Sicherheits\u00adunter\u00adweisungen f\u00fcr Mitarbeiter \u00fcber Gef\u00e4hrdungsbeurteilungen und Ger\u00e4te\u00admanage\u00adment bis hin zum Nachunternehmermanagement. \u00dcber Schnittstellen lassen sich Daten mit nur wenigen Klicks ganz einfach mit bestehenden Programmen austauschen. So steuern Nutzer mit EASI Control das gesamte Arbeitssicherheitsmanagement einfach, mobil und sicher.<\/span><\/p>\n<p>[\/et_pb_text][\/et_pb_column][\/et_pb_row][et_pb_row _builder_version=&#8220;4.16&#8243; custom_padding=&#8220;50px|0px|27px|0px&#8220; global_colors_info=&#8220;{}&#8220; column_structure=&#8220;1_3,1_3,1_3&#8243;][et_pb_column type=&#8220;1_3&#8243; _builder_version=&#8220;4.16&#8243; custom_padding=&#8220;|||&#8220; global_colors_info=&#8220;{}&#8220; custom_padding__hover=&#8220;|||&#8220;][et_pb_text _builder_version=&#8220;4.16&#8243; text_font=&#8220;Roboto|700|||||||&#8220; text_text_color=&#8220;#696666&#8243; text_font_size=&#8220;40px&#8220; global_colors_info=&#8220;{}&#8220;]Kontakt<br \/>\n[\/et_pb_text][\/et_pb_column][et_pb_column type=&#8220;1_3&#8243; _builder_version=&#8220;4.16&#8243; custom_padding=&#8220;|||&#8220; global_colors_info=&#8220;{}&#8220; custom_padding__hover=&#8220;|||&#8220;][et_pb_text _builder_version=&#8220;4.16&#8243; custom_margin=&#8220;|||-35px&#8220; custom_padding=&#8220;|||&#8220; global_colors_info=&#8220;{}&#8220;]<\/p>\n<div>\n<p><strong>bps software GmbH &amp; Co. KG<br \/>\n<\/strong>Ignatz-Wiemeler-Stra\u00dfe 22<br \/>\n49477 Ibbenb\u00fcren<\/p>\n<p>Telefon: (054 51) 59 333<br \/>\nE\u2011Mail: <a href=\"mailto:info@bps-software.de\">info@bps-software.de<\/a><br \/>\nWebsite: <a href=\"https:\/\/www.bps-software.de\/\">https:\/\/www.bps-software.de\/<\/a><br \/>\nKontakt: <a href=\"https:\/\/www.bps-software.de\/kontakt\/\">https:\/\/www.bps-software.de\/kontakt\/<\/a><\/p>\n<\/div>\n<p>[\/et_pb_text][\/et_pb_column][et_pb_column type=&#8220;1_3&#8243; _builder_version=&#8220;4.16&#8243; custom_padding=&#8220;|||&#8220; global_colors_info=&#8220;{}&#8220; custom_padding__hover=&#8220;|||&#8220;][et_pb_image src=&#8220;https:\/\/www.bvbs.de\/wp-content\/uploads\/2024\/08\/bps_Logo_202408-e1724054400121.png&#8220; align_tablet=&#8220;center&#8220; align_last_edited=&#8220;on|desktop&#8220; _builder_version=&#8220;4.16&#8243; max_width=&#8220;82%&#8220; global_colors_info=&#8220;{}&#8220; align_phone=&#8220;center&#8220;]\u00a0<br \/>\n[\/et_pb_image][\/et_pb_column][\/et_pb_row][\/et_pb_section]<\/p>\n","protected":false},"excerpt":{"rendered":"<p>BVBS Mitgliedsunternehmen Allgemeines 2.100 Kunden, 13.000 Anwender, 70 Mitarbeiter, 4 Niederlassungen, 1 Familienunternehmen: bps software Seit \u00fcber 25 Jahren entwickelt das Unternehmen Software-L\u00f6sungen f\u00fcr mittelst\u00e4ndische Bau\u00adunter\u00adnehmen und ist der Baubranche eng verbunden. Sein Antrieb ist, die Branche nach vorne zu bringen.\u00a0In der Digitalisierung sieht bps software insbesondere f\u00fcr mittelst\u00e4ndische Unter\u00adnehmen die Chance, sich zu entlasten, [&hellip;]<\/p>\n","protected":false},"author":3,"featured_media":0,"parent":0,"menu_order":0,"comment_status":"closed","ping_status":"closed","template":"","meta":{"_et_pb_use_builder":"on","_et_pb_old_content":"","_et_gb_content_width":"","wp_typography_post_enhancements_disabled":false,"footnotes":""},"class_list":["post-2880","page","type-page","status-publish","hentry"],"yoast_head":"<!-- This site is optimized with the Yoast SEO plugin v26.1.1 - https:\/\/yoast.com\/wordpress\/plugins\/seo\/ -->\r\n<title>BPS Software - BVBS Bundesverband Software und Digitalisierung im Bauwesen e.V.<\/title>\r\n<meta name=\"robots\" content=\"index, follow, max-snippet:-1, max-image-preview:large, max-video-preview:-1\" \/>\r\n<link rel=\"canonical\" href=\"https:\/\/www.bvbs.de\/en\/bps-software\/\" \/>\r\n<meta property=\"og:locale\" content=\"en_GB\" \/>\r\n<meta property=\"og:type\" content=\"article\" \/>\r\n<meta property=\"og:title\" content=\"BPS Software - BVBS Bundesverband Software und Digitalisierung im Bauwesen e.V.\" \/>\r\n<meta property=\"og:description\" content=\"BVBS Mitgliedsunternehmen Allgemeines 2.100 Kunden, 13.000 Anwender, 70 Mitarbeiter, 4 Niederlassungen, 1 Familienunternehmen: bps software Seit \u00fcber 25 Jahren entwickelt das Unternehmen Software-L\u00f6sungen f\u00fcr mittelst\u00e4ndische Bau\u00adunter\u00adnehmen und ist der Baubranche eng verbunden. Sein Antrieb ist, die Branche nach vorne zu bringen.\u00a0In der Digitalisierung sieht bps software insbesondere f\u00fcr mittelst\u00e4ndische Unter\u00adnehmen die Chance, sich zu entlasten, [&hellip;]\" \/>\r\n<meta property=\"og:url\" content=\"https:\/\/www.bvbs.de\/en\/bps-software\/\" \/>\r\n<meta property=\"og:site_name\" content=\"BVBS Bundesverband Software und Digitalisierung im Bauwesen e.V.\" \/>\r\n<meta property=\"article:modified_time\" content=\"2025-07-10T18:16:58+00:00\" \/>\r\n<meta name=\"twitter:card\" content=\"summary_large_image\" \/>\r\n<meta name=\"twitter:label1\" content=\"Estimated reading time\" \/>\n\t<meta name=\"twitter:data1\" content=\"3 minutes\" \/>\r\n<script type=\"application\/ld+json\" class=\"yoast-schema-graph\">{\"@context\":\"https:\/\/schema.org\",\"@graph\":[{\"@type\":\"WebPage\",\"@id\":\"https:\/\/www.bvbs.de\/bps-software\/\",\"url\":\"https:\/\/www.bvbs.de\/bps-software\/\",\"name\":\"BPS Software - BVBS Bundesverband Software und Digitalisierung im Bauwesen e.V.\",\"isPartOf\":{\"@id\":\"https:\/\/www.bvbs.de\/#website\"},\"datePublished\":\"2018-12-13T20:17:19+00:00\",\"dateModified\":\"2025-07-10T18:16:58+00:00\",\"breadcrumb\":{\"@id\":\"https:\/\/www.bvbs.de\/bps-software\/#breadcrumb\"},\"inLanguage\":\"en-GB\",\"potentialAction\":[{\"@type\":\"ReadAction\",\"target\":[\"https:\/\/www.bvbs.de\/bps-software\/\"]}]},{\"@type\":\"BreadcrumbList\",\"@id\":\"https:\/\/www.bvbs.de\/bps-software\/#breadcrumb\",\"itemListElement\":[{\"@type\":\"ListItem\",\"position\":1,\"name\":\"Startseite\",\"item\":\"https:\/\/www.bvbs.de\/\"},{\"@type\":\"ListItem\",\"position\":2,\"name\":\"BPS Software\"}]},{\"@type\":\"WebSite\",\"@id\":\"https:\/\/www.bvbs.de\/#website\",\"url\":\"https:\/\/www.bvbs.de\/\",\"name\":\"BVBS Bundesverband Software und Digitalisierung im Bauwesen e.V.\",\"description\":\"\",\"publisher\":{\"@id\":\"https:\/\/www.bvbs.de\/#organization\"},\"potentialAction\":[{\"@type\":\"SearchAction\",\"target\":{\"@type\":\"EntryPoint\",\"urlTemplate\":\"https:\/\/www.bvbs.de\/?s={search_term_string}\"},\"query-input\":{\"@type\":\"PropertyValueSpecification\",\"valueRequired\":true,\"valueName\":\"search_term_string\"}}],\"inLanguage\":\"en-GB\"},{\"@type\":\"Organization\",\"@id\":\"https:\/\/www.bvbs.de\/#organization\",\"name\":\"BVBS Bundesverband Software und Digitalisierung im Bauwesen\",\"url\":\"https:\/\/www.bvbs.de\/\",\"logo\":{\"@type\":\"ImageObject\",\"inLanguage\":\"en-GB\",\"@id\":\"https:\/\/www.bvbs.de\/#\/schema\/logo\/image\/\",\"url\":\"https:\/\/www.bvbs.de\/wp-content\/uploads\/2024\/01\/cropped-favicon-bvbs.png\",\"contentUrl\":\"https:\/\/www.bvbs.de\/wp-content\/uploads\/2024\/01\/cropped-favicon-bvbs.png\",\"width\":512,\"height\":512,\"caption\":\"BVBS Bundesverband Software und Digitalisierung im Bauwesen\"},\"image\":{\"@id\":\"https:\/\/www.bvbs.de\/#\/schema\/logo\/image\/\"}}]}<\/script>\r\n<!-- \/ Yoast SEO plugin. -->","yoast_head_json":{"title":"BPS Soft\u00adware \u2014 BVBS Bun\u00addes\u00adver\u00adband Soft\u00adware und Digi\u00adta\u00adli\u00adsie\u00adrung im Bau\u00adwe\u00adsen e.V.","robots":{"index":"index","follow":"follow","max-snippet":"max-snippet:-1","max-image-preview":"max-image-preview:large","max-video-preview":"max-video-preview:-1"},"canonical":"https:\/\/www.bvbs.de\/en\/bps-software\/","og_locale":"en_GB","og_type":"article","og_title":"BPS Software - BVBS Bundesverband Software und Digitalisierung im Bauwesen e.V.","og_description":"BVBS Mitgliedsunternehmen Allgemeines 2.100 Kunden, 13.000 Anwender, 70 Mitarbeiter, 4 Niederlassungen, 1 Familienunternehmen: bps software Seit \u00fcber 25 Jahren entwickelt das Unternehmen Software-L\u00f6sungen f\u00fcr mittelst\u00e4ndische Bau\u00adunter\u00adnehmen und ist der Baubranche eng verbunden. Sein Antrieb ist, die Branche nach vorne zu bringen.\u00a0In der Digitalisierung sieht bps software insbesondere f\u00fcr mittelst\u00e4ndische Unter\u00adnehmen die Chance, sich zu entlasten, [&hellip;]","og_url":"https:\/\/www.bvbs.de\/en\/bps-software\/","og_site_name":"BVBS Bundesverband Software und Digitalisierung im Bauwesen e.V.","article_modified_time":"2025-07-10T18:16:58+00:00","twitter_card":"summary_large_image","twitter_misc":{"Estimated reading time":"3 minutes"},"schema":{"@context":"https:\/\/schema.org","@graph":[{"@type":"WebPage","@id":"https:\/\/www.bvbs.de\/bps-software\/","url":"https:\/\/www.bvbs.de\/bps-software\/","name":"BPS Soft\u00adware \u2014 BVBS Bun\u00addes\u00adver\u00adband Soft\u00adware und Digi\u00adta\u00adli\u00adsie\u00adrung im Bau\u00adwe\u00adsen e.V.","isPartOf":{"@id":"https:\/\/www.bvbs.de\/#website"},"datePublished":"2018-12-13T20:17:19+00:00","dateModified":"2025-07-10T18:16:58+00:00","breadcrumb":{"@id":"https:\/\/www.bvbs.de\/bps-software\/#breadcrumb"},"inLanguage":"en-GB","potentialAction":[{"@type":"ReadAction","target":["https:\/\/www.bvbs.de\/bps-software\/"]}]},{"@type":"BreadcrumbList","@id":"https:\/\/www.bvbs.de\/bps-software\/#breadcrumb","itemListElement":[{"@type":"ListItem","position":1,"name":"Startseite","item":"https:\/\/www.bvbs.de\/"},{"@type":"ListItem","position":2,"name":"BPS Software"}]},{"@type":"WebSite","@id":"https:\/\/www.bvbs.de\/#website","url":"https:\/\/www.bvbs.de\/","name":"BVBS Bun\u00addes\u00adver\u00adband Soft\u00adware und Digi\u00adta\u00adli\u00adsie\u00adrung im Bau\u00adwe\u00adsen e.V.","description":"","publisher":{"@id":"https:\/\/www.bvbs.de\/#organization"},"potentialAction":[{"@type":"SearchAction","target":{"@type":"EntryPoint","urlTemplate":"https:\/\/www.bvbs.de\/?s={search_term_string}"},"query-input":{"@type":"PropertyValueSpecification","valueRequired":true,"valueName":"search_term_string"}}],"inLanguage":"en-GB"},{"@type":"Organization","@id":"https:\/\/www.bvbs.de\/#organization","name":"BVBS Bun\u00addes\u00adver\u00adband Soft\u00adware und Digi\u00adta\u00adli\u00adsie\u00adrung im Bauwesen","url":"https:\/\/www.bvbs.de\/","logo":{"@type":"ImageObject","inLanguage":"en-GB","@id":"https:\/\/www.bvbs.de\/#\/schema\/logo\/image\/","url":"https:\/\/www.bvbs.de\/wp-content\/uploads\/2024\/01\/cropped-favicon-bvbs.png","contentUrl":"https:\/\/www.bvbs.de\/wp-content\/uploads\/2024\/01\/cropped-favicon-bvbs.png","width":512,"height":512,"caption":"BVBS Bundesverband Software und Digitalisierung im Bauwesen"},"image":{"@id":"https:\/\/www.bvbs.de\/#\/schema\/logo\/image\/"}}]}},"_links":{"self":[{"href":"https:\/\/www.bvbs.de\/en\/wp-json\/wp\/v2\/pages\/2880","targetHints":{"allow":["GET"]}}],"collection":[{"href":"https:\/\/www.bvbs.de\/en\/wp-json\/wp\/v2\/pages"}],"about":[{"href":"https:\/\/www.bvbs.de\/en\/wp-json\/wp\/v2\/types\/page"}],"author":[{"embeddable":true,"href":"https:\/\/www.bvbs.de\/en\/wp-json\/wp\/v2\/users\/3"}],"replies":[{"embeddable":true,"href":"https:\/\/www.bvbs.de\/en\/wp-json\/wp\/v2\/comments?post=2880"}],"version-history":[{"count":0,"href":"https:\/\/www.bvbs.de\/en\/wp-json\/wp\/v2\/pages\/2880\/revisions"}],"wp:attachment":[{"href":"https:\/\/www.bvbs.de\/en\/wp-json\/wp\/v2\/media?parent=2880"}],"curies":[{"name":"wp","href":"https:\/\/api.w.org\/{rel}","templated":true}]}}