{"id":28914,"date":"2026-04-08T16:16:31","date_gmt":"2026-04-08T14:16:31","guid":{"rendered":"https:\/\/www.bvbs.de\/?page_id=28914"},"modified":"2026-04-08T16:28:54","modified_gmt":"2026-04-08T14:28:54","slug":"kalku-baukalkulationen","status":"publish","type":"page","link":"https:\/\/www.bvbs.de\/en\/kalku-baukalkulationen\/","title":{"rendered":"Kal\u00adku-Bau\u00adkal\u00adku\u00adla\u00adtio\u00adnen"},"content":{"rendered":"<p>[et_pb_section fb_built=&#8220;1&#8243; fullwidth=&#8220;on&#8220; _builder_version=&#8220;4.16&#8243; global_colors_info=&#8220;{}&#8220;][et_pb_fullwidth_slider _builder_version=&#8220;4.27.3&#8243; header_font=&#8220;Roboto||||||||&#8220; body_font=&#8220;Roboto||||||||&#8220; background_image=&#8220;https:\/\/www.bvbs.de\/wp-content\/uploads\/2021\/02\/mitglieder-bg.jpg&#8220; global_colors_info=&#8220;{}&#8220; button_text_size__hover_enabled=&#8220;off&#8220; button_one_text_size__hover_enabled=&#8220;off&#8220; button_two_text_size__hover_enabled=&#8220;off&#8220; button_text_color__hover_enabled=&#8220;off&#8220; button_one_text_color__hover_enabled=&#8220;off&#8220; button_two_text_color__hover_enabled=&#8220;off&#8220; button_border_width__hover_enabled=&#8220;off&#8220; button_one_border_width__hover_enabled=&#8220;off&#8220; button_two_border_width__hover_enabled=&#8220;off&#8220; button_border_color__hover_enabled=&#8220;off&#8220; button_one_border_color__hover_enabled=&#8220;off&#8220; button_two_border_color__hover_enabled=&#8220;off&#8220; button_border_radius__hover_enabled=&#8220;off&#8220; button_one_border_radius__hover_enabled=&#8220;off&#8220; button_two_border_radius__hover_enabled=&#8220;off&#8220; button_letter_spacing__hover_enabled=&#8220;off&#8220; button_one_letter_spacing__hover_enabled=&#8220;off&#8220; button_two_letter_spacing__hover_enabled=&#8220;off&#8220; button_bg_color__hover_enabled=&#8220;off&#8220; button_one_bg_color__hover_enabled=&#8220;off&#8220; button_two_bg_color__hover_enabled=&#8220;off&#8220;][et_pb_slide heading=&#8220;Kalku-Baukalkulationen&#8220; use_bg_overlay=&#8220;off&#8220; use_text_overlay=&#8220;off&#8220; _builder_version=&#8220;4.27.3&#8243; header_level=&#8220;h1&#8243; header_font=&#8220;Roboto|700|||||||&#8220; header_font_size=&#8220;55px&#8220; background_color=&#8220;#ffffff&#8220; button_on_hover=&#8220;on&#8220; header_font_size_tablet=&#8220;55px&#8220; header_font_size_phone=&#8220;55px&#8220; global_colors_info=&#8220;{}&#8220; button_text_size__hover_enabled=&#8220;off&#8220; button_one_text_size__hover_enabled=&#8220;off&#8220; button_two_text_size__hover_enabled=&#8220;off&#8220; button_text_color__hover_enabled=&#8220;off&#8220; button_one_text_color__hover_enabled=&#8220;off&#8220; button_two_text_color__hover_enabled=&#8220;off&#8220; button_border_width__hover_enabled=&#8220;off&#8220; button_one_border_width__hover_enabled=&#8220;off&#8220; button_two_border_width__hover_enabled=&#8220;off&#8220; button_border_color__hover_enabled=&#8220;off&#8220; button_one_border_color__hover_enabled=&#8220;off&#8220; button_two_border_color__hover_enabled=&#8220;off&#8220; button_border_radius__hover_enabled=&#8220;off&#8220; button_one_border_radius__hover_enabled=&#8220;off&#8220; button_two_border_radius__hover_enabled=&#8220;off&#8220; button_letter_spacing__hover_enabled=&#8220;off&#8220; button_one_letter_spacing__hover_enabled=&#8220;off&#8220; button_two_letter_spacing__hover_enabled=&#8220;off&#8220; button_bg_color__hover_enabled=&#8220;off&#8220; button_one_bg_color__hover_enabled=&#8220;off&#8220; button_two_bg_color__hover_enabled=&#8220;off&#8220; sticky_transition=&#8220;on&#8220;]<\/p>\n<p>BVBS Mitgliedsunternehmen<\/p>\n<p>[\/et_pb_slide][\/et_pb_fullwidth_slider][\/et_pb_section][et_pb_section fb_built=&#8220;1&#8243; _builder_version=&#8220;4.16&#8243; global_colors_info=&#8220;{}&#8220;][et_pb_row column_structure=&#8220;1_3,2_3&#8243; disabled_on=&#8220;on|on|on&#8220; _builder_version=&#8220;4.27.3&#8243; border_width_bottom=&#8220;1px&#8220; border_color_bottom=&#8220;rgba(105,102,102,0.36)&#8220; disabled=&#8220;on&#8220; global_colors_info=&#8220;{}&#8220;][et_pb_column type=&#8220;1_3&#8243; _builder_version=&#8220;4.16&#8243; custom_padding=&#8220;|||&#8220; global_colors_info=&#8220;{}&#8220; custom_padding__hover=&#8220;|||&#8220;][et_pb_text _builder_version=&#8220;4.16&#8243; text_font=&#8220;Roboto|700|||||||&#8220; text_text_color=&#8220;#696666&#8243; text_font_size=&#8220;40px&#8220; global_colors_info=&#8220;{}&#8220;]Allgemeines<br \/>\n[\/et_pb_text][\/et_pb_column][et_pb_column type=&#8220;2_3&#8243; _builder_version=&#8220;4.16&#8243; custom_padding=&#8220;|||&#8220; global_colors_info=&#8220;{}&#8220; custom_padding__hover=&#8220;|||&#8220;][et_pb_text _builder_version=&#8220;4.27.3&#8243; global_colors_info=&#8220;{}&#8220;]<\/p>\n<p>Als Wegbegleiter f\u00fcr \u00fcber 600 Kunden steigert 4PS by Hilti mit seiner Cloud-ERP-L\u00f6sung die Effizienz von Unternehmen aus den Bereichen Hoch- und Tiefbau, Anlagenbau sowie Elektro- und Geb\u00e4udetechnik. In einem modernen und progressiven Arbeitsumfeld b\u00fcndelt es an seinem Standort in Ulm langj\u00e4hrige Expertise und innovative Ideen. 4PS ist der weltweit gr\u00f6\u00dfte Microsoft Dynamics Partner f\u00fcr die Baubranche und Microsoft Inner Circle Member. Seit 2023 geh\u00f6rt 4PS zur Hilti Gruppe und ist Bestandteil des Hilti Construction Software Portfolios. Der Unternehmenshauptsitz befindet sich in Ede (Niederlande).<\/p>\n<p>[\/et_pb_text][\/et_pb_column][\/et_pb_row][et_pb_row column_structure=&#8220;1_3,2_3&#8243; disabled_on=&#8220;on|on|on&#8220; _builder_version=&#8220;4.27.3&#8243; border_width_bottom=&#8220;1px&#8220; border_color_bottom=&#8220;rgba(105,102,102,0.36)&#8220; disabled=&#8220;on&#8220; global_colors_info=&#8220;{}&#8220;][et_pb_column type=&#8220;1_3&#8243; _builder_version=&#8220;4.16&#8243; custom_padding=&#8220;|||&#8220; global_colors_info=&#8220;{}&#8220; custom_padding__hover=&#8220;|||&#8220;][et_pb_text _builder_version=&#8220;4.16&#8243; text_font=&#8220;Roboto|700|||||||&#8220; text_text_color=&#8220;#696666&#8243; text_font_size=&#8220;40px&#8220; global_colors_info=&#8220;{}&#8220;]Produkte<br \/>\n[\/et_pb_text][\/et_pb_column][et_pb_column type=&#8220;2_3&#8243; _builder_version=&#8220;4.16&#8243; custom_padding=&#8220;|||&#8220; global_colors_info=&#8220;{}&#8220; custom_padding__hover=&#8220;|||&#8220;][et_pb_text _builder_version=&#8220;4.27.3&#8243; global_colors_info=&#8220;{}&#8220;]<\/p>\n<p><a href=\"https:\/\/www.4ps.de\/erp-software-fuer-den-bau\/\" target=\"_blank\" rel=\"noopener\"><strong>4PS Construct, powered by Microsoft<\/strong><\/a><\/p>\n<p>Das ERP-System 4PS Construct ist eine umfassende Cloud-L\u00f6sung auf Basis von Microsoft Dynamics 365 Business Central, die Unternehmen jederzeit und \u00fcberall Einblicke in ihre Gesch\u00e4ftsprozesse gew\u00e4hrt. Die Informationen werden in einer zentralen Datenbank verwaltet, wodurch Prozessbr\u00fcche vermieden werden und der Nutzer auf eine durchg\u00e4ngige L\u00f6sung in einer Oberfl\u00e4che zur\u00fcckgreifen kann.<\/p>\n<p><strong>Alle Prozesse in einer L\u00f6sung<\/strong><br \/>\u2022 4PS-Construct-Basis<br \/>\u2022 Wartung, Service &amp; Instandhaltung<br \/>\u2022 Ger\u00e4teverwaltung<br \/>\u2022 Ressourcenplanung &amp; Disposition<br \/>\u2022 Einkauf, Lager &amp; E-Commerce<br \/>\u2022 CRM &amp; Auftragsakquise<br \/>\u2022 Kalkulation<br \/>\u2022 Projekte &amp; Auftragsabwicklung<br \/>\u2022 Finanzen &amp; Controlling<\/p>\n<p>[\/et_pb_text][\/et_pb_column][\/et_pb_row][et_pb_row column_structure=&#8220;1_3,1_3,1_3&#8243; _builder_version=&#8220;4.16&#8243; custom_padding=&#8220;50px|0px|27px|0px&#8220; global_colors_info=&#8220;{}&#8220;][et_pb_column type=&#8220;1_3&#8243; _builder_version=&#8220;4.16&#8243; custom_padding=&#8220;|||&#8220; global_colors_info=&#8220;{}&#8220; custom_padding__hover=&#8220;|||&#8220;][et_pb_text _builder_version=&#8220;4.16&#8243; text_font=&#8220;Roboto|700|||||||&#8220; text_text_color=&#8220;#323232&#8243; text_font_size=&#8220;40px&#8220; inline_fonts=&#8220;Roboto&#8220; global_colors_info=&#8220;{}&#8220;]<span style=\"color: #696666;font-family: Roboto\">Kontakt<\/span><br \/>\n[\/et_pb_text][\/et_pb_column][et_pb_column type=&#8220;1_3&#8243; _builder_version=&#8220;4.16&#8243; custom_padding=&#8220;|||&#8220; global_colors_info=&#8220;{}&#8220; custom_padding__hover=&#8220;|||&#8220;][et_pb_text _builder_version=&#8220;4.27.3&#8243; custom_margin=&#8220;|||&#8220; custom_padding=&#8220;|||&#8220; inline_fonts=&#8220;Roboto&#8220; global_colors_info=&#8220;{}&#8220;]<\/p>\n<p><strong>Kalku-Baukalkulationen<br \/><\/strong>Alaatdin Coksari<br \/>Berliner Promenade 15<br \/>66111 Saarbr\u00fccken<\/p>\n<p>Telefon:\u00a0 \u00a0 +49 171 8468143<\/p>\n<p>E-Mail:\u00a0 \u00a0 \u00a0 \u00a0<a href=\"mailto:i&#110;fo&#064;k&#097;&#108;&#107;u&#046;&#100;e\">&#105;nf&#111;&#64;ka&#108;&#107;&#117;&#46;&#100;&#101;<\/a><br \/>Internet:\u00a0 \u00a0 \u00a0<a href=\"http:\/\/www.kalku.de\" target=\"_blank\" rel=\"noopener\">www.www.kalku.de<\/a><\/p>\n<p>[\/et_pb_text][\/et_pb_column][et_pb_column type=&#8220;1_3&#8243; _builder_version=&#8220;4.16&#8243; custom_padding=&#8220;|||&#8220; global_colors_info=&#8220;{}&#8220; custom_padding__hover=&#8220;|||&#8220;][et_pb_image src=&#8220;https:\/\/www.bvbs.de\/wp-content\/uploads\/2026\/04\/kalku_Logo_PNG.png&#8220; alt=&#8220;blaues Kalku Logo&#8220; title_text=&#8220;kalku_Logo_PNG&#8220; align_tablet=&#8220;left&#8220; align_phone=&#8220;center&#8220; align_last_edited=&#8220;on|tablet&#8220; _builder_version=&#8220;4.27.3&#8243; width=&#8220;78%&#8220; max_width=&#8220;48%&#8220; max_width_tablet=&#8220;32%&#8220; max_width_phone=&#8220;51%&#8220; max_width_last_edited=&#8220;on|phone&#8220; module_alignment=&#8220;left&#8220; hover_enabled=&#8220;0&#8243; global_colors_info=&#8220;{}&#8220; sticky_enabled=&#8220;0&#8243;]\u00a0<br \/>\n[\/et_pb_image][\/et_pb_column][\/et_pb_row][\/et_pb_section]<\/p>\n","protected":false},"excerpt":{"rendered":"<p>BVBS MitgliedsunternehmenAllgemeines Als Wegbegleiter f\u00fcr \u00fcber 600 Kunden steigert 4PS by Hilti mit seiner Cloud-ERP-L\u00f6sung die Effizienz von Unternehmen aus den Bereichen Hoch- und Tiefbau, Anlagenbau sowie Elektro- und Geb\u00e4udetechnik. In einem modernen und progressiven Arbeitsumfeld b\u00fcndelt es an seinem Standort in Ulm langj\u00e4hrige Expertise und innovative Ideen. 4PS ist der weltweit gr\u00f6\u00dfte Microsoft Dynamics [&hellip;]<\/p>\n","protected":false},"author":760,"featured_media":0,"parent":0,"menu_order":0,"comment_status":"closed","ping_status":"closed","template":"","meta":{"_et_pb_use_builder":"on","_et_pb_old_content":"","_et_gb_content_width":"","wp_typography_post_enhancements_disabled":false,"footnotes":""},"class_list":["post-28914","page","type-page","status-publish","hentry"],"yoast_head":"<!-- This site is optimized with the Yoast SEO plugin v26.1.1 - https:\/\/yoast.com\/wordpress\/plugins\/seo\/ -->\r\n<title>Kalku-Baukalkulationen - BVBS e. V.<\/title>\r\n<meta name=\"robots\" content=\"index, follow, max-snippet:-1, max-image-preview:large, max-video-preview:-1\" \/>\r\n<link rel=\"canonical\" href=\"https:\/\/www.bvbs.de\/en\/kalku-baukalkulationen\/\" \/>\r\n<meta property=\"og:locale\" content=\"en_GB\" \/>\r\n<meta property=\"og:type\" content=\"article\" \/>\r\n<meta property=\"og:title\" content=\"Kalku-Baukalkulationen - BVBS e. V.\" \/>\r\n<meta property=\"og:description\" content=\"BVBS MitgliedsunternehmenAllgemeines Als Wegbegleiter f\u00fcr \u00fcber 600 Kunden steigert 4PS by Hilti mit seiner Cloud-ERP-L\u00f6sung die Effizienz von Unternehmen aus den Bereichen Hoch- und Tiefbau, Anlagenbau sowie Elektro- und Geb\u00e4udetechnik. In einem modernen und progressiven Arbeitsumfeld b\u00fcndelt es an seinem Standort in Ulm langj\u00e4hrige Expertise und innovative Ideen. 4PS ist der weltweit gr\u00f6\u00dfte Microsoft Dynamics [&hellip;]\" \/>\r\n<meta property=\"og:url\" content=\"https:\/\/www.bvbs.de\/en\/kalku-baukalkulationen\/\" \/>\r\n<meta property=\"og:site_name\" content=\"BVBS Bundesverband Software und Digitalisierung im Bauwesen e.V.\" \/>\r\n<meta property=\"article:modified_time\" content=\"2026-04-08T14:28:54+00:00\" \/>\r\n<meta name=\"twitter:card\" content=\"summary_large_image\" \/>\r\n<meta name=\"twitter:label1\" content=\"Estimated reading time\" \/>\n\t<meta name=\"twitter:data1\" content=\"1 minute\" \/>\r\n<script type=\"application\/ld+json\" class=\"yoast-schema-graph\">{\"@context\":\"https:\/\/schema.org\",\"@graph\":[{\"@type\":\"WebPage\",\"@id\":\"https:\/\/www.bvbs.de\/kalku-baukalkulationen\/\",\"url\":\"https:\/\/www.bvbs.de\/kalku-baukalkulationen\/\",\"name\":\"Kalku-Baukalkulationen - BVBS e. V.\",\"isPartOf\":{\"@id\":\"https:\/\/www.bvbs.de\/#website\"},\"datePublished\":\"2026-04-08T14:16:31+00:00\",\"dateModified\":\"2026-04-08T14:28:54+00:00\",\"breadcrumb\":{\"@id\":\"https:\/\/www.bvbs.de\/kalku-baukalkulationen\/#breadcrumb\"},\"inLanguage\":\"en-GB\",\"potentialAction\":[{\"@type\":\"ReadAction\",\"target\":[\"https:\/\/www.bvbs.de\/kalku-baukalkulationen\/\"]}]},{\"@type\":\"BreadcrumbList\",\"@id\":\"https:\/\/www.bvbs.de\/kalku-baukalkulationen\/#breadcrumb\",\"itemListElement\":[{\"@type\":\"ListItem\",\"position\":1,\"name\":\"Startseite\",\"item\":\"https:\/\/www.bvbs.de\/\"},{\"@type\":\"ListItem\",\"position\":2,\"name\":\"Kalku-Baukalkulationen\"}]},{\"@type\":\"WebSite\",\"@id\":\"https:\/\/www.bvbs.de\/#website\",\"url\":\"https:\/\/www.bvbs.de\/\",\"name\":\"BVBS Bundesverband Software und Digitalisierung im Bauwesen e.V.\",\"description\":\"\",\"publisher\":{\"@id\":\"https:\/\/www.bvbs.de\/#organization\"},\"potentialAction\":[{\"@type\":\"SearchAction\",\"target\":{\"@type\":\"EntryPoint\",\"urlTemplate\":\"https:\/\/www.bvbs.de\/?s={search_term_string}\"},\"query-input\":{\"@type\":\"PropertyValueSpecification\",\"valueRequired\":true,\"valueName\":\"search_term_string\"}}],\"inLanguage\":\"en-GB\"},{\"@type\":\"Organization\",\"@id\":\"https:\/\/www.bvbs.de\/#organization\",\"name\":\"BVBS Bundesverband Software und Digitalisierung im Bauwesen\",\"url\":\"https:\/\/www.bvbs.de\/\",\"logo\":{\"@type\":\"ImageObject\",\"inLanguage\":\"en-GB\",\"@id\":\"https:\/\/www.bvbs.de\/#\/schema\/logo\/image\/\",\"url\":\"https:\/\/www.bvbs.de\/wp-content\/uploads\/2024\/01\/cropped-favicon-bvbs.png\",\"contentUrl\":\"https:\/\/www.bvbs.de\/wp-content\/uploads\/2024\/01\/cropped-favicon-bvbs.png\",\"width\":512,\"height\":512,\"caption\":\"BVBS Bundesverband Software und Digitalisierung im Bauwesen\"},\"image\":{\"@id\":\"https:\/\/www.bvbs.de\/#\/schema\/logo\/image\/\"}}]}<\/script>\r\n<!-- \/ Yoast SEO plugin. -->","yoast_head_json":{"title":"Kal\u00adku-Bau\u00adkal\u00adku\u00adla\u00adtio\u00adnen \u2014 BVBS e.&nbsp;V.","robots":{"index":"index","follow":"follow","max-snippet":"max-snippet:-1","max-image-preview":"max-image-preview:large","max-video-preview":"max-video-preview:-1"},"canonical":"https:\/\/www.bvbs.de\/en\/kalku-baukalkulationen\/","og_locale":"en_GB","og_type":"article","og_title":"Kalku-Baukalkulationen - BVBS e. V.","og_description":"BVBS MitgliedsunternehmenAllgemeines Als Wegbegleiter f\u00fcr \u00fcber 600 Kunden steigert 4PS by Hilti mit seiner Cloud-ERP-L\u00f6sung die Effizienz von Unternehmen aus den Bereichen Hoch- und Tiefbau, Anlagenbau sowie Elektro- und Geb\u00e4udetechnik. In einem modernen und progressiven Arbeitsumfeld b\u00fcndelt es an seinem Standort in Ulm langj\u00e4hrige Expertise und innovative Ideen. 4PS ist der weltweit gr\u00f6\u00dfte Microsoft Dynamics [&hellip;]","og_url":"https:\/\/www.bvbs.de\/en\/kalku-baukalkulationen\/","og_site_name":"BVBS Bundesverband Software und Digitalisierung im Bauwesen e.V.","article_modified_time":"2026-04-08T14:28:54+00:00","twitter_card":"summary_large_image","twitter_misc":{"Estimated reading time":"1 minute"},"schema":{"@context":"https:\/\/schema.org","@graph":[{"@type":"WebPage","@id":"https:\/\/www.bvbs.de\/kalku-baukalkulationen\/","url":"https:\/\/www.bvbs.de\/kalku-baukalkulationen\/","name":"Kal\u00adku-Bau\u00adkal\u00adku\u00adla\u00adtio\u00adnen \u2014 BVBS e.&nbsp;V.","isPartOf":{"@id":"https:\/\/www.bvbs.de\/#website"},"datePublished":"2026-04-08T14:16:31+00:00","dateModified":"2026-04-08T14:28:54+00:00","breadcrumb":{"@id":"https:\/\/www.bvbs.de\/kalku-baukalkulationen\/#breadcrumb"},"inLanguage":"en-GB","potentialAction":[{"@type":"ReadAction","target":["https:\/\/www.bvbs.de\/kalku-baukalkulationen\/"]}]},{"@type":"BreadcrumbList","@id":"https:\/\/www.bvbs.de\/kalku-baukalkulationen\/#breadcrumb","itemListElement":[{"@type":"ListItem","position":1,"name":"Startseite","item":"https:\/\/www.bvbs.de\/"},{"@type":"ListItem","position":2,"name":"Kalku-Baukalkulationen"}]},{"@type":"WebSite","@id":"https:\/\/www.bvbs.de\/#website","url":"https:\/\/www.bvbs.de\/","name":"BVBS Bun\u00addes\u00adver\u00adband Soft\u00adware und Digi\u00adta\u00adli\u00adsie\u00adrung im Bau\u00adwe\u00adsen e.V.","description":"","publisher":{"@id":"https:\/\/www.bvbs.de\/#organization"},"potentialAction":[{"@type":"SearchAction","target":{"@type":"EntryPoint","urlTemplate":"https:\/\/www.bvbs.de\/?s={search_term_string}"},"query-input":{"@type":"PropertyValueSpecification","valueRequired":true,"valueName":"search_term_string"}}],"inLanguage":"en-GB"},{"@type":"Organization","@id":"https:\/\/www.bvbs.de\/#organization","name":"BVBS Bun\u00addes\u00adver\u00adband Soft\u00adware und Digi\u00adta\u00adli\u00adsie\u00adrung im Bauwesen","url":"https:\/\/www.bvbs.de\/","logo":{"@type":"ImageObject","inLanguage":"en-GB","@id":"https:\/\/www.bvbs.de\/#\/schema\/logo\/image\/","url":"https:\/\/www.bvbs.de\/wp-content\/uploads\/2024\/01\/cropped-favicon-bvbs.png","contentUrl":"https:\/\/www.bvbs.de\/wp-content\/uploads\/2024\/01\/cropped-favicon-bvbs.png","width":512,"height":512,"caption":"BVBS Bundesverband Software und Digitalisierung im Bauwesen"},"image":{"@id":"https:\/\/www.bvbs.de\/#\/schema\/logo\/image\/"}}]}},"_links":{"self":[{"href":"https:\/\/www.bvbs.de\/en\/wp-json\/wp\/v2\/pages\/28914","targetHints":{"allow":["GET"]}}],"collection":[{"href":"https:\/\/www.bvbs.de\/en\/wp-json\/wp\/v2\/pages"}],"about":[{"href":"https:\/\/www.bvbs.de\/en\/wp-json\/wp\/v2\/types\/page"}],"author":[{"embeddable":true,"href":"https:\/\/www.bvbs.de\/en\/wp-json\/wp\/v2\/users\/760"}],"replies":[{"embeddable":true,"href":"https:\/\/www.bvbs.de\/en\/wp-json\/wp\/v2\/comments?post=28914"}],"version-history":[{"count":2,"href":"https:\/\/www.bvbs.de\/en\/wp-json\/wp\/v2\/pages\/28914\/revisions"}],"predecessor-version":[{"id":28920,"href":"https:\/\/www.bvbs.de\/en\/wp-json\/wp\/v2\/pages\/28914\/revisions\/28920"}],"wp:attachment":[{"href":"https:\/\/www.bvbs.de\/en\/wp-json\/wp\/v2\/media?parent=28914"}],"curies":[{"name":"wp","href":"https:\/\/api.w.org\/{rel}","templated":true}]}}