{"id":3635,"date":"2019-09-24T21:30:20","date_gmt":"2019-09-24T19:30:20","guid":{"rendered":"https:\/\/www.bvbs.de\/?page_id=3635"},"modified":"2025-09-25T13:02:24","modified_gmt":"2025-09-25T11:02:24","slug":"orgadata","status":"publish","type":"page","link":"https:\/\/www.bvbs.de\/en\/orgadata\/","title":{"rendered":"ORGADATA AG"},"content":{"rendered":"<p>[et_pb_section fb_built=&#8220;1&#8243; fullwidth=&#8220;on&#8220; _builder_version=&#8220;4.16&#8243; global_colors_info=&#8220;{}&#8220;][et_pb_fullwidth_slider _builder_version=&#8220;4.16&#8243; header_font=&#8220;Roboto|700|||||||&#8220; body_font=&#8220;Roboto||||||||&#8220; global_colors_info=&#8220;{}&#8220; button_text_size__hover_enabled=&#8220;off&#8220; button_one_text_size__hover_enabled=&#8220;off&#8220; button_two_text_size__hover_enabled=&#8220;off&#8220; button_text_color__hover_enabled=&#8220;off&#8220; button_one_text_color__hover_enabled=&#8220;off&#8220; button_two_text_color__hover_enabled=&#8220;off&#8220; button_border_width__hover_enabled=&#8220;off&#8220; button_one_border_width__hover_enabled=&#8220;off&#8220; button_two_border_width__hover_enabled=&#8220;off&#8220; button_border_color__hover_enabled=&#8220;off&#8220; button_one_border_color__hover_enabled=&#8220;off&#8220; button_two_border_color__hover_enabled=&#8220;off&#8220; button_border_radius__hover_enabled=&#8220;off&#8220; button_one_border_radius__hover_enabled=&#8220;off&#8220; button_two_border_radius__hover_enabled=&#8220;off&#8220; button_letter_spacing__hover_enabled=&#8220;off&#8220; button_one_letter_spacing__hover_enabled=&#8220;off&#8220; button_two_letter_spacing__hover_enabled=&#8220;off&#8220; button_bg_color__hover_enabled=&#8220;off&#8220; button_one_bg_color__hover_enabled=&#8220;off&#8220; button_two_bg_color__hover_enabled=&#8220;off&#8220;][et_pb_slide heading=&#8220;ORGADATA AG&#8220; use_bg_overlay=&#8220;off&#8220; use_text_overlay=&#8220;off&#8220; _builder_version=&#8220;4.16&#8243; background_color=&#8220;#ffffff&#8220; background_image=&#8220;https:\/\/www.bvbs.de\/wp-content\/uploads\/2021\/02\/mitglieder-bg.jpg&#8220; button_on_hover=&#8220;on&#8220; global_colors_info=&#8220;{}&#8220; button_text_size__hover_enabled=&#8220;off&#8220; button_one_text_size__hover_enabled=&#8220;off&#8220; button_two_text_size__hover_enabled=&#8220;off&#8220; button_text_color__hover_enabled=&#8220;off&#8220; button_one_text_color__hover_enabled=&#8220;off&#8220; button_two_text_color__hover_enabled=&#8220;off&#8220; button_border_width__hover_enabled=&#8220;off&#8220; button_one_border_width__hover_enabled=&#8220;off&#8220; button_two_border_width__hover_enabled=&#8220;off&#8220; button_border_color__hover_enabled=&#8220;off&#8220; button_one_border_color__hover_enabled=&#8220;off&#8220; button_two_border_color__hover_enabled=&#8220;off&#8220; button_border_radius__hover_enabled=&#8220;off&#8220; button_one_border_radius__hover_enabled=&#8220;off&#8220; button_two_border_radius__hover_enabled=&#8220;off&#8220; button_letter_spacing__hover_enabled=&#8220;off&#8220; button_one_letter_spacing__hover_enabled=&#8220;off&#8220; button_two_letter_spacing__hover_enabled=&#8220;off&#8220; button_bg_color__hover_enabled=&#8220;off&#8220; button_one_bg_color__hover_enabled=&#8220;off&#8220; button_two_bg_color__hover_enabled=&#8220;off&#8220; sticky_transition=&#8220;on&#8220;]BVBS Mitgliedsunternehmen<br \/>\n[\/et_pb_slide][\/et_pb_fullwidth_slider][\/et_pb_section][et_pb_section fb_built=&#8220;1&#8243; _builder_version=&#8220;4.16&#8243; global_colors_info=&#8220;{}&#8220;][et_pb_row column_structure=&#8220;1_3,2_3&#8243; _builder_version=&#8220;4.16&#8243; custom_padding=&#8220;27px|0px|50px|0px&#8220; border_width_bottom=&#8220;1px&#8220; border_color_bottom=&#8220;rgba(51,51,51,0.18)&#8220; global_colors_info=&#8220;{}&#8220;][et_pb_column type=&#8220;1_3&#8243; _builder_version=&#8220;4.16&#8243; custom_padding=&#8220;|||&#8220; global_colors_info=&#8220;{}&#8220; custom_padding__hover=&#8220;|||&#8220;][et_pb_text _builder_version=&#8220;4.16&#8243; text_font=&#8220;Roboto|700|||||||&#8220; text_text_color=&#8220;#696666&#8243; text_font_size=&#8220;40px&#8220; global_colors_info=&#8220;{}&#8220;]Allgemeines<br \/>\n[\/et_pb_text][\/et_pb_column][et_pb_column type=&#8220;2_3&#8243; _builder_version=&#8220;4.16&#8243; custom_padding=&#8220;|||&#8220; global_colors_info=&#8220;{}&#8220; custom_padding__hover=&#8220;|||&#8220;][et_pb_text _builder_version=&#8220;4.16&#8243; text_font=&#8220;||||||||&#8220; global_colors_info=&#8220;{}&#8220;]<\/p>\n<div id=\"mitglied-unternehmensdarstellung-225\" class=\"mod_article zweispaltig bottomLineOn block\">\n<div class=\"ce_text block\">\n<p class=\"abstand--klein\">Die 1999 gegr\u00fcndete Orgadata AG ist ein international agierendes Software-Unternehmen mit Sitz in Leer (Ostfriesland). Weltweit setzen sich rund 450 hochmotivierte Fachkr\u00e4fte f\u00fcr den Erfolg der Fenster-, T\u00fcren- und Fassadenbau-Software LogiKal ein. Damit gilt Orgadata als Technologief\u00fchrer in der Branche. Die Betreuung der Auslandsm\u00e4rkte und die Software-Entwicklung finden vorwiegend am Stammsitz in Leer statt.<\/p>\n<p class=\"abstand--klein\">Mit seinem integrativen Ansatz legt das Unternehmen in der Software-Entwicklung ein besonderes Augenmerk auf Kundenfokus, Praxisn\u00e4he und Effizienz. Orgadata ist Tr\u00e4ger zahlreicher Auszeichnungen und wurde unter anderem von den European Business Awards als \u201eNationaler Champion\u201c in den Kategorien \u201eInnovation\u201c und \u201eKundenfokus\u201c ausgezeichnet. Das Unternehmen ist au\u00dferdem Initiator und Mitglied diverser Netzwerke zur Ausbildung und F\u00f6rderung von Fachkr\u00e4ften.<\/p>\n<\/div>\n<\/div>\n<p>[\/et_pb_text][\/et_pb_column][\/et_pb_row][et_pb_row column_structure=&#8220;1_3,2_3&#8243; _builder_version=&#8220;4.16&#8243; custom_padding=&#8220;50px|0px|50px|0px&#8220; border_width_bottom=&#8220;1px&#8220; border_color_bottom=&#8220;rgba(51,51,51,0.18)&#8220; global_colors_info=&#8220;{}&#8220;][et_pb_column type=&#8220;1_3&#8243; _builder_version=&#8220;4.16&#8243; custom_padding=&#8220;|||&#8220; global_colors_info=&#8220;{}&#8220; custom_padding__hover=&#8220;|||&#8220;][et_pb_text _builder_version=&#8220;4.16&#8243; text_font=&#8220;Roboto|700|||||||&#8220; text_text_color=&#8220;#696666&#8243; text_font_size=&#8220;40px&#8220; global_colors_info=&#8220;{}&#8220;]Produkte<br \/>\n[\/et_pb_text][\/et_pb_column][et_pb_column type=&#8220;2_3&#8243; _builder_version=&#8220;4.16&#8243; custom_padding=&#8220;|||&#8220; global_colors_info=&#8220;{}&#8220; custom_padding__hover=&#8220;|||&#8220;][et_pb_text _builder_version=&#8220;4.16&#8243; global_colors_info=&#8220;{}&#8220;]<\/p>\n<p><strong>LogiKal<br \/><\/strong>Die besten Fenster, T\u00fcren und Fassaden baut man mit LogiKal. Die Software aus dem Hause Orgadata begeistert Metallbaubetriebe auf der ganzen Welt. F\u00fcr sie ist das Programm zu einem unerl\u00e4sslichen digitalen Werkzeug geworden, das sie sicher und effizient durch die Fertigung f\u00fchrt. Von der Projekterfassung \u00fcber die Kalkulation, Angebotserstellung, Bestellung, Konstruktion, Arbeitsvorbereitung bis hin zur intelligenten Ansteuerung von CNC-Maschinen \u2013 LogiKal ist stets ein verl\u00e4sslicher Partner. Das Programm ist schnell und intuitiv zu bedienen und es denkt mit. Fenster-, T\u00fcren- und Fassadenbauer fertigen auf diese Weise starke Produkte und erzielen deutliche Spareffekte. Egal ob mit Aluminium, Stahl oder Kunststoff \u2013 LogiKal wird allen Anforderungen gerecht. Die Software wird permanent aktualisiert und weiter ausgebaut. Sie speist sich aus einer riesigen Datenbank, in der Informationen zu den Produkten aller g\u00e4ngigen Profil- und Beschlaghersteller hinterlegt sind. Mehr als 18.000 Lizenzen von LogiKal sind weltweit im Einsatz.<\/p>\n<p>&nbsp;<\/p>\n<p><strong>LogiKal MES<br \/><\/strong>Mit LogiKal MES hat Orgadata eine innovative Leitzentrale f\u00fcr den Fenster-, T\u00fcren- und Fassadenbau entwickelt. Dadurch wird der gesamte Fertigungsprozess in Betrieben jedweder Gr\u00f6\u00dfe digitalisiert, gesteuert und optimiert. Dieses System vernetzt den Informationsfluss zwischen B\u00fcro und Werkstatt ebenso wie zwischen den einzelnen Arbeitsstationen. Damit kann der Werkstattleiter die Informationen gezielt zuweisen. Jeder Mitarbeiter bekommt an seiner Station \u00fcber ein Terminal genau die Information, die er ben\u00f6tigt. Das spart Zeit und schafft \u00dcbersichtlichkeit, denn Papierstapel f\u00fcr die Dokumentation spielen dank LogiKal MES keine Rolle mehr. Intuitiv und fast automatisch werden die Mitarbeiter durch die Fertigung gef\u00fchrt. Die dem MES-System zugrundeliegenden Daten stammen aus der Software LogiKal. Die Produktion ohne Papier erm\u00f6glicht eine l\u00fcckenlose Dokumentation, ganz nebenbei wird die Werkseigene Produktionskontrolle (WPK) erledigt. Im Ergebnis sichert LogiKal MES die Qualit\u00e4t der Produkte.<\/p>\n<p>[\/et_pb_text][\/et_pb_column][\/et_pb_row][et_pb_row column_structure=&#8220;1_3,1_3,1_3&#8243; _builder_version=&#8220;4.16&#8243; custom_padding=&#8220;50px|0px|27px|0px&#8220; global_colors_info=&#8220;{}&#8220;][et_pb_column type=&#8220;1_3&#8243; _builder_version=&#8220;4.16&#8243; custom_padding=&#8220;|||&#8220; global_colors_info=&#8220;{}&#8220; custom_padding__hover=&#8220;|||&#8220;][et_pb_text _builder_version=&#8220;4.16&#8243; text_font=&#8220;Roboto|700|||||||&#8220; text_text_color=&#8220;#696666&#8243; text_font_size=&#8220;40px&#8220; global_colors_info=&#8220;{}&#8220;]Kontakt<br \/>\n[\/et_pb_text][\/et_pb_column][et_pb_column type=&#8220;1_3&#8243; _builder_version=&#8220;4.16&#8243; custom_padding=&#8220;|||&#8220; global_colors_info=&#8220;{}&#8220; custom_padding__hover=&#8220;|||&#8220;][et_pb_text _builder_version=&#8220;4.16&#8243; global_colors_info=&#8220;{}&#8220;]<strong>ORGADATA Software-Dienstleistungen AG<\/strong><br \/>\nAm Nesseufer 14<br \/>\n26789 Leer<\/p>\n<p>Tel.:\u00a0 \u00a0 \u00a0 \u00a0 +49 (0) 491 927 827<\/p>\n<p>E-Mail:<a href=\"mailto:info@orgadata.com\">\u00a0 \u00a0 info@orgadata.com<\/a><br \/>\n[\/et_pb_text][\/et_pb_column][et_pb_column type=&#8220;1_3&#8243; _builder_version=&#8220;4.16&#8243; custom_padding=&#8220;|||&#8220; global_colors_info=&#8220;{}&#8220; custom_padding__hover=&#8220;|||&#8220;][et_pb_image src=&#8220;https:\/\/www.bvbs.de\/wp-content\/uploads\/2024\/02\/ORGADATA_Logo_SignalOrange_rgb.png&#8220; align_tablet=&#8220;left&#8220; align_phone=&#8220;left&#8220; align_last_edited=&#8220;on|phone&#8220; _builder_version=&#8220;4.27.3&#8243; max_width=&#8220;82%&#8220; max_width_tablet=&#8220;50%&#8220; max_width_phone=&#8220;75%&#8220; max_width_last_edited=&#8220;on|desktop&#8220; module_alignment=&#8220;left&#8220; always_center_on_mobile=&#8220;on&#8220; global_colors_info=&#8220;{}&#8220;][\/et_pb_image][\/et_pb_column][\/et_pb_row][\/et_pb_section]<\/p>\n","protected":false},"excerpt":{"rendered":"<p>BVBS Mitgliedsunternehmen Allgemeines Die 1999 gegr\u00fcndete Orgadata AG ist ein international agierendes Software-Unternehmen mit Sitz in Leer (Ostfriesland). Weltweit setzen sich rund 450 hochmotivierte Fachkr\u00e4fte f\u00fcr den Erfolg der Fenster-, T\u00fcren- und Fassadenbau-Software LogiKal ein. Damit gilt Orgadata als Technologief\u00fchrer in der Branche. Die Betreuung der Auslandsm\u00e4rkte und die Software-Entwicklung finden vorwiegend am Stammsitz in [&hellip;]<\/p>\n","protected":false},"author":3,"featured_media":0,"parent":0,"menu_order":0,"comment_status":"closed","ping_status":"closed","template":"","meta":{"_et_pb_use_builder":"on","_et_pb_old_content":"","_et_gb_content_width":"","wp_typography_post_enhancements_disabled":false,"footnotes":""},"class_list":["post-3635","page","type-page","status-publish","hentry"],"yoast_head":"<!-- This site is optimized with the Yoast SEO plugin v26.1.1 - https:\/\/yoast.com\/wordpress\/plugins\/seo\/ -->\r\n<title>ORGADATA AG - BVBS Bundesverband Software und Digitalisierung im Bauwesen e.V.<\/title>\r\n<meta name=\"robots\" content=\"index, follow, max-snippet:-1, max-image-preview:large, max-video-preview:-1\" \/>\r\n<link rel=\"canonical\" href=\"https:\/\/www.bvbs.de\/en\/orgadata\/\" \/>\r\n<meta property=\"og:locale\" content=\"en_GB\" \/>\r\n<meta property=\"og:type\" content=\"article\" \/>\r\n<meta property=\"og:title\" content=\"ORGADATA AG - BVBS Bundesverband Software und Digitalisierung im Bauwesen e.V.\" \/>\r\n<meta property=\"og:description\" content=\"BVBS Mitgliedsunternehmen Allgemeines Die 1999 gegr\u00fcndete Orgadata AG ist ein international agierendes Software-Unternehmen mit Sitz in Leer (Ostfriesland). Weltweit setzen sich rund 450 hochmotivierte Fachkr\u00e4fte f\u00fcr den Erfolg der Fenster-, T\u00fcren- und Fassadenbau-Software LogiKal ein. Damit gilt Orgadata als Technologief\u00fchrer in der Branche. Die Betreuung der Auslandsm\u00e4rkte und die Software-Entwicklung finden vorwiegend am Stammsitz in [&hellip;]\" \/>\r\n<meta property=\"og:url\" content=\"https:\/\/www.bvbs.de\/en\/orgadata\/\" \/>\r\n<meta property=\"og:site_name\" content=\"BVBS Bundesverband Software und Digitalisierung im Bauwesen e.V.\" \/>\r\n<meta property=\"article:modified_time\" content=\"2025-09-25T11:02:24+00:00\" \/>\r\n<meta name=\"twitter:card\" content=\"summary_large_image\" \/>\r\n<meta name=\"twitter:label1\" content=\"Estimated reading time\" \/>\n\t<meta name=\"twitter:data1\" content=\"3 minutes\" \/>\r\n<script type=\"application\/ld+json\" class=\"yoast-schema-graph\">{\"@context\":\"https:\/\/schema.org\",\"@graph\":[{\"@type\":\"WebPage\",\"@id\":\"https:\/\/www.bvbs.de\/orgadata\/\",\"url\":\"https:\/\/www.bvbs.de\/orgadata\/\",\"name\":\"ORGADATA AG - BVBS Bundesverband Software und Digitalisierung im Bauwesen e.V.\",\"isPartOf\":{\"@id\":\"https:\/\/www.bvbs.de\/#website\"},\"datePublished\":\"2019-09-24T19:30:20+00:00\",\"dateModified\":\"2025-09-25T11:02:24+00:00\",\"breadcrumb\":{\"@id\":\"https:\/\/www.bvbs.de\/orgadata\/#breadcrumb\"},\"inLanguage\":\"en-GB\",\"potentialAction\":[{\"@type\":\"ReadAction\",\"target\":[\"https:\/\/www.bvbs.de\/orgadata\/\"]}]},{\"@type\":\"BreadcrumbList\",\"@id\":\"https:\/\/www.bvbs.de\/orgadata\/#breadcrumb\",\"itemListElement\":[{\"@type\":\"ListItem\",\"position\":1,\"name\":\"Startseite\",\"item\":\"https:\/\/www.bvbs.de\/\"},{\"@type\":\"ListItem\",\"position\":2,\"name\":\"ORGADATA AG\"}]},{\"@type\":\"WebSite\",\"@id\":\"https:\/\/www.bvbs.de\/#website\",\"url\":\"https:\/\/www.bvbs.de\/\",\"name\":\"BVBS Bundesverband Software und Digitalisierung im Bauwesen e.V.\",\"description\":\"\",\"publisher\":{\"@id\":\"https:\/\/www.bvbs.de\/#organization\"},\"potentialAction\":[{\"@type\":\"SearchAction\",\"target\":{\"@type\":\"EntryPoint\",\"urlTemplate\":\"https:\/\/www.bvbs.de\/?s={search_term_string}\"},\"query-input\":{\"@type\":\"PropertyValueSpecification\",\"valueRequired\":true,\"valueName\":\"search_term_string\"}}],\"inLanguage\":\"en-GB\"},{\"@type\":\"Organization\",\"@id\":\"https:\/\/www.bvbs.de\/#organization\",\"name\":\"BVBS Bundesverband Software und Digitalisierung im Bauwesen\",\"url\":\"https:\/\/www.bvbs.de\/\",\"logo\":{\"@type\":\"ImageObject\",\"inLanguage\":\"en-GB\",\"@id\":\"https:\/\/www.bvbs.de\/#\/schema\/logo\/image\/\",\"url\":\"https:\/\/www.bvbs.de\/wp-content\/uploads\/2024\/01\/cropped-favicon-bvbs.png\",\"contentUrl\":\"https:\/\/www.bvbs.de\/wp-content\/uploads\/2024\/01\/cropped-favicon-bvbs.png\",\"width\":512,\"height\":512,\"caption\":\"BVBS Bundesverband Software und Digitalisierung im Bauwesen\"},\"image\":{\"@id\":\"https:\/\/www.bvbs.de\/#\/schema\/logo\/image\/\"}}]}<\/script>\r\n<!-- \/ Yoast SEO plugin. -->","yoast_head_json":{"title":"ORGADATA AG \u2014 BVBS Bun\u00addes\u00adver\u00adband Soft\u00adware und Digi\u00adta\u00adli\u00adsie\u00adrung im Bau\u00adwe\u00adsen e.V.","robots":{"index":"index","follow":"follow","max-snippet":"max-snippet:-1","max-image-preview":"max-image-preview:large","max-video-preview":"max-video-preview:-1"},"canonical":"https:\/\/www.bvbs.de\/en\/orgadata\/","og_locale":"en_GB","og_type":"article","og_title":"ORGADATA AG - BVBS Bundesverband Software und Digitalisierung im Bauwesen e.V.","og_description":"BVBS Mitgliedsunternehmen Allgemeines Die 1999 gegr\u00fcndete Orgadata AG ist ein international agierendes Software-Unternehmen mit Sitz in Leer (Ostfriesland). Weltweit setzen sich rund 450 hochmotivierte Fachkr\u00e4fte f\u00fcr den Erfolg der Fenster-, T\u00fcren- und Fassadenbau-Software LogiKal ein. Damit gilt Orgadata als Technologief\u00fchrer in der Branche. Die Betreuung der Auslandsm\u00e4rkte und die Software-Entwicklung finden vorwiegend am Stammsitz in [&hellip;]","og_url":"https:\/\/www.bvbs.de\/en\/orgadata\/","og_site_name":"BVBS Bundesverband Software und Digitalisierung im Bauwesen e.V.","article_modified_time":"2025-09-25T11:02:24+00:00","twitter_card":"summary_large_image","twitter_misc":{"Estimated reading time":"3 minutes"},"schema":{"@context":"https:\/\/schema.org","@graph":[{"@type":"WebPage","@id":"https:\/\/www.bvbs.de\/orgadata\/","url":"https:\/\/www.bvbs.de\/orgadata\/","name":"ORGADATA AG \u2014 BVBS Bun\u00addes\u00adver\u00adband Soft\u00adware und Digi\u00adta\u00adli\u00adsie\u00adrung im Bau\u00adwe\u00adsen e.V.","isPartOf":{"@id":"https:\/\/www.bvbs.de\/#website"},"datePublished":"2019-09-24T19:30:20+00:00","dateModified":"2025-09-25T11:02:24+00:00","breadcrumb":{"@id":"https:\/\/www.bvbs.de\/orgadata\/#breadcrumb"},"inLanguage":"en-GB","potentialAction":[{"@type":"ReadAction","target":["https:\/\/www.bvbs.de\/orgadata\/"]}]},{"@type":"BreadcrumbList","@id":"https:\/\/www.bvbs.de\/orgadata\/#breadcrumb","itemListElement":[{"@type":"ListItem","position":1,"name":"Startseite","item":"https:\/\/www.bvbs.de\/"},{"@type":"ListItem","position":2,"name":"ORGADATA AG"}]},{"@type":"WebSite","@id":"https:\/\/www.bvbs.de\/#website","url":"https:\/\/www.bvbs.de\/","name":"BVBS Bun\u00addes\u00adver\u00adband Soft\u00adware und Digi\u00adta\u00adli\u00adsie\u00adrung im Bau\u00adwe\u00adsen e.V.","description":"","publisher":{"@id":"https:\/\/www.bvbs.de\/#organization"},"potentialAction":[{"@type":"SearchAction","target":{"@type":"EntryPoint","urlTemplate":"https:\/\/www.bvbs.de\/?s={search_term_string}"},"query-input":{"@type":"PropertyValueSpecification","valueRequired":true,"valueName":"search_term_string"}}],"inLanguage":"en-GB"},{"@type":"Organization","@id":"https:\/\/www.bvbs.de\/#organization","name":"BVBS Bun\u00addes\u00adver\u00adband Soft\u00adware und Digi\u00adta\u00adli\u00adsie\u00adrung im Bauwesen","url":"https:\/\/www.bvbs.de\/","logo":{"@type":"ImageObject","inLanguage":"en-GB","@id":"https:\/\/www.bvbs.de\/#\/schema\/logo\/image\/","url":"https:\/\/www.bvbs.de\/wp-content\/uploads\/2024\/01\/cropped-favicon-bvbs.png","contentUrl":"https:\/\/www.bvbs.de\/wp-content\/uploads\/2024\/01\/cropped-favicon-bvbs.png","width":512,"height":512,"caption":"BVBS Bundesverband Software und Digitalisierung im Bauwesen"},"image":{"@id":"https:\/\/www.bvbs.de\/#\/schema\/logo\/image\/"}}]}},"_links":{"self":[{"href":"https:\/\/www.bvbs.de\/en\/wp-json\/wp\/v2\/pages\/3635","targetHints":{"allow":["GET"]}}],"collection":[{"href":"https:\/\/www.bvbs.de\/en\/wp-json\/wp\/v2\/pages"}],"about":[{"href":"https:\/\/www.bvbs.de\/en\/wp-json\/wp\/v2\/types\/page"}],"author":[{"embeddable":true,"href":"https:\/\/www.bvbs.de\/en\/wp-json\/wp\/v2\/users\/3"}],"replies":[{"embeddable":true,"href":"https:\/\/www.bvbs.de\/en\/wp-json\/wp\/v2\/comments?post=3635"}],"version-history":[{"count":0,"href":"https:\/\/www.bvbs.de\/en\/wp-json\/wp\/v2\/pages\/3635\/revisions"}],"wp:attachment":[{"href":"https:\/\/www.bvbs.de\/en\/wp-json\/wp\/v2\/media?parent=3635"}],"curies":[{"name":"wp","href":"https:\/\/api.w.org\/{rel}","templated":true}]}}