{"id":4950,"date":"2021-02-11T10:00:00","date_gmt":"2021-02-11T09:00:00","guid":{"rendered":"https:\/\/www.bvbs.de\/bimobject-2-copy\/"},"modified":"2025-09-25T16:25:24","modified_gmt":"2025-09-25T14:25:24","slug":"be-terna","status":"publish","type":"page","link":"https:\/\/www.bvbs.de\/en\/be-terna\/","title":{"rendered":"BE-ter\u00adna&nbsp;GmbH"},"content":{"rendered":"<p>[et_pb_section fb_built=&#8220;1&#8243; fullwidth=&#8220;on&#8220; _builder_version=&#8220;4.16&#8243; global_colors_info=&#8220;{}&#8220;][et_pb_fullwidth_slider _builder_version=&#8220;4.16&#8243; header_font=&#8220;Roboto||||||||&#8220; body_font=&#8220;Roboto||||||||&#8220; background_image=&#8220;https:\/\/www.bvbs.de\/wp-content\/uploads\/2021\/02\/mitglieder-bg.jpg&#8220; global_colors_info=&#8220;{}&#8220; button_text_size__hover_enabled=&#8220;off&#8220; button_one_text_size__hover_enabled=&#8220;off&#8220; button_two_text_size__hover_enabled=&#8220;off&#8220; button_text_color__hover_enabled=&#8220;off&#8220; button_one_text_color__hover_enabled=&#8220;off&#8220; button_two_text_color__hover_enabled=&#8220;off&#8220; button_border_width__hover_enabled=&#8220;off&#8220; button_one_border_width__hover_enabled=&#8220;off&#8220; button_two_border_width__hover_enabled=&#8220;off&#8220; button_border_color__hover_enabled=&#8220;off&#8220; button_one_border_color__hover_enabled=&#8220;off&#8220; button_two_border_color__hover_enabled=&#8220;off&#8220; button_border_radius__hover_enabled=&#8220;off&#8220; button_one_border_radius__hover_enabled=&#8220;off&#8220; button_two_border_radius__hover_enabled=&#8220;off&#8220; button_letter_spacing__hover_enabled=&#8220;off&#8220; button_one_letter_spacing__hover_enabled=&#8220;off&#8220; button_two_letter_spacing__hover_enabled=&#8220;off&#8220; button_bg_color__hover_enabled=&#8220;off&#8220; button_one_bg_color__hover_enabled=&#8220;off&#8220; button_two_bg_color__hover_enabled=&#8220;off&#8220;][et_pb_slide heading=&#8220;BE-terna GmbH&#8220; use_bg_overlay=&#8220;off&#8220; use_text_overlay=&#8220;off&#8220; _builder_version=&#8220;4.16&#8243; header_level=&#8220;h1&#8243; header_font=&#8220;Roboto|700|||||||&#8220; header_font_size=&#8220;55px&#8220; background_color=&#8220;#ffffff&#8220; button_on_hover=&#8220;on&#8220; header_font_size_tablet=&#8220;55px&#8220; header_font_size_phone=&#8220;55px&#8220; global_colors_info=&#8220;{}&#8220; button_text_size__hover_enabled=&#8220;off&#8220; button_one_text_size__hover_enabled=&#8220;off&#8220; button_two_text_size__hover_enabled=&#8220;off&#8220; button_text_color__hover_enabled=&#8220;off&#8220; button_one_text_color__hover_enabled=&#8220;off&#8220; button_two_text_color__hover_enabled=&#8220;off&#8220; button_border_width__hover_enabled=&#8220;off&#8220; button_one_border_width__hover_enabled=&#8220;off&#8220; button_two_border_width__hover_enabled=&#8220;off&#8220; button_border_color__hover_enabled=&#8220;off&#8220; button_one_border_color__hover_enabled=&#8220;off&#8220; button_two_border_color__hover_enabled=&#8220;off&#8220; button_border_radius__hover_enabled=&#8220;off&#8220; button_one_border_radius__hover_enabled=&#8220;off&#8220; button_two_border_radius__hover_enabled=&#8220;off&#8220; button_letter_spacing__hover_enabled=&#8220;off&#8220; button_one_letter_spacing__hover_enabled=&#8220;off&#8220; button_two_letter_spacing__hover_enabled=&#8220;off&#8220; button_bg_color__hover_enabled=&#8220;off&#8220; button_one_bg_color__hover_enabled=&#8220;off&#8220; button_two_bg_color__hover_enabled=&#8220;off&#8220; sticky_transition=&#8220;on&#8220;]BVBS Mitgliedsunternehmen<br \/>\n[\/et_pb_slide][\/et_pb_fullwidth_slider][\/et_pb_section][et_pb_section fb_built=&#8220;1&#8243; _builder_version=&#8220;4.16&#8243; global_colors_info=&#8220;{}&#8220;][et_pb_row column_structure=&#8220;1_3,2_3&#8243; _builder_version=&#8220;4.16&#8243; border_width_bottom=&#8220;1px&#8220; border_color_bottom=&#8220;rgba(105,102,102,0.36)&#8220; global_colors_info=&#8220;{}&#8220;][et_pb_column type=&#8220;1_3&#8243; _builder_version=&#8220;4.16&#8243; custom_padding=&#8220;|||&#8220; global_colors_info=&#8220;{}&#8220; custom_padding__hover=&#8220;|||&#8220;][et_pb_text _builder_version=&#8220;4.16&#8243; text_font=&#8220;Roboto|700|||||||&#8220; text_text_color=&#8220;#696666&#8243; text_font_size=&#8220;40px&#8220; global_colors_info=&#8220;{}&#8220;]Allgemeines<br \/>\n[\/et_pb_text][\/et_pb_column][et_pb_column type=&#8220;2_3&#8243; _builder_version=&#8220;4.16&#8243; custom_padding=&#8220;|||&#8220; global_colors_info=&#8220;{}&#8220; custom_padding__hover=&#8220;|||&#8220;][et_pb_text _builder_version=&#8220;4.16&#8243; global_colors_info=&#8220;{}&#8220;]<\/p>\n<p>Wir von BE-terna sind einer der europaweit f\u00fchrenden Anbieter f\u00fcr branchenspezifische Business Software aus der Cloud. Eine nachhaltige Unternehmensentwicklung und die N\u00e4he zum Kunden machen uns zum verl\u00e4sslichen Partner f\u00fcr kleine und gro\u00dfe Digitalisierungsprojekte. Innerhalb der BE-terna-Unternehmensgruppe sind heute mehr als 860 IT-Expertinnen und -Experten an 20 Standorten in Deutschland, \u00d6sterreich, Schweiz, D\u00e4nemark, Slowenien, Serbien und Kroatien im Einsatz. 1500 zufriedene Kunden und 2600 erfolgreich abgeschlossene Projekte stehen f\u00fcr unseren Erfolg. Zu unseren Kunden z\u00e4hlen sowohl international agierende Unternehmen als auch innovative Mittelstandsunternehmen, die sich mit benutzerfreundlichen und cloudbasierten Software-L\u00f6sungen entscheidende Wettbewerbsvorteile sichern.<\/p>\n<p>[\/et_pb_text][\/et_pb_column][\/et_pb_row][et_pb_row column_structure=&#8220;1_3,2_3&#8243; _builder_version=&#8220;4.16&#8243; border_width_bottom=&#8220;1px&#8220; border_color_bottom=&#8220;rgba(105,102,102,0.36)&#8220; global_colors_info=&#8220;{}&#8220;][et_pb_column type=&#8220;1_3&#8243; _builder_version=&#8220;4.16&#8243; custom_padding=&#8220;|||&#8220; global_colors_info=&#8220;{}&#8220; custom_padding__hover=&#8220;|||&#8220;][et_pb_text _builder_version=&#8220;4.16&#8243; text_font=&#8220;Roboto|700|||||||&#8220; text_text_color=&#8220;#696666&#8243; text_font_size=&#8220;40px&#8220; global_colors_info=&#8220;{}&#8220;]Produkte<br \/>\n[\/et_pb_text][\/et_pb_column][et_pb_column type=&#8220;2_3&#8243; _builder_version=&#8220;4.16&#8243; custom_padding=&#8220;|||&#8220; global_colors_info=&#8220;{}&#8220; custom_padding__hover=&#8220;|||&#8220;][et_pb_text _builder_version=&#8220;4.16&#8243; global_colors_info=&#8220;{}&#8220;]<\/p>\n<p><strong>BE-PROJECT<br \/><\/strong>Vom ersten Kundenkontakt \u00fcber Kalkulation, Angebot, Einkauf und Vergabe, bis hin zu Finanzmanagement und Business Intelligence: Mit der Branchensoftware BE-Project haben Sie Projekte, Aufgaben und Termine jederzeit im Griff.<\/p>\n<p>BE-Project baut auf modernsten Technologien auf und garantiert einen schnellen und sicheren Informationsfluss innerhalb der gesamten Wertsch\u00f6pfungskette. Mit tiefgreifenden Branchenfunktionen f\u00fcr Versorgungstechnik, Baunebengewerbe und Anlagenbau sowie spezifischen Erweiterungen bieten wir eine sauber arbeitende, leicht verst\u00e4ndliche und dauerhaft verl\u00e4ssliche Software f\u00fcr Ihr Unternehmen an, \u2013 sowohl On-premises als auch in der Cloud. Behalten Sie jederzeit den \u00dcberblick \u00fcber Ihr Unternehmen mithilfe des individuell an-passbaren Rollencenters in Kacheloptik. BE-Project ist schnell zu implementieren, leicht zu erlernen und einfach zu bedienen. Die Branchenfunktionalit\u00e4t ist vollst\u00e4ndig in Microsoft Dynamics integriert und von Microsoft zertifiziert. \u00a0BE-Project ist f\u00fcr alle, die ihre Projektgesch\u00e4fte f\u00fchren, statt sie nur abzuwickeln.<\/p>\n<p><strong>BE-CRAFTS<br \/><\/strong>Mit BE-Crafts halten wir eine leistungsf\u00e4hige Handwerkersoftware f\u00fcr Sie bereit. Die Branchensoftware ist vielfach praxiserprobt und wird h\u00f6chsten Anspr\u00fcchen an Funktionalit\u00e4t und Flexibilit\u00e4t gerecht. BE-Crafts basiert auf modernsten Technologien und ist sofort einsatzbereit. Automatisierte Prozesse und Routinen sorgen daf\u00fcr, dass Ihre Unternehmensleistung optimal ausgesch\u00f6pft werden kann.<\/p>\n<p>BE-Crafts ist schnell zu implementieren, leicht zu erlernen und einfach zu bedienen. Sie haben den sofortigen \u00dcberblick \u00fcber alle Projekte und Aktivit\u00e4ten, denn der Projekt-Explorer sorgt f\u00fcr eine schnelle und einfache Navigation. Die Positionserfassung im Browser erfolgt, wie Sie es aus Excel gewohnt sind. Darin unterst\u00fctzt Sie auch die vollst\u00e4ndige Microsoft Office Integration. Sie haben stets die Projektkontrolle \u00fcber den Fortschritt aller relevanten Einkaufs-, Verbrauchs und Abrechnungsvorg\u00e4nge. Ebenso ist die Aufgliederung der Einheitspreise nach \u00a7 25 Nr. 3 VOB\/A (EFB 223) enthalten.<\/p>\n<p>2020 ist BE-terna mit Ihrer ersten Branchen-App in der Microsoft AppSource gestartet. Wir stellen unseren Kunden somit eine leistungsstarke Business-App bereit, die speziell f\u00fcr das Handwerk designt und optimiert wurde. Mit dieser sicheren, zuverl\u00e4ssigen sowie kosteng\u00fcnstigen L\u00f6sung k\u00f6nnen Sie jederzeit kalkulieren, koordinieren und kontrollieren.<\/p>\n<p>[\/et_pb_text][\/et_pb_column][\/et_pb_row][et_pb_row column_structure=&#8220;1_3,1_3,1_3&#8243; _builder_version=&#8220;4.16&#8243; custom_padding=&#8220;50px|0px|27px|0px&#8220; global_colors_info=&#8220;{}&#8220;][et_pb_column type=&#8220;1_3&#8243; _builder_version=&#8220;4.16&#8243; custom_padding=&#8220;|||&#8220; global_colors_info=&#8220;{}&#8220; custom_padding__hover=&#8220;|||&#8220;][et_pb_text _builder_version=&#8220;4.16&#8243; text_font=&#8220;Roboto|700|||||||&#8220; text_text_color=&#8220;#323232&#8243; text_font_size=&#8220;40px&#8220; global_colors_info=&#8220;{}&#8220;]<span style=\"color: #696666;\">Kontakt<\/span><br \/>\n[\/et_pb_text][\/et_pb_column][et_pb_column type=&#8220;1_3&#8243; _builder_version=&#8220;4.16&#8243; custom_padding=&#8220;|||&#8220; global_colors_info=&#8220;{}&#8220; custom_padding__hover=&#8220;|||&#8220;][et_pb_text _builder_version=&#8220;4.16&#8243; global_colors_info=&#8220;{}&#8220;]<\/p>\n<div>\n<div class=\"et_pb_text et_pb_module et_pb_bg_layout_light et_pb_text_align_left et_pb_text_19\">\n<div class=\"et_pb_text_inner\"><strong>BE-terna GmbH<\/strong><\/div>\n<div>\n<p><span style=\"font-size: 15px;\">Bornaer Stra\u00dfe 19<br \/><\/span><span style=\"font-size: 15px;\">04288 Leipzig<\/span><\/p>\n<p><span style=\"font-size: 15px;\"><\/span><\/p>\n<p><span style=\"font-size: 15px;\">E-Mail:\u00a0<\/span><a href=\"mailto:info@be-terna.com\" style=\"font-size: 15px;\">info@be-terna.com<\/a><\/p>\n<\/div>\n<\/div>\n<\/div>\n<p>Internet: <a href=\"https:\/\/www.be-terna.com\" target=\"_blank\" rel=\"noopener noreferrer\">www.be-terna.com<\/a><\/p>\n<p>[\/et_pb_text][\/et_pb_column][et_pb_column type=&#8220;1_3&#8243; _builder_version=&#8220;4.16&#8243; custom_padding=&#8220;|||&#8220; global_colors_info=&#8220;{}&#8220; custom_padding__hover=&#8220;|||&#8220;][et_pb_image src=&#8220;https:\/\/www.bvbs.de\/wp-content\/uploads\/2024\/01\/BE-terna-Composite-Logo-CMYK-Grey-small-Print-e1704804229775.png&#8220; align_tablet=&#8220;center&#8220; align_phone=&#8220;center&#8220; align_last_edited=&#8220;on|desktop&#8220; _builder_version=&#8220;4.16&#8243; max_width=&#8220;76%&#8220; global_colors_info=&#8220;{}&#8220;]\u00a0<br \/>\n[\/et_pb_image][\/et_pb_column][\/et_pb_row][\/et_pb_section]<\/p>\n","protected":false},"excerpt":{"rendered":"<p>BVBS Mitgliedsunternehmen Allgemeines Wir von BE-terna sind einer der europaweit f\u00fchrenden Anbieter f\u00fcr branchenspezifische Business Software aus der Cloud. Eine nachhaltige Unternehmensentwicklung und die N\u00e4he zum Kunden machen uns zum verl\u00e4sslichen Partner f\u00fcr kleine und gro\u00dfe Digitalisierungsprojekte. Innerhalb der BE-terna-Unternehmensgruppe sind heute mehr als 860 IT-Expertinnen und -Experten an 20 Standorten in Deutschland, \u00d6sterreich, Schweiz, [&hellip;]<\/p>\n","protected":false},"author":760,"featured_media":0,"parent":0,"menu_order":0,"comment_status":"closed","ping_status":"closed","template":"","meta":{"_et_pb_use_builder":"on","_et_pb_old_content":"","_et_gb_content_width":"","wp_typography_post_enhancements_disabled":false,"footnotes":""},"class_list":["post-4950","page","type-page","status-publish","hentry"],"yoast_head":"<!-- This site is optimized with the Yoast SEO plugin v26.1.1 - https:\/\/yoast.com\/wordpress\/plugins\/seo\/ -->\r\n<title>BE-terna GmbH - BVBS Bundesverband Software und Digitalisierung im Bauwesen e.V.<\/title>\r\n<meta name=\"robots\" content=\"index, follow, max-snippet:-1, max-image-preview:large, max-video-preview:-1\" \/>\r\n<link rel=\"canonical\" href=\"https:\/\/www.bvbs.de\/en\/be-terna\/\" \/>\r\n<meta property=\"og:locale\" content=\"en_GB\" \/>\r\n<meta property=\"og:type\" content=\"article\" \/>\r\n<meta property=\"og:title\" content=\"BE-terna GmbH - BVBS Bundesverband Software und Digitalisierung im Bauwesen e.V.\" \/>\r\n<meta property=\"og:description\" content=\"BVBS Mitgliedsunternehmen Allgemeines Wir von BE-terna sind einer der europaweit f\u00fchrenden Anbieter f\u00fcr branchenspezifische Business Software aus der Cloud. Eine nachhaltige Unternehmensentwicklung und die N\u00e4he zum Kunden machen uns zum verl\u00e4sslichen Partner f\u00fcr kleine und gro\u00dfe Digitalisierungsprojekte. Innerhalb der BE-terna-Unternehmensgruppe sind heute mehr als 860 IT-Expertinnen und -Experten an 20 Standorten in Deutschland, \u00d6sterreich, Schweiz, [&hellip;]\" \/>\r\n<meta property=\"og:url\" content=\"https:\/\/www.bvbs.de\/en\/be-terna\/\" \/>\r\n<meta property=\"og:site_name\" content=\"BVBS Bundesverband Software und Digitalisierung im Bauwesen e.V.\" \/>\r\n<meta property=\"article:modified_time\" content=\"2025-09-25T14:25:24+00:00\" \/>\r\n<meta name=\"twitter:card\" content=\"summary_large_image\" \/>\r\n<meta name=\"twitter:label1\" content=\"Estimated reading time\" \/>\n\t<meta name=\"twitter:data1\" content=\"6 minutes\" \/>\r\n<script type=\"application\/ld+json\" class=\"yoast-schema-graph\">{\"@context\":\"https:\/\/schema.org\",\"@graph\":[{\"@type\":\"WebPage\",\"@id\":\"https:\/\/www.bvbs.de\/be-terna\/\",\"url\":\"https:\/\/www.bvbs.de\/be-terna\/\",\"name\":\"BE-terna GmbH - BVBS Bundesverband Software und Digitalisierung im Bauwesen e.V.\",\"isPartOf\":{\"@id\":\"https:\/\/www.bvbs.de\/#website\"},\"datePublished\":\"2021-02-11T09:00:00+00:00\",\"dateModified\":\"2025-09-25T14:25:24+00:00\",\"breadcrumb\":{\"@id\":\"https:\/\/www.bvbs.de\/be-terna\/#breadcrumb\"},\"inLanguage\":\"en-GB\",\"potentialAction\":[{\"@type\":\"ReadAction\",\"target\":[\"https:\/\/www.bvbs.de\/be-terna\/\"]}]},{\"@type\":\"BreadcrumbList\",\"@id\":\"https:\/\/www.bvbs.de\/be-terna\/#breadcrumb\",\"itemListElement\":[{\"@type\":\"ListItem\",\"position\":1,\"name\":\"Startseite\",\"item\":\"https:\/\/www.bvbs.de\/\"},{\"@type\":\"ListItem\",\"position\":2,\"name\":\"BE-terna GmbH\"}]},{\"@type\":\"WebSite\",\"@id\":\"https:\/\/www.bvbs.de\/#website\",\"url\":\"https:\/\/www.bvbs.de\/\",\"name\":\"BVBS Bundesverband Software und Digitalisierung im Bauwesen e.V.\",\"description\":\"\",\"publisher\":{\"@id\":\"https:\/\/www.bvbs.de\/#organization\"},\"potentialAction\":[{\"@type\":\"SearchAction\",\"target\":{\"@type\":\"EntryPoint\",\"urlTemplate\":\"https:\/\/www.bvbs.de\/?s={search_term_string}\"},\"query-input\":{\"@type\":\"PropertyValueSpecification\",\"valueRequired\":true,\"valueName\":\"search_term_string\"}}],\"inLanguage\":\"en-GB\"},{\"@type\":\"Organization\",\"@id\":\"https:\/\/www.bvbs.de\/#organization\",\"name\":\"BVBS Bundesverband Software und Digitalisierung im Bauwesen\",\"url\":\"https:\/\/www.bvbs.de\/\",\"logo\":{\"@type\":\"ImageObject\",\"inLanguage\":\"en-GB\",\"@id\":\"https:\/\/www.bvbs.de\/#\/schema\/logo\/image\/\",\"url\":\"https:\/\/www.bvbs.de\/wp-content\/uploads\/2024\/01\/cropped-favicon-bvbs.png\",\"contentUrl\":\"https:\/\/www.bvbs.de\/wp-content\/uploads\/2024\/01\/cropped-favicon-bvbs.png\",\"width\":512,\"height\":512,\"caption\":\"BVBS Bundesverband Software und Digitalisierung im Bauwesen\"},\"image\":{\"@id\":\"https:\/\/www.bvbs.de\/#\/schema\/logo\/image\/\"}}]}<\/script>\r\n<!-- \/ Yoast SEO plugin. -->","yoast_head_json":{"title":"BE-ter\u00adna GmbH \u2014 BVBS Bun\u00addes\u00adver\u00adband Soft\u00adware und Digi\u00adta\u00adli\u00adsie\u00adrung im Bau\u00adwe\u00adsen e.V.","robots":{"index":"index","follow":"follow","max-snippet":"max-snippet:-1","max-image-preview":"max-image-preview:large","max-video-preview":"max-video-preview:-1"},"canonical":"https:\/\/www.bvbs.de\/en\/be-terna\/","og_locale":"en_GB","og_type":"article","og_title":"BE-terna GmbH - BVBS Bundesverband Software und Digitalisierung im Bauwesen e.V.","og_description":"BVBS Mitgliedsunternehmen Allgemeines Wir von BE-terna sind einer der europaweit f\u00fchrenden Anbieter f\u00fcr branchenspezifische Business Software aus der Cloud. Eine nachhaltige Unternehmensentwicklung und die N\u00e4he zum Kunden machen uns zum verl\u00e4sslichen Partner f\u00fcr kleine und gro\u00dfe Digitalisierungsprojekte. Innerhalb der BE-terna-Unternehmensgruppe sind heute mehr als 860 IT-Expertinnen und -Experten an 20 Standorten in Deutschland, \u00d6sterreich, Schweiz, [&hellip;]","og_url":"https:\/\/www.bvbs.de\/en\/be-terna\/","og_site_name":"BVBS Bundesverband Software und Digitalisierung im Bauwesen e.V.","article_modified_time":"2025-09-25T14:25:24+00:00","twitter_card":"summary_large_image","twitter_misc":{"Estimated reading time":"6 minutes"},"schema":{"@context":"https:\/\/schema.org","@graph":[{"@type":"WebPage","@id":"https:\/\/www.bvbs.de\/be-terna\/","url":"https:\/\/www.bvbs.de\/be-terna\/","name":"BE-ter\u00adna GmbH \u2014 BVBS Bun\u00addes\u00adver\u00adband Soft\u00adware und Digi\u00adta\u00adli\u00adsie\u00adrung im Bau\u00adwe\u00adsen e.V.","isPartOf":{"@id":"https:\/\/www.bvbs.de\/#website"},"datePublished":"2021-02-11T09:00:00+00:00","dateModified":"2025-09-25T14:25:24+00:00","breadcrumb":{"@id":"https:\/\/www.bvbs.de\/be-terna\/#breadcrumb"},"inLanguage":"en-GB","potentialAction":[{"@type":"ReadAction","target":["https:\/\/www.bvbs.de\/be-terna\/"]}]},{"@type":"BreadcrumbList","@id":"https:\/\/www.bvbs.de\/be-terna\/#breadcrumb","itemListElement":[{"@type":"ListItem","position":1,"name":"Startseite","item":"https:\/\/www.bvbs.de\/"},{"@type":"ListItem","position":2,"name":"BE-terna GmbH"}]},{"@type":"WebSite","@id":"https:\/\/www.bvbs.de\/#website","url":"https:\/\/www.bvbs.de\/","name":"BVBS Bun\u00addes\u00adver\u00adband Soft\u00adware und Digi\u00adta\u00adli\u00adsie\u00adrung im Bau\u00adwe\u00adsen e.V.","description":"","publisher":{"@id":"https:\/\/www.bvbs.de\/#organization"},"potentialAction":[{"@type":"SearchAction","target":{"@type":"EntryPoint","urlTemplate":"https:\/\/www.bvbs.de\/?s={search_term_string}"},"query-input":{"@type":"PropertyValueSpecification","valueRequired":true,"valueName":"search_term_string"}}],"inLanguage":"en-GB"},{"@type":"Organization","@id":"https:\/\/www.bvbs.de\/#organization","name":"BVBS Bun\u00addes\u00adver\u00adband Soft\u00adware und Digi\u00adta\u00adli\u00adsie\u00adrung im Bauwesen","url":"https:\/\/www.bvbs.de\/","logo":{"@type":"ImageObject","inLanguage":"en-GB","@id":"https:\/\/www.bvbs.de\/#\/schema\/logo\/image\/","url":"https:\/\/www.bvbs.de\/wp-content\/uploads\/2024\/01\/cropped-favicon-bvbs.png","contentUrl":"https:\/\/www.bvbs.de\/wp-content\/uploads\/2024\/01\/cropped-favicon-bvbs.png","width":512,"height":512,"caption":"BVBS Bundesverband Software und Digitalisierung im Bauwesen"},"image":{"@id":"https:\/\/www.bvbs.de\/#\/schema\/logo\/image\/"}}]}},"_links":{"self":[{"href":"https:\/\/www.bvbs.de\/en\/wp-json\/wp\/v2\/pages\/4950","targetHints":{"allow":["GET"]}}],"collection":[{"href":"https:\/\/www.bvbs.de\/en\/wp-json\/wp\/v2\/pages"}],"about":[{"href":"https:\/\/www.bvbs.de\/en\/wp-json\/wp\/v2\/types\/page"}],"author":[{"embeddable":true,"href":"https:\/\/www.bvbs.de\/en\/wp-json\/wp\/v2\/users\/760"}],"replies":[{"embeddable":true,"href":"https:\/\/www.bvbs.de\/en\/wp-json\/wp\/v2\/comments?post=4950"}],"version-history":[{"count":0,"href":"https:\/\/www.bvbs.de\/en\/wp-json\/wp\/v2\/pages\/4950\/revisions"}],"wp:attachment":[{"href":"https:\/\/www.bvbs.de\/en\/wp-json\/wp\/v2\/media?parent=4950"}],"curies":[{"name":"wp","href":"https:\/\/api.w.org\/{rel}","templated":true}]}}