{"id":5075,"date":"2021-02-15T10:48:38","date_gmt":"2021-02-15T09:48:38","guid":{"rendered":"https:\/\/www.bvbs.de\/nova-building-it-copy\/"},"modified":"2025-07-10T20:43:16","modified_gmt":"2025-07-10T18:43:16","slug":"palette-cad","status":"publish","type":"page","link":"https:\/\/www.bvbs.de\/en\/palette-cad\/","title":{"rendered":"Palet\u00adte CAD&nbsp;AG"},"content":{"rendered":"<p>[et_pb_section fb_built=&#8220;1&#8243; fullwidth=&#8220;on&#8220; _builder_version=&#8220;4.16&#8243; locked=&#8220;off&#8220; global_colors_info=&#8220;{}&#8220;][et_pb_fullwidth_slider _builder_version=&#8220;4.27.3&#8243; header_font=&#8220;Roboto||||||||&#8220; body_font=&#8220;Roboto||||||||&#8220; background_image=&#8220;https:\/\/www.bvbs.de\/wp-content\/uploads\/2021\/02\/mitglieder-bg.jpg&#8220; global_colors_info=&#8220;{}&#8220; button_text_size__hover_enabled=&#8220;off&#8220; button_one_text_size__hover_enabled=&#8220;off&#8220; button_two_text_size__hover_enabled=&#8220;off&#8220; button_text_color__hover_enabled=&#8220;off&#8220; button_one_text_color__hover_enabled=&#8220;off&#8220; button_two_text_color__hover_enabled=&#8220;off&#8220; button_border_width__hover_enabled=&#8220;off&#8220; button_one_border_width__hover_enabled=&#8220;off&#8220; button_two_border_width__hover_enabled=&#8220;off&#8220; button_border_color__hover_enabled=&#8220;off&#8220; button_one_border_color__hover_enabled=&#8220;off&#8220; button_two_border_color__hover_enabled=&#8220;off&#8220; button_border_radius__hover_enabled=&#8220;off&#8220; button_one_border_radius__hover_enabled=&#8220;off&#8220; button_two_border_radius__hover_enabled=&#8220;off&#8220; button_letter_spacing__hover_enabled=&#8220;off&#8220; button_one_letter_spacing__hover_enabled=&#8220;off&#8220; button_two_letter_spacing__hover_enabled=&#8220;off&#8220; button_bg_color__hover_enabled=&#8220;off&#8220; button_one_bg_color__hover_enabled=&#8220;off&#8220; button_two_bg_color__hover_enabled=&#8220;off&#8220;][et_pb_slide heading=&#8220;Palette CAD AG&#8220; use_bg_overlay=&#8220;off&#8220; use_text_overlay=&#8220;off&#8220; _builder_version=&#8220;4.27.3&#8243; header_font=&#8220;Roboto|700|||||||&#8220; header_font_size=&#8220;55px&#8220; body_font=&#8220;||||||||&#8220; background_color=&#8220;#ffffff&#8220; button_on_hover=&#8220;on&#8220; header_font_size_tablet=&#8220;55px&#8220; header_font_size_phone=&#8220;55px&#8220; global_colors_info=&#8220;{}&#8220; button_text_size__hover_enabled=&#8220;off&#8220; button_one_text_size__hover_enabled=&#8220;off&#8220; button_two_text_size__hover_enabled=&#8220;off&#8220; button_text_color__hover_enabled=&#8220;off&#8220; button_one_text_color__hover_enabled=&#8220;off&#8220; button_two_text_color__hover_enabled=&#8220;off&#8220; button_border_width__hover_enabled=&#8220;off&#8220; button_one_border_width__hover_enabled=&#8220;off&#8220; button_two_border_width__hover_enabled=&#8220;off&#8220; button_border_color__hover_enabled=&#8220;off&#8220; button_one_border_color__hover_enabled=&#8220;off&#8220; button_two_border_color__hover_enabled=&#8220;off&#8220; button_border_radius__hover_enabled=&#8220;off&#8220; button_one_border_radius__hover_enabled=&#8220;off&#8220; button_two_border_radius__hover_enabled=&#8220;off&#8220; button_letter_spacing__hover_enabled=&#8220;off&#8220; button_one_letter_spacing__hover_enabled=&#8220;off&#8220; button_two_letter_spacing__hover_enabled=&#8220;off&#8220; button_bg_color__hover_enabled=&#8220;off&#8220; button_one_bg_color__hover_enabled=&#8220;off&#8220; button_two_bg_color__hover_enabled=&#8220;off&#8220; sticky_transition=&#8220;on&#8220;]<\/p>\n<p>BVBS Mitgliedsunternehmen<\/p>\n<p>[\/et_pb_slide][\/et_pb_fullwidth_slider][\/et_pb_section][et_pb_section fb_built=&#8220;1&#8243; _builder_version=&#8220;4.16&#8243; collapsed=&#8220;off&#8220; global_colors_info=&#8220;{}&#8220;][et_pb_row column_structure=&#8220;1_3,2_3&#8243; _builder_version=&#8220;4.16&#8243; border_width_bottom=&#8220;1px&#8220; border_color_bottom=&#8220;rgba(105,102,102,0.36)&#8220; global_colors_info=&#8220;{}&#8220;][et_pb_column type=&#8220;1_3&#8243; _builder_version=&#8220;4.16&#8243; custom_padding=&#8220;|||&#8220; global_colors_info=&#8220;{}&#8220; custom_padding__hover=&#8220;|||&#8220;][et_pb_text _builder_version=&#8220;4.16&#8243; text_font=&#8220;Roboto|700|||||||&#8220; text_text_color=&#8220;#696666&#8243; text_font_size=&#8220;40px&#8220; global_colors_info=&#8220;{}&#8220;]Allgemeines<br \/>\n[\/et_pb_text][\/et_pb_column][et_pb_column type=&#8220;2_3&#8243; _builder_version=&#8220;4.16&#8243; custom_padding=&#8220;|||&#8220; global_colors_info=&#8220;{}&#8220; custom_padding__hover=&#8220;|||&#8220;][et_pb_text _builder_version=&#8220;4.16&#8243; global_colors_info=&#8220;{}&#8220;]Seit 1994 steht die Palette CAD AG f\u00fcr innovative digitale L\u00f6sungen im Handwerk. Gegr\u00fcndet von Walter Zinser als Stuttgarter Familienbetrieb, hat sich das Unternehmen in 30 Jahren zu einem f\u00fchrenden Anbieter von 3D-Software f\u00fcr den M\u00f6bel- und Innenausbau entwickelt. Heute z\u00e4hlt der Software-Hersteller \u00fcber 27.000 vergebene Lizenzen in 54 L\u00e4ndern.<\/p>\n<p>Mit \u00fcber 120 Mitarbeitern entwickelt Palette CAD seine L\u00f6sungen f\u00fcr Bad- und Fliesenplanung, Innenarchitektur, Ofenbau sowie M\u00f6belkonstruktion und -produktion kontinuierlich weiter und bietet einen durchg\u00e4ngig digitalen Workflow in allen Segmenten der Innenraumgestaltung. Dieser verbindet die professionelle 3D-Planung intelligent mit allen Arbeitsschritten im Design-Prozess und integriert dabei modernste Aufma\u00dftechnologien, interaktive Pr\u00e4sentationsformen wie Augmented und Virtual Reality sowie automatisierte CNC-Fertigung.<\/p>\n<p>Ein wesentlicher Erfolgsfaktor von Palette CAD ist das fundierte Fachwissen der Mitarbeiter. Viele haben selbst einen beruflichen Hintergrund im M\u00f6bel- oder Innenausbau und stehen stetig im engen Austausch mit den Anwendern. Dadurch kennen sie die Herausforderungen des Arbeitsalltags und verstehen die spezifischen Bed\u00fcrfnisse. Diese Expertise flie\u00dft in die Weiterentwicklung der Softwarel\u00f6sungen ein und stellt sicher, dass diese praxisnah und anwenderfreundlich sind.<\/p>\n<p>Die Produktentwicklung bei Palette CAD profitiert auch von enger Zusammenarbeit mit starken Partnern in Handel und Industrie. Das Ergebnis sind nahtlose Anbindungen an Branchen-Programme, Online-Shops und CNC-Maschinen sowie umfassende Material- und Objektkataloge mit Originaldaten namhafter Hersteller.<\/p>\n<p>Palette CAD arbeitet stetig an zukunftsweisenden Technologien f\u00fcr die Gestaltung von Lebensr\u00e4umen.<br \/>\n[\/et_pb_text][\/et_pb_column][\/et_pb_row][et_pb_row column_structure=&#8220;1_3,2_3&#8243; _builder_version=&#8220;4.16&#8243; border_width_bottom=&#8220;1px&#8220; border_color_bottom=&#8220;rgba(105,102,102,0.36)&#8220; global_colors_info=&#8220;{}&#8220;][et_pb_column type=&#8220;1_3&#8243; _builder_version=&#8220;4.16&#8243; custom_padding=&#8220;|||&#8220; global_colors_info=&#8220;{}&#8220; custom_padding__hover=&#8220;|||&#8220;][et_pb_text _builder_version=&#8220;4.16&#8243; text_font=&#8220;Roboto|700|||||||&#8220; text_text_color=&#8220;#696666&#8243; text_font_size=&#8220;40px&#8220; global_colors_info=&#8220;{}&#8220;]Produkte<br \/>\n[\/et_pb_text][\/et_pb_column][et_pb_column type=&#8220;2_3&#8243; _builder_version=&#8220;4.16&#8243; custom_padding=&#8220;|||&#8220; global_colors_info=&#8220;{}&#8220; custom_padding__hover=&#8220;|||&#8220;][et_pb_text _builder_version=&#8220;4.16&#8243; global_colors_info=&#8220;{}&#8220;]<a href=\"https:\/\/www.palettecad.com\/palette-cad\" target=\"_blank\" rel=\"noopener noreferrer\"><strong>Palette CAD<\/strong><\/a><\/p>\n<p><a style=\"font-size: 14px;\" href=\"https:\/\/www.palettecad.com\/palette-cam\" target=\"_blank\" rel=\"noopener noreferrer\"><strong>Palette CAM<\/strong><\/a><\/p>\n<p><a style=\"font-size: 14px;\" href=\"https:\/\/www.palettecad.com\/palette-rooms\" target=\"_blank\" rel=\"noopener noreferrer\"><strong>Palette Rooms<\/strong><\/a><span style=\"font-size: 14px;\">\u00a0<\/span><\/p>\n<p><a style=\"font-size: 14px;\" href=\"https:\/\/www.palettecad.com\/palette-home\" target=\"_blank\" rel=\"noopener noreferrer\"><strong>Palette Home<\/strong><\/a><span style=\"font-size: 14px;\">\u00a0<\/span><\/p>\n<p><a style=\"font-size: 14px;\" href=\"https:\/\/www.palettecad.com\/palette-cloud-computing\" target=\"_blank\" rel=\"noopener noreferrer\"><strong>Palette Cloud Computing<\/strong><\/a><span style=\"font-size: 14px;\">\u00a0<\/span><\/p>\n<p><a style=\"font-size: 14px;\" href=\"https:\/\/www.palettecad.com\/palette-showroom\" target=\"_blank\" rel=\"noopener noreferrer\"><strong>Palette Showroom<\/strong><\/a><span style=\"font-size: 14px;\">\u00a0<\/span><\/p>\n<p><a style=\"font-size: 14px;\" href=\"https:\/\/www.palettecad.com\/palette-move\" target=\"_blank\" rel=\"noopener noreferrer\"><strong>Palette Move<\/strong><\/a><span style=\"font-size: 14px;\">\u00a0<\/span><br \/>\n[\/et_pb_text][\/et_pb_column][\/et_pb_row][et_pb_row column_structure=&#8220;1_3,1_3,1_3&#8243; _builder_version=&#8220;4.16&#8243; custom_padding=&#8220;50px|0px|27px|0px&#8220; global_colors_info=&#8220;{}&#8220;][et_pb_column type=&#8220;1_3&#8243; _builder_version=&#8220;4.16&#8243; custom_padding=&#8220;|||&#8220; global_colors_info=&#8220;{}&#8220; custom_padding__hover=&#8220;|||&#8220;][et_pb_text _builder_version=&#8220;4.16&#8243; text_font=&#8220;Roboto|700|||||||&#8220; text_text_color=&#8220;#696666&#8243; text_font_size=&#8220;40px&#8220; global_colors_info=&#8220;{}&#8220;]Kontakt<br \/>\n[\/et_pb_text][\/et_pb_column][et_pb_column type=&#8220;1_3&#8243; _builder_version=&#8220;4.16&#8243; custom_padding=&#8220;|||&#8220; global_colors_info=&#8220;{}&#8220; custom_padding__hover=&#8220;|||&#8220;][et_pb_text _builder_version=&#8220;4.27.3&#8243; custom_margin=&#8220;||||false|false&#8220; custom_padding=&#8220;|||&#8220; global_colors_info=&#8220;{}&#8220;]<\/p>\n<p><strong>Palette CAD AG<\/strong><\/p>\n<p>Behlesstra\u00dfe 9-11<br \/>70329 Stuttgart<\/p>\n<p>E-Mail: <span class=\"footer-text\"><span id=\"footer-company-info\"><a class=\"mailto-class\" href=\"mailto:info@palettecad.com\">info@palettecad.com<\/a><\/span><\/span> <br \/>Internet: <a href=\"http:\/\/www.palettecad.com\" target=\"_blank\" rel=\"noopener noreferrer\">www.palettecad.com<\/a><\/p>\n<p>[\/et_pb_text][\/et_pb_column][et_pb_column type=&#8220;1_3&#8243; _builder_version=&#8220;4.16&#8243; custom_padding=&#8220;|||&#8220; global_colors_info=&#8220;{}&#8220; custom_padding__hover=&#8220;|||&#8220;][et_pb_image src=&#8220;https:\/\/www.bvbs.de\/wp-content\/uploads\/2024\/08\/PaletteCAD_202408.png&#8220; align_tablet=&#8220;center&#8220; align_phone=&#8220;center&#8220; align_last_edited=&#8220;on|desktop&#8220; _builder_version=&#8220;4.16&#8243; max_width=&#8220;76%&#8220; global_colors_info=&#8220;{}&#8220;]&nbsp;<br \/>\n[\/et_pb_image][\/et_pb_column][\/et_pb_row][\/et_pb_section]<\/p>\n","protected":false},"excerpt":{"rendered":"<p>BVBS MitgliedsunternehmenAllgemeines Seit 1994 steht die Palette CAD AG f\u00fcr innovative digitale L\u00f6sungen im Handwerk. Gegr\u00fcndet von Walter Zinser als Stuttgarter Familienbetrieb, hat sich das Unternehmen in 30 Jahren zu einem f\u00fchrenden Anbieter von 3D-Software f\u00fcr den M\u00f6bel- und Innenausbau entwickelt. Heute z\u00e4hlt der Software-Hersteller \u00fcber 27.000 vergebene Lizenzen in 54 L\u00e4ndern. Mit \u00fcber 120 [&hellip;]<\/p>\n","protected":false},"author":760,"featured_media":0,"parent":0,"menu_order":0,"comment_status":"closed","ping_status":"closed","template":"","meta":{"_et_pb_use_builder":"on","_et_pb_old_content":"","_et_gb_content_width":"","wp_typography_post_enhancements_disabled":false,"footnotes":""},"class_list":["post-5075","page","type-page","status-publish","hentry"],"yoast_head":"<!-- This site is optimized with the Yoast SEO plugin v26.1.1 - https:\/\/yoast.com\/wordpress\/plugins\/seo\/ -->\r\n<title>Palette CAD AG - BVBS Bundesverband Software und Digitalisierung im Bauwesen e.V.<\/title>\r\n<meta name=\"description\" content=\"Palette CAD entwickelt L\u00f6sungen f\u00fcr Bad- und Fliesenplanung, Innenarchitektur, Ofenbau sowie M\u00f6belkonstruktion und -produktion.\" \/>\r\n<meta name=\"robots\" content=\"index, follow, max-snippet:-1, max-image-preview:large, max-video-preview:-1\" \/>\r\n<link rel=\"canonical\" href=\"https:\/\/www.bvbs.de\/en\/palette-cad\/\" \/>\r\n<meta property=\"og:locale\" content=\"en_GB\" \/>\r\n<meta property=\"og:type\" content=\"article\" \/>\r\n<meta property=\"og:title\" content=\"Palette CAD AG - BVBS Bundesverband Software und Digitalisierung im Bauwesen e.V.\" \/>\r\n<meta property=\"og:description\" content=\"Palette CAD entwickelt L\u00f6sungen f\u00fcr Bad- und Fliesenplanung, Innenarchitektur, Ofenbau sowie M\u00f6belkonstruktion und -produktion.\" \/>\r\n<meta property=\"og:url\" content=\"https:\/\/www.bvbs.de\/en\/palette-cad\/\" \/>\r\n<meta property=\"og:site_name\" content=\"BVBS Bundesverband Software und Digitalisierung im Bauwesen e.V.\" \/>\r\n<meta property=\"article:modified_time\" content=\"2025-07-10T18:43:16+00:00\" \/>\r\n<meta name=\"twitter:card\" content=\"summary_large_image\" \/>\r\n<meta name=\"twitter:label1\" content=\"Estimated reading time\" \/>\n\t<meta name=\"twitter:data1\" content=\"3 minutes\" \/>\r\n<script type=\"application\/ld+json\" class=\"yoast-schema-graph\">{\"@context\":\"https:\/\/schema.org\",\"@graph\":[{\"@type\":\"WebPage\",\"@id\":\"https:\/\/www.bvbs.de\/palette-cad\/\",\"url\":\"https:\/\/www.bvbs.de\/palette-cad\/\",\"name\":\"Palette CAD AG - BVBS Bundesverband Software und Digitalisierung im Bauwesen e.V.\",\"isPartOf\":{\"@id\":\"https:\/\/www.bvbs.de\/#website\"},\"datePublished\":\"2021-02-15T09:48:38+00:00\",\"dateModified\":\"2025-07-10T18:43:16+00:00\",\"description\":\"Palette CAD entwickelt L\u00f6sungen f\u00fcr Bad- und Fliesenplanung, Innenarchitektur, Ofenbau sowie M\u00f6belkonstruktion und -produktion.\",\"breadcrumb\":{\"@id\":\"https:\/\/www.bvbs.de\/palette-cad\/#breadcrumb\"},\"inLanguage\":\"en-GB\",\"potentialAction\":[{\"@type\":\"ReadAction\",\"target\":[\"https:\/\/www.bvbs.de\/palette-cad\/\"]}]},{\"@type\":\"BreadcrumbList\",\"@id\":\"https:\/\/www.bvbs.de\/palette-cad\/#breadcrumb\",\"itemListElement\":[{\"@type\":\"ListItem\",\"position\":1,\"name\":\"Startseite\",\"item\":\"https:\/\/www.bvbs.de\/\"},{\"@type\":\"ListItem\",\"position\":2,\"name\":\"Palette CAD AG\"}]},{\"@type\":\"WebSite\",\"@id\":\"https:\/\/www.bvbs.de\/#website\",\"url\":\"https:\/\/www.bvbs.de\/\",\"name\":\"BVBS Bundesverband Software und Digitalisierung im Bauwesen e.V.\",\"description\":\"\",\"publisher\":{\"@id\":\"https:\/\/www.bvbs.de\/#organization\"},\"potentialAction\":[{\"@type\":\"SearchAction\",\"target\":{\"@type\":\"EntryPoint\",\"urlTemplate\":\"https:\/\/www.bvbs.de\/?s={search_term_string}\"},\"query-input\":{\"@type\":\"PropertyValueSpecification\",\"valueRequired\":true,\"valueName\":\"search_term_string\"}}],\"inLanguage\":\"en-GB\"},{\"@type\":\"Organization\",\"@id\":\"https:\/\/www.bvbs.de\/#organization\",\"name\":\"BVBS Bundesverband Software und Digitalisierung im Bauwesen\",\"url\":\"https:\/\/www.bvbs.de\/\",\"logo\":{\"@type\":\"ImageObject\",\"inLanguage\":\"en-GB\",\"@id\":\"https:\/\/www.bvbs.de\/#\/schema\/logo\/image\/\",\"url\":\"https:\/\/www.bvbs.de\/wp-content\/uploads\/2024\/01\/cropped-favicon-bvbs.png\",\"contentUrl\":\"https:\/\/www.bvbs.de\/wp-content\/uploads\/2024\/01\/cropped-favicon-bvbs.png\",\"width\":512,\"height\":512,\"caption\":\"BVBS Bundesverband Software und Digitalisierung im Bauwesen\"},\"image\":{\"@id\":\"https:\/\/www.bvbs.de\/#\/schema\/logo\/image\/\"}}]}<\/script>\r\n<!-- \/ Yoast SEO plugin. -->","yoast_head_json":{"title":"Palet\u00adte CAD AG \u2014 BVBS Bun\u00addes\u00adver\u00adband Soft\u00adware und Digi\u00adta\u00adli\u00adsie\u00adrung im Bau\u00adwe\u00adsen e.V.","description":"Palet\u00adte CAD ent\u00adwi\u00adckelt L\u00f6sun\u00adgen f\u00fcr Bad- und Flie\u00adsen\u00adpla\u00adnung, Innen\u00adar\u00adchi\u00adtek\u00adtur, Ofen\u00adbau sowie M\u00f6bel\u00adkon\u00adstruk\u00adti\u00adon und \u2011pro\u00adduk\u00adti\u00adon.","robots":{"index":"index","follow":"follow","max-snippet":"max-snippet:-1","max-image-preview":"max-image-preview:large","max-video-preview":"max-video-preview:-1"},"canonical":"https:\/\/www.bvbs.de\/en\/palette-cad\/","og_locale":"en_GB","og_type":"article","og_title":"Palette CAD AG - BVBS Bundesverband Software und Digitalisierung im Bauwesen e.V.","og_description":"Palette CAD entwickelt L\u00f6sungen f\u00fcr Bad- und Fliesenplanung, Innenarchitektur, Ofenbau sowie M\u00f6belkonstruktion und -produktion.","og_url":"https:\/\/www.bvbs.de\/en\/palette-cad\/","og_site_name":"BVBS Bundesverband Software und Digitalisierung im Bauwesen e.V.","article_modified_time":"2025-07-10T18:43:16+00:00","twitter_card":"summary_large_image","twitter_misc":{"Estimated reading time":"3 minutes"},"schema":{"@context":"https:\/\/schema.org","@graph":[{"@type":"WebPage","@id":"https:\/\/www.bvbs.de\/palette-cad\/","url":"https:\/\/www.bvbs.de\/palette-cad\/","name":"Palet\u00adte CAD AG \u2014 BVBS Bun\u00addes\u00adver\u00adband Soft\u00adware und Digi\u00adta\u00adli\u00adsie\u00adrung im Bau\u00adwe\u00adsen e.V.","isPartOf":{"@id":"https:\/\/www.bvbs.de\/#website"},"datePublished":"2021-02-15T09:48:38+00:00","dateModified":"2025-07-10T18:43:16+00:00","description":"Palet\u00adte CAD ent\u00adwi\u00adckelt L\u00f6sun\u00adgen f\u00fcr Bad- und Flie\u00adsen\u00adpla\u00adnung, Innen\u00adar\u00adchi\u00adtek\u00adtur, Ofen\u00adbau sowie M\u00f6bel\u00adkon\u00adstruk\u00adti\u00adon und \u2011pro\u00adduk\u00adti\u00adon.","breadcrumb":{"@id":"https:\/\/www.bvbs.de\/palette-cad\/#breadcrumb"},"inLanguage":"en-GB","potentialAction":[{"@type":"ReadAction","target":["https:\/\/www.bvbs.de\/palette-cad\/"]}]},{"@type":"BreadcrumbList","@id":"https:\/\/www.bvbs.de\/palette-cad\/#breadcrumb","itemListElement":[{"@type":"ListItem","position":1,"name":"Startseite","item":"https:\/\/www.bvbs.de\/"},{"@type":"ListItem","position":2,"name":"Palette CAD AG"}]},{"@type":"WebSite","@id":"https:\/\/www.bvbs.de\/#website","url":"https:\/\/www.bvbs.de\/","name":"BVBS Bun\u00addes\u00adver\u00adband Soft\u00adware und Digi\u00adta\u00adli\u00adsie\u00adrung im Bau\u00adwe\u00adsen e.V.","description":"","publisher":{"@id":"https:\/\/www.bvbs.de\/#organization"},"potentialAction":[{"@type":"SearchAction","target":{"@type":"EntryPoint","urlTemplate":"https:\/\/www.bvbs.de\/?s={search_term_string}"},"query-input":{"@type":"PropertyValueSpecification","valueRequired":true,"valueName":"search_term_string"}}],"inLanguage":"en-GB"},{"@type":"Organization","@id":"https:\/\/www.bvbs.de\/#organization","name":"BVBS Bun\u00addes\u00adver\u00adband Soft\u00adware und Digi\u00adta\u00adli\u00adsie\u00adrung im Bauwesen","url":"https:\/\/www.bvbs.de\/","logo":{"@type":"ImageObject","inLanguage":"en-GB","@id":"https:\/\/www.bvbs.de\/#\/schema\/logo\/image\/","url":"https:\/\/www.bvbs.de\/wp-content\/uploads\/2024\/01\/cropped-favicon-bvbs.png","contentUrl":"https:\/\/www.bvbs.de\/wp-content\/uploads\/2024\/01\/cropped-favicon-bvbs.png","width":512,"height":512,"caption":"BVBS Bundesverband Software und Digitalisierung im Bauwesen"},"image":{"@id":"https:\/\/www.bvbs.de\/#\/schema\/logo\/image\/"}}]}},"_links":{"self":[{"href":"https:\/\/www.bvbs.de\/en\/wp-json\/wp\/v2\/pages\/5075","targetHints":{"allow":["GET"]}}],"collection":[{"href":"https:\/\/www.bvbs.de\/en\/wp-json\/wp\/v2\/pages"}],"about":[{"href":"https:\/\/www.bvbs.de\/en\/wp-json\/wp\/v2\/types\/page"}],"author":[{"embeddable":true,"href":"https:\/\/www.bvbs.de\/en\/wp-json\/wp\/v2\/users\/760"}],"replies":[{"embeddable":true,"href":"https:\/\/www.bvbs.de\/en\/wp-json\/wp\/v2\/comments?post=5075"}],"version-history":[{"count":0,"href":"https:\/\/www.bvbs.de\/en\/wp-json\/wp\/v2\/pages\/5075\/revisions"}],"wp:attachment":[{"href":"https:\/\/www.bvbs.de\/en\/wp-json\/wp\/v2\/media?parent=5075"}],"curies":[{"name":"wp","href":"https:\/\/api.w.org\/{rel}","templated":true}]}}