{"id":5081,"date":"2021-02-15T10:54:37","date_gmt":"2021-02-15T09:54:37","guid":{"rendered":"https:\/\/www.bvbs.de\/palette-cad-copy\/"},"modified":"2025-07-10T20:50:49","modified_gmt":"2025-07-10T18:50:49","slug":"sofistik-ag","status":"publish","type":"page","link":"https:\/\/www.bvbs.de\/en\/sofistik-ag\/","title":{"rendered":"SOFi\u00adS\u00adTiK&nbsp;AG"},"content":{"rendered":"<p>[et_pb_section fb_built=&#8220;1&#8243; fullwidth=&#8220;on&#8220; _builder_version=&#8220;4.16&#8243; global_colors_info=&#8220;{}&#8220;][et_pb_fullwidth_slider _builder_version=&#8220;4.16&#8243; header_font=&#8220;Roboto|700|||||||&#8220; body_font=&#8220;Roboto||||||||&#8220; global_colors_info=&#8220;{}&#8220; button_text_size__hover_enabled=&#8220;off&#8220; button_one_text_size__hover_enabled=&#8220;off&#8220; button_two_text_size__hover_enabled=&#8220;off&#8220; button_text_color__hover_enabled=&#8220;off&#8220; button_one_text_color__hover_enabled=&#8220;off&#8220; button_two_text_color__hover_enabled=&#8220;off&#8220; button_border_width__hover_enabled=&#8220;off&#8220; button_one_border_width__hover_enabled=&#8220;off&#8220; button_two_border_width__hover_enabled=&#8220;off&#8220; button_border_color__hover_enabled=&#8220;off&#8220; button_one_border_color__hover_enabled=&#8220;off&#8220; button_two_border_color__hover_enabled=&#8220;off&#8220; button_border_radius__hover_enabled=&#8220;off&#8220; button_one_border_radius__hover_enabled=&#8220;off&#8220; button_two_border_radius__hover_enabled=&#8220;off&#8220; button_letter_spacing__hover_enabled=&#8220;off&#8220; button_one_letter_spacing__hover_enabled=&#8220;off&#8220; button_two_letter_spacing__hover_enabled=&#8220;off&#8220; button_bg_color__hover_enabled=&#8220;off&#8220; button_one_bg_color__hover_enabled=&#8220;off&#8220; button_two_bg_color__hover_enabled=&#8220;off&#8220;][et_pb_slide heading=&#8220;SOFiSTiK AG&#8220; use_bg_overlay=&#8220;off&#8220; use_text_overlay=&#8220;off&#8220; _builder_version=&#8220;4.16&#8243; background_color=&#8220;#ffffff&#8220; background_image=&#8220;https:\/\/www.bvbs.de\/wp-content\/uploads\/2021\/02\/mitglieder-bg.jpg&#8220; button_on_hover=&#8220;on&#8220; global_colors_info=&#8220;{}&#8220; sticky_transition=&#8220;on&#8220; button_text_size__hover_enabled=&#8220;off&#8220; button_one_text_size__hover_enabled=&#8220;off&#8220; button_two_text_size__hover_enabled=&#8220;off&#8220; button_text_color__hover_enabled=&#8220;off&#8220; button_one_text_color__hover_enabled=&#8220;off&#8220; button_two_text_color__hover_enabled=&#8220;off&#8220; button_border_width__hover_enabled=&#8220;off&#8220; button_one_border_width__hover_enabled=&#8220;off&#8220; button_two_border_width__hover_enabled=&#8220;off&#8220; button_border_color__hover_enabled=&#8220;off&#8220; button_one_border_color__hover_enabled=&#8220;off&#8220; button_two_border_color__hover_enabled=&#8220;off&#8220; button_border_radius__hover_enabled=&#8220;off&#8220; button_one_border_radius__hover_enabled=&#8220;off&#8220; button_two_border_radius__hover_enabled=&#8220;off&#8220; button_letter_spacing__hover_enabled=&#8220;off&#8220; button_one_letter_spacing__hover_enabled=&#8220;off&#8220; button_two_letter_spacing__hover_enabled=&#8220;off&#8220; button_bg_color__hover_enabled=&#8220;off&#8220; button_one_bg_color__hover_enabled=&#8220;off&#8220; button_two_bg_color__hover_enabled=&#8220;off&#8220;]BVBS Mitgliedsunternehmen<br \/>\n[\/et_pb_slide][\/et_pb_fullwidth_slider][\/et_pb_section][et_pb_section fb_built=&#8220;1&#8243; _builder_version=&#8220;4.16&#8243; global_colors_info=&#8220;{}&#8220;][et_pb_row _builder_version=&#8220;4.16&#8243; custom_padding=&#8220;27px|0px|27px|0px&#8220; border_width_bottom=&#8220;1px&#8220; border_color_bottom=&#8220;rgba(105,102,102,0.36)&#8220; global_colors_info=&#8220;{}&#8220; column_structure=&#8220;1_3,2_3&#8243;][et_pb_column type=&#8220;1_3&#8243; _builder_version=&#8220;4.16&#8243; custom_padding=&#8220;|||&#8220; global_colors_info=&#8220;{}&#8220; custom_padding__hover=&#8220;|||&#8220;][et_pb_text _builder_version=&#8220;4.16&#8243; text_font=&#8220;Roboto|700|||||||&#8220; text_text_color=&#8220;#696666&#8243; text_font_size=&#8220;40px&#8220; global_colors_info=&#8220;{}&#8220;]Allgemeines<br \/>\n[\/et_pb_text][\/et_pb_column][et_pb_column type=&#8220;2_3&#8243; _builder_version=&#8220;4.16&#8243; custom_padding=&#8220;|||&#8220; global_colors_info=&#8220;{}&#8220; custom_padding__hover=&#8220;|||&#8220;][et_pb_text _builder_version=&#8220;4.16&#8243; global_colors_info=&#8220;{}&#8220;]<\/p>\n<p>SOFiSTiK ist Europas f\u00fchrender Hersteller von Software f\u00fcr Berechnung, Bemessung und Konstruktion bei Bauprojekten. Die L\u00f6sungen des Unternehmens kommen weltweit bei \u00fcber 2.000\u00a0 Kunden zum Einsatz, die damit gro\u00dfe und komplexe Infrastrukturprojekte, Hochbau- und Sonderprojekte\u00a0 realisieren. Dazu geh\u00f6ren unter anderem die Bosporus-Br\u00fccke in Istanbul und der Neubau der Leverkusener Rheinbr\u00fccke.<br \/> Als Pionier beim Einsatz von IT im Bauwesen hat SOFiSTiK in den vergangenen \u00fcber 30 Jahren die M\u00f6glichkeiten des Planens und Bauens ma\u00dfgeblich mit vorangetrieben \u2013 unter anderem durch neue Methoden der Statikberechnung und Bewehrungsplanung.<\/p>\n<p>Neben den traditionellen Feldern Finite Elemente und CAD steht f\u00fcr SOFiSTiK die Digitalisierung von Bauprozessen im Fokus. Gewerke\u00fcbergreifende Zusammenarbeit und Transparenz \u00fcber alle Phasen von Projekten hinweg \u2013 das sind die Ziele, denen heute jedes neue SOFiSTiK-Produkt und jede neue Version unterliegt. Damit l\u00e4sst SOFiSTiK seine Kunden am enormen Effizienzschub teilhaben, die dem Bauwesen dank der Digitalisierung bevorsteht.<\/p>\n<p>[\/et_pb_text][\/et_pb_column][\/et_pb_row][et_pb_row _builder_version=&#8220;4.16&#8243; border_width_bottom=&#8220;1px&#8220; border_color_bottom=&#8220;rgba(105,102,102,0.36)&#8220; global_colors_info=&#8220;{}&#8220; column_structure=&#8220;1_3,2_3&#8243;][et_pb_column type=&#8220;1_3&#8243; _builder_version=&#8220;4.16&#8243; custom_padding=&#8220;|||&#8220; global_colors_info=&#8220;{}&#8220; custom_padding__hover=&#8220;|||&#8220;][et_pb_text _builder_version=&#8220;4.16&#8243; text_font=&#8220;Roboto|700|||||||&#8220; text_text_color=&#8220;#696666&#8243; text_font_size=&#8220;40px&#8220; global_colors_info=&#8220;{}&#8220;]Produkte<br \/>\n[\/et_pb_text][\/et_pb_column][et_pb_column type=&#8220;2_3&#8243; _builder_version=&#8220;4.16&#8243; custom_padding=&#8220;|||&#8220; global_colors_info=&#8220;{}&#8220; custom_padding__hover=&#8220;|||&#8220;][et_pb_text _builder_version=&#8220;4.16&#8243; global_colors_info=&#8220;{}&#8220;]<\/p>\n<p><a href=\"https:\/\/www.sofistik.de\/produkte\/statik-fem\/sofistik-fem-pakete\" target=\"_blank\" rel=\"noopener noreferrer\"><strong>SOFiSTiK FEM-Pakete<\/strong> <\/a><br \/> Die SOFiSTiK FEM-Pakete erm\u00f6glichen Ihnen den ma\u00dfgeschneiderten Einsatz der bew\u00e4hrten SOFiSTiK FE-Technologie. Je nach Einsatzgebiet von der 2D Plattenbemessung bis zum 3D Ingenieurbau und Br\u00fcckenbau.<\/p>\n<p><a href=\"https:\/\/www.sofistik.de\/produkte\/bim-cad\/analysis-design-fuer-revit\" target=\"_blank\" rel=\"noopener noreferrer\"><strong>SOFiSTiK Analysis + Design<\/strong> <\/a><br \/> SOFiSTiK Analysis + Design erm\u00f6glicht eine Berechnung und Bemessung von Bauwerken des Hochbaus direkt in Autodesk\u00ae Revit\u00ae.<\/p>\n<p><a href=\"https:\/\/www.sofistik.de\/produkte\/bim-cad\/bridge-infrastructure-modeler\" target=\"_blank\" rel=\"noopener noreferrer\"><strong>SOFiSTiK Bridge + Infrastructure Modeler<\/strong><\/a><br \/> Der SOFiSTiK Bridge Modeler ist eine leistungsstarke Erweiterung f\u00fcr Autodesk\u00ae Revit\u00ae 2020 um achsbasierte, parametrische Br\u00fcckenbauwerke in 3D zu modellieren.<\/p>\n<p><a href=\"https:\/\/www.sofistik.com\/de\/produkte\/bim-cad\/reinforcement\" target=\"_blank\" rel=\"noopener noreferrer\"><strong>SOFiSTiK Reinforcement\u00a0<br \/><\/strong><\/a>SOFiSTiK Reinforcement ist ein Paket f\u00fcr die Modellierung von 3D-Bewehrung und f\u00fcr die Planableitung auf der Basis von Autodesk\u00ae Revit\u00ae. Die darin enthaltenen Funktionen decken alle Anforderungen f\u00fcr eine effektive Bewehrungsplanung im BIM-Prozess umfassend ab.<\/p>\n<p><a href=\"https:\/\/www.sofistik.com\/de\/produkte\/bim-cad\/analytical-\" target=\"_blank\" rel=\"noopener noreferrer\"><strong>SOFiSTiK Analytical Model Generator\u00a0<br \/><\/strong><\/a>Analytical Model Generator ist ein leistungsstarkes Werkzeug zur Erstellung von Berechnungsmodellen in Autodesk\u00ae Revit\u00ae.<\/p>\n<p><a href=\"https:\/\/www.sofistik.de\/produkte\/bim-cad\/bimtools\" target=\"_blank\" rel=\"noopener noreferrer\"><strong>SOFiSTiK BiMTOOLS<\/strong> <\/a><br \/> Die\u00a0SOFiSTiK BiMTOOLS\u00a0sind eine Reihe von kostenlosen Werkzeugen f\u00fcr Autodesk\u00ae Revit\u00ae mit deren Hilfe sich die Effizienz bei der Planausarbeitung um bis zu 50% steigern l\u00e4sst.<\/p>\n<p><a href=\"https:\/\/www.sofistik.de\/produkte\/bim-cad\/soficad\" target=\"_blank\" rel=\"noopener noreferrer\"><strong>SOFiCAD<\/strong><\/a><br \/> Das 2D-Programm f\u00fcr Konstruktion &#038; Bewehrung<\/p>\n<p><a href=\"https:\/\/www.sofistik.de\/dienstleistungen\/schulungen-projektsupport\" target=\"_blank\" rel=\"noopener noreferrer\"><strong>SOFiSTiK Training &#038; Projektsupport<br \/><\/strong><\/a>Bei der Projektabwicklung unterst\u00fctzt das Expertenteam der SOFiSTiK mit seiner Kompetenz und Erfahrung.<\/p>\n<p><a href=\"https:\/\/www.sofistik.de\/trial\" target=\"_blank\" rel=\"noopener noreferrer\"><strong>SOFiSTiK Trialversion<\/strong><\/a><br \/> Alle aktuellen Programme und L\u00f6sungen von SOFiSTiK im Bereich des konstruktiven Ingenieurbau und von Building Information Modelling (BIM)<br \/> stehen Ihnen kostenlos und unverbindlich 30 Tage zur Verf\u00fcgung.<\/p>\n<p>[\/et_pb_text][\/et_pb_column][\/et_pb_row][et_pb_row _builder_version=&#8220;4.16&#8243; custom_padding=&#8220;50px|0px|27px|0px&#8220; global_colors_info=&#8220;{}&#8220; column_structure=&#8220;1_3,1_3,1_3&#8243;][et_pb_column type=&#8220;1_3&#8243; _builder_version=&#8220;4.16&#8243; custom_padding=&#8220;|||&#8220; global_colors_info=&#8220;{}&#8220; custom_padding__hover=&#8220;|||&#8220;][et_pb_text _builder_version=&#8220;4.16&#8243; text_font=&#8220;Roboto|700|||||||&#8220; text_text_color=&#8220;#696666&#8243; text_font_size=&#8220;40px&#8220; global_colors_info=&#8220;{}&#8220;]Kontakt<br \/>\n[\/et_pb_text][\/et_pb_column][et_pb_column type=&#8220;1_3&#8243; _builder_version=&#8220;4.16&#8243; custom_padding=&#8220;|||&#8220; global_colors_info=&#8220;{}&#8220; custom_padding__hover=&#8220;|||&#8220;][et_pb_text _builder_version=&#8220;4.16&#8243; custom_margin=&#8220;|||&#8220; custom_padding=&#8220;|||&#8220; global_colors_info=&#8220;{}&#8220;]<\/p>\n<p><strong>SOFiSTiK AG<\/strong><\/p>\n<div>\n<div>Flataustra\u00dfe 14<br \/> 90411 N\u00fcrnberg<\/div>\n<div><\/div>\n<\/div>\n<p>E-Mail: <a class=\"tel\" href=\"mailto:info@sofistik.de\"><span class=\"site-mail-icon\">info@sofistik.de<\/span><\/a><br \/> Internet: <a href=\"http:\/\/www.sofistik.com\/de\" target=\"_blank\" rel=\"noopener noreferrer\">www.sofistik.com\/de<\/a><\/p>\n<p>[\/et_pb_text][\/et_pb_column][et_pb_column type=&#8220;1_3&#8243; _builder_version=&#8220;4.16&#8243; custom_padding=&#8220;|||&#8220; global_colors_info=&#8220;{}&#8220; custom_padding__hover=&#8220;|||&#8220;][et_pb_image src=&#8220;https:\/\/www.bvbs.de\/wp-content\/uploads\/2018\/04\/sofistik.png&#8220; align_tablet=&#8220;center&#8220; align_last_edited=&#8220;on|desktop&#8220; _builder_version=&#8220;4.16&#8243; max_width=&#8220;76%&#8220; global_colors_info=&#8220;{}&#8220; align_phone=&#8220;center&#8220;]\u00a0<br \/>\n[\/et_pb_image][\/et_pb_column][\/et_pb_row][\/et_pb_section]<\/p>\n","protected":false},"excerpt":{"rendered":"<p>BVBS Mitgliedsunternehmen Allgemeines SOFiSTiK ist Europas f\u00fchrender Hersteller von Software f\u00fcr Berechnung, Bemessung und Konstruktion bei Bauprojekten. Die L\u00f6sungen des Unternehmens kommen weltweit bei \u00fcber 2.000\u00a0 Kunden zum Einsatz, die damit gro\u00dfe und komplexe Infrastrukturprojekte, Hochbau- und Sonderprojekte\u00a0 realisieren. Dazu geh\u00f6ren unter anderem die Bosporus-Br\u00fccke in Istanbul und der Neubau der Leverkusener Rheinbr\u00fccke. Als Pionier [&hellip;]<\/p>\n","protected":false},"author":760,"featured_media":0,"parent":0,"menu_order":0,"comment_status":"closed","ping_status":"closed","template":"","meta":{"_et_pb_use_builder":"on","_et_pb_old_content":"","_et_gb_content_width":"","wp_typography_post_enhancements_disabled":false,"footnotes":""},"class_list":["post-5081","page","type-page","status-publish","hentry"],"yoast_head":"<!-- This site is optimized with the Yoast SEO plugin v26.1.1 - https:\/\/yoast.com\/wordpress\/plugins\/seo\/ -->\r\n<title>SOFiSTiK AG - BVBS Bundesverband Software und Digitalisierung im Bauwesen e.V.<\/title>\r\n<meta name=\"robots\" content=\"index, follow, max-snippet:-1, max-image-preview:large, max-video-preview:-1\" \/>\r\n<link rel=\"canonical\" href=\"https:\/\/www.bvbs.de\/en\/sofistik-ag\/\" \/>\r\n<meta property=\"og:locale\" content=\"en_GB\" \/>\r\n<meta property=\"og:type\" content=\"article\" \/>\r\n<meta property=\"og:title\" content=\"SOFiSTiK AG - BVBS Bundesverband Software und Digitalisierung im Bauwesen e.V.\" \/>\r\n<meta property=\"og:description\" content=\"BVBS Mitgliedsunternehmen Allgemeines SOFiSTiK ist Europas f\u00fchrender Hersteller von Software f\u00fcr Berechnung, Bemessung und Konstruktion bei Bauprojekten. Die L\u00f6sungen des Unternehmens kommen weltweit bei \u00fcber 2.000\u00a0 Kunden zum Einsatz, die damit gro\u00dfe und komplexe Infrastrukturprojekte, Hochbau- und Sonderprojekte\u00a0 realisieren. Dazu geh\u00f6ren unter anderem die Bosporus-Br\u00fccke in Istanbul und der Neubau der Leverkusener Rheinbr\u00fccke. Als Pionier [&hellip;]\" \/>\r\n<meta property=\"og:url\" content=\"https:\/\/www.bvbs.de\/en\/sofistik-ag\/\" \/>\r\n<meta property=\"og:site_name\" content=\"BVBS Bundesverband Software und Digitalisierung im Bauwesen e.V.\" \/>\r\n<meta property=\"article:modified_time\" content=\"2025-07-10T18:50:49+00:00\" \/>\r\n<meta name=\"twitter:card\" content=\"summary_large_image\" \/>\r\n<meta name=\"twitter:label1\" content=\"Estimated reading time\" \/>\n\t<meta name=\"twitter:data1\" content=\"5 minutes\" \/>\r\n<script type=\"application\/ld+json\" class=\"yoast-schema-graph\">{\"@context\":\"https:\/\/schema.org\",\"@graph\":[{\"@type\":\"WebPage\",\"@id\":\"https:\/\/www.bvbs.de\/sofistik-ag\/\",\"url\":\"https:\/\/www.bvbs.de\/sofistik-ag\/\",\"name\":\"SOFiSTiK AG - BVBS Bundesverband Software und Digitalisierung im Bauwesen e.V.\",\"isPartOf\":{\"@id\":\"https:\/\/www.bvbs.de\/#website\"},\"datePublished\":\"2021-02-15T09:54:37+00:00\",\"dateModified\":\"2025-07-10T18:50:49+00:00\",\"breadcrumb\":{\"@id\":\"https:\/\/www.bvbs.de\/sofistik-ag\/#breadcrumb\"},\"inLanguage\":\"en-GB\",\"potentialAction\":[{\"@type\":\"ReadAction\",\"target\":[\"https:\/\/www.bvbs.de\/sofistik-ag\/\"]}]},{\"@type\":\"BreadcrumbList\",\"@id\":\"https:\/\/www.bvbs.de\/sofistik-ag\/#breadcrumb\",\"itemListElement\":[{\"@type\":\"ListItem\",\"position\":1,\"name\":\"Startseite\",\"item\":\"https:\/\/www.bvbs.de\/\"},{\"@type\":\"ListItem\",\"position\":2,\"name\":\"SOFiSTiK AG\"}]},{\"@type\":\"WebSite\",\"@id\":\"https:\/\/www.bvbs.de\/#website\",\"url\":\"https:\/\/www.bvbs.de\/\",\"name\":\"BVBS Bundesverband Software und Digitalisierung im Bauwesen e.V.\",\"description\":\"\",\"publisher\":{\"@id\":\"https:\/\/www.bvbs.de\/#organization\"},\"potentialAction\":[{\"@type\":\"SearchAction\",\"target\":{\"@type\":\"EntryPoint\",\"urlTemplate\":\"https:\/\/www.bvbs.de\/?s={search_term_string}\"},\"query-input\":{\"@type\":\"PropertyValueSpecification\",\"valueRequired\":true,\"valueName\":\"search_term_string\"}}],\"inLanguage\":\"en-GB\"},{\"@type\":\"Organization\",\"@id\":\"https:\/\/www.bvbs.de\/#organization\",\"name\":\"BVBS Bundesverband Software und Digitalisierung im Bauwesen\",\"url\":\"https:\/\/www.bvbs.de\/\",\"logo\":{\"@type\":\"ImageObject\",\"inLanguage\":\"en-GB\",\"@id\":\"https:\/\/www.bvbs.de\/#\/schema\/logo\/image\/\",\"url\":\"https:\/\/www.bvbs.de\/wp-content\/uploads\/2024\/01\/cropped-favicon-bvbs.png\",\"contentUrl\":\"https:\/\/www.bvbs.de\/wp-content\/uploads\/2024\/01\/cropped-favicon-bvbs.png\",\"width\":512,\"height\":512,\"caption\":\"BVBS Bundesverband Software und Digitalisierung im Bauwesen\"},\"image\":{\"@id\":\"https:\/\/www.bvbs.de\/#\/schema\/logo\/image\/\"}}]}<\/script>\r\n<!-- \/ Yoast SEO plugin. -->","yoast_head_json":{"title":"SOFi\u00adS\u00adTiK AG \u2014 BVBS Bun\u00addes\u00adver\u00adband Soft\u00adware und Digi\u00adta\u00adli\u00adsie\u00adrung im Bau\u00adwe\u00adsen e.V.","robots":{"index":"index","follow":"follow","max-snippet":"max-snippet:-1","max-image-preview":"max-image-preview:large","max-video-preview":"max-video-preview:-1"},"canonical":"https:\/\/www.bvbs.de\/en\/sofistik-ag\/","og_locale":"en_GB","og_type":"article","og_title":"SOFiSTiK AG - BVBS Bundesverband Software und Digitalisierung im Bauwesen e.V.","og_description":"BVBS Mitgliedsunternehmen Allgemeines SOFiSTiK ist Europas f\u00fchrender Hersteller von Software f\u00fcr Berechnung, Bemessung und Konstruktion bei Bauprojekten. Die L\u00f6sungen des Unternehmens kommen weltweit bei \u00fcber 2.000\u00a0 Kunden zum Einsatz, die damit gro\u00dfe und komplexe Infrastrukturprojekte, Hochbau- und Sonderprojekte\u00a0 realisieren. Dazu geh\u00f6ren unter anderem die Bosporus-Br\u00fccke in Istanbul und der Neubau der Leverkusener Rheinbr\u00fccke. Als Pionier [&hellip;]","og_url":"https:\/\/www.bvbs.de\/en\/sofistik-ag\/","og_site_name":"BVBS Bundesverband Software und Digitalisierung im Bauwesen e.V.","article_modified_time":"2025-07-10T18:50:49+00:00","twitter_card":"summary_large_image","twitter_misc":{"Estimated reading time":"5 minutes"},"schema":{"@context":"https:\/\/schema.org","@graph":[{"@type":"WebPage","@id":"https:\/\/www.bvbs.de\/sofistik-ag\/","url":"https:\/\/www.bvbs.de\/sofistik-ag\/","name":"SOFi\u00adS\u00adTiK AG \u2014 BVBS Bun\u00addes\u00adver\u00adband Soft\u00adware und Digi\u00adta\u00adli\u00adsie\u00adrung im Bau\u00adwe\u00adsen e.V.","isPartOf":{"@id":"https:\/\/www.bvbs.de\/#website"},"datePublished":"2021-02-15T09:54:37+00:00","dateModified":"2025-07-10T18:50:49+00:00","breadcrumb":{"@id":"https:\/\/www.bvbs.de\/sofistik-ag\/#breadcrumb"},"inLanguage":"en-GB","potentialAction":[{"@type":"ReadAction","target":["https:\/\/www.bvbs.de\/sofistik-ag\/"]}]},{"@type":"BreadcrumbList","@id":"https:\/\/www.bvbs.de\/sofistik-ag\/#breadcrumb","itemListElement":[{"@type":"ListItem","position":1,"name":"Startseite","item":"https:\/\/www.bvbs.de\/"},{"@type":"ListItem","position":2,"name":"SOFiSTiK AG"}]},{"@type":"WebSite","@id":"https:\/\/www.bvbs.de\/#website","url":"https:\/\/www.bvbs.de\/","name":"BVBS Bun\u00addes\u00adver\u00adband Soft\u00adware und Digi\u00adta\u00adli\u00adsie\u00adrung im Bau\u00adwe\u00adsen e.V.","description":"","publisher":{"@id":"https:\/\/www.bvbs.de\/#organization"},"potentialAction":[{"@type":"SearchAction","target":{"@type":"EntryPoint","urlTemplate":"https:\/\/www.bvbs.de\/?s={search_term_string}"},"query-input":{"@type":"PropertyValueSpecification","valueRequired":true,"valueName":"search_term_string"}}],"inLanguage":"en-GB"},{"@type":"Organization","@id":"https:\/\/www.bvbs.de\/#organization","name":"BVBS Bun\u00addes\u00adver\u00adband Soft\u00adware und Digi\u00adta\u00adli\u00adsie\u00adrung im Bauwesen","url":"https:\/\/www.bvbs.de\/","logo":{"@type":"ImageObject","inLanguage":"en-GB","@id":"https:\/\/www.bvbs.de\/#\/schema\/logo\/image\/","url":"https:\/\/www.bvbs.de\/wp-content\/uploads\/2024\/01\/cropped-favicon-bvbs.png","contentUrl":"https:\/\/www.bvbs.de\/wp-content\/uploads\/2024\/01\/cropped-favicon-bvbs.png","width":512,"height":512,"caption":"BVBS Bundesverband Software und Digitalisierung im Bauwesen"},"image":{"@id":"https:\/\/www.bvbs.de\/#\/schema\/logo\/image\/"}}]}},"_links":{"self":[{"href":"https:\/\/www.bvbs.de\/en\/wp-json\/wp\/v2\/pages\/5081","targetHints":{"allow":["GET"]}}],"collection":[{"href":"https:\/\/www.bvbs.de\/en\/wp-json\/wp\/v2\/pages"}],"about":[{"href":"https:\/\/www.bvbs.de\/en\/wp-json\/wp\/v2\/types\/page"}],"author":[{"embeddable":true,"href":"https:\/\/www.bvbs.de\/en\/wp-json\/wp\/v2\/users\/760"}],"replies":[{"embeddable":true,"href":"https:\/\/www.bvbs.de\/en\/wp-json\/wp\/v2\/comments?post=5081"}],"version-history":[{"count":0,"href":"https:\/\/www.bvbs.de\/en\/wp-json\/wp\/v2\/pages\/5081\/revisions"}],"wp:attachment":[{"href":"https:\/\/www.bvbs.de\/en\/wp-json\/wp\/v2\/media?parent=5081"}],"curies":[{"name":"wp","href":"https:\/\/api.w.org\/{rel}","templated":true}]}}