{"id":5100,"date":"2021-02-15T11:38:42","date_gmt":"2021-02-15T10:38:42","guid":{"rendered":"https:\/\/www.bvbs.de\/tabya-copy\/"},"modified":"2025-07-10T20:54:46","modified_gmt":"2025-07-10T18:54:46","slug":"thinkproject-deutschland","status":"publish","type":"page","link":"https:\/\/www.bvbs.de\/en\/thinkproject-deutschland\/","title":{"rendered":"Think\u00adpro\u00adject Hol\u00adding&nbsp;GmbH"},"content":{"rendered":"<p>[et_pb_section fb_built=&#8220;1&#8243; fullwidth=&#8220;on&#8220; _builder_version=&#8220;4.16&#8243; global_colors_info=&#8220;{}&#8220;][et_pb_fullwidth_slider _builder_version=&#8220;4.27.3&#8243; body_font=&#8220;Roboto||||||||&#8220; background_image=&#8220;https:\/\/www.bvbs.de\/wp-content\/uploads\/2021\/02\/mitglieder-bg.jpg&#8220; global_colors_info=&#8220;{}&#8220; button_text_size__hover_enabled=&#8220;off&#8220; button_one_text_size__hover_enabled=&#8220;off&#8220; button_two_text_size__hover_enabled=&#8220;off&#8220; button_text_color__hover_enabled=&#8220;off&#8220; button_one_text_color__hover_enabled=&#8220;off&#8220; button_two_text_color__hover_enabled=&#8220;off&#8220; button_border_width__hover_enabled=&#8220;off&#8220; button_one_border_width__hover_enabled=&#8220;off&#8220; button_two_border_width__hover_enabled=&#8220;off&#8220; button_border_color__hover_enabled=&#8220;off&#8220; button_one_border_color__hover_enabled=&#8220;off&#8220; button_two_border_color__hover_enabled=&#8220;off&#8220; button_border_radius__hover_enabled=&#8220;off&#8220; button_one_border_radius__hover_enabled=&#8220;off&#8220; button_two_border_radius__hover_enabled=&#8220;off&#8220; button_letter_spacing__hover_enabled=&#8220;off&#8220; button_one_letter_spacing__hover_enabled=&#8220;off&#8220; button_two_letter_spacing__hover_enabled=&#8220;off&#8220; button_bg_color__hover_enabled=&#8220;off&#8220; button_one_bg_color__hover_enabled=&#8220;off&#8220; button_two_bg_color__hover_enabled=&#8220;off&#8220;][et_pb_slide heading=&#8220;Thinkproject Holding GmbH&#8220; use_bg_overlay=&#8220;off&#8220; use_text_overlay=&#8220;off&#8220; _builder_version=&#8220;4.27.3&#8243; header_level=&#8220;h1&#8243; header_font=&#8220;Roboto|700|||||||&#8220; header_font_size=&#8220;55px&#8220; background_color=&#8220;#ffffff&#8220; button_on_hover=&#8220;on&#8220; header_font_size_tablet=&#8220;55px&#8220; header_font_size_phone=&#8220;55px&#8220; global_colors_info=&#8220;{}&#8220; button_text_size__hover_enabled=&#8220;off&#8220; button_one_text_size__hover_enabled=&#8220;off&#8220; button_two_text_size__hover_enabled=&#8220;off&#8220; button_text_color__hover_enabled=&#8220;off&#8220; button_one_text_color__hover_enabled=&#8220;off&#8220; button_two_text_color__hover_enabled=&#8220;off&#8220; button_border_width__hover_enabled=&#8220;off&#8220; button_one_border_width__hover_enabled=&#8220;off&#8220; button_two_border_width__hover_enabled=&#8220;off&#8220; button_border_color__hover_enabled=&#8220;off&#8220; button_one_border_color__hover_enabled=&#8220;off&#8220; button_two_border_color__hover_enabled=&#8220;off&#8220; button_border_radius__hover_enabled=&#8220;off&#8220; button_one_border_radius__hover_enabled=&#8220;off&#8220; button_two_border_radius__hover_enabled=&#8220;off&#8220; button_letter_spacing__hover_enabled=&#8220;off&#8220; button_one_letter_spacing__hover_enabled=&#8220;off&#8220; button_two_letter_spacing__hover_enabled=&#8220;off&#8220; button_bg_color__hover_enabled=&#8220;off&#8220; button_one_bg_color__hover_enabled=&#8220;off&#8220; button_two_bg_color__hover_enabled=&#8220;off&#8220; sticky_transition=&#8220;on&#8220;]<\/p>\n<p>BVBS Mitgliedsunternehmen<\/p>\n<p>[\/et_pb_slide][\/et_pb_fullwidth_slider][\/et_pb_section][et_pb_section fb_built=&#8220;1&#8243; _builder_version=&#8220;4.16&#8243; global_colors_info=&#8220;{}&#8220;][et_pb_row column_structure=&#8220;1_3,2_3&#8243; _builder_version=&#8220;4.16&#8243; border_width_bottom=&#8220;1px&#8220; border_color_bottom=&#8220;rgba(105,102,102,0.36)&#8220; global_colors_info=&#8220;{}&#8220;][et_pb_column type=&#8220;1_3&#8243; _builder_version=&#8220;4.16&#8243; custom_padding=&#8220;|||&#8220; global_colors_info=&#8220;{}&#8220; custom_padding__hover=&#8220;|||&#8220;][et_pb_text _builder_version=&#8220;4.16&#8243; text_font=&#8220;Roboto|700|||||||&#8220; text_text_color=&#8220;#696666&#8243; text_font_size=&#8220;40px&#8220; global_colors_info=&#8220;{}&#8220;]Allgemeines<br \/>\n[\/et_pb_text][\/et_pb_column][et_pb_column type=&#8220;2_3&#8243; _builder_version=&#8220;4.16&#8243; custom_padding=&#8220;|||&#8220; global_colors_info=&#8220;{}&#8220; custom_padding__hover=&#8220;|||&#8220;][et_pb_text _builder_version=&#8220;4.16&#8243; global_colors_info=&#8220;{}&#8220;]<\/p>\n<p>Thinkproject ist einer von Europas f\u00fchrenden Softwareanbietern f\u00fcr die AECO-Industrie (Architecture, Engineering, Construction &amp; Operations) f\u00fcr Hochbau, Infrastruktur und im Energiesegment.<\/p>\n<p>Mit seinem Connected Data Ecosystem bietet Thinkproject seinen Kunden eine Built Asset Lifecycle Platform, um Bauwerke \u00fcber den gesamten Lebenszyklus effizient zu steuern \u2013 von der Planung \u00fcber den Betrieb bis zur Erneuerung oder R\u00fcckbau.<\/p>\n<p>Die Plattform kombiniert ein breites Portfolio fortschrittlicher L\u00f6sungen, Integrationen und Synergien um der fragmentierten Softwarelandschaft in der Bauindustrie entgegenzuwirken. Sie richtet sich an Generalunternehmer, Bauunternehmen, Betreiber und Dienstleister und f\u00f6rdert branchen\u00fcbergreifende Zusammenarbeit.<\/p>\n<p>Nutzer k\u00f6nnen flexibel passende L\u00f6sungen ausw\u00e4hlen und gleichzeitig Plattform-Synergien nutzen, um Spitzenleistungen zu erzielen.<\/p>\n<p>Seit 2000 hat Thinkproject mehr als 75.000 Projekte in \u00fcber 60 L\u00e4ndern begleitet. Der Hauptsitz ist in M\u00fcnchen.<\/p>\n<p>[\/et_pb_text][\/et_pb_column][\/et_pb_row][et_pb_row column_structure=&#8220;1_3,2_3&#8243; _builder_version=&#8220;4.16&#8243; border_width_bottom=&#8220;1px&#8220; border_color_bottom=&#8220;rgba(105,102,102,0.36)&#8220; global_colors_info=&#8220;{}&#8220;][et_pb_column type=&#8220;1_3&#8243; _builder_version=&#8220;4.16&#8243; custom_padding=&#8220;|||&#8220; global_colors_info=&#8220;{}&#8220; custom_padding__hover=&#8220;|||&#8220;][et_pb_text _builder_version=&#8220;4.16&#8243; text_font=&#8220;Roboto|700|||||||&#8220; text_text_color=&#8220;#696666&#8243; text_font_size=&#8220;40px&#8220; global_colors_info=&#8220;{}&#8220;]Produkte<br \/>\n[\/et_pb_text][\/et_pb_column][et_pb_column type=&#8220;2_3&#8243; _builder_version=&#8220;4.16&#8243; custom_padding=&#8220;|||&#8220; global_colors_info=&#8220;{}&#8220; custom_padding__hover=&#8220;|||&#8220;][et_pb_text _builder_version=&#8220;4.16&#8243; global_colors_info=&#8220;{}&#8220;]<\/p>\n<p>Thinkproject bietet eine lebenszyklus-umfassende Plattform f\u00fcr die AECO-Industrie mit renommierten L\u00f6sungen in den Bereichen\u202fDocument and Communication Management,\u202fVirtual Design and Construction Management,\u202fQuality, Safety, Health and Environment Management,\u202fAnalytics,\u202fCommercial and Contract Management, Handover und Asset Management.<\/p>\n<p>Die Plattform erm\u00f6glicht die Digitalisierung des gesamten Built Asset Lifecycle und vereint Daten, Prozesse und Stakeholder, um Effizienz, Kontrolle und Zusammenarbeit zu steigern. Sie bietet ma\u00dfgeschneiderte L\u00f6sungen f\u00fcr die Planung, den Bau, den Betrieb, die Erneuerung und den R\u00fcckbau von Bauwerken und ist flexibel auf die Bed\u00fcrfnisse von Bauunternehmen, Betreibern und Asset Ownern in den<span> Segmenten Hochbau, Infrastruktur und Energie abgestimmt.\u00a0<\/span><\/p>\n<p>[\/et_pb_text][\/et_pb_column][\/et_pb_row][et_pb_row column_structure=&#8220;1_3,1_3,1_3&#8243; _builder_version=&#8220;4.16&#8243; custom_padding=&#8220;50px|0px|27px|0px&#8220; global_colors_info=&#8220;{}&#8220;][et_pb_column type=&#8220;1_3&#8243; _builder_version=&#8220;4.16&#8243; custom_padding=&#8220;|||&#8220; global_colors_info=&#8220;{}&#8220; custom_padding__hover=&#8220;|||&#8220;][et_pb_text _builder_version=&#8220;4.16&#8243; text_font=&#8220;Roboto|700|||||||&#8220; text_text_color=&#8220;#696666&#8243; text_font_size=&#8220;40px&#8220; global_colors_info=&#8220;{}&#8220;]Kontakt<br \/>\n[\/et_pb_text][\/et_pb_column][et_pb_column type=&#8220;1_3&#8243; _builder_version=&#8220;4.16&#8243; custom_padding=&#8220;|||&#8220; global_colors_info=&#8220;{}&#8220; custom_padding__hover=&#8220;|||&#8220;][et_pb_text _builder_version=&#8220;4.27.3&#8243; custom_margin=&#8220;||||false|false&#8220; custom_padding=&#8220;1px|||||&#8220; global_colors_info=&#8220;{}&#8220;]<\/p>\n<p><strong>Thinkproject Holding GmbH<\/strong><\/p>\n<p>M\u00fchldorfstra\u00dfe 8<br \/>81671 M\u00fcnchen<\/p>\n<p>Tel.: +49 89 930 839 300<br \/>E-Mail: <a href=\"mailto:info@thinkproject.com\">info@thinkproject.com<\/a><br \/>Internet: <a href=\"http:\/\/www.thinkproject.com\/\" target=\"_blank\" rel=\"noopener\">www.thinkproject.com\/<\/a><\/p>\n<p>[\/et_pb_text][\/et_pb_column][et_pb_column type=&#8220;1_3&#8243; _builder_version=&#8220;4.16&#8243; custom_padding=&#8220;|||&#8220; global_colors_info=&#8220;{}&#8220; custom_padding__hover=&#8220;|||&#8220;][et_pb_image src=&#8220;https:\/\/www.bvbs.de\/wp-content\/uploads\/2024\/08\/Thinkproject_RGB_202408-scaled.jpg&#8220; align_tablet=&#8220;center&#8220; align_phone=&#8220;center&#8220; align_last_edited=&#8220;on|desktop&#8220; _builder_version=&#8220;4.16&#8243; max_width=&#8220;76%&#8220; global_colors_info=&#8220;{}&#8220;]\u00a0<br \/>\n[\/et_pb_image][\/et_pb_column][\/et_pb_row][\/et_pb_section]<\/p>\n","protected":false},"excerpt":{"rendered":"<p>BVBS MitgliedsunternehmenAllgemeines Thinkproject ist einer von Europas f\u00fchrenden Softwareanbietern f\u00fcr die AECO-Industrie (Architecture, Engineering, Construction &amp; Operations) f\u00fcr Hochbau, Infrastruktur und im Energiesegment. Mit seinem Connected Data Ecosystem bietet Thinkproject seinen Kunden eine Built Asset Lifecycle Platform, um Bauwerke \u00fcber den gesamten Lebenszyklus effizient zu steuern \u2013 von der Planung \u00fcber den Betrieb bis zur [&hellip;]<\/p>\n","protected":false},"author":760,"featured_media":0,"parent":0,"menu_order":0,"comment_status":"closed","ping_status":"closed","template":"","meta":{"_et_pb_use_builder":"on","_et_pb_old_content":"","_et_gb_content_width":"","wp_typography_post_enhancements_disabled":false,"footnotes":""},"class_list":["post-5100","page","type-page","status-publish","hentry"],"yoast_head":"<!-- This site is optimized with the Yoast SEO plugin v26.1.1 - https:\/\/yoast.com\/wordpress\/plugins\/seo\/ -->\r\n<title>Thinkproject Holding GmbH - BVBS Bundesverband Software und Digitalisierung im Bauwesen e.V.<\/title>\r\n<meta name=\"description\" content=\"Thinkproject bietet eine einheitliche Plattform, die Zusammenarbeit, Kontrolle und Effizienz w\u00e4hrend des gesamten Built Asset Lifecycle verbessert.\" \/>\r\n<meta name=\"robots\" content=\"index, follow, max-snippet:-1, max-image-preview:large, max-video-preview:-1\" \/>\r\n<link rel=\"canonical\" href=\"https:\/\/www.bvbs.de\/en\/thinkproject-deutschland\/\" \/>\r\n<meta property=\"og:locale\" content=\"en_GB\" \/>\r\n<meta property=\"og:type\" content=\"article\" \/>\r\n<meta property=\"og:title\" content=\"Thinkproject Holding GmbH - BVBS Bundesverband Software und Digitalisierung im Bauwesen e.V.\" \/>\r\n<meta property=\"og:description\" content=\"Thinkproject bietet eine einheitliche Plattform, die Zusammenarbeit, Kontrolle und Effizienz w\u00e4hrend des gesamten Built Asset Lifecycle verbessert.\" \/>\r\n<meta property=\"og:url\" content=\"https:\/\/www.bvbs.de\/en\/thinkproject-deutschland\/\" \/>\r\n<meta property=\"og:site_name\" content=\"BVBS Bundesverband Software und Digitalisierung im Bauwesen e.V.\" \/>\r\n<meta property=\"article:modified_time\" content=\"2025-07-10T18:54:46+00:00\" \/>\r\n<meta name=\"twitter:card\" content=\"summary_large_image\" \/>\r\n<meta name=\"twitter:label1\" content=\"Estimated reading time\" \/>\n\t<meta name=\"twitter:data1\" content=\"2 minutes\" \/>\r\n<script type=\"application\/ld+json\" class=\"yoast-schema-graph\">{\"@context\":\"https:\/\/schema.org\",\"@graph\":[{\"@type\":\"WebPage\",\"@id\":\"https:\/\/www.bvbs.de\/thinkproject-deutschland\/\",\"url\":\"https:\/\/www.bvbs.de\/thinkproject-deutschland\/\",\"name\":\"Thinkproject Holding GmbH - BVBS Bundesverband Software und Digitalisierung im Bauwesen e.V.\",\"isPartOf\":{\"@id\":\"https:\/\/www.bvbs.de\/#website\"},\"datePublished\":\"2021-02-15T10:38:42+00:00\",\"dateModified\":\"2025-07-10T18:54:46+00:00\",\"description\":\"Thinkproject bietet eine einheitliche Plattform, die Zusammenarbeit, Kontrolle und Effizienz w\u00e4hrend des gesamten Built Asset Lifecycle verbessert.\",\"breadcrumb\":{\"@id\":\"https:\/\/www.bvbs.de\/thinkproject-deutschland\/#breadcrumb\"},\"inLanguage\":\"en-GB\",\"potentialAction\":[{\"@type\":\"ReadAction\",\"target\":[\"https:\/\/www.bvbs.de\/thinkproject-deutschland\/\"]}]},{\"@type\":\"BreadcrumbList\",\"@id\":\"https:\/\/www.bvbs.de\/thinkproject-deutschland\/#breadcrumb\",\"itemListElement\":[{\"@type\":\"ListItem\",\"position\":1,\"name\":\"Startseite\",\"item\":\"https:\/\/www.bvbs.de\/\"},{\"@type\":\"ListItem\",\"position\":2,\"name\":\"Thinkproject Holding GmbH\"}]},{\"@type\":\"WebSite\",\"@id\":\"https:\/\/www.bvbs.de\/#website\",\"url\":\"https:\/\/www.bvbs.de\/\",\"name\":\"BVBS Bundesverband Software und Digitalisierung im Bauwesen e.V.\",\"description\":\"\",\"publisher\":{\"@id\":\"https:\/\/www.bvbs.de\/#organization\"},\"potentialAction\":[{\"@type\":\"SearchAction\",\"target\":{\"@type\":\"EntryPoint\",\"urlTemplate\":\"https:\/\/www.bvbs.de\/?s={search_term_string}\"},\"query-input\":{\"@type\":\"PropertyValueSpecification\",\"valueRequired\":true,\"valueName\":\"search_term_string\"}}],\"inLanguage\":\"en-GB\"},{\"@type\":\"Organization\",\"@id\":\"https:\/\/www.bvbs.de\/#organization\",\"name\":\"BVBS Bundesverband Software und Digitalisierung im Bauwesen\",\"url\":\"https:\/\/www.bvbs.de\/\",\"logo\":{\"@type\":\"ImageObject\",\"inLanguage\":\"en-GB\",\"@id\":\"https:\/\/www.bvbs.de\/#\/schema\/logo\/image\/\",\"url\":\"https:\/\/www.bvbs.de\/wp-content\/uploads\/2024\/01\/cropped-favicon-bvbs.png\",\"contentUrl\":\"https:\/\/www.bvbs.de\/wp-content\/uploads\/2024\/01\/cropped-favicon-bvbs.png\",\"width\":512,\"height\":512,\"caption\":\"BVBS Bundesverband Software und Digitalisierung im Bauwesen\"},\"image\":{\"@id\":\"https:\/\/www.bvbs.de\/#\/schema\/logo\/image\/\"}}]}<\/script>\r\n<!-- \/ Yoast SEO plugin. -->","yoast_head_json":{"title":"Think\u00adpro\u00adject Hol\u00adding GmbH \u2014 BVBS Bun\u00addes\u00adver\u00adband Soft\u00adware und Digi\u00adta\u00adli\u00adsie\u00adrung im Bau\u00adwe\u00adsen e.V.","description":"Think\u00adpro\u00adject bie\u00adtet eine ein\u00adheit\u00adli\u00adche Platt\u00adform, die Zusam\u00admen\u00adar\u00adbeit, Kon\u00adtrol\u00adle und Effi\u00adzi\u00adenz w\u00e4h\u00adrend des gesam\u00adten Built Asset Life\u00adcy\u00adcle verbessert.","robots":{"index":"index","follow":"follow","max-snippet":"max-snippet:-1","max-image-preview":"max-image-preview:large","max-video-preview":"max-video-preview:-1"},"canonical":"https:\/\/www.bvbs.de\/en\/thinkproject-deutschland\/","og_locale":"en_GB","og_type":"article","og_title":"Thinkproject Holding GmbH - BVBS Bundesverband Software und Digitalisierung im Bauwesen e.V.","og_description":"Thinkproject bietet eine einheitliche Plattform, die Zusammenarbeit, Kontrolle und Effizienz w\u00e4hrend des gesamten Built Asset Lifecycle verbessert.","og_url":"https:\/\/www.bvbs.de\/en\/thinkproject-deutschland\/","og_site_name":"BVBS Bundesverband Software und Digitalisierung im Bauwesen e.V.","article_modified_time":"2025-07-10T18:54:46+00:00","twitter_card":"summary_large_image","twitter_misc":{"Estimated reading time":"2 minutes"},"schema":{"@context":"https:\/\/schema.org","@graph":[{"@type":"WebPage","@id":"https:\/\/www.bvbs.de\/thinkproject-deutschland\/","url":"https:\/\/www.bvbs.de\/thinkproject-deutschland\/","name":"Think\u00adpro\u00adject Hol\u00adding GmbH \u2014 BVBS Bun\u00addes\u00adver\u00adband Soft\u00adware und Digi\u00adta\u00adli\u00adsie\u00adrung im Bau\u00adwe\u00adsen e.V.","isPartOf":{"@id":"https:\/\/www.bvbs.de\/#website"},"datePublished":"2021-02-15T10:38:42+00:00","dateModified":"2025-07-10T18:54:46+00:00","description":"Think\u00adpro\u00adject bie\u00adtet eine ein\u00adheit\u00adli\u00adche Platt\u00adform, die Zusam\u00admen\u00adar\u00adbeit, Kon\u00adtrol\u00adle und Effi\u00adzi\u00adenz w\u00e4h\u00adrend des gesam\u00adten Built Asset Life\u00adcy\u00adcle verbessert.","breadcrumb":{"@id":"https:\/\/www.bvbs.de\/thinkproject-deutschland\/#breadcrumb"},"inLanguage":"en-GB","potentialAction":[{"@type":"ReadAction","target":["https:\/\/www.bvbs.de\/thinkproject-deutschland\/"]}]},{"@type":"BreadcrumbList","@id":"https:\/\/www.bvbs.de\/thinkproject-deutschland\/#breadcrumb","itemListElement":[{"@type":"ListItem","position":1,"name":"Startseite","item":"https:\/\/www.bvbs.de\/"},{"@type":"ListItem","position":2,"name":"Thinkproject Holding GmbH"}]},{"@type":"WebSite","@id":"https:\/\/www.bvbs.de\/#website","url":"https:\/\/www.bvbs.de\/","name":"BVBS Bun\u00addes\u00adver\u00adband Soft\u00adware und Digi\u00adta\u00adli\u00adsie\u00adrung im Bau\u00adwe\u00adsen e.V.","description":"","publisher":{"@id":"https:\/\/www.bvbs.de\/#organization"},"potentialAction":[{"@type":"SearchAction","target":{"@type":"EntryPoint","urlTemplate":"https:\/\/www.bvbs.de\/?s={search_term_string}"},"query-input":{"@type":"PropertyValueSpecification","valueRequired":true,"valueName":"search_term_string"}}],"inLanguage":"en-GB"},{"@type":"Organization","@id":"https:\/\/www.bvbs.de\/#organization","name":"BVBS Bun\u00addes\u00adver\u00adband Soft\u00adware und Digi\u00adta\u00adli\u00adsie\u00adrung im Bauwesen","url":"https:\/\/www.bvbs.de\/","logo":{"@type":"ImageObject","inLanguage":"en-GB","@id":"https:\/\/www.bvbs.de\/#\/schema\/logo\/image\/","url":"https:\/\/www.bvbs.de\/wp-content\/uploads\/2024\/01\/cropped-favicon-bvbs.png","contentUrl":"https:\/\/www.bvbs.de\/wp-content\/uploads\/2024\/01\/cropped-favicon-bvbs.png","width":512,"height":512,"caption":"BVBS Bundesverband Software und Digitalisierung im Bauwesen"},"image":{"@id":"https:\/\/www.bvbs.de\/#\/schema\/logo\/image\/"}}]}},"_links":{"self":[{"href":"https:\/\/www.bvbs.de\/en\/wp-json\/wp\/v2\/pages\/5100","targetHints":{"allow":["GET"]}}],"collection":[{"href":"https:\/\/www.bvbs.de\/en\/wp-json\/wp\/v2\/pages"}],"about":[{"href":"https:\/\/www.bvbs.de\/en\/wp-json\/wp\/v2\/types\/page"}],"author":[{"embeddable":true,"href":"https:\/\/www.bvbs.de\/en\/wp-json\/wp\/v2\/users\/760"}],"replies":[{"embeddable":true,"href":"https:\/\/www.bvbs.de\/en\/wp-json\/wp\/v2\/comments?post=5100"}],"version-history":[{"count":0,"href":"https:\/\/www.bvbs.de\/en\/wp-json\/wp\/v2\/pages\/5100\/revisions"}],"wp:attachment":[{"href":"https:\/\/www.bvbs.de\/en\/wp-json\/wp\/v2\/media?parent=5100"}],"curies":[{"name":"wp","href":"https:\/\/api.w.org\/{rel}","templated":true}]}}