{"id":5105,"date":"2021-02-15T11:46:38","date_gmt":"2021-02-15T10:46:38","guid":{"rendered":"https:\/\/www.bvbs.de\/thinkproject-deutschland-copy\/"},"modified":"2026-04-09T15:22:32","modified_gmt":"2026-04-09T13:22:32","slug":"untermstrich-oesterreich","status":"publish","type":"page","link":"https:\/\/www.bvbs.de\/en\/untermstrich-oesterreich\/","title":{"rendered":"unterm\u00adStrich Soft\u00adware&nbsp;GmbH"},"content":{"rendered":"<p>[et_pb_section fb_built=&#8220;1&#8243; fullwidth=&#8220;on&#8220; _builder_version=&#8220;4.16&#8243; global_colors_info=&#8220;{}&#8220;][et_pb_fullwidth_slider _builder_version=&#8220;4.27.3&#8243; global_colors_info=&#8220;{}&#8220; button_text_size__hover_enabled=&#8220;off&#8220; button_one_text_size__hover_enabled=&#8220;off&#8220; button_two_text_size__hover_enabled=&#8220;off&#8220; button_text_color__hover_enabled=&#8220;off&#8220; button_one_text_color__hover_enabled=&#8220;off&#8220; button_two_text_color__hover_enabled=&#8220;off&#8220; button_border_width__hover_enabled=&#8220;off&#8220; button_one_border_width__hover_enabled=&#8220;off&#8220; button_two_border_width__hover_enabled=&#8220;off&#8220; button_border_color__hover_enabled=&#8220;off&#8220; button_one_border_color__hover_enabled=&#8220;off&#8220; button_two_border_color__hover_enabled=&#8220;off&#8220; button_border_radius__hover_enabled=&#8220;off&#8220; button_one_border_radius__hover_enabled=&#8220;off&#8220; button_two_border_radius__hover_enabled=&#8220;off&#8220; button_letter_spacing__hover_enabled=&#8220;off&#8220; button_one_letter_spacing__hover_enabled=&#8220;off&#8220; button_two_letter_spacing__hover_enabled=&#8220;off&#8220; button_bg_color__hover_enabled=&#8220;off&#8220; button_one_bg_color__hover_enabled=&#8220;off&#8220; button_two_bg_color__hover_enabled=&#8220;off&#8220;][et_pb_slide heading=&#8220;untermStrich Software GmbH&#8220; use_bg_overlay=&#8220;off&#8220; use_text_overlay=&#8220;off&#8220; _builder_version=&#8220;4.16&#8243; header_font=&#8220;Roboto|700|||||||&#8220; body_font=&#8220;Roboto||||||||&#8220; background_color=&#8220;#ffffff&#8220; background_image=&#8220;https:\/\/www.bvbs.de\/wp-content\/uploads\/2021\/02\/mitglieder-bg.jpg&#8220; button_on_hover=&#8220;on&#8220; global_colors_info=&#8220;{}&#8220; button_text_size__hover_enabled=&#8220;off&#8220; button_one_text_size__hover_enabled=&#8220;off&#8220; button_two_text_size__hover_enabled=&#8220;off&#8220; button_text_color__hover_enabled=&#8220;off&#8220; button_one_text_color__hover_enabled=&#8220;off&#8220; button_two_text_color__hover_enabled=&#8220;off&#8220; button_border_width__hover_enabled=&#8220;off&#8220; button_one_border_width__hover_enabled=&#8220;off&#8220; button_two_border_width__hover_enabled=&#8220;off&#8220; button_border_color__hover_enabled=&#8220;off&#8220; button_one_border_color__hover_enabled=&#8220;off&#8220; button_two_border_color__hover_enabled=&#8220;off&#8220; button_border_radius__hover_enabled=&#8220;off&#8220; button_one_border_radius__hover_enabled=&#8220;off&#8220; button_two_border_radius__hover_enabled=&#8220;off&#8220; button_letter_spacing__hover_enabled=&#8220;off&#8220; button_one_letter_spacing__hover_enabled=&#8220;off&#8220; button_two_letter_spacing__hover_enabled=&#8220;off&#8220; button_bg_color__hover_enabled=&#8220;off&#8220; button_one_bg_color__hover_enabled=&#8220;off&#8220; button_two_bg_color__hover_enabled=&#8220;off&#8220; sticky_transition=&#8220;on&#8220;]BVBS Mitgliedsunternehmen<br \/>\n[\/et_pb_slide][\/et_pb_fullwidth_slider][\/et_pb_section][et_pb_section fb_built=&#8220;1&#8243; _builder_version=&#8220;4.16&#8243; global_colors_info=&#8220;{}&#8220;][et_pb_row column_structure=&#8220;1_3,2_3&#8243; _builder_version=&#8220;4.16&#8243; border_width_bottom=&#8220;1px&#8220; border_color_bottom=&#8220;rgba(105,102,102,0.36)&#8220; global_colors_info=&#8220;{}&#8220;][et_pb_column type=&#8220;1_3&#8243; _builder_version=&#8220;4.16&#8243; custom_padding=&#8220;|||&#8220; global_colors_info=&#8220;{}&#8220; custom_padding__hover=&#8220;|||&#8220;][et_pb_text _builder_version=&#8220;4.16&#8243; text_font=&#8220;Roboto|700|||||||&#8220; text_text_color=&#8220;#696666&#8243; text_font_size=&#8220;40px&#8220; global_colors_info=&#8220;{}&#8220;]Allgemeines<br \/>\n[\/et_pb_text][\/et_pb_column][et_pb_column type=&#8220;2_3&#8243; _builder_version=&#8220;4.16&#8243; custom_padding=&#8220;|||&#8220; global_colors_info=&#8220;{}&#8220; custom_padding__hover=&#8220;|||&#8220;][et_pb_text _builder_version=&#8220;4.27.3&#8243; global_colors_info=&#8220;{}&#8220;]<\/p>\n<p>untermStrich ist eine umfassende digitale Softwarel\u00f6sung f\u00fcr Architekten, Ingenieure und Bauunternehmen. Die Plattform vereint Projektmanagement, Baukalkulation, Angebots- und Rechnungsstellung sowie Finanzcontrolling in einem intuitiven System. Mit untermStrich behalten Anwender alle Prozesse im Blick \u2013 von der ersten Planung \u00fcber pr\u00e4zise Abrechnungen bis hin zu detaillierten Reportings. Die benutzerfreundliche Oberfl\u00e4che und moderne Technologie erm\u00f6glichen eine nahtlose Zusammenarbeit und optimieren Arbeitsabl\u00e4ufe nachhaltig. untermStrich unterst\u00fctzt Nutzer bei der Digitalisierung ihrer Projekte, schafft Transparenz in s\u00e4mtlichen Gesch\u00e4ftsbereichen und f\u00f6rdert effiziente Prozesse. Zahlreiche Unternehmen vertrauen bereits auf untermStrich, um den digitalen Wandel in der Baubranche aktiv mitzugestalten. Alle Funktionen arbeiten DSGVO-konform und gew\u00e4hrleisten h\u00f6chste Datensicherheit.<\/p>\n<p>[\/et_pb_text][\/et_pb_column][\/et_pb_row][et_pb_row column_structure=&#8220;1_3,2_3&#8243; _builder_version=&#8220;4.16&#8243; border_width_bottom=&#8220;1px&#8220; border_color_bottom=&#8220;rgba(105,102,102,0.36)&#8220; global_colors_info=&#8220;{}&#8220;][et_pb_column type=&#8220;1_3&#8243; _builder_version=&#8220;4.16&#8243; custom_padding=&#8220;|||&#8220; global_colors_info=&#8220;{}&#8220; custom_padding__hover=&#8220;|||&#8220;][et_pb_text _builder_version=&#8220;4.16&#8243; text_font=&#8220;Roboto|700|||||||&#8220; text_text_color=&#8220;#696666&#8243; text_font_size=&#8220;40px&#8220; global_colors_info=&#8220;{}&#8220;]Produkte<br \/>\n[\/et_pb_text][\/et_pb_column][et_pb_column type=&#8220;2_3&#8243; _builder_version=&#8220;4.16&#8243; custom_padding=&#8220;|||&#8220; global_colors_info=&#8220;{}&#8220; custom_padding__hover=&#8220;|||&#8220;][et_pb_text _builder_version=&#8220;4.27.3&#8243; hover_enabled=&#8220;0&#8243; global_colors_info=&#8220;{}&#8220; sticky_enabled=&#8220;0&#8243;]<\/p>\n<p class=\"Text\"><strong><a href=\"https:\/\/www.untermstrich.com\/?utm_source=bvbs&amp;utm_medium=publisher_editorial&amp;utm_campaign=untermstrich_ONE\" target=\"_blank\" rel=\"noopener\">untermStrich ONE<\/a><br \/><\/strong>Klare B\u00fcrosteuerung f\u00fcr Architektur- und Planungsb\u00fcros mit untermStrich<\/p>\n<p>[\/et_pb_text][\/et_pb_column][\/et_pb_row][et_pb_row column_structure=&#8220;1_3,1_3,1_3&#8243; _builder_version=&#8220;4.16&#8243; custom_padding=&#8220;50px|0px|27px|0px&#8220; global_colors_info=&#8220;{}&#8220;][et_pb_column type=&#8220;1_3&#8243; _builder_version=&#8220;4.16&#8243; custom_padding=&#8220;|||&#8220; global_colors_info=&#8220;{}&#8220; custom_padding__hover=&#8220;|||&#8220;][et_pb_text _builder_version=&#8220;4.16&#8243; text_font=&#8220;Roboto|700|||||||&#8220; text_text_color=&#8220;#696666&#8243; text_font_size=&#8220;40px&#8220; global_colors_info=&#8220;{}&#8220;]Kontakt<br \/>\n[\/et_pb_text][\/et_pb_column][et_pb_column type=&#8220;1_3&#8243; _builder_version=&#8220;4.16&#8243; custom_padding=&#8220;|||&#8220; global_colors_info=&#8220;{}&#8220; custom_padding__hover=&#8220;|||&#8220;][et_pb_text _builder_version=&#8220;4.27.3&#8243; custom_margin=&#8220;|||&#8220; custom_padding=&#8220;|||&#8220; global_colors_info=&#8220;{}&#8220;]<\/p>\n<p><strong>untermStrich Software GmbH<\/strong><\/p>\n<div>\n<div>Mittergasse 11-15<br \/>AT &#8211; 8600 Bruck\/Mur<\/div>\n<div><\/div>\n<div>Tel. +43 3862 58106<br \/>E-Mail: <a href=\"mailto:office@untermstrich.com\">office@untermstrich.com<\/a><br \/>Internet: <a href=\"http:\/\/www.untermstrich.com\" target=\"_blank\" rel=\"noopener noreferrer\">www.untermstrich.com<\/a><\/div>\n<\/div>\n<p>[\/et_pb_text][\/et_pb_column][et_pb_column type=&#8220;1_3&#8243; _builder_version=&#8220;4.16&#8243; custom_padding=&#8220;|||&#8220; global_colors_info=&#8220;{}&#8220; custom_padding__hover=&#8220;|||&#8220;][et_pb_image src=&#8220;https:\/\/www.bvbs.de\/wp-content\/uploads\/2026\/04\/ustrich_wordmark_xl_202603.png&#8220; alt=&#8220;Wortmarke untermStrich in schwarzer Schrift&#8220; title_text=&#8220;ustrich_wordmark_xl_202603&#8243; align_tablet=&#8220;left&#8220; align_phone=&#8220;left&#8220; align_last_edited=&#8220;on|phone&#8220; _builder_version=&#8220;4.27.3&#8243; max_width=&#8220;76%&#8220; max_width_tablet=&#8220;51%&#8220; max_width_phone=&#8220;88%&#8220; max_width_last_edited=&#8220;on|desktop&#8220; global_colors_info=&#8220;{}&#8220;]\u00a0<br \/>\n[\/et_pb_image][\/et_pb_column][\/et_pb_row][\/et_pb_section]<\/p>\n","protected":false},"excerpt":{"rendered":"<p>BVBS Mitgliedsunternehmen Allgemeines untermStrich ist eine umfassende digitale Softwarel\u00f6sung f\u00fcr Architekten, Ingenieure und Bauunternehmen. Die Plattform vereint Projektmanagement, Baukalkulation, Angebots- und Rechnungsstellung sowie Finanzcontrolling in einem intuitiven System. Mit untermStrich behalten Anwender alle Prozesse im Blick \u2013 von der ersten Planung \u00fcber pr\u00e4zise Abrechnungen bis hin zu detaillierten Reportings. Die benutzerfreundliche Oberfl\u00e4che und moderne Technologie [&hellip;]<\/p>\n","protected":false},"author":760,"featured_media":0,"parent":0,"menu_order":0,"comment_status":"closed","ping_status":"closed","template":"","meta":{"_et_pb_use_builder":"on","_et_pb_old_content":"","_et_gb_content_width":"","wp_typography_post_enhancements_disabled":false,"footnotes":""},"class_list":["post-5105","page","type-page","status-publish","hentry"],"yoast_head":"<!-- This site is optimized with the Yoast SEO plugin v26.1.1 - https:\/\/yoast.com\/wordpress\/plugins\/seo\/ -->\r\n<title>untermStrich Software GmbH - BVBS Bundesverband Software und Digitalisierung im Bauwesen e.V.<\/title>\r\n<meta name=\"robots\" content=\"index, follow, max-snippet:-1, max-image-preview:large, max-video-preview:-1\" \/>\r\n<link rel=\"canonical\" href=\"https:\/\/www.bvbs.de\/en\/untermstrich-oesterreich\/\" \/>\r\n<meta property=\"og:locale\" content=\"en_GB\" \/>\r\n<meta property=\"og:type\" content=\"article\" \/>\r\n<meta property=\"og:title\" content=\"untermStrich Software GmbH - BVBS Bundesverband Software und Digitalisierung im Bauwesen e.V.\" \/>\r\n<meta property=\"og:description\" content=\"BVBS Mitgliedsunternehmen Allgemeines untermStrich ist eine umfassende digitale Softwarel\u00f6sung f\u00fcr Architekten, Ingenieure und Bauunternehmen. Die Plattform vereint Projektmanagement, Baukalkulation, Angebots- und Rechnungsstellung sowie Finanzcontrolling in einem intuitiven System. Mit untermStrich behalten Anwender alle Prozesse im Blick \u2013 von der ersten Planung \u00fcber pr\u00e4zise Abrechnungen bis hin zu detaillierten Reportings. Die benutzerfreundliche Oberfl\u00e4che und moderne Technologie [&hellip;]\" \/>\r\n<meta property=\"og:url\" content=\"https:\/\/www.bvbs.de\/en\/untermstrich-oesterreich\/\" \/>\r\n<meta property=\"og:site_name\" content=\"BVBS Bundesverband Software und Digitalisierung im Bauwesen e.V.\" \/>\r\n<meta property=\"article:modified_time\" content=\"2026-04-09T13:22:32+00:00\" \/>\r\n<meta name=\"twitter:card\" content=\"summary_large_image\" \/>\r\n<meta name=\"twitter:label1\" content=\"Estimated reading time\" \/>\n\t<meta name=\"twitter:data1\" content=\"4 minutes\" \/>\r\n<script type=\"application\/ld+json\" class=\"yoast-schema-graph\">{\"@context\":\"https:\/\/schema.org\",\"@graph\":[{\"@type\":\"WebPage\",\"@id\":\"https:\/\/www.bvbs.de\/untermstrich-oesterreich\/\",\"url\":\"https:\/\/www.bvbs.de\/untermstrich-oesterreich\/\",\"name\":\"untermStrich Software GmbH - BVBS Bundesverband Software und Digitalisierung im Bauwesen e.V.\",\"isPartOf\":{\"@id\":\"https:\/\/www.bvbs.de\/#website\"},\"datePublished\":\"2021-02-15T10:46:38+00:00\",\"dateModified\":\"2026-04-09T13:22:32+00:00\",\"breadcrumb\":{\"@id\":\"https:\/\/www.bvbs.de\/untermstrich-oesterreich\/#breadcrumb\"},\"inLanguage\":\"en-GB\",\"potentialAction\":[{\"@type\":\"ReadAction\",\"target\":[\"https:\/\/www.bvbs.de\/untermstrich-oesterreich\/\"]}]},{\"@type\":\"BreadcrumbList\",\"@id\":\"https:\/\/www.bvbs.de\/untermstrich-oesterreich\/#breadcrumb\",\"itemListElement\":[{\"@type\":\"ListItem\",\"position\":1,\"name\":\"Startseite\",\"item\":\"https:\/\/www.bvbs.de\/\"},{\"@type\":\"ListItem\",\"position\":2,\"name\":\"untermStrich Software GmbH\"}]},{\"@type\":\"WebSite\",\"@id\":\"https:\/\/www.bvbs.de\/#website\",\"url\":\"https:\/\/www.bvbs.de\/\",\"name\":\"BVBS Bundesverband Software und Digitalisierung im Bauwesen e.V.\",\"description\":\"\",\"publisher\":{\"@id\":\"https:\/\/www.bvbs.de\/#organization\"},\"potentialAction\":[{\"@type\":\"SearchAction\",\"target\":{\"@type\":\"EntryPoint\",\"urlTemplate\":\"https:\/\/www.bvbs.de\/?s={search_term_string}\"},\"query-input\":{\"@type\":\"PropertyValueSpecification\",\"valueRequired\":true,\"valueName\":\"search_term_string\"}}],\"inLanguage\":\"en-GB\"},{\"@type\":\"Organization\",\"@id\":\"https:\/\/www.bvbs.de\/#organization\",\"name\":\"BVBS Bundesverband Software und Digitalisierung im Bauwesen\",\"url\":\"https:\/\/www.bvbs.de\/\",\"logo\":{\"@type\":\"ImageObject\",\"inLanguage\":\"en-GB\",\"@id\":\"https:\/\/www.bvbs.de\/#\/schema\/logo\/image\/\",\"url\":\"https:\/\/www.bvbs.de\/wp-content\/uploads\/2024\/01\/cropped-favicon-bvbs.png\",\"contentUrl\":\"https:\/\/www.bvbs.de\/wp-content\/uploads\/2024\/01\/cropped-favicon-bvbs.png\",\"width\":512,\"height\":512,\"caption\":\"BVBS Bundesverband Software und Digitalisierung im Bauwesen\"},\"image\":{\"@id\":\"https:\/\/www.bvbs.de\/#\/schema\/logo\/image\/\"}}]}<\/script>\r\n<!-- \/ Yoast SEO plugin. -->","yoast_head_json":{"title":"unterm\u00adStrich Soft\u00adware GmbH \u2014 BVBS Bun\u00addes\u00adver\u00adband Soft\u00adware und Digi\u00adta\u00adli\u00adsie\u00adrung im Bau\u00adwe\u00adsen e.V.","robots":{"index":"index","follow":"follow","max-snippet":"max-snippet:-1","max-image-preview":"max-image-preview:large","max-video-preview":"max-video-preview:-1"},"canonical":"https:\/\/www.bvbs.de\/en\/untermstrich-oesterreich\/","og_locale":"en_GB","og_type":"article","og_title":"untermStrich Software GmbH - BVBS Bundesverband Software und Digitalisierung im Bauwesen e.V.","og_description":"BVBS Mitgliedsunternehmen Allgemeines untermStrich ist eine umfassende digitale Softwarel\u00f6sung f\u00fcr Architekten, Ingenieure und Bauunternehmen. Die Plattform vereint Projektmanagement, Baukalkulation, Angebots- und Rechnungsstellung sowie Finanzcontrolling in einem intuitiven System. Mit untermStrich behalten Anwender alle Prozesse im Blick \u2013 von der ersten Planung \u00fcber pr\u00e4zise Abrechnungen bis hin zu detaillierten Reportings. Die benutzerfreundliche Oberfl\u00e4che und moderne Technologie [&hellip;]","og_url":"https:\/\/www.bvbs.de\/en\/untermstrich-oesterreich\/","og_site_name":"BVBS Bundesverband Software und Digitalisierung im Bauwesen e.V.","article_modified_time":"2026-04-09T13:22:32+00:00","twitter_card":"summary_large_image","twitter_misc":{"Estimated reading time":"4 minutes"},"schema":{"@context":"https:\/\/schema.org","@graph":[{"@type":"WebPage","@id":"https:\/\/www.bvbs.de\/untermstrich-oesterreich\/","url":"https:\/\/www.bvbs.de\/untermstrich-oesterreich\/","name":"unterm\u00adStrich Soft\u00adware GmbH \u2014 BVBS Bun\u00addes\u00adver\u00adband Soft\u00adware und Digi\u00adta\u00adli\u00adsie\u00adrung im Bau\u00adwe\u00adsen e.V.","isPartOf":{"@id":"https:\/\/www.bvbs.de\/#website"},"datePublished":"2021-02-15T10:46:38+00:00","dateModified":"2026-04-09T13:22:32+00:00","breadcrumb":{"@id":"https:\/\/www.bvbs.de\/untermstrich-oesterreich\/#breadcrumb"},"inLanguage":"en-GB","potentialAction":[{"@type":"ReadAction","target":["https:\/\/www.bvbs.de\/untermstrich-oesterreich\/"]}]},{"@type":"BreadcrumbList","@id":"https:\/\/www.bvbs.de\/untermstrich-oesterreich\/#breadcrumb","itemListElement":[{"@type":"ListItem","position":1,"name":"Startseite","item":"https:\/\/www.bvbs.de\/"},{"@type":"ListItem","position":2,"name":"untermStrich Software GmbH"}]},{"@type":"WebSite","@id":"https:\/\/www.bvbs.de\/#website","url":"https:\/\/www.bvbs.de\/","name":"BVBS Bun\u00addes\u00adver\u00adband Soft\u00adware und Digi\u00adta\u00adli\u00adsie\u00adrung im Bau\u00adwe\u00adsen e.V.","description":"","publisher":{"@id":"https:\/\/www.bvbs.de\/#organization"},"potentialAction":[{"@type":"SearchAction","target":{"@type":"EntryPoint","urlTemplate":"https:\/\/www.bvbs.de\/?s={search_term_string}"},"query-input":{"@type":"PropertyValueSpecification","valueRequired":true,"valueName":"search_term_string"}}],"inLanguage":"en-GB"},{"@type":"Organization","@id":"https:\/\/www.bvbs.de\/#organization","name":"BVBS Bun\u00addes\u00adver\u00adband Soft\u00adware und Digi\u00adta\u00adli\u00adsie\u00adrung im Bauwesen","url":"https:\/\/www.bvbs.de\/","logo":{"@type":"ImageObject","inLanguage":"en-GB","@id":"https:\/\/www.bvbs.de\/#\/schema\/logo\/image\/","url":"https:\/\/www.bvbs.de\/wp-content\/uploads\/2024\/01\/cropped-favicon-bvbs.png","contentUrl":"https:\/\/www.bvbs.de\/wp-content\/uploads\/2024\/01\/cropped-favicon-bvbs.png","width":512,"height":512,"caption":"BVBS Bundesverband Software und Digitalisierung im Bauwesen"},"image":{"@id":"https:\/\/www.bvbs.de\/#\/schema\/logo\/image\/"}}]}},"_links":{"self":[{"href":"https:\/\/www.bvbs.de\/en\/wp-json\/wp\/v2\/pages\/5105","targetHints":{"allow":["GET"]}}],"collection":[{"href":"https:\/\/www.bvbs.de\/en\/wp-json\/wp\/v2\/pages"}],"about":[{"href":"https:\/\/www.bvbs.de\/en\/wp-json\/wp\/v2\/types\/page"}],"author":[{"embeddable":true,"href":"https:\/\/www.bvbs.de\/en\/wp-json\/wp\/v2\/users\/760"}],"replies":[{"embeddable":true,"href":"https:\/\/www.bvbs.de\/en\/wp-json\/wp\/v2\/comments?post=5105"}],"version-history":[{"count":2,"href":"https:\/\/www.bvbs.de\/en\/wp-json\/wp\/v2\/pages\/5105\/revisions"}],"predecessor-version":[{"id":28987,"href":"https:\/\/www.bvbs.de\/en\/wp-json\/wp\/v2\/pages\/5105\/revisions\/28987"}],"wp:attachment":[{"href":"https:\/\/www.bvbs.de\/en\/wp-json\/wp\/v2\/media?parent=5105"}],"curies":[{"name":"wp","href":"https:\/\/api.w.org\/{rel}","templated":true}]}}