{"id":5536,"date":"2021-03-01T15:04:46","date_gmt":"2021-03-01T14:04:46","guid":{"rendered":"https:\/\/www.bvbs.de\/autodesk-copy\/"},"modified":"2025-09-25T13:23:50","modified_gmt":"2025-09-25T11:23:50","slug":"hilti-ag","status":"publish","type":"page","link":"https:\/\/www.bvbs.de\/en\/hilti-ag\/","title":{"rendered":"Hil\u00adti&nbsp;AG"},"content":{"rendered":"<p>[et_pb_section fb_built=&#8220;1&#8243; fullwidth=&#8220;on&#8220; _builder_version=&#8220;4.16&#8243; global_colors_info=&#8220;{}&#8220;][et_pb_fullwidth_slider _builder_version=&#8220;4.16&#8243; header_font=&#8220;Roboto||||||||&#8220; body_font=&#8220;Roboto||||||||&#8220; background_image=&#8220;https:\/\/www.bvbs.de\/wp-content\/uploads\/2021\/02\/mitglieder-bg.jpg&#8220; global_colors_info=&#8220;{}&#8220; button_text_size__hover_enabled=&#8220;off&#8220; button_one_text_size__hover_enabled=&#8220;off&#8220; button_two_text_size__hover_enabled=&#8220;off&#8220; button_text_color__hover_enabled=&#8220;off&#8220; button_one_text_color__hover_enabled=&#8220;off&#8220; button_two_text_color__hover_enabled=&#8220;off&#8220; button_border_width__hover_enabled=&#8220;off&#8220; button_one_border_width__hover_enabled=&#8220;off&#8220; button_two_border_width__hover_enabled=&#8220;off&#8220; button_border_color__hover_enabled=&#8220;off&#8220; button_one_border_color__hover_enabled=&#8220;off&#8220; button_two_border_color__hover_enabled=&#8220;off&#8220; button_border_radius__hover_enabled=&#8220;off&#8220; button_one_border_radius__hover_enabled=&#8220;off&#8220; button_two_border_radius__hover_enabled=&#8220;off&#8220; button_letter_spacing__hover_enabled=&#8220;off&#8220; button_one_letter_spacing__hover_enabled=&#8220;off&#8220; button_two_letter_spacing__hover_enabled=&#8220;off&#8220; button_bg_color__hover_enabled=&#8220;off&#8220; button_one_bg_color__hover_enabled=&#8220;off&#8220; button_two_bg_color__hover_enabled=&#8220;off&#8220;][et_pb_slide heading=&#8220;Hilti AG&#8220; use_bg_overlay=&#8220;off&#8220; use_text_overlay=&#8220;off&#8220; _builder_version=&#8220;4.16&#8243; header_level=&#8220;h1&#8243; header_font=&#8220;Roboto|700|||||||&#8220; header_font_size=&#8220;55px&#8220; body_font=&#8220;||||||||&#8220; background_color=&#8220;#ffffff&#8220; button_on_hover=&#8220;on&#8220; header_font_size_tablet=&#8220;55px&#8220; header_font_size_phone=&#8220;55px&#8220; global_colors_info=&#8220;{}&#8220; button_text_size__hover_enabled=&#8220;off&#8220; button_one_text_size__hover_enabled=&#8220;off&#8220; button_two_text_size__hover_enabled=&#8220;off&#8220; button_text_color__hover_enabled=&#8220;off&#8220; button_one_text_color__hover_enabled=&#8220;off&#8220; button_two_text_color__hover_enabled=&#8220;off&#8220; button_border_width__hover_enabled=&#8220;off&#8220; button_one_border_width__hover_enabled=&#8220;off&#8220; button_two_border_width__hover_enabled=&#8220;off&#8220; button_border_color__hover_enabled=&#8220;off&#8220; button_one_border_color__hover_enabled=&#8220;off&#8220; button_two_border_color__hover_enabled=&#8220;off&#8220; button_border_radius__hover_enabled=&#8220;off&#8220; button_one_border_radius__hover_enabled=&#8220;off&#8220; button_two_border_radius__hover_enabled=&#8220;off&#8220; button_letter_spacing__hover_enabled=&#8220;off&#8220; button_one_letter_spacing__hover_enabled=&#8220;off&#8220; button_two_letter_spacing__hover_enabled=&#8220;off&#8220; button_bg_color__hover_enabled=&#8220;off&#8220; button_one_bg_color__hover_enabled=&#8220;off&#8220; button_two_bg_color__hover_enabled=&#8220;off&#8220; sticky_transition=&#8220;on&#8220;]BVBS Mitgliedsunternehmen<br \/>\n[\/et_pb_slide][\/et_pb_fullwidth_slider][\/et_pb_section][et_pb_section fb_built=&#8220;1&#8243; _builder_version=&#8220;4.16&#8243; global_colors_info=&#8220;{}&#8220;][et_pb_row column_structure=&#8220;1_3,2_3&#8243; _builder_version=&#8220;4.16&#8243; border_width_bottom=&#8220;1px&#8220; border_color_bottom=&#8220;rgba(105,102,102,0.36)&#8220; global_colors_info=&#8220;{}&#8220;][et_pb_column type=&#8220;1_3&#8243; _builder_version=&#8220;4.16&#8243; custom_padding=&#8220;|||&#8220; global_colors_info=&#8220;{}&#8220; custom_padding__hover=&#8220;|||&#8220;][et_pb_text _builder_version=&#8220;4.16&#8243; text_font=&#8220;Roboto|700|||||||&#8220; text_font_size=&#8220;40px&#8220; global_colors_info=&#8220;{}&#8220;]Allgemeines<br \/>\n[\/et_pb_text][\/et_pb_column][et_pb_column type=&#8220;2_3&#8243; _builder_version=&#8220;4.16&#8243; custom_padding=&#8220;|||&#8220; global_colors_info=&#8220;{}&#8220; custom_padding__hover=&#8220;|||&#8220;][et_pb_text _builder_version=&#8220;4.16&#8243; global_colors_info=&#8220;{}&#8220;]Hilti ist weltweit f\u00fchrender Partner f\u00fcr Profis an Bau; mit seiner Spitzentechnologie erf\u00fcllt Hilti h\u00f6chste Anspr\u00fcche bei Maschinen und Produkten, Softwaresystemen und Dienstleistungen.<\/p>\n<p>Hilti steht f\u00fcr Qualit\u00e4t, Innovation und direkte Kundenbeziehungen mit rund 250 000 Kontakten pro Tag. 30 000 Mitarbeitende weltweit tragen dazu bei, die Arbeit auf den Baustellen einfacher, schneller und sicherer zu machen \u2013 und die Kunden jeden Tag aufs Neue zu begeistern. Mit Produkten, Systeml\u00f6sungen, Software und Serviceleistungen, die einen \u00fcberlegenen Mehrwert bieten. Oftmals entstehen Ideen f\u00fcr Verbesserungen direkt vor Ort im Gespr\u00e4ch mit den Kunden. Wenn es f\u00fcr eine Herausforderung noch keine Hilti L\u00f6sung gibt, wird sie entwickelt. Daf\u00fcr investiert das Unternehmen mit Hauptsitz in Schaan, Liechtenstein, j\u00e4hrlich rund 6 Prozent des Umsatzes in Forschung und Entwicklung.<br \/>\n[\/et_pb_text][\/et_pb_column][\/et_pb_row][et_pb_row column_structure=&#8220;1_3,2_3&#8243; _builder_version=&#8220;4.16&#8243; border_width_bottom=&#8220;1px&#8220; border_color_bottom=&#8220;rgba(105,102,102,0.36)&#8220; global_colors_info=&#8220;{}&#8220;][et_pb_column type=&#8220;1_3&#8243; _builder_version=&#8220;4.16&#8243; custom_padding=&#8220;|||&#8220; global_colors_info=&#8220;{}&#8220; custom_padding__hover=&#8220;|||&#8220;][et_pb_text _builder_version=&#8220;4.16&#8243; text_font=&#8220;Roboto|700|||||||&#8220; text_font_size=&#8220;40px&#8220; global_colors_info=&#8220;{}&#8220;]Produkte<br \/>\n[\/et_pb_text][\/et_pb_column][et_pb_column type=&#8220;2_3&#8243; _builder_version=&#8220;4.16&#8243; custom_padding=&#8220;|||&#8220; global_colors_info=&#8220;{}&#8220; custom_padding__hover=&#8220;|||&#8220;][et_pb_text _builder_version=&#8220;4.16&#8243; global_colors_info=&#8220;{}&#8220;]<strong><a href=\"https:\/\/www.hilti.de\/content\/hilti\/E3\/DE\/de\/services\/tool-services\/ontrack.html\">ON!Track<\/a><\/strong><br \/>\nDie ON!Track Betriebsmittel\u00adverwaltung bietet Ihnen ein einfaches, durchdachtes Komplettsystem: Lagerverwaltung f\u00fcr Ger\u00e4te, Werkzeuge und Material; L\u00fcckenlose Dokumentation von Pr\u00fcfterminen und Sicherheitszertifikaten; Inventur per Knopfdruck im Lager, am Einsatzfahrzeug oder auf der Baustelle.<\/p>\n<p><a href=\"https:\/\/www.hilti.de\/content\/hilti\/E3\/DE\/de\/engineering\/software\/all-software-solutions\/bim-cad.html\"><strong>CAD\/BIM<\/strong><\/a><br \/>\nAus der Hilti BIM\/CAD Bibliothek f\u00fcgen Sie mit wenigen Mausklicks Ihre Hilti L\u00f6sungen in Ihr 3D-Geb\u00e4udemodell ein. In der Hilti BIM\/CAD Bibliothek haben wir unsere Produkte inklusive der technischen Daten im 2D-Format und als 3D-Objekte im nativen Endformat Ihrer Planungssoftware f\u00fcr Sie eingestellt.<\/p>\n<p><strong><a href=\"https:\/\/www.hilti.de\/content\/hilti\/E3\/DE\/de\/engineering\/software\/profis-engineering-suite.html\">PROFIS Engineering<\/a><br \/>\n<\/strong>PROFIS Engineering ist ein cloud-basiertes Bemessungsprogramm, welches nicht nur eine regelkonforme D\u00fcbelberechnung erm\u00f6glicht, sondern auch Rundum-L\u00f6sungen f\u00fcr die Gel\u00e4nderbemessung UND des kompletten Fu\u00dfpunktes bietet.\u200b<\/p>\n<p><strong><a href=\"https:\/\/www.hilti.de\/content\/hilti\/E3\/DE\/de\/engineering\/software\/all-software-solutions\/profis-rebar.html\">PROFIS Rebar<\/a><br \/>\n<\/strong>Planen und bemessen Sie nachtr\u00e4gliche Bewehrungsanschl\u00fcsse einfach, richtlinienkonform und professionell.<\/p>\n<p><strong>Software f\u00fcr Installationstechnik<\/strong><br \/>\nEnwerfen und bemessen von komplexen Installationssystemen und Auswahl passender Standardkonstruktionen f\u00fcr Elektro-, Sanit\u00e4r-und Klimatechnik-Anwendungen.<\/p>\n<p><strong><a href=\"https:\/\/www.hilti.de\/content\/hilti\/E3\/DE\/de\/engineering\/software\/firestop-selector.html\">Brandschutz-Selektor<\/a><br \/>\n<\/strong>Der Brandschutz-Selektor hilft Ihnen in der Planungsphase die richtige L\u00f6sung auszuw\u00e4hlen und den Produktanwendungsbereich zulassungskonform herauszufinden.<\/p>\n<p><a href=\"https:\/\/www.hilti.de\/content\/hilti\/E3\/DE\/de\/engineering\/software\/documentation-manager.html\"><strong>Brandschutzdokumentation<\/strong><\/a><br \/>\nProfessionelle und digitale Dokumentationsunterlagen in nur wenigen Klicks; Dokumentation direkt nach dem Einbau auf der Baustelle mit ihrem Smartphone; Synchronisiert \u00fcber alle Ger\u00e4te. \u00dcberblick \u00fcber Ihre Projekte, jederzeit, mobil und im B\u00fcro; Hilti Brandschutzprodukte immer mit den neuesten Zulassungsdokumenten.<\/p>\n<p><strong>PROFIS Layout<\/strong><br \/>\nErstellung und Verwaltung von Messpunkten<br \/>\n[\/et_pb_text][\/et_pb_column][\/et_pb_row][et_pb_row column_structure=&#8220;1_3,1_3,1_3&#8243; _builder_version=&#8220;4.16&#8243; custom_padding=&#8220;50px|0px|27px|0px&#8220; global_colors_info=&#8220;{}&#8220;][et_pb_column type=&#8220;1_3&#8243; _builder_version=&#8220;4.16&#8243; custom_padding=&#8220;|||&#8220; global_colors_info=&#8220;{}&#8220; custom_padding__hover=&#8220;|||&#8220;][et_pb_text _builder_version=&#8220;4.16&#8243; text_font=&#8220;Roboto|700|||||||&#8220; text_text_color=&#8220;#323232&#8243; text_font_size=&#8220;40px&#8220; global_colors_info=&#8220;{}&#8220;]<span style=\"color: #696666;\">Kontakt<\/span><br \/>\n[\/et_pb_text][\/et_pb_column][et_pb_column type=&#8220;1_3&#8243; _builder_version=&#8220;4.16&#8243; custom_padding=&#8220;|||&#8220; global_colors_info=&#8220;{}&#8220; custom_padding__hover=&#8220;|||&#8220;][et_pb_text _builder_version=&#8220;4.16&#8243; global_colors_info=&#8220;{}&#8220;]<\/p>\n<p class=\"p1\"><strong>Hilti AG<\/strong><br \/>\n<span style=\"font-size: 15px;\">Feldkircher Str. 100<br \/>\n9494 Schaan<br \/>\nLichtenstein<\/span><\/p>\n<p class=\"p1\">Internet: <a href=\"http:\/\/www.hilti.group\" target=\"_blank\" rel=\"noopener noreferrer\">www.hilti.group<\/a><\/p>\n<p>[\/et_pb_text][\/et_pb_column][et_pb_column type=&#8220;1_3&#8243; _builder_version=&#8220;4.16&#8243; custom_padding=&#8220;|||&#8220; global_colors_info=&#8220;{}&#8220; custom_padding__hover=&#8220;|||&#8220;][et_pb_image src=&#8220;https:\/\/www.bvbs.de\/wp-content\/uploads\/2024\/02\/Hilti_Logo-e1631708718845.jpg&#8220; align_tablet=&#8220;left&#8220; align_phone=&#8220;left&#8220; align_last_edited=&#8220;on|phone&#8220; _builder_version=&#8220;4.27.3&#8243; hover_enabled=&#8220;0&#8243; always_center_on_mobile=&#8220;on&#8220; global_colors_info=&#8220;{}&#8220; sticky_enabled=&#8220;0&#8243; module_alignment=&#8220;left&#8220; max_width_last_edited=&#8220;on|desktop&#8220; max_width_phone=&#8220;67%&#8220; max_width_tablet=&#8220;30%&#8220; max_width=&#8220;72%&#8220;][\/et_pb_image][\/et_pb_column][\/et_pb_row][\/et_pb_section]<\/p>\n","protected":false},"excerpt":{"rendered":"<p>BVBS Mitgliedsunternehmen Allgemeines Hilti ist weltweit f\u00fchrender Partner f\u00fcr Profis an Bau; mit seiner Spitzentechnologie erf\u00fcllt Hilti h\u00f6chste Anspr\u00fcche bei Maschinen und Produkten, Softwaresystemen und Dienstleistungen. Hilti steht f\u00fcr Qualit\u00e4t, Innovation und direkte Kundenbeziehungen mit rund 250 000 Kontakten pro Tag. 30 000 Mitarbeitende weltweit tragen dazu bei, die Arbeit auf den Baustellen einfacher, schneller [&hellip;]<\/p>\n","protected":false},"author":760,"featured_media":0,"parent":0,"menu_order":0,"comment_status":"closed","ping_status":"closed","template":"","meta":{"_et_pb_use_builder":"on","_et_pb_old_content":"","_et_gb_content_width":"","wp_typography_post_enhancements_disabled":false,"footnotes":""},"class_list":["post-5536","page","type-page","status-publish","hentry"],"yoast_head":"<!-- This site is optimized with the Yoast SEO plugin v26.1.1 - https:\/\/yoast.com\/wordpress\/plugins\/seo\/ -->\r\n<title>Hilti AG - BVBS Bundesverband Software und Digitalisierung im Bauwesen e.V.<\/title>\r\n<meta name=\"robots\" content=\"index, follow, max-snippet:-1, max-image-preview:large, max-video-preview:-1\" \/>\r\n<link rel=\"canonical\" href=\"https:\/\/www.bvbs.de\/en\/hilti-ag\/\" \/>\r\n<meta property=\"og:locale\" content=\"en_GB\" \/>\r\n<meta property=\"og:type\" content=\"article\" \/>\r\n<meta property=\"og:title\" content=\"Hilti AG - BVBS Bundesverband Software und Digitalisierung im Bauwesen e.V.\" \/>\r\n<meta property=\"og:description\" content=\"BVBS Mitgliedsunternehmen Allgemeines Hilti ist weltweit f\u00fchrender Partner f\u00fcr Profis an Bau; mit seiner Spitzentechnologie erf\u00fcllt Hilti h\u00f6chste Anspr\u00fcche bei Maschinen und Produkten, Softwaresystemen und Dienstleistungen. Hilti steht f\u00fcr Qualit\u00e4t, Innovation und direkte Kundenbeziehungen mit rund 250 000 Kontakten pro Tag. 30 000 Mitarbeitende weltweit tragen dazu bei, die Arbeit auf den Baustellen einfacher, schneller [&hellip;]\" \/>\r\n<meta property=\"og:url\" content=\"https:\/\/www.bvbs.de\/en\/hilti-ag\/\" \/>\r\n<meta property=\"og:site_name\" content=\"BVBS Bundesverband Software und Digitalisierung im Bauwesen e.V.\" \/>\r\n<meta property=\"article:modified_time\" content=\"2025-09-25T11:23:50+00:00\" \/>\r\n<meta name=\"twitter:card\" content=\"summary_large_image\" \/>\r\n<meta name=\"twitter:label1\" content=\"Estimated reading time\" \/>\n\t<meta name=\"twitter:data1\" content=\"5 minutes\" \/>\r\n<script type=\"application\/ld+json\" class=\"yoast-schema-graph\">{\"@context\":\"https:\/\/schema.org\",\"@graph\":[{\"@type\":\"WebPage\",\"@id\":\"https:\/\/www.bvbs.de\/hilti-ag\/\",\"url\":\"https:\/\/www.bvbs.de\/hilti-ag\/\",\"name\":\"Hilti AG - BVBS Bundesverband Software und Digitalisierung im Bauwesen e.V.\",\"isPartOf\":{\"@id\":\"https:\/\/www.bvbs.de\/#website\"},\"datePublished\":\"2021-03-01T14:04:46+00:00\",\"dateModified\":\"2025-09-25T11:23:50+00:00\",\"breadcrumb\":{\"@id\":\"https:\/\/www.bvbs.de\/hilti-ag\/#breadcrumb\"},\"inLanguage\":\"en-GB\",\"potentialAction\":[{\"@type\":\"ReadAction\",\"target\":[\"https:\/\/www.bvbs.de\/hilti-ag\/\"]}]},{\"@type\":\"BreadcrumbList\",\"@id\":\"https:\/\/www.bvbs.de\/hilti-ag\/#breadcrumb\",\"itemListElement\":[{\"@type\":\"ListItem\",\"position\":1,\"name\":\"Startseite\",\"item\":\"https:\/\/www.bvbs.de\/\"},{\"@type\":\"ListItem\",\"position\":2,\"name\":\"Hilti AG\"}]},{\"@type\":\"WebSite\",\"@id\":\"https:\/\/www.bvbs.de\/#website\",\"url\":\"https:\/\/www.bvbs.de\/\",\"name\":\"BVBS Bundesverband Software und Digitalisierung im Bauwesen e.V.\",\"description\":\"\",\"publisher\":{\"@id\":\"https:\/\/www.bvbs.de\/#organization\"},\"potentialAction\":[{\"@type\":\"SearchAction\",\"target\":{\"@type\":\"EntryPoint\",\"urlTemplate\":\"https:\/\/www.bvbs.de\/?s={search_term_string}\"},\"query-input\":{\"@type\":\"PropertyValueSpecification\",\"valueRequired\":true,\"valueName\":\"search_term_string\"}}],\"inLanguage\":\"en-GB\"},{\"@type\":\"Organization\",\"@id\":\"https:\/\/www.bvbs.de\/#organization\",\"name\":\"BVBS Bundesverband Software und Digitalisierung im Bauwesen\",\"url\":\"https:\/\/www.bvbs.de\/\",\"logo\":{\"@type\":\"ImageObject\",\"inLanguage\":\"en-GB\",\"@id\":\"https:\/\/www.bvbs.de\/#\/schema\/logo\/image\/\",\"url\":\"https:\/\/www.bvbs.de\/wp-content\/uploads\/2024\/01\/cropped-favicon-bvbs.png\",\"contentUrl\":\"https:\/\/www.bvbs.de\/wp-content\/uploads\/2024\/01\/cropped-favicon-bvbs.png\",\"width\":512,\"height\":512,\"caption\":\"BVBS Bundesverband Software und Digitalisierung im Bauwesen\"},\"image\":{\"@id\":\"https:\/\/www.bvbs.de\/#\/schema\/logo\/image\/\"}}]}<\/script>\r\n<!-- \/ Yoast SEO plugin. -->","yoast_head_json":{"title":"Hil\u00adti AG \u2014 BVBS Bun\u00addes\u00adver\u00adband Soft\u00adware und Digi\u00adta\u00adli\u00adsie\u00adrung im Bau\u00adwe\u00adsen e.V.","robots":{"index":"index","follow":"follow","max-snippet":"max-snippet:-1","max-image-preview":"max-image-preview:large","max-video-preview":"max-video-preview:-1"},"canonical":"https:\/\/www.bvbs.de\/en\/hilti-ag\/","og_locale":"en_GB","og_type":"article","og_title":"Hilti AG - BVBS Bundesverband Software und Digitalisierung im Bauwesen e.V.","og_description":"BVBS Mitgliedsunternehmen Allgemeines Hilti ist weltweit f\u00fchrender Partner f\u00fcr Profis an Bau; mit seiner Spitzentechnologie erf\u00fcllt Hilti h\u00f6chste Anspr\u00fcche bei Maschinen und Produkten, Softwaresystemen und Dienstleistungen. Hilti steht f\u00fcr Qualit\u00e4t, Innovation und direkte Kundenbeziehungen mit rund 250 000 Kontakten pro Tag. 30 000 Mitarbeitende weltweit tragen dazu bei, die Arbeit auf den Baustellen einfacher, schneller [&hellip;]","og_url":"https:\/\/www.bvbs.de\/en\/hilti-ag\/","og_site_name":"BVBS Bundesverband Software und Digitalisierung im Bauwesen e.V.","article_modified_time":"2025-09-25T11:23:50+00:00","twitter_card":"summary_large_image","twitter_misc":{"Estimated reading time":"5 minutes"},"schema":{"@context":"https:\/\/schema.org","@graph":[{"@type":"WebPage","@id":"https:\/\/www.bvbs.de\/hilti-ag\/","url":"https:\/\/www.bvbs.de\/hilti-ag\/","name":"Hil\u00adti AG \u2014 BVBS Bun\u00addes\u00adver\u00adband Soft\u00adware und Digi\u00adta\u00adli\u00adsie\u00adrung im Bau\u00adwe\u00adsen e.V.","isPartOf":{"@id":"https:\/\/www.bvbs.de\/#website"},"datePublished":"2021-03-01T14:04:46+00:00","dateModified":"2025-09-25T11:23:50+00:00","breadcrumb":{"@id":"https:\/\/www.bvbs.de\/hilti-ag\/#breadcrumb"},"inLanguage":"en-GB","potentialAction":[{"@type":"ReadAction","target":["https:\/\/www.bvbs.de\/hilti-ag\/"]}]},{"@type":"BreadcrumbList","@id":"https:\/\/www.bvbs.de\/hilti-ag\/#breadcrumb","itemListElement":[{"@type":"ListItem","position":1,"name":"Startseite","item":"https:\/\/www.bvbs.de\/"},{"@type":"ListItem","position":2,"name":"Hilti AG"}]},{"@type":"WebSite","@id":"https:\/\/www.bvbs.de\/#website","url":"https:\/\/www.bvbs.de\/","name":"BVBS Bun\u00addes\u00adver\u00adband Soft\u00adware und Digi\u00adta\u00adli\u00adsie\u00adrung im Bau\u00adwe\u00adsen e.V.","description":"","publisher":{"@id":"https:\/\/www.bvbs.de\/#organization"},"potentialAction":[{"@type":"SearchAction","target":{"@type":"EntryPoint","urlTemplate":"https:\/\/www.bvbs.de\/?s={search_term_string}"},"query-input":{"@type":"PropertyValueSpecification","valueRequired":true,"valueName":"search_term_string"}}],"inLanguage":"en-GB"},{"@type":"Organization","@id":"https:\/\/www.bvbs.de\/#organization","name":"BVBS Bun\u00addes\u00adver\u00adband Soft\u00adware und Digi\u00adta\u00adli\u00adsie\u00adrung im Bauwesen","url":"https:\/\/www.bvbs.de\/","logo":{"@type":"ImageObject","inLanguage":"en-GB","@id":"https:\/\/www.bvbs.de\/#\/schema\/logo\/image\/","url":"https:\/\/www.bvbs.de\/wp-content\/uploads\/2024\/01\/cropped-favicon-bvbs.png","contentUrl":"https:\/\/www.bvbs.de\/wp-content\/uploads\/2024\/01\/cropped-favicon-bvbs.png","width":512,"height":512,"caption":"BVBS Bundesverband Software und Digitalisierung im Bauwesen"},"image":{"@id":"https:\/\/www.bvbs.de\/#\/schema\/logo\/image\/"}}]}},"_links":{"self":[{"href":"https:\/\/www.bvbs.de\/en\/wp-json\/wp\/v2\/pages\/5536","targetHints":{"allow":["GET"]}}],"collection":[{"href":"https:\/\/www.bvbs.de\/en\/wp-json\/wp\/v2\/pages"}],"about":[{"href":"https:\/\/www.bvbs.de\/en\/wp-json\/wp\/v2\/types\/page"}],"author":[{"embeddable":true,"href":"https:\/\/www.bvbs.de\/en\/wp-json\/wp\/v2\/users\/760"}],"replies":[{"embeddable":true,"href":"https:\/\/www.bvbs.de\/en\/wp-json\/wp\/v2\/comments?post=5536"}],"version-history":[{"count":0,"href":"https:\/\/www.bvbs.de\/en\/wp-json\/wp\/v2\/pages\/5536\/revisions"}],"wp:attachment":[{"href":"https:\/\/www.bvbs.de\/en\/wp-json\/wp\/v2\/media?parent=5536"}],"curies":[{"name":"wp","href":"https:\/\/api.w.org\/{rel}","templated":true}]}}