{"id":7465,"date":"2022-04-08T14:01:46","date_gmt":"2022-04-08T12:01:46","guid":{"rendered":"https:\/\/www.bvbs.de\/cosoba-gmbh-copy\/"},"modified":"2026-05-06T09:24:25","modified_gmt":"2026-05-06T07:24:25","slug":"unifiedpost-gmbh","status":"publish","type":"page","link":"https:\/\/www.bvbs.de\/en\/unifiedpost-gmbh\/","title":{"rendered":"Uni\u00adfied\u00adpost&nbsp;GmbH"},"content":{"rendered":"<p>[et_pb_section fb_built=&#8220;1&#8243; fullwidth=&#8220;on&#8220; _builder_version=&#8220;4.16&#8243; global_colors_info=&#8220;{}&#8220;][et_pb_fullwidth_slider _builder_version=&#8220;4.16&#8243; header_font=&#8220;|700|||||||&#8220; background_image=&#8220;https:\/\/www.bvbs.de\/wp-content\/uploads\/2021\/02\/mitglieder-bg.jpg&#8220; global_colors_info=&#8220;{}&#8220; button_text_size__hover_enabled=&#8220;off&#8220; button_one_text_size__hover_enabled=&#8220;off&#8220; button_two_text_size__hover_enabled=&#8220;off&#8220; button_text_color__hover_enabled=&#8220;off&#8220; button_one_text_color__hover_enabled=&#8220;off&#8220; button_two_text_color__hover_enabled=&#8220;off&#8220; button_border_width__hover_enabled=&#8220;off&#8220; button_one_border_width__hover_enabled=&#8220;off&#8220; button_two_border_width__hover_enabled=&#8220;off&#8220; button_border_color__hover_enabled=&#8220;off&#8220; button_one_border_color__hover_enabled=&#8220;off&#8220; button_two_border_color__hover_enabled=&#8220;off&#8220; button_border_radius__hover_enabled=&#8220;off&#8220; button_one_border_radius__hover_enabled=&#8220;off&#8220; button_two_border_radius__hover_enabled=&#8220;off&#8220; button_letter_spacing__hover_enabled=&#8220;off&#8220; button_one_letter_spacing__hover_enabled=&#8220;off&#8220; button_two_letter_spacing__hover_enabled=&#8220;off&#8220; button_bg_color__hover_enabled=&#8220;off&#8220; button_one_bg_color__hover_enabled=&#8220;off&#8220; button_two_bg_color__hover_enabled=&#8220;off&#8220;][et_pb_slide heading=&#8220;Unifiedpost GmbH&#8220; use_bg_overlay=&#8220;off&#8220; use_text_overlay=&#8220;off&#8220; _builder_version=&#8220;4.16&#8243; header_font=&#8220;||||||||&#8220; background_color=&#8220;#ffffff&#8220; button_on_hover=&#8220;on&#8220; global_colors_info=&#8220;{}&#8220; button_text_size__hover_enabled=&#8220;off&#8220; button_one_text_size__hover_enabled=&#8220;off&#8220; button_two_text_size__hover_enabled=&#8220;off&#8220; button_text_color__hover_enabled=&#8220;off&#8220; button_one_text_color__hover_enabled=&#8220;off&#8220; button_two_text_color__hover_enabled=&#8220;off&#8220; button_border_width__hover_enabled=&#8220;off&#8220; button_one_border_width__hover_enabled=&#8220;off&#8220; button_two_border_width__hover_enabled=&#8220;off&#8220; button_border_color__hover_enabled=&#8220;off&#8220; button_one_border_color__hover_enabled=&#8220;off&#8220; button_two_border_color__hover_enabled=&#8220;off&#8220; button_border_radius__hover_enabled=&#8220;off&#8220; button_one_border_radius__hover_enabled=&#8220;off&#8220; button_two_border_radius__hover_enabled=&#8220;off&#8220; button_letter_spacing__hover_enabled=&#8220;off&#8220; button_one_letter_spacing__hover_enabled=&#8220;off&#8220; button_two_letter_spacing__hover_enabled=&#8220;off&#8220; button_bg_color__hover_enabled=&#8220;off&#8220; button_one_bg_color__hover_enabled=&#8220;off&#8220; button_two_bg_color__hover_enabled=&#8220;off&#8220; sticky_transition=&#8220;on&#8220;]<strong>(bis 07\/2024 crossinx GmbH)<\/strong><br \/>\nBVBS-Mitgliedsunternehmen<br \/>\n[\/et_pb_slide][\/et_pb_fullwidth_slider][\/et_pb_section][et_pb_section fb_built=&#8220;1&#8243; _builder_version=&#8220;4.16&#8243; global_colors_info=&#8220;{}&#8220;][et_pb_row column_structure=&#8220;1_3,2_3&#8243; _builder_version=&#8220;4.16&#8243; custom_padding=&#8220;27px|0px|50px|0px&#8220; border_width_bottom=&#8220;1px&#8220; border_color_bottom=&#8220;rgba(51,51,51,0.18)&#8220; global_colors_info=&#8220;{}&#8220;][et_pb_column type=&#8220;1_3&#8243; _builder_version=&#8220;4.16&#8243; custom_padding=&#8220;|||&#8220; global_colors_info=&#8220;{}&#8220; custom_padding__hover=&#8220;|||&#8220;][et_pb_text _builder_version=&#8220;4.16&#8243; text_font=&#8220;Roboto|700|||||||&#8220; text_text_color=&#8220;#696666&#8243; text_font_size=&#8220;40px&#8220; global_colors_info=&#8220;{}&#8220;]Allgemeines<br \/>\n[\/et_pb_text][\/et_pb_column][et_pb_column type=&#8220;2_3&#8243; _builder_version=&#8220;4.16&#8243; custom_padding=&#8220;|||&#8220; global_colors_info=&#8220;{}&#8220; custom_padding__hover=&#8220;|||&#8220;][et_pb_text _builder_version=&#8220;4.27.3&#8243; global_colors_info=&#8220;{}&#8220;]<\/p>\n<div id=\"mitglied-unternehmensdarstellung-225\" class=\"mod_article zweispaltig bottomLineOn block\">\n<div class=\"ce_text block\">\n<div id=\"mitglied-unternehmensdarstellung\" class=\"mod_article zweispaltig bottomLineOn block\">\n<div class=\"ce_text block\">\n<p>Die Unifiedpost GmbH bietet eine f\u00fchrende cloudbasierte Plattform f\u00fcr Gesch\u00e4ftsdienstleistungen in den Bereichen \u201eDocuments\u201c, \u201eIdentity\u201c und \u201ePayments\u201c. Gegr\u00fcndet als crossinx GmbH, ist sie heute Teil der Banqup Group aus Belgien. Die Gruppe hat mittlerweile \u00fcber 1.200 Mitarbeitende in mehr als 30 L\u00e4ndern.<\/p>\n<p>Unternehmen jeder Gr\u00f6\u00dfe und Branche sowie Beh\u00f6rden nutzen die Plattform der Banqup Group, um ihre Finanzprozesse zu digitalisieren, sich in einem sicheren globalen Netzwerk miteinander zu verbinden, sowie eine Anbindung an internationale Plattformen der Steuerbeh\u00f6rden vorzunehmen.<\/p>\n<p>Auf diese Weise erm\u00f6glicht die internationale Dokumentenplattform eine sichere und unkomplizierte \u00dcbermittlung von gesch\u00e4ftlichen Transaktionen und dar\u00fcber hinaus die Einhaltung von internationalen Steuervorschriften im Bereich der Tax Compliance. Das Portfolio umfasst spezielle Produkte und Services f\u00fcr die Anforderungen der E-Rechnungen in Deutschland und des internationalen E-Invoicings, mit dem Fokus auf der Digitalisierung von Dokumenten- und Zahlungsprozessen in Procure-to-Pay und Order-to-Cash.<\/p>\n<p>2007 unter dem Namen crossinx GmbH als Anbieter f\u00fcr e-Invoicing-L\u00f6sungen gegr\u00fcndet, geh\u00f6rt die Unifiedpost GmbH damit zu den Pionieren im Markt und blickt auf eine langj\u00e4hrige Erfahrung mit E\u2011Rechnungen zur\u00fcck.<\/p>\n<p>&nbsp;<\/p>\n<\/div>\n<\/div>\n<\/div>\n<\/div>\n<p>[\/et_pb_text][\/et_pb_column][\/et_pb_row][et_pb_row column_structure=&#8220;1_3,2_3&#8243; disabled_on=&#8220;on|on|on&#8220; _builder_version=&#8220;4.27.3&#8243; custom_padding=&#8220;50px|0px|50px|0px&#8220; border_width_bottom=&#8220;1px&#8220; border_color_bottom=&#8220;rgba(51,51,51,0.18)&#8220; disabled=&#8220;on&#8220; global_colors_info=&#8220;{}&#8220;][et_pb_column type=&#8220;1_3&#8243; _builder_version=&#8220;4.16&#8243; custom_padding=&#8220;|||&#8220; global_colors_info=&#8220;{}&#8220; custom_padding__hover=&#8220;|||&#8220;][et_pb_text _builder_version=&#8220;4.16&#8243; text_font=&#8220;Roboto|700|||||||&#8220; text_text_color=&#8220;#696666&#8243; text_font_size=&#8220;40px&#8220; global_colors_info=&#8220;{}&#8220;]Produkte<br \/>\n[\/et_pb_text][\/et_pb_column][et_pb_column type=&#8220;2_3&#8243; _builder_version=&#8220;4.16&#8243; custom_padding=&#8220;|||&#8220; global_colors_info=&#8220;{}&#8220; custom_padding__hover=&#8220;|||&#8220;][et_pb_text _builder_version=&#8220;4.16&#8243; global_colors_info=&#8220;{}&#8220;]<strong>Channel<\/strong><br \/>\nChannel ist eine L\u00f6sung f\u00fcr den gesamten Prozess ausgehender Dokumente. Alle ausgehenden elektronischen Daten und Dokumente k\u00f6nnen so einfach und unkompliziert verschickt werden. Den h\u00e4ufig sehr komplexen gesetzlichen und individuellen Anforderungen der Kunden an gestellte Rechnungen k\u00f6nnen Nutzer somit gerecht werden. Das vereinfacht unter anderem eine z\u00fcgige Bezahlung ausstehender Rechnungen und stellt die Steuerkonformit\u00e4t auch f\u00fcr den internationalen Rechnungsversand sicher. Fachabteilungen wie der Buchhaltung steht mit Channel eine zuverl\u00e4ssige L\u00f6sung zur Verf\u00fcgung, die sich in die bestehende IT-Landschaft nahtlos einf\u00fcgt und sofort einsatzbereit ist. Durch den modularen Aufbau von Channel ist es m\u00f6glich, den gesamten Order-to-Cash-Prozess vollst\u00e4ndig zu automatisieren.<\/p>\n<p><strong>Collect<\/strong><br \/>\nCollect ist eine L\u00f6sung f\u00fcr den gesamten Prozess eingehender Dokumente. Alle in elektronischer Form eingehenden Daten und Dokumente k\u00f6nnen einfach und komfortabel empfangen und automatisiert verarbeitet werden. Fachabteilungen wie der Buchhaltung oder dem Einkauf steht mit Collect eine zuverl\u00e4ssige L\u00f6sung zur Verf\u00fcgung, die sich in die bestehende IT-Landschaft nahtlos einf\u00fcgt und sofort einsatzbereit ist. Durch den modularen Aufbau von Collect ist es m\u00f6glich, vom Rechnungseingang bis hin zur Verarbeitung s\u00e4mtlicher Einkaufsdokumente den gesamten Procure-to-Pay-Prozess vollst\u00e4ndig zu automatisieren.<\/p>\n<p><strong>Banqup<br \/>\n<\/strong>Banqup ist ein einfacher Weg, Zahlungen, Rechnungen und Verwaltung auf einer digitalen Plattform zu realisieren. Mit einem sicheren \u00d6kosystem haben KMU und Buchhalter die Technologie, die Funktionalit\u00e4t und die Verbindungen zu externen Partnern, um ihre Aufgaben zu vereinfachen. Banqup stellt Unternehmen auf automatisierte, digitale Prozesse um.<br \/>\n[\/et_pb_text][\/et_pb_column][\/et_pb_row][et_pb_row column_structure=&#8220;1_3,1_3,1_3&#8243; _builder_version=&#8220;4.16&#8243; custom_padding=&#8220;50px|0px|27px|0px&#8220; global_colors_info=&#8220;{}&#8220;][et_pb_column type=&#8220;1_3&#8243; _builder_version=&#8220;4.16&#8243; custom_padding=&#8220;|||&#8220; global_colors_info=&#8220;{}&#8220; custom_padding__hover=&#8220;|||&#8220;][et_pb_text _builder_version=&#8220;4.16&#8243; text_font=&#8220;Roboto|700|||||||&#8220; text_text_color=&#8220;#696666&#8243; text_font_size=&#8220;40px&#8220; global_colors_info=&#8220;{}&#8220;]Kontakt<br \/>\n[\/et_pb_text][\/et_pb_column][et_pb_column type=&#8220;1_3&#8243; _builder_version=&#8220;4.16&#8243; custom_padding=&#8220;|||&#8220; global_colors_info=&#8220;{}&#8220; custom_padding__hover=&#8220;|||&#8220;][et_pb_text _builder_version=&#8220;4.27.3&#8243; width=&#8220;100%&#8220; custom_margin=&#8220;|7px||||&#8220; custom_padding=&#8220;|0px||||&#8220; global_colors_info=&#8220;{}&#8220;]<\/p>\n<p><strong>Unifiedpost GmbH<br \/><\/strong>Hanauer Landstra\u00dfe 291a<br \/>D-60314 Frankfurt am Main<\/p>\n<p>Tel.:\u00a0 \u00a0 \u00a0 \u00a0 +49 69 4800 651-0<\/p>\n<p>E-Mail:\u00a0 \u00a0 <a href=\"mailto:i&#110;fo&#046;&#103;&#101;&#114;&#109;&#097;&#110;y&#064;u&#110;&#105;&#102;&#105;edp&#111;s&#116;.&#099;o&#109;\">i&#110;fo&#46;&#103;er&#109;&#97;&#110;y&#64;&#117;n&#105;f&#105;edpo&#115;t.c&#111;m<\/a><br \/>Internet: <a href=\"https:\/\/www.banqup.de\/\" target=\"_blank\" rel=\"noopener\">https:\/\/www.banqup.de\/<\/a><\/p>\n<p>[\/et_pb_text][\/et_pb_column][et_pb_column type=&#8220;1_3&#8243; _builder_version=&#8220;4.16&#8243; custom_padding=&#8220;|||&#8220; global_colors_info=&#8220;{}&#8220; custom_padding__hover=&#8220;|||&#8220;][et_pb_image src=&#8220;https:\/\/www.bvbs.de\/wp-content\/uploads\/2026\/05\/Banqup_Logo_Blue-Horizontal_202604.png&#8220; align_tablet=&#8220;left&#8220; align_phone=&#8220;left&#8220; align_last_edited=&#8220;on|phone&#8220; _builder_version=&#8220;4.27.3&#8243; max_width_tablet=&#8220;49%&#8220; max_width_phone=&#8220;84%&#8220; max_width_last_edited=&#8220;on|phone&#8220; hover_enabled=&#8220;0&#8243; global_colors_info=&#8220;{}&#8220; alt=&#8220;Blaues Logo der Banqup group&#8220; title_text=&#8220;Banqup_Logo_Blue-Horizontal_202604&#8243; sticky_enabled=&#8220;0&#8243;]\u00a0<br \/>\n[\/et_pb_image][\/et_pb_column][\/et_pb_row][\/et_pb_section]<\/p>\n","protected":false},"excerpt":{"rendered":"<p>(bis 07\/2024 crossinx GmbH) BVBS-Mitgliedsunternehmen Allgemeines Die Unifiedpost GmbH bietet eine f\u00fchrende cloudbasierte Plattform f\u00fcr Gesch\u00e4ftsdienstleistungen in den Bereichen \u201eDocuments\u201c, \u201eIdentity\u201c und \u201ePayments\u201c. Gegr\u00fcndet als crossinx GmbH, ist sie heute Teil der Banqup Group aus Belgien. Die Gruppe hat mittlerweile \u00fcber 1.200 Mitarbeitende in mehr als 30 L\u00e4ndern. Unternehmen jeder Gr\u00f6\u00dfe und Branche sowie Beh\u00f6rden [&hellip;]<\/p>\n","protected":false},"author":760,"featured_media":0,"parent":0,"menu_order":0,"comment_status":"closed","ping_status":"closed","template":"","meta":{"_et_pb_use_builder":"on","_et_pb_old_content":"","_et_gb_content_width":"","wp_typography_post_enhancements_disabled":false,"footnotes":""},"class_list":["post-7465","page","type-page","status-publish","hentry"],"yoast_head":"<!-- This site is optimized with the Yoast SEO plugin v26.1.1 - https:\/\/yoast.com\/wordpress\/plugins\/seo\/ -->\r\n<title>Unifiedpost GmbH - BVBS Bundesverband Software und Digitalisierung im Bauwesen e.V.<\/title>\r\n<meta name=\"robots\" content=\"index, follow, max-snippet:-1, max-image-preview:large, max-video-preview:-1\" \/>\r\n<link rel=\"canonical\" href=\"https:\/\/www.bvbs.de\/en\/unifiedpost-gmbh\/\" \/>\r\n<meta property=\"og:locale\" content=\"en_GB\" \/>\r\n<meta property=\"og:type\" content=\"article\" \/>\r\n<meta property=\"og:title\" content=\"Unifiedpost GmbH - BVBS Bundesverband Software und Digitalisierung im Bauwesen e.V.\" \/>\r\n<meta property=\"og:description\" content=\"(bis 07\/2024 crossinx GmbH) BVBS-Mitgliedsunternehmen Allgemeines Die Unifiedpost GmbH bietet eine f\u00fchrende cloudbasierte Plattform f\u00fcr Gesch\u00e4ftsdienstleistungen in den Bereichen \u201eDocuments\u201c, \u201eIdentity\u201c und \u201ePayments\u201c. Gegr\u00fcndet als crossinx GmbH, ist sie heute Teil der Banqup Group aus Belgien. Die Gruppe hat mittlerweile \u00fcber 1.200 Mitarbeitende in mehr als 30 L\u00e4ndern. Unternehmen jeder Gr\u00f6\u00dfe und Branche sowie Beh\u00f6rden [&hellip;]\" \/>\r\n<meta property=\"og:url\" content=\"https:\/\/www.bvbs.de\/en\/unifiedpost-gmbh\/\" \/>\r\n<meta property=\"og:site_name\" content=\"BVBS Bundesverband Software und Digitalisierung im Bauwesen e.V.\" \/>\r\n<meta property=\"article:modified_time\" content=\"2026-05-06T07:24:25+00:00\" \/>\r\n<meta name=\"twitter:card\" content=\"summary_large_image\" \/>\r\n<meta name=\"twitter:label1\" content=\"Estimated reading time\" \/>\n\t<meta name=\"twitter:data1\" content=\"4 minutes\" \/>\r\n<script type=\"application\/ld+json\" class=\"yoast-schema-graph\">{\"@context\":\"https:\/\/schema.org\",\"@graph\":[{\"@type\":\"WebPage\",\"@id\":\"https:\/\/www.bvbs.de\/unifiedpost-gmbh\/\",\"url\":\"https:\/\/www.bvbs.de\/unifiedpost-gmbh\/\",\"name\":\"Unifiedpost GmbH - BVBS Bundesverband Software und Digitalisierung im Bauwesen e.V.\",\"isPartOf\":{\"@id\":\"https:\/\/www.bvbs.de\/#website\"},\"datePublished\":\"2022-04-08T12:01:46+00:00\",\"dateModified\":\"2026-05-06T07:24:25+00:00\",\"breadcrumb\":{\"@id\":\"https:\/\/www.bvbs.de\/unifiedpost-gmbh\/#breadcrumb\"},\"inLanguage\":\"en-GB\",\"potentialAction\":[{\"@type\":\"ReadAction\",\"target\":[\"https:\/\/www.bvbs.de\/unifiedpost-gmbh\/\"]}]},{\"@type\":\"BreadcrumbList\",\"@id\":\"https:\/\/www.bvbs.de\/unifiedpost-gmbh\/#breadcrumb\",\"itemListElement\":[{\"@type\":\"ListItem\",\"position\":1,\"name\":\"Startseite\",\"item\":\"https:\/\/www.bvbs.de\/\"},{\"@type\":\"ListItem\",\"position\":2,\"name\":\"Unifiedpost GmbH\"}]},{\"@type\":\"WebSite\",\"@id\":\"https:\/\/www.bvbs.de\/#website\",\"url\":\"https:\/\/www.bvbs.de\/\",\"name\":\"BVBS Bundesverband Software und Digitalisierung im Bauwesen e.V.\",\"description\":\"\",\"publisher\":{\"@id\":\"https:\/\/www.bvbs.de\/#organization\"},\"potentialAction\":[{\"@type\":\"SearchAction\",\"target\":{\"@type\":\"EntryPoint\",\"urlTemplate\":\"https:\/\/www.bvbs.de\/?s={search_term_string}\"},\"query-input\":{\"@type\":\"PropertyValueSpecification\",\"valueRequired\":true,\"valueName\":\"search_term_string\"}}],\"inLanguage\":\"en-GB\"},{\"@type\":\"Organization\",\"@id\":\"https:\/\/www.bvbs.de\/#organization\",\"name\":\"BVBS Bundesverband Software und Digitalisierung im Bauwesen\",\"url\":\"https:\/\/www.bvbs.de\/\",\"logo\":{\"@type\":\"ImageObject\",\"inLanguage\":\"en-GB\",\"@id\":\"https:\/\/www.bvbs.de\/#\/schema\/logo\/image\/\",\"url\":\"https:\/\/www.bvbs.de\/wp-content\/uploads\/2024\/01\/cropped-favicon-bvbs.png\",\"contentUrl\":\"https:\/\/www.bvbs.de\/wp-content\/uploads\/2024\/01\/cropped-favicon-bvbs.png\",\"width\":512,\"height\":512,\"caption\":\"BVBS Bundesverband Software und Digitalisierung im Bauwesen\"},\"image\":{\"@id\":\"https:\/\/www.bvbs.de\/#\/schema\/logo\/image\/\"}}]}<\/script>\r\n<!-- \/ Yoast SEO plugin. -->","yoast_head_json":{"title":"Uni\u00adfied\u00adpost GmbH \u2014 BVBS Bun\u00addes\u00adver\u00adband Soft\u00adware und Digi\u00adta\u00adli\u00adsie\u00adrung im Bau\u00adwe\u00adsen e.V.","robots":{"index":"index","follow":"follow","max-snippet":"max-snippet:-1","max-image-preview":"max-image-preview:large","max-video-preview":"max-video-preview:-1"},"canonical":"https:\/\/www.bvbs.de\/en\/unifiedpost-gmbh\/","og_locale":"en_GB","og_type":"article","og_title":"Unifiedpost GmbH - BVBS Bundesverband Software und Digitalisierung im Bauwesen e.V.","og_description":"(bis 07\/2024 crossinx GmbH) BVBS-Mitgliedsunternehmen Allgemeines Die Unifiedpost GmbH bietet eine f\u00fchrende cloudbasierte Plattform f\u00fcr Gesch\u00e4ftsdienstleistungen in den Bereichen \u201eDocuments\u201c, \u201eIdentity\u201c und \u201ePayments\u201c. Gegr\u00fcndet als crossinx GmbH, ist sie heute Teil der Banqup Group aus Belgien. Die Gruppe hat mittlerweile \u00fcber 1.200 Mitarbeitende in mehr als 30 L\u00e4ndern. Unternehmen jeder Gr\u00f6\u00dfe und Branche sowie Beh\u00f6rden [&hellip;]","og_url":"https:\/\/www.bvbs.de\/en\/unifiedpost-gmbh\/","og_site_name":"BVBS Bundesverband Software und Digitalisierung im Bauwesen e.V.","article_modified_time":"2026-05-06T07:24:25+00:00","twitter_card":"summary_large_image","twitter_misc":{"Estimated reading time":"4 minutes"},"schema":{"@context":"https:\/\/schema.org","@graph":[{"@type":"WebPage","@id":"https:\/\/www.bvbs.de\/unifiedpost-gmbh\/","url":"https:\/\/www.bvbs.de\/unifiedpost-gmbh\/","name":"Uni\u00adfied\u00adpost GmbH \u2014 BVBS Bun\u00addes\u00adver\u00adband Soft\u00adware und Digi\u00adta\u00adli\u00adsie\u00adrung im Bau\u00adwe\u00adsen e.V.","isPartOf":{"@id":"https:\/\/www.bvbs.de\/#website"},"datePublished":"2022-04-08T12:01:46+00:00","dateModified":"2026-05-06T07:24:25+00:00","breadcrumb":{"@id":"https:\/\/www.bvbs.de\/unifiedpost-gmbh\/#breadcrumb"},"inLanguage":"en-GB","potentialAction":[{"@type":"ReadAction","target":["https:\/\/www.bvbs.de\/unifiedpost-gmbh\/"]}]},{"@type":"BreadcrumbList","@id":"https:\/\/www.bvbs.de\/unifiedpost-gmbh\/#breadcrumb","itemListElement":[{"@type":"ListItem","position":1,"name":"Startseite","item":"https:\/\/www.bvbs.de\/"},{"@type":"ListItem","position":2,"name":"Unifiedpost GmbH"}]},{"@type":"WebSite","@id":"https:\/\/www.bvbs.de\/#website","url":"https:\/\/www.bvbs.de\/","name":"BVBS Bun\u00addes\u00adver\u00adband Soft\u00adware und Digi\u00adta\u00adli\u00adsie\u00adrung im Bau\u00adwe\u00adsen e.V.","description":"","publisher":{"@id":"https:\/\/www.bvbs.de\/#organization"},"potentialAction":[{"@type":"SearchAction","target":{"@type":"EntryPoint","urlTemplate":"https:\/\/www.bvbs.de\/?s={search_term_string}"},"query-input":{"@type":"PropertyValueSpecification","valueRequired":true,"valueName":"search_term_string"}}],"inLanguage":"en-GB"},{"@type":"Organization","@id":"https:\/\/www.bvbs.de\/#organization","name":"BVBS Bun\u00addes\u00adver\u00adband Soft\u00adware und Digi\u00adta\u00adli\u00adsie\u00adrung im Bauwesen","url":"https:\/\/www.bvbs.de\/","logo":{"@type":"ImageObject","inLanguage":"en-GB","@id":"https:\/\/www.bvbs.de\/#\/schema\/logo\/image\/","url":"https:\/\/www.bvbs.de\/wp-content\/uploads\/2024\/01\/cropped-favicon-bvbs.png","contentUrl":"https:\/\/www.bvbs.de\/wp-content\/uploads\/2024\/01\/cropped-favicon-bvbs.png","width":512,"height":512,"caption":"BVBS Bundesverband Software und Digitalisierung im Bauwesen"},"image":{"@id":"https:\/\/www.bvbs.de\/#\/schema\/logo\/image\/"}}]}},"_links":{"self":[{"href":"https:\/\/www.bvbs.de\/en\/wp-json\/wp\/v2\/pages\/7465","targetHints":{"allow":["GET"]}}],"collection":[{"href":"https:\/\/www.bvbs.de\/en\/wp-json\/wp\/v2\/pages"}],"about":[{"href":"https:\/\/www.bvbs.de\/en\/wp-json\/wp\/v2\/types\/page"}],"author":[{"embeddable":true,"href":"https:\/\/www.bvbs.de\/en\/wp-json\/wp\/v2\/users\/760"}],"replies":[{"embeddable":true,"href":"https:\/\/www.bvbs.de\/en\/wp-json\/wp\/v2\/comments?post=7465"}],"version-history":[{"count":2,"href":"https:\/\/www.bvbs.de\/en\/wp-json\/wp\/v2\/pages\/7465\/revisions"}],"predecessor-version":[{"id":29219,"href":"https:\/\/www.bvbs.de\/en\/wp-json\/wp\/v2\/pages\/7465\/revisions\/29219"}],"wp:attachment":[{"href":"https:\/\/www.bvbs.de\/en\/wp-json\/wp\/v2\/media?parent=7465"}],"curies":[{"name":"wp","href":"https:\/\/api.w.org\/{rel}","templated":true}]}}