{"id":7785,"date":"2022-06-29T14:58:12","date_gmt":"2022-06-29T12:58:12","guid":{"rendered":"https:\/\/www.bvbs.de\/ascora-2-copy\/"},"modified":"2025-09-25T09:56:03","modified_gmt":"2025-09-25T07:56:03","slug":"anouri","status":"publish","type":"page","link":"https:\/\/www.bvbs.de\/en\/anouri\/","title":{"rendered":"anou\u00adri&nbsp;GmbH"},"content":{"rendered":"<p>[et_pb_section fb_built=&#8220;1&#8243; fullwidth=&#8220;on&#8220; _builder_version=&#8220;4.16&#8243; global_colors_info=&#8220;{}&#8220;][et_pb_fullwidth_slider _builder_version=&#8220;4.16&#8243; header_font=&#8220;Roboto||||||||&#8220; body_font=&#8220;Roboto||||||||&#8220; background_image=&#8220;https:\/\/www.bvbs.de\/wp-content\/uploads\/2021\/02\/mitglieder-bg.jpg&#8220; global_colors_info=&#8220;{}&#8220; button_text_size__hover_enabled=&#8220;off&#8220; button_one_text_size__hover_enabled=&#8220;off&#8220; button_two_text_size__hover_enabled=&#8220;off&#8220; button_text_color__hover_enabled=&#8220;off&#8220; button_one_text_color__hover_enabled=&#8220;off&#8220; button_two_text_color__hover_enabled=&#8220;off&#8220; button_border_width__hover_enabled=&#8220;off&#8220; button_one_border_width__hover_enabled=&#8220;off&#8220; button_two_border_width__hover_enabled=&#8220;off&#8220; button_border_color__hover_enabled=&#8220;off&#8220; button_one_border_color__hover_enabled=&#8220;off&#8220; button_two_border_color__hover_enabled=&#8220;off&#8220; button_border_radius__hover_enabled=&#8220;off&#8220; button_one_border_radius__hover_enabled=&#8220;off&#8220; button_two_border_radius__hover_enabled=&#8220;off&#8220; button_letter_spacing__hover_enabled=&#8220;off&#8220; button_one_letter_spacing__hover_enabled=&#8220;off&#8220; button_two_letter_spacing__hover_enabled=&#8220;off&#8220; button_bg_color__hover_enabled=&#8220;off&#8220; button_one_bg_color__hover_enabled=&#8220;off&#8220; button_two_bg_color__hover_enabled=&#8220;off&#8220;][et_pb_slide heading=&#8220;anouri GmbH&#8220; use_bg_overlay=&#8220;off&#8220; use_text_overlay=&#8220;off&#8220; _builder_version=&#8220;4.16&#8243; header_level=&#8220;h1&#8243; header_font=&#8220;Roboto|700|||||||&#8220; header_font_size=&#8220;55px&#8220; background_color=&#8220;#ffffff&#8220; button_on_hover=&#8220;on&#8220; header_font_size_tablet=&#8220;55px&#8220; header_font_size_phone=&#8220;55px&#8220; global_colors_info=&#8220;{}&#8220; button_text_size__hover_enabled=&#8220;off&#8220; button_one_text_size__hover_enabled=&#8220;off&#8220; button_two_text_size__hover_enabled=&#8220;off&#8220; button_text_color__hover_enabled=&#8220;off&#8220; button_one_text_color__hover_enabled=&#8220;off&#8220; button_two_text_color__hover_enabled=&#8220;off&#8220; button_border_width__hover_enabled=&#8220;off&#8220; button_one_border_width__hover_enabled=&#8220;off&#8220; button_two_border_width__hover_enabled=&#8220;off&#8220; button_border_color__hover_enabled=&#8220;off&#8220; button_one_border_color__hover_enabled=&#8220;off&#8220; button_two_border_color__hover_enabled=&#8220;off&#8220; button_border_radius__hover_enabled=&#8220;off&#8220; button_one_border_radius__hover_enabled=&#8220;off&#8220; button_two_border_radius__hover_enabled=&#8220;off&#8220; button_letter_spacing__hover_enabled=&#8220;off&#8220; button_one_letter_spacing__hover_enabled=&#8220;off&#8220; button_two_letter_spacing__hover_enabled=&#8220;off&#8220; button_bg_color__hover_enabled=&#8220;off&#8220; button_one_bg_color__hover_enabled=&#8220;off&#8220; button_two_bg_color__hover_enabled=&#8220;off&#8220; sticky_transition=&#8220;on&#8220;]BVBS Mitgliedsunternehmen<br \/>\n[\/et_pb_slide][\/et_pb_fullwidth_slider][\/et_pb_section][et_pb_section fb_built=&#8220;1&#8243; _builder_version=&#8220;4.16&#8243; global_colors_info=&#8220;{}&#8220;][et_pb_row column_structure=&#8220;1_3,2_3&#8243; disabled_on=&#8220;off|off|off&#8220; _builder_version=&#8220;4.27.3&#8243; custom_padding=&#8220;27px|0px|50px|0px&#8220; border_color_all=&#8220;rgba(51,51,51,0.25)&#8220; border_width_bottom=&#8220;1px&#8220; global_colors_info=&#8220;{}&#8220;][et_pb_column type=&#8220;1_3&#8243; _builder_version=&#8220;4.16&#8243; custom_padding=&#8220;|||&#8220; global_colors_info=&#8220;{}&#8220; custom_padding__hover=&#8220;|||&#8220;][et_pb_text _builder_version=&#8220;4.16&#8243; text_font=&#8220;Roboto|700|||||||&#8220; text_font_size=&#8220;40px&#8220; global_colors_info=&#8220;{}&#8220;]<span style=\"color: #696666;\">Allgemeines<\/span><br \/>\n[\/et_pb_text][\/et_pb_column][et_pb_column type=&#8220;2_3&#8243; _builder_version=&#8220;4.16&#8243; custom_padding=&#8220;|||&#8220; global_colors_info=&#8220;{}&#8220; custom_padding__hover=&#8220;|||&#8220;][et_pb_text _builder_version=&#8220;4.27.3&#8243; global_colors_info=&#8220;{}&#8220;]<\/p>\n<p>Die anouri GmbH aus Gelnhausen ist ein Softwarehaus mit Schwerpunkt in den Bereichen IT-Beratung und Softwareentwicklung im Umfeld von Microsoft Technologien. 2017 gr\u00fcndeten Manuel Pieke und Walter Nix das Unternehmen anouri, das aktuell neun Mitarbeiter besch\u00e4ftigt. Zu den \u00fcber 17.000 Kunden geh\u00f6ren Unternehmen aus verschiedenen Bereichen und unterschiedlicher Gr\u00f6\u00dfen.<\/p>\n<p>anouri arbeitet kontinuierlich am vertikalen und horizontalen Wachstum seiner Software-Produkte. Seit 2023 besch\u00e4ftigt sich das Unternehmen intensiv mit dem Einsatz K\u00fcnstlicher Intelligenz, um seine Produkte gezielt zu verbessern. Ein besonderer Fokus liegt auf der LV-Analyse in GAEB365.online als Grundlage f\u00fcr eine effektivere Kalkulation.<\/p>\n<p>Im Kontext der Microsoft Technologien konzentriert sich anouri insbesondere auf Microsoft 365 und Microsoft Azure. Hier greift das Unternehmen auf eine umfassende Fachkompetenz aus der Projektarbeit zur\u00fcck.<\/p>\n<p>[\/et_pb_text][\/et_pb_column][\/et_pb_row][et_pb_row column_structure=&#8220;1_3,2_3&#8243; disabled_on=&#8220;off|off|off&#8220; _builder_version=&#8220;4.27.3&#8243; custom_padding=&#8220;27px|0px|50px|0px&#8220; border_color_all=&#8220;rgba(51,51,51,0.25)&#8220; border_width_bottom=&#8220;1px&#8220; global_colors_info=&#8220;{}&#8220;][et_pb_column type=&#8220;1_3&#8243; _builder_version=&#8220;4.16&#8243; custom_padding=&#8220;|||&#8220; global_colors_info=&#8220;{}&#8220; custom_padding__hover=&#8220;|||&#8220;][et_pb_text disabled_on=&#8220;off|off|off&#8220; _builder_version=&#8220;4.27.3&#8243; text_font=&#8220;Roboto|700|||||||&#8220; text_font_size=&#8220;40px&#8220; global_colors_info=&#8220;{}&#8220;]<\/p>\n<p><span style=\"color: #696666;\">Produkte<\/span><\/p>\n<p>[\/et_pb_text][\/et_pb_column][et_pb_column type=&#8220;2_3&#8243; _builder_version=&#8220;4.16&#8243; custom_padding=&#8220;|||&#8220; global_colors_info=&#8220;{}&#8220; custom_padding__hover=&#8220;|||&#8220;][et_pb_text _builder_version=&#8220;4.27.3&#8243; global_colors_info=&#8220;{}&#8220;]<\/p>\n<p><a href=\"https:\/\/gaeb.tools\/\" target=\"_blank\" rel=\"noopener\"><strong>GAEB.tools<\/strong><\/a> mit den L\u00f6sungen<\/p>\n<ul>\n<li><a href=\"https:\/\/gaeb-365.online\/\" target=\"_blank\" rel=\"noopener\">GAEB365.online<\/a> f\u00fcr den Bereich Bau, Unterhalt und Dienstleistung<\/li>\n<li>GAEB365.local f\u00fcr den Bereich Bau, Unterhalt und Dienstleistung<\/li>\n<\/ul>\n<p><strong><br \/><a href=\"https:\/\/anouri.gmbh\/software-loesungen\/besucherverwaltung\/\" target=\"_blank\" rel=\"noopener\">Besuchermanagement B365<\/a><br \/><\/strong><span style=\"font-size: 15px;\">Beschleunigung des Anmeldeverfahrens von <\/span><span style=\"font-size: 15px; background-color: #ffffff;\">Unternehmensb<\/span><span style=\"font-size: 15px;\">esuchern<\/span><span style=\"font-size: 15px;\">\u00a0<\/span><\/p>\n<p><strong><br \/>Messwertplattform \/ Z\u00e4hlermanagement f\u00fcr Energieversorger \/ Energieerzeuger<\/strong><\/p>\n<p><strong><br \/>Projektmanagement Energie f\u00fcr Energieversorger \/ Energieerzeuger<\/strong><\/p>\n<p>[\/et_pb_text][\/et_pb_column][\/et_pb_row][et_pb_row column_structure=&#8220;1_3,1_3,1_3&#8243; _builder_version=&#8220;4.16&#8243; custom_padding=&#8220;50px|0px|27px|0px&#8220; global_colors_info=&#8220;{}&#8220;][et_pb_column type=&#8220;1_3&#8243; _builder_version=&#8220;4.16&#8243; custom_padding=&#8220;|||&#8220; global_colors_info=&#8220;{}&#8220; custom_padding__hover=&#8220;|||&#8220;][et_pb_text disabled_on=&#8220;off|off|off&#8220; _builder_version=&#8220;4.16&#8243; text_font=&#8220;Roboto|700|||||||&#8220; text_text_color=&#8220;#323232&#8243; text_font_size=&#8220;40px&#8220; global_colors_info=&#8220;{}&#8220;]<span style=\"color: #696666;\">Kontakt<\/span><br \/>\n[\/et_pb_text][\/et_pb_column][et_pb_column type=&#8220;1_3&#8243; _builder_version=&#8220;4.16&#8243; custom_padding=&#8220;|||&#8220; global_colors_info=&#8220;{}&#8220; custom_padding__hover=&#8220;|||&#8220;][et_pb_text _builder_version=&#8220;4.27.3&#8243; custom_margin=&#8220;|||&#8220; custom_padding=&#8220;|||&#8220; global_colors_info=&#8220;{}&#8220;]<\/p>\n<div>\n<p><strong>anouri GmbH<\/strong><\/p>\n<div>Alte Leipziger Str. 62<br \/>63571 Gelnhausen<\/div>\n<\/div>\n<p>Telefon:\u00a0 \u00a0+49\u00a060 51 \u2013 700 29 36<br \/>E-Mail:\u00a0 \u00a0 \u00a0<a href=\"mailto:info@anouri.gmbh\" target=\"_blank\" rel=\"noopener\">info@anouri.gmbh<\/a><br \/>Internet:\u00a0 \u00a0<a href=\"https:\/\/anouri.gmbh\/\" target=\"_blank\" rel=\"noopener noreferrer\">www.anouri.gmbh<\/a><\/p>\n<p>[\/et_pb_text][\/et_pb_column][et_pb_column type=&#8220;1_3&#8243; _builder_version=&#8220;4.16&#8243; custom_padding=&#8220;|||&#8220; global_colors_info=&#8220;{}&#8220; custom_padding__hover=&#8220;|||&#8220;][et_pb_image src=&#8220;https:\/\/www.bvbs.de\/wp-content\/uploads\/2022\/06\/anouri_2022.png&#8220; align_tablet=&#8220;left&#8220; align_phone=&#8220;left&#8220; align_last_edited=&#8220;on|phone&#8220; _builder_version=&#8220;4.27.3&#8243; max_width=&#8220;76%&#8220; hover_enabled=&#8220;0&#8243; global_colors_info=&#8220;{}&#8220; sticky_enabled=&#8220;0&#8243;][\/et_pb_image][\/et_pb_column][\/et_pb_row][\/et_pb_section]<\/p>\n","protected":false},"excerpt":{"rendered":"<p>BVBS Mitgliedsunternehmen Allgemeines Die anouri GmbH aus Gelnhausen ist ein Softwarehaus mit Schwerpunkt in den Bereichen IT-Beratung und Softwareentwicklung im Umfeld von Microsoft Technologien. 2017 gr\u00fcndeten Manuel Pieke und Walter Nix das Unternehmen anouri, das aktuell neun Mitarbeiter besch\u00e4ftigt. Zu den \u00fcber 17.000 Kunden geh\u00f6ren Unternehmen aus verschiedenen Bereichen und unterschiedlicher Gr\u00f6\u00dfen. anouri arbeitet kontinuierlich [&hellip;]<\/p>\n","protected":false},"author":760,"featured_media":0,"parent":0,"menu_order":0,"comment_status":"closed","ping_status":"closed","template":"","meta":{"_et_pb_use_builder":"on","_et_pb_old_content":"","_et_gb_content_width":"","wp_typography_post_enhancements_disabled":false,"footnotes":""},"class_list":["post-7785","page","type-page","status-publish","hentry"],"yoast_head":"<!-- This site is optimized with the Yoast SEO plugin v26.1.1 - https:\/\/yoast.com\/wordpress\/plugins\/seo\/ -->\r\n<title>anouri GmbH - BVBS Bundesverband Software und Digitalisierung im Bauwesen e.V.<\/title>\r\n<meta name=\"description\" content=\"Die anouri GmbH ist ein Softwarehaus und hat ihren Schwerpunkt in den Bereichen IT-Beratung und Softwareentwicklung .\" \/>\r\n<meta name=\"robots\" content=\"index, follow, max-snippet:-1, max-image-preview:large, max-video-preview:-1\" \/>\r\n<link rel=\"canonical\" href=\"https:\/\/www.bvbs.de\/en\/anouri\/\" \/>\r\n<meta property=\"og:locale\" content=\"en_GB\" \/>\r\n<meta property=\"og:type\" content=\"article\" \/>\r\n<meta property=\"og:title\" content=\"anouri GmbH - BVBS Bundesverband Software und Digitalisierung im Bauwesen e.V.\" \/>\r\n<meta property=\"og:description\" content=\"Die anouri GmbH ist ein Softwarehaus und hat ihren Schwerpunkt in den Bereichen IT-Beratung und Softwareentwicklung .\" \/>\r\n<meta property=\"og:url\" content=\"https:\/\/www.bvbs.de\/en\/anouri\/\" \/>\r\n<meta property=\"og:site_name\" content=\"BVBS Bundesverband Software und Digitalisierung im Bauwesen e.V.\" \/>\r\n<meta property=\"article:modified_time\" content=\"2025-09-25T07:56:03+00:00\" \/>\r\n<meta name=\"twitter:card\" content=\"summary_large_image\" \/>\r\n<meta name=\"twitter:label1\" content=\"Estimated reading time\" \/>\n\t<meta name=\"twitter:data1\" content=\"2 minutes\" \/>\r\n<script type=\"application\/ld+json\" class=\"yoast-schema-graph\">{\"@context\":\"https:\/\/schema.org\",\"@graph\":[{\"@type\":\"WebPage\",\"@id\":\"https:\/\/www.bvbs.de\/anouri\/\",\"url\":\"https:\/\/www.bvbs.de\/anouri\/\",\"name\":\"anouri GmbH - BVBS Bundesverband Software und Digitalisierung im Bauwesen e.V.\",\"isPartOf\":{\"@id\":\"https:\/\/www.bvbs.de\/#website\"},\"datePublished\":\"2022-06-29T12:58:12+00:00\",\"dateModified\":\"2025-09-25T07:56:03+00:00\",\"description\":\"Die anouri GmbH ist ein Softwarehaus und hat ihren Schwerpunkt in den Bereichen IT-Beratung und Softwareentwicklung .\",\"breadcrumb\":{\"@id\":\"https:\/\/www.bvbs.de\/anouri\/#breadcrumb\"},\"inLanguage\":\"en-GB\",\"potentialAction\":[{\"@type\":\"ReadAction\",\"target\":[\"https:\/\/www.bvbs.de\/anouri\/\"]}]},{\"@type\":\"BreadcrumbList\",\"@id\":\"https:\/\/www.bvbs.de\/anouri\/#breadcrumb\",\"itemListElement\":[{\"@type\":\"ListItem\",\"position\":1,\"name\":\"Startseite\",\"item\":\"https:\/\/www.bvbs.de\/\"},{\"@type\":\"ListItem\",\"position\":2,\"name\":\"anouri GmbH\"}]},{\"@type\":\"WebSite\",\"@id\":\"https:\/\/www.bvbs.de\/#website\",\"url\":\"https:\/\/www.bvbs.de\/\",\"name\":\"BVBS Bundesverband Software und Digitalisierung im Bauwesen e.V.\",\"description\":\"\",\"publisher\":{\"@id\":\"https:\/\/www.bvbs.de\/#organization\"},\"potentialAction\":[{\"@type\":\"SearchAction\",\"target\":{\"@type\":\"EntryPoint\",\"urlTemplate\":\"https:\/\/www.bvbs.de\/?s={search_term_string}\"},\"query-input\":{\"@type\":\"PropertyValueSpecification\",\"valueRequired\":true,\"valueName\":\"search_term_string\"}}],\"inLanguage\":\"en-GB\"},{\"@type\":\"Organization\",\"@id\":\"https:\/\/www.bvbs.de\/#organization\",\"name\":\"BVBS Bundesverband Software und Digitalisierung im Bauwesen\",\"url\":\"https:\/\/www.bvbs.de\/\",\"logo\":{\"@type\":\"ImageObject\",\"inLanguage\":\"en-GB\",\"@id\":\"https:\/\/www.bvbs.de\/#\/schema\/logo\/image\/\",\"url\":\"https:\/\/www.bvbs.de\/wp-content\/uploads\/2024\/01\/cropped-favicon-bvbs.png\",\"contentUrl\":\"https:\/\/www.bvbs.de\/wp-content\/uploads\/2024\/01\/cropped-favicon-bvbs.png\",\"width\":512,\"height\":512,\"caption\":\"BVBS Bundesverband Software und Digitalisierung im Bauwesen\"},\"image\":{\"@id\":\"https:\/\/www.bvbs.de\/#\/schema\/logo\/image\/\"}}]}<\/script>\r\n<!-- \/ Yoast SEO plugin. -->","yoast_head_json":{"title":"anou\u00adri GmbH \u2014 BVBS Bun\u00addes\u00adver\u00adband Soft\u00adware und Digi\u00adta\u00adli\u00adsie\u00adrung im Bau\u00adwe\u00adsen e.V.","description":"Die anou\u00adri GmbH ist ein Soft\u00adware\u00adhaus und hat ihren Schwer\u00adpunkt in den Berei\u00adchen IT-Bera\u00adtung und Softwareentwicklung&nbsp;.","robots":{"index":"index","follow":"follow","max-snippet":"max-snippet:-1","max-image-preview":"max-image-preview:large","max-video-preview":"max-video-preview:-1"},"canonical":"https:\/\/www.bvbs.de\/en\/anouri\/","og_locale":"en_GB","og_type":"article","og_title":"anouri GmbH - BVBS Bundesverband Software und Digitalisierung im Bauwesen e.V.","og_description":"Die anouri GmbH ist ein Softwarehaus und hat ihren Schwerpunkt in den Bereichen IT-Beratung und Softwareentwicklung .","og_url":"https:\/\/www.bvbs.de\/en\/anouri\/","og_site_name":"BVBS Bundesverband Software und Digitalisierung im Bauwesen e.V.","article_modified_time":"2025-09-25T07:56:03+00:00","twitter_card":"summary_large_image","twitter_misc":{"Estimated reading time":"2 minutes"},"schema":{"@context":"https:\/\/schema.org","@graph":[{"@type":"WebPage","@id":"https:\/\/www.bvbs.de\/anouri\/","url":"https:\/\/www.bvbs.de\/anouri\/","name":"anou\u00adri GmbH \u2014 BVBS Bun\u00addes\u00adver\u00adband Soft\u00adware und Digi\u00adta\u00adli\u00adsie\u00adrung im Bau\u00adwe\u00adsen e.V.","isPartOf":{"@id":"https:\/\/www.bvbs.de\/#website"},"datePublished":"2022-06-29T12:58:12+00:00","dateModified":"2025-09-25T07:56:03+00:00","description":"Die anou\u00adri GmbH ist ein Soft\u00adware\u00adhaus und hat ihren Schwer\u00adpunkt in den Berei\u00adchen IT-Bera\u00adtung und Softwareentwicklung&nbsp;.","breadcrumb":{"@id":"https:\/\/www.bvbs.de\/anouri\/#breadcrumb"},"inLanguage":"en-GB","potentialAction":[{"@type":"ReadAction","target":["https:\/\/www.bvbs.de\/anouri\/"]}]},{"@type":"BreadcrumbList","@id":"https:\/\/www.bvbs.de\/anouri\/#breadcrumb","itemListElement":[{"@type":"ListItem","position":1,"name":"Startseite","item":"https:\/\/www.bvbs.de\/"},{"@type":"ListItem","position":2,"name":"anouri GmbH"}]},{"@type":"WebSite","@id":"https:\/\/www.bvbs.de\/#website","url":"https:\/\/www.bvbs.de\/","name":"BVBS Bun\u00addes\u00adver\u00adband Soft\u00adware und Digi\u00adta\u00adli\u00adsie\u00adrung im Bau\u00adwe\u00adsen e.V.","description":"","publisher":{"@id":"https:\/\/www.bvbs.de\/#organization"},"potentialAction":[{"@type":"SearchAction","target":{"@type":"EntryPoint","urlTemplate":"https:\/\/www.bvbs.de\/?s={search_term_string}"},"query-input":{"@type":"PropertyValueSpecification","valueRequired":true,"valueName":"search_term_string"}}],"inLanguage":"en-GB"},{"@type":"Organization","@id":"https:\/\/www.bvbs.de\/#organization","name":"BVBS Bun\u00addes\u00adver\u00adband Soft\u00adware und Digi\u00adta\u00adli\u00adsie\u00adrung im Bauwesen","url":"https:\/\/www.bvbs.de\/","logo":{"@type":"ImageObject","inLanguage":"en-GB","@id":"https:\/\/www.bvbs.de\/#\/schema\/logo\/image\/","url":"https:\/\/www.bvbs.de\/wp-content\/uploads\/2024\/01\/cropped-favicon-bvbs.png","contentUrl":"https:\/\/www.bvbs.de\/wp-content\/uploads\/2024\/01\/cropped-favicon-bvbs.png","width":512,"height":512,"caption":"BVBS Bundesverband Software und Digitalisierung im Bauwesen"},"image":{"@id":"https:\/\/www.bvbs.de\/#\/schema\/logo\/image\/"}}]}},"_links":{"self":[{"href":"https:\/\/www.bvbs.de\/en\/wp-json\/wp\/v2\/pages\/7785","targetHints":{"allow":["GET"]}}],"collection":[{"href":"https:\/\/www.bvbs.de\/en\/wp-json\/wp\/v2\/pages"}],"about":[{"href":"https:\/\/www.bvbs.de\/en\/wp-json\/wp\/v2\/types\/page"}],"author":[{"embeddable":true,"href":"https:\/\/www.bvbs.de\/en\/wp-json\/wp\/v2\/users\/760"}],"replies":[{"embeddable":true,"href":"https:\/\/www.bvbs.de\/en\/wp-json\/wp\/v2\/comments?post=7785"}],"version-history":[{"count":0,"href":"https:\/\/www.bvbs.de\/en\/wp-json\/wp\/v2\/pages\/7785\/revisions"}],"wp:attachment":[{"href":"https:\/\/www.bvbs.de\/en\/wp-json\/wp\/v2\/media?parent=7785"}],"curies":[{"name":"wp","href":"https:\/\/api.w.org\/{rel}","templated":true}]}}