{"id":8228,"date":"2022-08-23T13:15:37","date_gmt":"2022-08-23T11:15:37","guid":{"rendered":"https:\/\/www.bvbs.de\/advantage-it-copy\/"},"modified":"2025-07-10T20:11:10","modified_gmt":"2025-07-10T18:11:10","slug":"wuerth","status":"publish","type":"page","link":"https:\/\/www.bvbs.de\/en\/wuerth\/","title":{"rendered":"Adolf W\u00fcrth GmbH &amp; Co.&nbsp;KG"},"content":{"rendered":"<p>[et_pb_section fb_built=&#8220;1&#8243; fullwidth=&#8220;on&#8220; _builder_version=&#8220;4.16&#8243; global_colors_info=&#8220;{}&#8220;][et_pb_fullwidth_slider _builder_version=&#8220;4.16&#8243; header_font=&#8220;Roboto||||||||&#8220; body_font=&#8220;Roboto||||||||&#8220; background_image=&#8220;https:\/\/www.bvbs.de\/wp-content\/uploads\/2021\/02\/mitglieder-bg.jpg&#8220; global_colors_info=&#8220;{}&#8220; button_text_size__hover_enabled=&#8220;off&#8220; button_one_text_size__hover_enabled=&#8220;off&#8220; button_two_text_size__hover_enabled=&#8220;off&#8220; button_text_color__hover_enabled=&#8220;off&#8220; button_one_text_color__hover_enabled=&#8220;off&#8220; button_two_text_color__hover_enabled=&#8220;off&#8220; button_border_width__hover_enabled=&#8220;off&#8220; button_one_border_width__hover_enabled=&#8220;off&#8220; button_two_border_width__hover_enabled=&#8220;off&#8220; button_border_color__hover_enabled=&#8220;off&#8220; button_one_border_color__hover_enabled=&#8220;off&#8220; button_two_border_color__hover_enabled=&#8220;off&#8220; button_border_radius__hover_enabled=&#8220;off&#8220; button_one_border_radius__hover_enabled=&#8220;off&#8220; button_two_border_radius__hover_enabled=&#8220;off&#8220; button_letter_spacing__hover_enabled=&#8220;off&#8220; button_one_letter_spacing__hover_enabled=&#8220;off&#8220; button_two_letter_spacing__hover_enabled=&#8220;off&#8220; button_bg_color__hover_enabled=&#8220;off&#8220; button_one_bg_color__hover_enabled=&#8220;off&#8220; button_two_bg_color__hover_enabled=&#8220;off&#8220;][et_pb_slide heading=&#8220;Adolf W\u00fcrth GmbH &#038; Co. KG&#8220; use_bg_overlay=&#8220;off&#8220; use_text_overlay=&#8220;off&#8220; _builder_version=&#8220;4.16&#8243; header_level=&#8220;h1&#8243; header_font=&#8220;Roboto|700|||||||&#8220; header_font_size=&#8220;55px&#8220; background_color=&#8220;#ffffff&#8220; button_on_hover=&#8220;on&#8220; header_font_size_tablet=&#8220;55px&#8220; header_font_size_phone=&#8220;55px&#8220; global_colors_info=&#8220;{}&#8220; button_text_size__hover_enabled=&#8220;off&#8220; button_one_text_size__hover_enabled=&#8220;off&#8220; button_two_text_size__hover_enabled=&#8220;off&#8220; button_text_color__hover_enabled=&#8220;off&#8220; button_one_text_color__hover_enabled=&#8220;off&#8220; button_two_text_color__hover_enabled=&#8220;off&#8220; button_border_width__hover_enabled=&#8220;off&#8220; button_one_border_width__hover_enabled=&#8220;off&#8220; button_two_border_width__hover_enabled=&#8220;off&#8220; button_border_color__hover_enabled=&#8220;off&#8220; button_one_border_color__hover_enabled=&#8220;off&#8220; button_two_border_color__hover_enabled=&#8220;off&#8220; button_border_radius__hover_enabled=&#8220;off&#8220; button_one_border_radius__hover_enabled=&#8220;off&#8220; button_two_border_radius__hover_enabled=&#8220;off&#8220; button_letter_spacing__hover_enabled=&#8220;off&#8220; button_one_letter_spacing__hover_enabled=&#8220;off&#8220; button_two_letter_spacing__hover_enabled=&#8220;off&#8220; button_bg_color__hover_enabled=&#8220;off&#8220; button_one_bg_color__hover_enabled=&#8220;off&#8220; button_two_bg_color__hover_enabled=&#8220;off&#8220; sticky_transition=&#8220;on&#8220;]BVBS Mitgliedsunternehmen<br \/>\n[\/et_pb_slide][\/et_pb_fullwidth_slider][\/et_pb_section][et_pb_section fb_built=&#8220;1&#8243; _builder_version=&#8220;4.16&#8243; global_colors_info=&#8220;{}&#8220;][et_pb_row column_structure=&#8220;1_3,2_3&#8243; disabled_on=&#8220;off|off|off&#8220; _builder_version=&#8220;4.16&#8243; border_width_bottom=&#8220;1px&#8220; border_color_bottom=&#8220;rgba(105,102,102,0.36)&#8220; global_colors_info=&#8220;{}&#8220;][et_pb_column type=&#8220;1_3&#8243; _builder_version=&#8220;4.16&#8243; custom_padding=&#8220;|||&#8220; global_colors_info=&#8220;{}&#8220; custom_padding__hover=&#8220;|||&#8220;][et_pb_text _builder_version=&#8220;4.16&#8243; text_font=&#8220;Roboto|700|||||||&#8220; text_text_color=&#8220;#696666&#8243; text_font_size=&#8220;40px&#8220; global_colors_info=&#8220;{}&#8220;]Allgemeines<br \/>\n[\/et_pb_text][\/et_pb_column][et_pb_column type=&#8220;2_3&#8243; _builder_version=&#8220;4.16&#8243; custom_padding=&#8220;|||&#8220; global_colors_info=&#8220;{}&#8220; custom_padding__hover=&#8220;|||&#8220;][et_pb_text _builder_version=&#8220;4.27.3&#8243; hover_enabled=&#8220;0&#8243; global_colors_info=&#8220;{}&#8220; sticky_enabled=&#8220;0&#8243;]<\/p>\n<p>zum <strong><a href=\"https:\/\/www.wuerth.de\/web\/de\/awkg\/unternehmen\/portraet\/portraet.php\">Unternehmensportrait<\/a><\/strong> der Adolf W\u00fcrth GmbH &amp; Co. KG<\/p>\n<p>[\/et_pb_text][\/et_pb_column][\/et_pb_row][et_pb_row column_structure=&#8220;1_3,2_3&#8243; disabled_on=&#8220;off|off|off&#8220; _builder_version=&#8220;4.16&#8243; border_width_bottom=&#8220;1px&#8220; border_color_bottom=&#8220;rgba(105,102,102,0.36)&#8220; global_colors_info=&#8220;{}&#8220;][et_pb_column type=&#8220;1_3&#8243; _builder_version=&#8220;4.16&#8243; custom_padding=&#8220;|||&#8220; global_colors_info=&#8220;{}&#8220; custom_padding__hover=&#8220;|||&#8220;][et_pb_text _builder_version=&#8220;4.16&#8243; text_font=&#8220;Roboto|700|||||||&#8220; text_text_color=&#8220;#696666&#8243; text_font_size=&#8220;40px&#8220; global_colors_info=&#8220;{}&#8220;]Produkte<br \/>\n[\/et_pb_text][\/et_pb_column][et_pb_column type=&#8220;2_3&#8243; _builder_version=&#8220;4.16&#8243; custom_padding=&#8220;|||&#8220; global_colors_info=&#8220;{}&#8220; custom_padding__hover=&#8220;|||&#8220;][et_pb_text _builder_version=&#8220;4.27.3&#8243; hover_enabled=&#8220;0&#8243; global_colors_info=&#8220;{}&#8220; sticky_enabled=&#8220;0&#8243;]<\/p>\n<p><strong><a href=\"https:\/\/www.wuerth.de\/docusmart\" target=\"_blank\" rel=\"noopener\">DOCUsmart<\/a><\/strong><br \/>Die Baudokumentationssoftware von W\u00fcrth digitalisiert den kompletten Dokumentationsvorgang. Der Baufortschritt wird mit Hilfe von Fotos dokumentiert und ist f\u00fcr alle Beteiligten einsehbar. Zus\u00e4tzlich k\u00f6nnen Sie Pl\u00e4ne hinterlegen und verbaute Produkte inkl. wichtiger Unterlagen, wie Zulassungen (z.B. bei Brandschutzprodukten) direkt im Plan dokumentieren. Auch k\u00f6nnen Fehler und M\u00e4ngel fr\u00fch erkannt, als Aufgabe verteilt und deren Beseitigung dokumentiert werden. Dies steigert die Ausf\u00fchrungsqualit\u00e4t und tr\u00e4gt entscheidend zur Termintreue und Kostensicherheit bei. Abschlussberichte k\u00f6nnen jederzeit mit wenigen Klicks erstellt und Ihren Kunden zur Verf\u00fcgung gestellt werden.<\/p>\n<p><strong><a href=\"http:\/\/www.wuerth.de\/towio\" target=\"_blank\" rel=\"noopener\">Towio<\/a><\/strong><br \/>towio ist eine digitale Plattform, mit der sowohl B\u00fcroarbeiten als auch alle weiteren Abl\u00e4ufe auf der Baustelle oder im Lager einfacher und transparenter erledigt werden k\u00f6nnen. Denn towio vernetzt Ihr gesamtes Team und verringert den nervigen Papierkram f\u00fcr alle Beteiligten.<br \/>\u00dcber den integrierten App-Store liefert towio Handwerksbetrieben unterschiedliche Module, die passgenau zusammengestellt werden k\u00f6nnen. Nur die Module, die f\u00fcr Sie relevant sind, werden berechnet. Beispiele sind Auftragsbearbeitung, Material- und Lagerwirtschaft, Serviceberichte bzw. Digitalisierung individueller Berichte und Dokumente, uvm.<\/p>\n<p><strong><a href=\"http:\/\/www.wuerth.de\/orsyonline\" target=\"_blank\" rel=\"noopener\">ORSYonline<\/a><\/strong><br \/>Verwalten Sie Ihren Ger\u00e4tepark \u2013 clever, effizient und sicher. Zettelwirtschaft, Listen und l\u00e4stiges Suchen haben ein Ende. Mit der webbasierten Software ORSY\u00aeonline organisieren und verwalten Sie alle Maschinen und Betriebsmittel, die Sie f\u00fcr Ihre t\u00e4gliche Arbeit im Lager und auf der Baustelle brauchen. So behalten Sie den \u00dcberblick, wer gerade mit den Ger\u00e4ten unterwegs ist, wo sich Ihre Maschinen befinden und wann die n\u00e4chste Pr\u00fcfung der Betriebsmittel ansteht. Zus\u00e4tzlich k\u00f6nnen Sie Ihre Pr\u00fcftermine verwalten und haben die Pr\u00fcfberichte sowie alle anderen wichtigen Informationen jederzeit und ortsunabh\u00e4ngig in der App griffbereit.<\/p>\n<p><strong><a href=\"https:\/\/www.wuerth.de\/web\/de\/awkg\/services_link\/service\/werkstatt_nxt.php\" target=\"_blank\" rel=\"noopener\">Werkstatt.nxt<\/a><\/strong><br \/>Werkstattmanagement Software<br \/>Reparieren ist Ihre Leidenschaft. Aber der l\u00e4stige Papierkram geh\u00f6rt auch dazu? Nicht mit Werkstatt.NXT! Egal ob PKW, NFZ oder Landmaschinen. Die Prozesse Ihrer Werkstatt werden geb\u00fcndelt und \u00fcber nur eine Oberfl\u00e4che zentral gesteuert.<\/p>\n<p>[\/et_pb_text][\/et_pb_column][\/et_pb_row][et_pb_row column_structure=&#8220;1_3,1_3,1_3&#8243; _builder_version=&#8220;4.16&#8243; custom_padding=&#8220;50px|0px|27px|0px&#8220; global_colors_info=&#8220;{}&#8220;][et_pb_column type=&#8220;1_3&#8243; _builder_version=&#8220;4.16&#8243; custom_padding=&#8220;|||&#8220; global_colors_info=&#8220;{}&#8220; custom_padding__hover=&#8220;|||&#8220;][et_pb_text _builder_version=&#8220;4.16&#8243; text_font=&#8220;Roboto|700|||||||&#8220; text_text_color=&#8220;#323232&#8243; text_font_size=&#8220;40px&#8220; inline_fonts=&#8220;Roboto&#8220; global_colors_info=&#8220;{}&#8220;]<span style=\"color: #696666; font-family: Roboto;\">Kontakt<\/span><br \/>\n[\/et_pb_text][\/et_pb_column][et_pb_column type=&#8220;1_3&#8243; _builder_version=&#8220;4.16&#8243; custom_padding=&#8220;|||&#8220; global_colors_info=&#8220;{}&#8220; custom_padding__hover=&#8220;|||&#8220;][et_pb_text _builder_version=&#8220;4.27.3&#8243; custom_margin=&#8220;|||&#8220; custom_padding=&#8220;|||&#8220; hover_enabled=&#8220;0&#8243; inline_fonts=&#8220;Roboto&#8220; global_colors_info=&#8220;{}&#8220; sticky_enabled=&#8220;0&#8243;]<\/p>\n<p><strong>Adolf W\u00fcrth GmbH &amp; Co. KG<\/strong><\/p>\n<p>Reinhold-W\u00fcrth-Str. 12-17<br \/>74653 K\u00fcnzelsau<\/p>\n<p>Telefon:\u00a0 \u00a0 \u00a0+49 (0)7940 15-0<br \/>E-Mail:\u00a0 \u00a0 \u00a0 \u00a0 <a href=\"mailto:info@wuerth.com\">info@wuerth.com<\/a><br \/>Internet:\u00a0 \u00a0 \u00a0<a href=\"http:\/\/www.wuerth.de\" target=\"_blank\" rel=\"noopener noreferrer\">www.wuerth.de<\/a><\/p>\n<p>[\/et_pb_text][\/et_pb_column][et_pb_column type=&#8220;1_3&#8243; _builder_version=&#8220;4.16&#8243; custom_padding=&#8220;|||&#8220; global_colors_info=&#8220;{}&#8220; custom_padding__hover=&#8220;|||&#8220;][et_pb_image src=&#8220;https:\/\/www.bvbs.de\/wp-content\/uploads\/2022\/08\/150006-1.png&#8220; align_tablet=&#8220;center&#8220; align_phone=&#8220;center&#8220; align_last_edited=&#8220;on|desktop&#8220; _builder_version=&#8220;4.16&#8243; max_width=&#8220;76%&#8220; global_colors_info=&#8220;{}&#8220;]\u00a0<br \/>\n[\/et_pb_image][\/et_pb_column][\/et_pb_row][\/et_pb_section]<\/p>\n","protected":false},"excerpt":{"rendered":"<p>BVBS Mitgliedsunternehmen Allgemeines zum Unternehmensportrait der Adolf W\u00fcrth GmbH &amp; Co. KGProdukte DOCUsmartDie Baudokumentationssoftware von W\u00fcrth digitalisiert den kompletten Dokumentationsvorgang. Der Baufortschritt wird mit Hilfe von Fotos dokumentiert und ist f\u00fcr alle Beteiligten einsehbar. Zus\u00e4tzlich k\u00f6nnen Sie Pl\u00e4ne hinterlegen und verbaute Produkte inkl. wichtiger Unterlagen, wie Zulassungen (z.B. bei Brandschutzprodukten) direkt im Plan dokumentieren. Auch [&hellip;]<\/p>\n","protected":false},"author":760,"featured_media":0,"parent":0,"menu_order":0,"comment_status":"closed","ping_status":"closed","template":"","meta":{"_et_pb_use_builder":"on","_et_pb_old_content":"","_et_gb_content_width":"","wp_typography_post_enhancements_disabled":false,"footnotes":""},"class_list":["post-8228","page","type-page","status-publish","hentry"],"yoast_head":"<!-- This site is optimized with the Yoast SEO plugin v26.1.1 - https:\/\/yoast.com\/wordpress\/plugins\/seo\/ -->\r\n<title>Adolf W\u00fcrth GmbH &amp; Co. KG - BVBS Bundesverband Software und Digitalisierung im Bauwesen e.V.<\/title>\r\n<meta name=\"robots\" content=\"index, follow, max-snippet:-1, max-image-preview:large, max-video-preview:-1\" \/>\r\n<link rel=\"canonical\" href=\"https:\/\/www.bvbs.de\/en\/wuerth\/\" \/>\r\n<meta property=\"og:locale\" content=\"en_GB\" \/>\r\n<meta property=\"og:type\" content=\"article\" \/>\r\n<meta property=\"og:title\" content=\"Adolf W\u00fcrth GmbH &amp; Co. KG - BVBS Bundesverband Software und Digitalisierung im Bauwesen e.V.\" \/>\r\n<meta property=\"og:description\" content=\"BVBS Mitgliedsunternehmen Allgemeines zum Unternehmensportrait der Adolf W\u00fcrth GmbH &amp; Co. KGProdukte DOCUsmartDie Baudokumentationssoftware von W\u00fcrth digitalisiert den kompletten Dokumentationsvorgang. Der Baufortschritt wird mit Hilfe von Fotos dokumentiert und ist f\u00fcr alle Beteiligten einsehbar. Zus\u00e4tzlich k\u00f6nnen Sie Pl\u00e4ne hinterlegen und verbaute Produkte inkl. wichtiger Unterlagen, wie Zulassungen (z.B. bei Brandschutzprodukten) direkt im Plan dokumentieren. Auch [&hellip;]\" \/>\r\n<meta property=\"og:url\" content=\"https:\/\/www.bvbs.de\/en\/wuerth\/\" \/>\r\n<meta property=\"og:site_name\" content=\"BVBS Bundesverband Software und Digitalisierung im Bauwesen e.V.\" \/>\r\n<meta property=\"article:modified_time\" content=\"2025-07-10T18:11:10+00:00\" \/>\r\n<meta name=\"twitter:card\" content=\"summary_large_image\" \/>\r\n<meta name=\"twitter:label1\" content=\"Estimated reading time\" \/>\n\t<meta name=\"twitter:data1\" content=\"3 minutes\" \/>\r\n<script type=\"application\/ld+json\" class=\"yoast-schema-graph\">{\"@context\":\"https:\/\/schema.org\",\"@graph\":[{\"@type\":\"WebPage\",\"@id\":\"https:\/\/www.bvbs.de\/wuerth\/\",\"url\":\"https:\/\/www.bvbs.de\/wuerth\/\",\"name\":\"Adolf W\u00fcrth GmbH & Co. KG - BVBS Bundesverband Software und Digitalisierung im Bauwesen e.V.\",\"isPartOf\":{\"@id\":\"https:\/\/www.bvbs.de\/#website\"},\"datePublished\":\"2022-08-23T11:15:37+00:00\",\"dateModified\":\"2025-07-10T18:11:10+00:00\",\"breadcrumb\":{\"@id\":\"https:\/\/www.bvbs.de\/wuerth\/#breadcrumb\"},\"inLanguage\":\"en-GB\",\"potentialAction\":[{\"@type\":\"ReadAction\",\"target\":[\"https:\/\/www.bvbs.de\/wuerth\/\"]}]},{\"@type\":\"BreadcrumbList\",\"@id\":\"https:\/\/www.bvbs.de\/wuerth\/#breadcrumb\",\"itemListElement\":[{\"@type\":\"ListItem\",\"position\":1,\"name\":\"Startseite\",\"item\":\"https:\/\/www.bvbs.de\/\"},{\"@type\":\"ListItem\",\"position\":2,\"name\":\"Adolf W\u00fcrth GmbH &#038; Co. KG\"}]},{\"@type\":\"WebSite\",\"@id\":\"https:\/\/www.bvbs.de\/#website\",\"url\":\"https:\/\/www.bvbs.de\/\",\"name\":\"BVBS Bundesverband Software und Digitalisierung im Bauwesen e.V.\",\"description\":\"\",\"publisher\":{\"@id\":\"https:\/\/www.bvbs.de\/#organization\"},\"potentialAction\":[{\"@type\":\"SearchAction\",\"target\":{\"@type\":\"EntryPoint\",\"urlTemplate\":\"https:\/\/www.bvbs.de\/?s={search_term_string}\"},\"query-input\":{\"@type\":\"PropertyValueSpecification\",\"valueRequired\":true,\"valueName\":\"search_term_string\"}}],\"inLanguage\":\"en-GB\"},{\"@type\":\"Organization\",\"@id\":\"https:\/\/www.bvbs.de\/#organization\",\"name\":\"BVBS Bundesverband Software und Digitalisierung im Bauwesen\",\"url\":\"https:\/\/www.bvbs.de\/\",\"logo\":{\"@type\":\"ImageObject\",\"inLanguage\":\"en-GB\",\"@id\":\"https:\/\/www.bvbs.de\/#\/schema\/logo\/image\/\",\"url\":\"https:\/\/www.bvbs.de\/wp-content\/uploads\/2024\/01\/cropped-favicon-bvbs.png\",\"contentUrl\":\"https:\/\/www.bvbs.de\/wp-content\/uploads\/2024\/01\/cropped-favicon-bvbs.png\",\"width\":512,\"height\":512,\"caption\":\"BVBS Bundesverband Software und Digitalisierung im Bauwesen\"},\"image\":{\"@id\":\"https:\/\/www.bvbs.de\/#\/schema\/logo\/image\/\"}}]}<\/script>\r\n<!-- \/ Yoast SEO plugin. -->","yoast_head_json":{"title":"Adolf W\u00fcrth GmbH &amp; Co. KG \u2014 BVBS Bun\u00addes\u00adver\u00adband Soft\u00adware und Digi\u00adta\u00adli\u00adsie\u00adrung im Bau\u00adwe\u00adsen e.V.","robots":{"index":"index","follow":"follow","max-snippet":"max-snippet:-1","max-image-preview":"max-image-preview:large","max-video-preview":"max-video-preview:-1"},"canonical":"https:\/\/www.bvbs.de\/en\/wuerth\/","og_locale":"en_GB","og_type":"article","og_title":"Adolf W\u00fcrth GmbH & Co. KG - BVBS Bundesverband Software und Digitalisierung im Bauwesen e.V.","og_description":"BVBS Mitgliedsunternehmen Allgemeines zum Unternehmensportrait der Adolf W\u00fcrth GmbH &amp; Co. KGProdukte DOCUsmartDie Baudokumentationssoftware von W\u00fcrth digitalisiert den kompletten Dokumentationsvorgang. Der Baufortschritt wird mit Hilfe von Fotos dokumentiert und ist f\u00fcr alle Beteiligten einsehbar. Zus\u00e4tzlich k\u00f6nnen Sie Pl\u00e4ne hinterlegen und verbaute Produkte inkl. wichtiger Unterlagen, wie Zulassungen (z.B. bei Brandschutzprodukten) direkt im Plan dokumentieren. Auch [&hellip;]","og_url":"https:\/\/www.bvbs.de\/en\/wuerth\/","og_site_name":"BVBS Bundesverband Software und Digitalisierung im Bauwesen e.V.","article_modified_time":"2025-07-10T18:11:10+00:00","twitter_card":"summary_large_image","twitter_misc":{"Estimated reading time":"3 minutes"},"schema":{"@context":"https:\/\/schema.org","@graph":[{"@type":"WebPage","@id":"https:\/\/www.bvbs.de\/wuerth\/","url":"https:\/\/www.bvbs.de\/wuerth\/","name":"Adolf W\u00fcrth GmbH &amp; Co. KG \u2014 BVBS Bun\u00addes\u00adver\u00adband Soft\u00adware und Digi\u00adta\u00adli\u00adsie\u00adrung im Bau\u00adwe\u00adsen e.V.","isPartOf":{"@id":"https:\/\/www.bvbs.de\/#website"},"datePublished":"2022-08-23T11:15:37+00:00","dateModified":"2025-07-10T18:11:10+00:00","breadcrumb":{"@id":"https:\/\/www.bvbs.de\/wuerth\/#breadcrumb"},"inLanguage":"en-GB","potentialAction":[{"@type":"ReadAction","target":["https:\/\/www.bvbs.de\/wuerth\/"]}]},{"@type":"BreadcrumbList","@id":"https:\/\/www.bvbs.de\/wuerth\/#breadcrumb","itemListElement":[{"@type":"ListItem","position":1,"name":"Startseite","item":"https:\/\/www.bvbs.de\/"},{"@type":"ListItem","position":2,"name":"Adolf W\u00fcrth GmbH &#038; Co. KG"}]},{"@type":"WebSite","@id":"https:\/\/www.bvbs.de\/#website","url":"https:\/\/www.bvbs.de\/","name":"BVBS Bun\u00addes\u00adver\u00adband Soft\u00adware und Digi\u00adta\u00adli\u00adsie\u00adrung im Bau\u00adwe\u00adsen e.V.","description":"","publisher":{"@id":"https:\/\/www.bvbs.de\/#organization"},"potentialAction":[{"@type":"SearchAction","target":{"@type":"EntryPoint","urlTemplate":"https:\/\/www.bvbs.de\/?s={search_term_string}"},"query-input":{"@type":"PropertyValueSpecification","valueRequired":true,"valueName":"search_term_string"}}],"inLanguage":"en-GB"},{"@type":"Organization","@id":"https:\/\/www.bvbs.de\/#organization","name":"BVBS Bun\u00addes\u00adver\u00adband Soft\u00adware und Digi\u00adta\u00adli\u00adsie\u00adrung im Bauwesen","url":"https:\/\/www.bvbs.de\/","logo":{"@type":"ImageObject","inLanguage":"en-GB","@id":"https:\/\/www.bvbs.de\/#\/schema\/logo\/image\/","url":"https:\/\/www.bvbs.de\/wp-content\/uploads\/2024\/01\/cropped-favicon-bvbs.png","contentUrl":"https:\/\/www.bvbs.de\/wp-content\/uploads\/2024\/01\/cropped-favicon-bvbs.png","width":512,"height":512,"caption":"BVBS Bundesverband Software und Digitalisierung im Bauwesen"},"image":{"@id":"https:\/\/www.bvbs.de\/#\/schema\/logo\/image\/"}}]}},"_links":{"self":[{"href":"https:\/\/www.bvbs.de\/en\/wp-json\/wp\/v2\/pages\/8228","targetHints":{"allow":["GET"]}}],"collection":[{"href":"https:\/\/www.bvbs.de\/en\/wp-json\/wp\/v2\/pages"}],"about":[{"href":"https:\/\/www.bvbs.de\/en\/wp-json\/wp\/v2\/types\/page"}],"author":[{"embeddable":true,"href":"https:\/\/www.bvbs.de\/en\/wp-json\/wp\/v2\/users\/760"}],"replies":[{"embeddable":true,"href":"https:\/\/www.bvbs.de\/en\/wp-json\/wp\/v2\/comments?post=8228"}],"version-history":[{"count":0,"href":"https:\/\/www.bvbs.de\/en\/wp-json\/wp\/v2\/pages\/8228\/revisions"}],"wp:attachment":[{"href":"https:\/\/www.bvbs.de\/en\/wp-json\/wp\/v2\/media?parent=8228"}],"curies":[{"name":"wp","href":"https:\/\/api.w.org\/{rel}","templated":true}]}}