{"id":8421,"date":"2022-09-13T15:23:06","date_gmt":"2022-09-13T13:23:06","guid":{"rendered":"https:\/\/www.bvbs.de\/imbudget-gmbh-copy\/"},"modified":"2025-07-10T20:30:07","modified_gmt":"2025-07-10T18:30:07","slug":"infrakit-gmbh","status":"publish","type":"page","link":"https:\/\/www.bvbs.de\/en\/infrakit-gmbh\/","title":{"rendered":"Infra\u00adkit Deutsch\u00adland&nbsp;GmbH"},"content":{"rendered":"<p>[et_pb_section fb_built=&#8220;1&#8243; fullwidth=&#8220;on&#8220; _builder_version=&#8220;4.16&#8243; global_colors_info=&#8220;{}&#8220;][et_pb_fullwidth_slider _builder_version=&#8220;4.16&#8243; global_colors_info=&#8220;{}&#8220; button_text_size__hover_enabled=&#8220;off&#8220; button_one_text_size__hover_enabled=&#8220;off&#8220; button_two_text_size__hover_enabled=&#8220;off&#8220; button_text_color__hover_enabled=&#8220;off&#8220; button_one_text_color__hover_enabled=&#8220;off&#8220; button_two_text_color__hover_enabled=&#8220;off&#8220; button_border_width__hover_enabled=&#8220;off&#8220; button_one_border_width__hover_enabled=&#8220;off&#8220; button_two_border_width__hover_enabled=&#8220;off&#8220; button_border_color__hover_enabled=&#8220;off&#8220; button_one_border_color__hover_enabled=&#8220;off&#8220; button_two_border_color__hover_enabled=&#8220;off&#8220; button_border_radius__hover_enabled=&#8220;off&#8220; button_one_border_radius__hover_enabled=&#8220;off&#8220; button_two_border_radius__hover_enabled=&#8220;off&#8220; button_letter_spacing__hover_enabled=&#8220;off&#8220; button_one_letter_spacing__hover_enabled=&#8220;off&#8220; button_two_letter_spacing__hover_enabled=&#8220;off&#8220; button_bg_color__hover_enabled=&#8220;off&#8220; button_one_bg_color__hover_enabled=&#8220;off&#8220; button_two_bg_color__hover_enabled=&#8220;off&#8220;][et_pb_slide heading=&#8220;Infrakit Deutschland GmbH&#8220; use_bg_overlay=&#8220;off&#8220; use_text_overlay=&#8220;off&#8220; _builder_version=&#8220;4.16&#8243; header_font=&#8220;Roboto|700|||||||&#8220; body_font=&#8220;Roboto||||||||&#8220; background_color=&#8220;#ffffff&#8220; background_image=&#8220;https:\/\/www.bvbs.de\/wp-content\/uploads\/2021\/02\/mitglieder-bg.jpg&#8220; button_on_hover=&#8220;on&#8220; global_colors_info=&#8220;{}&#8220; button_text_size__hover_enabled=&#8220;off&#8220; button_one_text_size__hover_enabled=&#8220;off&#8220; button_two_text_size__hover_enabled=&#8220;off&#8220; button_text_color__hover_enabled=&#8220;off&#8220; button_one_text_color__hover_enabled=&#8220;off&#8220; button_two_text_color__hover_enabled=&#8220;off&#8220; button_border_width__hover_enabled=&#8220;off&#8220; button_one_border_width__hover_enabled=&#8220;off&#8220; button_two_border_width__hover_enabled=&#8220;off&#8220; button_border_color__hover_enabled=&#8220;off&#8220; button_one_border_color__hover_enabled=&#8220;off&#8220; button_two_border_color__hover_enabled=&#8220;off&#8220; button_border_radius__hover_enabled=&#8220;off&#8220; button_one_border_radius__hover_enabled=&#8220;off&#8220; button_two_border_radius__hover_enabled=&#8220;off&#8220; button_letter_spacing__hover_enabled=&#8220;off&#8220; button_one_letter_spacing__hover_enabled=&#8220;off&#8220; button_two_letter_spacing__hover_enabled=&#8220;off&#8220; button_bg_color__hover_enabled=&#8220;off&#8220; button_one_bg_color__hover_enabled=&#8220;off&#8220; button_two_bg_color__hover_enabled=&#8220;off&#8220; sticky_transition=&#8220;on&#8220;]BVBS Mitgliedsunternehmen [\/et_pb_slide][\/et_pb_fullwidth_slider][\/et_pb_section][et_pb_section fb_built=&#8220;1&#8243; _builder_version=&#8220;4.16&#8243; global_colors_info=&#8220;{}&#8220;][et_pb_row column_structure=&#8220;1_3,2_3&#8243; disabled_on=&#8220;off|off|off&#8220; _builder_version=&#8220;4.16&#8243; custom_padding=&#8220;27px|0px|50px|0px&#8220; border_width_bottom=&#8220;1px&#8220; border_color_bottom=&#8220;rgba(51,51,51,0.18)&#8220; global_colors_info=&#8220;{}&#8220;][et_pb_column type=&#8220;1_3&#8243; _builder_version=&#8220;4.16&#8243; custom_padding=&#8220;|||&#8220; global_colors_info=&#8220;{}&#8220; custom_padding__hover=&#8220;|||&#8220;][et_pb_text _builder_version=&#8220;4.16&#8243; text_font=&#8220;Roboto|700|||||||&#8220; text_text_color=&#8220;#696666&#8243; text_font_size=&#8220;40px&#8220; global_colors_info=&#8220;{}&#8220;]Allgemeines<br \/>\n[\/et_pb_text][\/et_pb_column][et_pb_column type=&#8220;2_3&#8243; _builder_version=&#8220;4.16&#8243; custom_padding=&#8220;|||&#8220; global_colors_info=&#8220;{}&#8220; custom_padding__hover=&#8220;|||&#8220;][et_pb_text _builder_version=&#8220;4.27.3&#8243; global_colors_info=&#8220;{}&#8220;]<\/p>\n<div id=\"mitglied-unternehmensdarstellung-225\" class=\"mod_article zweispaltig bottomLineOn block\">\n<div class=\"ce_text block\">Infrakit wurde 2010 basierend auf einer Forschungsarbeit der Universit\u00e4t von Oulu, sowie eines namhaften Infrastrukturbauunternehmens und einem Technologiehersteller in Espoo, Finnland gegr\u00fcndet. Ziel der Arbeit war die Zusammenf\u00fchrung von Menschen, Daten und Maschinen \u00fcber eine Cloud-Plattform, um s\u00e4mtliche Informationen f\u00fcr die Bauausf\u00fchrung nutzbar zu machen. Mittlerweile ist Infrakit mit 8 Standorten in Europa vertreten und es wurden \u00fcber 3.000 Projekte \u00fcber die Plattform abgewickelt. Die Infrakit Deutschland GmbH mit Sitz in M\u00fcnchen wurde 2019 gegr\u00fcndet und hat die Aufgabe, diese Technologie an Baufirmen, Planer und Bauherren weiterzugeben.<\/div>\n<\/div>\n<p>[\/et_pb_text][\/et_pb_column][\/et_pb_row][et_pb_row column_structure=&#8220;1_3,2_3&#8243; disabled_on=&#8220;off|off|off&#8220; _builder_version=&#8220;4.16&#8243; custom_padding=&#8220;50px|0px|50px|0px&#8220; border_width_bottom=&#8220;1px&#8220; border_color_bottom=&#8220;rgba(51,51,51,0.18)&#8220; global_colors_info=&#8220;{}&#8220;][et_pb_column type=&#8220;1_3&#8243; _builder_version=&#8220;4.16&#8243; custom_padding=&#8220;|||&#8220; global_colors_info=&#8220;{}&#8220; custom_padding__hover=&#8220;|||&#8220;][et_pb_text _builder_version=&#8220;4.16&#8243; text_font=&#8220;Roboto|700|||||||&#8220; text_text_color=&#8220;#696666&#8243; text_font_size=&#8220;40px&#8220; global_colors_info=&#8220;{}&#8220;]Produkte<br \/>\n[\/et_pb_text][\/et_pb_column][et_pb_column type=&#8220;2_3&#8243; _builder_version=&#8220;4.16&#8243; custom_padding=&#8220;|||&#8220; global_colors_info=&#8220;{}&#8220; custom_padding__hover=&#8220;|||&#8220;][et_pb_text _builder_version=&#8220;4.16&#8243; global_colors_info=&#8220;{}&#8220;]Infrakit ist eine <span data-offset-key=\"17:1\">cloudbasierte<\/span><span data-offset-key=\"17:2\"> Projektplattform,\u00a0<\/span><span data-offset-key=\"17:3\">speziell ausgelegt f\u00fcr Tief- und Infrastrukturprojekte<\/span><span data-offset-key=\"17:4\">. Was Infrakit so besonders macht, ist die Tatsache, dass es eine <\/span><span data-offset-key=\"17:5\">unabh\u00e4ngige<\/span><span data-offset-key=\"17:6\">, <\/span><span data-offset-key=\"17:7\">offene<\/span><span data-offset-key=\"17:8\"> Plattform mit offenen <\/span><span data-offset-key=\"17:9\">Schnittstellen<\/span><span data-offset-key=\"17:10\"> und <\/span><span data-offset-key=\"17:11\">Datenformaten bietet<\/span><span data-offset-key=\"17:12\">, die gleichzeitig <\/span><span data-offset-key=\"17:13\">benutzerfreundlich<\/span><span data-offset-key=\"17:14\"> genug ist, um allen Beteiligten ein reibungsloses Arbeiten mit der Anwendung zu erm\u00f6glichen. <\/span><\/p>\n<p><span data-offset-key=\"21:0\">Infrakit enth\u00e4lt alle Werkzeuge, die ben\u00f6tigt werden, um die Bauausf\u00fchrung digital abzubilden. Visuell kann in Echtzeit der Baufortschritt, die aktuellen Herausforderungen oder Prozesshindernisse fr\u00fchzeitig erkannt und nachverfolgt werden. Der Benutzer hat Zugriff auf die Dateistruktur, Landkartenansichten, Querprofile, georeferenzierte Fotos und 2D-Lagepl\u00e4ne oder 3D-Gel\u00e4ndemodelle. Diese M\u00f6glichkeiten bietet Infrakit nicht nur via Webbrowser sondern auch mithilfe des eigenen mobilen Endger\u00e4tes.\u00a0<\/span><\/p>\n<p><span data-offset-key=\"23:0\">\u200cD<\/span><span data-offset-key=\"25:0\">ie gesamte Baustellendokumentation, Modelle, Fotos und Baustellenformulare k\u00f6nnen auf einer Landkarte zusammen mit den eigenen Orthofotos abgebildet werden.<\/span><\/p>\n<p><span data-offset-key=\"27:0\">\u200c<\/span><span data-key=\"29\">Infrakit verbindet mobile Endger\u00e4te, Vermessungsequipment und unterschiedlichste Maschinensteuerungssysteme auf der Baustelle.\u00a0Dabei\u00a0sendet es\u00a0automatisch Updates an die Baustelle, wenn sich beispielsweise der 3D-Entwurf aus der Planung ge\u00e4ndert haben sollte.\u00a0Des Weiteren\u00a0\u00fcbernimmt Infrakit die As-built Daten und stellt diese f\u00fcr eine Baufortschrittsanalyse und ein Qualit\u00e4tsmonitoring bereit und erm\u00f6glicht dadurch auch eine Kollaboration zwischen Auftraggebern, Planern und Bauunternehmen.<\/span><br \/>\n[\/et_pb_text][\/et_pb_column][\/et_pb_row][et_pb_row column_structure=&#8220;1_3,1_3,1_3&#8243; _builder_version=&#8220;4.16&#8243; custom_padding=&#8220;50px|0px|27px|0px&#8220; global_colors_info=&#8220;{}&#8220;][et_pb_column type=&#8220;1_3&#8243; _builder_version=&#8220;4.16&#8243; custom_padding=&#8220;|||&#8220; global_colors_info=&#8220;{}&#8220; custom_padding__hover=&#8220;|||&#8220;][et_pb_text _builder_version=&#8220;4.16&#8243; text_font=&#8220;Roboto|700|||||||&#8220; text_text_color=&#8220;#696666&#8243; text_font_size=&#8220;40px&#8220; global_colors_info=&#8220;{}&#8220;]Kontakt<br \/>\n[\/et_pb_text][\/et_pb_column][et_pb_column type=&#8220;1_3&#8243; _builder_version=&#8220;4.16&#8243; custom_padding=&#8220;|||&#8220; global_colors_info=&#8220;{}&#8220; custom_padding__hover=&#8220;|||&#8220;][et_pb_text _builder_version=&#8220;4.27.3&#8243; custom_padding=&#8220;|||&#8220; global_colors_info=&#8220;{}&#8220;]<\/p>\n<p><strong>Infrakit Deutschland GmbH<br \/><\/strong>Konrad-Zuse-Platz 8<br \/>81829 M\u00fcnchen<\/p>\n<p>Telefon: +49 89 207042100<\/p>\n<p>E-Mail: <a href=\"mailto:&#100;&#097;c&#104;&#064;i&#110;&#102;&#114;a&#107;&#105;&#116;&#046;de\">&#100;ac&#104;&#64;&#105;&#110;fra&#107;&#105;&#116;&#46;&#100;&#101;<\/a><br \/>Internet: <a title=\"Link zur IMbudget Website\" href=\"http:\/\/www.infrakit.de\/\" target=\"_blank\" rel=\"noopener noreferrer\">www.infrakit.de<\/a><\/p>\n<p>[\/et_pb_text][\/et_pb_column][et_pb_column type=&#8220;1_3&#8243; _builder_version=&#8220;4.16&#8243; custom_padding=&#8220;|||&#8220; global_colors_info=&#8220;{}&#8220; custom_padding__hover=&#8220;|||&#8220;][et_pb_image src=&#8220;https:\/\/www.bvbs.de\/wp-content\/uploads\/2025\/05\/logo_infrakit.jpg&#8220; alt=&#8220;logo infrakit&#8220; title_text=&#8220;logo_infrakit&#8220; align_tablet=&#8220;center&#8220; align_phone=&#8220;center&#8220; align_last_edited=&#8220;on|desktop&#8220; _builder_version=&#8220;4.27.3&#8243; always_center_on_mobile=&#8220;on&#8220; global_colors_info=&#8220;{}&#8220;][\/et_pb_image][\/et_pb_column][\/et_pb_row][\/et_pb_section]<\/p>\n","protected":false},"excerpt":{"rendered":"<p>BVBS Mitgliedsunternehmen Allgemeines Infrakit wurde 2010 basierend auf einer Forschungsarbeit der Universit\u00e4t von Oulu, sowie eines namhaften Infrastrukturbauunternehmens und einem Technologiehersteller in Espoo, Finnland gegr\u00fcndet. Ziel der Arbeit war die Zusammenf\u00fchrung von Menschen, Daten und Maschinen \u00fcber eine Cloud-Plattform, um s\u00e4mtliche Informationen f\u00fcr die Bauausf\u00fchrung nutzbar zu machen. Mittlerweile ist Infrakit mit 8 Standorten in [&hellip;]<\/p>\n","protected":false},"author":760,"featured_media":0,"parent":0,"menu_order":0,"comment_status":"closed","ping_status":"closed","template":"","meta":{"_et_pb_use_builder":"on","_et_pb_old_content":"","_et_gb_content_width":"","wp_typography_post_enhancements_disabled":false,"footnotes":""},"class_list":["post-8421","page","type-page","status-publish","hentry"],"yoast_head":"<!-- This site is optimized with the Yoast SEO plugin v26.1.1 - https:\/\/yoast.com\/wordpress\/plugins\/seo\/ -->\r\n<title>Infrakit Deutschland GmbH - BVBS Bundesverband Software und Digitalisierung im Bauwesen e.V.<\/title>\r\n<meta name=\"robots\" content=\"index, follow, max-snippet:-1, max-image-preview:large, max-video-preview:-1\" \/>\r\n<link rel=\"canonical\" href=\"https:\/\/www.bvbs.de\/en\/infrakit-gmbh\/\" \/>\r\n<meta property=\"og:locale\" content=\"en_GB\" \/>\r\n<meta property=\"og:type\" content=\"article\" \/>\r\n<meta property=\"og:title\" content=\"Infrakit Deutschland GmbH - BVBS Bundesverband Software und Digitalisierung im Bauwesen e.V.\" \/>\r\n<meta property=\"og:description\" content=\"BVBS Mitgliedsunternehmen Allgemeines Infrakit wurde 2010 basierend auf einer Forschungsarbeit der Universit\u00e4t von Oulu, sowie eines namhaften Infrastrukturbauunternehmens und einem Technologiehersteller in Espoo, Finnland gegr\u00fcndet. Ziel der Arbeit war die Zusammenf\u00fchrung von Menschen, Daten und Maschinen \u00fcber eine Cloud-Plattform, um s\u00e4mtliche Informationen f\u00fcr die Bauausf\u00fchrung nutzbar zu machen. Mittlerweile ist Infrakit mit 8 Standorten in [&hellip;]\" \/>\r\n<meta property=\"og:url\" content=\"https:\/\/www.bvbs.de\/en\/infrakit-gmbh\/\" \/>\r\n<meta property=\"og:site_name\" content=\"BVBS Bundesverband Software und Digitalisierung im Bauwesen e.V.\" \/>\r\n<meta property=\"article:modified_time\" content=\"2025-07-10T18:30:07+00:00\" \/>\r\n<meta name=\"twitter:card\" content=\"summary_large_image\" \/>\r\n<meta name=\"twitter:label1\" content=\"Estimated reading time\" \/>\n\t<meta name=\"twitter:data1\" content=\"2 minutes\" \/>\r\n<script type=\"application\/ld+json\" class=\"yoast-schema-graph\">{\"@context\":\"https:\/\/schema.org\",\"@graph\":[{\"@type\":\"WebPage\",\"@id\":\"https:\/\/www.bvbs.de\/infrakit-gmbh\/\",\"url\":\"https:\/\/www.bvbs.de\/infrakit-gmbh\/\",\"name\":\"Infrakit Deutschland GmbH - BVBS Bundesverband Software und Digitalisierung im Bauwesen e.V.\",\"isPartOf\":{\"@id\":\"https:\/\/www.bvbs.de\/#website\"},\"datePublished\":\"2022-09-13T13:23:06+00:00\",\"dateModified\":\"2025-07-10T18:30:07+00:00\",\"breadcrumb\":{\"@id\":\"https:\/\/www.bvbs.de\/infrakit-gmbh\/#breadcrumb\"},\"inLanguage\":\"en-GB\",\"potentialAction\":[{\"@type\":\"ReadAction\",\"target\":[\"https:\/\/www.bvbs.de\/infrakit-gmbh\/\"]}]},{\"@type\":\"BreadcrumbList\",\"@id\":\"https:\/\/www.bvbs.de\/infrakit-gmbh\/#breadcrumb\",\"itemListElement\":[{\"@type\":\"ListItem\",\"position\":1,\"name\":\"Startseite\",\"item\":\"https:\/\/www.bvbs.de\/\"},{\"@type\":\"ListItem\",\"position\":2,\"name\":\"Infrakit Deutschland GmbH\"}]},{\"@type\":\"WebSite\",\"@id\":\"https:\/\/www.bvbs.de\/#website\",\"url\":\"https:\/\/www.bvbs.de\/\",\"name\":\"BVBS Bundesverband Software und Digitalisierung im Bauwesen e.V.\",\"description\":\"\",\"publisher\":{\"@id\":\"https:\/\/www.bvbs.de\/#organization\"},\"potentialAction\":[{\"@type\":\"SearchAction\",\"target\":{\"@type\":\"EntryPoint\",\"urlTemplate\":\"https:\/\/www.bvbs.de\/?s={search_term_string}\"},\"query-input\":{\"@type\":\"PropertyValueSpecification\",\"valueRequired\":true,\"valueName\":\"search_term_string\"}}],\"inLanguage\":\"en-GB\"},{\"@type\":\"Organization\",\"@id\":\"https:\/\/www.bvbs.de\/#organization\",\"name\":\"BVBS Bundesverband Software und Digitalisierung im Bauwesen\",\"url\":\"https:\/\/www.bvbs.de\/\",\"logo\":{\"@type\":\"ImageObject\",\"inLanguage\":\"en-GB\",\"@id\":\"https:\/\/www.bvbs.de\/#\/schema\/logo\/image\/\",\"url\":\"https:\/\/www.bvbs.de\/wp-content\/uploads\/2024\/01\/cropped-favicon-bvbs.png\",\"contentUrl\":\"https:\/\/www.bvbs.de\/wp-content\/uploads\/2024\/01\/cropped-favicon-bvbs.png\",\"width\":512,\"height\":512,\"caption\":\"BVBS Bundesverband Software und Digitalisierung im Bauwesen\"},\"image\":{\"@id\":\"https:\/\/www.bvbs.de\/#\/schema\/logo\/image\/\"}}]}<\/script>\r\n<!-- \/ Yoast SEO plugin. -->","yoast_head_json":{"title":"Infra\u00adkit Deutsch\u00adland GmbH \u2014 BVBS Bun\u00addes\u00adver\u00adband Soft\u00adware und Digi\u00adta\u00adli\u00adsie\u00adrung im Bau\u00adwe\u00adsen e.V.","robots":{"index":"index","follow":"follow","max-snippet":"max-snippet:-1","max-image-preview":"max-image-preview:large","max-video-preview":"max-video-preview:-1"},"canonical":"https:\/\/www.bvbs.de\/en\/infrakit-gmbh\/","og_locale":"en_GB","og_type":"article","og_title":"Infrakit Deutschland GmbH - BVBS Bundesverband Software und Digitalisierung im Bauwesen e.V.","og_description":"BVBS Mitgliedsunternehmen Allgemeines Infrakit wurde 2010 basierend auf einer Forschungsarbeit der Universit\u00e4t von Oulu, sowie eines namhaften Infrastrukturbauunternehmens und einem Technologiehersteller in Espoo, Finnland gegr\u00fcndet. Ziel der Arbeit war die Zusammenf\u00fchrung von Menschen, Daten und Maschinen \u00fcber eine Cloud-Plattform, um s\u00e4mtliche Informationen f\u00fcr die Bauausf\u00fchrung nutzbar zu machen. Mittlerweile ist Infrakit mit 8 Standorten in [&hellip;]","og_url":"https:\/\/www.bvbs.de\/en\/infrakit-gmbh\/","og_site_name":"BVBS Bundesverband Software und Digitalisierung im Bauwesen e.V.","article_modified_time":"2025-07-10T18:30:07+00:00","twitter_card":"summary_large_image","twitter_misc":{"Estimated reading time":"2 minutes"},"schema":{"@context":"https:\/\/schema.org","@graph":[{"@type":"WebPage","@id":"https:\/\/www.bvbs.de\/infrakit-gmbh\/","url":"https:\/\/www.bvbs.de\/infrakit-gmbh\/","name":"Infra\u00adkit Deutsch\u00adland GmbH \u2014 BVBS Bun\u00addes\u00adver\u00adband Soft\u00adware und Digi\u00adta\u00adli\u00adsie\u00adrung im Bau\u00adwe\u00adsen e.V.","isPartOf":{"@id":"https:\/\/www.bvbs.de\/#website"},"datePublished":"2022-09-13T13:23:06+00:00","dateModified":"2025-07-10T18:30:07+00:00","breadcrumb":{"@id":"https:\/\/www.bvbs.de\/infrakit-gmbh\/#breadcrumb"},"inLanguage":"en-GB","potentialAction":[{"@type":"ReadAction","target":["https:\/\/www.bvbs.de\/infrakit-gmbh\/"]}]},{"@type":"BreadcrumbList","@id":"https:\/\/www.bvbs.de\/infrakit-gmbh\/#breadcrumb","itemListElement":[{"@type":"ListItem","position":1,"name":"Startseite","item":"https:\/\/www.bvbs.de\/"},{"@type":"ListItem","position":2,"name":"Infrakit Deutschland GmbH"}]},{"@type":"WebSite","@id":"https:\/\/www.bvbs.de\/#website","url":"https:\/\/www.bvbs.de\/","name":"BVBS Bun\u00addes\u00adver\u00adband Soft\u00adware und Digi\u00adta\u00adli\u00adsie\u00adrung im Bau\u00adwe\u00adsen e.V.","description":"","publisher":{"@id":"https:\/\/www.bvbs.de\/#organization"},"potentialAction":[{"@type":"SearchAction","target":{"@type":"EntryPoint","urlTemplate":"https:\/\/www.bvbs.de\/?s={search_term_string}"},"query-input":{"@type":"PropertyValueSpecification","valueRequired":true,"valueName":"search_term_string"}}],"inLanguage":"en-GB"},{"@type":"Organization","@id":"https:\/\/www.bvbs.de\/#organization","name":"BVBS Bun\u00addes\u00adver\u00adband Soft\u00adware und Digi\u00adta\u00adli\u00adsie\u00adrung im Bauwesen","url":"https:\/\/www.bvbs.de\/","logo":{"@type":"ImageObject","inLanguage":"en-GB","@id":"https:\/\/www.bvbs.de\/#\/schema\/logo\/image\/","url":"https:\/\/www.bvbs.de\/wp-content\/uploads\/2024\/01\/cropped-favicon-bvbs.png","contentUrl":"https:\/\/www.bvbs.de\/wp-content\/uploads\/2024\/01\/cropped-favicon-bvbs.png","width":512,"height":512,"caption":"BVBS Bundesverband Software und Digitalisierung im Bauwesen"},"image":{"@id":"https:\/\/www.bvbs.de\/#\/schema\/logo\/image\/"}}]}},"_links":{"self":[{"href":"https:\/\/www.bvbs.de\/en\/wp-json\/wp\/v2\/pages\/8421","targetHints":{"allow":["GET"]}}],"collection":[{"href":"https:\/\/www.bvbs.de\/en\/wp-json\/wp\/v2\/pages"}],"about":[{"href":"https:\/\/www.bvbs.de\/en\/wp-json\/wp\/v2\/types\/page"}],"author":[{"embeddable":true,"href":"https:\/\/www.bvbs.de\/en\/wp-json\/wp\/v2\/users\/760"}],"replies":[{"embeddable":true,"href":"https:\/\/www.bvbs.de\/en\/wp-json\/wp\/v2\/comments?post=8421"}],"version-history":[{"count":0,"href":"https:\/\/www.bvbs.de\/en\/wp-json\/wp\/v2\/pages\/8421\/revisions"}],"wp:attachment":[{"href":"https:\/\/www.bvbs.de\/en\/wp-json\/wp\/v2\/media?parent=8421"}],"curies":[{"name":"wp","href":"https:\/\/api.w.org\/{rel}","templated":true}]}}