{"id":8564,"date":"2022-10-12T13:07:28","date_gmt":"2022-10-12T11:07:28","guid":{"rendered":"https:\/\/www.bvbs.de\/tabya-copy\/"},"modified":"2025-09-25T12:50:03","modified_gmt":"2025-09-25T10:50:03","slug":"taifun","status":"publish","type":"page","link":"https:\/\/www.bvbs.de\/en\/taifun\/","title":{"rendered":"TAIFUN Soft\u00adware&nbsp;GmbH"},"content":{"rendered":"<p>[et_pb_section fb_built=&#8220;1&#8243; fullwidth=&#8220;on&#8220; _builder_version=&#8220;4.16&#8243; global_colors_info=&#8220;{}&#8220;][et_pb_fullwidth_slider _builder_version=&#8220;4.16&#8243; header_font=&#8220;Roboto|700|||||||&#8220; body_font=&#8220;Roboto||||||||&#8220; global_colors_info=&#8220;{}&#8220; button_text_size__hover_enabled=&#8220;off&#8220; button_one_text_size__hover_enabled=&#8220;off&#8220; button_two_text_size__hover_enabled=&#8220;off&#8220; button_text_color__hover_enabled=&#8220;off&#8220; button_one_text_color__hover_enabled=&#8220;off&#8220; button_two_text_color__hover_enabled=&#8220;off&#8220; button_border_width__hover_enabled=&#8220;off&#8220; button_one_border_width__hover_enabled=&#8220;off&#8220; button_two_border_width__hover_enabled=&#8220;off&#8220; button_border_color__hover_enabled=&#8220;off&#8220; button_one_border_color__hover_enabled=&#8220;off&#8220; button_two_border_color__hover_enabled=&#8220;off&#8220; button_border_radius__hover_enabled=&#8220;off&#8220; button_one_border_radius__hover_enabled=&#8220;off&#8220; button_two_border_radius__hover_enabled=&#8220;off&#8220; button_letter_spacing__hover_enabled=&#8220;off&#8220; button_one_letter_spacing__hover_enabled=&#8220;off&#8220; button_two_letter_spacing__hover_enabled=&#8220;off&#8220; button_bg_color__hover_enabled=&#8220;off&#8220; button_one_bg_color__hover_enabled=&#8220;off&#8220; button_two_bg_color__hover_enabled=&#8220;off&#8220;][et_pb_slide heading=&#8220;TAIFUN Software GmbH&#8220; use_bg_overlay=&#8220;off&#8220; use_text_overlay=&#8220;off&#8220; _builder_version=&#8220;4.16&#8243; background_color=&#8220;#ffffff&#8220; background_image=&#8220;https:\/\/www.bvbs.de\/wp-content\/uploads\/2021\/02\/mitglieder-bg.jpg&#8220; button_on_hover=&#8220;on&#8220; global_colors_info=&#8220;{}&#8220; button_text_size__hover_enabled=&#8220;off&#8220; button_one_text_size__hover_enabled=&#8220;off&#8220; button_two_text_size__hover_enabled=&#8220;off&#8220; button_text_color__hover_enabled=&#8220;off&#8220; button_one_text_color__hover_enabled=&#8220;off&#8220; button_two_text_color__hover_enabled=&#8220;off&#8220; button_border_width__hover_enabled=&#8220;off&#8220; button_one_border_width__hover_enabled=&#8220;off&#8220; button_two_border_width__hover_enabled=&#8220;off&#8220; button_border_color__hover_enabled=&#8220;off&#8220; button_one_border_color__hover_enabled=&#8220;off&#8220; button_two_border_color__hover_enabled=&#8220;off&#8220; button_border_radius__hover_enabled=&#8220;off&#8220; button_one_border_radius__hover_enabled=&#8220;off&#8220; button_two_border_radius__hover_enabled=&#8220;off&#8220; button_letter_spacing__hover_enabled=&#8220;off&#8220; button_one_letter_spacing__hover_enabled=&#8220;off&#8220; button_two_letter_spacing__hover_enabled=&#8220;off&#8220; button_bg_color__hover_enabled=&#8220;off&#8220; button_one_bg_color__hover_enabled=&#8220;off&#8220; button_two_bg_color__hover_enabled=&#8220;off&#8220; sticky_transition=&#8220;on&#8220;]BVBS Mitgliedsunternehmen<br \/>\n[\/et_pb_slide][\/et_pb_fullwidth_slider][\/et_pb_section][et_pb_section fb_built=&#8220;1&#8243; _builder_version=&#8220;4.16&#8243; global_colors_info=&#8220;{}&#8220;][et_pb_row column_structure=&#8220;1_3,2_3&#8243; disabled_on=&#8220;off|off|off&#8220; _builder_version=&#8220;4.16&#8243; border_width_bottom=&#8220;1px&#8220; border_color_bottom=&#8220;rgba(105,102,102,0.36)&#8220; global_colors_info=&#8220;{}&#8220;][et_pb_column type=&#8220;1_3&#8243; _builder_version=&#8220;4.16&#8243; custom_padding=&#8220;|||&#8220; global_colors_info=&#8220;{}&#8220; custom_padding__hover=&#8220;|||&#8220;][et_pb_text _builder_version=&#8220;4.16&#8243; text_font=&#8220;Roboto|700|||||||&#8220; text_text_color=&#8220;#696666&#8243; text_font_size=&#8220;40px&#8220; global_colors_info=&#8220;{}&#8220;]Allgemeines<br \/>\n[\/et_pb_text][\/et_pb_column][et_pb_column type=&#8220;2_3&#8243; _builder_version=&#8220;4.16&#8243; custom_padding=&#8220;|||&#8220; global_colors_info=&#8220;{}&#8220; custom_padding__hover=&#8220;|||&#8220;][et_pb_text _builder_version=&#8220;4.27.3&#8243; global_colors_info=&#8220;{}&#8220;]<\/p>\n<p><strong>Mehr Handwerk. Weniger B\u00fcro.<br \/><\/strong>Seit \u00fcber 35 Jahren entwickelt die TAIFUN Software GmbH kaufm\u00e4nnische Software f\u00fcrs Handwerk: Ob Auftragsabwicklung, papierloses Dokumenten-Management oder rechtssichere E-Mail-Archivierung. Und mit der App f\u00fcr iOS und Android k\u00f6nnen die Daten auch unterwegs abgerufen und bearbeitet werden.<\/p>\n<p>&nbsp;<\/p>\n<p><strong>Ihre Vorteile auf einen Blick<\/strong><\/p>\n<ul>\n<li>Komfortable Bedienung<\/li>\n<li>Einfache &amp; schnelle Belegbearbeitung<\/li>\n<li>Gro\u00dfer Funktionsumfang mit speziellen Funktionen f\u00fcr unterschiedliche Gewerke<\/li>\n<li>Zahlreiche Schnittstellen im Grundpreis enthalten<\/li>\n<li>Mobil &amp; im B\u00fcro nutzbar<\/li>\n<li>Rasend schnell bei geringen Hardware-Anforderungen<\/li>\n<\/ul>\n<p>[\/et_pb_text][\/et_pb_column][\/et_pb_row][et_pb_row column_structure=&#8220;1_3,2_3&#8243; disabled_on=&#8220;off|off|off&#8220; _builder_version=&#8220;4.16&#8243; border_width_bottom=&#8220;1px&#8220; border_color_bottom=&#8220;rgba(105,102,102,0.36)&#8220; global_colors_info=&#8220;{}&#8220;][et_pb_column type=&#8220;1_3&#8243; _builder_version=&#8220;4.16&#8243; custom_padding=&#8220;|||&#8220; global_colors_info=&#8220;{}&#8220; custom_padding__hover=&#8220;|||&#8220;][et_pb_text _builder_version=&#8220;4.16&#8243; text_font=&#8220;Roboto|700|||||||&#8220; text_text_color=&#8220;#696666&#8243; text_font_size=&#8220;40px&#8220; global_colors_info=&#8220;{}&#8220;]Produkte<br \/>\n[\/et_pb_text][\/et_pb_column][et_pb_column type=&#8220;2_3&#8243; _builder_version=&#8220;4.16&#8243; custom_padding=&#8220;|||&#8220; global_colors_info=&#8220;{}&#8220; custom_padding__hover=&#8220;|||&#8220;][et_pb_text _builder_version=&#8220;4.27.3&#8243; global_colors_info=&#8220;{}&#8220;]<\/p>\n<p><strong>Das Herzst\u00fcck<br \/><\/strong>TAIFUN Handwerk ist die kaufm\u00e4nnische L\u00f6sung rund ums Auftragsmanagement f\u00fcr alle Handwerksbetriebe. Es erm\u00f6glicht die professionelle Verwaltung von Artikeln, Leistungen und St\u00fccklisten sowie von Kunden, Lieferanten und Mietern. Die Erstellung von Angeboten, Auftr\u00e4gen und Rechnungen ist kinderleicht und auch zahlreiche Schnittstellen wie z. B. DATANORM, GAEB u.v.m. sind in der Grundversion enthalten. Daneben gibt es spezielle Funktionen f\u00fcr verschiedene Gewerke (SHK, Elektro u.a.).<\/p>\n<p><strong><br \/>Der \u201egro\u00dfe\u201c Bruder<br \/><\/strong>TAIFUN openBusiness bietet das volle, branchenspezifische Leistungsangebot von TAIFUN Handwerk und enth\u00e4lt zus\u00e4tzliche Features wie den Dialog-Designer oder die M\u00f6glichkeit, eigene Felder und Tabellen zu definieren. F\u00fcr Handwerksbetriebe mit besonderen Anspr\u00fcchen sowie handwerksnahe Industrieunternehmen (z. B. Kleinserienfertigung, projektorientierte Produktion) und Dienstleistungsbetriebe.<\/p>\n<p>Alle TAIFUN-Programme zeichnen sich durch einfache Bedienung, modernes Design und eine schnelle Belegbearbeitung aus. Zahlreiche Schnittstellen wie z. B. DATANORM, GAEB, EPLAN, ZUGFeRD u.v.m. sind im Grundpreis bereits enthalten, daneben gibt es spezielle Funktionen f\u00fcr verschiedene Gewerke (Elektro, SHK u.a.).<\/p>\n<p><strong><br \/>Praktische Zusatzmodule<br \/><\/strong>Mehr als 20 optionale Zusatzmodule erm\u00f6glichen auf Wunsch die Anpassung der Softwareprodukte bis ins Detail \u2013 z. B. f\u00fcr ein professionelles Wartungswesen oder rechtssichere Dokumenten- &amp; E-Mail-Archivierung.<\/p>\n<p><strong><br \/>Mobiles Arbeiten<br \/><\/strong>Wie mobil ist Ihre Software? Mobiles Arbeiten ist eines der zentralen Themen auf dem Weg der Digitalisierung: Mit der TAIFUN App f\u00fcr iOS &amp; Android bietet die TAIFUN Software GmbH eine professionelle mobile Auftragsabwicklung f\u00fcr Betriebe. Daten wie Adressen, Termine, Artikel oder Kundenauftr\u00e4ge aus den Hauptprogrammen k\u00f6nnen auch unterwegs bearbeitet werden \u2013 und die Kollegen im B\u00fcro wissen dank Live-Zugriff sofort Bescheid.<\/p>\n<p>Jetzt gratis Demotermin vereinbaren: <a href=\"https:\/\/www.taifun-software.de\/gratis-demotermin-vereinbaren\/\" target=\"_blank\" rel=\"noopener\">https:\/\/www.taifun-software.de\/gratis-demotermin-vereinbaren\/<\/a><\/p>\n<p>[\/et_pb_text][\/et_pb_column][\/et_pb_row][et_pb_row column_structure=&#8220;1_3,1_3,1_3&#8243; disabled_on=&#8220;off|off|off&#8220; _builder_version=&#8220;4.16&#8243; custom_padding=&#8220;50px|0px|27px|0px&#8220; global_colors_info=&#8220;{}&#8220;][et_pb_column type=&#8220;1_3&#8243; _builder_version=&#8220;4.16&#8243; custom_padding=&#8220;|||&#8220; global_colors_info=&#8220;{}&#8220; custom_padding__hover=&#8220;|||&#8220;][et_pb_text _builder_version=&#8220;4.16&#8243; text_font=&#8220;Roboto|700|||||||&#8220; text_text_color=&#8220;#696666&#8243; text_font_size=&#8220;40px&#8220; global_colors_info=&#8220;{}&#8220;]Kontakt<br \/>\n[\/et_pb_text][\/et_pb_column][et_pb_column type=&#8220;1_3&#8243; _builder_version=&#8220;4.16&#8243; custom_padding=&#8220;|||&#8220; global_colors_info=&#8220;{}&#8220; custom_padding__hover=&#8220;|||&#8220;][et_pb_text _builder_version=&#8220;4.27.3&#8243; locked=&#8220;off&#8220; global_colors_info=&#8220;{}&#8220;]<\/p>\n<div>\n<p><strong>TAIFUN Software GmbH<\/strong><\/p>\n<p>Joachimstra\u00dfe 2<br \/><span style=\"font-size: 15px;\">30159 Hannover<\/span><\/p>\n<p><span style=\"font-size: 15px;\">Telefon: +49 511 94388 0<br \/><\/span><span style=\"font-size: 15px;\">Telefax: +49 511 94388 10<\/span><\/p>\n<p><span style=\"font-size: 15px;\">E-Mail: <a href=\"mailto:info@taifun-software.de\">info@taifun-software.de<\/a><br \/><\/span><span style=\"font-size: 15px;\">Internet: <a href=\"www.taifun-software.de\/\" target=\"_blank\" rel=\"noopener noreferrer\">www.taifun-software.de<\/a><\/span><\/p>\n<\/div>\n<p>[\/et_pb_text][\/et_pb_column][et_pb_column type=&#8220;1_3&#8243; _builder_version=&#8220;4.16&#8243; custom_padding=&#8220;|||&#8220; global_colors_info=&#8220;{}&#8220; custom_padding__hover=&#8220;|||&#8220;][et_pb_image src=&#8220;https:\/\/www.bvbs.de\/wp-content\/uploads\/2025\/01\/Bilder-Unternehmensprofil-2.jpg&#8220; title_text=&#8220;Logo_Taifun&#8220; align_tablet=&#8220;left&#8220; align_phone=&#8220;left&#8220; align_last_edited=&#8220;on|phone&#8220; _builder_version=&#8220;4.27.3&#8243; max_width=&#8220;76%&#8220; hover_enabled=&#8220;0&#8243; global_colors_info=&#8220;{}&#8220; sticky_enabled=&#8220;0&#8243; max_width_last_edited=&#8220;on|desktop&#8220; max_width_phone=&#8220;87%&#8220; max_width_tablet=&#8220;53%&#8220;]\u00a0<br \/>\n[\/et_pb_image][\/et_pb_column][\/et_pb_row][\/et_pb_section]<\/p>\n","protected":false},"excerpt":{"rendered":"<p>BVBS Mitgliedsunternehmen Allgemeines Mehr Handwerk. Weniger B\u00fcro.Seit \u00fcber 35 Jahren entwickelt die TAIFUN Software GmbH kaufm\u00e4nnische Software f\u00fcrs Handwerk: Ob Auftragsabwicklung, papierloses Dokumenten-Management oder rechtssichere E-Mail-Archivierung. Und mit der App f\u00fcr iOS und Android k\u00f6nnen die Daten auch unterwegs abgerufen und bearbeitet werden. &nbsp; Ihre Vorteile auf einen Blick Komfortable Bedienung Einfache &amp; schnelle Belegbearbeitung [&hellip;]<\/p>\n","protected":false},"author":760,"featured_media":0,"parent":0,"menu_order":0,"comment_status":"closed","ping_status":"closed","template":"","meta":{"_et_pb_use_builder":"on","_et_pb_old_content":"","_et_gb_content_width":"","wp_typography_post_enhancements_disabled":false,"footnotes":""},"class_list":["post-8564","page","type-page","status-publish","hentry"],"yoast_head":"<!-- This site is optimized with the Yoast SEO plugin v26.1.1 - https:\/\/yoast.com\/wordpress\/plugins\/seo\/ -->\r\n<title>TAIFUN Software GmbH - BVBS Bundesverband Software und Digitalisierung im Bauwesen e.V.<\/title>\r\n<meta name=\"description\" content=\"Seit \u00fcber 35 Jahren entwickelt die TAIFUN Software GmbH kaufm\u00e4nnische Software f\u00fcrs Handwerk\" \/>\r\n<meta name=\"robots\" content=\"index, follow, max-snippet:-1, max-image-preview:large, max-video-preview:-1\" \/>\r\n<link rel=\"canonical\" href=\"https:\/\/www.bvbs.de\/en\/taifun\/\" \/>\r\n<meta property=\"og:locale\" content=\"en_GB\" \/>\r\n<meta property=\"og:type\" content=\"article\" \/>\r\n<meta property=\"og:title\" content=\"TAIFUN Software GmbH - BVBS Bundesverband Software und Digitalisierung im Bauwesen e.V.\" \/>\r\n<meta property=\"og:description\" content=\"Seit \u00fcber 35 Jahren entwickelt die TAIFUN Software GmbH kaufm\u00e4nnische Software f\u00fcrs Handwerk\" \/>\r\n<meta property=\"og:url\" content=\"https:\/\/www.bvbs.de\/en\/taifun\/\" \/>\r\n<meta property=\"og:site_name\" content=\"BVBS Bundesverband Software und Digitalisierung im Bauwesen e.V.\" \/>\r\n<meta property=\"article:modified_time\" content=\"2025-09-25T10:50:03+00:00\" \/>\r\n<meta name=\"twitter:card\" content=\"summary_large_image\" \/>\r\n<meta name=\"twitter:label1\" content=\"Estimated reading time\" \/>\n\t<meta name=\"twitter:data1\" content=\"3 minutes\" \/>\r\n<script type=\"application\/ld+json\" class=\"yoast-schema-graph\">{\"@context\":\"https:\/\/schema.org\",\"@graph\":[{\"@type\":\"WebPage\",\"@id\":\"https:\/\/www.bvbs.de\/taifun\/\",\"url\":\"https:\/\/www.bvbs.de\/taifun\/\",\"name\":\"TAIFUN Software GmbH - BVBS Bundesverband Software und Digitalisierung im Bauwesen e.V.\",\"isPartOf\":{\"@id\":\"https:\/\/www.bvbs.de\/#website\"},\"datePublished\":\"2022-10-12T11:07:28+00:00\",\"dateModified\":\"2025-09-25T10:50:03+00:00\",\"description\":\"Seit \u00fcber 35 Jahren entwickelt die TAIFUN Software GmbH kaufm\u00e4nnische Software f\u00fcrs Handwerk\",\"breadcrumb\":{\"@id\":\"https:\/\/www.bvbs.de\/taifun\/#breadcrumb\"},\"inLanguage\":\"en-GB\",\"potentialAction\":[{\"@type\":\"ReadAction\",\"target\":[\"https:\/\/www.bvbs.de\/taifun\/\"]}]},{\"@type\":\"BreadcrumbList\",\"@id\":\"https:\/\/www.bvbs.de\/taifun\/#breadcrumb\",\"itemListElement\":[{\"@type\":\"ListItem\",\"position\":1,\"name\":\"Startseite\",\"item\":\"https:\/\/www.bvbs.de\/\"},{\"@type\":\"ListItem\",\"position\":2,\"name\":\"TAIFUN Software GmbH\"}]},{\"@type\":\"WebSite\",\"@id\":\"https:\/\/www.bvbs.de\/#website\",\"url\":\"https:\/\/www.bvbs.de\/\",\"name\":\"BVBS Bundesverband Software und Digitalisierung im Bauwesen e.V.\",\"description\":\"\",\"publisher\":{\"@id\":\"https:\/\/www.bvbs.de\/#organization\"},\"potentialAction\":[{\"@type\":\"SearchAction\",\"target\":{\"@type\":\"EntryPoint\",\"urlTemplate\":\"https:\/\/www.bvbs.de\/?s={search_term_string}\"},\"query-input\":{\"@type\":\"PropertyValueSpecification\",\"valueRequired\":true,\"valueName\":\"search_term_string\"}}],\"inLanguage\":\"en-GB\"},{\"@type\":\"Organization\",\"@id\":\"https:\/\/www.bvbs.de\/#organization\",\"name\":\"BVBS Bundesverband Software und Digitalisierung im Bauwesen\",\"url\":\"https:\/\/www.bvbs.de\/\",\"logo\":{\"@type\":\"ImageObject\",\"inLanguage\":\"en-GB\",\"@id\":\"https:\/\/www.bvbs.de\/#\/schema\/logo\/image\/\",\"url\":\"https:\/\/www.bvbs.de\/wp-content\/uploads\/2024\/01\/cropped-favicon-bvbs.png\",\"contentUrl\":\"https:\/\/www.bvbs.de\/wp-content\/uploads\/2024\/01\/cropped-favicon-bvbs.png\",\"width\":512,\"height\":512,\"caption\":\"BVBS Bundesverband Software und Digitalisierung im Bauwesen\"},\"image\":{\"@id\":\"https:\/\/www.bvbs.de\/#\/schema\/logo\/image\/\"}}]}<\/script>\r\n<!-- \/ Yoast SEO plugin. -->","yoast_head_json":{"title":"TAIFUN Soft\u00adware GmbH \u2014 BVBS Bun\u00addes\u00adver\u00adband Soft\u00adware und Digi\u00adta\u00adli\u00adsie\u00adrung im Bau\u00adwe\u00adsen e.V.","description":"Seit \u00fcber 35 Jah\u00adren ent\u00adwi\u00adckelt die TAIFUN Soft\u00adware GmbH kauf\u00adm\u00e4n\u00adni\u00adsche Soft\u00adware f\u00fcrs Handwerk","robots":{"index":"index","follow":"follow","max-snippet":"max-snippet:-1","max-image-preview":"max-image-preview:large","max-video-preview":"max-video-preview:-1"},"canonical":"https:\/\/www.bvbs.de\/en\/taifun\/","og_locale":"en_GB","og_type":"article","og_title":"TAIFUN Software GmbH - BVBS Bundesverband Software und Digitalisierung im Bauwesen e.V.","og_description":"Seit \u00fcber 35 Jahren entwickelt die TAIFUN Software GmbH kaufm\u00e4nnische Software f\u00fcrs Handwerk","og_url":"https:\/\/www.bvbs.de\/en\/taifun\/","og_site_name":"BVBS Bundesverband Software und Digitalisierung im Bauwesen e.V.","article_modified_time":"2025-09-25T10:50:03+00:00","twitter_card":"summary_large_image","twitter_misc":{"Estimated reading time":"3 minutes"},"schema":{"@context":"https:\/\/schema.org","@graph":[{"@type":"WebPage","@id":"https:\/\/www.bvbs.de\/taifun\/","url":"https:\/\/www.bvbs.de\/taifun\/","name":"TAIFUN Soft\u00adware GmbH \u2014 BVBS Bun\u00addes\u00adver\u00adband Soft\u00adware und Digi\u00adta\u00adli\u00adsie\u00adrung im Bau\u00adwe\u00adsen e.V.","isPartOf":{"@id":"https:\/\/www.bvbs.de\/#website"},"datePublished":"2022-10-12T11:07:28+00:00","dateModified":"2025-09-25T10:50:03+00:00","description":"Seit \u00fcber 35 Jah\u00adren ent\u00adwi\u00adckelt die TAIFUN Soft\u00adware GmbH kauf\u00adm\u00e4n\u00adni\u00adsche Soft\u00adware f\u00fcrs Handwerk","breadcrumb":{"@id":"https:\/\/www.bvbs.de\/taifun\/#breadcrumb"},"inLanguage":"en-GB","potentialAction":[{"@type":"ReadAction","target":["https:\/\/www.bvbs.de\/taifun\/"]}]},{"@type":"BreadcrumbList","@id":"https:\/\/www.bvbs.de\/taifun\/#breadcrumb","itemListElement":[{"@type":"ListItem","position":1,"name":"Startseite","item":"https:\/\/www.bvbs.de\/"},{"@type":"ListItem","position":2,"name":"TAIFUN Software GmbH"}]},{"@type":"WebSite","@id":"https:\/\/www.bvbs.de\/#website","url":"https:\/\/www.bvbs.de\/","name":"BVBS Bun\u00addes\u00adver\u00adband Soft\u00adware und Digi\u00adta\u00adli\u00adsie\u00adrung im Bau\u00adwe\u00adsen e.V.","description":"","publisher":{"@id":"https:\/\/www.bvbs.de\/#organization"},"potentialAction":[{"@type":"SearchAction","target":{"@type":"EntryPoint","urlTemplate":"https:\/\/www.bvbs.de\/?s={search_term_string}"},"query-input":{"@type":"PropertyValueSpecification","valueRequired":true,"valueName":"search_term_string"}}],"inLanguage":"en-GB"},{"@type":"Organization","@id":"https:\/\/www.bvbs.de\/#organization","name":"BVBS Bun\u00addes\u00adver\u00adband Soft\u00adware und Digi\u00adta\u00adli\u00adsie\u00adrung im Bauwesen","url":"https:\/\/www.bvbs.de\/","logo":{"@type":"ImageObject","inLanguage":"en-GB","@id":"https:\/\/www.bvbs.de\/#\/schema\/logo\/image\/","url":"https:\/\/www.bvbs.de\/wp-content\/uploads\/2024\/01\/cropped-favicon-bvbs.png","contentUrl":"https:\/\/www.bvbs.de\/wp-content\/uploads\/2024\/01\/cropped-favicon-bvbs.png","width":512,"height":512,"caption":"BVBS Bundesverband Software und Digitalisierung im Bauwesen"},"image":{"@id":"https:\/\/www.bvbs.de\/#\/schema\/logo\/image\/"}}]}},"_links":{"self":[{"href":"https:\/\/www.bvbs.de\/en\/wp-json\/wp\/v2\/pages\/8564","targetHints":{"allow":["GET"]}}],"collection":[{"href":"https:\/\/www.bvbs.de\/en\/wp-json\/wp\/v2\/pages"}],"about":[{"href":"https:\/\/www.bvbs.de\/en\/wp-json\/wp\/v2\/types\/page"}],"author":[{"embeddable":true,"href":"https:\/\/www.bvbs.de\/en\/wp-json\/wp\/v2\/users\/760"}],"replies":[{"embeddable":true,"href":"https:\/\/www.bvbs.de\/en\/wp-json\/wp\/v2\/comments?post=8564"}],"version-history":[{"count":0,"href":"https:\/\/www.bvbs.de\/en\/wp-json\/wp\/v2\/pages\/8564\/revisions"}],"wp:attachment":[{"href":"https:\/\/www.bvbs.de\/en\/wp-json\/wp\/v2\/media?parent=8564"}],"curies":[{"name":"wp","href":"https:\/\/api.w.org\/{rel}","templated":true}]}}