{"id":9423,"date":"2023-03-16T21:47:54","date_gmt":"2023-03-16T20:47:54","guid":{"rendered":"https:\/\/www.bvbs.de\/weka-media-copy\/"},"modified":"2025-09-25T12:44:40","modified_gmt":"2025-09-25T10:44:40","slug":"vestigas","status":"publish","type":"page","link":"https:\/\/www.bvbs.de\/en\/vestigas\/","title":{"rendered":"VESTIGAS GmbH"},"content":{"rendered":"<p>[et_pb_section fb_built=&#8220;1&#8243; fullwidth=&#8220;on&#8220; _builder_version=&#8220;4.16&#8243; global_colors_info=&#8220;{}&#8220;][et_pb_fullwidth_slider _builder_version=&#8220;4.16&#8243; header_font=&#8220;Roboto|700|||||||&#8220; body_font=&#8220;Roboto||||||||&#8220; global_colors_info=&#8220;{}&#8220; button_text_size__hover_enabled=&#8220;off&#8220; button_one_text_size__hover_enabled=&#8220;off&#8220; button_two_text_size__hover_enabled=&#8220;off&#8220; button_text_color__hover_enabled=&#8220;off&#8220; button_one_text_color__hover_enabled=&#8220;off&#8220; button_two_text_color__hover_enabled=&#8220;off&#8220; button_border_width__hover_enabled=&#8220;off&#8220; button_one_border_width__hover_enabled=&#8220;off&#8220; button_two_border_width__hover_enabled=&#8220;off&#8220; button_border_color__hover_enabled=&#8220;off&#8220; button_one_border_color__hover_enabled=&#8220;off&#8220; button_two_border_color__hover_enabled=&#8220;off&#8220; button_border_radius__hover_enabled=&#8220;off&#8220; button_one_border_radius__hover_enabled=&#8220;off&#8220; button_two_border_radius__hover_enabled=&#8220;off&#8220; button_letter_spacing__hover_enabled=&#8220;off&#8220; button_one_letter_spacing__hover_enabled=&#8220;off&#8220; button_two_letter_spacing__hover_enabled=&#8220;off&#8220; button_bg_color__hover_enabled=&#8220;off&#8220; button_one_bg_color__hover_enabled=&#8220;off&#8220; button_two_bg_color__hover_enabled=&#8220;off&#8220;][et_pb_slide heading=&#8220;VESTIGAS GmbH&#8220; use_bg_overlay=&#8220;off&#8220; use_text_overlay=&#8220;off&#8220; _builder_version=&#8220;4.16&#8243; background_color=&#8220;#ffffff&#8220; background_image=&#8220;https:\/\/www.bvbs.de\/wp-content\/uploads\/2021\/02\/mitglieder-bg.jpg&#8220; button_on_hover=&#8220;on&#8220; global_colors_info=&#8220;{}&#8220; button_text_size__hover_enabled=&#8220;off&#8220; button_one_text_size__hover_enabled=&#8220;off&#8220; button_two_text_size__hover_enabled=&#8220;off&#8220; button_text_color__hover_enabled=&#8220;off&#8220; button_one_text_color__hover_enabled=&#8220;off&#8220; button_two_text_color__hover_enabled=&#8220;off&#8220; button_border_width__hover_enabled=&#8220;off&#8220; button_one_border_width__hover_enabled=&#8220;off&#8220; button_two_border_width__hover_enabled=&#8220;off&#8220; button_border_color__hover_enabled=&#8220;off&#8220; button_one_border_color__hover_enabled=&#8220;off&#8220; button_two_border_color__hover_enabled=&#8220;off&#8220; button_border_radius__hover_enabled=&#8220;off&#8220; button_one_border_radius__hover_enabled=&#8220;off&#8220; button_two_border_radius__hover_enabled=&#8220;off&#8220; button_letter_spacing__hover_enabled=&#8220;off&#8220; button_one_letter_spacing__hover_enabled=&#8220;off&#8220; button_two_letter_spacing__hover_enabled=&#8220;off&#8220; button_bg_color__hover_enabled=&#8220;off&#8220; button_one_bg_color__hover_enabled=&#8220;off&#8220; button_two_bg_color__hover_enabled=&#8220;off&#8220; sticky_transition=&#8220;on&#8220;]BVBS Mitgliedsunternehmen [\/et_pb_slide][\/et_pb_fullwidth_slider][\/et_pb_section][et_pb_section fb_built=&#8220;1&#8243; _builder_version=&#8220;4.16&#8243; global_colors_info=&#8220;{}&#8220;][et_pb_row column_structure=&#8220;1_3,2_3&#8243; _builder_version=&#8220;4.16&#8243; custom_padding=&#8220;27px|0px|50px|0&#8243; border_width_bottom=&#8220;1px&#8220; border_color_bottom=&#8220;rgba(51,51,51,0.18)&#8220; global_colors_info=&#8220;{}&#8220;][et_pb_column type=&#8220;1_3&#8243; _builder_version=&#8220;4.16&#8243; custom_padding=&#8220;|||&#8220; global_colors_info=&#8220;{}&#8220; custom_padding__hover=&#8220;|||&#8220;][et_pb_text _builder_version=&#8220;4.16&#8243; text_font=&#8220;Roboto|700|||||||&#8220; text_text_color=&#8220;#696666&#8243; text_font_size=&#8220;40px&#8220; global_colors_info=&#8220;{}&#8220;]Allgemeines<br \/>\n[\/et_pb_text][\/et_pb_column][et_pb_column type=&#8220;2_3&#8243; _builder_version=&#8220;4.16&#8243; custom_padding=&#8220;|||&#8220; global_colors_info=&#8220;{}&#8220; custom_padding__hover=&#8220;|||&#8220;][et_pb_text disabled_on=&#8220;off|off|off&#8220; _builder_version=&#8220;4.16&#8243; global_colors_info=&#8220;{}&#8220;]Die Softwarel\u00f6sung von VESTIGAS hat den traditionellen Papierlieferschein erfolgreich abgel\u00f6st. Dank des direkten Datenaustauschs zwischen Lieferanten und Abnehmern kann der digitale Lieferschein in Echtzeit eingesehen, bearbeitet und rechtssicher unterzeichnet werden. Dar\u00fcber hinaus bietet die Anwendung umfassende Auswertungen und automatisierte Rechnungspr\u00fcfungen zur nahtlosen Weiterverarbeitung. Die Beteiligten profitieren von einem rasant wachsenden Netzwerk in der Bauindustrie.<br \/>\n[\/et_pb_text][\/et_pb_column][\/et_pb_row][et_pb_row column_structure=&#8220;1_3,2_3&#8243; _builder_version=&#8220;4.16&#8243; custom_padding=&#8220;50px|0px|50px|0px&#8220; border_width_bottom=&#8220;1px&#8220; border_color_bottom=&#8220;rgba(51,51,51,0.18)&#8220; global_colors_info=&#8220;{}&#8220; disabled_on=&#8220;on|on|on&#8220; disabled=&#8220;on&#8220;][et_pb_column type=&#8220;1_3&#8243; _builder_version=&#8220;4.16&#8243; custom_padding=&#8220;|||&#8220; global_colors_info=&#8220;{}&#8220; custom_padding__hover=&#8220;|||&#8220;][et_pb_text _builder_version=&#8220;4.16&#8243; text_font=&#8220;Roboto|700|||||||&#8220; text_text_color=&#8220;#696666&#8243; text_font_size=&#8220;40px&#8220; global_colors_info=&#8220;{}&#8220;]Produkte<br \/>\n[\/et_pb_text][\/et_pb_column][et_pb_column type=&#8220;2_3&#8243; _builder_version=&#8220;4.16&#8243; custom_padding=&#8220;|||&#8220; global_colors_info=&#8220;{}&#8220; custom_padding__hover=&#8220;|||&#8220;][et_pb_text disabled_on=&#8220;on|on|on&#8220; _builder_version=&#8220;4.16&#8243; disabled=&#8220;on&#8220; global_colors_info=&#8220;{}&#8220;]<b><img loading=\"lazy\" decoding=\"async\" class=\"alignnone size-medium wp-image-2327\" src=\"https:\/\/www.bvbs.de\/wp-content\/uploads\/2018\/07\/sirados_logo-300x96.png\" alt=\"\" width=\"300\" height=\"96\" \/><\/b> <b>Sirados Baudaten &amp; Software <\/b>Daten &amp; Software f\u00fcr Kostenplanung, Ausschreibung und Kalkulation<span class=\"Apple-converted-space\">\u00a0<\/span> <b>Handwerksb\u00fcro PS <\/b>Die B\u00fcrokomplettl\u00f6sung f\u00fcr Handwerksbetriebe inkl. Leistungspositionen mit Lohn-, Material- und Maschinenkosten.<span class=\"Apple-converted-space\">\u00a0<\/span> <b>Baudokumentation smart &amp; easy <\/b>Das starke Duo f\u00fcr Baustelle &amp; B\u00fcro &#8211; Mobil erfassen, genial verkn\u00fcpfen, digital wiederfinden!<span class=\"Apple-converted-space\">\u00a0<\/span> <b>Ausschreiben leicht gemacht <\/b>AVA-Software inkl. 8.000 SIRADOS Positionen f\u00fcr Ausschreibung und Vergabe<span class=\"Apple-converted-space\">\u00a0<\/span> <b>Honorarabrechnung leicht gemacht <\/b>Honoraranspr\u00fcche nach HOAI, freie Leistungen und Zeithonorare ermitteln<span class=\"Apple-converted-space\">\u00a0<\/span> <b>Bauantrag smart&amp; easy <\/b>Formulare und Vordrucke f\u00fcr die Baugenehmigung schnell zusammenstellen &#8211; sicher ausf\u00fcllen &#8211; komfortabel verwalten.<span class=\"Apple-converted-space\">\u00a0<\/span> <b>Bauzeitenplan smart &amp; easy <\/b>Software zur Bauablaufplanung<span class=\"Apple-converted-space\">\u00a0<\/span> <b>CAD-Details Hochbau <\/b>Digitale Musterdetail-Bibliothek als DWG\/DXF\/PDF<span class=\"Apple-converted-space\">\u00a0<\/span> <b>Vereinfachter hydraulischer Abgleich smart &amp; easy <\/b>Hydraulischen Abgleich direkt bei Kunden durchf\u00fchren und Ventile einstellen<span class=\"Apple-converted-space\">\u00a0<\/span> <b>LEGEP &#8211; Planen, Berechnen, Betreiben <\/b>Softwarel\u00f6sung zur zuverl\u00e4ssigen Planung nachhaltiger Geb\u00e4ude. Bewertung von Herstellungs- und Lebenszykluskosten, Energiebedarf und \u00d6kobilanz<span class=\"Apple-converted-space\">\u00a0<\/span><br \/>\n[\/et_pb_text][\/et_pb_column][\/et_pb_row][et_pb_row column_structure=&#8220;1_3,1_3,1_3&#8243; _builder_version=&#8220;4.16&#8243; custom_padding=&#8220;50px|0px|27px|0px&#8220; global_colors_info=&#8220;{}&#8220;][et_pb_column type=&#8220;1_3&#8243; _builder_version=&#8220;4.16&#8243; custom_padding=&#8220;|||&#8220; global_colors_info=&#8220;{}&#8220; custom_padding__hover=&#8220;|||&#8220;][et_pb_text _builder_version=&#8220;4.16&#8243; text_font=&#8220;Roboto|700|||||||&#8220; text_text_color=&#8220;#696666&#8243; text_font_size=&#8220;40px&#8220; global_colors_info=&#8220;{}&#8220;]Kontakt<br \/>\n[\/et_pb_text][\/et_pb_column][et_pb_column type=&#8220;1_3&#8243; _builder_version=&#8220;4.16&#8243; custom_padding=&#8220;|||&#8220; global_colors_info=&#8220;{}&#8220; custom_padding__hover=&#8220;|||&#8220;][et_pb_text _builder_version=&#8220;4.16&#8243; global_colors_info=&#8220;{}&#8220;]<strong>VESTIGAS GmbH<\/strong><br \/>\nDorf Zellhub 48<br \/>\nD-84307 Eggenfelden<br \/>\n<span class=\"Apple-converted-space\">\u00a0<\/span><br \/>\nTel.:\u00a0 +49 8721 507533<br \/>\nInternet: <a href=\"http:\/\/www.vestigas.com\" target=\"_blank\" rel=\"noopener noreferrer\">www.vestigas.com<\/a><br \/>\nMail: <a href=\"mailto:info@vestigas.com\" target=\"_blank\" rel=\"noopener\">info@vestigas.com<\/a><br \/>\n[\/et_pb_text][\/et_pb_column][et_pb_column type=&#8220;1_3&#8243; _builder_version=&#8220;4.16&#8243; custom_padding=&#8220;|||&#8220; global_colors_info=&#8220;{}&#8220; custom_padding__hover=&#8220;|||&#8220;][et_pb_image src=&#8220;https:\/\/www.bvbs.de\/wp-content\/uploads\/2023\/03\/Vestigas_Logo-e1678999362313.png&#8220; align_tablet=&#8220;left&#8220; align_phone=&#8220;left&#8220; align_last_edited=&#8220;on|phone&#8220; _builder_version=&#8220;4.27.3&#8243; global_colors_info=&#8220;{}&#8220;][\/et_pb_image][\/et_pb_column][\/et_pb_row][\/et_pb_section]<\/p>\n","protected":false},"excerpt":{"rendered":"<p>BVBS Mitgliedsunternehmen Allgemeines Die Softwarel\u00f6sung von VESTIGAS hat den traditionellen Papierlieferschein erfolgreich abgel\u00f6st. Dank des direkten Datenaustauschs zwischen Lieferanten und Abnehmern kann der digitale Lieferschein in Echtzeit eingesehen, bearbeitet und rechtssicher unterzeichnet werden. Dar\u00fcber hinaus bietet die Anwendung umfassende Auswertungen und automatisierte Rechnungspr\u00fcfungen zur nahtlosen Weiterverarbeitung. Die Beteiligten profitieren von einem rasant wachsenden Netzwerk in [&hellip;]<\/p>\n","protected":false},"author":3,"featured_media":0,"parent":0,"menu_order":0,"comment_status":"closed","ping_status":"closed","template":"","meta":{"_et_pb_use_builder":"on","_et_pb_old_content":"","_et_gb_content_width":"","wp_typography_post_enhancements_disabled":false,"footnotes":""},"class_list":["post-9423","page","type-page","status-publish","hentry"],"yoast_head":"<!-- This site is optimized with the Yoast SEO plugin v26.1.1 - https:\/\/yoast.com\/wordpress\/plugins\/seo\/ -->\r\n<title>VESTIGAS GmbH - BVBS Bundesverband Software und Digitalisierung im Bauwesen e.V.<\/title>\r\n<meta name=\"robots\" content=\"index, follow, max-snippet:-1, max-image-preview:large, max-video-preview:-1\" \/>\r\n<link rel=\"canonical\" href=\"https:\/\/www.bvbs.de\/en\/vestigas\/\" \/>\r\n<meta property=\"og:locale\" content=\"en_GB\" \/>\r\n<meta property=\"og:type\" content=\"article\" \/>\r\n<meta property=\"og:title\" content=\"VESTIGAS GmbH - BVBS Bundesverband Software und Digitalisierung im Bauwesen e.V.\" \/>\r\n<meta property=\"og:description\" content=\"BVBS Mitgliedsunternehmen Allgemeines Die Softwarel\u00f6sung von VESTIGAS hat den traditionellen Papierlieferschein erfolgreich abgel\u00f6st. Dank des direkten Datenaustauschs zwischen Lieferanten und Abnehmern kann der digitale Lieferschein in Echtzeit eingesehen, bearbeitet und rechtssicher unterzeichnet werden. Dar\u00fcber hinaus bietet die Anwendung umfassende Auswertungen und automatisierte Rechnungspr\u00fcfungen zur nahtlosen Weiterverarbeitung. Die Beteiligten profitieren von einem rasant wachsenden Netzwerk in [&hellip;]\" \/>\r\n<meta property=\"og:url\" content=\"https:\/\/www.bvbs.de\/en\/vestigas\/\" \/>\r\n<meta property=\"og:site_name\" content=\"BVBS Bundesverband Software und Digitalisierung im Bauwesen e.V.\" \/>\r\n<meta property=\"article:modified_time\" content=\"2025-09-25T10:44:40+00:00\" \/>\r\n<meta property=\"og:image\" content=\"https:\/\/www.bvbs.de\/wp-content\/uploads\/2018\/07\/sirados_logo-300x96.png\" \/>\r\n<meta name=\"twitter:card\" content=\"summary_large_image\" \/>\r\n<meta name=\"twitter:label1\" content=\"Estimated reading time\" \/>\n\t<meta name=\"twitter:data1\" content=\"5 minutes\" \/>\r\n<script type=\"application\/ld+json\" class=\"yoast-schema-graph\">{\"@context\":\"https:\/\/schema.org\",\"@graph\":[{\"@type\":\"WebPage\",\"@id\":\"https:\/\/www.bvbs.de\/vestigas\/\",\"url\":\"https:\/\/www.bvbs.de\/vestigas\/\",\"name\":\"VESTIGAS GmbH - BVBS Bundesverband Software und Digitalisierung im Bauwesen e.V.\",\"isPartOf\":{\"@id\":\"https:\/\/www.bvbs.de\/#website\"},\"primaryImageOfPage\":{\"@id\":\"https:\/\/www.bvbs.de\/vestigas\/#primaryimage\"},\"image\":{\"@id\":\"https:\/\/www.bvbs.de\/vestigas\/#primaryimage\"},\"thumbnailUrl\":\"https:\/\/www.bvbs.de\/wp-content\/uploads\/2018\/07\/sirados_logo-300x96.png\",\"datePublished\":\"2023-03-16T20:47:54+00:00\",\"dateModified\":\"2025-09-25T10:44:40+00:00\",\"breadcrumb\":{\"@id\":\"https:\/\/www.bvbs.de\/vestigas\/#breadcrumb\"},\"inLanguage\":\"en-GB\",\"potentialAction\":[{\"@type\":\"ReadAction\",\"target\":[\"https:\/\/www.bvbs.de\/vestigas\/\"]}]},{\"@type\":\"ImageObject\",\"inLanguage\":\"en-GB\",\"@id\":\"https:\/\/www.bvbs.de\/vestigas\/#primaryimage\",\"url\":\"https:\/\/www.bvbs.de\/wp-content\/uploads\/2018\/07\/sirados_logo-300x96.png\",\"contentUrl\":\"https:\/\/www.bvbs.de\/wp-content\/uploads\/2018\/07\/sirados_logo-300x96.png\"},{\"@type\":\"BreadcrumbList\",\"@id\":\"https:\/\/www.bvbs.de\/vestigas\/#breadcrumb\",\"itemListElement\":[{\"@type\":\"ListItem\",\"position\":1,\"name\":\"Startseite\",\"item\":\"https:\/\/www.bvbs.de\/\"},{\"@type\":\"ListItem\",\"position\":2,\"name\":\"VESTIGAS GmbH\"}]},{\"@type\":\"WebSite\",\"@id\":\"https:\/\/www.bvbs.de\/#website\",\"url\":\"https:\/\/www.bvbs.de\/\",\"name\":\"BVBS Bundesverband Software und Digitalisierung im Bauwesen e.V.\",\"description\":\"\",\"publisher\":{\"@id\":\"https:\/\/www.bvbs.de\/#organization\"},\"potentialAction\":[{\"@type\":\"SearchAction\",\"target\":{\"@type\":\"EntryPoint\",\"urlTemplate\":\"https:\/\/www.bvbs.de\/?s={search_term_string}\"},\"query-input\":{\"@type\":\"PropertyValueSpecification\",\"valueRequired\":true,\"valueName\":\"search_term_string\"}}],\"inLanguage\":\"en-GB\"},{\"@type\":\"Organization\",\"@id\":\"https:\/\/www.bvbs.de\/#organization\",\"name\":\"BVBS Bundesverband Software und Digitalisierung im Bauwesen\",\"url\":\"https:\/\/www.bvbs.de\/\",\"logo\":{\"@type\":\"ImageObject\",\"inLanguage\":\"en-GB\",\"@id\":\"https:\/\/www.bvbs.de\/#\/schema\/logo\/image\/\",\"url\":\"https:\/\/www.bvbs.de\/wp-content\/uploads\/2024\/01\/cropped-favicon-bvbs.png\",\"contentUrl\":\"https:\/\/www.bvbs.de\/wp-content\/uploads\/2024\/01\/cropped-favicon-bvbs.png\",\"width\":512,\"height\":512,\"caption\":\"BVBS Bundesverband Software und Digitalisierung im Bauwesen\"},\"image\":{\"@id\":\"https:\/\/www.bvbs.de\/#\/schema\/logo\/image\/\"}}]}<\/script>\r\n<!-- \/ Yoast SEO plugin. -->","yoast_head_json":{"title":"VESTIGAS GmbH \u2014 BVBS Bun\u00addes\u00adver\u00adband Soft\u00adware und Digi\u00adta\u00adli\u00adsie\u00adrung im Bau\u00adwe\u00adsen e.V.","robots":{"index":"index","follow":"follow","max-snippet":"max-snippet:-1","max-image-preview":"max-image-preview:large","max-video-preview":"max-video-preview:-1"},"canonical":"https:\/\/www.bvbs.de\/en\/vestigas\/","og_locale":"en_GB","og_type":"article","og_title":"VESTIGAS GmbH - BVBS Bundesverband Software und Digitalisierung im Bauwesen e.V.","og_description":"BVBS Mitgliedsunternehmen Allgemeines Die Softwarel\u00f6sung von VESTIGAS hat den traditionellen Papierlieferschein erfolgreich abgel\u00f6st. Dank des direkten Datenaustauschs zwischen Lieferanten und Abnehmern kann der digitale Lieferschein in Echtzeit eingesehen, bearbeitet und rechtssicher unterzeichnet werden. Dar\u00fcber hinaus bietet die Anwendung umfassende Auswertungen und automatisierte Rechnungspr\u00fcfungen zur nahtlosen Weiterverarbeitung. Die Beteiligten profitieren von einem rasant wachsenden Netzwerk in [&hellip;]","og_url":"https:\/\/www.bvbs.de\/en\/vestigas\/","og_site_name":"BVBS Bundesverband Software und Digitalisierung im Bauwesen e.V.","article_modified_time":"2025-09-25T10:44:40+00:00","og_image":[{"url":"https:\/\/www.bvbs.de\/wp-content\/uploads\/2018\/07\/sirados_logo-300x96.png","type":"","width":"","height":""}],"twitter_card":"summary_large_image","twitter_misc":{"Estimated reading time":"5 minutes"},"schema":{"@context":"https:\/\/schema.org","@graph":[{"@type":"WebPage","@id":"https:\/\/www.bvbs.de\/vestigas\/","url":"https:\/\/www.bvbs.de\/vestigas\/","name":"VESTIGAS GmbH \u2014 BVBS Bun\u00addes\u00adver\u00adband Soft\u00adware und Digi\u00adta\u00adli\u00adsie\u00adrung im Bau\u00adwe\u00adsen e.V.","isPartOf":{"@id":"https:\/\/www.bvbs.de\/#website"},"primaryImageOfPage":{"@id":"https:\/\/www.bvbs.de\/vestigas\/#primaryimage"},"image":{"@id":"https:\/\/www.bvbs.de\/vestigas\/#primaryimage"},"thumbnailUrl":"https:\/\/www.bvbs.de\/wp-content\/uploads\/2018\/07\/sirados_logo-300x96.png","datePublished":"2023-03-16T20:47:54+00:00","dateModified":"2025-09-25T10:44:40+00:00","breadcrumb":{"@id":"https:\/\/www.bvbs.de\/vestigas\/#breadcrumb"},"inLanguage":"en-GB","potentialAction":[{"@type":"ReadAction","target":["https:\/\/www.bvbs.de\/vestigas\/"]}]},{"@type":"ImageObject","inLanguage":"en-GB","@id":"https:\/\/www.bvbs.de\/vestigas\/#primaryimage","url":"https:\/\/www.bvbs.de\/wp-content\/uploads\/2018\/07\/sirados_logo-300x96.png","contentUrl":"https:\/\/www.bvbs.de\/wp-content\/uploads\/2018\/07\/sirados_logo-300x96.png"},{"@type":"BreadcrumbList","@id":"https:\/\/www.bvbs.de\/vestigas\/#breadcrumb","itemListElement":[{"@type":"ListItem","position":1,"name":"Startseite","item":"https:\/\/www.bvbs.de\/"},{"@type":"ListItem","position":2,"name":"VESTIGAS GmbH"}]},{"@type":"WebSite","@id":"https:\/\/www.bvbs.de\/#website","url":"https:\/\/www.bvbs.de\/","name":"BVBS Bun\u00addes\u00adver\u00adband Soft\u00adware und Digi\u00adta\u00adli\u00adsie\u00adrung im Bau\u00adwe\u00adsen e.V.","description":"","publisher":{"@id":"https:\/\/www.bvbs.de\/#organization"},"potentialAction":[{"@type":"SearchAction","target":{"@type":"EntryPoint","urlTemplate":"https:\/\/www.bvbs.de\/?s={search_term_string}"},"query-input":{"@type":"PropertyValueSpecification","valueRequired":true,"valueName":"search_term_string"}}],"inLanguage":"en-GB"},{"@type":"Organization","@id":"https:\/\/www.bvbs.de\/#organization","name":"BVBS Bun\u00addes\u00adver\u00adband Soft\u00adware und Digi\u00adta\u00adli\u00adsie\u00adrung im Bauwesen","url":"https:\/\/www.bvbs.de\/","logo":{"@type":"ImageObject","inLanguage":"en-GB","@id":"https:\/\/www.bvbs.de\/#\/schema\/logo\/image\/","url":"https:\/\/www.bvbs.de\/wp-content\/uploads\/2024\/01\/cropped-favicon-bvbs.png","contentUrl":"https:\/\/www.bvbs.de\/wp-content\/uploads\/2024\/01\/cropped-favicon-bvbs.png","width":512,"height":512,"caption":"BVBS Bundesverband Software und Digitalisierung im Bauwesen"},"image":{"@id":"https:\/\/www.bvbs.de\/#\/schema\/logo\/image\/"}}]}},"_links":{"self":[{"href":"https:\/\/www.bvbs.de\/en\/wp-json\/wp\/v2\/pages\/9423","targetHints":{"allow":["GET"]}}],"collection":[{"href":"https:\/\/www.bvbs.de\/en\/wp-json\/wp\/v2\/pages"}],"about":[{"href":"https:\/\/www.bvbs.de\/en\/wp-json\/wp\/v2\/types\/page"}],"author":[{"embeddable":true,"href":"https:\/\/www.bvbs.de\/en\/wp-json\/wp\/v2\/users\/3"}],"replies":[{"embeddable":true,"href":"https:\/\/www.bvbs.de\/en\/wp-json\/wp\/v2\/comments?post=9423"}],"version-history":[{"count":0,"href":"https:\/\/www.bvbs.de\/en\/wp-json\/wp\/v2\/pages\/9423\/revisions"}],"wp:attachment":[{"href":"https:\/\/www.bvbs.de\/en\/wp-json\/wp\/v2\/media?parent=9423"}],"curies":[{"name":"wp","href":"https:\/\/api.w.org\/{rel}","templated":true}]}}