{"id":9714,"date":"2023-05-23T14:08:47","date_gmt":"2023-05-23T12:08:47","guid":{"rendered":"https:\/\/www.bvbs.de\/aedificium-digital-copy\/"},"modified":"2025-09-25T12:49:10","modified_gmt":"2025-09-25T10:49:10","slug":"syfit-gmbh","status":"publish","type":"page","link":"https:\/\/www.bvbs.de\/en\/syfit-gmbh\/","title":{"rendered":"SYFIT GmbH"},"content":{"rendered":"<p>[et_pb_section fb_built=&#8220;1&#8243; fullwidth=&#8220;on&#8220; _builder_version=&#8220;4.16&#8243; global_colors_info=&#8220;{}&#8220;][et_pb_fullwidth_slider _builder_version=&#8220;4.16&#8243; header_font=&#8220;Roboto||||||||&#8220; body_font=&#8220;Roboto||||||||&#8220; background_image=&#8220;https:\/\/www.bvbs.de\/wp-content\/uploads\/2021\/02\/mitglieder-bg.jpg&#8220; global_colors_info=&#8220;{}&#8220; button_text_size__hover_enabled=&#8220;off&#8220; button_one_text_size__hover_enabled=&#8220;off&#8220; button_two_text_size__hover_enabled=&#8220;off&#8220; button_text_color__hover_enabled=&#8220;off&#8220; button_one_text_color__hover_enabled=&#8220;off&#8220; button_two_text_color__hover_enabled=&#8220;off&#8220; button_border_width__hover_enabled=&#8220;off&#8220; button_one_border_width__hover_enabled=&#8220;off&#8220; button_two_border_width__hover_enabled=&#8220;off&#8220; button_border_color__hover_enabled=&#8220;off&#8220; button_one_border_color__hover_enabled=&#8220;off&#8220; button_two_border_color__hover_enabled=&#8220;off&#8220; button_border_radius__hover_enabled=&#8220;off&#8220; button_one_border_radius__hover_enabled=&#8220;off&#8220; button_two_border_radius__hover_enabled=&#8220;off&#8220; button_letter_spacing__hover_enabled=&#8220;off&#8220; button_one_letter_spacing__hover_enabled=&#8220;off&#8220; button_two_letter_spacing__hover_enabled=&#8220;off&#8220; button_bg_color__hover_enabled=&#8220;off&#8220; button_one_bg_color__hover_enabled=&#8220;off&#8220; button_two_bg_color__hover_enabled=&#8220;off&#8220;][et_pb_slide heading=&#8220;SYFIT GmbH&#8220; use_bg_overlay=&#8220;off&#8220; use_text_overlay=&#8220;off&#8220; _builder_version=&#8220;4.16&#8243; header_level=&#8220;h1&#8243; header_font=&#8220;Roboto|700|||||||&#8220; header_font_size=&#8220;55px&#8220; body_font=&#8220;||||||||&#8220; background_color=&#8220;#ffffff&#8220; button_on_hover=&#8220;on&#8220; header_font_size_tablet=&#8220;55px&#8220; header_font_size_phone=&#8220;55px&#8220; global_colors_info=&#8220;{}&#8220; button_text_size__hover_enabled=&#8220;off&#8220; button_one_text_size__hover_enabled=&#8220;off&#8220; button_two_text_size__hover_enabled=&#8220;off&#8220; button_text_color__hover_enabled=&#8220;off&#8220; button_one_text_color__hover_enabled=&#8220;off&#8220; button_two_text_color__hover_enabled=&#8220;off&#8220; button_border_width__hover_enabled=&#8220;off&#8220; button_one_border_width__hover_enabled=&#8220;off&#8220; button_two_border_width__hover_enabled=&#8220;off&#8220; button_border_color__hover_enabled=&#8220;off&#8220; button_one_border_color__hover_enabled=&#8220;off&#8220; button_two_border_color__hover_enabled=&#8220;off&#8220; button_border_radius__hover_enabled=&#8220;off&#8220; button_one_border_radius__hover_enabled=&#8220;off&#8220; button_two_border_radius__hover_enabled=&#8220;off&#8220; button_letter_spacing__hover_enabled=&#8220;off&#8220; button_one_letter_spacing__hover_enabled=&#8220;off&#8220; button_two_letter_spacing__hover_enabled=&#8220;off&#8220; button_bg_color__hover_enabled=&#8220;off&#8220; button_one_bg_color__hover_enabled=&#8220;off&#8220; button_two_bg_color__hover_enabled=&#8220;off&#8220; sticky_transition=&#8220;on&#8220;]BVBS Mitgliedsunternehmen<br \/>\n[\/et_pb_slide][\/et_pb_fullwidth_slider][\/et_pb_section][et_pb_section fb_built=&#8220;1&#8243; _builder_version=&#8220;4.16&#8243; global_colors_info=&#8220;{}&#8220;][et_pb_row column_structure=&#8220;1_3,2_3&#8243; _builder_version=&#8220;4.16&#8243; border_width_bottom=&#8220;1px&#8220; border_color_bottom=&#8220;rgba(105,102,102,0.36)&#8220; global_colors_info=&#8220;{}&#8220;][et_pb_column type=&#8220;1_3&#8243; _builder_version=&#8220;4.16&#8243; custom_padding=&#8220;|||&#8220; global_colors_info=&#8220;{}&#8220; custom_padding__hover=&#8220;|||&#8220;][et_pb_text _builder_version=&#8220;4.16&#8243; text_font=&#8220;Roboto|700|||||||&#8220; text_text_color=&#8220;#696666&#8243; text_font_size=&#8220;40px&#8220; global_colors_info=&#8220;{}&#8220;]Allgemeines<br \/>\n[\/et_pb_text][\/et_pb_column][et_pb_column type=&#8220;2_3&#8243; _builder_version=&#8220;4.16&#8243; custom_padding=&#8220;|||&#8220; global_colors_info=&#8220;{}&#8220; custom_padding__hover=&#8220;|||&#8220;][et_pb_text _builder_version=&#8220;4.16&#8243; global_colors_info=&#8220;{}&#8220;]Die SYFIT GmbH mit Sitz in Aalen auf der schw\u00e4bischen Ostalb ist spezialisiert auf Digitalisierungsl\u00f6sungen f\u00fcr alle Unternehmensgr\u00f6\u00dfen.<\/p>\n<p>Seit 2016 entwickelt und vertreibt sie Standard- so wie individuelle Digitalisierungsl\u00f6sungen und Produkte f\u00fcr Unternehmen, welche eine Einsparung bei Prozessen und einen digitalen Mehrwert ihrer Produkte schaffen m\u00f6chten.<\/p>\n<p>Mit der cloudbasierten Software-as-a-Service-L\u00f6sung AYE-OT-BOX bietet die SYFIT GmbH ihren Kunden eine skalierbare Plattform f\u00fcr die Lokalisierung, Nachverfolgung und Optimierung Ihrer Produkte, sowie ein einfaches Tracking, Prozess- und Informationsmanagement. Damit erm\u00f6glicht die SYFIT GmbH ihren Kunden eine wirtschaftliche Digitalisierung ihrer Produkte und Prozesse. Im Fokus steht dabei immer der wirtschaftliche und technologische Nutzen.<\/p>\n<p>Integration in Systemlandschaft: Daten aus Drittsystemen wie SAP, IBM und Microsoft SharePoint lassen sich nahtlos integrieren und erm\u00f6glichen einen system\u00fcbergreifenden Informationsfluss ohne Datenbruch.<br \/>\n[\/et_pb_text][\/et_pb_column][\/et_pb_row][et_pb_row column_structure=&#8220;1_3,2_3&#8243; _builder_version=&#8220;4.16&#8243; border_width_bottom=&#8220;1px&#8220; border_color_bottom=&#8220;rgba(105,102,102,0.36)&#8220; global_colors_info=&#8220;{}&#8220;][et_pb_column type=&#8220;1_3&#8243; _builder_version=&#8220;4.16&#8243; custom_padding=&#8220;|||&#8220; global_colors_info=&#8220;{}&#8220; custom_padding__hover=&#8220;|||&#8220;][et_pb_text _builder_version=&#8220;4.16&#8243; text_font=&#8220;Roboto|700|||||||&#8220; text_text_color=&#8220;#696666&#8243; text_font_size=&#8220;40px&#8220; global_colors_info=&#8220;{}&#8220;]Produkte<br \/>\n[\/et_pb_text][\/et_pb_column][et_pb_column type=&#8220;2_3&#8243; _builder_version=&#8220;4.16&#8243; custom_padding=&#8220;|||&#8220; global_colors_info=&#8220;{}&#8220; custom_padding__hover=&#8220;|||&#8220;][et_pb_text _builder_version=&#8220;4.16&#8243; global_colors_info=&#8220;{}&#8220;]<strong><a href=\"https:\/\/syfit.de\/produkte\/digitalization-of-things-dot\/\" target=\"_blank\" rel=\"noopener\">Digitalization of Things<\/a><\/strong><br \/>\nSoftwarel\u00f6sung f\u00fcr die digitale Identifikation und Zuordnung von Produkten inklusiver Informationsverwaltung.<\/p>\n<p><strong><a href=\"https:\/\/syfit.de\/produkte\/digitaler-bau\/\" target=\"_blank\" rel=\"noopener\">Digitaler Bau<\/a><\/strong><br \/>\nSoftwarel\u00f6sung f\u00fcr die Baubranche zur digitalen Verwaltung, eindeutigen Zuordnung sowie l\u00fcckenlosen Verfolgung und Standortbestimmung von Werkzeugen, Baumaschinen, Ger\u00e4ten und Baumaterialien.<\/p>\n<p><strong><a href=\"https:\/\/syfit.de\/produkte\/werkzeugmanagement\/\" target=\"_blank\" rel=\"noopener\">Werkzeugmanagement<\/a><\/strong><br \/>\nSoftwarel\u00f6sung zur Verwaltung von Werkzeugen, Maschinen und Arbeitsger\u00e4ten und Zuordnung zu Personen und Orten wie Baustelleneinrichtungen.<\/p>\n<p><strong><a href=\"https:\/\/syfit.de\/produkte\/betriebsmittelpruefung\/\" target=\"_blank\" rel=\"noopener\">Betriebsmittelpr\u00fcfung<\/a><\/strong><br \/>\nPr\u00fcfsoftware, Verwaltungssoftware und Dokumentationssoftware f\u00fcr die vorgeschriebene regelm\u00e4\u00dfige \u00dcberpr\u00fcfung von Arbeitsmitteln und Betriebsmitteln nach Betriebssicherheitsverordnung (BetrSichV).<\/p>\n<p><strong><a href=\"https:\/\/syfit.de\/produkte\/stellplatzmanagement\/\" target=\"_blank\" rel=\"noopener\">Stellplatzverwaltung<\/a><\/strong><br \/>\nSoftwarel\u00f6sung f\u00fcr die In- und Outdoor Ortung mit aktiver Nachverfolgung von Objekten, Fahrzeugen und Ger\u00e4ten auf gr\u00f6\u00dferen Gel\u00e4nden.<\/p>\n<p><strong><a href=\"https:\/\/syfit.de\/produkte\/fuehrerscheinkontrolle\/\" target=\"_blank\" rel=\"noopener\">F\u00fchrerscheinkontrolle<\/a><\/strong><br \/>\nSoftwarel\u00f6sung f\u00fcr die automatische \u00dcberpr\u00fcfung der gesetzlich vorgeschriebenen Kontrolle \u00fcber die G\u00fcltigkeit der Fahrerlaubnis von Fahrzeugnutzern in einem Fuhrpark.<br \/>\n[\/et_pb_text][\/et_pb_column][\/et_pb_row][et_pb_row column_structure=&#8220;1_3,1_3,1_3&#8243; _builder_version=&#8220;4.16&#8243; custom_padding=&#8220;50px|0px|27px|0px&#8220; global_colors_info=&#8220;{}&#8220;][et_pb_column type=&#8220;1_3&#8243; _builder_version=&#8220;4.16&#8243; custom_padding=&#8220;|||&#8220; global_colors_info=&#8220;{}&#8220; custom_padding__hover=&#8220;|||&#8220;][et_pb_text _builder_version=&#8220;4.16&#8243; text_font=&#8220;Roboto|700|||||||&#8220; text_text_color=&#8220;#323232&#8243; text_font_size=&#8220;40px&#8220; inline_fonts=&#8220;Roboto&#8220; global_colors_info=&#8220;{}&#8220;]<span style=\"color: #696666; font-family: Roboto;\">Kontakt<\/span><br \/>\n[\/et_pb_text][\/et_pb_column][et_pb_column type=&#8220;1_3&#8243; _builder_version=&#8220;4.16&#8243; custom_padding=&#8220;|||&#8220; global_colors_info=&#8220;{}&#8220; custom_padding__hover=&#8220;|||&#8220;][et_pb_text _builder_version=&#8220;4.16&#8243; inline_fonts=&#8220;Roboto&#8220; global_colors_info=&#8220;{}&#8220;]<strong>SYFIT GmbH<br \/>\n<\/strong>Gm\u00fcnder Stra\u00dfe 13<br \/>\n73430 Aalen\/Germany<\/p>\n<p>Tel: +49 (0)7361 97387-00<\/p>\n<p>E-Mail: <a href=\"mailto:kontakt@syfit.de\" target=\"_blank\" rel=\"noopener noreferrer\">kontakt@syfit.de<\/a><br \/>\nInternet: <a href=\"http:\/\/www.syfit.de\" target=\"_blank\" rel=\"noopener noreferrer\">www.syfit.de<\/a><br \/>\n[\/et_pb_text][\/et_pb_column][et_pb_column type=&#8220;1_3&#8243; _builder_version=&#8220;4.16&#8243; custom_padding=&#8220;|||&#8220; global_colors_info=&#8220;{}&#8220; custom_padding__hover=&#8220;|||&#8220;][et_pb_image src=&#8220;https:\/\/www.bvbs.de\/wp-content\/uploads\/2024\/02\/SYFIT_Logo.png&#8220; align_tablet=&#8220;left&#8220; align_phone=&#8220;left&#8220; align_last_edited=&#8220;on|phone&#8220; _builder_version=&#8220;4.27.3&#8243; max_width=&#8220;54%&#8220; hover_enabled=&#8220;0&#8243; always_center_on_mobile=&#8220;on&#8220; global_colors_info=&#8220;{}&#8220; sticky_enabled=&#8220;0&#8243; module_alignment=&#8220;left&#8220; max_width_last_edited=&#8220;on|desktop&#8220; max_width_tablet=&#8220;21%&#8220; max_width_phone=&#8220;21%&#8220;][\/et_pb_image][\/et_pb_column][\/et_pb_row][\/et_pb_section]<\/p>\n","protected":false},"excerpt":{"rendered":"<p>BVBS Mitgliedsunternehmen Allgemeines Die SYFIT GmbH mit Sitz in Aalen auf der schw\u00e4bischen Ostalb ist spezialisiert auf Digitalisierungsl\u00f6sungen f\u00fcr alle Unternehmensgr\u00f6\u00dfen. Seit 2016 entwickelt und vertreibt sie Standard- so wie individuelle Digitalisierungsl\u00f6sungen und Produkte f\u00fcr Unternehmen, welche eine Einsparung bei Prozessen und einen digitalen Mehrwert ihrer Produkte schaffen m\u00f6chten. Mit der cloudbasierten Software-as-a-Service-L\u00f6sung AYE-OT-BOX bietet [&hellip;]<\/p>\n","protected":false},"author":760,"featured_media":0,"parent":0,"menu_order":0,"comment_status":"closed","ping_status":"closed","template":"","meta":{"_et_pb_use_builder":"on","_et_pb_old_content":"","_et_gb_content_width":"","wp_typography_post_enhancements_disabled":false,"footnotes":""},"class_list":["post-9714","page","type-page","status-publish","hentry"],"yoast_head":"<!-- This site is optimized with the Yoast SEO plugin v26.1.1 - https:\/\/yoast.com\/wordpress\/plugins\/seo\/ -->\r\n<title>SYFIT GmbH - BVBS Bundesverband Software und Digitalisierung im Bauwesen e.V.<\/title>\r\n<meta name=\"robots\" content=\"index, follow, max-snippet:-1, max-image-preview:large, max-video-preview:-1\" \/>\r\n<link rel=\"canonical\" href=\"https:\/\/www.bvbs.de\/en\/syfit-gmbh\/\" \/>\r\n<meta property=\"og:locale\" content=\"en_GB\" \/>\r\n<meta property=\"og:type\" content=\"article\" \/>\r\n<meta property=\"og:title\" content=\"SYFIT GmbH - BVBS Bundesverband Software und Digitalisierung im Bauwesen e.V.\" \/>\r\n<meta property=\"og:description\" content=\"BVBS Mitgliedsunternehmen Allgemeines Die SYFIT GmbH mit Sitz in Aalen auf der schw\u00e4bischen Ostalb ist spezialisiert auf Digitalisierungsl\u00f6sungen f\u00fcr alle Unternehmensgr\u00f6\u00dfen. Seit 2016 entwickelt und vertreibt sie Standard- so wie individuelle Digitalisierungsl\u00f6sungen und Produkte f\u00fcr Unternehmen, welche eine Einsparung bei Prozessen und einen digitalen Mehrwert ihrer Produkte schaffen m\u00f6chten. Mit der cloudbasierten Software-as-a-Service-L\u00f6sung AYE-OT-BOX bietet [&hellip;]\" \/>\r\n<meta property=\"og:url\" content=\"https:\/\/www.bvbs.de\/en\/syfit-gmbh\/\" \/>\r\n<meta property=\"og:site_name\" content=\"BVBS Bundesverband Software und Digitalisierung im Bauwesen e.V.\" \/>\r\n<meta property=\"article:modified_time\" content=\"2025-09-25T10:49:10+00:00\" \/>\r\n<meta name=\"twitter:card\" content=\"summary_large_image\" \/>\r\n<meta name=\"twitter:label1\" content=\"Estimated reading time\" \/>\n\t<meta name=\"twitter:data1\" content=\"1 minute\" \/>\r\n<script type=\"application\/ld+json\" class=\"yoast-schema-graph\">{\"@context\":\"https:\/\/schema.org\",\"@graph\":[{\"@type\":\"WebPage\",\"@id\":\"https:\/\/www.bvbs.de\/syfit-gmbh\/\",\"url\":\"https:\/\/www.bvbs.de\/syfit-gmbh\/\",\"name\":\"SYFIT GmbH - BVBS Bundesverband Software und Digitalisierung im Bauwesen e.V.\",\"isPartOf\":{\"@id\":\"https:\/\/www.bvbs.de\/#website\"},\"datePublished\":\"2023-05-23T12:08:47+00:00\",\"dateModified\":\"2025-09-25T10:49:10+00:00\",\"breadcrumb\":{\"@id\":\"https:\/\/www.bvbs.de\/syfit-gmbh\/#breadcrumb\"},\"inLanguage\":\"en-GB\",\"potentialAction\":[{\"@type\":\"ReadAction\",\"target\":[\"https:\/\/www.bvbs.de\/syfit-gmbh\/\"]}]},{\"@type\":\"BreadcrumbList\",\"@id\":\"https:\/\/www.bvbs.de\/syfit-gmbh\/#breadcrumb\",\"itemListElement\":[{\"@type\":\"ListItem\",\"position\":1,\"name\":\"Startseite\",\"item\":\"https:\/\/www.bvbs.de\/\"},{\"@type\":\"ListItem\",\"position\":2,\"name\":\"SYFIT GmbH\"}]},{\"@type\":\"WebSite\",\"@id\":\"https:\/\/www.bvbs.de\/#website\",\"url\":\"https:\/\/www.bvbs.de\/\",\"name\":\"BVBS Bundesverband Software und Digitalisierung im Bauwesen e.V.\",\"description\":\"\",\"publisher\":{\"@id\":\"https:\/\/www.bvbs.de\/#organization\"},\"potentialAction\":[{\"@type\":\"SearchAction\",\"target\":{\"@type\":\"EntryPoint\",\"urlTemplate\":\"https:\/\/www.bvbs.de\/?s={search_term_string}\"},\"query-input\":{\"@type\":\"PropertyValueSpecification\",\"valueRequired\":true,\"valueName\":\"search_term_string\"}}],\"inLanguage\":\"en-GB\"},{\"@type\":\"Organization\",\"@id\":\"https:\/\/www.bvbs.de\/#organization\",\"name\":\"BVBS Bundesverband Software und Digitalisierung im Bauwesen\",\"url\":\"https:\/\/www.bvbs.de\/\",\"logo\":{\"@type\":\"ImageObject\",\"inLanguage\":\"en-GB\",\"@id\":\"https:\/\/www.bvbs.de\/#\/schema\/logo\/image\/\",\"url\":\"https:\/\/www.bvbs.de\/wp-content\/uploads\/2024\/01\/cropped-favicon-bvbs.png\",\"contentUrl\":\"https:\/\/www.bvbs.de\/wp-content\/uploads\/2024\/01\/cropped-favicon-bvbs.png\",\"width\":512,\"height\":512,\"caption\":\"BVBS Bundesverband Software und Digitalisierung im Bauwesen\"},\"image\":{\"@id\":\"https:\/\/www.bvbs.de\/#\/schema\/logo\/image\/\"}}]}<\/script>\r\n<!-- \/ Yoast SEO plugin. -->","yoast_head_json":{"title":"SYFIT GmbH \u2014 BVBS Bun\u00addes\u00adver\u00adband Soft\u00adware und Digi\u00adta\u00adli\u00adsie\u00adrung im Bau\u00adwe\u00adsen e.V.","robots":{"index":"index","follow":"follow","max-snippet":"max-snippet:-1","max-image-preview":"max-image-preview:large","max-video-preview":"max-video-preview:-1"},"canonical":"https:\/\/www.bvbs.de\/en\/syfit-gmbh\/","og_locale":"en_GB","og_type":"article","og_title":"SYFIT GmbH - BVBS Bundesverband Software und Digitalisierung im Bauwesen e.V.","og_description":"BVBS Mitgliedsunternehmen Allgemeines Die SYFIT GmbH mit Sitz in Aalen auf der schw\u00e4bischen Ostalb ist spezialisiert auf Digitalisierungsl\u00f6sungen f\u00fcr alle Unternehmensgr\u00f6\u00dfen. Seit 2016 entwickelt und vertreibt sie Standard- so wie individuelle Digitalisierungsl\u00f6sungen und Produkte f\u00fcr Unternehmen, welche eine Einsparung bei Prozessen und einen digitalen Mehrwert ihrer Produkte schaffen m\u00f6chten. Mit der cloudbasierten Software-as-a-Service-L\u00f6sung AYE-OT-BOX bietet [&hellip;]","og_url":"https:\/\/www.bvbs.de\/en\/syfit-gmbh\/","og_site_name":"BVBS Bundesverband Software und Digitalisierung im Bauwesen e.V.","article_modified_time":"2025-09-25T10:49:10+00:00","twitter_card":"summary_large_image","twitter_misc":{"Estimated reading time":"1 minute"},"schema":{"@context":"https:\/\/schema.org","@graph":[{"@type":"WebPage","@id":"https:\/\/www.bvbs.de\/syfit-gmbh\/","url":"https:\/\/www.bvbs.de\/syfit-gmbh\/","name":"SYFIT GmbH \u2014 BVBS Bun\u00addes\u00adver\u00adband Soft\u00adware und Digi\u00adta\u00adli\u00adsie\u00adrung im Bau\u00adwe\u00adsen e.V.","isPartOf":{"@id":"https:\/\/www.bvbs.de\/#website"},"datePublished":"2023-05-23T12:08:47+00:00","dateModified":"2025-09-25T10:49:10+00:00","breadcrumb":{"@id":"https:\/\/www.bvbs.de\/syfit-gmbh\/#breadcrumb"},"inLanguage":"en-GB","potentialAction":[{"@type":"ReadAction","target":["https:\/\/www.bvbs.de\/syfit-gmbh\/"]}]},{"@type":"BreadcrumbList","@id":"https:\/\/www.bvbs.de\/syfit-gmbh\/#breadcrumb","itemListElement":[{"@type":"ListItem","position":1,"name":"Startseite","item":"https:\/\/www.bvbs.de\/"},{"@type":"ListItem","position":2,"name":"SYFIT GmbH"}]},{"@type":"WebSite","@id":"https:\/\/www.bvbs.de\/#website","url":"https:\/\/www.bvbs.de\/","name":"BVBS Bun\u00addes\u00adver\u00adband Soft\u00adware und Digi\u00adta\u00adli\u00adsie\u00adrung im Bau\u00adwe\u00adsen e.V.","description":"","publisher":{"@id":"https:\/\/www.bvbs.de\/#organization"},"potentialAction":[{"@type":"SearchAction","target":{"@type":"EntryPoint","urlTemplate":"https:\/\/www.bvbs.de\/?s={search_term_string}"},"query-input":{"@type":"PropertyValueSpecification","valueRequired":true,"valueName":"search_term_string"}}],"inLanguage":"en-GB"},{"@type":"Organization","@id":"https:\/\/www.bvbs.de\/#organization","name":"BVBS Bun\u00addes\u00adver\u00adband Soft\u00adware und Digi\u00adta\u00adli\u00adsie\u00adrung im Bauwesen","url":"https:\/\/www.bvbs.de\/","logo":{"@type":"ImageObject","inLanguage":"en-GB","@id":"https:\/\/www.bvbs.de\/#\/schema\/logo\/image\/","url":"https:\/\/www.bvbs.de\/wp-content\/uploads\/2024\/01\/cropped-favicon-bvbs.png","contentUrl":"https:\/\/www.bvbs.de\/wp-content\/uploads\/2024\/01\/cropped-favicon-bvbs.png","width":512,"height":512,"caption":"BVBS Bundesverband Software und Digitalisierung im Bauwesen"},"image":{"@id":"https:\/\/www.bvbs.de\/#\/schema\/logo\/image\/"}}]}},"_links":{"self":[{"href":"https:\/\/www.bvbs.de\/en\/wp-json\/wp\/v2\/pages\/9714","targetHints":{"allow":["GET"]}}],"collection":[{"href":"https:\/\/www.bvbs.de\/en\/wp-json\/wp\/v2\/pages"}],"about":[{"href":"https:\/\/www.bvbs.de\/en\/wp-json\/wp\/v2\/types\/page"}],"author":[{"embeddable":true,"href":"https:\/\/www.bvbs.de\/en\/wp-json\/wp\/v2\/users\/760"}],"replies":[{"embeddable":true,"href":"https:\/\/www.bvbs.de\/en\/wp-json\/wp\/v2\/comments?post=9714"}],"version-history":[{"count":0,"href":"https:\/\/www.bvbs.de\/en\/wp-json\/wp\/v2\/pages\/9714\/revisions"}],"wp:attachment":[{"href":"https:\/\/www.bvbs.de\/en\/wp-json\/wp\/v2\/media?parent=9714"}],"curies":[{"name":"wp","href":"https:\/\/api.w.org\/{rel}","templated":true}]}}